{"id":12453,"date":"2021-03-27T19:17:04","date_gmt":"2021-03-27T19:17:04","guid":{"rendered":"https:\/\/www.ticketswhales.com\/?post_type=product&#038;p=12453"},"modified":"2023-11-07T20:26:43","modified_gmt":"2023-11-07T20:26:43","slug":"los-haitises-tainos-canoe-mountain-bike-tour","status":"publish","type":"product","link":"https:\/\/www.boattoursamana.com\/nb\/omvisning\/los-haitises-tainos-kano-terrengsykkeltur","title":{"rendered":"Terrengsykler + Tainos kano Los Haitises"},"content":{"rendered":"<div class=\"vc_row wpb_row vc_row-fluid\" ><div class=\"wpb_column vc_column_container vc_col-sm-12\"><div class=\"vc_column-inner\"><div class=\"wpb_wrapper\"><div class=\"vc_btn3-container vc_btn3-inline\" ><button class=\"vc_general vc_btn3 vc_btn3-size-md vc_btn3-shape-rounded vc_btn3-style-modern vc_btn3-color-green\">BESTILL N\u00c5<\/button><\/div>\n\t<div class=\"wpb_text_column wpb_content_element\" >\n\t\t<div class=\"wpb_wrapper\">\n\t\t\t<p><span style=\"vertical-align: inherit;\"><span style=\"vertical-align: inherit;\"><\/p>\n\n\t\t<\/div>\n\t<\/div>\n\n\t<div class=\"wpb_text_column wpb_content_element\" >\n\t\t<div class=\"wpb_wrapper\">\n\t\t\t<p><\/span><\/span><\/p>\n<h2>Terrengsykler + Tainos kano Los Haitises<\/h2>\n<p>&nbsp;<\/p>\n<p>Reis med en lokal ekspert og f\u00e5 den unike opplevelsen av \u00e5 sykle med start fra Sabana de la Mar, denne turen tar deg rundt og ser det vakre landskapet p\u00e5 landsbygda i Den dominikanske republikk. Mens du sykler vil du kunne si hei! til b\u00f8ndene som rir p\u00e5 hestene eller motorsykkelen til eiendommen deres, og under turen vil du kunne komme inn i eventyret og den lokale kulturen fra Sabana de la Mar. Noen fakta om Los Haitises: er en av de st\u00f8rste kalksteinsformasjonene i verden, et sted for bevaring av endemiske arter, Plassering med st\u00f8rstedelen av det biologiske mangfoldet p\u00e5 \u00f8ya, det er en av de st\u00f8rste mangroveskogene i Quisqueya og hulen med flest piktogram av Karibien.<\/p>\n<p>Nysgjerrig p\u00e5 hverdagen til Ta\u00ednos? Med Taino Adventure-aktiviteten vil du bli fraktet tilbake i tid for \u00e5 oppleve verden til urbefolkningen i Den dominikanske republikk.<\/p>\n<p>Kanoen var uten tvil den viktigste delen av livet til Ta\u00ednos. Med den fisket de, reiste til mindre \u00f8yer, kommuniserte med andre stammer og bes\u00f8kte sjamaner for ritualer, helbredelse og profetier. Hos Booking Adventures \u00f8nsker vi \u00e5 fordype deg inn i Ta\u00ednos-verdenen.<\/p>\n<p>&nbsp;<\/p>\n<h4><a id=\"inclusions-exclusions\" class=\"aal_anchor\" href=\"https:\/\/bookingadventures.com.do\/dominicantour\/mountain-bikes-tainos-canoe-los-haitises\/#inclusions-exclusions\" aria-hidden=\"true\" rel=\"noopener\"><\/a><b>Inkluderinger og ekskluderinger<\/b><\/h4>\n<p><b>Inkluderinger<\/b><\/p>\n<ol>\n<li>Kanotur<\/li>\n<li>terrengsykler<\/li>\n<li>Gratis T-skjorte med Tainos Pictograph<\/li>\n<li>Casabe br\u00f8d smak<\/li>\n<li>Grotteturer<\/li>\n<li>Alle skatter, avgifter og h\u00e5ndteringskostnader<\/li>\n<li>Lokale skatter<\/li>\n<li>Lokal guide<\/li>\n<\/ol>\n<p><b>Ekskluderinger<\/b><\/p>\n<ol>\n<li>Drikkepenger<\/li>\n<li>Overf\u00f8re<\/li>\n<li>Lunsj er ikke inkludert<\/li>\n<li>Alkoholholdige drinker<\/li>\n<\/ol>\n<p>&nbsp;<\/p>\n<h4><a id=\"departure-return\" class=\"aal_anchor\" href=\"https:\/\/bookingadventures.com.do\/dominicantour\/mountain-bikes-tainos-canoe-los-haitises\/#departure-return\" aria-hidden=\"true\" rel=\"noopener\"><\/a><em><strong>Avreise og retur<\/strong><\/em><\/h4>\n<p>Den reisende vil f\u00e5 et m\u00f8tepunkt etter reservasjonsprosessen. Turer starter og slutter p\u00e5 m\u00f8testedene v\u00e5re.<\/p>\n<h4><a id=\"what-to-expect\" class=\"aal_anchor\" href=\"https:\/\/bookingadventures.com.do\/dominicantour\/mountain-bikes-tainos-canoe-los-haitises\/#what-to-expect\" aria-hidden=\"true\" rel=\"noopener\"><\/a><b><i>Hva \u00e5 forvente?<\/i><\/b><\/h4>\n<p>I denne aktiviteten legger du ut i de h\u00e5ndlagde kanoene, akkurat som Ta\u00ednos gjorde. Du vil h\u00f8re mange av lydene som markerte deres forbindelse med naturen: ropet fra traner, krabbers dykk i vannet og den milde b\u00f8lgeskvulpen mot naturlige fjellformasjoner. Buene til mangrover\u00f8ttene vil minne deg om katedraler, og faktisk var Ta\u00ednos (selv om de ikke hadde kirker) dypt \u00e5ndelige. N\u00e5r du har satt ut med guiden v\u00e5r, vil du nyte det rike utvalget av fugler, krypdyr og fisk i mangrovene. Forbl\u00f8ffet over gnisten fra b\u00f8lgene som blunker i morgenlyset, fjellene i Saman\u00e1 i det fjerne og smaragdgr\u00f8nne i de svaiende palmene.<\/p>\n<p>Deretter vil du kunne bes\u00f8ke noen av hulene som var spesielt viktige for Ta\u00ednos. De reiste fra hule til hule og bes\u00f8kte vise menn, tok ly for orkaner og som m\u00f8tepunkter med andre stammer. N\u00e5r du f\u00f8rst er i hulene, vil du kunne sette pris p\u00e5 stillheten og den hellige auraen i rommet. Du vil se noen av helleristningene, kalt helleristninger, som representerer deres guddommer og \u00e5nder. Til slutt vil du kunne smake p\u00e5 noe av den samme tropiske frukten som Ta\u00ednos samlet f\u00f8r du drar tilbake til m\u00f8tepunktet.<\/p>\n<p>I denne turen vil v\u00e5re ekspertguider beskrive de mange bruksomr\u00e5dene til kanoen, hvordan Ta\u00ednos levde f\u00f8r Columbus tid, og hvordan mangroveskogen er avgj\u00f8rende for helsen til milj\u00f8et.<\/p>\n<p>&nbsp;<\/p>\n<h4><a id=\"what-you-should-bring\" class=\"aal_anchor\" href=\"https:\/\/bookingadventures.com.do\/dominicantour\/mountain-bikes-tainos-canoe-los-haitises\/#what-you-should-bring\" aria-hidden=\"true\" rel=\"noopener\"><\/a><em><strong>Hva b\u00f8r du ta med?<\/strong><\/em><\/h4>\n<ul>\n<li>Kamera<\/li>\n<li>Avvisende knopper<\/li>\n<li>solkrem<\/li>\n<li>Hatt<\/li>\n<li>Komfortable bukser<\/li>\n<li>Sandaler eller sko for gj\u00f8rmete omr\u00e5der.<\/li>\n<li>Badet\u00f8y<\/li>\n<\/ul>\n<p>&nbsp;<\/p>\n<h4><a id=\"hotel-pickup\" class=\"aal_anchor\" href=\"https:\/\/bookingadventures.com.do\/dominicantour\/mountain-bikes-tainos-canoe-los-haitises\/#hotel-pickup\" aria-hidden=\"true\" rel=\"noopener\"><\/a><b><i>Hotellhenting<\/i><\/b><\/h4>\n<p>Hotellhenting tilbys ikke for denne turen.<\/p>\n<p><b>Merk:<\/b>\u00a0hvis du bestiller innen 24 timer etter turens\/utfluktens avgangstid, kan vi ordne hotellhenting med ekstra kostnader. N\u00e5r kj\u00f8pet er fullf\u00f8rt, vil vi sende deg fullstendig kontaktinformasjon (telefonnummer, e-postadresse osv.) slik at v\u00e5r lokale turguide kan organisere hentingsordninger.<\/p>\n<h4><a id=\"additional-info-confirmation\" class=\"aal_anchor\" href=\"https:\/\/bookingadventures.com.do\/dominicantour\/mountain-bikes-tainos-canoe-los-haitises\/#additional-info-confirmation\" aria-hidden=\"true\" rel=\"noopener\"><\/a><b><i>Bekreftelse av tilleggsinformasjon<\/i><\/b><\/h4>\n<ol>\n<li>Billetter er kvitteringen etter \u00e5 ha betalt denne turen. Du kan vise betalingen p\u00e5 telefonen.<\/li>\n<li>M\u00f8tepunkt vil bli mottatt etter reservasjonsprosessen.<\/li>\n<li>Barn m\u00e5 v\u00e6re i f\u00f8lge med en voksen.<\/li>\n<li>Ikke tilgjengelig for rullestolbrukere<\/li>\n<li>Spedbarn m\u00e5 sitte p\u00e5 fanget<\/li>\n<li>Anbefales ikke for reisende med ryggproblemer<\/li>\n<li>Anbefales ikke for gravide reisende<\/li>\n<li>Ingen hjerteproblemer eller andre alvorlige medisinske tilstander<\/li>\n<li>De fleste reisende kan delta<\/li>\n<\/ol>\n\n\t\t<\/div>\n\t<\/div>\n<\/div><\/div><\/div><\/div><div class=\"wpb_column vc_column_container vc_col-sm-12\"><div class=\"vc_column-inner\"><div class=\"wpb_wrapper\"><\/div><\/div><\/div><div class=\"wpb_column vc_column_container vc_col-sm-12\"><div class=\"vc_column-inner\"><div class=\"wpb_wrapper\"><\/div><\/div><\/div><div class=\"wpb_column vc_column_container vc_col-sm-12\"><div class=\"vc_column-inner\"><div class=\"wpb_wrapper\"><\/div><\/div><\/div><div class=\"wpb_column vc_column_container vc_col-sm-12\"><div class=\"vc_column-inner\"><div class=\"wpb_wrapper\"><\/div><\/div><\/div><div class=\"wpb_column vc_column_container vc_col-sm-12\"><div class=\"vc_column-inner\"><div class=\"wpb_wrapper\"><\/div><\/div><\/div>","protected":false},"excerpt":{"rendered":"<p><span style=\"font-weight: 400;\"><span style=\"vertical-align: inherit;\"><span style=\"vertical-align: inherit;\">I denne aktiviteten drar du i h\u00e5ndlagde kanoer, akkurat som Tainos gjorde. Du vil h\u00f8re mange av lydene som markerte deres tilknytning til naturen: ropet fra traner, krabbers dykk i vannet og den milde b\u00f8lgen mot naturlige fjellformasjoner. Buene til mangrover\u00f8ttene vil minne deg om katedraler, og faktisk var Tainos (selv om de ikke hadde kirker) dypt \u00e5ndelige. <\/span><\/span><\/span><\/p>\n<p><span style=\"font-weight: 400;\"><span style=\"vertical-align: inherit;\"><span style=\"vertical-align: inherit;\"> N\u00e5r du har satt ut med guiden v\u00e5r, vil du nyte det rike utvalget av fugler, reptiler og fisk i mangrovene. Ble blendet av gnisten fra b\u00f8lgene som flimrer i morgenlyset, fjellene i Samana i det fjerne og det smaragdgr\u00f8nne fra de svaiende palmene.\u00a0<\/span><\/span><\/span><\/p>\n<p><strong>Velg dato for turen:<\/strong><\/p>","protected":false},"featured_media":12221,"template":"","meta":[],"product_cat":[838,946,867,930,926,254,255],"product_tag":[176,211,868,869,192,319,208,206,207,171,877,209,426,837,327,175,199,200],"class_list":["post-12453","product","type-product","status-publish","has-post-thumbnail","hentry","product_cat-mangroves-projects","product_cat-1-sabana-de-la-mar","product_cat-los-haitises","product_cat-mountain-bike-los-haitises","product_cat-tainos-canoes","product_cat-tours-excursions-los-haitises-national-park","product_cat-tours-excursions-samana-bay-dominican-republic","product_tag-cano-hondo","product_tag-cano-hondo-hotel","product_tag-canoes","product_tag-canoes-dominican-republic","product_tag-day-tour-cano-hondo","product_tag-kayak-dominican-republic","product_tag-kayaking-dominican-republic","product_tag-kayaking-los-haitises","product_tag-kayaks","product_tag-los-haitises","product_tag-los-haitises-mountain-bike","product_tag-los-haitises-national-park","product_tag-los-haitises-tours","product_tag-mangroves-reforestation-in-los-haitises-with-locals","product_tag-private-tours-samana","product_tag-sabana-de-la-mar","product_tag-samana-bay","product_tag-samana-excursions"],"_links":{"self":[{"href":"https:\/\/www.boattoursamana.com\/nb\/wp-json\/wp\/v2\/product\/12453","targetHints":{"allow":["GET"]}}],"collection":[{"href":"https:\/\/www.boattoursamana.com\/nb\/wp-json\/wp\/v2\/product"}],"about":[{"href":"https:\/\/www.boattoursamana.com\/nb\/wp-json\/wp\/v2\/types\/product"}],"wp:featuredmedia":[{"embeddable":true,"href":"https:\/\/www.boattoursamana.com\/nb\/wp-json\/wp\/v2\/media\/12221"}],"wp:attachment":[{"href":"https:\/\/www.boattoursamana.com\/nb\/wp-json\/wp\/v2\/media?parent=12453"}],"wp:term":[{"taxonomy":"product_cat","embeddable":true,"href":"https:\/\/www.boattoursamana.com\/nb\/wp-json\/wp\/v2\/product_cat?post=12453"},{"taxonomy":"product_tag","embeddable":true,"href":"https:\/\/www.boattoursamana.com\/nb\/wp-json\/wp\/v2\/product_tag?post=12453"}],"curies":[{"name":"wp","href":"https:\/\/api.w.org\/{rel}","templated":true}]}}