{"id":12580,"date":"2021-06-29T13:21:51","date_gmt":"2021-06-29T13:21:51","guid":{"rendered":"https:\/\/www.ticketswhales.com\/?post_type=product&#038;p=12580"},"modified":"2023-11-06T15:06:14","modified_gmt":"2023-11-06T15:06:14","slug":"las-terrenas-cayo-levantado-bacardi-island-day-trip-tour","status":"publish","type":"product","link":"https:\/\/www.boattoursamana.com\/nb\/omvisning\/las-terrenas-cayo-levantado-bacardi-oy-dagstur-tur","title":{"rendered":"Las Terrenas Cayo levantado (Bacardi Island) Dagstur"},"content":{"rendered":"<div class=\"vc_row wpb_row vc_row-fluid\" ><div class=\"wpb_column vc_column_container vc_col-sm-12\"><div class=\"vc_column-inner\"><div class=\"wpb_wrapper\"><div class=\"mkdf-section-title-holder\" style=\"text-align: left\">\n\t<div class=\"mkdf-st-inner\">\n\t\t\t\t\t<h5 class=\"mkdf-st-subtitle\" >\n\t\t\t\tLunsj og transport og bading p\u00e5 stranden\t\t\t<\/h5>\n\t\t\t\t\t\t\t<h3 class=\"mkdf-st-title\" >\n\t\t\t\tLas Terrenas Cayo levantado (Bacardi Island) Dagstur\t\t\t<\/h3>\n\t\t\t\t\t<\/div>\n<\/div><\/div><\/div><\/div><\/div><div class=\"vc_row wpb_row vc_row-fluid\" ><div class=\"wpb_column vc_column_container vc_col-sm-12\"><div class=\"vc_column-inner\"><div class=\"wpb_wrapper\"><div class=\"vc_empty_space\"   style=\"height: 32px\"><span class=\"vc_empty_space_inner\"><\/span><\/div><\/div><\/div><\/div><\/div><div class=\"vc_row wpb_row vc_row-fluid\" ><div class=\"wpb_column vc_column_container vc_col-sm-12\"><div class=\"vc_column-inner\"><div class=\"wpb_wrapper\"><div class=\"vc_btn3-container vc_btn3-inline\" ><button class=\"vc_general vc_btn3 vc_btn3-size-md vc_btn3-shape-rounded vc_btn3-style-modern vc_btn3-color-green\">BESTILL N\u00c5<\/button><\/div>\n\t<div class=\"wpb_text_column wpb_content_element\" >\n\t\t<div class=\"wpb_wrapper\">\n\t\t\t<h4><b><i>Oversikt <\/i><\/b><\/h4>\n<p>V\u00e5r <em>dag g\u00e5r<\/em>\u00a0er for alle som \u00f8nsker \u00e5 bruke en\u00a0<em>dag<\/em> p\u00e5 Cayo levantado med transport inkludert fra Las Terrenas Hotels. For \u00e5 bes\u00f8ke en av de vakreste strendene i Den dominikanske republikk. Du er fri til \u00e5 g\u00e5 rundt, bade, slappe av, slappe av, spille volleyball, ta bilder, snorkle, nyte stranden eller bare ligge i skyggen og ta en forfriskende drink (Pi\u00f1a Colada, Coco Loco, Cuba Libre osv.)<\/p>\n<ul>\n<li style=\"font-weight: 400;\"><span style=\"font-weight: 400;\">Inkluderer lunsjbuff\u00e9 p\u00e5 stranden<\/span><\/li>\n<li>En Pina Colada med eller uten alkohol per voksen.<\/li>\n<li>B\u00e5toverf\u00f8ring<\/li>\n<li style=\"font-weight: 400;\"><span style=\"font-weight: 400;\">Kapteinen gir instruksjon og tilsyn<\/span><\/li>\n<\/ul>\n<p>&nbsp;<\/p>\n<h4><b>Inkluderinger og ekskluderinger<\/b><\/h4>\n<p>&nbsp;<\/p>\n<p><b>Inkluderinger<\/b><\/p>\n<ol>\n<li>En Pina Colada med eller uten alkohol per voksen.<\/li>\n<li style=\"font-weight: 400;\"><span style=\"font-weight: 400;\">Buffet lunsj p\u00e5 stranden<\/span><\/li>\n<li style=\"font-weight: 400;\"><span style=\"font-weight: 400;\">Alle skatter, avgifter og h\u00e5ndteringskostnader<\/span><\/li>\n<li>Transport<\/li>\n<li style=\"font-weight: 400;\"><span style=\"font-weight: 400;\">Lokale skatter<\/span><\/li>\n<li style=\"font-weight: 400;\"><span style=\"font-weight: 400;\">Drikkevarer<\/span><\/li>\n<\/ol>\n<p><b> Ekskluderinger<\/b><\/p>\n<ol>\n<li style=\"font-weight: 400;\"><span style=\"font-weight: 400;\">Drikkepenger<\/span><\/li>\n<li style=\"font-weight: 400;\"><span style=\"font-weight: 400;\">Alkoholholdige drinker<\/span><\/li>\n<li>Lokal guide<\/li>\n<\/ol>\n<p>&nbsp;<\/p>\n<h4><em><strong>Avreise og retur<\/strong><\/em><\/h4>\n<p><span style=\"font-weight: 400;\">Den reisende vil f\u00e5 et m\u00f8tepunkt etter reservasjonsprosessen. Turer starter og slutter i m\u00f8testedene v\u00e5re.<\/span><\/p>\n<p>&nbsp;<\/p>\n<h4><b><i>Hva \u00e5 forvente?<\/i><\/b><\/h4>\n<p>&nbsp;<\/p>\n<p><em><strong>Skaff deg billetter<\/strong><\/em> for et dagspass p\u00e5 Bacardi-\u00f8ya (Cayo Levantado) i Samana pluss en herlig lunsj og strandtid fra Las Terrenas Hotels eller Airbnb-sted.<\/p>\n<p><span style=\"font-weight: 400;\">Dagspasset, organisert av &quot;Booking Adventures&quot; starter p\u00e5 m\u00f8tepunktet som er satt med turguiden. <\/span>Lunsj p\u00e5 stranden og du kan bli s\u00e5 lenge du vil sv\u00f8mme rundt. Hvis du er veganer, kan vi ogs\u00e5 lage mat til deg.<\/p>\n<p><strong>Rutetabell:<\/strong><\/p>\n<p>06:45 \u2013 16:30<\/p>\n<p>&nbsp;<\/p>\n<h4><em><strong>Hva b\u00f8r du ta med?<\/strong><\/em><\/h4>\n<ul>\n<li style=\"font-weight: 400;\"><span style=\"font-weight: 400;\">Kamera<\/span><\/li>\n<li style=\"font-weight: 400;\"><span style=\"font-weight: 400;\">Avvisende knopper<\/span><\/li>\n<li style=\"font-weight: 400;\"><span style=\"font-weight: 400;\">solkrem<\/span><\/li>\n<li style=\"font-weight: 400;\"><span style=\"font-weight: 400;\">Hatt<\/span><\/li>\n<li style=\"font-weight: 400;\"><span style=\"font-weight: 400;\">Komfortable bukser<\/span><\/li>\n<li style=\"font-weight: 400;\"><span style=\"font-weight: 400;\">Tursko for skog<\/span><\/li>\n<li style=\"font-weight: 400;\"><span style=\"font-weight: 400;\">Sandaler til stranden<\/span><\/li>\n<li style=\"font-weight: 400;\"><span style=\"font-weight: 400;\">Badet\u00f8y<\/span><\/li>\n<li>Kontanter for suvenirer<\/li>\n<\/ul>\n<p>&nbsp;<\/p>\n<h4><b><i>Hotellhenting <\/i><\/b><\/h4>\n<p><span style=\"font-weight: 400;\">Henting p\u00e5 hotell eller Airbnb tilbys for denne turen. <\/span><\/p>\n<p>&nbsp;<\/p>\n<p><b>Merk:<\/b><span style=\"font-weight: 400;\"> hvis du bestiller innen 24 timer etter turens\/utfluktens avgangstid, kan vi ordne hotellhenting med ekstra kostnader. N\u00e5r kj\u00f8pet er fullf\u00f8rt, vil vi sende deg fullstendig kontaktinformasjon (telefonnummer, e-postadresse osv.) slik at v\u00e5r lokale turguide kan organisere hentingsordninger.<\/span><\/p>\n<h4><b><i>Bekreftelse av tilleggsinformasjon <\/i><\/b><\/h4>\n<ol>\n<li>Billetter er kvitteringen etter \u00e5 ha betalt denne turen. Du kan vise betalingen p\u00e5 telefonen.<\/li>\n<li style=\"font-weight: 400;\"><span style=\"font-weight: 400;\">M\u00f8tepunkt vil bli mottatt etter reservasjonsprosessen.<\/span><\/li>\n<li style=\"font-weight: 400;\"><span style=\"font-weight: 400;\">Barn m\u00e5 v\u00e6re i f\u00f8lge med en voksen.<\/span><\/li>\n<li style=\"font-weight: 400;\"><span style=\"font-weight: 400;\">tilgjengelig for rullestol <\/span><\/li>\n<li style=\"font-weight: 400;\"><span style=\"font-weight: 400;\">Spedbarn m\u00e5 sitte p\u00e5 fanget <\/span><\/li>\n<li style=\"font-weight: 400;\"><span style=\"font-weight: 400;\">De fleste reisende kan delta<\/span><\/li>\n<\/ol>\n<h4><b><i>Avbestillingsregler<\/i><\/b><\/h4>\n<p>For full refusjon, vennligst les v\u00e5re avbestillingsregler\u00a0<a href=\"https:\/\/www.boattoursamana.com\/nb\/online-booking\/\" target=\"_blank\" rel=\"noopener\" data-saferedirecturl=\"https:\/\/www.google.com\/url?q=https:\/\/www.boattoursamana.com\/online-booking\/&amp;source=gmail&amp;ust=1672449202351000&amp;usg=AOvVaw1yAeVAPktmaVCqDujgUn90\">Klikk her<\/a>. Midler vil g\u00e5 tapt dersom reservasjonen kanselleres samme dag p\u00e5 reisen.<\/p>\n\n\t\t<\/div>\n\t<\/div>\n<\/div><\/div><\/div><\/div><div class=\"wpb_column vc_column_container vc_col-sm-12\"><div class=\"vc_column-inner\"><div class=\"wpb_wrapper\"><\/div><\/div><\/div><div class=\"vc_empty_space\"   style=\"height: 32px\"><span class=\"vc_empty_space_inner\"><\/span><\/div><div class=\"wpb_column vc_column_container vc_col-sm-12\"><div class=\"vc_column-inner\"><div class=\"wpb_wrapper\"><\/div><\/div><\/div>","protected":false},"excerpt":{"rendered":"<p>Dagstur til Bacardi Island Beach (Cayo Levantado)! Skaff deg billetter og spis lunsj p\u00e5 stranden. Overf\u00f8r med b\u00e5t eller katamaran hver dag til Bacardi Island. Bes\u00f8k Samana Bay og bestill dette tilbudet i dag.<\/p>\n<p><strong>Velg dato for turen:<\/strong><\/p>","protected":false},"featured_media":11677,"template":"","meta":[],"product_cat":[255,655,170,160,253,254],"product_tag":[184,183,328,311,898,177,186,199,200,187],"class_list":["post-12580","product","type-product","status-publish","has-post-thumbnail","hentry","product_cat-tours-excursions-samana-bay-dominican-republic","product_cat-1-samana","product_cat-local-tour-guides","product_cat-lunch","product_cat-tours-and-excursions","product_cat-tours-excursions-los-haitises-national-park","product_tag-bacardi-island","product_tag-beach-time","product_tag-cayo-levantado-day-pass","product_tag-cayo-levantado-tour","product_tag-las-terrenas-cayo-levantado-bacardi-island-day-trip-tour","product_tag-locals-guides","product_tag-samana","product_tag-samana-bay","product_tag-samana-excursions","product_tag-samana-tours"],"_links":{"self":[{"href":"https:\/\/www.boattoursamana.com\/nb\/wp-json\/wp\/v2\/product\/12580","targetHints":{"allow":["GET"]}}],"collection":[{"href":"https:\/\/www.boattoursamana.com\/nb\/wp-json\/wp\/v2\/product"}],"about":[{"href":"https:\/\/www.boattoursamana.com\/nb\/wp-json\/wp\/v2\/types\/product"}],"wp:featuredmedia":[{"embeddable":true,"href":"https:\/\/www.boattoursamana.com\/nb\/wp-json\/wp\/v2\/media\/11677"}],"wp:attachment":[{"href":"https:\/\/www.boattoursamana.com\/nb\/wp-json\/wp\/v2\/media?parent=12580"}],"wp:term":[{"taxonomy":"product_cat","embeddable":true,"href":"https:\/\/www.boattoursamana.com\/nb\/wp-json\/wp\/v2\/product_cat?post=12580"},{"taxonomy":"product_tag","embeddable":true,"href":"https:\/\/www.boattoursamana.com\/nb\/wp-json\/wp\/v2\/product_tag?post=12580"}],"curies":[{"name":"wp","href":"https:\/\/api.w.org\/{rel}","templated":true}]}}