{"id":12669,"date":"2021-08-14T05:05:18","date_gmt":"2021-08-14T05:05:18","guid":{"rendered":"https:\/\/www.ticketswhales.com\/?post_type=product&#038;p=12669"},"modified":"2023-11-06T13:42:09","modified_gmt":"2023-11-06T13:42:09","slug":"los-haitises-boat-private-trip-from-la-romana","status":"publish","type":"product","link":"https:\/\/www.boattoursamana.com\/nb\/omvisning\/los-haitises-bat-privat-tur-fra-la-romana","title":{"rendered":"Los Haitises B\u00e5t Privat tur \u2013 Fra La Romana"},"content":{"rendered":"<div class=\"vc_row wpb_row vc_row-fluid\" ><div class=\"wpb_column vc_column_container vc_col-sm-12\"><div class=\"vc_column-inner\"><div class=\"wpb_wrapper\"><div class=\"mkdf-section-title-holder\" style=\"text-align: left\">\n\t<div class=\"mkdf-st-inner\">\n\t\t\t\t\t<h5 class=\"mkdf-st-subtitle\" >\n\t\t\t\tMangrover, lokale guider og grotter\t\t\t<\/h5>\n\t\t\t\t\t\t\t<h3 class=\"mkdf-st-title\" >\n\t\t\t\tLos Haitises B\u00e5t Privat tur - Fra La Romana\t\t\t<\/h3>\n\t\t\t\t\t<\/div>\n<\/div><\/div><\/div><\/div><\/div><div class=\"vc_row wpb_row vc_row-fluid\" ><div class=\"wpb_column vc_column_container vc_col-sm-12\"><div class=\"vc_column-inner\"><div class=\"wpb_wrapper\"><div class=\"vc_btn3-container vc_btn3-inline\" ><button class=\"vc_general vc_btn3 vc_btn3-size-md vc_btn3-shape-rounded vc_btn3-style-modern vc_btn3-color-green\">BESTILL N\u00c5<\/button><\/div>\n\t<div class=\"wpb_text_column wpb_content_element\" >\n\t\t<div class=\"wpb_wrapper\">\n\t\t\t<h4><b><i>Oversikt <\/i><\/b><\/h4>\n<p>Hvis du er i La Romana, velg en privat normal tur til Los Haitises nasjonalpark. Bli med oss og bes\u00f8k den vakreste nasjonalparken i Den dominikanske republikk, bes\u00f8k mangrover, grotter og San Lorenzo Bay. Etter privat transport fra Bayahibe, starter denne private b\u00e5tturen fra Sabana de la Mar-samfunnet som l\u00e6rer om historien til Sabana de la Mar.<\/p>\n<ul>\n<li style=\"font-weight: 400;\">Avgifter inkludert<\/li>\n<li style=\"font-weight: 400;\"><span style=\"font-weight: 400;\">Veilederen gir instruksjon og veiledning<\/span><\/li>\n<li>Lunsj<\/li>\n<\/ul>\n<p>&nbsp;<\/p>\n<h4><b>Inkluderinger og ekskluderinger<\/b><\/h4>\n<p>&nbsp;<\/p>\n<p><b>Inkluderinger<\/b><\/p>\n<ol>\n<li style=\"font-weight: 400;\">Los Haitises-tur + grotter og piktografer<\/li>\n<li style=\"font-weight: 400;\"><span style=\"font-weight: 400;\">Alle skatter, avgifter og h\u00e5ndteringskostnader<\/span><\/li>\n<li style=\"font-weight: 400;\"><span style=\"font-weight: 400;\">Lokale skatter<\/span><\/li>\n<li style=\"font-weight: 400;\"><span style=\"font-weight: 400;\">Alle aktiviteter<\/span><\/li>\n<li style=\"font-weight: 400;\"><span style=\"font-weight: 400;\">Lokal guide<\/span><\/li>\n<li>Transport inkludert<\/li>\n<\/ol>\n<p><b> Ekskluderinger<\/b><\/p>\n<ol>\n<li style=\"font-weight: 400;\"><span style=\"font-weight: 400;\">Drikkepenger<\/span><\/li>\n<li style=\"font-weight: 400;\"><span style=\"font-weight: 400;\">Alkoholholdige drinker<\/span><\/li>\n<\/ol>\n<p>&nbsp;<\/p>\n<h4><em><strong>Avreise og retur<\/strong><\/em><\/h4>\n<p><span style=\"font-weight: 400;\">Den reisende vil f\u00e5 et m\u00f8tepunkt etter reservasjonsprosessen. Turer starter og slutter p\u00e5 m\u00f8testedene v\u00e5re.<\/span><\/p>\n<p>&nbsp;<\/p>\n<h4><b><i>Hva \u00e5 forvente?<\/i><\/b><\/h4>\n<p>&nbsp;<\/p>\n<p><em><strong>Skaff deg billetter<\/strong><\/em> for \u00e5 bes\u00f8ke Los Haitises nasjonalpark fra<strong> La Romana<\/strong> med transport inkludert med Caves, Mangroves og San Lorenzo Bay.<\/p>\n<p>Laveste pris \u00e5 bes\u00f8ke <strong>Los Haitises nasjonalpark<\/strong> fra <strong>Hoteller i La Romana<\/strong> eller Airbnb med lokalbefolkningen.<\/p>\n<p>Etter at vi starter fra hovedhavnen i Los Haitises nasjonalpark, heter Ca\u00f1o Hondo (Deep Creek) p\u00e5 en B\u00c5T med redningsvester. Vi vil nyte Red Mangroves-skogen til vi ankommer San Lorenzo Bay. Liten bukt inn til Saman\u00e1-bukten. Og her g\u00e5r vi! Den f\u00f8rste fantastiske tingen du kan se er samlingen av en enorm kalksteinsfjell\u00f8y kalt Mogotes. p\u00e5 toppen av dem mer enn 700 arter av planter og mange v\u00e5tmarksfugler som flyr rundt. Senere bes\u00f8ker grotter med piktogrammer fra v\u00e5re urbefolkningssamfunn for 750 \u00e5r siden.<\/p>\n<p>Gjennom mangrovene og land ved den \u00e5pne San Lorenzo-bukten, hvorfra du kan fotografere det robuste skogslandskapet. Se til vannet for \u00e5 f\u00e5 \u00f8ye p\u00e5 <em><strong>Manater<\/strong><\/em>, krepsdyr og <em><strong>delfiner.<\/strong><\/em><\/p>\n<div class=\"body-description secondary\">\n<p>Nasjonalparkens navn kommer fra dens opprinnelige innbyggere, Taino-indianerne. P\u00e5 deres spr\u00e5k oversettes &quot;haitises&quot; til h\u00f8yland eller \u00e5ser, en referanse til kystlinjens bratte geologiske formasjoner med kalksteiner. G\u00e5 dypere inn i parken for \u00e5 utforske grotter som Cueva San Gabriel, <em><strong>Cueva de la Arena<\/strong><\/em> og <strong><em>Cueva de la Linea.<\/em><\/strong> Grotter i reservatet ble brukt som ly av Taino-indianerne og senere ved \u00e5 skjule pirater. Se etter tegninger av indianere som dekorerer noen av veggene. Etter \u00e5 ha bes\u00f8kt Los Haitises nasjonalpark g\u00e5r vi tilbake til havnen der turen startet.<\/p>\n<\/div>\n<p>&nbsp;<\/p>\n<h4><em><strong>Hva b\u00f8r du ta med?<\/strong><\/em><\/h4>\n<ul>\n<li style=\"font-weight: 400;\"><span style=\"font-weight: 400;\">Kamera<\/span><\/li>\n<li style=\"font-weight: 400;\"><span style=\"font-weight: 400;\">Avvisende knopper<\/span><\/li>\n<li style=\"font-weight: 400;\"><span style=\"font-weight: 400;\">solkrem<\/span><\/li>\n<li style=\"font-weight: 400;\"><span style=\"font-weight: 400;\">Hatt<\/span><\/li>\n<li style=\"font-weight: 400;\"><span style=\"font-weight: 400;\">Komfortable bukser<\/span><\/li>\n<li style=\"font-weight: 400;\"><span style=\"font-weight: 400;\">Tursko for skog<\/span><\/li>\n<li style=\"font-weight: 400;\"><span style=\"font-weight: 400;\">Sandaler til v\u00e5romr\u00e5dene.<\/span><\/li>\n<li style=\"font-weight: 400;\"><span style=\"font-weight: 400;\">Badet\u00f8y<\/span><\/li>\n<\/ul>\n<p>&nbsp;<\/p>\n<h4><b><i>Hotellhenting <\/i><\/b><\/h4>\n<p><span style=\"font-weight: 400;\">Hotellhenting tilbys hvis du er i La Romana.<\/span><\/p>\n<p>&nbsp;<\/p>\n<p><b>Merk:<\/b><span style=\"font-weight: 400;\"> hvis du bestiller innen 24 timer etter turens\/utfluktens avgangstid, kan vi arrangere hotellhenting med ekstra kostnader hvis du ikke er p\u00e5 La Romana-hoteller. N\u00e5r kj\u00f8pet er fullf\u00f8rt, vil vi sende deg fullstendig kontaktinformasjon (telefonnummer, e-postadresse osv.) slik at v\u00e5r lokale turguide kan organisere hentingsordninger.<\/span><\/p>\n<h4><b><i>Bekreftelse av tilleggsinformasjon <\/i><\/b><\/h4>\n<ol>\n<li>Billetter er kvitteringen etter \u00e5 ha betalt denne turen. Du kan vise betalingen p\u00e5 telefonen.<\/li>\n<li style=\"font-weight: 400;\"><span style=\"font-weight: 400;\">M\u00f8tepunkt vil bli mottatt etter reservasjonsprosessen.<\/span><\/li>\n<li style=\"font-weight: 400;\"><span style=\"font-weight: 400;\">Barn m\u00e5 v\u00e6re i f\u00f8lge med en voksen.<\/span><\/li>\n<li style=\"font-weight: 400;\"><span style=\"font-weight: 400;\"> Ikke tilgjengelig for rullestolbrukere <\/span><\/li>\n<li style=\"font-weight: 400;\"><span style=\"font-weight: 400;\">Spedbarn m\u00e5 sitte p\u00e5 fanget <\/span><\/li>\n<li style=\"font-weight: 400;\"><span style=\"font-weight: 400;\">Anbefales ikke for reisende med ryggproblemer<\/span><\/li>\n<li style=\"font-weight: 400;\"><span style=\"font-weight: 400;\">Anbefales ikke for gravide reisende <\/span><\/li>\n<li style=\"font-weight: 400;\"><span style=\"font-weight: 400;\"> Ingen hjerteproblemer eller andre alvorlige medisinske tilstander <\/span><\/li>\n<li style=\"font-weight: 400;\"><span style=\"font-weight: 400;\">De fleste reisende kan delta<\/span><\/li>\n<\/ol>\n<h4><b><i>Avbestillingsregler<\/i><\/b><\/h4>\n<p>For full refusjon, vennligst les v\u00e5re avbestillingsregler\u00a0<a href=\"https:\/\/www.boattoursamana.com\/nb\/online-booking\/\" target=\"_blank\" rel=\"noopener\" data-saferedirecturl=\"https:\/\/www.google.com\/url?q=https:\/\/www.boattoursamana.com\/online-booking\/&amp;source=gmail&amp;ust=1672449202351000&amp;usg=AOvVaw1yAeVAPktmaVCqDujgUn90\">Klikk her<\/a>. Midler vil g\u00e5 tapt dersom reservasjonen kanselleres samme dag p\u00e5 reisen.<\/p>\n\n\t\t<\/div>\n\t<\/div>\n<\/div><\/div><\/div><\/div><div class=\"vc_row wpb_row vc_row-fluid\" ><div class=\"wpb_column vc_column_container vc_col-sm-12\"><div class=\"vc_column-inner\"><div class=\"wpb_wrapper\"><div class=\"vc_empty_space\"   style=\"height: 32px\"><span class=\"vc_empty_space_inner\"><\/span><\/div>\n\t<div class=\"wpb_text_column wpb_content_element\" >\n\t\t<div class=\"wpb_wrapper\">\n\t\t\t<h4>Kontakt oss?<\/h4>\n<h5>Booking Adventures<\/h5>\n<p><em><strong>Lokalbefolkningen<\/strong>\u00a0og\u00a0<strong>Nationals<\/strong>\u00a0Turguider og gjestetjenester<\/em><\/p>\n<p><span class=\"text-turquoise\">Reservasjoner:<\/span>\u00a0Turer og utflukter i Dom. Rep.<\/p>\n<p><img decoding=\"async\" class=\"emoji\" draggable=\"false\" src=\"https:\/\/s.w.org\/images\/core\/emoji\/11.2.0\/svg\/1f4de.svg\" alt=\"\ud83d\udcde\" title=\"\">\u00a0Tlf \/ Whatsapp\u00a0\u00a0<a href=\"tel:+1-809-720-6035\">+1-809-720-6035<\/a>.<\/p>\n<p><img decoding=\"async\" class=\"emoji\" draggable=\"false\" src=\"https:\/\/s.w.org\/images\/core\/emoji\/11.2.0\/svg\/1f4e9.svg\" alt=\"\ud83d\udce9\" title=\"\">\u00a0<a href=\"mailto:info@bookingadventures.com.do\">info@bookingadventures.com.do<\/a><\/p>\n<p><strong>Vi er fleksible med private turer av Whatsapp:\u00a0<a href=\"tel:+18097206035\">+18097206035.<\/a><\/strong><\/p>\n\n\t\t<\/div>\n\t<\/div>\n<div class=\"vc_empty_space\"   style=\"height: 32px\"><span class=\"vc_empty_space_inner\"><\/span><\/div><\/div><\/div><\/div><\/div><div class=\"vc_row wpb_row vc_row-fluid\" ><div class=\"wpb_column vc_column_container vc_col-sm-12\"><div class=\"vc_column-inner\"><div class=\"wpb_wrapper\"><div class=\"mkdf-section-title-holder\" style=\"text-align: left\">\n\t<div class=\"mkdf-st-inner\">\n\t\t\t\t\t<h5 class=\"mkdf-st-subtitle\" >\n\t\t\t\tTurer og utflukter rundt Cano Hondo\t\t\t<\/h5>\n\t\t\t\t\t\t\t<h3 class=\"mkdf-st-title\" >\n\t\t\t\tCano Hondo-utflukter\t\t\t<\/h3>\n\t\t\t\t\t\t\t<p class=\"mkdf-st-text\" >\n\t\t\t\tAndre alternativer for turer og utflukter i Cano Hondo-omr\u00e5det. Sabana de la mar, Republica Dominicana.\t\t\t<\/p>\n\t\t\t<\/div>\n<\/div><div class=\"vc_btn3-container vc_btn3-inline\" ><button class=\"vc_general vc_btn3 vc_btn3-size-md vc_btn3-shape-rounded vc_btn3-style-modern vc_btn3-color-green\">BESTILL N\u00c5<\/button><\/div><div class=\"woocommerce columns-4\"><ul class=\"products columns-4\">\n<li class=\"product type-product post-8237 status-publish first instock product_cat-tours-excursions-los-haitises-national-park product_cat-1-sabana-de-la-mar product_cat-caves product_cat-hiking product_cat-kayaking product_cat-kayaking-los-haitises product_cat-local-tour-guides product_cat-mangroves product_cat-swimming-natural-springs product_cat-tours-and-excursions product_cat-tours-excursions-samana-bay-dominican-republic product_tag-cano-hondo product_tag-cano-hondo-hotel product_tag-cano-hondo-river product_tag-day-tour-cano-hondo product_tag-kayak-dominican-republic product_tag-kayak-los-haitises product_tag-kayak-tour product_tag-kayaking product_tag-los-haitises product_tag-los-haitises-national-park product_tag-sabana-de-la-mar product_tag-samana-excursions product_tag-samana-tours has-post-thumbnail sale shipping-taxable product-type-external\">\n\t<div class=\"mkdf-pl-inner\"><div class=\"mkdf-pl-image\"><div class=\"mkdf-pl-text\"><div class=\"mkdf-pl-text-outer\"><div class=\"mkdf-pl-text-inner\"><a href=\"https:\/\/bookingadventures.tours\/booking.php?tour_id=76244158e4bf48f84872b711d82fa754\" data-quantity=\"1\" class=\"button wp-element-button product_type_external\" data-product_id=\"8237\" data-product_sku=\"\" aria-label=\"BESTILL N\u00c5\" rel=\"nofollow noopener\">BESTILL N\u00c5<\/a><\/div><\/div><\/div><\/div><a href=\"https:\/\/www.boattoursamana.com\/nb\/omvisning\/kayaking-in-los-haitises-with-tour-guide-from-cano-hondo-2\" class=\"woocommerce-LoopProduct-link woocommerce-loop-product__link\"><\/a><\/div><div class=\"mkdf-pl-text-wrapper\"><div class=\"mkdf-pl-rating-holder\"><\/div><h4 class=\"mkdf-product-list-title\"><a href=\"https:\/\/www.boattoursamana.com\/nb\/omvisning\/kayaking-in-los-haitises-with-tour-guide-from-cano-hondo-2\">2 timer kajakk Los Haitises<\/a><\/h4>\n\t<span class=\"price\"><del aria-hidden=\"true\"><span class=\"woocommerce-Price-amount amount\"><bdi><span class=\"woocommerce-Price-currencySymbol\">&#36;<\/span>59.00<\/bdi><\/span><\/del> <ins><span class=\"woocommerce-Price-amount amount\"><bdi><span class=\"woocommerce-Price-currencySymbol\">&#36;<\/span>43.50<\/bdi><\/span><\/ins><\/span>\n<\/div><\/li><li class=\"product type-product post-8855 status-publish instock product_cat-kayaking product_cat-1-sabana-de-la-mar product_cat-kayaking-los-haitises product_cat-tours-excursions-los-haitises-national-park product_cat-tours-excursions-samana-bay-dominican-republic product_tag-cano-hondo product_tag-cano-hondo-hotel product_tag-day-tour-cano-hondo product_tag-kayak-dominican-republic product_tag-kayaking-dominican-republic product_tag-kayaking-los-haitises product_tag-kayaks product_tag-los-haitises product_tag-los-haitises-national-park product_tag-los-haitises-tours product_tag-private-tours-samana product_tag-sabana-de-la-mar product_tag-samana-bay product_tag-samana-excursions has-post-thumbnail sale sold-individually shipping-taxable product-type-external\">\n\t<div class=\"mkdf-pl-inner\"><div class=\"mkdf-pl-image\"><div class=\"mkdf-pl-text\"><div class=\"mkdf-pl-text-outer\"><div class=\"mkdf-pl-text-inner\"><a href=\"https:\/\/bookingadventures.tours\/booking.php?tour_id=a9cb493d865c3629426ab07d6bacff97\" data-quantity=\"1\" class=\"button wp-element-button product_type_external\" data-product_id=\"8855\" data-product_sku=\"\" aria-label=\"BESTILL N\u00c5\" rel=\"nofollow noopener\">BESTILL N\u00c5<\/a><\/div><\/div><\/div><\/div><a href=\"https:\/\/www.boattoursamana.com\/nb\/omvisning\/kajakkpadling-i-los-haitises-med-reiseleder-fra-cano-hondo-4-timer\" class=\"woocommerce-LoopProduct-link woocommerce-loop-product__link\"><\/a><\/div><div class=\"mkdf-pl-text-wrapper\"><div class=\"mkdf-pl-rating-holder\"><\/div><h4 class=\"mkdf-product-list-title\"><a href=\"https:\/\/www.boattoursamana.com\/nb\/omvisning\/kajakkpadling-i-los-haitises-med-reiseleder-fra-cano-hondo-4-timer\">4 timer kajakk Los Haitises<\/a><\/h4>\n\t<span class=\"price\"><del aria-hidden=\"true\"><span class=\"woocommerce-Price-amount amount\"><bdi><span class=\"woocommerce-Price-currencySymbol\">&#36;<\/span>70.00<\/bdi><\/span><\/del> <ins><span class=\"woocommerce-Price-amount amount\"><bdi><span class=\"woocommerce-Price-currencySymbol\">&#36;<\/span>53.50<\/bdi><\/span><\/ins><\/span>\n<\/div><\/li><li class=\"product type-product post-9453 status-publish instock product_cat-1-sabana-de-la-mar product_cat-lunch product_cat-natural-pools-los-haitises product_cat-uncategorized product_tag-altos-cano-hondo product_tag-cano-hondo product_tag-cano-hondo-day-pass product_tag-cano-hondo-sabana-de-la-mar product_tag-los-haitises product_tag-los-haitises-national-park product_tag-los-haitises-tours product_tag-paraiso-cano-hondo product_tag-parque-los-haitises product_tag-sabana-de-la-mar product_tag-samana product_tag-samana-tours has-post-thumbnail sale sold-individually shipping-taxable product-type-external\">\n\t<div class=\"mkdf-pl-inner\"><div class=\"mkdf-pl-image\"><div class=\"mkdf-pl-text\"><div class=\"mkdf-pl-text-outer\"><div class=\"mkdf-pl-text-inner\"><a href=\"https:\/\/bookingadventures.tours\/booking.php?tour_id=3719146a2c28905b1a2543d5d4629073\" data-quantity=\"1\" class=\"button wp-element-button product_type_external\" data-product_id=\"9453\" data-product_sku=\"\" aria-label=\"BESTILL N\u00c5\" rel=\"nofollow noopener\">BESTILL N\u00c5<\/a><\/div><\/div><\/div><\/div><a href=\"https:\/\/www.boattoursamana.com\/nb\/omvisning\/dagspass-cano-hondo-naturlige-bassenger-lunsj-inkludert\" class=\"woocommerce-LoopProduct-link woocommerce-loop-product__link\"><\/a><\/div><div class=\"mkdf-pl-text-wrapper\"><div class=\"mkdf-pl-rating-holder\"><\/div><h4 class=\"mkdf-product-list-title\"><a href=\"https:\/\/www.boattoursamana.com\/nb\/omvisning\/dagspass-cano-hondo-naturlige-bassenger-lunsj-inkludert\">Dagspass Ca\u00f1o Hondo \u2013 Naturlige bassenger og lunsj inkludert<\/a><\/h4>\n\t<span class=\"price\"><del aria-hidden=\"true\"><span class=\"woocommerce-Price-amount amount\"><bdi><span class=\"woocommerce-Price-currencySymbol\">&#36;<\/span>40.00<\/bdi><\/span><\/del> <ins><span class=\"woocommerce-Price-amount amount\"><bdi><span class=\"woocommerce-Price-currencySymbol\">&#36;<\/span>25.00<\/bdi><\/span><\/ins><\/span>\n<\/div><\/li><li class=\"product type-product post-8219 status-publish last instock product_cat-tours-excursions-samana-bay-dominican-republic product_cat-1-samana product_cat-boat-trip-los-haitises product_cat-caves product_cat-hiking product_cat-kayaking product_cat-local-tour-guides product_cat-lunch product_cat-mangroves product_cat-natural-pools-los-haitises product_cat-swimming-natural-springs product_cat-tours-and-excursions product_cat-tours-excursions-los-haitises-national-park product_tag-cano-hondo product_tag-cano-hondo-hotel product_tag-cano-hondo-tours product_tag-day-tour-cano-hondo product_tag-los-haitises product_tag-los-haitises-national-park product_tag-mangroves-los-haitises product_tag-samana-bay product_tag-samana-excursions product_tag-samana-tours has-post-thumbnail sale sold-individually shipping-taxable product-type-external\">\n\t<div class=\"mkdf-pl-inner\"><div class=\"mkdf-pl-image\"><div class=\"mkdf-pl-text\"><div class=\"mkdf-pl-text-outer\"><div class=\"mkdf-pl-text-inner\"><a href=\"https:\/\/bookingadventures.tours\/booking.php?tour_id=115599b2f3856c5f8f20eead7f885855\" data-quantity=\"1\" class=\"button wp-element-button product_type_external\" data-product_id=\"8219\" data-product_sku=\"\" aria-label=\"BESTILL N\u00c5\" rel=\"nofollow noopener\">BESTILL N\u00c5<\/a><\/div><\/div><\/div><\/div><a href=\"https:\/\/www.boattoursamana.com\/nb\/omvisning\/los-haitises-national-park-lunch-at-cano-hondo-from-samana-port\" class=\"woocommerce-LoopProduct-link woocommerce-loop-product__link\"><\/a><\/div><div class=\"mkdf-pl-text-wrapper\"><div class=\"mkdf-pl-rating-holder\"><\/div><h4 class=\"mkdf-product-list-title\"><a href=\"https:\/\/www.boattoursamana.com\/nb\/omvisning\/los-haitises-national-park-lunch-at-cano-hondo-from-samana-port\">Los Haitises nasjonalpark + lunsj p\u00e5 Ca\u00f1o Hondo fra Saman\u00e1 havn.<\/a><\/h4>\n\t<span class=\"price\"><del aria-hidden=\"true\"><span class=\"woocommerce-Price-amount amount\"><bdi><span class=\"woocommerce-Price-currencySymbol\">&#36;<\/span>150.00<\/bdi><\/span><\/del> <ins><span class=\"woocommerce-Price-amount amount\"><bdi><span class=\"woocommerce-Price-currencySymbol\">&#36;<\/span>97.50<\/bdi><\/span><\/ins><\/span>\n<\/div><\/li><\/ul>\n<\/div><\/div><\/div><\/div><\/div><div class=\"vc_row wpb_row vc_row-fluid\" ><div class=\"wpb_column vc_column_container vc_col-sm-12\"><div class=\"vc_column-inner\"><div class=\"wpb_wrapper\"><\/div><\/div><\/div><\/div>","protected":false},"excerpt":{"rendered":"<p>Laveste pris \u00e5 bes\u00f8ke <strong>Los Haitises nasjonalpark<\/strong> fra <b>La Romana <\/b>med lokalbefolkningen. Turen starter i hovedhavnen i Haitises nasjonalpark. Turen kan starte fra 06:00 til 8:00. Hent i La Romana-omr\u00e5dene. Lokal turguide som kjenner den originale historien til den nydelige nasjonalparken vil v\u00e6re med p\u00e5 turen.<\/p>\n<p>Etter at vi starter fra hovedhavnen i Los Haitises nasjonalpark, heter Ca\u00f1o Hondo (Deep Creek) p\u00e5 en B\u00c5T med redningsvester. Vi vil nyte Red Mangroves-skogen til vi ankommer San Lorenzo Bay, en liten bukt inn i Saman\u00e1 Bay. Og her g\u00e5r vi! Den f\u00f8rste fantastiske tingen du kan se er samlingen av en enorm kalksteinsfjell\u00f8y kalt Mogotes. P\u00e5 toppen av dem flyr mer enn 700 arter av planter og mange v\u00e5tmarksfugler rundt. Senere bes\u00f8ker grotter med piktogrammer fra v\u00e5re urbefolkningssamfunn for 750 \u00e5r siden.<\/p>\n<p><strong>Vennligst velg en dato for din private tur:<\/strong><\/p>","protected":false},"featured_media":12431,"template":"","meta":[],"product_cat":[904,946,928,168,159,170,169,191,253,254,255],"product_tag":[172,176,805,211,210,174,173,804,177,171,907,906,209,320,175],"class_list":["post-12669","product","type-product","status-publish","has-post-thumbnail","hentry","product_cat-bayahibe-boat-tour","product_cat-1-sabana-de-la-mar","product_cat-boat-trip-los-haitises","product_cat-caves","product_cat-fees-entrace","product_cat-local-tour-guides","product_cat-mangroves","product_cat-swimming-natural-springs","product_cat-tours-and-excursions","product_cat-tours-excursions-los-haitises-national-park","product_cat-tours-excursions-samana-bay-dominican-republic","product_tag-boat-tour","product_tag-cano-hondo","product_tag-cano-hondo-excursion","product_tag-cano-hondo-hotel","product_tag-cano-hondo-tours","product_tag-eco-tours","product_tag-excursion","product_tag-hotel-cano-hondo","product_tag-locals-guides","product_tag-los-haitises","product_tag-los-haitises-boat-private-trip-from-la-romana","product_tag-los-haitises-from-la-romana","product_tag-los-haitises-national-park","product_tag-los-haitises-national-park-tour","product_tag-sabana-de-la-mar"],"_links":{"self":[{"href":"https:\/\/www.boattoursamana.com\/nb\/wp-json\/wp\/v2\/product\/12669","targetHints":{"allow":["GET"]}}],"collection":[{"href":"https:\/\/www.boattoursamana.com\/nb\/wp-json\/wp\/v2\/product"}],"about":[{"href":"https:\/\/www.boattoursamana.com\/nb\/wp-json\/wp\/v2\/types\/product"}],"wp:featuredmedia":[{"embeddable":true,"href":"https:\/\/www.boattoursamana.com\/nb\/wp-json\/wp\/v2\/media\/12431"}],"wp:attachment":[{"href":"https:\/\/www.boattoursamana.com\/nb\/wp-json\/wp\/v2\/media?parent=12669"}],"wp:term":[{"taxonomy":"product_cat","embeddable":true,"href":"https:\/\/www.boattoursamana.com\/nb\/wp-json\/wp\/v2\/product_cat?post=12669"},{"taxonomy":"product_tag","embeddable":true,"href":"https:\/\/www.boattoursamana.com\/nb\/wp-json\/wp\/v2\/product_tag?post=12669"}],"curies":[{"name":"wp","href":"https:\/\/api.w.org\/{rel}","templated":true}]}}