{"id":12996,"date":"2021-09-16T15:48:58","date_gmt":"2021-09-16T15:48:58","guid":{"rendered":"https:\/\/www.ticketswhales.com\/?post_type=product&#038;p=12996"},"modified":"2023-10-16T08:39:25","modified_gmt":"2023-10-16T08:39:25","slug":"los-haitises-mountain-bike-private-boat-trip-copy","status":"publish","type":"product","link":"https:\/\/www.boattoursamana.com\/nb\/omvisning\/los-haitises-terrengsykkel-privat-battur-kopi","title":{"rendered":"Los Haitises terrengsykkel + privat b\u00e5ttur"},"content":{"rendered":"<div class=\"vc_row wpb_row vc_row-fluid\" ><div class=\"wpb_column vc_column_container vc_col-sm-12\"><div class=\"vc_column-inner\"><div class=\"wpb_wrapper\"><div class=\"vc_btn3-container vc_btn3-inline\" ><a class=\"vc_general vc_btn3 vc_btn3-size-md vc_btn3-shape-rounded vc_btn3-style-modern vc_btn3-color-green\" href=\"https:\/\/bookingadventures.tours\/booking.php?tour_id=a7eaf8f70968fc40037fc986faa80770\" title=\"\" rel=\"noopener\">BESTILL N\u00c5<\/a><\/div><div class=\"vc_empty_space\"   style=\"height: 32px\"><span class=\"vc_empty_space_inner\"><\/span><\/div>\n\t<div class=\"wpb_text_column wpb_content_element\" >\n\t\t<div class=\"wpb_wrapper\">\n\t\t\t<div class=\"vc_row wpb_row vc_row-fluid\">\n<div class=\"wpb_column vc_column_container vc_col-sm-12\">\n<div class=\"vc_column-inner\">\n<div class=\"wpb_wrapper\">\n<div class=\"mkdf-section-title-holder\">\n<div class=\"mkdf-st-inner\">\n<h5 class=\"mkdf-st-subtitle\">Sykkel, mangrover, b\u00e5ttur, grotter og mer.<\/h5>\n<h3 class=\"mkdf-st-title\">Los Haitises terrengsykkel + privat b\u00e5ttur<\/h3>\n<\/div>\n<\/div>\n<\/div>\n<\/div>\n<\/div>\n<\/div>\n<div class=\"vc_row wpb_row vc_row-fluid\">\n<div class=\"wpb_column vc_column_container vc_col-sm-12\">\n<div class=\"vc_column-inner\">\n<div class=\"wpb_wrapper\">\n<div class=\"vc_empty_space\"><\/div>\n<\/div>\n<\/div>\n<\/div>\n<\/div>\n<div class=\"vc_row wpb_row vc_row-fluid\">\n<div class=\"wpb_column vc_column_container vc_col-sm-12\">\n<div class=\"vc_column-inner\">\n<div class=\"wpb_wrapper\">\n<div class=\"wpb_text_column wpb_content_element\">\n<div class=\"wpb_wrapper\">\n<h5><strong>Oversikt<\/strong><\/h5>\n<p>Reis med en lokal ekspert og f\u00e5 den unike opplevelsen av \u00e5 sykle med start fra Sabana de la Mar, denne turen tar deg rundt og ser det vakre landskapet p\u00e5 landsbygda i Den dominikanske republikk. Mens du sykler vil du kunne si hei! til b\u00f8ndene som rir p\u00e5 hestene eller motorsykkelen til eiendommen deres, og under turen vil du kunne komme inn i eventyret og den lokale kulturen fra Sabana de la Mar. Noen fakta om Los Haitises: er en av de st\u00f8rste kalksteinsformasjonene i verden, et sted for bevaring av endemiske arter, Plassering med st\u00f8rstedelen av det biologiske mangfoldet p\u00e5 \u00f8ya, det er en av de st\u00f8rste mangroveskogene i Quisqueya og hulen med flest piktogram av Karibien.<\/p>\n<p>&nbsp;<\/p>\n<p><strong>Inkluderinger og ekskluderinger<\/strong><\/p>\n<p>&nbsp;<\/p>\n<p><strong>Inkluderinger<\/strong><\/p>\n<p>Sykling<\/p>\n<p>B\u00e5ttur<\/p>\n<p>Snacks<\/p>\n<p>1 vannflaske<\/p>\n<p>F\u00f8rstehjelpssett<\/p>\n<p>Alle skatter, avgifter og h\u00e5ndteringskostnader<\/p>\n<p>Lokale skatter<\/p>\n<p>Tjenestemenn \u00d8kolog reiseledere engelsk\/spansk<\/p>\n<p>&nbsp;<\/p>\n<p><strong>Ekskluderinger<\/strong><\/p>\n<p>Drikkepenger<\/p>\n<p>Overf\u00f8re<\/p>\n<p>Drikke<\/p>\n<p>&nbsp;<\/p>\n<p>&nbsp;<\/p>\n<p>Avreise og retur<\/p>\n<p>&nbsp;<\/p>\n<p>Turen, organisert av &quot;Booking Adventures&quot; starter p\u00e5 m\u00f8tepunktet som er satt med turguiden eller medarbeideren. Den reisende vil f\u00e5 et m\u00f8tepunkt etter reservasjonsprosessen. Turene starter og slutter p\u00e5 m\u00f8testedene v\u00e5re.<\/p>\n<p>&nbsp;<\/p>\n<p>Hva \u00e5 forvente?<\/p>\n<p>Skaff deg billett til sykling og b\u00e5tliv fra Sabana de la Mar<\/p>\n<p>&nbsp;<\/p>\n<p>Denne ekskursjonen starter fra et m\u00f8tested du m\u00e5 bekrefte med v\u00e5re reisebyr\u00e5er eller reiseguiden din f\u00f8r du drar til et hvilket som helst sted. N\u00e5r du m\u00f8ter guiden din, f\u00e5r du en debrief av turen og alt relatert til dagen din.<\/p>\n<p>&nbsp;<\/p>\n<p>N\u00e5r alle er klare drar vi til havnen i Los Haitises nasjonalpark hvor du starter b\u00e5tlivet ved elven Cano Hondo som ender i San Lorenzo-bukten, dette er en liten bukt p\u00e5 bare 10 km2 og i to timer kommer du ut selv i de forskjellige \u00f8kosystemene til Los Haitises.<\/p>\n<p>&nbsp;<\/p>\n<p>I l\u00f8pet av denne delen av turen vil du navigere rundt i mangroveskogen som er den nest st\u00f8rste p\u00e5 \u00f8ya med mer enn 90 km2, og n\u00e5r du kommer til San Lorenzo-bukten vil du se Samana-halv\u00f8ya og bukten.<\/p>\n<p>&nbsp;<\/p>\n<p>Mens du er p\u00e5, er det muligheten for \u00e5 se noen delfiner, fugler som bl\u00e5hegre, gr\u00e5hegre, kr\u00e5ker, brun pelikan, kongelig tern, storsl\u00e5tt fregattfugl og den unike utsikten over Los Haitises nasjonalpark. Etter 4 timer og en halv time med aktiviteter i Los Haitises nasjonalpark og Sabana de la Mar, ender denne ekskursjonen p\u00e5 samme sted som den startet.<\/p>\n<p>&nbsp;<\/p>\n<p>Merk: Disse turene er med reiseledere fra Officials Ecologist. Vennligst bestill i tide fordi i parken er det ikke for mange spesialister.<\/p>\n<p>&nbsp;<\/p>\n<p>&nbsp;<\/p>\n<p>Hva b\u00f8r du ta med?<\/p>\n<ul>\n<li aria-level=\"1\">Kamera<\/li>\n<li aria-level=\"1\">Avvisende knopper<\/li>\n<li aria-level=\"1\">solkrem<\/li>\n<li aria-level=\"1\">Hatt<\/li>\n<li aria-level=\"1\">Komfortable bukser<\/li>\n<li aria-level=\"1\">Joggesko<\/li>\n<li aria-level=\"1\">Sandaler for kajakkpadling<\/li>\n<li aria-level=\"1\">Badet\u00f8y<\/li>\n<li aria-level=\"1\">H\u00e5ndkl\u00e6r<\/li>\n<\/ul>\n<p>&nbsp;<\/p>\n<h4><b><i>Hotellhenting<\/i><\/b><\/h4>\n<p>Hotellhenting tilbys ikke for denne turen.<\/p>\n<p>&nbsp;<\/p>\n<p><b>Merk:<\/b>\u00a0hvis du bestiller innen 24 timer etter turens\/utfluktens avgangstid, kan vi ordne hotellhenting med ekstra kostnader. N\u00e5r kj\u00f8pet er fullf\u00f8rt, vil vi sende deg fullstendig kontaktinformasjon (telefonnummer, e-postadresse osv.) slik at v\u00e5r lokale turguide kan organisere hentingsordninger.<\/p>\n<h4><b><i>Bekreftelse av tilleggsinformasjon<\/i><\/b><\/h4>\n<ol>\n<li>Billetter er kvitteringen etter \u00e5 ha betalt denne turen. Du kan vise betalingen p\u00e5 telefonen.<\/li>\n<li>M\u00f8tepunkt vil bli mottatt etter reservasjonsprosessen.<\/li>\n<li>Barn m\u00e5 v\u00e6re i f\u00f8lge med en voksen.<\/li>\n<li>Ikke tilgjengelig for rullestolbrukere<\/li>\n<li>Spedbarn m\u00e5 sitte p\u00e5 fanget<\/li>\n<li>Anbefales ikke for reisende med ryggproblemer<\/li>\n<li>Anbefales ikke for gravide reisende<\/li>\n<li>Ingen hjerteproblemer eller andre alvorlige medisinske tilstander<\/li>\n<li>De fleste reisende kan delta<\/li>\n<\/ol>\n<h4><b><i>Avbestillingsregler<\/i><\/b><\/h4>\n<p>For full refusjon m\u00e5 du avbestille minst 24 timer f\u00f8r startdatoen for opplevelsen.<\/p>\n<\/div>\n<\/div>\n<\/div>\n<\/div>\n<\/div>\n<\/div>\n<div class=\"vc_row wpb_row vc_row-fluid\">\n<div class=\"wpb_column vc_column_container vc_col-sm-12\">\n<div class=\"vc_column-inner\">\n<div class=\"wpb_wrapper\">\n<div class=\"vc_empty_space\"><\/div>\n<div class=\"wpb_text_column wpb_content_element\">\n<div class=\"wpb_wrapper\">\n<h4>Kontakt oss?<\/h4>\n<h5>Booking Adventures<\/h5>\n<p><em><strong>Lokalbefolkningen<\/strong>\u00a0og\u00a0<strong>Nationals<\/strong>\u00a0Turguider og gjestetjenester<\/em><\/p>\n<p><span class=\"text-turquoise\">Reservasjoner:<\/span>\u00a0Turer og utflukter i Dom. Rep.<\/p>\n<p>\ud83d\udcde Tlf \/ Whatsapp\u00a0\u00a0<a href=\"tel:+1-809-720-6035\">+1-809-720-6035<\/a>.<\/p>\n<p>\ud83d\udce9\u00a0<a href=\"mailto:info@bookingadventures.com.do\">info@bookingadventures.com.do<\/a><\/p>\n<p><strong>Vi er fleksible med private turer av Whatsapp:\u00a0<a href=\"tel:+18097206035\">+18097206035.<\/a><\/strong><\/p>\n<\/div>\n<\/div>\n<\/div>\n<\/div>\n<\/div>\n<\/div>\n\n\t\t<\/div>\n\t<\/div>\n<\/div><\/div><\/div><\/div><div class=\"wpb_column vc_column_container vc_col-sm-12\"><div class=\"vc_column-inner\"><div class=\"wpb_wrapper\"><\/div><\/div><\/div><div class=\"wpb_column vc_column_container vc_col-sm-12\"><div class=\"vc_column-inner\"><div class=\"wpb_wrapper\"><\/div><\/div><\/div>","protected":false},"excerpt":{"rendered":"<div class=\"woocommerce-product-details__short-description\">\n<p>Reis med en lokal ekspert og f\u00e5 den unike opplevelsen av \u00e5 sykle med start fra Sabana de la Mar, denne turen tar deg rundt for \u00e5 se det vakre landskapet p\u00e5 landsbygda i Den dominikanske republikk. Mens du sykler vil du kunne si hei! b\u00f8ndene som rir p\u00e5 hestene eller motorsykkelen til eiendommen deres, og under turen vil du kunne dukke opp i eventyret og den lokale kulturen fra Sabana de la Mar. Unik terrengsykkelopplevelse!<\/p>\n<p>&nbsp;<\/p>\n<p><strong>Vennligst velg datoen for turen:<\/strong><\/p>\n<\/div>","protected":false},"featured_media":12428,"template":"","meta":[],"product_cat":[870,946,928,838,930,254,255],"product_tag":[176,211,192,171,209,426,327,175,199,200],"class_list":["post-12996","product","type-product","status-publish","has-post-thumbnail","hentry","product_cat-private-boat-trip-los-haitises","product_cat-1-sabana-de-la-mar","product_cat-boat-trip-los-haitises","product_cat-mangroves-projects","product_cat-mountain-bike-los-haitises","product_cat-tours-excursions-los-haitises-national-park","product_cat-tours-excursions-samana-bay-dominican-republic","product_tag-cano-hondo","product_tag-cano-hondo-hotel","product_tag-day-tour-cano-hondo","product_tag-los-haitises","product_tag-los-haitises-national-park","product_tag-los-haitises-tours","product_tag-private-tours-samana","product_tag-sabana-de-la-mar","product_tag-samana-bay","product_tag-samana-excursions"],"_links":{"self":[{"href":"https:\/\/www.boattoursamana.com\/nb\/wp-json\/wp\/v2\/product\/12996","targetHints":{"allow":["GET"]}}],"collection":[{"href":"https:\/\/www.boattoursamana.com\/nb\/wp-json\/wp\/v2\/product"}],"about":[{"href":"https:\/\/www.boattoursamana.com\/nb\/wp-json\/wp\/v2\/types\/product"}],"wp:featuredmedia":[{"embeddable":true,"href":"https:\/\/www.boattoursamana.com\/nb\/wp-json\/wp\/v2\/media\/12428"}],"wp:attachment":[{"href":"https:\/\/www.boattoursamana.com\/nb\/wp-json\/wp\/v2\/media?parent=12996"}],"wp:term":[{"taxonomy":"product_cat","embeddable":true,"href":"https:\/\/www.boattoursamana.com\/nb\/wp-json\/wp\/v2\/product_cat?post=12996"},{"taxonomy":"product_tag","embeddable":true,"href":"https:\/\/www.boattoursamana.com\/nb\/wp-json\/wp\/v2\/product_tag?post=12996"}],"curies":[{"name":"wp","href":"https:\/\/api.w.org\/{rel}","templated":true}]}}