{"id":14048,"date":"2022-05-20T10:42:09","date_gmt":"2022-05-20T10:42:09","guid":{"rendered":"https:\/\/www.ticketswhales.com\/?post_type=product&#038;p=14048"},"modified":"2023-10-19T14:13:36","modified_gmt":"2023-10-19T14:13:36","slug":"punta-cana-helicopter-tour-to-salto-de-la-jalda-waterfall-60-minute-experience","status":"publish","type":"product","link":"https:\/\/www.boattoursamana.com\/nb\/omvisning\/punta-cana-helikoptertur-til-salto-de-la-jalda-fossen-60-minutters-opplevelse","title":{"rendered":"Punta Cana Helikoptertur til Salto de la Jalda-fossen 60-minutters opplevelse"},"content":{"rendered":"<div class=\"vc_row wpb_row vc_row-fluid\" ><div class=\"wpb_column vc_column_container vc_col-sm-12\"><div class=\"vc_column-inner\"><div class=\"wpb_wrapper\"><div class=\"mkdf-section-title-holder\" style=\"text-align: left\">\n\t<div class=\"mkdf-st-inner\">\n\t\t\t\t\t<h5 class=\"mkdf-st-subtitle\" >\n\t\t\t\tSalto la Jalda\t\t\t<\/h5>\n\t\t\t\t\t\t\t<h3 class=\"mkdf-st-title\" >\n\t\t\t\tpunta cana helikoptertur til Salto de la jalda-fossen 60 minutters opplevelse\t\t\t<\/h3>\n\t\t\t\t\t\t\t<p class=\"mkdf-st-text\" >\n\t\t\t\tHelikoptertur 60-minutters opplevelse\t\t\t<\/p>\n\t\t\t<\/div>\n<\/div><div class=\"vc_btn3-container vc_btn3-inline\" ><a class=\"vc_general vc_btn3 vc_btn3-size-md vc_btn3-shape-rounded vc_btn3-style-modern vc_btn3-color-green\" href=\"https:\/\/bookingadventures.tours\/booking.php?tour_id=cf0c7b2af9d3e7d3c0d0b8017c605e6c\" title=\"\" rel=\"noopener\">BESTILL N\u00c5<\/a><\/div><\/div><\/div><\/div><\/div><div class=\"vc_row wpb_row vc_row-fluid\" ><div class=\"wpb_column vc_column_container vc_col-sm-12\"><div class=\"vc_column-inner\"><div class=\"wpb_wrapper\">\n\t<div class=\"wpb_text_column wpb_content_element\" >\n\t\t<div class=\"wpb_wrapper\">\n\t\t\t<h4><b><i>Oversikt <\/i><\/b><\/h4>\n<p>Dette er en privat tur til\u00a0<strong>Salto de la Jalda-fossene <\/strong>Plassert dypt i Cordillera Oriental Mountain Range og omgitt av en frodig tropisk regnskog er den h\u00f8yeste fossen i Karibia, Salto La Jalda. Fly langs de uber\u00f8rte strendene i Punta Cana, forbi de rolige landsbyene til nordsiden av sierraen og oppdag magien og mystikken til denne utrolige skj\u00f8nnheten som ligger dypt i en frodig tropisk regnskog. Opplev en 60-minutters rundtur med helikopter over fossen og Playa Esmeralda med en times piknikstopp. Se hvordan det brusende vannet velter over klippene og nyt freden og roen i naturen under oppholdet p\u00e5 den mest fantastiske Esmeralda-stranden.<\/p>\n<p>&nbsp;<\/p>\n<ul>\n<li class=\"activity-highlights__list-item\" data-v-86039ad0=\"\">Oppdag magien til den h\u00f8yeste fossen i Karibia, Salto La jada<\/li>\n<li class=\"activity-highlights__list-item\" data-v-86039ad0=\"\">Utforsk naturen under ditt opphold p\u00e5 Esmeralda-stranden<\/li>\n<li class=\"activity-highlights__list-item\" data-v-86039ad0=\"\">Fly over fantastiske strender og forbi de rolige landsbyene til nordsiden av Sierra<\/li>\n<li class=\"activity-highlights__list-item\" data-v-86039ad0=\"\">Se hvordan det brusende vannet velter over klippene<\/li>\n<\/ul>\n<h4><b>Inkluderinger og ekskluderinger<\/b><\/h4>\n<p>&nbsp;<\/p>\n<p><b>Inkluderinger<\/b><\/p>\n<ol>\n<li class=\"activity-inclusions__item activity-inclusions__item--inclusion\" data-v-0d17907c=\"\"><span class=\"activity-inclusions__test activity-inclusions__test--include\" data-v-0d17907c=\"\">Bakketransport til\/fra hotellet ditt<\/span><\/li>\n<li class=\"activity-inclusions__item activity-inclusions__item--inclusion\" data-v-0d17907c=\"\"><span class=\"activity-inclusions__test activity-inclusions__test--include\" data-v-0d17907c=\"\">Ekspress VIP-innsjekking ved ankomst<\/span><\/li>\n<li class=\"activity-inclusions__item activity-inclusions__item--inclusion\" data-v-0d17907c=\"\"><span class=\"activity-inclusions__test activity-inclusions__test--include\" data-v-0d17907c=\"\">60 minutter tur-retur helikopterflyvning<\/span><\/li>\n<li class=\"activity-inclusions__item activity-inclusions__item--inclusion\" data-v-0d17907c=\"\"><span class=\"activity-inclusions__test activity-inclusions__test--include\" data-v-0d17907c=\"\">1-times totalt opphold p\u00e5 den mest fantastiske uber\u00f8rte stranden<\/span><\/li>\n<li class=\"activity-inclusions__item activity-inclusions__item--inclusion\" data-v-0d17907c=\"\"><span class=\"activity-inclusions__test activity-inclusions__test--include\" data-v-0d17907c=\"\">Subway piknik lunsj p\u00e5 stranden med brus og vann<\/span><\/li>\n<li style=\"font-weight: 400;\"><span style=\"font-weight: 400;\">Alle skatter, avgifter og h\u00e5ndteringskostnader<\/span><\/li>\n<li style=\"font-weight: 400;\"><span style=\"font-weight: 400;\">Lokale skatter<\/span><\/li>\n<li style=\"font-weight: 400;\"><span style=\"font-weight: 400;\">Alle aktiviteter<\/span><\/li>\n<li style=\"font-weight: 400;\"><span style=\"font-weight: 400;\">Lokal guide<\/span><\/li>\n<\/ol>\n<p><b> Ekskluderinger<\/b><\/p>\n<ol>\n<li style=\"font-weight: 400;\"><span style=\"font-weight: 400;\">Drikkepenger<\/span><\/li>\n<li style=\"font-weight: 400;\"><span style=\"font-weight: 400;\">Overf\u00f8re<\/span><\/li>\n<li>Lunsj<\/li>\n<li style=\"font-weight: 400;\"><span style=\"font-weight: 400;\">Alkoholholdige drinker<\/span><\/li>\n<\/ol>\n<p>&nbsp;<\/p>\n<h4><em><strong>Avreise og retur<\/strong><\/em><\/h4>\n<p><span style=\"font-weight: 400;\">Den reisende vil f\u00e5 et m\u00f8tepunkt etter reservasjonsprosessen. Turer starter og slutter i m\u00f8testedene v\u00e5re.<\/span><\/p>\n<p>&nbsp;<\/p>\n<h2>Punta Cana Helikopter<\/h2>\n<h4><b><i>Hva \u00e5 forvente?<\/i><\/b><\/h4>\n<p><em><strong>Skaff deg billetter<\/strong><\/em> for \u00e5 bes\u00f8ke De h\u00f8yeste fossene i Karibien.\u00a0 <strong>El Salto la Jalda<\/strong> med helikopterfly fra Punta Cana.<\/p>\n<p>Oppdag som en fugl Salto La Jalda \u2013 den h\u00f8yeste fossen i Karibien som ligger dypt inne i Cordillera Oriental Mountain Range og omgitt av en frodig tropisk regnskog. En opplevelse du aldri vil glemme.<\/p>\n<p>Det er bare \u00e9n m\u00e5te \u00e5 sette pris p\u00e5 de vidstrakte dalene og det dramatiske landskapet i Den dominikanske republikkens h\u00f8yeste foss \u2013 og det er fra luften. Ta en fantastisk helikopterflyvning over Salto Jalda nasjonalpark for en uforglemmelig ferieopplevelse.<\/p>\n<p>Eventyret begynner n\u00e5r du blir tatt fra hotellet til heliporten. Klatre ombord p\u00e5 helikopteren og gj\u00f8r deg klar til start. Du vil snart sveve over avsidesliggende g\u00e5rder, landsbyer og frodig gr\u00f8nn regnskog mot de nordlige skr\u00e5ningene av Cordillera Oriental-fjellkjeden. N\u00e5r du sveiper over klippetoppene, vil ekspertpiloten din komme n\u00e6rmere enn noen gang slik at du kan beundre de 272 fot h\u00f8ye Salto Jalda.<\/p>\n<p>Deretter, n\u00e5r du g\u00e5r ned gjennom jungelens baldakin, kommer du til den bortgjemte Playa Esmerelda-stranden. Spre ut h\u00e5ndkleet ditt her og nyt litt sol p\u00e5 den hvite sanden. Og du har tid til en dukkert i Karibien f\u00f8r returflyvningen serverer flere tribuneutsikter.<\/p>\n<p>&nbsp;<\/p>\n<h4><em><strong>Hva b\u00f8r du ta med?<\/strong><\/em><\/h4>\n<ul>\n<li style=\"font-weight: 400;\"><span style=\"font-weight: 400;\">Kamera<\/span><\/li>\n<li style=\"font-weight: 400;\"><span style=\"font-weight: 400;\">Avvisende knopper<\/span><\/li>\n<li style=\"font-weight: 400;\"><span style=\"font-weight: 400;\">solkrem<\/span><\/li>\n<li style=\"font-weight: 400;\"><span style=\"font-weight: 400;\">Hatt<\/span><\/li>\n<li style=\"font-weight: 400;\"><span style=\"font-weight: 400;\">Komfortable bukser<\/span><\/li>\n<li style=\"font-weight: 400;\"><span style=\"font-weight: 400;\">Tursko for skog<\/span><\/li>\n<li style=\"font-weight: 400;\"><span style=\"font-weight: 400;\">Badet\u00f8y<\/span><\/li>\n<li>Ekstra vannflaske<\/li>\n<li>Lunsj eller snacks<\/li>\n<\/ul>\n<p>&nbsp;<\/p>\n<h4><b><i>Hotellhenting <\/i><\/b><\/h4>\n<p><span style=\"font-weight: 400;\">Hotellhenting tilbys for denne turen. <\/span><\/p>\n<p>&nbsp;<\/p>\n<p><b>Merk:<\/b><span style=\"font-weight: 400;\"> hvis du bestiller innen 24 timer etter turens\/utfluktens avgangstid, kan vi ordne hotellhenting med ekstra kostnader. N\u00e5r kj\u00f8pet er fullf\u00f8rt, vil vi sende deg fullstendig kontaktinformasjon (telefonnummer, e-postadresse osv.) slik at v\u00e5r lokale turguide kan organisere hentingsordninger.<\/span><\/p>\n<h4><b><i>Bekreftelse av tilleggsinformasjon <\/i><\/b><\/h4>\n<ol>\n<li>Billetter er kvitteringen etter \u00e5 ha betalt denne turen. Du kan vise betalingen p\u00e5 telefonen.<\/li>\n<li style=\"font-weight: 400;\"><span style=\"font-weight: 400;\">M\u00f8tepunkt vil bli mottatt etter reservasjonsprosessen.<\/span><\/li>\n<li style=\"font-weight: 400;\"><span style=\"font-weight: 400;\">Barn m\u00e5 v\u00e6re i f\u00f8lge med en voksen og minimumsalder er 7 \u00e5r.<\/span><\/li>\n<li class=\"activity-important-information__item\" data-v-772d15b6=\"\" data-v-45a03bbc=\"\">Denne turen anbefales ikke for personer med begrenset mobilitet med mindre de har minst 2 personer som kan hjelpe dem<\/li>\n<li class=\"activity-important-information__item\" data-v-772d15b6=\"\" data-v-45a03bbc=\"\">Alle flyvninger er avhengig av tilgjengelighet og v\u00e6rforhold<\/li>\n<li class=\"activity-important-information__item\" data-v-772d15b6=\"\" data-v-45a03bbc=\"\">Aktivitetsleverand\u00f8ren forbeholder seg retten til \u00e5 legge til flere passasjerer p\u00e5 turen<\/li>\n<li style=\"font-weight: 400;\"><span style=\"font-weight: 400;\"> Ikke tilgjengelig for rullestolbrukere <\/span><\/li>\n<li style=\"font-weight: 400;\"><span style=\"font-weight: 400;\">Ikke spedbarn for denne turen er tillatt<\/span><\/li>\n<li style=\"font-weight: 400;\"><span style=\"font-weight: 400;\">Anbefales ikke for reisende med ryggproblemer<\/span><\/li>\n<li style=\"font-weight: 400;\"><span style=\"font-weight: 400;\">Anbefales ikke for gravide reisende <\/span><\/li>\n<li style=\"font-weight: 400;\"><span style=\"font-weight: 400;\"> Ingen hjerteproblemer eller andre alvorlige medisinske tilstander <\/span><\/li>\n<li style=\"font-weight: 400;\"><span style=\"font-weight: 400;\">De fleste reisende kan delta<\/span><\/li>\n<\/ol>\n<h4><b><i>Avbestillingsregler<\/i><\/b><\/h4>\n<p>For full refusjon, vennligst les v\u00e5re avbestillingsregler\u00a0<a href=\"https:\/\/www.boattoursamana.com\/nb\/online-booking\/\" target=\"_blank\" rel=\"noopener\" data-saferedirecturl=\"https:\/\/www.google.com\/url?q=https:\/\/www.boattoursamana.com\/online-booking\/&amp;source=gmail&amp;ust=1672449202351000&amp;usg=AOvVaw1yAeVAPktmaVCqDujgUn90\">Klikk her<\/a>. Midler vil g\u00e5 tapt dersom reservasjonen kanselleres samme dag p\u00e5 reisen.<\/p>\n\n\t\t<\/div>\n\t<\/div>\n<div class=\"vc_btn3-container vc_btn3-inline\" ><a class=\"vc_general vc_btn3 vc_btn3-size-md vc_btn3-shape-rounded vc_btn3-style-modern vc_btn3-color-green\" href=\"https:\/\/bookingadventures.tours\/booking.php?tour_id=cf0c7b2af9d3e7d3c0d0b8017c605e6c\" title=\"\" rel=\"noopener\">BESTILL N\u00c5<\/a><\/div><\/div><\/div><\/div><\/div><div class=\"vc_row wpb_row vc_row-fluid\" ><div class=\"wpb_column vc_column_container vc_col-sm-12\"><div class=\"vc_column-inner\"><div class=\"wpb_wrapper\">\n\t<div class=\"wpb_text_column wpb_content_element\" >\n\t\t<div class=\"wpb_wrapper\">\n\t\t\t<h4>Kontakt oss?<\/h4>\n<h5><em><strong>Booking Adventures<\/strong><\/em><\/h5>\n<p><em><strong>Lokalbefolkningen<\/strong> og <strong>Nationals<\/strong> Turguider og gjestetjenester<\/em><\/p>\n<p><span class=\"text-turquoise\">Reservasjoner:<\/span> Turer og utflukter i Dom. Rep.<\/p>\n<p><img decoding=\"async\" class=\"emoji\" draggable=\"false\" src=\"https:\/\/s.w.org\/images\/core\/emoji\/11.2.0\/svg\/1f4de.svg\" alt=\"\ud83d\udcde\" title=\"\"> Tlf \/ Whatsapp\u00a0 <a href=\"tel:+1-809-720-6035\">+1-809-720-6035<\/a>.<\/p>\n<p><img decoding=\"async\" class=\"emoji\" draggable=\"false\" src=\"https:\/\/s.w.org\/images\/core\/emoji\/11.2.0\/svg\/1f4e9.svg\" alt=\"\ud83d\udce9\" title=\"\"> <a href=\"mailto:info@bookingadventures.com.do\">info@bookingadventures.com.do<\/a><\/p>\n<p><strong>Vi er fleksible med private turer av Whatsapp: <a href=\"tel:+18097206035\">+18097206035.<\/a><\/strong><\/p>\n\n\t\t<\/div>\n\t<\/div>\n<\/div><\/div><\/div><\/div><div class=\"vc_row wpb_row vc_row-fluid\" ><div class=\"wpb_column vc_column_container vc_col-sm-12\"><div class=\"vc_column-inner\"><div class=\"wpb_wrapper\"><div class=\"vc_btn3-container vc_btn3-inline\" ><a class=\"vc_general vc_btn3 vc_btn3-size-md vc_btn3-shape-rounded vc_btn3-style-modern vc_btn3-color-green\" href=\"https:\/\/bookingadventures.tours\/booking.php?tour_id=cf0c7b2af9d3e7d3c0d0b8017c605e6c\" title=\"\" rel=\"noopener\">BESTILL N\u00c5<\/a><\/div><\/div><\/div><\/div><\/div>","protected":false},"excerpt":{"rendered":"<p>Nyt en unik opplevelse \u00e5 fly i et helikopter over den h\u00f8yeste fossen i Karibia, Salto La Jada. Se de uber\u00f8rte strendene i Punta Cana og oppdag magien til denne utrolige skj\u00f8nnheten som ligger dypt i en frodig tropisk regnskog.<\/p>\n<p>&nbsp;<\/p>\n<p><strong>Vennligst velg dato for turen:<\/strong><\/p>","protected":false},"featured_media":14053,"template":"","meta":[],"product_cat":[948,170,1044,191,252],"product_tag":[226,635,636,180,637,638,224,225,639,640,227,641,228,175,642,643,644,645],"class_list":["post-14048","product","type-product","status-publish","has-post-thumbnail","hentry","product_cat-1-punta-cana","product_cat-local-tour-guides","product_cat-punta-cana-helicopter","product_cat-swimming-natural-springs","product_cat-waterfalls","product_tag-higthest-waterfall-in-the-caribean","product_tag-hike-la-jalda","product_tag-hike-to-miches-la-jalda-waterfall-waterfalls","product_tag-hiking","product_tag-la-jalda-excursions","product_tag-la-jalda-horses","product_tag-la-jalda-national-park","product_tag-la-jalda-waterfall","product_tag-leaping","product_tag-leaping-jalda","product_tag-magua","product_tag-magua-la-jalda","product_tag-miches","product_tag-sabana-de-la-mar","product_tag-salto-de-la-jalda","product_tag-salto-la-jalda-sabana-de-la-mar","product_tag-salto-la-jalda-tours","product_tag-waterfalls"],"_links":{"self":[{"href":"https:\/\/www.boattoursamana.com\/nb\/wp-json\/wp\/v2\/product\/14048","targetHints":{"allow":["GET"]}}],"collection":[{"href":"https:\/\/www.boattoursamana.com\/nb\/wp-json\/wp\/v2\/product"}],"about":[{"href":"https:\/\/www.boattoursamana.com\/nb\/wp-json\/wp\/v2\/types\/product"}],"wp:featuredmedia":[{"embeddable":true,"href":"https:\/\/www.boattoursamana.com\/nb\/wp-json\/wp\/v2\/media\/14053"}],"wp:attachment":[{"href":"https:\/\/www.boattoursamana.com\/nb\/wp-json\/wp\/v2\/media?parent=14048"}],"wp:term":[{"taxonomy":"product_cat","embeddable":true,"href":"https:\/\/www.boattoursamana.com\/nb\/wp-json\/wp\/v2\/product_cat?post=14048"},{"taxonomy":"product_tag","embeddable":true,"href":"https:\/\/www.boattoursamana.com\/nb\/wp-json\/wp\/v2\/product_tag?post=14048"}],"curies":[{"name":"wp","href":"https:\/\/api.w.org\/{rel}","templated":true}]}}