{"id":16647,"date":"2023-11-06T09:02:24","date_gmt":"2023-11-06T09:02:24","guid":{"rendered":"https:\/\/www.ticketswhales.com\/?post_type=product&#038;p=16647"},"modified":"2023-11-06T09:11:44","modified_gmt":"2023-11-06T09:11:44","slug":"los-haitises-cueva-el-naranjo-y-laguna-cristal-from-sabana-de-la-mar","status":"publish","type":"product","link":"https:\/\/www.boattoursamana.com\/nb\/omvisning\/los-haitises-cueva-el-naranjo-y-laguna-cristal-fra-sabana-de-la-mar","title":{"rendered":"Los Haitises: Cueva el Naranjo y Laguna Cristal fra Sabana de la mar"},"content":{"rendered":"<div class=\"vc_row wpb_row vc_row-fluid\" ><div class=\"wpb_column vc_column_container vc_col-sm-12\"><div class=\"vc_column-inner\"><div class=\"wpb_wrapper\">\n\t<div class=\"wpb_text_column wpb_content_element\" >\n\t\t<div class=\"wpb_wrapper\">\n\t\t\t<h2><span style=\"font-weight: 400;\">Los Haitises: Cueva el Naranjo y Laguna Cristal<\/span><\/h2>\n<p>Sabana de la mar<\/p>\n<p>&nbsp;<\/p>\n<p><b>Oversikt<\/b><span style=\"font-weight: 400;\">\u00a0<\/span><\/p>\n<p>&nbsp;<\/p>\n<p><span style=\"font-weight: 400;\">Los Haitises nasjonalpark er en naturskatt i Den dominikanske republikk hvor 25% av ferskvannet finnes i Hispaniola, i l\u00f8pet av denne opplevelsen tar vi rundt noen av de viktigste stedene i denne fantastiske parken. Skaff deg billett for \u00e5 utforske Ojo de Cielo-hulen, Laguna Cristal, Barracote River og Samana Bay.\u00a0<\/span><\/p>\n<p>&nbsp;<\/p>\n<p><span style=\"font-weight: 400;\">Fra et hydrografisk synspunkt<\/span><span style=\"font-weight: 400;\">, Los Haitises og dets innflytelsesomr\u00e5der omfatter to regioner: det nedre bassenget av Yuna-elven og omr\u00e5det Miches og Sabana de la Mar. Yunaen dreneres gjennom to munninger: Yuna selv og Barracote. I tillegg er det elvene Payabo, Los Cocos og Naranjo og Cabirma, Estero, Prieto og andre kanaler i omr\u00e5det.<\/span><\/p>\n<p>&nbsp;<\/p>\n<p><span style=\"font-weight: 400;\">Om Los Haitises landskap,<\/span><span style=\"font-weight: 400;\"> i tillegg til hulene, er Ca\u00f1o Hondo, Punta Arena, Ca\u00f1o Salado, Bah\u00eda de San Lorenzo og Cayo de los P\u00e1jaros, som er sv\u00e6rt imponerende landskapselementer. Sistnevnte, som ligger mellom Boca del Infierno og El Naranjo Arriba, er lett gjenkjennelig p\u00e5 den nesten permanente tilstedev\u00e6relsen av \u00f8retvister og pelikaner.<\/span><\/p>\n<p>&nbsp;<\/p>\n<p><span style=\"font-weight: 400;\">Om Sanchez City,<\/span><span style=\"font-weight: 400;\"> Det var tidligere en liten by kalt Las Ca\u00f1itas, men i 1888 ble den hevet til status som en kommune oppkalt etter en av grunnleggerne av Den dominikanske republikk, Francisco del Rosario S\u00e1nchez. Den vokste i betydning og befolkning etter etableringen av jernbanen i 1865. Denne linjen strakte seg til den sentrale regionen Cibao, og gjorde dette lille karibiske samfunnet til den viktigste havnen i landet fra slutten av 1800-tallet til begynnelsen av neste \u00e5rhundre. .<\/span><\/p>\n<p>&nbsp;<\/p>\n<p><span style=\"font-weight: 400;\">Om Laguna Cristal,<\/span><span style=\"font-weight: 400;\"> Laguna Cristal er en vakker kilde til ferskvann ved portene til Los Haitises nasjonalpark, nord for provinsen Monte Plata, som har en unik skj\u00f8nnhet p\u00e5 grunn av sine naturlige attraksjoner og freden den gir oss. Lagunen mates av grunnvann som kommer fra naboparken. En liten seilbar elv dukker opp fra lagunen noen hundre meter som mater Barracote-elven, som deretter renner ut i San Lorenzo-bukten. Den ville v\u00e6re omtrent 200 meter dyp og 70 meter i diameter.\u00a0<\/span><\/p>\n<p>&nbsp;<\/p>\n<p><span style=\"font-weight: 400;\">El Naranjo-hulen<\/span><span style=\"font-weight: 400;\">, El Naranjo-elven, seilbar til tross for sin lengde p\u00e5 120 meter, har sin opprinnelse i en hule og kan betraktes som en juvel av natur i Los Haitises nasjonalpark. Det er en attraksjon verdt \u00e5 vite, som lar deg sette pris p\u00e5 den korteste elven i omr\u00e5det \u00f8y, I en b\u00e5t kan du n\u00e5 til enden av hulen der vannet kommer fra. Grotten er et reservoar for flaggermus og swifts og dens vann er hjemsted for innf\u00f8dte fiskearter, som i andre elver og bekker h\u00f8rer fortiden til, som guabinaer, dajaos, carpias, reker og krabber.<\/span><\/p>\n<p>&nbsp;<\/p>\n<p><b>Inkluderinger<\/b><\/p>\n<p><span style=\"font-weight: 400;\">Alle skatter, avgifter og h\u00e5ndteringskostnader<\/span><\/p>\n<p><span style=\"font-weight: 400;\">Lokale skatter<\/span><\/p>\n<p><span style=\"font-weight: 400;\">Tjenestemenn \u00d8kolog reiseledere engelsk\/spansk<\/span><\/p>\n<p><span style=\"font-weight: 400;\">Lokal transport (henting fra hotell)<\/span><\/p>\n<p><span style=\"font-weight: 400;\">Hurtigb\u00e5t<\/span><\/p>\n<p><span style=\"font-weight: 400;\">Lokal lunsj<\/span><\/p>\n<p><span style=\"font-weight: 400;\">Laguna Cristal\u00a0\u00a0<\/span><\/p>\n<p><span style=\"font-weight: 400;\">Cueva del Naranjo\u00a0<\/span><\/p>\n<p>&nbsp;<\/p>\n<p><b>Ekskluderinger<\/b><\/p>\n<p>&nbsp;<\/p>\n<p><span style=\"font-weight: 400;\">Drikkepenger<\/span><\/p>\n<p><span style=\"font-weight: 400;\">Drikke<\/span><\/p>\n<p><span style=\"font-weight: 400;\">\u00a0<\/span><\/p>\n<p>&nbsp;<\/p>\n<p><b>Avreise og retur<\/b><\/p>\n<p><span style=\"font-weight: 400;\">Turen, organisert av &quot;Booking Adventures&quot; starter p\u00e5 m\u00f8tepunktet satt med turguiden. Den reisende vil f\u00e5 et m\u00f8tepunkt etter reservasjonsprosessen. Turene starter og slutter p\u00e5 m\u00f8testedene v\u00e5re.<\/span><\/p>\n<p>&nbsp;<\/p>\n<p><b>Hva \u00e5 forvente?<\/b><\/p>\n<p><span style=\"font-weight: 400;\">Skaff deg billett til Searching For The Los Haitises: Los Haitises: Cueva el Naranjo y Laguna Cristal, denne opplevelsen vil gi deg muligheten til \u00e5 se det meste av det biologiske mangfoldet p\u00e5 \u00f8ya.\u00a0<\/span><\/p>\n<p>&nbsp;<\/p>\n<p><span style=\"font-weight: 400;\">Denne aktiviteten starter fra du blir hentet fra overnattingsstedet ditt i et av disse omr\u00e5dene:<\/span><\/p>\n<ul>\n<li style=\"font-weight: 400;\" aria-level=\"1\"><span style=\"font-weight: 400;\">Las Terrenas\u00a0<\/span><\/li>\n<li style=\"font-weight: 400;\" aria-level=\"1\"><span style=\"font-weight: 400;\">Sanchez\u00a0<\/span><\/li>\n<li style=\"font-weight: 400;\" aria-level=\"1\"><span style=\"font-weight: 400;\">Las Galeras<\/span><\/li>\n<li style=\"font-weight: 400;\" aria-level=\"1\"><span style=\"font-weight: 400;\">Santa Barbara de Samana\u00a0<\/span><\/li>\n<\/ul>\n<h3><b>Rute<\/b><b>\u00a0<\/b><\/h3>\n<p><b>Sanchez Samana, Sv\u00f8mming ved Laguna Cristal og El Naranjo River &amp; Caves\u00a0<\/b><\/p>\n<p>&nbsp;<\/p>\n<p><span style=\"font-weight: 400;\">Hotellhenting: starter kl. 07.00 (avhengig av hvor du befinner deg). Det er forskjellige alternativer for tidspunkt p\u00e5 bestillingsskjemaet. Turen er 8 timer.\u00a0<\/span><\/p>\n<p>&nbsp;<\/p>\n<p><span style=\"font-weight: 400;\">Dette kommer til \u00e5 v\u00e6re en tidlig morgen for \u00e5 hente deg fra hotellet og kj\u00f8re deg til m\u00f8tepunktet v\u00e5rt i Sanchez Samana, hvor du vil m\u00f8te din lokale reiseleder f\u00f8r du g\u00e5r over reiseruten for resten av dagen.\u00a0<\/span><\/p>\n<p>&nbsp;<\/p>\n<p><span style=\"font-weight: 400;\">N\u00e5r du gj\u00f8r deg klar g\u00e5r vi ombord p\u00e5 hurtigb\u00e5ten v\u00e5r for \u00e5 ta turen til El Naranjo som er dagens f\u00f8rste stopp, hvor vi skal inn i grotten med b\u00e5t og sv\u00f8mme i ferskvannet til den korteste elven p\u00e5 \u00f8ya.\u00a0<\/span><\/p>\n<p>&nbsp;<\/p>\n<p><span style=\"font-weight: 400;\">Din andre b\u00e5ttur vil v\u00e6re gjennom Barracote-elven for \u00e5 komme til Laguna Cristal. Vi m\u00e5 navigere i en av de st\u00f8rste elvene nord\u00f8st i landet. P\u00e5 Cristal Area tar vi en lunsjpause f\u00f8r vi hopper i vannet.<\/span><\/p>\n<p>&nbsp;<\/p>\n<p><span style=\"font-weight: 400;\">Etter \u00e5 ha pr\u00f8vd litt lokal lunsj skal vi ha en siesta ved Cristal Lagoon og deretter bade, f\u00f8r vi drar tilbake til Sanchez Samana.\u00a0<\/span><\/p>\n<p>&nbsp;<\/p>\n<p><span style=\"font-weight: 400;\">Hotel Drop off: 16:00 eller senere avhengig av tidspunktet du startet turen. Turen er totalt 8 timer.\u00a0<\/span><\/p>\n<p>&nbsp;<\/p>\n<p><span style=\"font-weight: 400;\">Reisedager og aktiviteter kan endres uten varsel p\u00e5 grunn av uforutsette omstendigheter eller hendelser. Se fullstendige vilk\u00e5r og betingelser for mer informasjon.<\/span><\/p>\n\n\t\t<\/div>\n\t<\/div>\n<\/div><\/div><\/div><\/div>","protected":false},"excerpt":{"rendered":"<p>Bes\u00f8k el Naranjo-elven med hulen og Cristal Lagun i Los Haitises nasjonalpark med lokal ekspertturguide. Lunsj og transport er inkludert i Sabana de la mar.<\/p>","protected":false},"featured_media":16644,"template":"","meta":[],"product_cat":[1096],"product_tag":[1097],"class_list":["post-16647","product","type-product","status-publish","has-post-thumbnail","hentry","product_cat-haitises","product_tag-haitises"],"_links":{"self":[{"href":"https:\/\/www.boattoursamana.com\/nb\/wp-json\/wp\/v2\/product\/16647","targetHints":{"allow":["GET"]}}],"collection":[{"href":"https:\/\/www.boattoursamana.com\/nb\/wp-json\/wp\/v2\/product"}],"about":[{"href":"https:\/\/www.boattoursamana.com\/nb\/wp-json\/wp\/v2\/types\/product"}],"wp:featuredmedia":[{"embeddable":true,"href":"https:\/\/www.boattoursamana.com\/nb\/wp-json\/wp\/v2\/media\/16644"}],"wp:attachment":[{"href":"https:\/\/www.boattoursamana.com\/nb\/wp-json\/wp\/v2\/media?parent=16647"}],"wp:term":[{"taxonomy":"product_cat","embeddable":true,"href":"https:\/\/www.boattoursamana.com\/nb\/wp-json\/wp\/v2\/product_cat?post=16647"},{"taxonomy":"product_tag","embeddable":true,"href":"https:\/\/www.boattoursamana.com\/nb\/wp-json\/wp\/v2\/product_tag?post=16647"}],"curies":[{"name":"wp","href":"https:\/\/api.w.org\/{rel}","templated":true}]}}