{"id":8850,"date":"2019-06-11T10:34:00","date_gmt":"2019-06-11T10:34:00","guid":{"rendered":"https:\/\/www.ticketswhales.com\/?post_type=product&#038;p=8850"},"modified":"2023-03-20T10:20:15","modified_gmt":"2023-03-20T10:20:15","slug":"ridgways-hawk-tour-bird-watching-los-haitises-national-park-tour","status":"publish","type":"product","link":"https:\/\/www.boattoursamana.com\/nb\/omvisning\/ridgways-hawk-tour-fugletitting-los-haitises-nasjonalpark-tur","title":{"rendered":"Ridgway&#039;s Hawk Tour \u2013 Fuglekikking Los Haitises National Park Excursion"},"content":{"rendered":"<div class=\"vc_row wpb_row vc_row-fluid\" ><div class=\"wpb_column vc_column_container vc_col-sm-12\"><div class=\"vc_column-inner\"><div class=\"wpb_wrapper\"><div class=\"mkdf-section-title-holder\" style=\"text-align: left\">\n\t<div class=\"mkdf-st-inner\">\n\t\t\t\t\t<h5 class=\"mkdf-st-subtitle\" >\n\t\t\t\tFuglekikking i Los Haitises nasjonalpark\t\t\t<\/h5>\n\t\t\t\t\t\t\t<h3 class=\"mkdf-st-title\" >\n\t\t\t\tRidgways Hawk Tour\t\t\t<\/h3>\n\t\t\t\t\t<\/div>\n<\/div><\/div><\/div><\/div><\/div><div class=\"vc_row wpb_row vc_row-fluid\" ><div class=\"wpb_column vc_column_container vc_col-sm-12\"><div class=\"vc_column-inner\"><div class=\"wpb_wrapper\"><div class=\"vc_btn3-container vc_btn3-inline\" ><button class=\"vc_general vc_btn3 vc_btn3-size-md vc_btn3-shape-rounded vc_btn3-style-modern vc_btn3-color-green\">BESTILL N\u00c5<\/button><\/div>\n\t<div class=\"wpb_text_column wpb_content_element\" >\n\t\t<div class=\"wpb_wrapper\">\n\t\t\t<h4><b><i>Oversikt <\/i><\/b><\/h4>\n<section><\/section>\n<p>Ridgway&#039;s Hawk er en kritisk truet art av daglig rovfugl som er endemisk p\u00e5 \u00f8ya Hispaniola. For hundre \u00e5r siden ble hauken funnet over hele Hispaniola, men i dag finnes den eneste gjenv\u00e6rende hekkepopulasjonen p\u00e5 rundt 300 individer i Los Haitises nasjonalpark i Den dominikanske republikk.<\/p>\n<p>Los Haitises nasjonalpark er et popul\u00e6rt reisem\u00e5l for naturelskere og fuglekikkere, noe som har st\u00f8rst betydning for biologisk mangfold og rikdom av fauna, b\u00e5de n\u00e5r det gjelder endemisme og artsantall. V\u00e5rt hovedfokus er \u00e5 f\u00e5 \u00f8ye p\u00e5 alle haukene rundt Cano Hondo-omr\u00e5dene.<\/p>\n<p>Vi bevarer Ridgway&#039;s Hawk i Los Haitises nasjonalpark, hvor du kan se habitatet og den interessante historien til Ridgway&#039;s Hawks i regnskogsstiene. Vi kjenner stedets habitater for Ridgway&#039;s og Ashy Faced Owls. For i mer enn 15 \u00e5r som frivillige jobber vi for \u00e5 beskytte disse parene og individene rundt dette fellesskapet.<\/p>\n<p>Du kan ogs\u00e5 se andre endemiske arter rundt parken. Denne turen fokuserer p\u00e5 naturen og er mer konsentrert om informasjonen om dyrelivet. Er vanligvis privat.<\/p>\n<h4><\/h4>\n<h4><b>Inkluderinger og ekskluderinger<\/b><\/h4>\n<p><b>Inkluderinger<\/b><\/p>\n<ol>\n<li style=\"font-weight: 400;\">Fuglekikkingstur + grotter og piktografer<\/li>\n<li style=\"font-weight: 400;\"><span style=\"font-weight: 400;\">Alle skatter, avgifter og h\u00e5ndteringskostnader<\/span><\/li>\n<li style=\"font-weight: 400;\"><span style=\"font-weight: 400;\">Lokale skatter<\/span><\/li>\n<li style=\"font-weight: 400;\">Tjenestemenn \u00d8kolog reiseledere<\/li>\n<\/ol>\n<p><b> Ekskluderinger<\/b><\/p>\n<ol>\n<li style=\"font-weight: 400;\"><span style=\"font-weight: 400;\">Drikkepenger<\/span><\/li>\n<li style=\"font-weight: 400;\"><span style=\"font-weight: 400;\">Overf\u00f8re<\/span><\/li>\n<li style=\"font-weight: 400;\"><span style=\"font-weight: 400;\">Drikke<\/span><\/li>\n<\/ol>\n<p>&nbsp;<\/p>\n<h4><em><strong>Avreise og retur<\/strong><\/em><\/h4>\n<p><span style=\"font-weight: 400;\">Turen, organisert av &quot;Booking Adventures&quot; starter p\u00e5 m\u00f8tepunktet satt med turguiden. Den reisende vil f\u00e5 et m\u00f8tepunkt etter reservasjonsprosessen. Turene starter og slutter p\u00e5 m\u00f8testedene v\u00e5re.<\/span><\/p>\n<p>&nbsp;<\/p>\n<h4><b><i>Hva \u00e5 forvente?<\/i><\/b><\/h4>\n<p><em><strong>Skaff deg billett<\/strong><\/em> for \u00e5 bevare Ridgway&#039;s Hawk i Los Haitises nasjonalpark.<\/p>\n<p>Denne ekskursjonen starter fra m\u00f8tepunktet ved \u00e5 g\u00e5 Ridgway-stiene til hekkeomr\u00e5dene. Etter 30 min vandring og sett p\u00e5 Hawks, har vi muligheten til \u00e5 fortsette \u00e5 vandre rundt og se etter papeg\u00f8yer, pikuletter og andre endemiske arter i Los Haitises nasjonalpark.<\/p>\n<p>Los Haitises nasjonalpark har bare to stier for fuglekikking i Sabana de la Mar. P\u00e5 vei til Los Hiatises nasjonalpark stopper vi noen steder for \u00e5 se flere fugler.<\/p>\n<p>Har v\u00e6rt i San Lorenzo Bay. vi vil bes\u00f8ke to grotter, Sadly Cave-anropet i spanske Cueva de la Arena; i denne hulen kan vi se petrografene fra Tainos-samfunnene som bodde rundt dette omr\u00e5det. og bruke hulene som et tempel.<\/p>\n<p>Etter det g\u00e5r vi videre til Linea-hulen, denne med 2243 originale piktogrammer, og v\u00e5r guide forklarer deg informasjonen fra arkeologen om disse piktografene.<\/p>\n<p>Ta b\u00e5ten tilbake igjen til Pajaros-\u00f8ya (Fugle\u00f8ya) hvor vi kan se de fleste v\u00e5tmarksfuglene rundt til Los Haitises nasjonalpark. Bare fordi alle fugler ikke er i vannet.<\/p>\n<p>Etter 4,5 timer med \u00e5 l\u00e6re om fugler i Los Haitises nasjonalpark, ender denne ekskursjonen p\u00e5 samme sted som den startet.<\/p>\n<p><strong>Merk: Disse turene er med offisielle \u00f8kologguider fra Los Haitises nasjonalpark. Gi oss beskjed n\u00e5r du planlegger \u00e5 bes\u00f8ke oss!<\/strong><\/p>\n<p>&nbsp;<\/p>\n<h4><em><strong>Hva b\u00f8r du ta med?<\/strong><\/em><\/h4>\n<ul>\n<li style=\"font-weight: 400;\"><span style=\"font-weight: 400;\">Kamera<\/span><\/li>\n<li>Kikkert<\/li>\n<li style=\"font-weight: 400;\"><span style=\"font-weight: 400;\">Avvisende knopper<\/span><\/li>\n<li style=\"font-weight: 400;\"><span style=\"font-weight: 400;\">solkrem<\/span><\/li>\n<li style=\"font-weight: 400;\"><span style=\"font-weight: 400;\">Hatt<\/span><\/li>\n<li style=\"font-weight: 400;\"><span style=\"font-weight: 400;\">Komfortable bukser<\/span><\/li>\n<li style=\"font-weight: 400;\"><span style=\"font-weight: 400;\">Tursko for skog<\/span><\/li>\n<li style=\"font-weight: 400;\"><span style=\"font-weight: 400;\">Sandaler til v\u00e5romr\u00e5dene.<\/span><\/li>\n<li style=\"font-weight: 400;\"><span style=\"font-weight: 400;\">Badet\u00f8y<\/span><\/li>\n<\/ul>\n<p>&nbsp;<\/p>\n<h4><b><i>Hotellhenting <\/i><\/b><\/h4>\n<p><span style=\"font-weight: 400;\">Hotellhenting tilbys ikke for denne turen. <\/span><\/p>\n<p>&nbsp;<\/p>\n<p><b>Merk:<\/b><span style=\"font-weight: 400;\"> hvis du bestiller innen 24 timer etter turens\/utfluktens avgangstid, kan vi ordne hotellhenting med ekstra kostnader. N\u00e5r kj\u00f8pet er fullf\u00f8rt, vil vi sende deg fullstendig kontaktinformasjon (telefonnummer, e-postadresse osv.) slik at v\u00e5r lokale turguide kan organisere hentingsordninger.<\/span><\/p>\n<h4><b><i>Bekreftelse av tilleggsinformasjon <\/i><\/b><\/h4>\n<ol>\n<li>Billetter er kvitteringen etter \u00e5 ha betalt denne turen. Du kan vise betalingen p\u00e5 telefonen.<\/li>\n<li style=\"font-weight: 400;\"><span style=\"font-weight: 400;\">M\u00f8tepunkt vil bli mottatt etter reservasjonsprosessen.<\/span><\/li>\n<li style=\"font-weight: 400;\"><span style=\"font-weight: 400;\">Barn m\u00e5 v\u00e6re i f\u00f8lge med en voksen.<\/span><\/li>\n<li style=\"font-weight: 400;\"><span style=\"font-weight: 400;\"> Ikke tilgjengelig for rullestolbrukere <\/span><\/li>\n<li style=\"font-weight: 400;\"><span style=\"font-weight: 400;\">Spedbarn m\u00e5 sitte p\u00e5 fanget <\/span><\/li>\n<li style=\"font-weight: 400;\"><span style=\"font-weight: 400;\">Anbefales ikke for reisende med ryggproblemer<\/span><\/li>\n<li style=\"font-weight: 400;\"><span style=\"font-weight: 400;\">Anbefales ikke for gravide reisende <\/span><\/li>\n<li style=\"font-weight: 400;\"><span style=\"font-weight: 400;\"> Ingen hjerteproblemer eller andre alvorlige medisinske tilstander <\/span><\/li>\n<li style=\"font-weight: 400;\"><span style=\"font-weight: 400;\">De fleste reisende kan delta<\/span><\/li>\n<\/ol>\n<p>Denne turen tilbys til minimum 2 personer og maksimalt 15 personer. Ved f\u00e6rre personer, vennligst kontakt oss.<\/p>\n<h4><b><i>Avbestillingsregler<\/i><\/b><\/h4>\n<p>For full refusjon, vennligst les v\u00e5re avbestillingsregler\u00a0<a href=\"https:\/\/www.boattoursamana.com\/nb\/online-booking\/\" target=\"_blank\" rel=\"noopener\" data-saferedirecturl=\"https:\/\/www.google.com\/url?q=https:\/\/www.boattoursamana.com\/online-booking\/&amp;source=gmail&amp;ust=1672529771100000&amp;usg=AOvVaw2NIGJBZ0qjB5RhPUl5Obc7\">Klikk her<\/a>. Midler vil g\u00e5 tapt dersom reservasjonen kanselleres samme dag p\u00e5 reisen.<\/p>\n\n\t\t<\/div>\n\t<\/div>\n<\/div><\/div><\/div><\/div><div class=\"vc_row wpb_row vc_row-fluid\" ><\/div><div class=\"wpb_column vc_column_container vc_col-sm-12\"><div class=\"vc_column-inner\"><div class=\"wpb_wrapper\"><\/div><\/div><\/div><div class=\"vc_empty_space\"   style=\"height: 32px\"><span class=\"vc_empty_space_inner\"><\/span><\/div><div class=\"vc_empty_space\"   style=\"height: 32px\"><span class=\"vc_empty_space_inner\"><\/span><\/div><div class=\"vc_row wpb_row vc_row-fluid\" ><div class=\"wpb_column vc_column_container vc_col-sm-12\"><div class=\"vc_column-inner\"><div class=\"wpb_wrapper\"><div class=\"vc_btn3-container vc_btn3-inline\" ><button class=\"vc_general vc_btn3 vc_btn3-size-md vc_btn3-shape-rounded vc_btn3-style-modern vc_btn3-color-green\">BESTILL N\u00c5<\/button><\/div><\/div><\/div><\/div><\/div>","protected":false},"excerpt":{"rendered":"<p><span style=\"vertical-align: inherit;\"><span style=\"vertical-align: inherit;\">Viaje ecol\u00f3gico al Parque Nacional Los Haitises con un gu\u00eda tur\u00edstico local. <\/span><span style=\"vertical-align: inherit;\">Bes\u00f8k los halcones de Ridgway en el Parque Nacional Los Haitises y las areas hist\u00f3ricas de Sabana de la Mar en el Parque Nacional Los Haitises.<\/span><\/span><\/p>\n<p>&nbsp;<\/p>\n<p><em><strong><span style=\"vertical-align: inherit;\"><span style=\"vertical-align: inherit;\">Seleccione la fecha para el tour\u00a0<\/span><\/span><\/strong><\/em><\/p>","protected":false},"featured_media":12258,"template":"","meta":[],"product_cat":[255,946,932,927,253,254],"product_tag":[237,236,171,209,239,238,175,186,199,240],"class_list":["post-8850","product","type-product","status-publish","has-post-thumbnail","hentry","product_cat-tours-excursions-samana-bay-dominican-republic","product_cat-1-sabana-de-la-mar","product_cat-birdwatching-los-haitises","product_cat-hiking-los-haitises","product_cat-tours-and-excursions","product_cat-tours-excursions-los-haitises-national-park","product_tag-birding","product_tag-birdwatching","product_tag-los-haitises","product_tag-los-haitises-national-park","product_tag-nature","product_tag-ridgways-hawk","product_tag-sabana-de-la-mar","product_tag-samana","product_tag-samana-bay","product_tag-wildlife"],"_links":{"self":[{"href":"https:\/\/www.boattoursamana.com\/nb\/wp-json\/wp\/v2\/product\/8850","targetHints":{"allow":["GET"]}}],"collection":[{"href":"https:\/\/www.boattoursamana.com\/nb\/wp-json\/wp\/v2\/product"}],"about":[{"href":"https:\/\/www.boattoursamana.com\/nb\/wp-json\/wp\/v2\/types\/product"}],"wp:featuredmedia":[{"embeddable":true,"href":"https:\/\/www.boattoursamana.com\/nb\/wp-json\/wp\/v2\/media\/12258"}],"wp:attachment":[{"href":"https:\/\/www.boattoursamana.com\/nb\/wp-json\/wp\/v2\/media?parent=8850"}],"wp:term":[{"taxonomy":"product_cat","embeddable":true,"href":"https:\/\/www.boattoursamana.com\/nb\/wp-json\/wp\/v2\/product_cat?post=8850"},{"taxonomy":"product_tag","embeddable":true,"href":"https:\/\/www.boattoursamana.com\/nb\/wp-json\/wp\/v2\/product_tag?post=8850"}],"curies":[{"name":"wp","href":"https:\/\/api.w.org\/{rel}","templated":true}]}}