{"id":9613,"date":"2019-10-11T07:35:12","date_gmt":"2019-10-11T07:35:12","guid":{"rendered":"https:\/\/www.ticketswhales.com\/?post_type=product&#038;p=9613"},"modified":"2023-11-04T16:43:25","modified_gmt":"2023-11-04T16:43:25","slug":"samana-day-trip-from-punta-cana-el-limon-waterfall-and-bacardi-island","status":"publish","type":"product","link":"https:\/\/www.boattoursamana.com\/nb\/omvisning\/samana-dagstur-fra-fossen-punta-cana-el-limon-og-oya-bacardi","title":{"rendered":"Punta Cana: Saman\u00e1-dagstur \u2013 El Lim\u00f3n-fossen og Bacardi-\u00f8ya"},"content":{"rendered":"<div class=\"vc_row wpb_row vc_row-fluid\" ><div class=\"wpb_column vc_column_container vc_col-sm-12\"><div class=\"vc_column-inner\"><div class=\"wpb_wrapper\"><div class=\"mkdf-section-title-holder\" style=\"text-align: left\">\n\t<div class=\"mkdf-st-inner\">\n\t\t\t\t\t<h5 class=\"mkdf-st-subtitle\" >\n\t\t\t\t(Henting i Punta Cana)\t\t\t<\/h5>\n\t\t\t\t\t\t\t<h3 class=\"mkdf-st-title\" >\n\t\t\t\tSamana-dagstur fra Punta Cana - El Limon-fossen og Bacardi-\u00f8ya\t\t\t<\/h3>\n\t\t\t\t\t<\/div>\n<\/div><div class=\"vc_empty_space\"   style=\"height: 32px\"><span class=\"vc_empty_space_inner\"><\/span><\/div>\n\t<div class=\"wpb_text_column wpb_content_element\" >\n\t\t<div class=\"wpb_wrapper\">\n\t\t\t<div class=\"vc_row wpb_row vc_row-fluid\">\n<div class=\"wpb_column vc_column_container vc_col-sm-12\">\n<div class=\"vc_column-inner\">\n<div class=\"wpb_wrapper\">\n<div class=\"mkdf-section-title-holder\">\n<div class=\"mkdf-st-inner\">\n<h5 class=\"mkdf-st-subtitle\">(Henting i Punta Cana)<\/h5>\n<h3 class=\"mkdf-st-title\">Samana-dagstur fra Punta Cana \u2013 El Limon-fossen og Bacardi-\u00f8ya<\/h3>\n<\/div>\n<\/div>\n<\/div>\n<\/div>\n<\/div>\n<\/div>\n<div class=\"vc_row wpb_row vc_row-fluid\"><\/div>\n<div class=\"wpb_column vc_column_container vc_col-sm-12\">\n<div class=\"vc_column-inner\">\n<div class=\"wpb_wrapper\"><\/div>\n<\/div>\n<\/div>\n<div class=\"wpb_text_column wpb_content_element\">\n<div class=\"wpb_wrapper\"><\/div>\n<\/div>\n<h4><a id=\"overview\" class=\"aal_anchor\" href=\"https:\/\/bookingadventures.com.do\/dominicantour\/samana-day-trip-from-punta-cana-el-limon-waterfall-and-bacardi-island\/#overview\" aria-hidden=\"true\" rel=\"noopener\"><\/a><b><i>Oversikt<\/i><\/b><\/h4>\n<p>Hvis du er i Punta Cana eller Bavaro, og \u00f8nsker \u00e5 ha en dagstur som betaler mindre enn vanlig, kan du bestille denne turen. I l\u00f8pet av denne turen tar vi deg til Samana, hvor du p\u00e5 en katamaran blir f\u00f8rt til Sabana de la Mar, en township av Hato Mayor, huset til Los Haitises nasjonalpark. Denne reisen inkluderer \u00e5 bes\u00f8ke samfunnene Samana og El Limon hvor du vil v\u00e6re i stand til \u00e5 ri eller g\u00e5 p\u00e5 fottur til en foss rett etter \u00e5 ha krysset Samana Bay. Lunsjen vil bli servert p\u00e5 Bacardi Island. Turene starter klokken 06.00 og slutter klokken 18.30. Gj\u00f8r din reservasjon n\u00e5!<\/p>\n<p>Etter denne opplevelsen slipper vi deg av p\u00e5 ditt hotell.<\/p>\n<ul>\n<li>Avgifter inkludert<\/li>\n<li>Lunsj p\u00e5 stranden inkludert<\/li>\n<li>Overf\u00f8ring inkludert<\/li>\n<li>Veilederen gir instruksjon og veiledning<\/li>\n<\/ul>\n<p>&nbsp;<\/p>\n<h4><a id=\"inclusions-exclusions\" class=\"aal_anchor\" href=\"https:\/\/bookingadventures.com.do\/dominicantour\/samana-day-trip-from-punta-cana-el-limon-waterfall-and-bacardi-island\/#inclusions-exclusions\" aria-hidden=\"true\" rel=\"noopener\"><\/a><b>Inkluderinger og ekskluderinger<\/b><\/h4>\n<p>&nbsp;<\/p>\n<p><b>Inkluderinger<\/b><\/p>\n<p>&nbsp;<\/p>\n<ol>\n<li>Henting av hotell<\/li>\n<li>Saman\u00e1 Bay<\/li>\n<li>Bacardi Island, strand og lunsj<\/li>\n<li>Safari til El Lim\u00f3n<\/li>\n<li>Ridning eller fotturer til fossefall<\/li>\n<li>Dominikanske cocktailer<\/li>\n<li>Alle skatter, avgifter og h\u00e5ndteringskostnader<\/li>\n<li>Lokale skatter<\/li>\n<li>Drikkevarer<\/li>\n<li>Alle aktiviteter<\/li>\n<li>Lokal guide<\/li>\n<\/ol>\n<p><b>Ekskluderinger<\/b><\/p>\n<ol>\n<li>Drikkepenger<\/li>\n<li>Alkoholholdige drinker etter cocktailer<\/li>\n<\/ol>\n<p>&nbsp;<\/p>\n<h4><a id=\"departure-return\" class=\"aal_anchor\" href=\"https:\/\/bookingadventures.com.do\/dominicantour\/samana-day-trip-from-punta-cana-el-limon-waterfall-and-bacardi-island\/#departure-return\" aria-hidden=\"true\" rel=\"noopener\"><\/a><em><strong>Avreise og retur<\/strong><\/em><\/h4>\n<p>Den reisende vil f\u00e5 et m\u00f8tepunkt etter reservasjonsprosessen. Turer starter og slutter i m\u00f8testedene v\u00e5re.<\/p>\n<p>&nbsp;<\/p>\n<h3><a id=\"samana-day-trip-from-punta-cana-el-limon-waterfall-and-bacardi-island\" class=\"aal_anchor\" href=\"https:\/\/bookingadventures.com.do\/dominicantour\/samana-day-trip-from-punta-cana-el-limon-waterfall-and-bacardi-island\/#samana-day-trip-from-punta-cana-el-limon-waterfall-and-bacardi-island\" aria-hidden=\"true\" rel=\"noopener\"><\/a>Samana-dagstur fra Punta Cana \u2013 El Limon-fossen og Bacardi-\u00f8ya<\/h3>\n<h4><a id=\"what-to-expect\" class=\"aal_anchor\" href=\"https:\/\/bookingadventures.com.do\/dominicantour\/samana-day-trip-from-punta-cana-el-limon-waterfall-and-bacardi-island\/#what-to-expect\" aria-hidden=\"true\" rel=\"noopener\"><\/a><b><i>Hva \u00e5 forvente?<\/i><\/b><\/h4>\n<p>&nbsp;<\/p>\n<p><strong>Skaff deg billetter n\u00e5<\/strong>. Fossene, ridning, fotturer og safariturer, sv\u00f8mming ved Natural Springs, lunsj p\u00e5 Bacardi Island og andre morsomme aktiviteter venter p\u00e5 deg.<\/p>\n<p>Avreise Punta Cana p\u00e5 en buss, vil vi ta turen til Samana Bay havn. En gang i havnen vil vi g\u00e5 ombord p\u00e5 en b\u00e5t eller katamaran med lokale turguider som vil lede deg til samfunnet Samana. I dette fellesskapet vil en Safari Tour ta deg rundt og l\u00e6re deg om historien til denne byen. Men dette er ikke alt, El Limon-fossen er neste, her vil du kunne sv\u00f8mme og vandre eller ri p\u00e5 hest. El Limon-fossen er et fantastisk naturmonument med en tropisk skog og klare naturlige kilder. P\u00e5 vei tilbake til Samana vil vi ha et stopp p\u00e5 Bacardi Island hvor en lunsj vil bli servert og du skal kunne sv\u00f8mme i et av de mest naturlige bassengene i Den dominikanske republikk.<\/p>\n<p>&nbsp;<\/p>\n<p>Dersom du \u00f8nsker \u00e5 tilpasse denne turen slik at den blir kortere eller lengre, vennligst kontakt oss.<\/p>\n<p>&nbsp;<\/p>\n<h4><a id=\"what-you-should-bring\" class=\"aal_anchor\" href=\"https:\/\/bookingadventures.com.do\/dominicantour\/samana-day-trip-from-punta-cana-el-limon-waterfall-and-bacardi-island\/#what-you-should-bring\" aria-hidden=\"true\" rel=\"noopener\"><\/a><em><strong>Hva b\u00f8r du ta med?<\/strong><\/em><\/h4>\n<ul>\n<li>Kamera<\/li>\n<li>Avvisende knopper<\/li>\n<li>solkrem<\/li>\n<li>Hatt<\/li>\n<li>Komfortable bukser<\/li>\n<li>Tursko for skog<\/li>\n<li>Sandaler til v\u00e5romr\u00e5dene.<\/li>\n<li>Badet\u00f8y<\/li>\n<\/ul>\n<p>&nbsp;<\/p>\n<h4><a id=\"hotel-pickup\" class=\"aal_anchor\" href=\"https:\/\/bookingadventures.com.do\/dominicantour\/samana-day-trip-from-punta-cana-el-limon-waterfall-and-bacardi-island\/#hotel-pickup\" aria-hidden=\"true\" rel=\"noopener\"><\/a><b><i>Hotellhenting<\/i><\/b><\/h4>\n<p>Henting fra reisende tilbys!<\/p>\n<p>Vi henter fra alle hotellene i Punta Cana. Hentested er hotelllobbyen<br \/>\nHvis du bor i en leilighet i omr\u00e5det, henter vi deg i leiligheten eller ved inngangen til n\u00e6rmeste feriested.. Vi setter Pick up til \u00e5 kontakte oss via Whatsapp.<\/p>\n<p><b>Merk:<\/b>\u00a0hvis du bestiller innen 24 timer etter turens\/utfluktens avgangstid, kan vi ordne hotellhenting med ekstra kostnader. N\u00e5r kj\u00f8pet er fullf\u00f8rt, vil vi sende deg fullstendig kontaktinformasjon (telefonnummer, e-postadresse osv.) slik at v\u00e5r lokale turguide kan organisere hentingsordninger.<\/p>\n<h4><a id=\"additional-info-confirmation\" class=\"aal_anchor\" href=\"https:\/\/bookingadventures.com.do\/dominicantour\/samana-day-trip-from-punta-cana-el-limon-waterfall-and-bacardi-island\/#additional-info-confirmation\" aria-hidden=\"true\" rel=\"noopener\"><\/a><b><i>Bekreftelse av tilleggsinformasjon<\/i><\/b><\/h4>\n<ol>\n<li>Billetter er kvitteringen etter \u00e5 ha betalt denne turen. Du kan vise betalingen p\u00e5 telefonen.<\/li>\n<li>M\u00f8tepunkt vil bli mottatt etter reservasjonsprosessen.<\/li>\n<li>Barn m\u00e5 v\u00e6re i f\u00f8lge med en voksen.<\/li>\n<li>Ikke tilgjengelig for rullestolbrukere<\/li>\n<li>Spedbarn m\u00e5 sitte p\u00e5 fanget<\/li>\n<li>Anbefales ikke for reisende med ryggproblemer<\/li>\n<li>Anbefales ikke for gravide reisende<\/li>\n<li>Ingen hjerteproblemer eller andre alvorlige medisinske tilstander<\/li>\n<li>De fleste reisende kan delta<\/li>\n<\/ol>\n\n\t\t<\/div>\n\t<\/div>\n<\/div><\/div><\/div><\/div><div class=\"wpb_column vc_column_container vc_col-sm-12\"><div class=\"vc_column-inner\"><div class=\"wpb_wrapper\"><\/div><\/div><\/div><div class=\"wpb_column vc_column_container vc_col-sm-12\"><div class=\"vc_column-inner\"><div class=\"wpb_wrapper\"><\/div><\/div><\/div>","protected":false},"excerpt":{"rendered":"<p>Hvis du er i Punta Cana eller Bavaro og \u00f8nsker \u00e5 ta en dagstur som betaler mindre enn vanlig, bestill denne turen. I l\u00f8pet av denne turen tar vi deg til Samana, hvor du p\u00e5 en katamaran blir f\u00f8rt til Sabana de la Mar, en kommune i Hato Mayor, hjemmet til Los Haitises nasjonalpark. Denne turen inkluderer Safari Tour, Catamaran, Waterfall &amp; Beach Swim og mer. Turen starter kl. 06.00 og slutter kl. 18.30.<\/p>\n<p><strong>Velg dato for turen\u00a0<\/strong><\/p>","protected":false},"featured_media":11580,"template":"","meta":[],"product_cat":[456,948,961,959,189,972,963,190,307,253,254,255],"product_tag":[184,183,384,223,382,380,185,381,222,175,383,186,458,457,200,187],"class_list":["post-9613","product","type-product","status-publish","has-post-thumbnail","hentry","product_cat-day-trips","product_cat-1-punta-cana","product_cat-el-limon-horseback-riding","product_cat-el-limon-punta-cana","product_cat-horse-riding-to-waterfalls","product_cat-punta-cana-group-tours","product_cat-punta-cana-samana-day-trips","product_cat-safari-samana","product_cat-salto-el-limon-and-bacardi-island","product_cat-tours-and-excursions","product_cat-tours-excursions-los-haitises-national-park","product_cat-tours-excursions-samana-bay-dominican-republic","product_tag-bacardi-island","product_tag-beach-time","product_tag-cascada-el-limon-salto-el-limon-samana-republica-dominicana","product_tag-cayo-levantado","product_tag-el-limon-waterfall-bacardi-island-from-punta-cana","product_tag-el-limon-waterfall-and-bacardi-island-tour-from-punta-cana","product_tag-el-limon-waterfalls","product_tag-guided-adventures","product_tag-punta-cana","product_tag-sabana-de-la-mar","product_tag-salto-de-limon-punta-cana","product_tag-samana","product_tag-samana-day-trip-from-punta-cana","product_tag-samana-day-trip-from-punta-cana-el-limon-waterfall-and-bacardi-island","product_tag-samana-excursions","product_tag-samana-tours"],"_links":{"self":[{"href":"https:\/\/www.boattoursamana.com\/nb\/wp-json\/wp\/v2\/product\/9613","targetHints":{"allow":["GET"]}}],"collection":[{"href":"https:\/\/www.boattoursamana.com\/nb\/wp-json\/wp\/v2\/product"}],"about":[{"href":"https:\/\/www.boattoursamana.com\/nb\/wp-json\/wp\/v2\/types\/product"}],"wp:featuredmedia":[{"embeddable":true,"href":"https:\/\/www.boattoursamana.com\/nb\/wp-json\/wp\/v2\/media\/11580"}],"wp:attachment":[{"href":"https:\/\/www.boattoursamana.com\/nb\/wp-json\/wp\/v2\/media?parent=9613"}],"wp:term":[{"taxonomy":"product_cat","embeddable":true,"href":"https:\/\/www.boattoursamana.com\/nb\/wp-json\/wp\/v2\/product_cat?post=9613"},{"taxonomy":"product_tag","embeddable":true,"href":"https:\/\/www.boattoursamana.com\/nb\/wp-json\/wp\/v2\/product_tag?post=9613"}],"curies":[{"name":"wp","href":"https:\/\/api.w.org\/{rel}","templated":true}]}}