{"id":9653,"date":"2019-10-15T08:33:05","date_gmt":"2019-10-15T08:33:05","guid":{"rendered":"https:\/\/www.ticketswhales.com\/?post_type=product&#038;p=9653"},"modified":"2023-11-10T17:27:37","modified_gmt":"2023-11-10T17:27:37","slug":"catalina-island-altos-de-chavon-from-punta-cana-snorkeling-with-catamaran-party","status":"publish","type":"product","link":"https:\/\/www.boattoursamana.com\/nb\/omvisning\/catalina-island-altos-de-chavon-from-punta-cana-snorkeling-with-catamaran-party","title":{"rendered":"Catalina Island og Altos de Chavon fra Punta Cana (snorkling med katamaranfest)"},"content":{"rendered":"<div class=\"vc_row wpb_row vc_row-fluid\" ><div class=\"wpb_column vc_column_container vc_col-sm-12\"><div class=\"vc_column-inner\"><div class=\"wpb_wrapper\"><div class=\"mkdf-section-title-holder\" style=\"text-align: left\">\n\t<div class=\"mkdf-st-inner\">\n\t\t\t\t\t<h5 class=\"mkdf-st-subtitle\" >\n\t\t\t\tHalvdagsopplevelse\t\t\t<\/h5>\n\t\t\t\t\t\t\t<h3 class=\"mkdf-st-title\" >\n\t\t\t\tCatalina Island og snorkling med katamaranfest fra Punta Cana\t\t\t<\/h3>\n\t\t\t\t\t<\/div>\n<\/div><div class=\"vc_btn3-container vc_btn3-inline\" ><button class=\"vc_general vc_btn3 vc_btn3-size-md vc_btn3-shape-rounded vc_btn3-style-modern vc_btn3-color-green\">BESTILL N\u00c5<\/button><\/div><\/div><\/div><\/div><\/div><div class=\"vc_row wpb_row vc_row-fluid\" ><div class=\"wpb_column vc_column_container vc_col-sm-12\"><div class=\"vc_column-inner\"><div class=\"wpb_wrapper\">\n\t<div class=\"wpb_text_column wpb_content_element\" >\n\t\t<div class=\"wpb_wrapper\">\n\t\t\t<div class=\"vc_row wpb_row vc_row-fluid\">\n<div class=\"wpb_column vc_column_container vc_col-sm-12\">\n<div class=\"vc_column-inner\">\n<div class=\"wpb_wrapper\">\n<div class=\"wpb_text_column wpb_content_element\">\n<div class=\"wpb_wrapper\">\n<div class=\"vc_row wpb_row vc_row-fluid\">\n<div class=\"wpb_column vc_column_container vc_col-sm-12\">\n<div class=\"vc_column-inner\">\n<div class=\"wpb_wrapper\">\n<div class=\"wpb_text_column wpb_content_element\">\n<div class=\"wpb_wrapper\">\n<h4><b><i>Oversikt<\/i><\/b><\/h4>\n<p>Vi nyter en katamarantur over krystallklart vann til Catalina Island, det mest kjente omr\u00e5det for snorkling i Den dominikanske republikk.<\/p>\n<p>Dagen din begynner med henting i hotellets hovedlobby eller et spesifisert m\u00f8tested. Deretter fortsetter vi til Catalina Island for \u00e5 nyte et forfriskende bad og noen drinker, mens den som kan utf\u00f8re 2 typer Snorkel med en instrukt\u00f8r, og etterp\u00e5 spiser vi en deilig lunsjbuffet p\u00e5 stranden og vi tar noen klasser i salsa og Bachata, mens vi ogs\u00e5 lager noen deilige drinker. N\u00e5r du er lei av \u00e5 v\u00e6re lat p\u00e5 stranden, kan du ta deg snorkleutstyr og beundre Catalinas undervannsverden.<\/p>\n<p>Havet, s\u00e5 utrolig klart, og den hvite sanden p\u00e5 stranden venter p\u00e5 deg. Slapp av p\u00e5 en solseng eller snorkling, alt inkludert for deg. Du vil nyte hvor du vil se tradisjonen med musikk og dans.<\/p>\n<p>Etter dette drar vi til Altos de Chavon Cattle and River!<\/p>\n<p><strong>Merk:<\/strong> Denne turen er ikke privat. Hvis du vil sette opp en privat tur, bare kontakt oss!<\/p>\n<ul>\n<li>\n<div class=\"py-1 inclusions-exclusions-item d-flex\" lang=\"en-x-mtfrom-en\">\n<div class=\"d-inline-block inclusions-exclusions-text\">Privat transport<\/div>\n<\/div>\n<\/li>\n<li>Naturlig sv\u00f8mmebasseng for \u00e5 se p\u00e5 stjernefisk<\/li>\n<li>Snorkling<\/li>\n<li>Lunsj<\/li>\n<li>B\u00e5tkatamaranoverf\u00f8ring<\/li>\n<li>Kapteinen gir instruksjon og tilsyn<\/li>\n<li>Tur guide<\/li>\n<\/ul>\n<p>&nbsp;<\/p>\n<h4><b>Inkluderinger og ekskluderinger<\/b><\/h4>\n<p><b>Inkluderinger<\/b><\/p>\n<ol>\n<li>Tur guide<\/li>\n<li>snorkling<\/li>\n<li>Lunsj<\/li>\n<li>Henting p\u00e5 hotell<\/li>\n<li>Katamaran eller b\u00e5ttur<\/li>\n<li>Alle skatter, avgifter og h\u00e5ndteringskostnader<\/li>\n<li>Lokale skatter<\/li>\n<li>Drikkevarer<\/li>\n<\/ol>\n<p><b>Ekskluderinger<\/b><\/p>\n<ol>\n<li>Drikkepenger<\/li>\n<li>Bilder<\/li>\n<\/ol>\n<h4><em><strong>Avreise og retur<\/strong><\/em><\/h4>\n<p>Den reisende vil f\u00e5 et m\u00f8tepunkt etter reservasjonsprosessen. Turer starter og slutter i m\u00f8testedene v\u00e5re.<\/p>\n<h3>Catalina Island og snorkling med katamaranfest fra Punta Cana \u2013 halvdagsopplevelse.<\/h3>\n<h4><b><i>Hva \u00e5 forvente?<\/i><\/b><\/h4>\n<p>Under Catalina Island Excursion fra Punta Cana vil gjestene f\u00e5 muligheten til \u00e5 snorkle i de pulserende korallrevene ved Catalina, sv\u00f8mme blant livlige fiskestim som nyter den fantastiske karibiske undervannsfaunaen.<\/p>\n<p>Vi starter snorkleutflukten med avgang om morgenen mot La Romana. Under kj\u00f8returen vil vi passere sukkerr\u00f8rfeltene mens guiden din gir interessant informasjon om omr\u00e5dets historie, generell kultur og romfremstillingsteknikker i landet. Ved ankomst til La Romana g\u00e5r vi ombord p\u00e5 v\u00e5r katamaran og drar mot Catalina. V\u00e5rt f\u00f8rste stopp p\u00e5 \u00f8ya vil v\u00e6re &quot;The Wall&quot;, en majestetisk korallvegg som strekker seg fra \u00f8ya til Det karibiske hav.<\/p>\n<p>Etter snorkling fortsetter du stien til den vakre stranden Catalina, et eksklusivt sted. Ved ankomst vil gjestene ha tilgang til 2 kilometer med hvite sandstrender og krystallklart vann, en strandbar med drinker og en deilig dominikansk lunsjbuff\u00e9 med grillmat. Vi g\u00e5r ombord p\u00e5 katamaranen rundt 15:30 for \u00e5 returnere til Punta Cana etter en utrolig dag med snorkling og avslapning p\u00e5 Catalina Island. \u00d8yUnder Catalina Island Excursion fra Punta Cana vil gjestene f\u00e5 muligheten til \u00e5 snorkle i de pulserende korallrevene ved Catalina, og sv\u00f8mme blant livlige fiskestim som nyter den fantastiske karibiske undervannsfaunaen.<\/p>\n<p>Vi starter snorkleutflukten med avgang om morgenen mot La Romana. Under kj\u00f8returen vil vi passere sukkerr\u00f8rfeltene mens guiden din gir interessant informasjon om omr\u00e5dets historie, generell kultur og romfremstillingsteknikker i landet. Ved ankomst til La Romana g\u00e5r vi ombord p\u00e5 v\u00e5r katamaran og drar mot Catalina.<\/p>\n<p>V\u00e5rt f\u00f8rste stopp p\u00e5 \u00f8ya vil v\u00e6re &quot;The Wall&quot;, en majestetisk korallvegg som strekker seg fra \u00f8ya til Det karibiske hav. Etter snorkling fortsetter du stien til den vakre stranden Catalina, et eksklusivt sted. Ved ankomst vil gjestene ha tilgang til 2 kilometer med hvite sandstrender og krystallklart vann, en strandbar med drinker og en deilig dominikansk lunsjbuff\u00e9 med grillmat. Vi g\u00e5r ombord p\u00e5 katamaranen rundt 15:30 for \u00e5 returnere til Punta Cana etter en utrolig dag med snorkling og avslapning p\u00e5 Catalina Island.<\/p>\n<div class=\"a-text--first-content _for-copy-large l-hide-for-large\">\n<p>La<strong>\u00a0Det karibiske paradiset Catalina Island fengsler deg\u00a0<\/strong>og utforske det pittoreske\u00a0<strong>Altos de Chav\u00f3n<\/strong>\u00a0p\u00e5 denne uunnv\u00e6rlige dagsturen fra La Romana.<\/p>\n<\/div>\n<div id=\"o-slider--activity-detail__container\" class=\"o-slider js-module-slider is-photos\"><\/div>\n<div id=\"l-768-calendar-anchor\"><\/div>\n<div id=\"new-fading-text\" class=\"new-fading-text _loaded u-no-before show-hidden-elements\">\n<div class=\"o-activity-description\">\n<h2>Catalina Island og Altos de Chav\u00f3n dagstur<\/h2>\n<p>Etter \u00e5 ha blitt hentet fra hotellet om morgenen, drar du ut p\u00e5 eventyret ditt og tar ditt f\u00f8rste stopp i\u00a0<strong>Altos de Chav\u00f3n<\/strong>. Du har 40 minutter til \u00e5 utforske dette<strong>\u00a0vakker rekreasjon av en landsby i middelhavsstil<\/strong>\u00a0og beundre utsikten over elven Chav\u00f3n som renner ved siden av den. Virkelig fortryllende!<\/p>\n<p class=\"new-fading-text__hidden-element\">Fortsetter du omvisningen, blir du f\u00f8rt til en brygge p\u00e5\u00a0<strong>Salado-elven\u00a0<\/strong>hvor din\u00a0<strong>katamaran\u00a0<\/strong>vil vente p\u00e5 at du skal seile til Isla Catalina. Under cruiset ditt, som vil ta rundt 40 minutter, vil du nyte en drink om bord mens du beundrer\u00a0<strong>gjennomtrengende bl\u00e5 av det glitrende karibiske hav<\/strong>.<\/p>\n<p class=\"new-fading-text__hidden-element\">N\u00e5r du n\u00e6rmer deg destinasjonen din, g\u00e5r du direkte til korallrevet kjent som La Pared, eller The Wall, hvor du har muligheten til \u00e5\u00a0<strong>kj\u00f8l deg ned med en forfriskende dukkert i havet og snorkle blant det utrolige marine livet<\/strong>. Bruk 40 minutter p\u00e5 \u00e5 utforske under vann, f\u00f8r du g\u00e5r tilbake til katamaranen og slipper anker ved kaien p\u00e5 Catalina Island.<\/p>\n<p class=\"new-fading-text__hidden-element\">Med f\u00f8ttene p\u00e5 t\u00f8rt land blir du f\u00f8rt til en liten restaurant med fantastisk havutsikt, hvor du vil bli behandlet med en\u00a0<strong>deilig lunsjbuff\u00e9<\/strong>. Med fornyet energi vil du da ha tre timer ledig tid til \u00e5 f\u00e5 mest mulig ut av det\u00a0<strong>paradis hvite sandstrender<\/strong>. Enten du foretrekker \u00e5 slappe av og sole deg eller pr\u00f8ve en morsom aktivitet som padlesurfing, vil du nyte en uforglemmelig ettermiddag.<\/p>\n<p class=\"new-fading-text__hidden-element\">P\u00e5 slutten av dagen g\u00e5r du tilbake til katamaranen for \u00e5 seile tilbake til La Romana, hvor du blir satt av p\u00e5 hotellet ditt.<\/p>\n<\/div>\n<\/div>\n<p>&nbsp;<\/p>\n<p><strong>Rutetabell:<\/strong><\/p>\n<p>7.00\u201316.30<\/p>\n<p>&nbsp;<\/p>\n<\/div>\n<p>Tiden kan endres avhenger av tidspunktet for avreise fra hoteller.<\/p>\n<div class=\"wpb_wrapper\">\n<p>&nbsp;<\/p>\n<h4><em><strong>Hva b\u00f8r du ta med?<\/strong><\/em><\/h4>\n<ul>\n<li>Kamera<\/li>\n<li>Avvisende knopper<\/li>\n<li>solkrem<\/li>\n<li>Hatt<\/li>\n<li>Komfortable bukser<\/li>\n<li>Badet\u00f8y<\/li>\n<li>Kontanter for suvenirer<\/li>\n<\/ul>\n<p>&nbsp;<\/p>\n<h4><b><i>Hotellhenting<\/i><\/b><\/h4>\n<p>Hotellhenting tilbys for denne turen. Vi kan stille inn det via Whatsapp. Fra La Romana, Punta Cana, Bavaro og Bayahibe Hotels.<\/p>\n<p>&nbsp;<\/p>\n<p><b>Merk:<\/b> hvis du bestiller innen 24 timer etter turens\/utfluktens avgangstid, kan vi ordne hotellhenting. N\u00e5r kj\u00f8pet er fullf\u00f8rt, vil vi sende deg fullstendig kontaktinformasjon (telefonnummer, e-postadresse osv.) slik at v\u00e5r lokale turguide kan organisere henting.<\/p>\n<h4><b><i>Bekreftelse av tilleggsinformasjon<\/i><\/b><\/h4>\n<ol>\n<li>Billetter er kvitteringen etter \u00e5 ha betalt denne turen. Du kan vise betalingen p\u00e5 telefonen.<\/li>\n<li>M\u00f8tepunkt vil bli mottatt etter reservasjonsprosessen.<\/li>\n<li>Barn m\u00e5 v\u00e6re i f\u00f8lge med en voksen.<\/li>\n<li>tilgjengelig for rullestol<\/li>\n<li>Spedbarn m\u00e5 sitte p\u00e5 fanget<\/li>\n<li>De fleste reisende kan delta<\/li>\n<\/ol>\n<h4><b><i>Avbestillingsregler<\/i><\/b><\/h4>\n<p>For full refusjon, vennligst les v\u00e5re avbestillingsregler\u00a0<a href=\"https:\/\/www.boattoursamana.com\/nb\/online-booking\/\" target=\"_blank\" rel=\"noopener\" data-saferedirecturl=\"https:\/\/www.google.com\/url?q=https:\/\/www.boattoursamana.com\/online-booking\/&amp;source=gmail&amp;ust=1672532492004000&amp;usg=AOvVaw3ylqI1cdbIPTimEqEWneyd\">Klikk her<\/a>. Midler vil g\u00e5 tapt dersom reservasjonen kanselleres samme dag p\u00e5 reisen.<\/p>\n<\/div>\n<\/div>\n<\/div>\n<\/div>\n<\/div>\n<\/div>\n<\/div>\n<\/div>\n<\/div>\n<\/div>\n<\/div>\n<\/div>\n<div class=\"vc_row wpb_row vc_row-fluid\">\n<div class=\"wpb_column vc_column_container vc_col-sm-12\">\n<div class=\"vc_column-inner\">\n<div class=\"wpb_wrapper\">\n<div class=\"vc_empty_space\"><\/div>\n<div class=\"wpb_text_column wpb_content_element\">\n<div class=\"wpb_wrapper\">\n<h4>Kontakt oss?<\/h4>\n<h5><b><i>Booking Adventures<\/i><\/b><\/h5>\n<p><em><strong>Lokalbefolkningen<\/strong>\u00a0og\u00a0<strong>Nationals<\/strong>\u00a0Turguider og gjestetjenester<\/em><\/p>\n<p><span class=\"text-turquoise\">Reservasjoner:<\/span>\u00a0Turer og utflukter i Dom. Rep.<\/p>\n<p><img decoding=\"async\" class=\"emoji\" src=\"https:\/\/s.w.org\/images\/core\/emoji\/11.2.0\/svg\/1f4de.svg\" alt=\"\ud83d\udcde\" title=\"\">\u00a0Tlf \/ Whatsapp\u00a0\u00a0<a href=\"tel:+1-809-720-6035\">+1-809-720-6035<\/a>.<\/p>\n<p><img decoding=\"async\" class=\"emoji\" src=\"https:\/\/s.w.org\/images\/core\/emoji\/11.2.0\/svg\/1f4e9.svg\" alt=\"\ud83d\udce9\" title=\"\">\u00a0<a href=\"mailto:info@bookingadventures.com.do\">info@bookingadventures.com.do<\/a><\/p>\n<p><strong>Vi er fleksible med private turer av Whatsapp:\u00a0<a href=\"tel:+18097206035\">+18097206035.<\/a><\/strong><\/p>\n<\/div>\n<\/div>\n<\/div>\n<\/div>\n<\/div>\n<\/div>\n\n\t\t<\/div>\n\t<\/div>\n<div class=\"vc_btn3-container vc_btn3-inline\" ><button class=\"vc_general vc_btn3 vc_btn3-size-md vc_btn3-shape-rounded vc_btn3-style-modern vc_btn3-color-green\">BESTILL N\u00c5<\/button><\/div><\/div><\/div><\/div><\/div><div class=\"vc_row wpb_row vc_row-fluid\" ><div class=\"wpb_column vc_column_container vc_col-sm-12\"><div class=\"vc_column-inner\"><div class=\"wpb_wrapper\"><\/div><\/div><\/div><\/div>","protected":false},"excerpt":{"rendered":"<p>Den lille \u00f8ya Catalina (Isla Catalina), bare 2,4 kilometer fra den dominikanske republikkens fastland, er en idyllisk sandflekk i det turkise karibiske vannet. Catalina er kjent for sine godt befolkede korallrev, og er et fredelig pusterom for de som \u00f8nsker \u00e5 unnslippe travle Punta Cana og La Romana.<\/p>\n<p>Bestill en dagstur med oss. Catalina Island i en festkatamaran med snorkling!<\/p>\n<p>&nbsp;<\/p>\n<p>Vennligst velg dato for utflukten:<\/p>","protected":false},"featured_media":9658,"template":"","meta":[],"product_cat":[483,948,160,972,967,349,253,255],"product_tag":[973,974,975,485,976,480,296,471,484],"class_list":["post-9653","product","type-product","status-publish","has-post-thumbnail","hentry","product_cat-catalina-island-catamaran-and-snorkeling","product_cat-1-punta-cana","product_cat-lunch","product_cat-punta-cana-group-tours","product_cat-punta-cana-catalina-island","product_cat-tours-and-excursion-punta-cana","product_cat-tours-and-excursions","product_cat-tours-excursions-samana-bay-dominican-republic","product_tag-catalina-island","product_tag-catalina-island-dominican-republic-snorkeling","product_tag-catalina-island-packages","product_tag-catalina-island-snorkeling-dominican-republic","product_tag-catalina-island-tour","product_tag-cheap-punta-cana-excursions","product_tag-day-trip-punta-cana","product_tag-punta-cana-catamaran-party-with-snorkeling-and-parasailing","product_tag-talina-island-snorkeling"],"_links":{"self":[{"href":"https:\/\/www.boattoursamana.com\/nb\/wp-json\/wp\/v2\/product\/9653","targetHints":{"allow":["GET"]}}],"collection":[{"href":"https:\/\/www.boattoursamana.com\/nb\/wp-json\/wp\/v2\/product"}],"about":[{"href":"https:\/\/www.boattoursamana.com\/nb\/wp-json\/wp\/v2\/types\/product"}],"wp:featuredmedia":[{"embeddable":true,"href":"https:\/\/www.boattoursamana.com\/nb\/wp-json\/wp\/v2\/media\/9658"}],"wp:attachment":[{"href":"https:\/\/www.boattoursamana.com\/nb\/wp-json\/wp\/v2\/media?parent=9653"}],"wp:term":[{"taxonomy":"product_cat","embeddable":true,"href":"https:\/\/www.boattoursamana.com\/nb\/wp-json\/wp\/v2\/product_cat?post=9653"},{"taxonomy":"product_tag","embeddable":true,"href":"https:\/\/www.boattoursamana.com\/nb\/wp-json\/wp\/v2\/product_tag?post=9653"}],"curies":[{"name":"wp","href":"https:\/\/api.w.org\/{rel}","templated":true}]}}