{"id":9918,"date":"2020-03-29T08:08:03","date_gmt":"2020-03-29T08:08:03","guid":{"rendered":"https:\/\/www.ticketswhales.com\/Tours-Excursions\/uncategorized\/import-placeholder-for-9917\/"},"modified":"2023-11-10T16:12:30","modified_gmt":"2023-11-10T16:12:30","slug":"birdwatching-punta-cana-birding-tours-from-punta-cana-to-los-haitises-national-park","status":"publish","type":"product","link":"https:\/\/www.boattoursamana.com\/nb\/omvisning\/fugletitting-punta-cana-fugletitting-turer-fra-punta-cana-til-los-haitises-nasjonalpark","title":{"rendered":"Fugletitting Punta Cana \u2013 Fugleturer fra Punta Cana til Los Haitises nasjonalpark"},"content":{"rendered":"<div class=\"vc_row wpb_row vc_row-fluid\" ><div class=\"wpb_column vc_column_container vc_col-sm-12\"><div class=\"vc_column-inner\"><div class=\"wpb_wrapper\">\n\t<div class=\"wpb_text_column wpb_content_element\" >\n\t\t<div class=\"wpb_wrapper\">\n\t\t\t<div class=\"vc_row wpb_row vc_row-fluid\">\n<div class=\"wpb_column vc_column_container vc_col-sm-12\">\n<div class=\"vc_column-inner\">\n<div class=\"wpb_wrapper\">\n<div class=\"mkdf-section-title-holder\">\n<div class=\"mkdf-st-inner\">\n<h5 class=\"mkdf-st-subtitle\">Fugletitting i Los Haitises nasjonalpark<\/h5>\n<h2 class=\"mkdf-st-title\">Fugleturer fra Punta Cana til Los Haitises nasjonalpark<\/h2>\n<\/div>\n<\/div>\n<\/div>\n<\/div>\n<\/div>\n<\/div>\n<div class=\"vc_row wpb_row vc_row-fluid\">\n<div class=\"wpb_column vc_column_container vc_col-sm-12\">\n<div class=\"vc_column-inner\">\n<div class=\"wpb_wrapper\">\n<div class=\"wpb_text_column wpb_content_element\">\n<div class=\"wpb_wrapper\">\n<h4><b><i>Oversikt<\/i><\/b><\/h4>\n<section><\/section>\n<p>Kun bes\u00f8k som tilbys i Den dominikanske republikk med nasjonale og lokale turguider sertifisert av turistdepartementet i Den dominikanske republikk. Kontakt direkte lokale eksperter og bes\u00f8k Los Haitises, nasjonalpark. Mens de fleste drar ut med b\u00e5t for \u00e5 utforske parken og dens huler, \u00f8yer. Vi vil fokusere p\u00e5 ornitologstudiene i Los Haitises nasjonalpark. Nyter og l\u00e6rer om prosjekter for beskyttelse av dyrelivet p\u00e5 private turer.<\/p>\n<p>Vi bevarer 110 fuglearter som du kan finne i Los Haitises nasjonalpark. G\u00e5 gjennom denne magiske skogen p\u00e5 jakt etter papeg\u00f8yer, Todys, Ridgway&#039;s Hawks, tanagers, kolibrier og mye mer. Gir interessant historie om alle disse fuglene som du kan se p\u00e5 Humit-stien. Vi kjenner til habitatene til Ridgway&#039;s, Ashy Faced Owls og andre endemiske arter. Denne turen fokuserer p\u00e5 naturen og er mer konsentrert om informasjon om dyrelivet med forventede lokale turguider sertifisert som ornitolog.<\/p>\n<p><strong>Vanligvis er det en privat tur for en opplevelse av virkelig h\u00f8y kvalitet.<\/strong><\/p>\n<p>Sjekk her listen over de vanligste fuglene p\u00e5 v\u00e5re turer:\u00a0<a href=\"https:\/\/avibase.bsc-eoc.org\/checklist.jsp?lang=ES&amp;p2=1&amp;list=clements&amp;synlang=EN&amp;region=DO0005&amp;version=text&amp;lifelist=&amp;highlight=0\" target=\"_blank\" rel=\"noopener\"><strong>KLIKK HER<\/strong><\/a><\/p>\n<h4><\/h4>\n<h4><b>Inkluderinger og ekskluderinger<\/b><\/h4>\n<p><b>Inkluderinger<\/b><\/p>\n<ol>\n<li>3 timers fugletur p\u00e5 parkstiene<\/li>\n<li>Alle skatter, avgifter og h\u00e5ndteringskostnader<\/li>\n<li>Lokale skatter<\/li>\n<li>Lunsj<\/li>\n<li>Tjenestemenn \u00d8kolog reiseledere engelsk\/spansk<\/li>\n<li>Transfer fra Punta Cana<\/li>\n<\/ol>\n<p><b>Ekskluderinger<\/b><\/p>\n<ol>\n<li>Drikkepenger<\/li>\n<li>Alkoholholdige drinker<\/li>\n<\/ol>\n<p>&nbsp;<\/p>\n<h4><a id=\"departure-return\" class=\"aal_anchor\" href=\"https:\/\/www.boattoursamana.com\/nb\/tours-excursions\/fees-entrace\/fugletitting-punta-cana-fugletitting-turer-fra-punta-cana-til-los-haitises-nasjonalpark\/#departure-return\" target=\"_blank\" rel=\"noopener\" aria-hidden=\"true\"><\/a><em><strong>Avreise og retur<\/strong><\/em><\/h4>\n<p>Turen, organisert av &quot;Booking Adventures locals Ornithologist tour Guides&quot; starter p\u00e5 m\u00f8tepunktet satt med turguiden. Den reisende vil f\u00e5 et m\u00f8tepunkt etter reservasjonsprosessen. Turer starter og slutter p\u00e5 m\u00f8testedene v\u00e5re.<\/p>\n<p>&nbsp;<\/p>\n<h4><a id=\"what-to-expect\" class=\"aal_anchor\" href=\"https:\/\/www.boattoursamana.com\/nb\/tours-excursions\/fees-entrace\/fugletitting-punta-cana-fugletitting-turer-fra-punta-cana-til-los-haitises-nasjonalpark\/#what-to-expect\" target=\"_blank\" rel=\"noopener\" aria-hidden=\"true\"><\/a><b><i>Hva \u00e5 forvente?<\/i><\/b><\/h4>\n<p><em><strong>Skaff deg billett<\/strong><\/em>\u00a0for fugletitting i Los Haitises nasjonalpark fra Punta Cana. Turen fra Punta cana til nasjonalparken tar rundt 1:45 minutter. N\u00e5r du ankommer parken f\u00e5r vi 30 min fotturer og se p\u00e5 Hawks, vi har muligheten til \u00e5 fortsette \u00e5 vandre rundt og se etter papeg\u00f8yer, piculets og andre endemiske arter i Los Haitises nasjonalpark.<\/p>\n<p>Los Haitises nasjonalpark har bare to stier for fuglekikking i Sabana de la Mar. P\u00e5 vei til Los Hiatises nasjonalpark stopper vi noen steder for \u00e5 se flere fugler.<\/p>\n<p>Etter 4 og en halv time med \u00e5 l\u00e6re om fugler i Los Haitises nasjonalpark, ender denne ekskursjonen p\u00e5 samme sted som den startet.<\/p>\n<p><strong>Merk: Disse turene er med reiseledere fra Officials Ecologist. Vennligst bestill i tide fordi i parken er det ikke for mange spesialister.<\/strong><\/p>\n<p>&nbsp;<\/p>\n<h4><a id=\"what-you-should-bring\" class=\"aal_anchor\" href=\"https:\/\/www.boattoursamana.com\/nb\/tours-excursions\/fees-entrace\/fugletitting-punta-cana-fugletitting-turer-fra-punta-cana-til-los-haitises-nasjonalpark\/#what-you-should-bring\" target=\"_blank\" rel=\"noopener\" aria-hidden=\"true\"><\/a><em><strong>Hva b\u00f8r du ta med?<\/strong><\/em><\/h4>\n<ul>\n<li>Kamera<\/li>\n<li>Kikkert<\/li>\n<li>Avvisende knopper<\/li>\n<li>solkrem<\/li>\n<li>Hatt<\/li>\n<li>Komfortable bukser<\/li>\n<li>Tursko for skog<\/li>\n<li>Sandaler til v\u00e5romr\u00e5dene.<\/li>\n<li>Badet\u00f8y<\/li>\n<\/ul>\n<p>&nbsp;<\/p>\n<h4><a id=\"hotel-pickup\" class=\"aal_anchor\" href=\"https:\/\/www.boattoursamana.com\/nb\/tours-excursions\/fees-entrace\/fugletitting-punta-cana-fugletitting-turer-fra-punta-cana-til-los-haitises-nasjonalpark\/#hotel-pickup\" target=\"_blank\" rel=\"noopener\" aria-hidden=\"true\"><\/a><b><i>Pickup hotell<\/i><\/b><\/h4>\n<p>Hotellhenting tilbys for denne turen.<\/p>\n<p><b>Merk:<\/b>\u00a0Hvis du bestiller innen 24 timer etter turens\/utfluktens avgangstidspunkt, kan vi arrangere hotellhenting i Punta Cana. N\u00e5r kj\u00f8pet er fullf\u00f8rt, vil vi sende deg fullstendig kontaktinformasjon (telefonnummer, e-postadresse osv.) slik at v\u00e5r lokale turguide kan organisere henting.<\/p>\n<h4><a id=\"additional-info-confirmation\" class=\"aal_anchor\" href=\"https:\/\/www.boattoursamana.com\/nb\/tours-excursions\/fees-entrace\/fugletitting-punta-cana-fugletitting-turer-fra-punta-cana-til-los-haitises-nasjonalpark\/#additional-info-confirmation\" target=\"_blank\" rel=\"noopener\" aria-hidden=\"true\"><\/a><b><i>Bekreftelse av tilleggsinformasjon<\/i><\/b><\/h4>\n<ol>\n<li>Billetter er kvitteringen etter \u00e5 ha betalt denne turen. Du kan vise betalingen p\u00e5 telefonen.<\/li>\n<li>M\u00f8tepunkt vil bli mottatt etter reservasjonsprosessen.<\/li>\n<li>Barn m\u00e5 v\u00e6re i f\u00f8lge med en voksen.<\/li>\n<li>Ikke tilgjengelig for rullestolbrukere<\/li>\n<li>Spedbarn m\u00e5 sitte p\u00e5 fanget<\/li>\n<li>Anbefales ikke for reisende med ryggproblemer<\/li>\n<li>Anbefales ikke for gravide reisende<\/li>\n<li>Ingen hjerteproblemer eller andre alvorlige medisinske tilstander<\/li>\n<li>De fleste reisende kan delta<\/li>\n<\/ol>\n<p>Denne turen tilbys til minimum 2 personer og maksimalt 15 personer. Ved f\u00e6rre personer, vennligst kontakt oss.<\/p>\n<h4><a id=\"cancellation-policy\" class=\"aal_anchor\" href=\"https:\/\/www.boattoursamana.com\/nb\/tours-excursions\/fees-entrace\/fugletitting-punta-cana-fugletitting-turer-fra-punta-cana-til-los-haitises-nasjonalpark\/#cancellation-policy\" target=\"_blank\" rel=\"noopener\" aria-hidden=\"true\"><\/a><b><i>Avbestillingsregler<\/i><\/b><\/h4>\n<p>For full refusjon m\u00e5 du avbestille minst 24 timer f\u00f8r startdatoen for opplevelsen.<\/p>\n<\/div>\n<\/div>\n<\/div>\n<\/div>\n<\/div>\n<\/div>\n<div class=\"vc_row wpb_row vc_row-fluid\">\n<div class=\"wpb_column vc_column_container vc_col-sm-12\">\n<div class=\"vc_column-inner\">\n<div class=\"wpb_wrapper\">\n<div class=\"wpb_text_column wpb_content_element\">\n<div class=\"wpb_wrapper\">\n<h4>Kontakt oss?<\/h4>\n<h5><em><strong>Booking Adventures<\/strong><\/em><\/h5>\n<p><em><strong>Lokalbefolkningen<\/strong>\u00a0og\u00a0<strong>Nationals<\/strong>\u00a0Turguider og gjestetjenester<\/em><\/p>\n<p><span class=\"text-turquoise\">Reservasjoner:<\/span>\u00a0Turer og utflukter i Dom. Rep.<\/p>\n<p>\ud83d\udcde Tlf \/ Whatsapp\u00a0\u00a0<a href=\"tel: 1-809-720-6035\">+1-809-720-6035<\/a>.<\/p>\n<p>\ud83d\udce9\u00a0<a href=\"mailto:info@bookingadventures.com.do\">info@bookingadventures.com.do<\/a><\/p>\n<p><strong>Vi er fleksible med private turer av Whatsapp:\u00a0<a href=\"tel: 18097206035\">+18097206035.<\/a><\/strong><\/p>\n<\/div>\n<\/div>\n<\/div>\n<\/div>\n<\/div>\n<\/div>\n\n\t\t<\/div>\n\t<\/div>\n<\/div><\/div><\/div><\/div><div class=\"wpb_column vc_column_container vc_col-sm-12\"><div class=\"vc_column-inner\"><div class=\"wpb_wrapper\"><\/div><\/div><\/div><div class=\"wpb_column vc_column_container vc_col-sm-12\"><div class=\"vc_column-inner\"><div class=\"wpb_wrapper\"><\/div><\/div><\/div>","protected":false},"excerpt":{"rendered":"<p><span style=\"vertical-align: inherit;\"><span style=\"vertical-align: inherit;\">Fugletitting: Hel morgen p\u00e5 regnskogstiene i Los Haitises nasjonalpark. Denne parken har et bredt utvalg av fugle- og dyrearter og er en favoritt blant fuglekikkere. Mens antallet sett kan v\u00e6re h\u00f8yere enn andre steder, betyr Cano Hondos beliggenhet i et litt fuktig omr\u00e5de av landet at regnskogen er mer \u00e5pen med f\u00e6rre kakao- og kaffeplantasjer, noe som gj\u00f8r det lettere \u00e5 f\u00e5 \u00f8ye p\u00e5 dyrelivet.<\/span><\/span><\/p>\n<p>Dette er en privat tur. Du kan velge et tidspunkt for \u00e5 begynne fugleopplevelsen og n\u00e5r du skal returnere til Punta Cana.<\/p>\n<p><strong>Velg dato for aktiviteten:<\/strong><\/p>","protected":false},"featured_media":9763,"template":"","meta":[],"product_cat":[178,948,946,932,168,159,927,170,169,773,971,964,253,254,255],"product_tag":[586,237,582,584,628,236,583,625,630,629,585,171,624,209,627,239,238,175,240],"class_list":["post-9918","product","type-product","status-publish","has-post-thumbnail","hentry","product_cat-hiking","product_cat-1-punta-cana","product_cat-1-sabana-de-la-mar","product_cat-birdwatching-los-haitises","product_cat-caves","product_cat-fees-entrace","product_cat-hiking-los-haitises","product_cat-local-tour-guides","product_cat-mangroves","product_cat-private-tours-excursions","product_cat-punta-cana-private-tours","product_cat-punta-cana-los-haitises","product_cat-tours-and-excursions","product_cat-tours-excursions-los-haitises-national-park","product_cat-tours-excursions-samana-bay-dominican-republic","product_tag-biding-sabana-de-la-mar","product_tag-birding","product_tag-birding-dominican-republic","product_tag-birding-in-los-haitises","product_tag-los-haitises-national-park-birding-tour-from-punta-cana","product_tag-birdwatching","product_tag-birdwatching-dominicana","product_tag-birdwtaching","product_tag-carretera-cano-hondo","product_tag-eco-lodge-paraiso-cano-hondo","product_tag-hire-a-guide-in-los-haitises","product_tag-los-haitises","product_tag-los-haitises-birding","product_tag-los-haitises-national-park","product_tag-los-haitises-national-park-cano-hondo","product_tag-nature","product_tag-ridgways-hawk","product_tag-sabana-de-la-mar","product_tag-wildlife"],"_links":{"self":[{"href":"https:\/\/www.boattoursamana.com\/nb\/wp-json\/wp\/v2\/product\/9918","targetHints":{"allow":["GET"]}}],"collection":[{"href":"https:\/\/www.boattoursamana.com\/nb\/wp-json\/wp\/v2\/product"}],"about":[{"href":"https:\/\/www.boattoursamana.com\/nb\/wp-json\/wp\/v2\/types\/product"}],"wp:featuredmedia":[{"embeddable":true,"href":"https:\/\/www.boattoursamana.com\/nb\/wp-json\/wp\/v2\/media\/9763"}],"wp:attachment":[{"href":"https:\/\/www.boattoursamana.com\/nb\/wp-json\/wp\/v2\/media?parent=9918"}],"wp:term":[{"taxonomy":"product_cat","embeddable":true,"href":"https:\/\/www.boattoursamana.com\/nb\/wp-json\/wp\/v2\/product_cat?post=9918"},{"taxonomy":"product_tag","embeddable":true,"href":"https:\/\/www.boattoursamana.com\/nb\/wp-json\/wp\/v2\/product_tag?post=9918"}],"curies":[{"name":"wp","href":"https:\/\/api.w.org\/{rel}","templated":true}]}}