{"id":9919,"date":"2020-03-29T08:08:03","date_gmt":"2020-03-29T08:08:03","guid":{"rendered":"https:\/\/www.ticketswhales.com\/Tours-Excursions\/uncategorized\/import-placeholder-for-9972\/"},"modified":"2023-11-10T16:19:38","modified_gmt":"2023-11-10T16:19:38","slug":"los-haitises-national-park-tour-from-las-terrenas-samana-half-day-trip-lunch-at-cano-hondo","status":"publish","type":"product","link":"https:\/\/www.boattoursamana.com\/nb\/omvisning\/los-haitises-nasjonalpark-tur-fra-las-terrenas-samana-halvdagstur-lunsj-pa-cano-hondo","title":{"rendered":"Los Haitises nasjonalparktur fra Las Terrenas, Saman\u00e1. Halvdagstur. Lunsj p\u00e5 Ca\u00f1o Hondo."},"content":{"rendered":"<div class=\"vc_row wpb_row vc_row-fluid\" ><div class=\"wpb_column vc_column_container vc_col-sm-12\"><div class=\"vc_column-inner\"><div class=\"wpb_wrapper\"><div class=\"vc_btn3-container vc_btn3-inline\" ><button class=\"vc_general vc_btn3 vc_btn3-size-md vc_btn3-shape-rounded vc_btn3-style-modern vc_btn3-color-green\">BESTILL N\u00c5<\/button><\/div><div class=\"mkdf-section-title-holder\" style=\"text-align: left\">\n\t<div class=\"mkdf-st-inner\">\n\t\t\t\t\t<h5 class=\"mkdf-st-subtitle\" >\n\t\t\t\tTransport og lunsj inkludert\t\t\t<\/h5>\n\t\t\t\t\t\t\t<h3 class=\"mkdf-st-title\" >\n\t\t\t\tLos Haitises nasjonalparktur fra Las Terrenas de Samana. Halvdagstur.\t\t\t<\/h3>\n\t\t\t\t\t<\/div>\n<\/div>\n\t<div class=\"wpb_text_column wpb_content_element\" >\n\t\t<div class=\"wpb_wrapper\">\n\t\t\t<h3>Los Haitises nasjonalparktur fra Las Terrenas de Samana. Halvdagstur.<\/h3>\n<h4><b><i>Oversikt<\/i><\/b><\/h4>\n<p>Los Haitises nasjonalparktur fra Las Terrenas de Samana. Halvdagstur. Starter fra hotellet ditt ved Las Terrenas i Samana. Vi kj\u00f8rer til Sanchez Comunity hvor b\u00e5ten vil bli tatt over Samana Bay. Bes\u00f8ker Rio Naranjo, passerer fiskesamfunnet til Los Haitises nasjonalpark, 3 grotter, Boca Tiburon-hulen, Birding Key Island pluss mangrover i Saman\u00e1 Bay.<\/p>\n<p>Etter denne opplevelsen vil du komme tilbake til Las Terrenas Community hvor vi henter deg.<\/p>\n<ul>\n<li>Avgifter inkludert<\/li>\n<li>Lunsj<\/li>\n<li>Snacks<\/li>\n<li>Lokal reiseleder p\u00e5 engelsk eller fransk<\/li>\n<li>Transport<\/li>\n<li>B\u00e5ttur<\/li>\n<\/ul>\n<p>&nbsp;<\/p>\n<h4><b>Inkluderinger og ekskluderinger<\/b><\/h4>\n<p>&nbsp;<\/p>\n<p><b>Inkluderinger<\/b><\/p>\n<ol>\n<li>Los Haitises-tur + grotter og piktografer<\/li>\n<li>Lunsj<\/li>\n<li>Alle skatter, avgifter og h\u00e5ndteringskostnader<\/li>\n<li>Lokale skatter<\/li>\n<li>Drikkevarer<\/li>\n<li>Snacks<\/li>\n<li>Alle aktiviteter<\/li>\n<li>Lokal guide<\/li>\n<\/ol>\n<p><b>Ekskluderinger<\/b><\/p>\n<ol>\n<li>Drikkepenger<\/li>\n<li>Alkoholholdige drinker<\/li>\n<\/ol>\n<p>&nbsp;<\/p>\n<h4><em><strong>Avreise og retur<\/strong><\/em><\/h4>\n<p>Den reisende vil f\u00e5 et m\u00f8tepunkt etter reservasjonsprosessen. Turer starter og slutter i m\u00f8testedene v\u00e5re.<\/p>\n<p>&nbsp;<\/p>\n<h4><\/h4>\n<h4><\/h4>\n<h4><\/h4>\n<h4><\/h4>\n<h3>Los Haitises nasjonalpark fra Las Terrenas<\/h3>\n<h4><b><i>Hva \u00e5 forvente?<\/i><\/b><\/h4>\n<p><em><strong>Skaff deg billetter<\/strong><\/em>\u00a0for \u00e5 bes\u00f8ke Los Haitises National Park Tour fra Las Terrenas de Samana. Halvdagstur. Fra Las Terrenas, Saman\u00e1 med transport til havn for ombord p\u00e5 en b\u00e5t med en lokal reiseleder, passerer vi Saman\u00e1-bukten til Los Haitises, Sabana de la Mar-siden for \u00e5 bes\u00f8ke en av de vakreste nasjonalparkene i Den dominikanske republikk.\u00a0<strong>Los<em>\u00a0Haitis nasjonalpark<\/em>.<\/strong><\/p>\n<p>Turen, organisert av &quot;Booking Adventures&quot; starter p\u00e5 m\u00f8tepunktet satt med turguiden. Kom med Booking Adventures og begynn \u00e5 sjekke noen fuglefylte mangrover, b\u00f8lgende \u00e5ser med frodig vegetasjon og grotter i\u00a0<em><strong>Los Haitises nasjonalpark<\/strong><\/em>. Bes\u00f8ker \u00f8ya med fugler rundt. I hekkesesongen kan vi til og med se Pelecanos-ungene p\u00e5 reirene. Bli mer inne p\u00e5 Rocky Islands og bes\u00f8k hulene med piktogrammer og petrografier fra urbefolkningen.<\/p>\n<p>Gjennom mangrovene og land ved den \u00e5pne San Lorenzo-bukten, Sabana de la Mar, hvorfra du kan fotografere det robuste skogslandskapet. Se til vannet for \u00e5 f\u00e5 \u00f8ye p\u00e5\u00a0<em><strong>Manater<\/strong><\/em>, krepsdyr og\u00a0<em><strong>delfiner.<\/strong><\/em><\/p>\n<div class=\"body-description secondary\">\n<p>Nasjonalparkens navn kommer fra dens opprinnelige innbyggere, Taino-indianerne. P\u00e5 deres spr\u00e5k oversettes &quot;haitises&quot; til h\u00f8yland eller \u00e5ser, en referanse til kystlinjens bratte geologiske formasjoner med kalksteiner. G\u00e5 dypere inn i parken for \u00e5 utforske grotter som Cueva San Gabriel,\u00a0<em><strong>Cueva de la Arena,\u00a0<\/strong><\/em>og\u00a0<strong><em>Cueva de la Linea.<\/em><\/strong><\/p>\n<p>Disse hulene i reservatet ble brukt som ly av Taino-indianerne og senere ved \u00e5 skjule pirater. Se etter tegninger av indianere som dekorerer noen av veggene. Etter \u00e5 ha bes\u00f8kt Los Haitises nasjonalpark drar vi tilbake til Sanchez, Saman\u00e1.<\/p>\n<p>Passerer Saman\u00e1-bukten 30 min. Vi vil ha en typisk lunsj, hvis du er veganer ingen bekymringer, vi har ogs\u00e5 mat til deg!<\/p>\n<p>Etter lunsj drar vi tilbake til Las Terrenas!!<\/p>\n<\/div>\n<p>I tilfelle du vil like denne turen lengre eller kortere, har vi disse alternativene:<\/p>\n<ol>\n<li><a href=\"https:\/\/www.boattoursamana.com\/nb\/omvisning\/the-haitises-national-park-tour-from-samana-port\/\" target=\"_blank\" rel=\"noopener\">Bare Los Haitises fra Saman\u00e1 Port.<\/a><\/li>\n<li><a href=\"https:\/\/www.boattoursamana.com\/nb\/omvisning\/los-haitises-national-park-lunch-at-cano-hondo-from-samana-port\/\" target=\"_blank\" rel=\"noopener\">Los Haitises + Ca\u00f1o Hondo fra Saman\u00e1 havn.<\/a><\/li>\n<\/ol>\n<p>&nbsp;<\/p>\n<h4><em><strong>Hva b\u00f8r du ta med?<\/strong><\/em><\/h4>\n<ul>\n<li>Kamera<\/li>\n<li>Avvisende knopper<\/li>\n<li>Solkrem<\/li>\n<li>Hatt<\/li>\n<li>Komfortable bukser<\/li>\n<li>Tursko for skog<\/li>\n<li>Sandaler til v\u00e5romr\u00e5dene.<\/li>\n<li>Badet\u00f8y<\/li>\n<\/ul>\n<p>&nbsp;<\/p>\n<h4><b><i>Hotellhenting<\/i><\/b><\/h4>\n<p>Hotellhenting tilbys ikke for denne turen.<\/p>\n<p>&nbsp;<\/p>\n<p><b>Merk:<\/b>\u00a0hvis du bestiller innen 24 timer etter turens\/utfluktens avgangstid, kan vi ordne hotellhenting med ekstra kostnader. N\u00e5r kj\u00f8pet er fullf\u00f8rt, vil vi sende deg fullstendig kontaktinformasjon (telefonnummer, e-postadresse osv.) slik at v\u00e5r lokale turguide kan organisere hentingsordninger.<\/p>\n<h4><b><i>Bekreftelse av tilleggsinformasjon<\/i><\/b><\/h4>\n<ol>\n<li>Billetter er kvitteringen etter \u00e5 ha betalt denne turen. Du kan vise betalingen p\u00e5 telefonen.<\/li>\n<li>M\u00f8tepunkt vil bli mottatt etter reservasjonsprosessen.<\/li>\n<li>Barn m\u00e5 v\u00e6re i f\u00f8lge med en voksen.<\/li>\n<li>Ikke tilgjengelig for rullestolbrukere<\/li>\n<li>Spedbarn m\u00e5 sitte p\u00e5 fanget<\/li>\n<li>Anbefales ikke for reisende med ryggproblemer<\/li>\n<li>Anbefales ikke for gravide reisende<\/li>\n<li>Ingen hjerteproblemer eller andre alvorlige medisinske tilstander<\/li>\n<li>De fleste reisende kan delta<\/li>\n<\/ol>\n<h4><b><i>Avbestillingsregler<\/i><\/b><\/h4>\n<p>For full refusjon m\u00e5 du avbestille minst 24 timer f\u00f8r startdatoen for opplevelsen. Midler vil g\u00e5 tapt dersom reservasjonen kanselleres samme dag p\u00e5 reisen.<\/p>\n\n\t\t<\/div>\n\t<\/div>\n<div class=\"vc_empty_space\"   style=\"height: 32px\"><span class=\"vc_empty_space_inner\"><\/span><\/div>\n\t<div class=\"wpb_video_widget wpb_content_element vc_clearfix   vc_video-aspect-ratio-169 vc_video-el-width-100 vc_video-align-left\" >\n\t\t<div class=\"wpb_wrapper\">\n\t\t\t<h2 class=\"wpb_heading wpb_video_heading\">Los Haitises fra Las Terrenas<\/h2>\n\t\t\t<div class=\"wpb_video_wrapper\"><iframe loading=\"lazy\" title=\"Los Haitises nasjonalpark, turer og utflukter fra Samana eller Sabana de la Mar. Bestill her:\" src=\"https:\/\/player.vimeo.com\/video\/346508015?dnt=1&amp;app_id=122963\" width=\"1100\" height=\"619\" frameborder=\"0\" allow=\"autoplay; fullscreen\" allowfullscreen><\/iframe><\/div>\n\t\t<\/div>\n\t<\/div>\n<div class=\"vc_empty_space\"   style=\"height: 32px\"><span class=\"vc_empty_space_inner\"><\/span><\/div><\/div><\/div><\/div><\/div><div class=\"wpb_column vc_column_container vc_col-sm-12\"><div class=\"vc_column-inner\"><div class=\"wpb_wrapper\"><\/div><\/div><\/div><div class=\"wpb_column vc_column_container vc_col-sm-12\"><div class=\"vc_column-inner\"><div class=\"wpb_wrapper\"><\/div><\/div><\/div><div class=\"wpb_column vc_column_container vc_col-sm-12\"><div class=\"vc_column-inner\"><div class=\"wpb_wrapper\"><\/div><\/div><\/div>","protected":false},"excerpt":{"rendered":"<p>Denne ekskursjonen fra Las Terrenas til Los Haitises nasjonalpark inkluderer lunsj og transport for et bes\u00f8k til de 3 hovedgrottene, en utforskning av 2 forskjellige mangrover og selvf\u00f8lgelig fiske p\u00e5 fugletitting.<\/p>\n<p><span style=\"vertical-align: inherit;\"><span style=\"vertical-align: inherit;\">Viaje ecol\u00f3gico al Parque Nacional Los Haitises con un gu\u00eda tur\u00edstico local. <\/span><span style=\"vertical-align: inherit;\">Visitando los Cayos en el Parque Nacional Los Haitises, Manglares, Vegetaci\u00f3n, Observaci\u00f3n de aves, Cuevas, Pictogramas og las \u00e1reas hist\u00f3ricas de Sabana de la Mar en el Parque Nacional Los Haitises.<\/span><\/span><\/p>\n<p>&nbsp;<\/p>\n<p><strong><span style=\"vertical-align: inherit;\"><span style=\"vertical-align: inherit;\">Velge la fecha para el Tour:\u00a0<\/span><\/span><\/strong><\/p>","protected":false},"featured_media":8201,"template":"","meta":[],"product_cat":[255,655,928,933,253],"product_tag":[684,268,267,685,521,171,209,212,269],"class_list":["post-9919","product","type-product","status-publish","has-post-thumbnail","hentry","product_cat-tours-excursions-samana-bay-dominican-republic","product_cat-1-samana","product_cat-boat-trip-los-haitises","product_cat-natural-pools-los-haitises","product_cat-tours-and-excursions","product_tag-cano-hondo-lunch","product_tag-caves-los-haitises","product_tag-las-terrenas","product_tag-las-terrenas-los-haitises","product_tag-las-terrenas-tours","product_tag-los-haitises","product_tag-los-haitises-national-park","product_tag-mangroves-los-haitises","product_tag-transportation-los-haitises"],"_links":{"self":[{"href":"https:\/\/www.boattoursamana.com\/nb\/wp-json\/wp\/v2\/product\/9919","targetHints":{"allow":["GET"]}}],"collection":[{"href":"https:\/\/www.boattoursamana.com\/nb\/wp-json\/wp\/v2\/product"}],"about":[{"href":"https:\/\/www.boattoursamana.com\/nb\/wp-json\/wp\/v2\/types\/product"}],"wp:featuredmedia":[{"embeddable":true,"href":"https:\/\/www.boattoursamana.com\/nb\/wp-json\/wp\/v2\/media\/8201"}],"wp:attachment":[{"href":"https:\/\/www.boattoursamana.com\/nb\/wp-json\/wp\/v2\/media?parent=9919"}],"wp:term":[{"taxonomy":"product_cat","embeddable":true,"href":"https:\/\/www.boattoursamana.com\/nb\/wp-json\/wp\/v2\/product_cat?post=9919"},{"taxonomy":"product_tag","embeddable":true,"href":"https:\/\/www.boattoursamana.com\/nb\/wp-json\/wp\/v2\/product_tag?post=9919"}],"curies":[{"name":"wp","href":"https:\/\/api.w.org\/{rel}","templated":true}]}}