{"id":15754,"date":"2023-07-15T07:43:13","date_gmt":"2023-07-15T07:43:13","guid":{"rendered":"https:\/\/www.ticketswhales.com\/el-limon-waterfall-cayo-levantado-private-tour\/"},"modified":"2023-07-15T07:43:13","modified_gmt":"2023-07-15T07:43:13","slug":"el-limon-waterfall-cayo-levantado-private-tour","status":"publish","type":"page","link":"https:\/\/www.boattoursamana.com\/nl\/el-limon-waterfall-cayo-levantado-private-tour","title":{"rendered":"El Lim\u00f3n-waterval en priv\u00e9tour Cayo Levantado"},"content":{"rendered":"<p><span class=\"Y2IQFc\" lang=\"en\">Priv\u00e9excursie om de watervallen El Lim\u00f3n en Cayo Levantado (Bacardi-eiland) te bezoeken. Twee activiteiten op \u00e9\u00e9n dag, een bezoek aan de schoonheid van het bos en de watervallen van de gemeente El Lim\u00f3n met een lokale gids. U kunt deze tocht te voet of te paard maken langs de koffie- en kokospaden. Na een bezoek aan de El Lim\u00f3n-watervallen gaan we naar de pier in het centrum van de stad Saman\u00e1 en nemen we een boot naar Cayo Levantado, ook wel Bacardi-eiland genoemd. Daar hebben we een lunchbuffet en &#039;s middags zwemmen we op het strand van Cayo Levantado met opties om te snorkelen in de koraalriffen.<\/span><br \/>\nn<br \/>\nn&nbsp;<br \/>\nn<br \/>\nn<b>Selecteer uw datumreis: <\/b><\/p>\n<p>&nbsp;<\/p>\n<div class=\"vc_row wpb_row vc_row-fluid\" ><div class=\"wpb_column vc_column_container vc_col-sm-12\"><div class=\"vc_column-inner\"><div class=\"wpb_wrapper\"><div class=\"mkdf-section-title-holder\" style=\"text-align: left\">\n\t<div class=\"mkdf-st-inner\">\n\t\t\t\t\t<h5 class=\"mkdf-st-subtitle\" >\n\t\t\t\tVervoer en lunch inbegrepen\t\t\t<\/h5>\n\t\t\t\t\t\t\t<h3 class=\"mkdf-st-title\" >\n\t\t\t\tEl Limon-watervallen plus priv\u00e9trip naar Cayo Levantado\t\t\t<\/h3>\n\t\t\t\t\t<\/div>\n<\/div><\/div><\/div><\/div><\/div><div class=\"vc_row wpb_row vc_row-fluid\" ><div class=\"wpb_column vc_column_container vc_col-sm-12\"><div class=\"vc_column-inner\"><div class=\"wpb_wrapper\"><div class=\"vc_btn3-container vc_btn3-inline\" ><button class=\"vc_general vc_btn3 vc_btn3-size-md vc_btn3-shape-rounded vc_btn3-style-modern vc_btn3-color-green\">BOEK NU<\/button><\/div>\n\t<div class=\"wpb_text_column wpb_content_element\" >\n\t\t<div class=\"wpb_wrapper\">\n\t\t\t<p>\nn<\/p>\n<h3 class=\"LC20lb\">El Lim\u00f3n-waterval + Cayo Levantado - Excursiones Saman\u00e1-dagtrip.<\/h3>\n<p>n<\/p>\n<h4><b><i>Overzicht <\/i><\/b><\/h4>\n<p>nPriv\u00e9excursie om de watervallen van El Limon en Cayo Levantado (eiland Bacrdi) te bezoeken. Twee activiteiten op slechts \u00e9\u00e9n dag, bezoek met lokale tour. Leid de schoonheid van het bos en de watervallen van de gemeenschap El Limon. Je kunt deze tocht wandelend of paardrijdend maken via de koffie- en kokosnotenpaden. Na een bezoek aan de El Limon-watervallen rijden we naar de pier in het centrum van Samana en nemen we een boot naar Cayo Levantado, ook wel Bacardi-eiland genoemd. Daar zullen we lunchbuffet hebben en &#039;s middags zwemmen op het strand van Cayo Levantado met opties tot snorkelen op de koraalriffen.<br \/>\nn<br \/>\nnNa deze ervaring keert u terug naar ons ontmoetingspunt waar we u ophalen.<br \/>\nn<\/p>\n<ul>\nn \t<\/p>\n<li style=\"font-weight: 400;\">Kosten inbegrepen<\/li>\n<p>n \t<\/p>\n<li>Lunch<\/li>\n<p>n \t<\/p>\n<li>Snacks<\/li>\n<p>n \t<\/p>\n<li style=\"font-weight: 400;\">Lokale gids in het Engels of Frans<\/li>\n<p>n \t<\/p>\n<li>Vervoer<\/li>\n<p>n \t<\/p>\n<li>Boottocht<\/li>\n<p>n<\/ul>\n<p>n&nbsp;<br \/>\nn<\/p>\n<h4><b>In- en uitsluitingen<\/b><\/h4>\n<p>n&nbsp;<br \/>\nn<br \/>\nn<b>Insluitsels<\/b><br \/>\nn<\/p>\n<ol>\nn \t<\/p>\n<li style=\"font-weight: 400;\">Watervallen van El Limon Wandelen of paardrijden<\/li>\n<p>n \t<\/p>\n<li>Lunch<\/li>\n<p>n \t<\/p>\n<li style=\"font-weight: 400;\"><span style=\"font-weight: 400;\">Alle belastingen, toeslagen en administratiekosten<\/span><\/li>\n<p>n \t<\/p>\n<li style=\"font-weight: 400;\"><span style=\"font-weight: 400;\">Lokale belastingen<\/span><\/li>\n<p>n \t<\/p>\n<li style=\"font-weight: 400;\"><span style=\"font-weight: 400;\">Dranken<\/span><\/li>\n<p>n \t<\/p>\n<li>Snacks<\/li>\n<p>n \t<\/p>\n<li style=\"font-weight: 400;\"><span style=\"font-weight: 400;\">Alle activiteiten<\/span><\/li>\n<p>n \t<\/p>\n<li style=\"font-weight: 400;\"><span style=\"font-weight: 400;\">Lokale gids<\/span><\/li>\n<p>n<\/ol>\n<p>n<b> Uitsluitingen<\/b><br \/>\nn<\/p>\n<ol>\nn \t<\/p>\n<li style=\"font-weight: 400;\"><span style=\"font-weight: 400;\">Fooien<\/span><\/li>\n<p>n \t<\/p>\n<li style=\"font-weight: 400;\"><span style=\"font-weight: 400;\">Alcoholische drankjes<\/span><\/li>\n<p>n<\/ol>\n<p>n&nbsp;<br \/>\nn<\/p>\n<h4><em><strong>Vertrek &amp; Terugkeer<\/strong><\/em><\/h4>\n<p>n<span style=\"font-weight: 400;\">De reiziger krijgt een ontmoetingsplaats na het Reserveringsproces. Tours beginnen en eindigen in uw ontmoetingspunten.<\/span><br \/>\nn<\/p>\n<h4><\/h4>\n<p>n<\/p>\n<h3 class=\"LC20lb\">El Lim\u00f3n-waterval + Cayo Levantado \u2013 Excursies in Saman\u00e1<\/h3>\n<p>n<\/p>\n<h4><b><i>Wat te verwachten?<\/i><\/b><\/h4>\n<p>n<em><strong>Haal je kaartjes<\/strong><\/em> voor een bezoek aan de watervallen van El limon plus het eiland Cayo Levantado. Volledige dagtocht. Vertrekkend vanuit Saman\u00e1 met vervoer naar de watervallen van El limon<br \/>\nn<br \/>\nnExcursie, georganiseerd door \u201cBooking Adventures\u201d begint op het ontmoetingspunt dat is afgesproken met de gids. Kom met het boeken van avonturen in priv\u00e9reizen naar de watervallen van El Limon met een lokale gids. Paardrijden of een wandeltocht door het bos langs de rand van de Lemon River, een bezoek aan cacao- en koffieplantages onder de palmbomen in de schaduw van de kokosnoot. Stop eerst bij de kleine waterval waar meestal niet veel mensen zijn en je rond kunt zwemmen. Daarna gaan we verder naar de grote waterval waar we een uur of langer blijven als je wilt.<br \/>\nn<br \/>\nnPaarden halen of terug naar de auto wandelen en terugrijden naar de haven van Samana. Als u aan boord gaat om het eiland Bacardi te bezoeken, wachten Becouse Frite-vis met Tostones en Salade op ons voor een proeflunch of u kunt tegen extra kosten andere opties, zoals kreeften, op het menu krijgen.<br \/>\nn<br \/>\nnVoel je vrij om te zwemmen op een van de mooiste stranden van de Dominicaanse Republiek. En stel de tijd in om te eindigen met onze gids.<br \/>\nn<br \/>\nn&nbsp;<br \/>\nn<\/p>\n<h4><em><strong>Wat moet je meenemen?<\/strong><\/em><\/h4>\n<p>n<\/p>\n<ul>\nn \t<\/p>\n<li style=\"font-weight: 400;\"><span style=\"font-weight: 400;\">Camera<\/span><\/li>\n<p>n \t<\/p>\n<li style=\"font-weight: 400;\"><span style=\"font-weight: 400;\">Afstotende toppen<\/span><\/li>\n<p>n \t<\/p>\n<li style=\"font-weight: 400;\"><span style=\"font-weight: 400;\">Zonnecreme<\/span><\/li>\n<p>n \t<\/p>\n<li style=\"font-weight: 400;\"><span style=\"font-weight: 400;\">Hoed<\/span><\/li>\n<p>n \t<\/p>\n<li style=\"font-weight: 400;\"><span style=\"font-weight: 400;\">Comfortabele broek<\/span><\/li>\n<p>n \t<\/p>\n<li style=\"font-weight: 400;\"><span style=\"font-weight: 400;\">Wandelschoenen voor in het bos<\/span><\/li>\n<p>n \t<\/p>\n<li style=\"font-weight: 400;\"><span style=\"font-weight: 400;\">Sandalen naar de lentegebieden.<\/span><\/li>\n<p>n \t<\/p>\n<li style=\"font-weight: 400;\"><span style=\"font-weight: 400;\">Zwemkleding<\/span><\/li>\n<p>n<\/ul>\n<p>n&nbsp;<br \/>\nn<\/p>\n<h4><b><i>Hotel ophalen <\/i><\/b><\/h4>\n<p>n<span style=\"font-weight: 400;\">Hotel pick-up wordt niet aangeboden voor deze tour. <\/span><br \/>\nn<br \/>\nn&nbsp;<br \/>\nn<br \/>\nn<b>Opmerking:<\/b><span style=\"font-weight: 400;\"> Als u binnen 24 uur na de vertrektijd van de tour\/excursie boekt, kunnen we tegen extra kosten het ophalen van het hotel regelen. Zodra uw aankoop is voltooid, sturen we u de volledige contactgegevens (telefoonnummer, e-mailadres, enz.) voor onze lokale gids om ophaalarrangementen te regelen.<\/span><br \/>\nn<\/p>\n<h4><b><i>Bevestiging aanvullende informatie <\/i><\/b><\/h4>\n<p>n<\/p>\n<ol>\nn \t<\/p>\n<li>Tickets zijn het ontvangstbewijs na betaling van deze Tour. U kunt de betaling op uw telefoon laten zien.<\/li>\n<p>n \t<\/p>\n<li style=\"font-weight: 400;\"><span style=\"font-weight: 400;\">Trefpunt Wordt ontvangen na het reserveringsproces.<\/span><\/li>\n<p>n \t<\/p>\n<li style=\"font-weight: 400;\"><span style=\"font-weight: 400;\">Kinderen moeten worden begeleid door een volwassene.<\/span><\/li>\n<p>n \t<\/p>\n<li style=\"font-weight: 400;\"><span style=\"font-weight: 400;\"> Niet rolstoeltoegankelijk <\/span><\/li>\n<p>n \t<\/p>\n<li style=\"font-weight: 400;\"><span style=\"font-weight: 400;\">Baby&#039;s moeten op schoot zitten <\/span><\/li>\n<p>n \t<\/p>\n<li style=\"font-weight: 400;\"><span style=\"font-weight: 400;\">Niet aanbevolen voor reizigers met rugklachten<\/span><\/li>\n<p>n \t<\/p>\n<li style=\"font-weight: 400;\"><span style=\"font-weight: 400;\">Niet aanbevolen voor zwangere reizigers <\/span><\/li>\n<p>n \t<\/p>\n<li style=\"font-weight: 400;\"><span style=\"font-weight: 400;\"> Geen hartproblemen of andere ernstige medische aandoeningen <\/span><\/li>\n<p>n \t<\/p>\n<li style=\"font-weight: 400;\"><span style=\"font-weight: 400;\">De meeste reizigers kunnen deelnemen<\/span><\/li>\n<p>n<\/ol>\n<p>n<\/p>\n<h4><b><i>Annuleringsvoorwaarden<\/i><\/b><\/h4>\n<p>Lees voor een volledige terugbetaling ons Annuleringsbeleid\u00a0<a href=\"https:\/\/www.boattoursamana.com\/nl\/online-boeken\/\" target=\"_blank\" rel=\"noopener\" data-saferedirecturl=\"https:\/\/www.google.com\/url?q=https:\/\/www.boattoursamana.com\/online-booking\/&amp;source=gmail&amp;ust=1672529771100000&amp;usg=AOvVaw2NIGJBZ0qjB5RhPUl5Obc7\">Klik hier<\/a>. Het geld gaat verloren als de reservering op dezelfde dag van de reis wordt geannuleerd.<\/p>\n\n\t\t<\/div>\n\t<\/div>\n<div class=\"vc_btn3-container vc_btn3-inline\" ><button class=\"vc_general vc_btn3 vc_btn3-size-md vc_btn3-shape-rounded vc_btn3-style-modern vc_btn3-color-green\">BOEK NU<\/button><\/div><\/div><\/div><\/div><\/div><div class=\"vc_row wpb_row vc_row-fluid\" ><div class=\"wpb_column vc_column_container vc_col-sm-12\"><div class=\"vc_column-inner\"><div class=\"wpb_wrapper\">\n\t<div class=\"wpb_video_widget wpb_content_element vc_clearfix   vc_video-aspect-ratio-169 vc_video-el-width-100 vc_video-align-left\" >\n\t\t<div class=\"wpb_wrapper\">\n\t\t\t\n\t\t\t<div class=\"wpb_video_wrapper\"><a href=\"https:\/\/www.youtube.com\/watch?v=oWlwxZLQnVU\" rel=\"noopener\">https:\/\/www.youtube.com\/watch?v=oWlwxZLQnVU<\/a><\/div>\n\t\t<\/div>\n\t<\/div>\n<\/div><\/div><\/div><\/div><div class=\"vc_row wpb_row vc_row-fluid\" ><div class=\"wpb_column vc_column_container vc_col-sm-12\"><div class=\"vc_column-inner\"><div class=\"wpb_wrapper\"><div class=\"vc_empty_space\"   style=\"height: 32px\"><span class=\"vc_empty_space_inner\"><\/span><\/div>\n\t<div class=\"wpb_text_column wpb_content_element\" >\n\t\t<div class=\"wpb_wrapper\">\n\t\t\t<p>\nn<\/p>\n<h4>Neem contact op?<\/h4>\n<p>n<\/p>\n<h5>Avonturen boeken<\/h5>\n<p>n<em><strong>Lokale bevolking<\/strong>\u00a0en\u00a0<strong>Onderdanen<\/strong>\u00a0Gidsen en gastenservices<\/em><br \/>\nn<br \/>\nn<span class=\"text-turquoise\">Reserveringen:<\/span>\u00a0Rondleidingen en excursies in Dom. vertegenwoordiger<br \/>\nn<br \/>\nn<img decoding=\"async\" class=\"emoji\" draggable=\"false\" src=\"https:\/\/s.w.org\/images\/core\/emoji\/11.2.0\/svg\/1f4de.svg\" alt=\" \" title=\"\">\u00a0Tel.\/Whatsapp\u00a0\u00a0<a href=\"tel:+1-809-720-6035\">+1-809-720-6035<\/a>.<br \/>\nn<br \/>\nn<img decoding=\"async\" class=\"emoji\" draggable=\"false\" src=\"https:\/\/s.w.org\/images\/core\/emoji\/11.2.0\/svg\/1f4e9.svg\" alt=\" \" title=\"\">\u00a0<a href=\"mailto:info@bookingadventures.com.do\">info@bookingadventures.com.do<\/a><br \/>\nn<br \/>\nn<strong>We zijn flexibel in het instellen van priv\u00e9rondleidingen via WhatsApp:\u00a0<a href=\"tel:+18097206035\">+18097206035.<\/a><\/strong><\/p>\n\n\t\t<\/div>\n\t<\/div>\n<div class=\"vc_empty_space\"   style=\"height: 32px\"><span class=\"vc_empty_space_inner\"><\/span><\/div><\/div><\/div><\/div><\/div><div class=\"vc_row wpb_row vc_row-fluid\" ><div class=\"wpb_column vc_column_container vc_col-sm-12\"><div class=\"vc_column-inner\"><div class=\"wpb_wrapper\"><div class=\"vc_btn3-container vc_btn3-inline\" ><button class=\"vc_general vc_btn3 vc_btn3-size-md vc_btn3-shape-rounded vc_btn3-style-modern vc_btn3-color-green\">BOEK NU<\/button><\/div><\/div><\/div><\/div><\/div>","protected":false},"excerpt":{"rendered":"<p>Private excursion to visit El Lim\u00f3n and Cayo Levantado Waterfalls (Bacardi Island). Two activities in one day, visiting the beauty of the forest and the waterfalls of the community of El Lim\u00f3n with a local tour guide. You can take this trip on foot or on horseback along the coffee and coconut trails. After visiting the El Lim\u00f3n Waterfalls, we will go to the pier in the center of the city of Saman\u00e1 and take a boat to Cayo Levantado, [&hellip;]<\/p>\n","protected":false},"author":2,"featured_media":0,"parent":0,"menu_order":0,"comment_status":"open","ping_status":"closed","template":"","meta":{"footnotes":""},"class_list":["post-15754","page","type-page","status-publish","hentry"],"_links":{"self":[{"href":"https:\/\/www.boattoursamana.com\/nl\/wp-json\/wp\/v2\/pages\/15754","targetHints":{"allow":["GET"]}}],"collection":[{"href":"https:\/\/www.boattoursamana.com\/nl\/wp-json\/wp\/v2\/pages"}],"about":[{"href":"https:\/\/www.boattoursamana.com\/nl\/wp-json\/wp\/v2\/types\/page"}],"author":[{"embeddable":true,"href":"https:\/\/www.boattoursamana.com\/nl\/wp-json\/wp\/v2\/users\/2"}],"replies":[{"embeddable":true,"href":"https:\/\/www.boattoursamana.com\/nl\/wp-json\/wp\/v2\/comments?post=15754"}],"version-history":[{"count":0,"href":"https:\/\/www.boattoursamana.com\/nl\/wp-json\/wp\/v2\/pages\/15754\/revisions"}],"wp:attachment":[{"href":"https:\/\/www.boattoursamana.com\/nl\/wp-json\/wp\/v2\/media?parent=15754"}],"curies":[{"name":"wp","href":"https:\/\/api.w.org\/{rel}","templated":true}]}}