{"id":15755,"date":"2023-07-15T07:43:13","date_gmt":"2023-07-15T07:43:13","guid":{"rendered":"https:\/\/www.ticketswhales.com\/samana-cayo-levantado-bacardi-island-and-whale-watching-from-miches-in-catamaran\/"},"modified":"2023-07-15T07:43:13","modified_gmt":"2023-07-15T07:43:13","slug":"samana-cayo-levantado-bacardi-island-and-whale-watching-from-miches-in-catamaran","status":"publish","type":"page","link":"https:\/\/www.boattoursamana.com\/nl\/samana-cayo-levantado-bacardi-eiland-en-walvissen-kijken-vanuit-miches-in-catamaran-2","title":{"rendered":"Saman\u00e1 Cayo Levantado (Bacardi-eiland) en walvissen spotten vanuit Miches in catamaran"},"content":{"rendered":"<p><span style=\"vertical-align: inherit;\"><span style=\"vertical-align: inherit;\">Whale Miches Tours &amp; Excursies. <\/span><span style=\"vertical-align: inherit;\">Reserveer boleto&#039;s voor de luchtballonnen in de Bah\u00eda de Saman\u00e1, komenzando desde Miches en visitando Cayo Levantado, tambi\u00e9n conocida como Isla Bacard\u00ed para aventura con pase de un d\u00eda.<\/span><\/span><br \/>\nn<br \/>\nn&nbsp;<br \/>\nn<br \/>\nn<em><strong><span style=\"vertical-align: inherit;\"><span style=\"vertical-align: inherit;\">Selectie van het vervoer van de excursie:<\/span><\/span><\/strong><\/em><\/p>\n<p>&nbsp;<\/p>\n<div class=\"vc_row wpb_row vc_row-fluid\" ><div class=\"wpb_column vc_column_container vc_col-sm-12\"><div class=\"vc_column-inner\"><div class=\"wpb_wrapper\">\n\t<div class=\"wpb_text_column wpb_content_element\" >\n\t\t<div class=\"wpb_wrapper\">\n\t\t\t<p><span style=\"vertical-align: inherit;\"><span style=\"vertical-align: inherit;\"><\/p>\n\n\t\t<\/div>\n\t<\/div>\n<\/div><\/div><\/div><\/div><div class=\"vc_row wpb_row vc_row-fluid\" ><\/div><div class=\"wpb_column vc_column_container vc_col-sm-12\"><div class=\"vc_column-inner\"><div class=\"wpb_wrapper\"><\/div><\/div><\/div><div class=\"vc_row wpb_row vc_row-fluid\" ><\/div><div class=\"wpb_column vc_column_container vc_col-sm-12\"><div class=\"vc_column-inner\"><div class=\"wpb_wrapper\"><div class=\"vc_btn3-container vc_btn3-inline\" ><button class=\"vc_general vc_btn3 vc_btn3-size-md vc_btn3-shape-rounded vc_btn3-style-modern vc_btn3-color-green\">BOEK NU<\/button><\/div><\/div><\/div><\/div><div class=\"mkdf-section-title-holder\" style=\"text-align: left\">\n\t<div class=\"mkdf-st-inner\">\n\t\t\t\t\t\t\t<h3 class=\"mkdf-st-title\" >\n\t\t\t\tCayo Levantado + Avistamiento de ballenas de Miches en catamaran\t\t\t<\/h3>\n\t\t\t\t\t<\/div>\n<\/div><div class=\"vc_empty_space\"   style=\"height: 32px\"><span class=\"vc_empty_space_inner\"><\/span><\/div>\n\t<div class=\"wpb_text_column wpb_content_element\" >\n\t\t<div class=\"wpb_wrapper\">\n\t\t\t<p>\u00a0<\/span><\/span><br \/>\nn<\/p>\n<div class=\"vc_empty_space\"><\/div>\n<p>n<\/p>\n<div class=\"wpb_text_column wpb_content_element\">\nn<\/p>\n<div class=\"wpb_wrapper\">\nn<\/p>\n<div class=\"vc_row wpb_row vc_row-fluid\">\nn<\/p>\n<div class=\"wpb_column vc_column_container vc_col-sm-12\">\nn<\/p>\n<div class=\"vc_column-inner\">\nn<\/p>\n<div class=\"wpb_wrapper\">\nn<\/p>\n<div class=\"wpb_text_column wpb_content_element\">\nn<\/p>\n<div class=\"wpb_wrapper\">\nn<\/p>\n<div class=\"vc_row wpb_row vc_row-fluid\">\nn<\/p>\n<div class=\"wpb_column vc_column_container vc_col-sm-12\">\nn<\/p>\n<div class=\"vc_column-inner\">\nn<\/p>\n<div class=\"wpb_wrapper\">\nn<\/p>\n<div class=\"wpb_text_column wpb_content_element\">\nn<\/p>\n<div class=\"wpb_wrapper\">\nn<\/p>\n<h4><a id=\"overview\" class=\"aal_anchor\" href=\"https:\/\/www.boattoursamana.com\/nl\/tour\/samana-cayo-levantado-bacardi-eiland-en-walvissen-kijken-vanuit-miches-in-catamaran-2\/#overview\" aria-hidden=\"true\"><\/a><b><i>Overzicht<\/i><\/b><\/h4>\n<p>nWalvissen spotten in de baai van Saman\u00e1 vanaf de haven van Miches in Catamaran. Deze reis begint om 9.00 uur en eindigt om 17.00 uur. Bijeenkomst eerder in onze haven in Miches. Na het afbreken van onze catamaran of boot om de walvissen in hun eigen leefgebied te bezoeken.<br \/>\nn<br \/>\nnVan 09:00 tot 12:00 uur Waarnemingscentrum voor walvissen spotten. Na deze walvisreis bezoeken we Bacardi Island \/ Cayo Levantado. Op Bacardi Island wordt een lunchbuffet in de typische Dominicaanse stijl verzorgd. Na de lunch mag u zwemmen tot 16.30 uur. De tour eindigt om 17.00 uur in dezelfde haven waar deze begint.<br \/>\nn<br \/>\nnOpmerking: deze tour is niet priv\u00e9.<strong>\u00a0Neem voor een priv\u00e9rondleiding contact met ons op.<\/strong><br \/>\nn<\/p>\n<ul>\nn \t<\/p>\n<li>Walvissen spotten reis<\/li>\n<p>n \t<\/p>\n<li>Entreegelden voor Observatory<\/li>\n<p>n \t<\/p>\n<li>Inclusief lunchbuffet op het strand<\/li>\n<p>n \t<\/p>\n<li>Boot transfer<\/li>\n<p>n \t<\/p>\n<li>De kapitein geeft instructie en toezicht<\/li>\n<p>n \t<\/p>\n<li>Gids<\/li>\n<p>n<\/ul>\n<p>n&nbsp;<br \/>\nn<\/p>\n<h4><a id=\"inclusions-exclusions\" class=\"aal_anchor\" href=\"https:\/\/www.boattoursamana.com\/nl\/tour\/samana-cayo-levantado-bacardi-eiland-en-walvissen-kijken-vanuit-miches-in-catamaran-2\/#inclusions-exclusions\" aria-hidden=\"true\"><\/a><b>In- en uitsluitingen<\/b><\/h4>\n<p>n&nbsp;<br \/>\nn<br \/>\nn<b>Insluitsels<\/b><br \/>\nn<br \/>\nn&nbsp;<br \/>\nn<\/p>\n<ol>\nn \t<\/p>\n<li>Lunchbuffet op het strand<\/li>\n<p>n \t<\/p>\n<li>Walvisobservatie<\/li>\n<p>n \t<\/p>\n<li>Gids<\/li>\n<p>n \t<\/p>\n<li>Catamaran of boottocht<\/li>\n<p>n \t<\/p>\n<li>Alle belastingen, toeslagen en administratiekosten<\/li>\n<p>n \t<\/p>\n<li>Lokale belastingen<\/li>\n<p>n \t<\/p>\n<li>Dranken<\/li>\n<p>n \t<\/p>\n<li>Alcoholische drankjes<\/li>\n<p>n<\/ol>\n<p>n<b>Uitsluitingen<\/b><br \/>\nn<\/p>\n<ol>\nn \t<\/p>\n<li>Fooien<\/li>\n<p>n \t<\/p>\n<li>Auto overzetten<\/li>\n<p>n<\/ol>\n<p>n&nbsp;<br \/>\nn<\/p>\n<h4><a id=\"departure-return\" class=\"aal_anchor\" href=\"https:\/\/www.boattoursamana.com\/nl\/tour\/samana-cayo-levantado-bacardi-eiland-en-walvissen-kijken-vanuit-miches-in-catamaran-2\/#departure-return\" aria-hidden=\"true\"><\/a><em><strong>Vertrek &amp; Terugkeer<\/strong><\/em><\/h4>\n<p>nDe reiziger krijgt een ontmoetingspunt na het reserveringsproces. Rondleidingen beginnen en eindigen op onze ontmoetingspunten.<br \/>\nn<br \/>\nn&nbsp;<br \/>\nn<\/p>\n<h4><a id=\"what-to-expect\" class=\"aal_anchor\" href=\"https:\/\/www.boattoursamana.com\/nl\/tour\/samana-cayo-levantado-bacardi-eiland-en-walvissen-kijken-vanuit-miches-in-catamaran-2\/#what-to-expect\" aria-hidden=\"true\"><\/a><b><i>Wat te verwachten?<\/i><\/b><\/h4>\n<p>n&nbsp;<br \/>\nn<br \/>\nn<em><strong>Haal je kaartjes<\/strong><\/em>\u00a0voor een dag Whale Watching-tour in de baai van Saman\u00e1, beginnend bij Miches in Catamaran met lokale drankjes plus een heerlijke lunch en strandtijd.<br \/>\nn<br \/>\nnDe dagpas voor walvissen spotten, georganiseerd door \u201cBooking Adventures\u201d begint op het ontmoetingspunt met de gids. Lunch op het strand en je kunt zo lang blijven als je wilt rondzwemmen. Als je veganist bent, kunnen we ook wat eten voor je klaarmaken.<br \/>\nn<br \/>\nn<strong>Rooster:<\/strong><br \/>\nn<br \/>\n8:45 \u2013 17:00 uur<br \/>\nn<br \/>\nn&nbsp;<br \/>\nn<\/p>\n<h4><a id=\"what-you-should-bring\" class=\"aal_anchor\" href=\"https:\/\/www.boattoursamana.com\/nl\/tour\/samana-cayo-levantado-bacardi-eiland-en-walvissen-kijken-vanuit-miches-in-catamaran-2\/#what-you-should-bring\" aria-hidden=\"true\"><\/a><em><strong>Wat moet je meenemen?<\/strong><\/em><\/h4>\n<p>n<\/p>\n<ul>\nn \t<\/p>\n<li>Camera<\/li>\n<p>n \t<\/p>\n<li>Afstotende toppen<\/li>\n<p>n \t<\/p>\n<li>Zonnecreme<\/li>\n<p>n \t<\/p>\n<li>Hoed<\/li>\n<p>n \t<\/p>\n<li>Comfortabele broek<\/li>\n<p>n \t<\/p>\n<li>Sandalen naar het strand<\/li>\n<p>n \t<\/p>\n<li>Zwemkleding<\/li>\n<p>n \t<\/p>\n<li>Contant geld voor souvenirs<\/li>\n<p>n<\/ul>\n<p>n&nbsp;<br \/>\nn<\/p>\n<h4><a id=\"hotel-pickup\" class=\"aal_anchor\" href=\"https:\/\/www.boattoursamana.com\/nl\/tour\/samana-cayo-levantado-bacardi-eiland-en-walvissen-kijken-vanuit-miches-in-catamaran-2\/#hotel-pickup\" aria-hidden=\"true\"><\/a><b><i>Hotel ophalen<\/i><\/b><\/h4>\n<p>Ophaalservice bij het hotel wordt niet aangeboden voor deze tour.<br \/>\nn<br \/>\nn&nbsp;<br \/>\nn<br \/>\nn<b>Opmerking:<\/b>\u00a0als u binnen 24 uur na de vertrektijd van de tour\/excursie boekt, kunnen we tegen extra kosten het ophalen van het hotel regelen. Zodra uw aankoop is voltooid, sturen we u de volledige contactgegevens (telefoonnummer, e-mailadres, enz.) voor onze lokale gids om ophaalarrangementen te regelen.<br \/>\nn<\/p>\n<h4><a id=\"additional-info-confirmation\" class=\"aal_anchor\" href=\"https:\/\/www.boattoursamana.com\/nl\/tour\/samana-cayo-levantado-bacardi-eiland-en-walvissen-kijken-vanuit-miches-in-catamaran-2\/#additional-info-confirmation\" aria-hidden=\"true\"><\/a><b><i>Bevestiging aanvullende informatie<\/i><\/b><\/h4>\n<p>n<\/p>\n<ol>\nn \t<\/p>\n<li>Tickets zijn het ontvangstbewijs na betaling van deze Tour. U kunt de betaling op uw telefoon laten zien.<\/li>\n<p>n \t<\/p>\n<li>Trefpunt Wordt ontvangen na het reserveringsproces.<\/li>\n<p>n \t<\/p>\n<li>Kinderen moeten worden begeleid door een volwassene.<\/li>\n<p>n \t<\/p>\n<li>rolstoel toegankelijk<\/li>\n<p>n \t<\/p>\n<li>Baby&#039;s moeten op schoot zitten<\/li>\n<p>n \t<\/p>\n<li>De meeste reizigers kunnen deelnemen<\/li>\n<p>n<\/ol>\n<p>n<\/p>\n<h4><a id=\"cancellation-policy\" class=\"aal_anchor\" href=\"https:\/\/www.boattoursamana.com\/nl\/tour\/samana-cayo-levantado-bacardi-eiland-en-walvissen-kijken-vanuit-miches-in-catamaran-2\/#cancellation-policy\" aria-hidden=\"true\"><\/a><b><i>Annuleringsvoorwaarden<\/i><\/b><\/h4>\n<p>nVoor een volledige terugbetaling dien je minimaal 24 uur v\u00f3\u00f3r de startdatum van de ervaring te annuleren.<br \/>\nn<br \/>\nn\n<\/div>\n<p>n\n<\/p><\/div>\n<p>n\n<\/p><\/div>\n<p>n\n<\/p><\/div>\n<p>n\n<\/p><\/div>\n<p>n\n<\/p><\/div>\n<p>n\n<\/p><\/div>\n<p>n\n<\/p><\/div>\n<p>n\n<\/p><\/div>\n<p>n\n<\/p><\/div>\n<p>n\n<\/p><\/div>\n<p>n\n<\/p><\/div>\n<p>n<\/p>\n<div class=\"vc_row wpb_row vc_row-fluid\">\nn<\/p>\n<div class=\"wpb_column vc_column_container vc_col-sm-12\">\nn<\/p>\n<div class=\"vc_column-inner\">\nn<\/p>\n<div class=\"wpb_wrapper\">\nn<\/p>\n<div class=\"vc_empty_space\"><\/div>\n<p>n<\/p>\n<div class=\"wpb_text_column wpb_content_element\">\nn<\/p>\n<div class=\"wpb_wrapper\">\nn<\/p>\n<h4><a id=\"contact-us\" class=\"aal_anchor\" href=\"https:\/\/www.boattoursamana.com\/nl\/tour\/samana-cayo-levantado-bacardi-eiland-en-walvissen-kijken-vanuit-miches-in-catamaran-2\/#contact-us\" aria-hidden=\"true\"><\/a>Neem contact op?<\/h4>\n<p>n<\/p>\n<h5><\/h5>\n<p>n<em><strong>Lokale bevolking<\/strong>\u00a0en\u00a0<strong>Onderdanen<\/strong>\u00a0Gidsen en gastenservices<\/em><br \/>\nn<br \/>\nn<span class=\"text-turquoise\">Reserveringen:<\/span>\u00a0Rondleidingen en excursies in Dom. vertegenwoordiger<br \/>\nn<br \/>\nn<img decoding=\"async\" class=\"emoji\" title=\"Samana Cayo Levantado (Bacardi-eiland) en walvissen spotten vanuit Miches in catamaran 1\" draggable=\"false\" src=\"https:\/\/s.w.org\/images\/core\/emoji\/11.2.0\/svg\/1f4de.svg\" alt=\" \" \/> Tel.\/Whatsapp <strong><a href=\"tel:+1 (829) 318-9463\">+1 (829) 318-9463.<\/a><\/strong><br \/>\nn<br \/>\nn<img decoding=\"async\" class=\"emoji\" title=\"Samana Cayo Levantado (Bacardi-eiland) en walvissen spotten vanuit Miches in catamaran 2\" draggable=\"false\" src=\"https:\/\/s.w.org\/images\/core\/emoji\/11.2.0\/svg\/1f4e9.svg\" alt=\" \" \/>\u00a0<a href=\"mailto:reservabatour@gmail.com\">reservabatour@gmail.com<\/a><br \/>\nn<br \/>\nn<strong>We zijn flexibel in het instellen van priv\u00e9rondleidingen via WhatsApp:\u00a0<a href=\"tel:+1 (829) 318-9463\">+1 (829) 318-9463.<\/a><\/strong><br \/>\nn<br \/>\nn<\/div>\n<p>n\n<\/p><\/div>\n<p>n\n<\/p><\/div>\n<p>n\n<\/p><\/div>\n<p>n\n<\/p><\/div>\n<p>n\n<\/p><\/div>\n<p>n\n<\/p><\/div>\n<p>n\n<\/p><\/div>\n<p>n<\/p>\n\n\t\t<\/div>\n\t<\/div>\n<div class=\"vc_row wpb_row vc_row-fluid\" ><div class=\"wpb_column vc_column_container vc_col-sm-12\"><div class=\"vc_column-inner\"><div class=\"wpb_wrapper\"><div class=\"vc_btn3-container vc_btn3-inline\" ><button class=\"vc_general vc_btn3 vc_btn3-size-md vc_btn3-shape-rounded vc_btn3-style-modern vc_btn3-color-green\">BOEK NU<\/button><\/div><\/div><\/div><\/div><\/div>","protected":false},"excerpt":{"rendered":"<p>Whale Miches Tours &amp; Excursiones. Reserve sus boletos para el avistamiento de ballenas en la Bah\u00eda de Saman\u00e1, comenzando desde Miches y visitando Cayo Levantado, tambi\u00e9n conocida como Isla Bacard\u00ed para una aventura con pase de un d\u00eda. n n&nbsp; n nSeleccione la fecha de la excursi\u00f3n: &nbsp;<\/p>","protected":false},"author":2,"featured_media":0,"parent":0,"menu_order":0,"comment_status":"open","ping_status":"closed","template":"","meta":{"footnotes":""},"class_list":["post-15755","page","type-page","status-publish","hentry"],"_links":{"self":[{"href":"https:\/\/www.boattoursamana.com\/nl\/wp-json\/wp\/v2\/pages\/15755","targetHints":{"allow":["GET"]}}],"collection":[{"href":"https:\/\/www.boattoursamana.com\/nl\/wp-json\/wp\/v2\/pages"}],"about":[{"href":"https:\/\/www.boattoursamana.com\/nl\/wp-json\/wp\/v2\/types\/page"}],"author":[{"embeddable":true,"href":"https:\/\/www.boattoursamana.com\/nl\/wp-json\/wp\/v2\/users\/2"}],"replies":[{"embeddable":true,"href":"https:\/\/www.boattoursamana.com\/nl\/wp-json\/wp\/v2\/comments?post=15755"}],"version-history":[{"count":0,"href":"https:\/\/www.boattoursamana.com\/nl\/wp-json\/wp\/v2\/pages\/15755\/revisions"}],"wp:attachment":[{"href":"https:\/\/www.boattoursamana.com\/nl\/wp-json\/wp\/v2\/media?parent=15755"}],"curies":[{"name":"wp","href":"https:\/\/api.w.org\/{rel}","templated":true}]}}