{"id":15764,"date":"2023-07-15T07:43:13","date_gmt":"2023-07-15T07:43:13","guid":{"rendered":"https:\/\/www.ticketswhales.com\/half-day-whale-watching-samana-in-catamaran-morning\/"},"modified":"2023-07-15T07:43:13","modified_gmt":"2023-07-15T07:43:13","slug":"half-day-whale-watching-samana-in-catamaran-morning","status":"publish","type":"page","link":"https:\/\/www.boattoursamana.com\/nl\/half-day-whale-watching-samana-in-catamaran-morning","title":{"rendered":"Halve dag walvissen spotten Saman\u00e1 in catamaran-ochtend"},"content":{"rendered":"<p>Halve dag walvissen spotten Baai van Saman\u00e1, Dominicaanse Republiek. Walvissen spotten vanuit de haven van Saman\u00e1 in een comfortabele catamaran. Boek &#039;s morgens of&#039; s middags trips om walvissen te spotten. Boek nu deze excursie in de baai van Samana voor een goede ervaring om walvissen te spotten.<br \/>\nn<br \/>\nn<strong>Prijs is exclusief lunch. Als je alles leuk vindt, neem dan het volgende op:\u00a0 <a href=\"https:\/\/www.boattoursamana.com\/nl\/tours-excursions\/tours-and-excursions\/samana-walvissen-kijken-cayo-levantado\/\">Klik hier\u00a0<\/a><\/strong><br \/>\nn<br \/>\nn&nbsp;<\/p>\n<p>&nbsp;<\/p>\n<div class=\"vc_row wpb_row vc_row-fluid\" ><div class=\"wpb_column vc_column_container vc_col-sm-12\"><div class=\"vc_column-inner\"><div class=\"wpb_wrapper\"><div class=\"mkdf-section-title-holder\" style=\"text-align: left\">\n\t<div class=\"mkdf-st-inner\">\n\t\t\t\t\t<h5 class=\"mkdf-st-subtitle\" >\n\t\t\t\tOchtend of middag\t\t\t<\/h5>\n\t\t\t\t\t\t\t<h3 class=\"mkdf-st-title\" >\n\t\t\t\tHalve dag walvissen spotten in Samana in catamaran\t\t\t<\/h3>\n\t\t\t\t\t<\/div>\n<\/div><div class=\"vc_empty_space\"   style=\"height: 32px\"><span class=\"vc_empty_space_inner\"><\/span><\/div><div class=\"vc_message_box vc_message_box-standard vc_message_box-rounded vc_color-info\" ><div class=\"vc_message_box-icon\"><i class=\"fas fa-info-circle\"><\/i><\/div><p><strong>Prijs is exclusief lunch. als je alles wilt opnemen, alsjeblieft:\u00a0 <a href=\"https:\/\/www.boattoursamana.com\/nl\/tours-excursions\/tours-and-excursions\/samana-walvissen-kijken-cayo-levantado\/\">Klik hier\u00a0<\/a><\/strong><\/p>\n<\/div><div class=\"vc_empty_space\"   style=\"height: 32px\"><span class=\"vc_empty_space_inner\"><\/span><\/div><\/div><\/div><\/div><\/div><div class=\"vc_row wpb_row vc_row-fluid\" ><div class=\"wpb_column vc_column_container vc_col-sm-12\"><div class=\"vc_column-inner\"><div class=\"wpb_wrapper\"><div class=\"vc_btn3-container vc_btn3-inline\" ><button class=\"vc_general vc_btn3 vc_btn3-size-md vc_btn3-shape-rounded vc_btn3-style-modern vc_btn3-color-green\">BOEK NU<\/button><\/div>\n\t<div class=\"wpb_text_column wpb_content_element\" >\n\t\t<div class=\"wpb_wrapper\">\n\t\t\t<p>\nn<\/p>\n<div class=\"vc_row wpb_row vc_row-fluid\">\nn<\/p>\n<div class=\"wpb_column vc_column_container vc_col-sm-12\">\nn<\/p>\n<div class=\"vc_column-inner\">\nn<\/p>\n<div class=\"wpb_wrapper\">\nn<\/p>\n<div class=\"wpb_text_column wpb_content_element\">\nn<\/p>\n<div class=\"wpb_wrapper\">\nn<\/p>\n<div class=\"vc_row wpb_row vc_row-fluid\">\nn<\/p>\n<div class=\"wpb_column vc_column_container vc_col-sm-12\">\nn<\/p>\n<div class=\"vc_column-inner\">\nn<\/p>\n<div class=\"wpb_wrapper\">\nn<\/p>\n<div class=\"wpb_text_column wpb_content_element\">\nn<\/p>\n<div class=\"wpb_wrapper\">\nn<\/p>\n<h4><b><i>Overzicht<img decoding=\"async\" class=\"emoji\" draggable=\"false\" src=\"https:\/\/s.w.org\/images\/core\/emoji\/12.0.0-1\/svg\/1f433.svg\" alt=\" \" title=\"\"><\/i><\/b><\/h4>\n<p>nAfter aborting our Boat to visit the Whales in their own habitat.\u00a0 Our Captains are trained to make sure that you see whales.<br \/>\nn<br \/>\nnFrom 9:00 Am until 12:00-noon Or Private minimun 4 people for 1:00 Pm to 3:30 Pm.\u00a0 Whale watching observatory and After this Whale Whatchig trip, we Come back to Samana main port.<br \/>\nn<br \/>\nn<strong>Opmerking:<\/strong> Deze tour is niet priv\u00e9. Neem contact met ons op als u een priv\u00e9tour wilt instellen!<br \/>\nn<\/p>\n<ul>\nn \t<\/p>\n<li>Walvissen spotten reis<\/li>\n<p>n \t<\/p>\n<li>Bootcatamarantransfer<\/li>\n<p>n \t<\/p>\n<li>De kapitein geeft instructie en toezicht<\/li>\n<p>n \t<\/p>\n<li>Gids<\/li>\n<p>n<\/ul>\n<p>n&nbsp;<br \/>\nn<\/p>\n<h4><b>In- en uitsluitingen<\/b><\/h4>\n<p>n&nbsp;<br \/>\nn<br \/>\nn<b>Insluitsels<\/b><br \/>\nn<\/p>\n<ol>\nn \t<\/p>\n<li>Gids<\/li>\n<p>n \t<\/p>\n<li>Catamaran of boottocht<\/li>\n<p>n \t<\/p>\n<li>Alle belastingen, toeslagen en administratiekosten<\/li>\n<p>n \t<\/p>\n<li>Lokale belastingen<\/li>\n<p>n<\/ol>\n<p>n<b>Uitsluitingen<\/b><br \/>\nn<\/p>\n<ol>\nn \t<\/p>\n<li>Fooien<\/li>\n<p>n \t<\/p>\n<li>Auto overzetten<\/li>\n<p>n \t<\/p>\n<li>Alcoholische drankjes<\/li>\n<p>n \t<\/p>\n<li>Dranken<\/li>\n<p>n \t<\/p>\n<li>Dramamine-tabletten (optioneel)<\/li>\n<p>n \t<\/p>\n<li>Toegangsprijzen voor het heiligdom. (Armband)<\/li>\n<p>n<\/ol>\n<p>n&nbsp;<br \/>\nn<\/p>\n<h4><em><strong>Vertrek &amp; Terugkeer<\/strong><\/em><\/h4>\n<p>nDe reiziger krijgt een ontmoetingspunt na het reserveringsproces. Rondleidingen beginnen en eindigen op onze ontmoetingspunten.<br \/>\nn<\/p>\n<h3>Halve dag walvissen spotten in Samana in catamaran<\/h3>\n<p>n<\/p>\n<h4><b><i>Wat te verwachten?<\/i><\/b><\/h4>\n<p>n&nbsp;<br \/>\nn<br \/>\nn<em><strong>Haal je kaartjes<\/strong><\/em> voor een trip van een halve dag Walvisspotten in de baai van Saman\u00e1.<br \/>\nn<br \/>\nnThe whale watching trip half day, organized by \u201cBooking Adventures\u201d starts at the meeting point set with the Tour Guide. Lunch at the beach is <strong>niet<\/strong> opnemen in deze tour.<br \/>\nn<br \/>\nn&nbsp;<br \/>\nn<br \/>\nn<strong>Rooster:<\/strong><br \/>\nn<br \/>\nn9:00 AM \u2013 12: 30 PM<br \/>\nn<br \/>\nn1: 00 Pm &#8211; 3: 30 PM. ( It most be a Private trip minimun 4 people or Contact us).<br \/>\nn<br \/>\nn<\/div>\n<p>nTime can change depents how many whales we see.<br \/>\nn<\/p>\n<div class=\"wpb_wrapper\">\nn<br \/>\nn&nbsp;<br \/>\nn<\/p>\n<h4><em><strong>Wat moet je meenemen?<\/strong><\/em><\/h4>\n<p>n<\/p>\n<ul>\nn \t<\/p>\n<li>Camera<\/li>\n<p>n \t<\/p>\n<li>Afstotende toppen<\/li>\n<p>n \t<\/p>\n<li>zonnecreme<\/li>\n<p>n \t<\/p>\n<li>Hoed<\/li>\n<p>n \t<\/p>\n<li>Comfortabele broek<\/li>\n<p>n \t<\/p>\n<li>Zwemkleding<\/li>\n<p>n \t<\/p>\n<li>Contant geld voor souvenirs<\/li>\n<p>n<\/ul>\n<p>n&nbsp;<br \/>\nn<\/p>\n<h4><b><i>Hotel ophalen<\/i><\/b><\/h4>\n<p>Ophaalservice bij het hotel wordt niet aangeboden voor deze tour.<br \/>\nn<br \/>\nn&nbsp;<br \/>\nn<br \/>\nn<b>Opmerking:<\/b>\u00a0als u binnen 24 uur na de vertrektijd van de tour\/excursie boekt, kunnen we tegen extra kosten het ophalen van het hotel regelen. Zodra uw aankoop is voltooid, sturen we u de volledige contactgegevens (telefoonnummer, e-mailadres, enz.) voor onze lokale gids om ophaalarrangementen te regelen.<br \/>\nn<\/p>\n<h4><b><i>Bevestiging aanvullende informatie<\/i><\/b><\/h4>\n<p>n<\/p>\n<ol>\nn \t<\/p>\n<li>Tickets zijn het ontvangstbewijs na betaling van deze Tour. U kunt de betaling op uw telefoon laten zien.<\/li>\n<p>n \t<\/p>\n<li>Trefpunt Wordt ontvangen na het reserveringsproces.<\/li>\n<p>n \t<\/p>\n<li>Kinderen moeten worden begeleid door een volwassene.<\/li>\n<p>n \t<\/p>\n<li>rolstoel toegankelijk<\/li>\n<p>n \t<\/p>\n<li>Baby&#039;s moeten op schoot zitten<\/li>\n<p>n \t<\/p>\n<li>De meeste reizigers kunnen deelnemen<\/li>\n<p>n<\/ol>\n<p>n<\/p>\n<h4><b><i>Annuleringsvoorwaarden<\/i><\/b><\/h4>\n<p>Lees voor een volledige terugbetaling ons Annuleringsbeleid\u00a0<a href=\"https:\/\/www.boattoursamana.com\/nl\/online-boeken\/\" target=\"_blank\" rel=\"noopener\" data-saferedirecturl=\"https:\/\/www.google.com\/url?q=https:\/\/www.boattoursamana.com\/online-booking\/&amp;source=gmail&amp;ust=1672449202351000&amp;usg=AOvVaw1yAeVAPktmaVCqDujgUn90\">Klik hier<\/a>. Het geld gaat verloren als de reservering op dezelfde dag van de reis wordt geannuleerd.<br \/>\nn<br \/>\nn<\/div>\n<p>n\n<\/p><\/div>\n<p>n\n<\/p><\/div>\n<p>n\n<\/p><\/div>\n<p>n\n<\/p><\/div>\n<p>n\n<\/p><\/div>\n<p>n\n<\/p><\/div>\n<p>n\n<\/p><\/div>\n<p>n\n<\/p><\/div>\n<p>n\n<\/p><\/div>\n<p>n\n<\/p><\/div>\n<p>n\n<\/p><\/div>\n<p>n<\/p>\n<div class=\"vc_row wpb_row vc_row-fluid\">\nn<\/p>\n<div class=\"wpb_column vc_column_container vc_col-sm-12\">\nn<\/p>\n<div class=\"vc_column-inner\">\nn<\/p>\n<div class=\"wpb_wrapper\">\nn<\/p>\n<div class=\"vc_empty_space\"><\/div>\n<p>n<\/p>\n<div class=\"wpb_text_column wpb_content_element\">\nn<\/p>\n<div class=\"wpb_wrapper\">\nn<\/p>\n<h4>Neem contact op?<\/h4>\n<p>n<\/p>\n<h5><b><i>TOER WALVIS SAMANA<\/i><\/b><\/h5>\n<p>n<em><strong>Lokale bevolking<\/strong>\u00a0en\u00a0<strong>Onderdanen<\/strong>\u00a0Gidsen en gastenservices<\/em><br \/>\nn<br \/>\nn<span class=\"text-turquoise\">Reserveringen:<\/span>\u00a0Rondleidingen en excursies in Dom. vertegenwoordiger<br \/>\nn<br \/>\nn<img decoding=\"async\" class=\"emoji\" draggable=\"false\" src=\"https:\/\/s.w.org\/images\/core\/emoji\/11.2.0\/svg\/1f4de.svg\" alt=\" \" title=\"\">\u00a0Tel.\/Whatsapp\u00a0\u00a0<a href=\"tel:+1-809-720-6035\">+1-809-720-6035<\/a>.<br \/>\nn<br \/>\nn<img decoding=\"async\" class=\"emoji\" draggable=\"false\" src=\"https:\/\/s.w.org\/images\/core\/emoji\/11.2.0\/svg\/1f4e9.svg\" alt=\" \" title=\"\">\u00a0<a href=\"mailto:info@bookingadventures.com.do\">info@bookingadventures.com.do<\/a><br \/>\nn<br \/>\nn<strong>We zijn flexibel in het instellen van priv\u00e9rondleidingen via WhatsApp:\u00a0<a href=\"tel:+18097206035\">+18097206035.<\/a><\/strong><br \/>\nn<br \/>\nn<\/div>\n<p>n\n<\/p><\/div>\n<p>n\n<\/p><\/div>\n<p>n\n<\/p><\/div>\n<p>n\n<\/p><\/div>\n<p>n\n<\/p><\/div>\n<p>n<\/p>\n\n\t\t<\/div>\n\t<\/div>\n<div class=\"vc_message_box vc_message_box-standard vc_message_box-rounded vc_color-info\" ><div class=\"vc_message_box-icon\"><i class=\"fas fa-info-circle\"><\/i><\/div><p><strong>Prijs is exclusief lunch. als je alles wilt opnemen, alsjeblieft:\u00a0 <a href=\"https:\/\/www.boattoursamana.com\/nl\/tours-excursions\/tours-and-excursions\/samana-walvissen-kijken-cayo-levantado\/\">Klik hier\u00a0<\/a><\/strong><\/p>\n<\/div><\/div><\/div><\/div><\/div><div class=\"vc_row wpb_row vc_row-fluid\" ><div class=\"wpb_column vc_column_container vc_col-sm-12\"><div class=\"vc_column-inner\"><div class=\"wpb_wrapper\"><div class=\"vc_btn3-container vc_btn3-inline\" ><button class=\"vc_general vc_btn3 vc_btn3-size-md vc_btn3-shape-rounded vc_btn3-style-modern vc_btn3-color-green\">BOEK NU<\/button><\/div><\/div><\/div><\/div><\/div>","protected":false},"excerpt":{"rendered":"<p>Half-Day Whale Watching Samana Bay, Dominican Republic. Whale Watching from Saman\u00e1 port in a comfortable Catamaran. Book in the Morning or Afternoon trips for Whale watching. Book Now this excursion in Samana bay for a Good whale watching trip experience. n nPrice do not include Lunch. If you will like all include please:\u00a0 Click here\u00a0 n n&nbsp; &nbsp;<\/p>","protected":false},"author":2,"featured_media":0,"parent":0,"menu_order":0,"comment_status":"open","ping_status":"closed","template":"","meta":{"footnotes":""},"class_list":["post-15764","page","type-page","status-publish","hentry"],"_links":{"self":[{"href":"https:\/\/www.boattoursamana.com\/nl\/wp-json\/wp\/v2\/pages\/15764","targetHints":{"allow":["GET"]}}],"collection":[{"href":"https:\/\/www.boattoursamana.com\/nl\/wp-json\/wp\/v2\/pages"}],"about":[{"href":"https:\/\/www.boattoursamana.com\/nl\/wp-json\/wp\/v2\/types\/page"}],"author":[{"embeddable":true,"href":"https:\/\/www.boattoursamana.com\/nl\/wp-json\/wp\/v2\/users\/2"}],"replies":[{"embeddable":true,"href":"https:\/\/www.boattoursamana.com\/nl\/wp-json\/wp\/v2\/comments?post=15764"}],"version-history":[{"count":0,"href":"https:\/\/www.boattoursamana.com\/nl\/wp-json\/wp\/v2\/pages\/15764\/revisions"}],"wp:attachment":[{"href":"https:\/\/www.boattoursamana.com\/nl\/wp-json\/wp\/v2\/media?parent=15764"}],"curies":[{"name":"wp","href":"https:\/\/api.w.org\/{rel}","templated":true}]}}