{"id":15770,"date":"2023-07-15T07:43:40","date_gmt":"2023-07-15T07:43:40","guid":{"rendered":"https:\/\/www.ticketswhales.com\/parasailing-tour-from-punta-cana-95-usd\/"},"modified":"2023-07-15T07:43:40","modified_gmt":"2023-07-15T07:43:40","slug":"parasailing-tour-from-punta-cana-95-usd","status":"publish","type":"page","link":"https:\/\/www.boattoursamana.com\/nl\/parasailtocht-vanuit-punta-cana-95-usd","title":{"rendered":"Parasailtocht vanuit Punta Cana 95 USD."},"content":{"rendered":"<p><span style=\"vertical-align: inherit;\"><span style=\"vertical-align: inherit;\">Parasailen in Punta Cana is een ongelooflijke avontuur en een van de meest geweldige dingen om te doen in Punta Cana. <\/span><span style=\"vertical-align: inherit;\">La costa desde 200 pies en el aire, mientras navega, es absoluut impresionante.<\/span><\/span><br \/>\nn<br \/>\nn<span style=\"vertical-align: inherit;\"><span style=\"vertical-align: inherit;\">El parasailing is een ervaren ervaring en divertida voor alle gezinsleden. <\/span><span style=\"vertical-align: inherit;\">Als de belangrijkste parasailing- en avonturenwereld in de Dominicaanse Republiek, is de nuestro-uitrusting van parasailing een groot aantal experimenten in Punta Cana, met meer dan 16 jaar ervaring in vuelos. <\/span><span style=\"vertical-align: inherit;\">Puede defrutar de unos 15 minutos de vuelo mientras disfruta de la hermosa vista panor\u00e1mica.<\/span><\/span><br \/>\nn<br \/>\nn&nbsp;<br \/>\nn<br \/>\nn<em><strong><span style=\"vertical-align: inherit;\"><span style=\"vertical-align: inherit;\">Selecteer de prijs voor de tour\u00a0<\/span><\/span><\/strong><\/em><\/p>\n<p>&nbsp;<\/p>\n<div class=\"vc_row wpb_row vc_row-fluid\" ><div class=\"wpb_column vc_column_container vc_col-sm-12\"><div class=\"vc_column-inner\"><div class=\"wpb_wrapper\">\n\t<div class=\"wpb_text_column wpb_content_element\" >\n\t\t<div class=\"wpb_wrapper\">\n\t\t\t<p>u<\/p>\n\n\t\t<\/div>\n\t<\/div>\n<\/div><\/div><\/div><\/div><div class=\"vc_row wpb_row vc_row-fluid\" ><div class=\"wpb_column vc_column_container vc_col-sm-12\"><div class=\"vc_column-inner\"><div class=\"wpb_wrapper\"><div class=\"mkdf-section-title-holder\" style=\"text-align: left\">\n\t<div class=\"mkdf-st-inner\">\n\t\t\t\t\t<h5 class=\"mkdf-st-subtitle\" >\n\t\t\t\tVan Punta Cana-hotels\t\t\t<\/h5>\n\t\t\t\t\t\t\t<h3 class=\"mkdf-st-title\" >\n\t\t\t\tParasailtocht vanuit Punta Cana\t\t\t<\/h3>\n\t\t\t\t\t\t\t<p class=\"mkdf-st-text\" >\n\t\t\t\tOpmerking: deze tour begint om 07:00 uur, afhankelijk van waar de ophaalhotels zijn. De tijd kan veranderen. Extra kosten voor ophalen in gebieden die niet in onze beschrijving staan.\t\t\t<\/p>\n\t\t\t<\/div>\n<\/div><\/div><\/div><\/div><\/div><div class=\"vc_row wpb_row vc_row-fluid\" ><div class=\"wpb_column vc_column_container vc_col-sm-12\"><div class=\"vc_column-inner\"><div class=\"wpb_wrapper\"><div class=\"vc_empty_space\"   style=\"height: 32px\"><span class=\"vc_empty_space_inner\"><\/span><\/div><\/div><\/div><\/div><\/div><div class=\"vc_row wpb_row vc_row-fluid\" ><div class=\"wpb_column vc_column_container vc_col-sm-12\"><div class=\"vc_column-inner\"><div class=\"wpb_wrapper\"><div class=\"vc_btn3-container vc_btn3-inline\" ><button class=\"vc_general vc_btn3 vc_btn3-size-md vc_btn3-shape-rounded vc_btn3-style-modern vc_btn3-color-green\">BOEK NU<\/button><\/div>\n\t<div class=\"wpb_text_column wpb_content_element\" >\n\t\t<div class=\"wpb_wrapper\">\n\t\t\t<p>\nn<\/p>\n<h4><b><i>Overzicht <\/i><\/b><\/h4>\n<p>n<\/p>\n<div>\nn<br \/>\nParasail over de kustlijn van Punta Cana\/Bavaro tijdens deze 40 minuten durende activiteit die vertrekt vanuit Punta Cana. Profiteer van de expertise van een van de meest ervaren parasailbedrijven in de Dominicaanse Republiek, met meer dan 60.000 vluchten sinds 2001. Krijg een adembenemend uitzicht op de stranden, turquoise wateren en uitgestrekte resorts langs de kust terwijl je honderden meters hoog in de lucht vliegt. Breng zonnebrandcr\u00e8me, een badpak en een gevoel van avontuur mee. Scenic air tour Reis per boot en bekijk de bezienswaardigheden vanaf het water Keuze uit vertrek in de ochtend of middag Gratis ophalen en inleveren van hotel inbegrepen<br \/>\nn<br \/>\nn<\/div>\n<p>n<\/p>\n<ul class=\"vcs-highlights\">\nn \t<\/p>\n<li>Keuze uit verschillende afvaarten gedurende de dag<\/li>\n<p>n \t<\/p>\n<li>Geniet van fantastische luchtfoto&#039;s<\/li>\n<p>n \t<\/p>\n<li>Familie vriendelijk<\/li>\n<p>n \t<\/p>\n<li>Ophaalservice vanaf een centraal gelegen ontmoetingspunt<\/li>\n<p>n \t<\/p>\n<li>Romantische ervaring, perfect voor koppels<\/li>\n<p>n<\/ul>\n<p>n&nbsp;<br \/>\nn<\/p>\n<h4><b>In- en uitsluitingen<\/b><\/h4>\n<p>n&nbsp;<br \/>\nn<br \/>\nn<b>Insluitsels<\/b><br \/>\nn<br \/>\nn&nbsp;<br \/>\nn<\/p>\n<ol>\nn \t<\/p>\n<li>Parasaling-tour<\/li>\n<p>n \t<\/p>\n<li>Bus ophalen bij uw hotel<\/li>\n<p>n \t<\/p>\n<li style=\"font-weight: 400;\"><span style=\"font-weight: 400;\">Alle belastingen, toeslagen en administratiekosten<\/span><\/li>\n<p>n \t<\/p>\n<li style=\"font-weight: 400;\"><span style=\"font-weight: 400;\">Lokale belastingen<\/span><\/li>\n<p>n \t<\/p>\n<li style=\"font-weight: 400;\"><span style=\"font-weight: 400;\">Dranken<\/span><\/li>\n<p>n<\/ol>\n<p>n<b> Uitsluitingen<\/b><br \/>\nn<\/p>\n<ol>\nn \t<\/p>\n<li style=\"font-weight: 400;\"><span style=\"font-weight: 400;\">Fooien<\/span><\/li>\n<p>n \t<\/p>\n<li>Lunch<\/li>\n<p>n<\/ol>\n<p>n&nbsp;<br \/>\nn<\/p>\n<h4><em><strong>Vertrek &amp; Terugkeer<\/strong><\/em><\/h4>\n<p>n<span style=\"font-weight: 400;\">De reiziger krijgt een ontmoetingsplaats na het Reserveringsproces. Tours beginnen en eindigen in onze ontmoetingspunten.<\/span><br \/>\nn<br \/>\nn&nbsp;<br \/>\nn<\/p>\n<h4><b><i>Wat te verwachten?<\/i><\/b><\/h4>\n<p>Stel je voor dat je 50 meter hoog in de lucht bent, de koele wind je gezicht streelt terwijl je ontspant met een spectaculair uitzicht op de kust van Bavaro - Punta Cana. Stop met fantaseren en ga met ons mee in de spannende rit van parasailen, een werkelijk onvergetelijke ervaring. Je hebt alleen zonnebrandcr\u00e8me en badpak nodig terwijl je geniet van de spanning van de rit. Vlieg met het belangrijkste parasailbedrijf van de Dominicaanse Republiek. Met meer dan 60.000 vluchten sinds 2001 behoren onze bekwame kapiteins en bemanning tot de meest ervaren in de branche.<br \/>\nn<br \/>\nn<strong>Rooster:<\/strong><br \/>\nn<br \/>\n7:00 \u2013 19:00 uur\u2026 Tijdsverandering afhankelijk van waar u zich in Punta Cana bevindt.<br \/>\nn<br \/>\nn&nbsp;<br \/>\nn<\/p>\n<h4><em><strong>Wat moet je meenemen?<\/strong><\/em><\/h4>\n<p>n<\/p>\n<ul>\nn \t<\/p>\n<li style=\"font-weight: 400;\"><span style=\"font-weight: 400;\">Camera<\/span><\/li>\n<p>n \t<\/p>\n<li style=\"font-weight: 400;\"><span style=\"font-weight: 400;\">Afstotende toppen<\/span><\/li>\n<p>n \t<\/p>\n<li style=\"font-weight: 400;\"><span style=\"font-weight: 400;\">zonnecreme<\/span><\/li>\n<p>n \t<\/p>\n<li style=\"font-weight: 400;\"><span style=\"font-weight: 400;\">Hoed<\/span><\/li>\n<p>n \t<\/p>\n<li style=\"font-weight: 400;\"><span style=\"font-weight: 400;\">Comfortabele broek<\/span><\/li>\n<p>n \t<\/p>\n<li style=\"font-weight: 400;\"><span style=\"font-weight: 400;\">Wandelschoenen voor in het bos<\/span><\/li>\n<p>n \t<\/p>\n<li style=\"font-weight: 400;\"><span style=\"font-weight: 400;\">Sandalen naar het strand<\/span><\/li>\n<p>n \t<\/p>\n<li style=\"font-weight: 400;\"><span style=\"font-weight: 400;\">Zwemkleding<\/span><\/li>\n<p>n \t<\/p>\n<li>Contant geld voor souvenirs<\/li>\n<p>n<\/ul>\n<p>n&nbsp;<br \/>\nn<\/p>\n<h4><b><i>Hotel ophalen <\/i><\/b><\/h4>\n<p>n<span style=\"font-weight: 400;\">Ophaalservice voor reizigers wordt aangeboden!<\/span><br \/>\nn<br \/>\nn<span style=\"font-weight: 400;\">We halen op bij alle hotels in Punta Cana. De ophaallocatie is de hotellobby<br \/>\nnAls je in een appartement in de omgeving verblijft, halen we je op bij het appartement of bij de ingang van het dichtstbijzijnde resort. We hebben ervoor gezorgd dat Pick up contact met ons opneemt via Whatsapp.<\/span><br \/>\nn<br \/>\nn<b>Opmerking:<\/b><span style=\"font-weight: 400;\"> Als u binnen 24 uur na de vertrektijd van de tour\/excursie boekt, kunnen we het ophalen van het hotel regelen. Zodra uw aankoop is voltooid, sturen we u de volledige contactgegevens (telefoonnummer, e-mailadres, enz.) voor onze lokale gids om ophaalarrangementen te regelen.<\/span><br \/>\nn<\/p>\n<h4><b><i>Bevestiging aanvullende informatie <\/i><\/b><\/h4>\n<p>n<\/p>\n<ol>\nn \t<\/p>\n<li>Tickets zijn het ontvangstbewijs na betaling van deze Tour. U kunt de betaling op uw telefoon laten zien.<\/li>\n<p>n \t<\/p>\n<li style=\"font-weight: 400;\"><span style=\"font-weight: 400;\">Trefpunt Wordt ontvangen na het reserveringsproces.<\/span><\/li>\n<p>n \t<\/p>\n<li style=\"font-weight: 400;\"><span style=\"font-weight: 400;\">Kinderen moeten worden begeleid door een volwassene.<\/span><\/li>\n<p>n \t<\/p>\n<li style=\"font-weight: 400;\"><span style=\"font-weight: 400;\">rolstoel toegankelijk <\/span><\/li>\n<p>n \t<\/p>\n<li style=\"font-weight: 400;\"><span style=\"font-weight: 400;\">Baby&#039;s moeten op schoot zitten <\/span><\/li>\n<p>n \t<\/p>\n<li style=\"font-weight: 400;\"><span style=\"font-weight: 400;\">De meeste reizigers kunnen deelnemen<\/span><\/li>\n<p>n<\/ol>\n<p>n<\/p>\n<h4><b><i>Annuleringsvoorwaarden<\/i><\/b><\/h4>\n<p>Lees voor een volledige terugbetaling ons Annuleringsbeleid\u00a0<a href=\"https:\/\/www.boattoursamana.com\/nl\/online-boeken\/\" target=\"_blank\" rel=\"noopener\" data-saferedirecturl=\"https:\/\/www.google.com\/url?q=https:\/\/www.boattoursamana.com\/online-booking\/&amp;source=gmail&amp;ust=1672532492004000&amp;usg=AOvVaw3ylqI1cdbIPTimEqEWneyd\">Klik hier<\/a>. Het geld gaat verloren als de reservering op dezelfde dag van de reis wordt geannuleerd.<\/p>\n\n\t\t<\/div>\n\t<\/div>\n<\/div><\/div><\/div><\/div><div class=\"vc_row wpb_row vc_row-fluid\" ><div class=\"wpb_column vc_column_container vc_col-sm-12\"><div class=\"vc_column-inner\"><div class=\"wpb_wrapper\">\n\t<div class=\"wpb_text_column wpb_content_element\" >\n\t\t<div class=\"wpb_wrapper\">\n\t\t\t<p>\nn<\/p>\n<h4>Neem contact op?<\/h4>\n<p>n<\/p>\n<h5><em><strong>Avonturen boeken<\/strong><\/em><\/h5>\n<p>n<em><strong>Lokale bevolking<\/strong> en <strong>Onderdanen<\/strong> Gidsen en gastenservices<\/em><br \/>\nn<br \/>\nn<span class=\"text-turquoise\">Reserveringen:<\/span> Rondleidingen en excursies in Dom. vertegenwoordiger<\/p>\n\n\t\t<\/div>\n\t<\/div>\n<\/div><\/div><\/div><\/div><div class=\"vc_row wpb_row vc_row-fluid\" ><\/div><div class=\"wpb_column vc_column_container vc_col-sm-12\"><div class=\"vc_column-inner\"><div class=\"wpb_wrapper\"><\/div><\/div><\/div>\n\t<div class=\"wpb_text_column wpb_content_element\" >\n\t\t<div class=\"wpb_wrapper\">\n\t\t\t<p>\nn<br \/>\nnIk ben een tekstblok. Klik op de knop Bewerken om deze tekst te wijzigen. Lorem ipsum dolor sit amet, consectetur adipiscing elit. Ut elit tellus, luctus nec ullamcorper mattis, pulvinar dapibus leo.<br \/>\nn<br \/>\nn<\/p>\n\n\t\t<\/div>\n\t<\/div>\n<div class=\"vc_empty_space\"   style=\"height: 32px\"><span class=\"vc_empty_space_inner\"><\/span><\/div><div class=\"vc_row wpb_row vc_row-fluid\" ><div class=\"wpb_column vc_column_container vc_col-sm-12\"><div class=\"vc_column-inner\"><div class=\"wpb_wrapper\"><div class=\"vc_btn3-container vc_btn3-inline\" ><button class=\"vc_general vc_btn3 vc_btn3-size-md vc_btn3-shape-rounded vc_btn3-style-modern vc_btn3-color-green\">BOEK NU<\/button><\/div><\/div><\/div><\/div><\/div>","protected":false},"excerpt":{"rendered":"<p>Parasailing en Punta Cana es una aventura incre\u00edble y una de las mejores cosas para hacer en Punta Cana. La costa desde 200 pies en el aire, mientras navega, es absolutamente impresionante. n nEl parasailing es una experiencia sencilla y divertida para todos los miembros de la familia. Como la principal empresa de parasailing y aventura en Rep\u00fablica Dominicana, nuestro equipo de Parasailing se encuentra entre los m\u00e1s experimentados en Punta Cana, con m\u00e1s de 16 a\u00f1os de experiencia en [&hellip;]<\/p>\n","protected":false},"author":2,"featured_media":0,"parent":0,"menu_order":0,"comment_status":"open","ping_status":"closed","template":"","meta":{"footnotes":""},"class_list":["post-15770","page","type-page","status-publish","hentry"],"_links":{"self":[{"href":"https:\/\/www.boattoursamana.com\/nl\/wp-json\/wp\/v2\/pages\/15770","targetHints":{"allow":["GET"]}}],"collection":[{"href":"https:\/\/www.boattoursamana.com\/nl\/wp-json\/wp\/v2\/pages"}],"about":[{"href":"https:\/\/www.boattoursamana.com\/nl\/wp-json\/wp\/v2\/types\/page"}],"author":[{"embeddable":true,"href":"https:\/\/www.boattoursamana.com\/nl\/wp-json\/wp\/v2\/users\/2"}],"replies":[{"embeddable":true,"href":"https:\/\/www.boattoursamana.com\/nl\/wp-json\/wp\/v2\/comments?post=15770"}],"version-history":[{"count":0,"href":"https:\/\/www.boattoursamana.com\/nl\/wp-json\/wp\/v2\/pages\/15770\/revisions"}],"wp:attachment":[{"href":"https:\/\/www.boattoursamana.com\/nl\/wp-json\/wp\/v2\/media?parent=15770"}],"curies":[{"name":"wp","href":"https:\/\/api.w.org\/{rel}","templated":true}]}}