{"id":15790,"date":"2023-07-15T07:43:59","date_gmt":"2023-07-15T07:43:59","guid":{"rendered":"https:\/\/www.ticketswhales.com\/samana-day-trip-from-bayahibe-el-limon-waterfall-and-bacardi-island\/"},"modified":"2023-07-15T07:43:59","modified_gmt":"2023-07-15T07:43:59","slug":"samana-day-trip-from-bayahibe-el-limon-waterfall-and-bacardi-island","status":"publish","type":"page","link":"https:\/\/www.boattoursamana.com\/nl\/samana-dagtrip-van-bayahibe-el-limon-waterval-en-bacardi-eiland-2","title":{"rendered":"Saman\u00e1-dagtrip vanuit Bayahibe - El Lim\u00f3n-waterval en Bacardi-eiland"},"content":{"rendered":"<p><span style=\"vertical-align: inherit;\"><span style=\"vertical-align: inherit;\">Als je in Punta Cana of B\u00e1varo bent en je hebt een excursie gemaakt naar een van de gebruikelijke manieren, reserveer deze viaje. <\/span><span style=\"vertical-align: inherit;\">Van deze viaje, naar Samana, donde een catamaran, naar Sabana de la Mar, een gemeente van Hato Mayor, de casa del Parque Nacional Los Haitises. <\/span><span style=\"vertical-align: inherit;\">Este viaje omvat Safari Tour, Catamar\u00e1n, Cascada en nataci\u00f3n en la playa, en meer. <\/span><span style=\"vertical-align: inherit;\">El viaje comienza om 6:00 uur en eindigt om 18:30 uur. <\/span><span style=\"vertical-align: inherit;\">\u00a1No te lo pierdas!<\/span><\/span><br \/>\nn<br \/>\nn&nbsp;<br \/>\nn<br \/>\nn&nbsp;<br \/>\nn<br \/>\nn<strong><span style=\"vertical-align: inherit;\"><span style=\"vertical-align: inherit;\">Selecteer de prijs voor de tour\u00a0<\/span><\/span><\/strong><\/p>\n<p>&nbsp;<\/p>\n<div class=\"vc_row wpb_row vc_row-fluid\" ><div class=\"wpb_column vc_column_container vc_col-sm-12\"><div class=\"vc_column-inner\"><div class=\"wpb_wrapper\"><div class=\"mkdf-section-title-holder\" style=\"text-align: left\">\n\t<div class=\"mkdf-st-inner\">\n\t\t\t\t\t<h5 class=\"mkdf-st-subtitle\" >\n\t\t\t\t(Ophalen in Bayahibe-hotels)\t\t\t<\/h5>\n\t\t\t\t\t\t\t<h3 class=\"mkdf-st-title\" >\n\t\t\t\tSamana-dagtrip vanuit Bayahibe - El Limon-waterval en Bacardi-eiland\t\t\t<\/h3>\n\t\t\t\t\t<\/div>\n<\/div><\/div><\/div><\/div><\/div><div class=\"vc_row wpb_row vc_row-fluid\" ><div class=\"wpb_column vc_column_container vc_col-sm-12\"><div class=\"vc_column-inner\"><div class=\"wpb_wrapper\">\n\t<div class=\"wpb_text_column wpb_content_element\" >\n\t\t<div class=\"wpb_wrapper\">\n\t\t\t<p>\nn<\/p>\n<h4><b><i>Overzicht <\/i><\/b><\/h4>\n<p>nAls u in Bayahibe, Punta Cana of Bavaro bent en een dagtocht wilt maken waarvoor u minder betaalt dan normaal, boek dan deze reis. Tijdens deze reis nemen we je mee naar Samana, waar je per catamaran naar Sabana de la Mar wordt gebracht, een township van Hato Mayor, het huis van Los Haitises National Park. Deze reis omvat een bezoek aan de gemeenschappen Samana en El Limon, waar u direct na het oversteken van de baai van Samana kunt paardrijden of wandelen naar een waterval. De lunch wordt geserveerd op Bacardi Island. De tochten beginnen om 06.00 uur en eindigen om 18.30 uur. Doe nu uw reservering!<br \/>\nn<br \/>\nnNa deze ervaring zetten we u af bij uw hotel.<br \/>\nn<\/p>\n<ul>\nn \t<\/p>\n<li style=\"font-weight: 400;\">Kosten inbegrepen<\/li>\n<p>n \t<\/p>\n<li>Lunch op het strand inbegrepen<\/li>\n<p>n \t<\/p>\n<li>Overdracht inbegrepen<\/li>\n<p>n \t<\/p>\n<li style=\"font-weight: 400;\"><span style=\"font-weight: 400;\">De gids geeft instructie en supervisie<\/span><\/li>\n<p>n<\/ul>\n<p>n&nbsp;<br \/>\nn<\/p>\n<h4><b>In- en uitsluitingen<\/b><\/h4>\n<p>n&nbsp;<br \/>\nn<br \/>\nn<b>Insluitsels<\/b><br \/>\nn<br \/>\nn&nbsp;<br \/>\nn<\/p>\n<ol>\nn \t<\/p>\n<li style=\"font-weight: 400;\">Hotel ophalen<\/li>\n<p>n \t<\/p>\n<li style=\"font-weight: 400;\">Saman\u00e1-baai<\/li>\n<p>n \t<\/p>\n<li>Bacardi-eiland, strand en lunch<\/li>\n<p>n \t<\/p>\n<li>Safari naar El Limon<\/li>\n<p>n \t<\/p>\n<li>Paardrijden of wandelen naar watervallen<\/li>\n<p>n \t<\/p>\n<li>Dominicanen Cocktails<\/li>\n<p>n \t<\/p>\n<li style=\"font-weight: 400;\"><span style=\"font-weight: 400;\">Alle belastingen, toeslagen en administratiekosten<\/span><\/li>\n<p>n \t<\/p>\n<li style=\"font-weight: 400;\"><span style=\"font-weight: 400;\">Lokale belastingen<\/span><\/li>\n<p>n \t<\/p>\n<li style=\"font-weight: 400;\"><span style=\"font-weight: 400;\">Dranken<\/span><\/li>\n<p>n \t<\/p>\n<li style=\"font-weight: 400;\"><span style=\"font-weight: 400;\">Alle activiteiten<\/span><\/li>\n<p>n \t<\/p>\n<li style=\"font-weight: 400;\"><span style=\"font-weight: 400;\">Lokale gids<\/span><\/li>\n<p>n<\/ol>\n<p>n<b> Uitsluitingen<\/b><br \/>\nn<\/p>\n<ol>\nn \t<\/p>\n<li style=\"font-weight: 400;\"><span style=\"font-weight: 400;\">Fooien<\/span><\/li>\n<p>n \t<\/p>\n<li style=\"font-weight: 400;\"><span style=\"font-weight: 400;\">Alcoholische dranken na cocktails\u00a0<\/span><\/li>\n<p>n<\/ol>\n<p>n&nbsp;<br \/>\nn<\/p>\n<h4><em><strong>Vertrek &amp; Terugkeer<\/strong><\/em><\/h4>\n<p>n<span style=\"font-weight: 400;\">De reiziger krijgt een ontmoetingsplaats na het Reserveringsproces. Tours beginnen en eindigen in onze ontmoetingspunten.<\/span><br \/>\nn<br \/>\nn&nbsp;<br \/>\nn<\/p>\n<h3>Samana-dagtrip vanuit Bayahibe - El Limon-waterval en Bacardi-eiland<\/h3>\n<p>n<\/p>\n<h4><b><i>Wat te verwachten?<\/i><\/b><\/h4>\n<p>n&nbsp;<br \/>\nn<br \/>\nn<strong>Koop nu je tickets<\/strong>. De watervallen, paardrijden, wandelen en safaritocht, zwemmen in Natural Springs, lunch op Bacardi Island en andere leuke activiteiten wachten op je.<br \/>\nn<br \/>\nnAls we Bayahibe met een bus verlaten, gaan we naar de haven van Samana Bay. Eenmaal in de haven stappen we aan boord van een boot of catamaran met lokale gidsen die je naar de gemeenschap van Samana zullen leiden. In deze gemeenschap neemt een Safari Tour je mee en leer je over de geschiedenis van deze stad. Maar dit is nog niet alles: de El Limon-waterval is de volgende, hier kun je zwemmen, wandelen of paardrijden. De El Limon-waterval is een fantastisch natuurmonument met een tropisch bos en heldere natuurlijke bronnen. Op de terugweg naar Samana stoppen we bij Bacardi Island, waar een lunch wordt geserveerd en je kunt zwemmen in een van de meest natuurlijke zwembaden van de Dominicaanse Republiek.<br \/>\nn<br \/>\nn&nbsp;<br \/>\nn<br \/>\nnIndien u deze reis wilt aanpassen zodat deze korter of langer is, neem dan contact met ons op.<br \/>\nn<br \/>\nn&nbsp;<br \/>\nn<\/p>\n<h4><em><strong>Wat moet je meenemen?<\/strong><\/em><\/h4>\n<p>n<\/p>\n<ul>\nn \t<\/p>\n<li style=\"font-weight: 400;\"><span style=\"font-weight: 400;\">Camera<\/span><\/li>\n<p>n \t<\/p>\n<li style=\"font-weight: 400;\"><span style=\"font-weight: 400;\">Afstotende toppen<\/span><\/li>\n<p>n \t<\/p>\n<li style=\"font-weight: 400;\"><span style=\"font-weight: 400;\">zonnecreme<\/span><\/li>\n<p>n \t<\/p>\n<li style=\"font-weight: 400;\"><span style=\"font-weight: 400;\">Hoed<\/span><\/li>\n<p>n \t<\/p>\n<li style=\"font-weight: 400;\"><span style=\"font-weight: 400;\">Comfortabele broek<\/span><\/li>\n<p>n \t<\/p>\n<li style=\"font-weight: 400;\"><span style=\"font-weight: 400;\">Wandelschoenen voor in het bos<\/span><\/li>\n<p>n \t<\/p>\n<li style=\"font-weight: 400;\"><span style=\"font-weight: 400;\">Sandalen naar de lentegebieden.<\/span><\/li>\n<p>n \t<\/p>\n<li style=\"font-weight: 400;\"><span style=\"font-weight: 400;\">Zwemkleding<\/span><\/li>\n<p>n<\/ul>\n<p>n&nbsp;<br \/>\nn<\/p>\n<h4><b><i>Hotel ophalen <\/i><\/b><\/h4>\n<p>n<span style=\"font-weight: 400;\">Ophaalservice voor reizigers wordt aangeboden!<\/span><br \/>\nn<br \/>\nn<span style=\"font-weight: 400;\">We halen op van alle hotels in Bayahibe. De ophaallocatie is de hotellobby<br \/>\nnAls je in een appartement in de omgeving verblijft, halen we je op bij het appartement of bij de ingang van het dichtstbijzijnde resort. We hebben ervoor gezorgd dat Pick up contact met ons opneemt via Whatsapp.<\/span><br \/>\nn<br \/>\nn<b>Opmerking:<\/b><span style=\"font-weight: 400;\"> Als u binnen 24 uur na de vertrektijd van de tour\/excursie boekt, kunnen we het ophalen van het hotel regelen. Zodra uw aankoop is voltooid, sturen we u de volledige contactgegevens (telefoonnummer, e-mailadres, enz.) voor onze lokale gids om ophaalarrangementen te regelen.<\/span><br \/>\nn<\/p>\n<h4><b><i>Bevestiging aanvullende informatie <\/i><\/b><\/h4>\n<p>n<\/p>\n<ol>\nn \t<\/p>\n<li>Tickets zijn het ontvangstbewijs na betaling van deze Tour. U kunt de betaling op uw telefoon laten zien.<\/li>\n<p>n \t<\/p>\n<li style=\"font-weight: 400;\"><span style=\"font-weight: 400;\">Trefpunt Wordt ontvangen na het reserveringsproces.<\/span><\/li>\n<p>n \t<\/p>\n<li style=\"font-weight: 400;\"><span style=\"font-weight: 400;\">Kinderen moeten worden begeleid door een volwassene.<\/span><\/li>\n<p>n \t<\/p>\n<li style=\"font-weight: 400;\"><span style=\"font-weight: 400;\"> Niet rolstoeltoegankelijk <\/span><\/li>\n<p>n \t<\/p>\n<li style=\"font-weight: 400;\"><span style=\"font-weight: 400;\">Baby&#039;s moeten op schoot zitten <\/span><\/li>\n<p>n \t<\/p>\n<li style=\"font-weight: 400;\"><span style=\"font-weight: 400;\">Niet aanbevolen voor reizigers met rugklachten<\/span><\/li>\n<p>n \t<\/p>\n<li style=\"font-weight: 400;\"><span style=\"font-weight: 400;\">Niet aanbevolen voor zwangere reizigers <\/span><\/li>\n<p>n \t<\/p>\n<li style=\"font-weight: 400;\"><span style=\"font-weight: 400;\"> Geen hartproblemen of andere ernstige medische aandoeningen <\/span><\/li>\n<p>n \t<\/p>\n<li style=\"font-weight: 400;\"><span style=\"font-weight: 400;\">De meeste reizigers kunnen deelnemen<\/span><\/li>\n<p>n<\/ol>\n<p>n<\/p>\n<h4><b><i>Annuleringsvoorwaarden<\/i><\/b><\/h4>\n<p>Lees voor een volledige terugbetaling ons Annuleringsbeleid\u00a0<a href=\"https:\/\/www.boattoursamana.com\/nl\/online-boeken\/\" target=\"_blank\" rel=\"noopener\" data-saferedirecturl=\"https:\/\/www.google.com\/url?q=https:\/\/www.boattoursamana.com\/online-booking\/&amp;source=gmail&amp;ust=1672449202351000&amp;usg=AOvVaw1yAeVAPktmaVCqDujgUn90\">Klik hier<\/a>. Het geld gaat verloren als de reservering op dezelfde dag van de reis wordt geannuleerd.<\/p>\n\n\t\t<\/div>\n\t<\/div>\n<\/div><\/div><\/div><\/div><div class=\"vc_row wpb_row vc_row-fluid\" ><\/div><div class=\"wpb_column vc_column_container vc_col-sm-12\"><div class=\"vc_column-inner\"><div class=\"wpb_wrapper\"><\/div><\/div><\/div><div class=\"vc_empty_space\"   style=\"height: 32px\"><span class=\"vc_empty_space_inner\"><\/span><\/div>\n\t<div class=\"wpb_text_column wpb_content_element\" >\n\t\t<div class=\"wpb_wrapper\">\n\t\t\t<p>\nn<br \/>\nnIk ben een tekstblok. Klik op de knop Bewerken om deze tekst te wijzigen. Lorem ipsum dolor sit amet, consectetur adipiscing elit. Ut elit tellus, luctus nec ullamcorper mattis, pulvinar dapibus leo.<br \/>\nn<br \/>\nn<\/p>\n\n\t\t<\/div>\n\t<\/div>\n<div class=\"vc_empty_space\"   style=\"height: 32px\"><span class=\"vc_empty_space_inner\"><\/span><\/div>","protected":false},"excerpt":{"rendered":"<p>Si est\u00e1s en Punta Cana o B\u00e1varo y quieres hacer una excursi\u00f3n de un d\u00eda pagando menos de lo habitual, reserva este viaje. Dentro de este viaje, lo llevaremos a Samana, donde en un catamar\u00e1n, lo llevar\u00e1n a Sabana de la Mar, un municipio de Hato Mayor, la casa del Parque Nacional Los Haitises. Este viaje incluye Safari Tour, Catamar\u00e1n, Cascada y nataci\u00f3n en la playa, y m\u00e1s. El viaje comienza a las 6:00 am y termina a las 6:30 [&hellip;]<\/p>\n","protected":false},"author":2,"featured_media":0,"parent":0,"menu_order":0,"comment_status":"open","ping_status":"closed","template":"","meta":{"footnotes":""},"class_list":["post-15790","page","type-page","status-publish","hentry"],"_links":{"self":[{"href":"https:\/\/www.boattoursamana.com\/nl\/wp-json\/wp\/v2\/pages\/15790","targetHints":{"allow":["GET"]}}],"collection":[{"href":"https:\/\/www.boattoursamana.com\/nl\/wp-json\/wp\/v2\/pages"}],"about":[{"href":"https:\/\/www.boattoursamana.com\/nl\/wp-json\/wp\/v2\/types\/page"}],"author":[{"embeddable":true,"href":"https:\/\/www.boattoursamana.com\/nl\/wp-json\/wp\/v2\/users\/2"}],"replies":[{"embeddable":true,"href":"https:\/\/www.boattoursamana.com\/nl\/wp-json\/wp\/v2\/comments?post=15790"}],"version-history":[{"count":0,"href":"https:\/\/www.boattoursamana.com\/nl\/wp-json\/wp\/v2\/pages\/15790\/revisions"}],"wp:attachment":[{"href":"https:\/\/www.boattoursamana.com\/nl\/wp-json\/wp\/v2\/media?parent=15790"}],"curies":[{"name":"wp","href":"https:\/\/api.w.org\/{rel}","templated":true}]}}