{"id":15795,"date":"2023-07-15T07:43:59","date_gmt":"2023-07-15T07:43:59","guid":{"rendered":"https:\/\/www.ticketswhales.com\/snorkel-cayo-levantado-and-farola-island-snorkeling\/"},"modified":"2023-07-15T07:43:59","modified_gmt":"2023-07-15T07:43:59","slug":"snorkel-cayo-levantado-and-farola-island-snorkeling","status":"publish","type":"page","link":"https:\/\/www.boattoursamana.com\/nl\/snorkel-cayo-levantado-en-farola-eiland-snorkelen-2","title":{"rendered":"Snorkelen Cayo Levantado en Farola-eiland Snorkelen"},"content":{"rendered":"<p><span style=\"vertical-align: inherit;\"><span style=\"vertical-align: inherit;\">Estaremos recorriendo la isla Cayo Levantado y Cayo Farola, son peque\u00f1as islas speciales en la bah\u00eda de Saman\u00e1 que albergan una vida marina extraordinaria, que incluye tortugas, ballenas jorobadas, langostas y delfines!<\/span><\/span><br \/>\nn<br \/>\nn<span style=\"vertical-align: inherit;\"><span style=\"vertical-align: inherit;\">Opmerking: \u00a1Este tour is privado!<\/span><\/span><br \/>\nn<br \/>\nn&nbsp;<br \/>\nn<br \/>\nn<em><strong><span style=\"vertical-align: inherit;\"><span style=\"vertical-align: inherit;\">Selectie van het vervoer van de excursie:<\/span><\/span><\/strong><\/em><\/p>\n<p>&nbsp;<\/p>\n<div class=\"vc_row wpb_row vc_row-fluid\" ><div class=\"wpb_column vc_column_container vc_col-sm-12\"><div class=\"vc_column-inner\"><div class=\"wpb_wrapper\"><div class=\"vc_empty_space\"   style=\"height: 32px\"><span class=\"vc_empty_space_inner\"><\/span><\/div><div class=\"mkdf-section-title-holder\" style=\"text-align: left\">\n\t<div class=\"mkdf-st-inner\">\n\t\t\t\t\t<h5 class=\"mkdf-st-subtitle\" >\n\t\t\t\tVanuit de haven van Saman\u00e1 Priv\u00e9rondleiding\t\t\t<\/h5>\n\t\t\t\t\t\t\t<h3 class=\"mkdf-st-title\" >\n\t\t\t\tSnorkelen Cayo Levantado en Farola-eiland Snorkelen\t\t\t<\/h3>\n\t\t\t\t\t<\/div>\n<\/div><div class=\"vc_empty_space\"   style=\"height: 32px\"><span class=\"vc_empty_space_inner\"><\/span><\/div><\/div><\/div><\/div><\/div><div class=\"vc_row wpb_row vc_row-fluid\" ><div class=\"wpb_column vc_column_container vc_col-sm-12\"><div class=\"vc_column-inner\"><div class=\"wpb_wrapper\">\n\t<div class=\"wpb_text_column wpb_content_element\" >\n\t\t<div class=\"wpb_wrapper\">\n\t\t\t<p>\nn<\/p>\n<div class=\"vc_row wpb_row vc_row-fluid\">\nn<\/p>\n<div class=\"wpb_column vc_column_container vc_col-sm-12\">\nn<\/p>\n<div class=\"vc_column-inner\">\nn<\/p>\n<div class=\"wpb_wrapper\">\nn<\/p>\n<div class=\"wpb_text_column wpb_content_element\">\nn<\/p>\n<div class=\"wpb_wrapper\">\nn<\/p>\n<div class=\"vc_row wpb_row vc_row-fluid\">\nn<\/p>\n<div class=\"wpb_column vc_column_container vc_col-sm-12\">\nn<\/p>\n<div class=\"vc_column-inner\">\nn<\/p>\n<div class=\"wpb_wrapper\">\nn<\/p>\n<div class=\"wpb_text_column wpb_content_element\">\nn<\/p>\n<div class=\"wpb_wrapper\">\nn<\/p>\n<h4><b><i>Overzicht<\/i><\/b><\/h4>\n<p>We zullen het eiland Cayo Levantado en Farola verkennen, speciale kleine eilanden in de baai van Samana waar een buitengewoon zeeleven leeft, waaronder schildpadden, bultruggen, kreeften en dolfijnen!<br \/>\nn<br \/>\nn<strong>Opmerking:<\/strong> Deze tour is priv\u00e9. (Alleen jij en familie of vrienden en gids).<br \/>\nn<br \/>\nn&nbsp;<br \/>\nn<\/p>\n<h4><b>In- en uitsluitingen<\/b><\/h4>\n<p>n&nbsp;<br \/>\nn<br \/>\nn<b>Insluitsels<\/b><br \/>\nn<br \/>\nn&nbsp;<br \/>\nn<\/p>\n<ol>\nn \t<\/p>\n<li>Gids<\/li>\n<p>n \t<\/p>\n<li>Boottocht<\/li>\n<p>n \t<\/p>\n<li>Reddingsvest<\/li>\n<p>n \t<\/p>\n<li>Snorkelset<\/li>\n<p>n \t<\/p>\n<li>Alle belastingen, toeslagen en administratiekosten<\/li>\n<p>n \t<\/p>\n<li>Lokale belastingen<\/li>\n<p>n \t<\/p>\n<li>Dranken (fles water per persoon)<\/li>\n<p>n<\/ol>\n<p>n<b>Uitsluitingen<\/b><br \/>\nn<\/p>\n<ol>\nn \t<\/p>\n<li>Fooien<\/li>\n<p>n \t<\/p>\n<li>Lunch (extra kosten 15 USD) per persoon.<\/li>\n<p>n \t<\/p>\n<li>Lunch met kreeften (extra kosten 25 USD) per persoon.<\/li>\n<p>n \t<\/p>\n<li>Auto overzetten<\/li>\n<p>n \t<\/p>\n<li>Alcoholische drankjes<\/li>\n<p>n<\/ol>\n<p>n&nbsp;<br \/>\nn<\/p>\n<h4><em><strong>Vertrek &amp; Terugkeer<\/strong><\/em><\/h4>\n<p>nDeze reis begint om 08:03 uur en eindigt rond 12:15 uur. Maar omdat het een priv\u00e9reis is, kunt u zelf de start- en eindtijd instellen.<br \/>\nn<br \/>\nnDe reiziger krijgt een ontmoetingspunt na het reserveringsproces. Rondleidingen beginnen en eindigen op onze ontmoetingspunten.<br \/>\nn<br \/>\nn&nbsp;<br \/>\nn<\/p>\n<h4><b><i>Wat te verwachten?<\/i><\/b><\/h4>\n<p>Snorkelexcursie met een deskundige gids om vanaf het oppervlak te genieten van het zeeleven, met vinnen en masker; We zullen het paradijselijke eiland Cayo Levantado ontdekken, snorkelen op twee verschillende plaatsen tijdens de reis en genieten van dit fascinerende strand dat geen toegang heeft tot voertuigen (duur 4 uur).<br \/>\nn<br \/>\nWe vertrekken om 8.30 uur vanaf het ontmoetingspunt in de hoofdhaven van Samana, na 25 minuten varen komen we aan bij het eerste snorkelpunt genaamd Cayo Farola, we snorkelen 45 minuten en gaan verder naar het strand van Cayo Levantado, waar we kunnen zwemmen . , ga nog wat snorkelen of geniet gewoon van dit geweldige strand.<br \/>\nn<br \/>\nWe zullen genieten van een broodje, rum, frisdrank en water en om 12 uur op de dag gaan we terug naar de haven van Samana of verblijven we in Cayo levantado. Hierna keren we terug naar het startpunt. Andere dingen om op te merken: alle excursies worden per boot gemaakt.<br \/>\nn<br \/>\nn<strong>Rooster:<\/strong><br \/>\nn<br \/>\n8.30 \u2013 12.15 uur<br \/>\nn<br \/>\nn&nbsp;<br \/>\nn<\/p>\n<h4><em><strong>Wat moet je meenemen?<\/strong><\/em><\/h4>\n<p>n<\/p>\n<ul>\nn \t<\/p>\n<li>Camera<\/li>\n<p>n \t<\/p>\n<li>Handdoek<\/li>\n<p>n \t<\/p>\n<li>zon bescherming<\/li>\n<p>n \t<\/p>\n<li>Hoed<\/li>\n<p>n \t<\/p>\n<li>Comfortabele broek en schoenen<\/li>\n<p>n \t<\/p>\n<li>Sandalen naar het strand<\/li>\n<p>n \t<\/p>\n<li>Zwemkleding<\/li>\n<p>n \t<\/p>\n<li>Contant geld voor souvenirs<\/li>\n<p>n<\/ul>\n<p>n&nbsp;<br \/>\nn<\/p>\n<h4><b><i>Hotel ophalen<\/i><\/b><\/h4>\n<p>Ophaalservice bij het hotel wordt niet aangeboden voor deze tour.<br \/>\nn<br \/>\nn&nbsp;<br \/>\nn<br \/>\nn<b>Opmerking:<\/b>\u00a0als u binnen 24 uur na de vertrektijd van de tour\/excursie boekt, kunnen we tegen extra kosten het ophalen van het hotel regelen. Zodra uw aankoop is voltooid, sturen we u de volledige contactgegevens (telefoonnummer, e-mailadres, enz.) voor onze lokale gids om ophaalarrangementen te regelen.<br \/>\nn<\/p>\n<h4><b><i>Bevestiging aanvullende informatie<\/i><\/b><\/h4>\n<p>n<\/p>\n<ol>\nn \t<\/p>\n<li>Tickets zijn het ontvangstbewijs na betaling van deze Tour. U kunt de betaling op uw telefoon laten zien.<\/li>\n<p>n \t<\/p>\n<li>Trefpunt Wordt ontvangen na het reserveringsproces.<\/li>\n<p>n \t<\/p>\n<li>Kinderen moeten worden begeleid door een volwassene.<\/li>\n<p>n \t<\/p>\n<li>rolstoel toegankelijk<\/li>\n<p>n \t<\/p>\n<li>Baby&#039;s moeten op schoot zitten<\/li>\n<p>n \t<\/p>\n<li>De meeste reizigers kunnen deelnemen<\/li>\n<p>n<\/ol>\n<p>n<\/p>\n<h4><b><i>Annuleringsvoorwaarden<\/i><\/b><\/h4>\n<p>Lees voor een volledige terugbetaling ons Annuleringsbeleid\u00a0<a href=\"https:\/\/www.boattoursamana.com\/nl\/online-boeken\/\" target=\"_blank\" rel=\"noopener\" data-saferedirecturl=\"https:\/\/www.google.com\/url?q=https:\/\/www.boattoursamana.com\/online-booking\/&amp;source=gmail&amp;ust=1672449202351000&amp;usg=AOvVaw1yAeVAPktmaVCqDujgUn90\">Klik hier<\/a>. Het geld gaat verloren als de reservering op dezelfde dag van de reis wordt geannuleerd.<br \/>\nn<br \/>\nn<\/div>\n<p>n\n<\/p><\/div>\n<p>n\n<\/p><\/div>\n<p>n\n<\/p><\/div>\n<p>n\n<\/p><\/div>\n<p>n\n<\/p><\/div>\n<p>n\n<\/p><\/div>\n<p>n\n<\/p><\/div>\n<p>n\n<\/p><\/div>\n<p>n\n<\/p><\/div>\n<p>n\n<\/p><\/div>\n<p>n\n<\/p><\/div>\n<p>n<\/p>\n<div class=\"vc_row wpb_row vc_row-fluid\">\nn<\/p>\n<div class=\"wpb_column vc_column_container vc_col-sm-12\">\nn<\/p>\n<div class=\"vc_column-inner\">\nn<\/p>\n<div class=\"wpb_wrapper\">\nn<\/p>\n<div class=\"wpb_text_column wpb_content_element\">\nn<\/p>\n<div class=\"wpb_wrapper\">\nn<\/p>\n<h4>Neem contact op?<\/h4>\n<p>n<\/p>\n<h5><b><i>Avonturen boeken<\/i><\/b><\/h5>\n<p>n<em><strong>Lokale bevolking<\/strong>\u00a0en\u00a0<strong>Onderdanen<\/strong>\u00a0Gidsen en gastenservices<\/em><br \/>\nn<br \/>\nn<span class=\"text-turquoise\">Reserveringen:<\/span>\u00a0Rondleidingen en excursies in Dom. vertegenwoordiger<br \/>\nn<br \/>\nn<img decoding=\"async\" class=\"emoji\" draggable=\"false\" src=\"https:\/\/s.w.org\/images\/core\/emoji\/11.2.0\/svg\/1f4de.svg\" alt=\" \" title=\"\">\u00a0Tel.\/Whatsapp\u00a0\u00a0<a href=\"tel:+1-809-720-6035\">+1-809-720-6035<\/a>.<br \/>\nn<br \/>\nn<img decoding=\"async\" class=\"emoji\" draggable=\"false\" src=\"https:\/\/s.w.org\/images\/core\/emoji\/11.2.0\/svg\/1f4e9.svg\" alt=\" \" title=\"\">\u00a0<a href=\"mailto:info@bookingadventures.com.do\">info@bookingadventures.com.do<\/a><br \/>\nn<br \/>\nn<strong>We zijn flexibel in het instellen van priv\u00e9rondleidingen via WhatsApp:\u00a0<a href=\"tel:+18097206035\">+18097206035.<\/a><\/strong><br \/>\nn<br \/>\nn<\/div>\n<p>n\n<\/p><\/div>\n<p>n\n<\/p><\/div>\n<p>n\n<\/p><\/div>\n<p>n\n<\/p><\/div>\n<p>n\n<\/p><\/div>\n<p>n<\/p>\n\n\t\t<\/div>\n\t<\/div>\n<\/div><\/div><\/div><\/div>","protected":false},"excerpt":{"rendered":"<p>Estaremos recorriendo la isla Cayo Levantado y Cayo Farola, son peque\u00f1as islas especiales en la bah\u00eda de Saman\u00e1 que albergan una vida marina extraordinaria, \u00a1que incluye tortugas, ballenas jorobadas, langostas y delfines! n nNota: \u00a1Este tour es privado! n n&nbsp; n nSeleccione la fecha de la excursi\u00f3n: &nbsp;<\/p>","protected":false},"author":2,"featured_media":0,"parent":0,"menu_order":0,"comment_status":"open","ping_status":"closed","template":"","meta":{"footnotes":""},"class_list":["post-15795","page","type-page","status-publish","hentry"],"_links":{"self":[{"href":"https:\/\/www.boattoursamana.com\/nl\/wp-json\/wp\/v2\/pages\/15795","targetHints":{"allow":["GET"]}}],"collection":[{"href":"https:\/\/www.boattoursamana.com\/nl\/wp-json\/wp\/v2\/pages"}],"about":[{"href":"https:\/\/www.boattoursamana.com\/nl\/wp-json\/wp\/v2\/types\/page"}],"author":[{"embeddable":true,"href":"https:\/\/www.boattoursamana.com\/nl\/wp-json\/wp\/v2\/users\/2"}],"replies":[{"embeddable":true,"href":"https:\/\/www.boattoursamana.com\/nl\/wp-json\/wp\/v2\/comments?post=15795"}],"version-history":[{"count":0,"href":"https:\/\/www.boattoursamana.com\/nl\/wp-json\/wp\/v2\/pages\/15795\/revisions"}],"wp:attachment":[{"href":"https:\/\/www.boattoursamana.com\/nl\/wp-json\/wp\/v2\/media?parent=15795"}],"curies":[{"name":"wp","href":"https:\/\/api.w.org\/{rel}","templated":true}]}}