{"id":15800,"date":"2023-07-15T07:43:59","date_gmt":"2023-07-15T07:43:59","guid":{"rendered":"https:\/\/www.ticketswhales.com\/punta-cana-cap-cana-excursion-whale-watching-cayo-levantado-private-tour\/"},"modified":"2023-07-15T07:43:59","modified_gmt":"2023-07-15T07:43:59","slug":"punta-cana-cap-cana-excursion-whale-watching-cayo-levantado-private-tour","status":"publish","type":"page","link":"https:\/\/www.boattoursamana.com\/nl\/punta-cana-cap-cana-excursie-walvissen-spotten-cayo-levantado-privetour","title":{"rendered":"Punta Cana \/ Cap Cana: excursie walvissen spotten + Cayo Levantado (priv\u00e9tour)"},"content":{"rendered":"<p><span style=\"vertical-align: inherit;\"><span style=\"vertical-align: inherit;\">Reserveer uw viaje voor een ervaring van avistamiento de ballen die komen van Cap Cana en een viaje privado met gu\u00edas professionele ecologisten. <\/span><span style=\"vertical-align: inherit;\">Als u contact met ons opneemt om de vraag te ontvangen, jaloers op een elektronisch apparaat, Whatsapp of Llamadas beschikbaar. <\/span><span style=\"vertical-align: inherit;\">Por favor reserve con tiempo sus entradas. <\/span><span style=\"vertical-align: inherit;\">In de tijd van de ballen kunnen veel reserveringen en gustar\u00edas worden gemaakt als een salvo para usted.<\/span><\/span><br \/>\nn<br \/>\nn<span style=\"vertical-align: inherit;\"><span style=\"vertical-align: inherit;\">Notitie: Dit is een Tour Privado met een minimumbedrag van 540 USD. <\/span><span style=\"vertical-align: inherit;\">Als er 4 persona&#039;s zijn, neem dan contact op met de enviaremo&#039;s en reserveer deze Tour. <\/span><span style=\"vertical-align: inherit;\">Voor een unirse groep die de ballen observeert met herkenning in ons hotel, <\/span><\/span><a href=\"https:\/\/www.boattoursamana.com\/nl\/tours-excursions\/rondleidingen-excursies-samana-bay-dominicaanse-republiek\/whale-watching-2020-in-punta-cana-to-samana-bay-cayo-levantado-bacardi-island-from-hotels\/\"><span style=\"vertical-align: inherit;\"><span style=\"vertical-align: inherit;\">HAGA CLIC AQU\u00cd.<\/span><\/span><\/a><br \/>\nn<br \/>\nn<strong><span style=\"vertical-align: inherit;\"><span style=\"vertical-align: inherit;\">Tenga en cuenta<\/span><\/span><\/strong><span style=\"vertical-align: inherit;\"><span style=\"vertical-align: inherit;\"> : <\/span><\/span><em><span style=\"vertical-align: inherit;\"><span style=\"vertical-align: inherit;\">Bebes<\/span><\/span><\/em><span style=\"vertical-align: inherit;\"><span style=\"vertical-align: inherit;\"> (0 \u2013 23 maanden) gratis, <\/span><\/span><em><span style=\"vertical-align: inherit;\"><span style=\"vertical-align: inherit;\">Ni\u00f1os<\/span><\/span><\/em><span style=\"vertical-align: inherit;\"><span style=\"vertical-align: inherit;\"> (2 &#8211; 10 <\/span><\/span><em><span style=\"vertical-align: inherit;\"><span style=\"vertical-align: inherit;\">a\u00f1os<\/span><\/span><\/em><span style=\"vertical-align: inherit;\"><span style=\"vertical-align: inherit;\"> )<\/span><\/span><br \/>\nn<br \/>\nn<em><strong><span style=\"vertical-align: inherit;\"><span style=\"vertical-align: inherit;\">Selectie van het vervoer van de excursie:<\/span><\/span><\/strong><\/em><\/p>\n<p>&nbsp;<\/p>\n<div class=\"wpb_column vc_column_container vc_col-sm-12\"><div class=\"vc_column-inner\"><div class=\"wpb_wrapper\"><div class=\"vc_btn3-container vc_btn3-inline\" ><a class=\"vc_general vc_btn3 vc_btn3-size-md vc_btn3-shape-rounded vc_btn3-style-modern vc_btn3-color-green\" href=\"https:\/\/bookingadventures.tours\/booking.php?tour_id=6ed21424a849c63fc6398949d1f80266\" title=\"\" rel=\"noopener\">BOEK NU<\/a><\/div><\/div><\/div><\/div><div class=\"vc_row wpb_row vc_row-fluid\" ><div class=\"wpb_column vc_column_container vc_col-sm-12\"><div class=\"vc_column-inner\"><div class=\"wpb_wrapper\">\n\t<div class=\"wpb_text_column wpb_content_element\" >\n\t\t<div class=\"wpb_wrapper\">\n\t\t\t<p>\nn<\/p>\n<div class=\"vc_row wpb_row vc_row-fluid\">\nn<\/p>\n<div class=\"wpb_column vc_column_container vc_col-sm-12\">\nn<\/p>\n<div class=\"vc_column-inner\">\nn<\/p>\n<div class=\"wpb_wrapper\">\nn<\/p>\n<div class=\"wpb_text_column wpb_content_element\">\nn<\/p>\n<div class=\"wpb_wrapper\">\nn<\/p>\n<h3>Excursie walvissen spotten + Cayo Levantado vanuit Punta Cana\/Cap Cana (priv\u00e9tour)<\/h3>\n<p>Walvissen spotten in de baai van Samana, beginnend bij hotels in Punta Cana\/Cap Cana met priv\u00e9vervoer. Deze reis begint tussen 06.00 en 08.00 uur en eindigt rond 19.00 uur. Na het afbreken van onze boot gaan we de walvissen in hun eigen leefgebied bezoeken. Na deze walvisreis bezoeken we Bacardi Island \/ Cayo Levantado (optioneel). Op Bacardi Island wordt een lunchbuffet in een typisch Dominicaanse stijl verzorgd. Na de lunch mag u zwemmen tot 16.00 uur. De tour eindigt in dezelfde haven waar hij om 17:00 uur begint. Hierna brengen wij u terug naar uw hotel.<br \/>\nn<br \/>\nnOpmerking: dit is een priv\u00e9tour met een minimale betaling van 540 USD. Als u met minder dan 4 personen bent, neem dan contact met ons op en wij sturen u een link waar u deze tour kunt boeken.\u00a0<strong><em>Als u zich wilt aansluiten bij een groep om walvissen te spotten met ophalen in uw hotel, alstublieft<\/em>\u00a0<\/strong><a href=\"https:\/\/www.boattoursamana.com\/nl\/tours-excursions\/rondleidingen-excursies-samana-bay-dominicaanse-republiek\/whale-watching-2020-in-punta-cana-to-samana-bay-cayo-levantado-bacardi-island-from-hotels\/\" data-mil=\"12004\">KLIK HIER.<\/a><br \/>\nn<\/p>\n<ul>\nn \t<\/p>\n<li>Walvissen kijken Priv\u00e9reis<\/li>\n<p>n \t<\/p>\n<li>Entreegelden voor Observatory<\/li>\n<p>n \t<\/p>\n<li>Inclusief lunchbuffet op het strand<\/li>\n<p>n \t<\/p>\n<li>Priv\u00e9transfer van hotels<\/li>\n<p>n \t<\/p>\n<li>Transfer per priv\u00e9boot<\/li>\n<p>n \t<\/p>\n<li>De kapitein geeft instructie en toezicht<\/li>\n<p>n \t<\/p>\n<li>Gids<\/li>\n<p>n<\/ul>\n<p>n&nbsp;<br \/>\nn<\/p>\n<h4><b>In- en uitsluitingen<\/b><\/h4>\n<p>n&nbsp;<br \/>\nn<br \/>\nn<b>Insluitsels<\/b><br \/>\nn<\/p>\n<ol>\nn \t<\/p>\n<li>Lunchbuffet op het strand<\/li>\n<p>n \t<\/p>\n<li>Gids<\/li>\n<p>n \t<\/p>\n<li>Auto overzetten<\/li>\n<p>n \t<\/p>\n<li>Boottocht<\/li>\n<p>n \t<\/p>\n<li>Alle belastingen, toeslagen en administratiekosten<\/li>\n<p>n \t<\/p>\n<li>Lokale belastingen<\/li>\n<p>n \t<\/p>\n<li>Dranken<\/li>\n<p>n<\/ol>\n<p>n<b>Uitsluitingen<\/b><br \/>\nn<\/p>\n<ol>\nn \t<\/p>\n<li>Fooien<\/li>\n<p>n \t<\/p>\n<li>Alcoholische drankjes<\/li>\n<p>n<\/ol>\n<p>n&nbsp;<br \/>\nn<\/p>\n<h4><em><strong>Vertrek &amp; Terugkeer<\/strong><\/em><\/h4>\n<p>nDe reiziger krijgt een ontmoetingspunt na het reserveringsproces. Rondleidingen beginnen en eindigen op het ontmoetingspunt.<br \/>\nn<br \/>\nn&nbsp;<br \/>\nn<\/p>\n<h4><b><i>Wat te verwachten?<\/i><\/b><\/h4>\n<p>n&nbsp;<br \/>\nn<br \/>\nn<em><strong>Haal je kaartjes<\/strong><\/em>\u00a0voor een dag walvissen spotten priv\u00e9 van Cap Cana tot de baai van Samana, plus een heerlijke lunch en strandtijd.<br \/>\nn<br \/>\nnDe dagpas voor walvissen spotten, georganiseerd door \u201cBooking Adventures\u201d begint op het ontmoetingspunt met de gids. Lunch op het strand en je kunt zo lang blijven als je wilt rondzwemmen. Als je veganist bent, kunnen we ook wat eten voor je klaarmaken.<br \/>\nn<br \/>\nn<strong>Rooster:<\/strong><br \/>\nn<br \/>\nnFlexibel<br \/>\nn<br \/>\nn&nbsp;<br \/>\nn<\/p>\n<h4><em><strong>Wat moet je meenemen?<\/strong><\/em><\/h4>\n<p>n<\/p>\n<ul>\nn \t<\/p>\n<li>Camera<\/li>\n<p>n \t<\/p>\n<li>Afstotende toppen<\/li>\n<p>n \t<\/p>\n<li>Zonnecreme<\/li>\n<p>n \t<\/p>\n<li>Hoed<\/li>\n<p>n \t<\/p>\n<li>Comfortabele broek<\/li>\n<p>n \t<\/p>\n<li>Sandalen naar het strand<\/li>\n<p>n \t<\/p>\n<li>Zwemkleding<\/li>\n<p>n \t<\/p>\n<li>Contant geld voor souvenirs<\/li>\n<p>n<\/ul>\n<p>n&nbsp;<br \/>\nn<\/p>\n<h4><b><i>Hotel ophalen<\/i><\/b><\/h4>\n<p>Ophaalservice bij het hotel is inbegrepen bij deze tour. We halen op in elk hotel in de omgeving van Punta Cana \/ Cap Cana.<br \/>\nn<br \/>\nn&nbsp;<br \/>\nn<br \/>\nn<b>Opmerking:<\/b>\u00a0als u binnen 24 uur na de vertrektijd van de tour\/excursie boekt, kunnen we het ophalen van het hotel regelen. Zodra uw aankoop is voltooid, sturen we u de volledige contactgegevens (telefoonnummer, e-mailadres, enz.) voor onze lokale gids om ophaalarrangementen te regelen.<br \/>\nn<\/p>\n<h4><b><i>Bevestiging aanvullende informatie<\/i><\/b><\/h4>\n<p>n<\/p>\n<ol>\nn \t<\/p>\n<li>Tickets zijn het ontvangstbewijs na betaling van deze Tour. U kunt de betaling op uw telefoon laten zien.<\/li>\n<p>n \t<\/p>\n<li>Trefpunt Wordt ontvangen na het reserveringsproces.<\/li>\n<p>n \t<\/p>\n<li>Kinderen moeten worden begeleid door een volwassene.<\/li>\n<p>n \t<\/p>\n<li>rolstoel toegankelijk<\/li>\n<p>n \t<\/p>\n<li>Baby&#039;s moeten op schoot zitten<\/li>\n<p>n \t<\/p>\n<li>De meeste reizigers kunnen deelnemen<\/li>\n<p>n<\/ol>\n<p>n<\/p>\n<h4><b><i>Annuleringsvoorwaarden<\/i><\/b><\/h4>\n<p>nVoor een volledige terugbetaling dien je minimaal 24 uur v\u00f3\u00f3r de startdatum van de ervaring te annuleren.<br \/>\nn<br \/>\nn\n<\/div>\n<p>n\n<\/p><\/div>\n<p>n\n<\/p><\/div>\n<p>n\n<\/p><\/div>\n<p>n\n<\/p><\/div>\n<p>n\n<\/p><\/div>\n<p>n<\/p>\n<div class=\"vc_row wpb_row vc_row-fluid\">\nn<\/p>\n<div class=\"wpb_column vc_column_container vc_col-sm-12\">\nn<\/p>\n<div class=\"vc_column-inner\">\nn<\/p>\n<div class=\"wpb_wrapper\">\nn<\/p>\n<div class=\"wpb_text_column wpb_content_element\">\nn<\/p>\n<div class=\"wpb_wrapper\">\nn<\/p>\n<h4>Neem contact op?<\/h4>\n<p>n<\/p>\n<h5><b><i>TOER WALVIS SAMANA<\/i><\/b><\/h5>\n<p>n<em><strong>Lokale bevolking<\/strong>\u00a0en\u00a0<strong>Onderdanen<\/strong>\u00a0Gidsen en gastenservices<\/em><br \/>\nn<br \/>\nn<span class=\"text-turquoise\">Reserveringen:<\/span>\u00a0\u00a0Tours en excursies in Dom. vertegenwoordigers.<br \/>\nn<br \/>\nn<img decoding=\"async\" class=\"emoji\" draggable=\"false\" src=\"https:\/\/s.w.org\/images\/core\/emoji\/11.2.0\/svg\/1f4de.svg\" alt=\" \" title=\"\">\u00a0Tel.\/Whatsapp\u00a0\u00a0\u00a0<a href=\"tel:+1-809-720-6035\">+ 1-809-720-6035<\/a>\u00a0.<br \/>\nn<\/p>\n<p data-wp-editing=\"1\"><a href=\"mailto:Reservabatour@gmail.com\"><img decoding=\"async\" class=\"emoji\" draggable=\"false\" src=\"https:\/\/s.w.org\/images\/core\/emoji\/11.2.0\/svg\/1f4e9.svg\" alt=\" \" title=\"\"> Reservabatour@gmail.com<\/a><\/p>\n<p>n&nbsp;<br \/>\nn<br \/>\nn\n<\/div>\n<p>n\n<\/p><\/div>\n<p>n\n<\/p><\/div>\n<p>n\n<\/p><\/div>\n<p>n\n<\/p><\/div>\n<p>n\n<\/p><\/div>\n<p>n<\/p>\n\n\t\t<\/div>\n\t<\/div>\n<div class=\"vc_btn3-container vc_btn3-inline\" ><a class=\"vc_general vc_btn3 vc_btn3-size-md vc_btn3-shape-rounded vc_btn3-style-modern vc_btn3-color-green\" href=\"https:\/\/bookingadventures.tours\/booking.php?tour_id=6ed21424a849c63fc6398949d1f80266\" title=\"\" rel=\"noopener\">BOEK NU<\/a><\/div><\/div><\/div><\/div><\/div>","protected":false},"excerpt":{"rendered":"<p>Reserve su viaje para una experiencia de avistamiento de ballenas comenzando desde Cap Cana en un viaje privado con gu\u00edas profesionales ecologistas. Si desea ponerse en contacto con nosotros para recibir asesoramiento, env\u00ede un correo electr\u00f3nico, Whatsapp o Llamadas disponibles. Por favor reserve con tiempo sus entradas. En la temporada de ballenas hay muchas reservas y nos gustar\u00eda tener sus entradas a salvo para usted. n nNota: Este es un Tour Privado con un pago m\u00ednimo de 540 USD. Si [&hellip;]<\/p>\n","protected":false},"author":2,"featured_media":0,"parent":0,"menu_order":0,"comment_status":"open","ping_status":"closed","template":"","meta":{"footnotes":""},"class_list":["post-15800","page","type-page","status-publish","hentry"],"_links":{"self":[{"href":"https:\/\/www.boattoursamana.com\/nl\/wp-json\/wp\/v2\/pages\/15800","targetHints":{"allow":["GET"]}}],"collection":[{"href":"https:\/\/www.boattoursamana.com\/nl\/wp-json\/wp\/v2\/pages"}],"about":[{"href":"https:\/\/www.boattoursamana.com\/nl\/wp-json\/wp\/v2\/types\/page"}],"author":[{"embeddable":true,"href":"https:\/\/www.boattoursamana.com\/nl\/wp-json\/wp\/v2\/users\/2"}],"replies":[{"embeddable":true,"href":"https:\/\/www.boattoursamana.com\/nl\/wp-json\/wp\/v2\/comments?post=15800"}],"version-history":[{"count":0,"href":"https:\/\/www.boattoursamana.com\/nl\/wp-json\/wp\/v2\/pages\/15800\/revisions"}],"wp:attachment":[{"href":"https:\/\/www.boattoursamana.com\/nl\/wp-json\/wp\/v2\/media?parent=15800"}],"curies":[{"name":"wp","href":"https:\/\/api.w.org\/{rel}","templated":true}]}}