{"id":15802,"date":"2023-07-15T07:43:59","date_gmt":"2023-07-15T07:43:59","guid":{"rendered":"https:\/\/www.ticketswhales.com\/excursion-whale-watching-samana-bay-cano-hondo-los-haitises-from-samana-port\/"},"modified":"2023-07-15T07:43:59","modified_gmt":"2023-07-15T07:43:59","slug":"excursion-whale-watching-samana-bay-cano-hondo-los-haitises-from-samana-port","status":"publish","type":"page","link":"https:\/\/www.boattoursamana.com\/nl\/excursie-walvissen-spotten-samana-bay-cano-hondo-los-haitises-from-samana-port-2","title":{"rendered":"Excursie Walvissen spotten Saman\u00e1 Bay + Ca\u00f1o Hondo + Los Haitises vanuit de haven van Saman\u00e1"},"content":{"rendered":"<p><span style=\"vertical-align: inherit;\"><span style=\"vertical-align: inherit;\">Dit is een privada-excursie bij een observatorio de avistamiento de ballen despu\u00e9s del almuerzo en el albergue ecol\u00f3gico Ca\u00f1o Hondo y el Parque Nacional Los Haitises. <\/span><span style=\"vertical-align: inherit;\">Nadie heeft een ongelooflijke ervaring opgedaan in een viaje van een solo-arts met professionele ecologisten en de avistamiento de ballenas. <\/span><span style=\"vertical-align: inherit;\">Als u contact met ons opneemt om de vraag te ontvangen, jaloers op een elektronisch apparaat, Whatsapp of Llamadas beschikbaar. <\/span><span style=\"vertical-align: inherit;\">Por favor reserve sus boletos con tiempo.<\/span><\/span><br \/>\nn<br \/>\nn&nbsp;<br \/>\nn<br \/>\nn<em><strong><span style=\"vertical-align: inherit;\"><span style=\"vertical-align: inherit;\">Selectie van het vervoer van de excursie:<\/span><\/span><\/strong><\/em><\/p>\n<p>&nbsp;<\/p>\n<div class=\"vc_row wpb_row vc_row-fluid\" ><\/div><div class=\"wpb_column vc_column_container vc_col-sm-12\"><div class=\"vc_column-inner\"><div class=\"wpb_wrapper\"><\/div><\/div><\/div><div class=\"mkdf-section-title-holder\" style=\"text-align: left\">\n\t<div class=\"mkdf-st-inner\">\n\t\t\t\t\t<h5 class=\"mkdf-st-subtitle\" >\n\t\t\t\tRondleidingen &amp; Excursies\t\t\t<\/h5>\n\t\t\t\t\t\t\t<h3 class=\"mkdf-st-title\" >\n\t\t\t\tExcursie Walvissen kijken Samana-baai + Cano Hondo + Los Haitises vanuit de haven van Samana\t\t\t<\/h3>\n\t\t\t\t\t<\/div>\n<\/div>\n\t<div class=\"wpb_text_column wpb_content_element\" >\n\t\t<div class=\"wpb_wrapper\">\n\t\t\t<p>\nn<\/p>\n<div class=\"vc_row wpb_row vc_row-fluid\">\nn<\/p>\n<div class=\"wpb_column vc_column_container vc_col-sm-12\">\nn<\/p>\n<div class=\"vc_column-inner\">\nn<\/p>\n<div class=\"wpb_wrapper\">\nn<\/p>\n<div class=\"wpb_text_column wpb_content_element\">\nn<\/p>\n<div class=\"wpb_wrapper\">\nn<\/p>\n<h3><\/h3>\n<p>Walvissen spotten in Saman\u00e1 begint vanuit de haven van Saman\u00e1. Na het walvissen gaan we de baai over om de natuurlijke zwembaden van Ca\u00f1o Hondo te bezoeken, plus lunch en volledige reis in Los Haitises National Park.<br \/>\nn<br \/>\nnDeze reis begint om 9.00 uur en eindigt om 17.00 uur. Bijeenkomst eerder op ons kantoor. Na het afbreken van onze priv\u00e9boot om walvissen in hun eigen leefgebied te bezoeken. Van 09:00 tot 11:00 uur Walvisobservatorium en na deze walvisspottrip bezoeken we Ca\u00f1o Hondo voor de lunch, zwemmen in natuurlijke zwembaden en eindigen met een volledige reis naar Los Haitises National Park. Deze excursie eindigt in dezelfde haven waar om 17.00 uur begint.<br \/>\nn<br \/>\nn<strong>Opmerking: dit is een priv\u00e9excursie.\u00a0<\/strong><br \/>\nn<\/p>\n<ul>\nn \t<\/p>\n<li>Walvissen spotten reis<\/li>\n<p>n \t<\/p>\n<li>Los haitises nationaal park Tour<\/li>\n<p>n \t<\/p>\n<li>Ca\u00f1o Hondo, lunch en zwembaden<\/li>\n<p>n \t<\/p>\n<li>Entreegelden voor Observatory<\/li>\n<p>n \t<\/p>\n<li>Boot transfer<\/li>\n<p>n \t<\/p>\n<li>De kapitein geeft instructie en toezicht<\/li>\n<p>n \t<\/p>\n<li>Gids<\/li>\n<p>n<\/ul>\n<p>n&nbsp;<br \/>\nn<\/p>\n<h4><b>In- en uitsluitingen<\/b><\/h4>\n<p>n&nbsp;<br \/>\nn<br \/>\nn<b>Insluitsels<\/b><br \/>\nn<\/p>\n<ol>\nn \t<\/p>\n<li>Lunchbuffet bij Ca\u00f1o Hondo<\/li>\n<p>n \t<\/p>\n<li>Natuurlijke zwembaden<\/li>\n<p>n \t<\/p>\n<li>Walvissen spotten in de baai van Saman\u00e1<\/li>\n<p>n \t<\/p>\n<li>Nationaal park Los Haitises, grotten, mangroven en de baai van San Lorenzo<\/li>\n<p>n \t<\/p>\n<li>Gids<\/li>\n<p>n \t<\/p>\n<li>Catamaran of boottocht<\/li>\n<p>n \t<\/p>\n<li>Alle belastingen, toeslagen en administratiekosten<\/li>\n<p>n \t<\/p>\n<li>Lokale belastingen<\/li>\n<p>n \t<\/p>\n<li>Dranken<\/li>\n<p>n<\/ol>\n<p>n<b>Uitsluitingen<\/b><br \/>\nn<\/p>\n<ol>\nn \t<\/p>\n<li>Fooien<\/li>\n<p>n \t<\/p>\n<li>Auto overzetten<\/li>\n<p>n \t<\/p>\n<li>Alcoholische drankjes<\/li>\n<p>n<\/ol>\n<p>n&nbsp;<br \/>\nn<\/p>\n<h4><em><strong>Vertrek &amp; Terugkeer<\/strong><\/em><\/h4>\n<p>nDe reiziger krijgt een ontmoetingspunt na het reserveringsproces. Rondleidingen beginnen en eindigen op onze ontmoetingspunten.<br \/>\nn<br \/>\nn&nbsp;<br \/>\nn<\/p>\n<h4><b><i>Wat te verwachten?<\/i><\/b><\/h4>\n<p>n&nbsp;<br \/>\nn<br \/>\nn<em><strong>Haal je kaartjes<\/strong><\/em> voor een dag Whale Watching-tour in de baai van Samana plus een heerlijke lunch en strandtijd en een bezoek aan Los Haitises National Park.<br \/>\nn<br \/>\nnDe dagpas voor walvissen spotten, georganiseerd door \u201cBooking Adventures\u201d begint op het ontmoetingspunt met de gids. Lunch op het strand en je kunt zo lang blijven als je wilt rondzwemmen. Als je veganist bent, kunnen we ook wat eten voor je klaarmaken.<br \/>\nn<br \/>\nn<strong>Rooster:<\/strong><br \/>\nn<br \/>\n8:45 \u2013 17:00 uur<br \/>\nn<br \/>\nn&nbsp;<br \/>\nn<\/p>\n<h4><em><strong>Wat moet je meenemen?<\/strong><\/em><\/h4>\n<p>n<\/p>\n<ul>\nn \t<\/p>\n<li>Camera<\/li>\n<p>n \t<\/p>\n<li>Afstotende toppen<\/li>\n<p>n \t<\/p>\n<li>zonnecreme<\/li>\n<p>n \t<\/p>\n<li>Hoed<\/li>\n<p>n \t<\/p>\n<li>Comfortabele broek<\/li>\n<p>n \t<\/p>\n<li>Sandalen naar het strand<\/li>\n<p>n \t<\/p>\n<li>Zwemkleding<\/li>\n<p>n \t<\/p>\n<li>Contant geld voor souvenirs<\/li>\n<p>n<\/ul>\n<p>n&nbsp;<br \/>\nn<\/p>\n<h4><b><i>Hotel ophalen<\/i><\/b><\/h4>\n<p>Ophaalservice bij het hotel wordt niet aangeboden voor deze tour.<br \/>\nn<br \/>\nn&nbsp;<br \/>\nn<br \/>\nn<b>Opmerking:<\/b>\u00a0als u binnen 24 uur na de vertrektijd van de tour\/excursie boekt, kunnen we tegen extra kosten het ophalen van het hotel regelen. Zodra uw aankoop is voltooid, sturen we u de volledige contactgegevens (telefoonnummer, e-mailadres, enz.) voor onze lokale gids om ophaalarrangementen te regelen.<br \/>\nn<\/p>\n<h4><b><i>Bevestiging aanvullende informatie<\/i><\/b><\/h4>\n<p>n<\/p>\n<ol>\nn \t<\/p>\n<li>Tickets zijn het ontvangstbewijs na betaling van deze Tour. U kunt de betaling op uw telefoon laten zien.<\/li>\n<p>n \t<\/p>\n<li>Trefpunt Wordt ontvangen na het reserveringsproces.<\/li>\n<p>n \t<\/p>\n<li>Kinderen moeten worden begeleid door een volwassene.<\/li>\n<p>n \t<\/p>\n<li>rolstoel toegankelijk<\/li>\n<p>n \t<\/p>\n<li>Baby&#039;s moeten op schoot zitten<\/li>\n<p>n \t<\/p>\n<li>De meeste reizigers kunnen deelnemen<\/li>\n<p>n<\/ol>\n<p>n<\/p>\n<h4><b><i>Annuleringsvoorwaarden<\/i><\/b><\/h4>\n<p>Lees voor een volledige terugbetaling ons Annuleringsbeleid\u00a0<a href=\"https:\/\/www.boattoursamana.com\/nl\/online-boeken\/\" target=\"_blank\" rel=\"noopener\" data-saferedirecturl=\"https:\/\/www.google.com\/url?q=https:\/\/www.boattoursamana.com\/online-booking\/&amp;source=gmail&amp;ust=1672449202351000&amp;usg=AOvVaw1yAeVAPktmaVCqDujgUn90\">Klik hier<\/a>. Het geld gaat verloren als de reservering op dezelfde dag van de reis wordt geannuleerd.<br \/>\nn<br \/>\nn<\/div>\n<p>n\n<\/p><\/div>\n<p>n\n<\/p><\/div>\n<p>n\n<\/p><\/div>\n<p>n\n<\/p><\/div>\n<p>n\n<\/p><\/div>\n<p>n<\/p>\n<div class=\"vc_row wpb_row vc_row-fluid\">\nn<\/p>\n<div class=\"wpb_column vc_column_container vc_col-sm-12\">\nn<\/p>\n<div class=\"vc_column-inner\">\nn<\/p>\n<div class=\"wpb_wrapper\">\nn<\/p>\n<div class=\"wpb_text_column wpb_content_element\">\nn<\/p>\n<div class=\"wpb_wrapper\">\nn<\/p>\n<h4>Neem contact op?<\/h4>\n<p>n<\/p>\n<h5><b><i>TOER WALVIS SAMANA<\/i><\/b><\/h5>\n<p>n<em><strong>Lokale bevolking<\/strong>\u00a0en\u00a0<strong>Onderdanen<\/strong>\u00a0Gidsen en gastenservices<\/em><br \/>\nn<br \/>\nn<span class=\"text-turquoise\">Reserveringen:<\/span>\u00a0Rondleidingen en excursies in Dom. vertegenwoordiger<br \/>\nn<br \/>\nn<img decoding=\"async\" class=\"emoji\" draggable=\"false\" src=\"https:\/\/s.w.org\/images\/core\/emoji\/11.2.0\/svg\/1f4de.svg\" alt=\" \" title=\"\">\u00a0Tel.\/Whatsapp\u00a0\u00a0<a href=\"tel:+1-809-720-6035\">+1-809-720-6035<\/a>.<br \/>\nn<br \/>\nn<img decoding=\"async\" class=\"emoji\" draggable=\"false\" src=\"https:\/\/s.w.org\/images\/core\/emoji\/11.2.0\/svg\/1f4e9.svg\" alt=\" \" title=\"\">\u00a0<a href=\"mailto:info@bookingadventures.com.do\">info@bookingadventures.com.do<\/a><br \/>\nn<br \/>\nn<strong>We zijn flexibel in het instellen van priv\u00e9rondleidingen via WhatsApp:\u00a0<a href=\"tel:+18097206035\">+18097206035.<\/a><\/strong><br \/>\nn<br \/>\nn<\/div>\n<p>n\n<\/p><\/div>\n<p>n\n<\/p><\/div>\n<p>n\n<\/p><\/div>\n<p>n\n<\/p><\/div>\n<p>n\n<\/p><\/div>\n<p>n<\/p>\n\n\t\t<\/div>\n\t<\/div>\n<div class=\"mkdf-section-title-holder\" style=\"text-align: left\">\n\t<div class=\"mkdf-st-inner\">\n\t\t\t\t\t<h5 class=\"mkdf-st-subtitle\" >\n\t\t\t\tPriv\u00e9rondleidingen en excursies\t\t\t<\/h5>\n\t\t\t\t\t\t\t<h3 class=\"mkdf-st-title\" >\n\t\t\t\tPriv\u00e9-excursie Walvissen kijken Samana Bay + Cano Hondo + Los Haitises vanuit de haven van Samana\t\t\t<\/h3>\n\t\t\t\t\t<\/div>\n<\/div>\n\t<div class=\"wpb_text_column wpb_content_element\" >\n\t\t<div class=\"wpb_wrapper\">\n\t\t\t<p>\nn<br \/>\nnIk ben een tekstblok. Klik op de knop Bewerken om deze tekst te wijzigen. Lorem ipsum dolor sit amet, consectetur adipiscing elit. Ut elit tellus, luctus nec ullamcorper mattis, pulvinar dapibus leo.<br \/>\nn<br \/>\nn<\/p>\n\n\t\t<\/div>\n\t<\/div>","protected":false},"excerpt":{"rendered":"<p>Esta es una excursi\u00f3n privada al observatorio de avistamiento de ballenas despu\u00e9s del almuerzo en el albergue ecol\u00f3gico Ca\u00f1o Hondo y el Parque Nacional Los Haitises. Nadie m\u00e1s ofrece esta incre\u00edble experiencia en un viaje de un solo d\u00eda con gu\u00edas profesionales ecologistas en el avistamiento de ballenas. Si desea ponerse en contacto con nosotros para recibir asesoramiento, env\u00ede un correo electr\u00f3nico, Whatsapp o Llamadas disponibles. Por favor reserve sus boletos con tiempo. n n&nbsp; n nSeleccione la fecha de [&hellip;]<\/p>\n","protected":false},"author":2,"featured_media":0,"parent":0,"menu_order":0,"comment_status":"open","ping_status":"closed","template":"","meta":{"footnotes":""},"class_list":["post-15802","page","type-page","status-publish","hentry"],"_links":{"self":[{"href":"https:\/\/www.boattoursamana.com\/nl\/wp-json\/wp\/v2\/pages\/15802","targetHints":{"allow":["GET"]}}],"collection":[{"href":"https:\/\/www.boattoursamana.com\/nl\/wp-json\/wp\/v2\/pages"}],"about":[{"href":"https:\/\/www.boattoursamana.com\/nl\/wp-json\/wp\/v2\/types\/page"}],"author":[{"embeddable":true,"href":"https:\/\/www.boattoursamana.com\/nl\/wp-json\/wp\/v2\/users\/2"}],"replies":[{"embeddable":true,"href":"https:\/\/www.boattoursamana.com\/nl\/wp-json\/wp\/v2\/comments?post=15802"}],"version-history":[{"count":0,"href":"https:\/\/www.boattoursamana.com\/nl\/wp-json\/wp\/v2\/pages\/15802\/revisions"}],"wp:attachment":[{"href":"https:\/\/www.boattoursamana.com\/nl\/wp-json\/wp\/v2\/media?parent=15802"}],"curies":[{"name":"wp","href":"https:\/\/api.w.org\/{rel}","templated":true}]}}