{"id":11569,"date":"2020-10-10T15:42:33","date_gmt":"2020-10-10T15:42:33","guid":{"rendered":"https:\/\/www.ticketswhales.com\/?post_type=product&#038;p=11569"},"modified":"2023-11-07T21:53:32","modified_gmt":"2023-11-07T21:53:32","slug":"private-kayaking-snorkeling-with-lunch-on-cayo-levantado-island","status":"publish","type":"product","link":"https:\/\/www.boattoursamana.com\/nl\/tour\/prive-kajakken-snorkelen-met-lunch-op-cayo-levantado-eiland","title":{"rendered":"Samana: Cayo Levantado &amp; kajakken + snorkelen"},"content":{"rendered":"<div class=\"wpb_column vc_column_container vc_col-sm-12\"><div class=\"vc_column-inner\"><div class=\"wpb_wrapper\"><\/div><\/div><\/div><div class=\"vc_row wpb_row vc_row-fluid\" ><div class=\"wpb_column vc_column_container vc_col-sm-12\"><div class=\"vc_column-inner\"><div class=\"wpb_wrapper\">\n\t<div class=\"wpb_text_column wpb_content_element\" >\n\t\t<div class=\"wpb_wrapper\">\n\t\t\t<div class=\"vc_row wpb_row vc_row-fluid\">\n<div class=\"wpb_column vc_column_container vc_col-sm-12\">\n<div class=\"vc_column-inner\">\n<div class=\"wpb_wrapper\">\n<div class=\"mkdf-section-title-holder\">\n<div class=\"mkdf-st-inner\">\n<h5 class=\"mkdf-st-subtitle\">Vanuit de haven van Samana: priv\u00e9tour<\/h5>\n<h3 class=\"mkdf-st-title\">Priv\u00e9kajak en snorkel met lunch op het eiland Cayo Levantado<\/h3>\n<\/div>\n<\/div>\n<div class=\"vc_empty_space\"><\/div>\n<\/div>\n<\/div>\n<\/div>\n<\/div>\n<div class=\"vc_row wpb_row vc_row-fluid\"><\/div>\n<div class=\"wpb_column vc_column_container vc_col-sm-12\">\n<div class=\"vc_column-inner\">\n<div class=\"wpb_wrapper\"><\/div>\n<\/div>\n<\/div>\n<div class=\"wpb_text_column wpb_content_element\">\n<div class=\"wpb_wrapper\"><\/div>\n<\/div>\n<div class=\"vc_row wpb_row vc_row-fluid\">\n<div class=\"wpb_column vc_column_container vc_col-sm-12\">\n<div class=\"vc_column-inner\">\n<div class=\"wpb_wrapper\">\n<div class=\"wpb_text_column wpb_content_element\">\n<div class=\"wpb_wrapper\">\n<div class=\"vc_row wpb_row vc_row-fluid\">\n<div class=\"wpb_column vc_column_container vc_col-sm-12\">\n<div class=\"vc_column-inner\">\n<div class=\"wpb_wrapper\">\n<div class=\"wpb_text_column wpb_content_element\">\n<div class=\"wpb_wrapper\">\n<h4><b><i>Overzicht\ud83d\udc33<\/i><\/b><\/h4>\n<p><strong>Vermijd grote groepen toeristen.<\/strong>\u00a0en neem uw priv\u00e9kajak- en snorkeltocht in de baai van Saman\u00e1 vanuit de haven van Saman\u00e1.<\/p>\n<p>Bewonder 40 minuten onge\u00ebvenaard panoramisch uitzicht op de baai van Samana vanaf de zee per kajak en snorkel in het kristalheldere water van een nabijgelegen strand op het beroemde eiland Cayo Levantado\/Bacardi. Waar we onze benen kunnen strekken en onze snorkelsets kunnen gebruiken, is er een andere wereld om te verkennen!<br \/>\nNa het snorkelen gaan we voor een typisch Dominicaanse lunch op het strand en ontdekken we het mooiste eiland van de Dominicaanse Republiek. De thuisbasis van een prachtig luxe hotel, witte zandstranden, een weelderig regenwoud en geweldige bekwame kunstenaars die hun handgemaakte schilderijen en andere producten aanbieden.<\/p>\n<p>Wat kun je doen op het eiland?<br \/>\nZwemmen, wandelen, volleyballen, foto&#039;s maken, snorkelen, genieten op het strand of gewoon relaxen in de schaduw en een verfrissend drankje drinken (Pi\u00f1a Colada, Coco Loco, Cuba Libre, etc.) Er zijn genoeg mogelijkheden om voor iedereen van het eiland te genieten !<\/p>\n<p>Op de terugweg naar Saman\u00e1 veranderen we van perspectief en wordt onze aandacht getrokken door details die we nog niet eerder hadden opgemerkt, waarbij we elke meter ongeveer 40 minuten genieten.<\/p>\n<p>Wij zijn de enigen die deze tour aanbieden in de hele Dominicaanse Republiek! Deze unieke ervaring is de droom die uitkomt voor natuur- en zeeliefhebbers.<\/p>\n<p><strong>Opmerking:<\/strong>\u00a0Deze rondleiding is priv\u00e9. (Alleen jij en je familie of vrienden en de gids).<\/p>\n<p>&nbsp;<\/p>\n<h4><b>Insluitingen en uitsluitingen<\/b><\/h4>\n<p>&nbsp;<\/p>\n<p><b>Insluitsels<\/b><\/p>\n<p>&nbsp;<\/p>\n<ol>\n<li>Lunchbuffet op het strand.<\/li>\n<li>Gids<\/li>\n<li>kajaks, paddleboarden<\/li>\n<li>Reddingsvest<\/li>\n<li>Snorkelset<\/li>\n<li>Alle belastingen, toeslagen en administratiekosten.<\/li>\n<li>Lokale belastingen<\/li>\n<li>Dranken (fles water per persoon)<\/li>\n<\/ol>\n<p><b>Uitsluitingen<\/b><\/p>\n<ol>\n<li>Tips<\/li>\n<li>Autooverdracht<\/li>\n<li>Alcohol<\/li>\n<\/ol>\n<p>&nbsp;<\/p>\n<h4><em><strong>Vertrek en terugkeer<\/strong><\/em><\/h4>\n<p>Deze reis begint om 08.00 uur en eindigt rond 16.00 uur. Maar omdat het een priv\u00e9reis wordt, kun je zelf de begin- en eindtijd instellen.<\/p>\n<p>De reiziger krijgt na het boekingsproces een ontmoetingspunt. Rondleidingen beginnen en eindigen op onze ontmoetingspunten.<\/p>\n<p>&nbsp;<\/p>\n<h4><b><i>Wat te verwachten?<\/i><\/b><\/h4>\n<p>&nbsp;<\/p>\n<p><em><strong>Haal je kaartjes<\/strong><\/em>\u00a0voor kajakken en snorkelen in de baai van Samana. 40 minuten onvergelijkbaar panoramisch uitzicht op de baai van Saman\u00e1 vanaf de zee per kajak en snorkel in het kristalheldere water van een nabijgelegen strand van de beroemde Cayo Levantado\/Bacardi. Typische Dominicaanse lunch op het strand. Tijdens het walvisseizoen bestaat de kans om bultruggen te zien.<\/p>\n<p>De Kayak &amp; Snorkel Tour, georganiseerd door \u201cBooking Adventures\u201d, begint op het ontmoetingspunt met de gids. Lunch op het strand en je kunt zo lang blijven als je wilt zwemmen. Als je veganist bent, kunnen we ook wat eten voor je bereiden.<\/p>\n<p><strong>Kalender:<\/strong><\/p>\n<p>8:00 \u2013 16:00 uur<\/p>\n<p>&nbsp;<\/p>\n<h4><em><strong>Wat moet je meenemen?<\/strong><\/em><\/h4>\n<ul>\n<li>Camera<\/li>\n<li>Handdoek<\/li>\n<li>zon bescherming<\/li>\n<li>Hoed<\/li>\n<li>Comfortabele broeken en schoenen.<\/li>\n<li>Sandalen voor op het strand<\/li>\n<li>Zwemmers jurkje<\/li>\n<li>Contant geld voor souvenirs<\/li>\n<\/ul>\n<p>&nbsp;<\/p>\n<h4><b><i>Ophaalservice bij hotel<\/i><\/b><\/h4>\n<p>Ophalen bij het hotel wordt niet aangeboden voor deze tour.<\/p>\n<p>&nbsp;<\/p>\n<p><b>Opmerking:<\/b>\u00a0Als u binnen 24 uur v\u00f3\u00f3r de vertrektijd van de tour\/excursie boekt, kunnen wij tegen extra kosten een ophaalservice bij uw hotel regelen. Zodra uw aankoop is voltooid, sturen wij u de volledige contactgegevens (telefoonnummer, e-mailadres, enz.) van onze lokale gids om de ophaalregeling te regelen.<\/p>\n<h4><b><i>Bevestiging van aanvullende informatie<\/i><\/b><\/h4>\n<ol>\n<li>Tickets zijn het ontvangstbewijs na betaling voor deze tour. U kunt de betaling op uw telefoon weergeven.<\/li>\n<li>Het ontmoetingspunt wordt na het boekingsproces ontvangen.<\/li>\n<li>Kinderen moeten worden begeleid door een volwassene.<\/li>\n<li>Rolstoel toegankelijk<\/li>\n<li>Baby&#039;s moeten op schoot zitten.<\/li>\n<li>De meeste reizigers komen in aanmerking voor deelname.<\/li>\n<\/ol>\n<h4><b><i>Annuleringsvoorwaarden<\/i><\/b><\/h4>\n<p>Voor een volledige terugbetaling dien je minimaal 24 uur v\u00f3\u00f3r de startdatum van de ervaring te annuleren.<\/p>\n<\/div>\n<\/div>\n<\/div>\n<\/div>\n<\/div>\n<\/div>\n<\/div>\n<\/div>\n<\/div>\n<\/div>\n<\/div>\n<\/div>\n<div class=\"vc_row wpb_row vc_row-fluid\">\n<div class=\"wpb_column vc_column_container vc_col-sm-12\">\n<div class=\"vc_column-inner\">\n<div class=\"wpb_wrapper\">\n<div class=\"vc_empty_space\"><\/div>\n<div class=\"wpb_text_column wpb_content_element\">\n<div class=\"wpb_wrapper\">\n<h4>Neem contact op?<\/h4>\n<h5><b><i>Avontuurlijke boekingen<\/i><\/b><\/h5>\n<p><em>Toeristische gidsen en gastendiensten.\u00a0<strong>lokaal<\/strong>\u00a0en\u00a0<strong>nationaal<\/strong><\/em><\/p>\n<p><span class=\"text-turquoise\">Reserveringen:<\/span>\u00a0Tours &amp; Excursies in Dom. Vertegenwoordigers.<\/p>\n<p>\ud83d\udcde Telefoon\/Whatsapp\u00a0<a href=\"tel: 1-809-720-6035\">+ 1-809-720-6035<\/a>\u00a0.<\/p>\n<p>\ud83d\udce9\u00a0<a href=\"mailto:info@bookingadventures.com.do\">info@bookingadventures.com.do<\/a><\/p>\n<p><strong>Wij zijn priv\u00e9rondleidingen met flexibele configuratie door Whatsapp:\u00a0<a href=\"tel: 18097206035\">+18097206035.<\/a><\/strong><\/p>\n<\/div>\n<\/div>\n<\/div>\n<\/div>\n<\/div>\n<\/div>\n\n\t\t<\/div>\n\t<\/div>\n<\/div><\/div><\/div><\/div>","protected":false},"excerpt":{"rendered":"<p>Priv\u00e9kajak- en snorkeltocht in Samana Bay, Dominicaanse Republiek met lokale gidsen. Stel gerust de starttijd in die jou het beste uitkomt. Boek nu deze Samana Bay Excursie om het echte Caribische avontuur te beleven.<\/p>\n<p>Let op: deze tour is priv\u00e9!<\/p>\n<p>&nbsp;<\/p>\n<p><em><strong>Selecteer de datum van de tour:<\/strong><\/em><\/p>","protected":false},"featured_media":13413,"template":"","meta":[],"product_cat":[255,946,655],"product_tag":[184,328,208,327,187,342,433,276],"class_list":["post-11569","product","type-product","status-publish","has-post-thumbnail","hentry","product_cat-tours-excursions-samana-bay-dominican-republic","product_cat-1-sabana-de-la-mar","product_cat-1-samana","product_tag-bacardi-island","product_tag-cayo-levantado-day-pass","product_tag-kayaking-dominican-republic","product_tag-private-tours-samana","product_tag-samana-tours","product_tag-samana-whale-watching","product_tag-snorkeling","product_tag-whale-samana"],"_links":{"self":[{"href":"https:\/\/www.boattoursamana.com\/nl\/wp-json\/wp\/v2\/product\/11569","targetHints":{"allow":["GET"]}}],"collection":[{"href":"https:\/\/www.boattoursamana.com\/nl\/wp-json\/wp\/v2\/product"}],"about":[{"href":"https:\/\/www.boattoursamana.com\/nl\/wp-json\/wp\/v2\/types\/product"}],"wp:featuredmedia":[{"embeddable":true,"href":"https:\/\/www.boattoursamana.com\/nl\/wp-json\/wp\/v2\/media\/13413"}],"wp:attachment":[{"href":"https:\/\/www.boattoursamana.com\/nl\/wp-json\/wp\/v2\/media?parent=11569"}],"wp:term":[{"taxonomy":"product_cat","embeddable":true,"href":"https:\/\/www.boattoursamana.com\/nl\/wp-json\/wp\/v2\/product_cat?post=11569"},{"taxonomy":"product_tag","embeddable":true,"href":"https:\/\/www.boattoursamana.com\/nl\/wp-json\/wp\/v2\/product_tag?post=11569"}],"curies":[{"name":"wp","href":"https:\/\/api.w.org\/{rel}","templated":true}]}}