{"id":12587,"date":"2021-07-06T18:12:42","date_gmt":"2021-07-06T18:12:42","guid":{"rendered":"https:\/\/www.ticketswhales.com\/?post_type=product&#038;p=12587"},"modified":"2023-11-06T15:01:25","modified_gmt":"2023-11-06T15:01:25","slug":"salto-del-limon-el-limon-waterfalls-tour-from-sabana-de-la-mar","status":"publish","type":"product","link":"https:\/\/www.boattoursamana.com\/nl\/tour\/salto-del-limon-el-limon-watervallen-tour-vanuit-sabana-de-la-mar-2","title":{"rendered":"Salto Del Lim\u00f3n - El Lim\u00f3n-watervallentour vanuit Sabana de La Mar"},"content":{"rendered":"<div class=\"vc_row wpb_row vc_row-fluid\" ><div class=\"wpb_column vc_column_container vc_col-sm-12\"><div class=\"vc_column-inner\"><div class=\"wpb_wrapper\">\n\t<div class=\"wpb_text_column wpb_content_element\" >\n\t\t<div class=\"wpb_wrapper\">\n\t\t\t<h2>Limon - El Lim\u00f3n-watervallentour vanuit Sabana de La Mar, priv\u00e9tour<\/h2>\n\n\t\t<\/div>\n\t<\/div>\n<div class=\"vc_btn3-container vc_btn3-inline\" ><button class=\"vc_general vc_btn3 vc_btn3-size-md vc_btn3-shape-rounded vc_btn3-style-modern vc_btn3-color-green\">BOEK NU<\/button><\/div><\/div><\/div><\/div><\/div><div class=\"vc_row wpb_row vc_row-fluid\" ><div class=\"wpb_column vc_column_container vc_col-sm-12\"><div class=\"vc_column-inner\"><div class=\"wpb_wrapper\">\n\t<div class=\"wpb_text_column wpb_content_element\" >\n\t\t<div class=\"wpb_wrapper\">\n\t\t\t<h4><b><i>Overzicht <\/i><\/b><\/h4>\n<p>Dit is een priv\u00e9tour naar <strong>De watervallen El Lim\u00f3n<\/strong> met paardrijden of wandelen vanaf Sabana de la mar over de Samana-baai in een priv\u00e9boot en een priv\u00e9transfer die op ons wacht om naar de watervallen te gaan. Een bezoek aan cacao- en koffiebos onder Coconuts Palms Canopy. Wanneer je bij de watervallen aankomt, mag je zwemmen en de tijd instellen met je lokale gids. Na het genieten van een typische lunch in de gemeenschap van El Lim\u00f3n.<\/p>\n<p>Leer met de lokale bevolking en krijg een veilige reis. Koop vandaag nog uw tickets in de aanbieding.<\/p>\n<ul>\n<li style=\"font-weight: 400;\"><span style=\"font-weight: 400;\">Inclusief lunch\u00a0<\/span><\/li>\n<li>Paardrijden of wandelen<\/li>\n<li style=\"font-weight: 400;\"><span style=\"font-weight: 400;\">De gids geeft instructies en toezicht<\/span><\/li>\n<li>Vergoedingen aan het Nationaal Park<\/li>\n<\/ul>\n<p>&nbsp;<\/p>\n<h4><b>In- en uitsluitingen<\/b><\/h4>\n<p>&nbsp;<\/p>\n<p><b>Insluitsels<\/b><\/p>\n<ol>\n<li style=\"font-weight: 400;\"><span style=\"font-weight: 400;\">Lunchbuffet in El Lim\u00f3n<\/span><\/li>\n<li style=\"font-weight: 400;\"><span style=\"font-weight: 400;\">Wandel- of paardrijtocht<\/span><\/li>\n<li style=\"font-weight: 400;\"><span style=\"font-weight: 400;\">Alle belastingen, toeslagen en administratiekosten<\/span><\/li>\n<li style=\"font-weight: 400;\"><span style=\"font-weight: 400;\">Lokale belastingen<\/span><\/li>\n<li style=\"font-weight: 400;\"><span style=\"font-weight: 400;\">Dranken<\/span><\/li>\n<li style=\"font-weight: 400;\"><span style=\"font-weight: 400;\">Alle activiteiten<\/span><\/li>\n<li style=\"font-weight: 400;\"><span style=\"font-weight: 400;\">Lokale gids<\/span><\/li>\n<li>overboekingen<\/li>\n<li>Boottocht<\/li>\n<\/ol>\n<p><b> Uitsluitingen<\/b><\/p>\n<ol>\n<li style=\"font-weight: 400;\"><span style=\"font-weight: 400;\">Fooien<\/span><\/li>\n<li style=\"font-weight: 400;\"><span style=\"font-weight: 400;\">Alcoholische drankjes<\/span><\/li>\n<\/ol>\n<p>&nbsp;<\/p>\n<h4><em><strong>Vertrek &amp; Terugkeer<\/strong><\/em><\/h4>\n<p><span style=\"font-weight: 400;\">De reiziger krijgt een ontmoetingsplaats na het Reserveringsproces. Tours beginnen en eindigen in onze ontmoetingspunten.<\/span><\/p>\n<p>&nbsp;<\/p>\n<h4><b><i>Wat te verwachten?<\/i><\/b><\/h4>\n<p>&nbsp;<\/p>\n<p><em><strong>Haal je kaartjes<\/strong><\/em> voor een bezoek aan The Waterfalls El Lim\u00f3n in Saman\u00e1 plus een heerlijke lunch in El Lim\u00f3n Restaurant vanaf Sabana de la Mar.<\/p>\n<p><span style=\"font-weight: 400;\">De tour, georganiseerd door &quot;Booking Adventures&quot;, begint op het ontmoetingspunt dat is ingesteld met de Tour Guide.<\/span><\/p>\n<p>Beste priv\u00e9trips naar de watervallen van El Limon met een lokale gids. Boek een paardrijtocht door het bos langs de rand van de rivier de Lim\u00f3n en bezoek cacao- en koffieplantages onder de kokospalmen met schaduwen.<\/p>\n<p>Stop eerst bij de Kleine waterval waar meestal niet veel mensen zijn en je kunt rondzwemmen. Daarna gaan we verder naar de grote waterval waar we een uur of langer zullen blijven als je wilt.<\/p>\n<p>Paarden terugbrengen naar het restaurant waar we zullen genieten van een typische lunch op het strand. Gefrituurde vis met Tostones en Salade of u kunt tegen een meerprijs andere opties in het menu krijgen.<\/p>\n<p>Lunch in het restaurant in de El Lim\u00f3n-gemeenschap en je kunt zo lang blijven als je wilt rondzwemmen. Als je veganist bent, kunnen we ook wat eten voor je klaarmaken.<\/p>\n<p>na deze ervaring be\u00ebindigen we onze reis Terug naar het ontmoetingspunt van Sabana de la mar.<\/p>\n<p>&nbsp;<\/p>\n<h4><em><strong>Wat moet je meenemen?<\/strong><\/em><\/h4>\n<ul>\n<li style=\"font-weight: 400;\"><span style=\"font-weight: 400;\">Camera<\/span><\/li>\n<li style=\"font-weight: 400;\"><span style=\"font-weight: 400;\">Afstotende toppen<\/span><\/li>\n<li style=\"font-weight: 400;\"><span style=\"font-weight: 400;\">zonnecreme<\/span><\/li>\n<li style=\"font-weight: 400;\"><span style=\"font-weight: 400;\"><span style=\"vertical-align: inherit;\"><span style=\"vertical-align: inherit;\">Sombrero<\/span><\/span><\/span><\/li>\n<li style=\"font-weight: 400;\"><span style=\"font-weight: 400;\"><span style=\"vertical-align: inherit;\"><span style=\"vertical-align: inherit;\">Pantalones<\/span><\/span><\/span><\/li>\n<li style=\"font-weight: 400;\"><span style=\"font-weight: 400;\"><span style=\"vertical-align: inherit;\"><span style=\"vertical-align: inherit;\">Zapatos de senderismo para el bosque<\/span><\/span><\/span><\/li>\n<li style=\"font-weight: 400;\"><span style=\"font-weight: 400;\"><span style=\"vertical-align: inherit;\"><span style=\"vertical-align: inherit;\">vestido nadador<\/span><\/span><\/span><\/li>\n<\/ul>\n<p>&nbsp;<\/p>\n<h4><b><i><span style=\"vertical-align: inherit;\"><span style=\"vertical-align: inherit;\">Herken een hotel <\/span><\/span><\/i><\/b><\/h4>\n<p><span style=\"font-weight: 400;\"><span style=\"vertical-align: inherit;\"><span style=\"vertical-align: inherit;\">Er wordt geen erkenning gegeven aan het hotel voor deze tour. <\/span><\/span><\/span><\/p>\n<p>&nbsp;<\/p>\n<p><b><span style=\"vertical-align: inherit;\"><span style=\"vertical-align: inherit;\">Opmerking:<\/span><\/span><\/b><span style=\"font-weight: 400;\"> als u binnen 24 uur na de vertrektijd van de tour\/excursie boekt, kunnen we tegen extra kosten het ophalen van het hotel regelen. Zodra uw aankoop is voltooid, sturen we u de volledige contactgegevens (telefoonnummer, e-mailadres, enz.) voor onze lokale gids om ophaalarrangementen te regelen.<\/span><\/p>\n<h4><b><i><span style=\"vertical-align: inherit;\"><span style=\"vertical-align: inherit;\">Bevestiging van aanvullende informatie <\/span><\/span><\/i><\/b><\/h4>\n<ol>\n<li>Tickets zijn het ontvangstbewijs na betaling van deze Tour. U kunt de betaling op uw telefoon laten zien.<\/li>\n<li style=\"font-weight: 400;\"><span style=\"font-weight: 400;\"><span style=\"vertical-align: inherit;\"><span style=\"vertical-align: inherit;\">Het punt van het opvragen van het proces van het reserveren.<\/span><\/span><\/span><\/li>\n<li style=\"font-weight: 400;\"><span style=\"font-weight: 400;\"><span style=\"vertical-align: inherit;\"><span style=\"vertical-align: inherit;\">Los ni\u00f1os deben estar acompa\u00f1ados for un adulto.<\/span><\/span><\/span><\/li>\n<li style=\"font-weight: 400;\"><span style=\"font-weight: 400;\"><span style=\"vertical-align: inherit;\"><span style=\"vertical-align: inherit;\"> Geen toegankelijke para sillas de ruedas <\/span><\/span><\/span><\/li>\n<li style=\"font-weight: 400;\"><span style=\"font-weight: 400;\"><span style=\"vertical-align: inherit;\"><span style=\"vertical-align: inherit;\">Los beb\u00e9s deben sentarse en el regazo <\/span><\/span><\/span><\/li>\n<li style=\"font-weight: 400;\"><span style=\"font-weight: 400;\"><span style=\"vertical-align: inherit;\"><span style=\"vertical-align: inherit;\">Geen aanbeveling voor viajeros con problemas de espalda.<\/span><\/span><\/span><\/li>\n<li style=\"font-weight: 400;\"><span style=\"font-weight: 400;\"><span style=\"vertical-align: inherit;\"><span style=\"vertical-align: inherit;\">Geen aanbeveling voor viajeras embarazadas. <\/span><\/span><\/span><\/li>\n<li style=\"font-weight: 400;\"><span style=\"font-weight: 400;\"><span style=\"vertical-align: inherit;\"><span style=\"vertical-align: inherit;\"> Zonde probleem als cardiacos en andere medische graven <\/span><\/span><\/span><\/li>\n<li style=\"font-weight: 400;\"><span style=\"font-weight: 400;\"><span style=\"vertical-align: inherit;\"><span style=\"vertical-align: inherit;\">La mayor\u00eda de los viajeros pueden participar<\/span><\/span><\/span><\/li>\n<\/ol>\n<p>Annuleringspolitie<\/p>\n<p>Om een volledig verzoek te ontvangen, kunt u de huidige annuleringspolitie volgen\u00a0<a href=\"https:\/\/www.boattoursamana.com\/nl\/online-boeken\/\" target=\"_blank\" rel=\"noopener\" data-saferedirecturl=\"https:\/\/www.google.com\/url?q=https:\/\/www.boattoursamana.com\/online-booking\/&amp;source=gmail&amp;ust=1672449202351000&amp;usg=AOvVaw1yAeVAPktmaVCqDujgUn90\">haga klik op<\/a>. Los fondos se perder\u00e1n si la reserva se cancela el mismo d\u00eda del viaje.<\/p>\n\n\t\t<\/div>\n\t<\/div>\n<\/div><\/div><\/div><\/div><div class=\"vc_row wpb_row vc_row-fluid\" ><\/div><div class=\"wpb_column vc_column_container vc_col-sm-12\"><div class=\"vc_column-inner\"><div class=\"wpb_wrapper\"><\/div><\/div><\/div><div class=\"vc_empty_space\"   style=\"height: 32px\"><span class=\"vc_empty_space_inner\"><\/span><\/div><div class=\"vc_empty_space\"   style=\"height: 32px\"><span class=\"vc_empty_space_inner\"><\/span><\/div><div class=\"vc_row wpb_row vc_row-fluid\" ><div class=\"wpb_column vc_column_container vc_col-sm-12\"><div class=\"vc_column-inner\"><div class=\"wpb_wrapper\"><div class=\"vc_btn3-container vc_btn3-inline\" ><button class=\"vc_general vc_btn3 vc_btn3-size-md vc_btn3-shape-rounded vc_btn3-style-modern vc_btn3-color-green\">BOEK NU<\/button><\/div><\/div><\/div><\/div><\/div>","protected":false},"excerpt":{"rendered":"<p>Salto Del Limon \u2013 El Lim\u00f3n-watervallentour vanuit Sabana de La Mar. El limon-watervallen met paarden die naar de watervallen rijden of slenteren. Na het zwemmen een lunch met lokaal eten in Samana.<\/p>\n<p>&nbsp;<\/p>\n<p><b>Selecteer<\/b><strong><span style=\"vertical-align: inherit;\"><span style=\"vertical-align: inherit;\">\u00a0datum voor uw reis:\u00a0<\/span><\/span><\/strong><\/p>","protected":false},"featured_media":8837,"template":"","meta":[],"product_cat":[255,946,961,962,159,178,189,160,190,253,254],"product_tag":[183,185,202,201,186,187],"class_list":["post-12587","product","type-product","status-publish","has-post-thumbnail","hentry","product_cat-tours-excursions-samana-bay-dominican-republic","product_cat-1-sabana-de-la-mar","product_cat-el-limon-horseback-riding","product_cat-el-limon-sabana-de-la-mar-miches","product_cat-fees-entrace","product_cat-hiking","product_cat-horse-riding-to-waterfalls","product_cat-lunch","product_cat-safari-samana","product_cat-tours-and-excursions","product_cat-tours-excursions-los-haitises-national-park","product_tag-beach-time","product_tag-el-limon-waterfalls","product_tag-hiking-el-limon","product_tag-horses-el-limon","product_tag-samana","product_tag-samana-tours"],"_links":{"self":[{"href":"https:\/\/www.boattoursamana.com\/nl\/wp-json\/wp\/v2\/product\/12587","targetHints":{"allow":["GET"]}}],"collection":[{"href":"https:\/\/www.boattoursamana.com\/nl\/wp-json\/wp\/v2\/product"}],"about":[{"href":"https:\/\/www.boattoursamana.com\/nl\/wp-json\/wp\/v2\/types\/product"}],"wp:featuredmedia":[{"embeddable":true,"href":"https:\/\/www.boattoursamana.com\/nl\/wp-json\/wp\/v2\/media\/8837"}],"wp:attachment":[{"href":"https:\/\/www.boattoursamana.com\/nl\/wp-json\/wp\/v2\/media?parent=12587"}],"wp:term":[{"taxonomy":"product_cat","embeddable":true,"href":"https:\/\/www.boattoursamana.com\/nl\/wp-json\/wp\/v2\/product_cat?post=12587"},{"taxonomy":"product_tag","embeddable":true,"href":"https:\/\/www.boattoursamana.com\/nl\/wp-json\/wp\/v2\/product_tag?post=12587"}],"curies":[{"name":"wp","href":"https:\/\/api.w.org\/{rel}","templated":true}]}}