{"id":12607,"date":"2021-07-16T05:50:21","date_gmt":"2021-07-16T05:50:21","guid":{"rendered":"https:\/\/www.ticketswhales.com\/?post_type=product&#038;p=12607"},"modified":"2023-10-06T11:35:26","modified_gmt":"2023-10-06T11:35:26","slug":"los-haitises-kayaking-boat-trip-caves-and-swimming-at-private-beach-all-in-one","status":"publish","type":"product","link":"https:\/\/www.boattoursamana.com\/nl\/tour\/los-haitises-kajakken-boottocht-grotten-en-zwemmen-bij-prive-strand-alles-in-een-2","title":{"rendered":"Los Haitises Kajakken + boottocht + grotten en zwemmen op priv\u00e9strand (alles in \u00e9\u00e9n)."},"content":{"rendered":"<div class=\"vc_row wpb_row vc_row-fluid\" ><div class=\"wpb_column vc_column_container vc_col-sm-12\"><div class=\"vc_column-inner\"><div class=\"wpb_wrapper\"><div class=\"vc_btn3-container vc_btn3-inline\" ><button class=\"vc_general vc_btn3 vc_btn3-size-md vc_btn3-shape-rounded vc_btn3-style-modern vc_btn3-color-green\">BOEK NU<\/button><\/div>\n\t<div class=\"wpb_text_column wpb_content_element\" >\n\t\t<div class=\"wpb_wrapper\">\n\t\t\t<h4><b><i>Overzicht <\/i><\/b><\/h4>\n<p><span style=\"font-weight: 400;\">Ontsnap aan de stad om jezelf onder te dompelen in het ecotoerisme van de provincie Hato Mayor, de eerste ecotoeristische provincie van de Dominicaanse Republiek. Ga met ons mee en geniet van het frisse water van een van de onontdekte stranden van Los Haitises, waar de baai van San Lorenzo ligt. De plaats is bereikbaar per boot en wordt omgeven door regenwoud en mangrovebossen. Al navigerend kom je in contact met de natuur en het onvergetelijke landschap van dit nationale park. Deze tour zal een mix zijn van kajakken, varen, een grot bezoeken en zwemmen in een van de belangrijkste nationale parken van het land, hier is het grootste deel van de biodiversiteit van het eiland en het op \u00e9\u00e9n na grootste mangrovebos met meer dan 98 km2.\u00a0<\/span><\/p>\n<p>&nbsp;<\/p>\n<p><span style=\"font-weight: 400;\">Onze lokale en deskundige medewerkers zorgen ervoor dat je de Tainos-cultuur, hun geschiedenis in Los Haitises en hun verbondenheid met de natuur echt leert kennen. Deze tour is in ecotoerisme-modus waarbij de gemeenschap een zeer belangrijke rol speelt, het zijn gidsen, kapiteinsboten en chauffeurs.<\/span><\/p>\n<p>&nbsp;<\/p>\n<p><span style=\"font-weight: 400;\">De prioriteit van Booking Adventure is ervoor te zorgen dat u het beste van het beste krijgt, vanaf het moment dat u het ticket koopt tot het einde van uw reis. Onze tours zijn gericht op milieueducatie, avontuur en lokale geschiedenis en tijdens deze reis krijg je van alles een beetje te zien.\u00a0<\/span><\/p>\n<h3><span style=\"font-weight: 400;\">In- en uitsluitingen<\/span><\/h3>\n<h6><strong>Insluitsels<\/strong><\/h6>\n<ul>\n<li><span style=\"font-weight: 400;\">Boot en Kapitein\u00a0<\/span><\/li>\n<li><span style=\"font-weight: 400;\">Kajaks\u00a0<\/span><\/li>\n<li><span style=\"font-weight: 400;\">Snacks, (water, fruit, sandwiches en frisdrank)<\/span><\/li>\n<li><span style=\"font-weight: 400;\">Alle belastingen, toeslagen en administratiekosten<\/span><\/li>\n<li><span style=\"font-weight: 400;\">Lokale belastingen<\/span><\/li>\n<li><span style=\"font-weight: 400;\">Ambtenaren Ecologen gidsen Engels\/Spaans<\/span><\/li>\n<li><span style=\"font-weight: 400;\">Zwemmen in natuurlijke poelen en onontgonnen strand\u00a0<\/span><\/li>\n<li><span style=\"font-weight: 400;\">E\u00e9n grot\u00a0<\/span><\/li>\n<\/ul>\n<p>&nbsp;<\/p>\n<h6><strong>Uitsluitingen<\/strong><\/h6>\n<p>&nbsp;<\/p>\n<ul>\n<li><span style=\"font-weight: 400;\">Fooien<\/span><\/li>\n<li><span style=\"font-weight: 400;\">Drank<\/span><\/li>\n<li><span style=\"font-weight: 400;\">Overdracht\u00a0<\/span><\/li>\n<\/ul>\n<p><span style=\"font-weight: 400;\">\u00a0<\/span><\/p>\n<h6><strong>Vertrek &amp; Terugkeer<\/strong><\/h6>\n<p>&nbsp;<\/p>\n<p><span style=\"font-weight: 400;\">De tour, georganiseerd door &quot;Booking Adventures&quot;, begint op het ontmoetingspunt dat is afgesproken met de gids of medewerker. De reiziger krijgt een ontmoetingsplaats na het Reserveringsproces. Tours beginnen en eindigen op onze ontmoetingspunten.<\/span><\/p>\n<h2>Los Haitises kajakken + boottocht + grotten en zwemstrand (alles in \u00e9\u00e9n).<\/h2>\n<p><span style=\"font-weight: 400;\">Wat te verwachten?<\/span><\/p>\n<p>&nbsp;<\/p>\n<p><span style=\"font-weight: 400;\">Koop je ticket voor de Eco-Adventure Tour Los Haitises National Park All In One\u00a0<\/span><\/p>\n<p>&nbsp;<\/p>\n<p><span style=\"font-weight: 400;\">Deze excursie begint vanaf een ontmoetingspunt dat u moet bevestigen met onze reisagenten of uw gids voordat u naar een locatie gaat. Zodra je je gids ontmoet, krijg je een debriefing van de tour en alles wat met je dag te maken heeft.<\/span><\/p>\n<p>&nbsp;<\/p>\n<p><span style=\"font-weight: 400;\">Als iedereen klaar is en we de kajaks ophalen, gaan we naar de eerste locatie, Playita Las Almejas, waar natuurlijke zwembaden zijn, terwijl we door het mangrovebos en de laag van San Lorenzo Bay navigeren, zullen we verhalen over Los Haitises met je delen, Geologie en ga over de mangrovesoorten met rond de baai van San Lorenzo.\u00a0<\/span><\/p>\n<p>&nbsp;<\/p>\n<p><span style=\"font-weight: 400;\">Als we op de eerste locatie aankomen, moet je je zwemkleding klaarmaken om op je kajak te gaan en met je gids naar de Cave of the Line te peddelen, de rest van het personeel wacht op je tot je klaar bent met het eerste deel van de activiteit.<\/span><\/p>\n<p>&nbsp;<\/p>\n<p><span style=\"font-weight: 400;\">Tijdens dit deel van je reis kun je rond de oude haven van Las Perlas gaan, een van de eerste bouwwerken die Europeanen in het gebied bouwden, rond 1866, en dit was verbonden met een spoorlijn die het vervoer voor de koffie, bananen en alles wat deze groep Europeanen verbouwde in wat nu Los Haitises is.\u00a0<\/span><\/p>\n<p>&nbsp;<\/p>\n<p><span style=\"font-weight: 400;\">In de grot die je gaat bezoeken zijn er meer dan 1200 pictogrammen geschilderd door de Tainos, dit was een manier om zichzelf uit te drukken, en vandaag vertellen deze kunstwerken ons verhalen waarvan we nooit dachten dat we ze tegenwoordig zouden vinden. Als je hier klaar bent, gaan we terug naar Playa de las Almejas voor snacks en zwemtijd.\u00a0<\/span><\/p>\n<p>&nbsp;<\/p>\n<p><span style=\"font-weight: 400;\">Na het zwemmen in het natuurlijke zwembad gaan we terug naar de belangrijkste haven in het Cano Hondo-gebied, dit is een tour van 5 uur die je de mogelijkheid geeft om het grootste deel van Sabana de la Mar en Los Haitises National Park te overzien, deze excursie eindigt in dezelfde plek als het begon.<\/span><\/p>\n<p>&nbsp;<\/p>\n<p><span style=\"font-weight: 400;\">Opmerking: deze tours zijn met Officials Ecologist-gidsen. Gelieve tijdig te reserveren want in het park zijn niet al te veel specialisten.<\/span><\/p>\n<p>&nbsp;<\/p>\n<h6><strong>Wat moet je meenemen?<\/strong><\/h6>\n<ul>\n<li style=\"font-weight: 400;\" aria-level=\"1\"><span style=\"font-weight: 400;\">Camera<\/span><\/li>\n<li style=\"font-weight: 400;\" aria-level=\"1\"><span style=\"font-weight: 400;\">Insectenspray\u00a0<\/span><\/li>\n<li style=\"font-weight: 400;\" aria-level=\"1\"><span style=\"font-weight: 400;\">Zonnecreme<\/span><\/li>\n<li style=\"font-weight: 400;\" aria-level=\"1\"><span style=\"font-weight: 400;\">Comfortabele broek<\/span><\/li>\n<li style=\"font-weight: 400;\" aria-level=\"1\"><span style=\"font-weight: 400;\">Loopschoenen<\/span><\/li>\n<li style=\"font-weight: 400;\" aria-level=\"1\"><span style=\"font-weight: 400;\">Regenjas\u00a0<\/span><\/li>\n<li style=\"font-weight: 400;\" aria-level=\"1\"><span style=\"font-weight: 400;\">Zwempak\u00a0<\/span><\/li>\n<li style=\"font-weight: 400;\" aria-level=\"1\"><span style=\"font-weight: 400;\">Handdoek\u00a0<\/span><\/li>\n<\/ul>\n<h4><b><i>Hotel ophalen <\/i><\/b><\/h4>\n<p><span style=\"font-weight: 400;\">Hotel pick-up wordt niet aangeboden voor deze tour. Alleen als u zich in het Cano Hondo Hotel of Hotels in de regio Sabana de la Mar bevindt.<\/span><\/p>\n<p><b>Opmerking:<\/b><span style=\"font-weight: 400;\"> Als u binnen 24 uur na de vertrektijd van de tour\/excursie boekt, kunnen we tegen extra kosten ophalen van het hotel regelen vanaf elke plaats in de Dominicaanse Republiek. Zodra uw aankoop is voltooid, sturen we u de volledige contactgegevens (telefoonnummer, e-mailadres, enz.) voor onze lokale gids om ophaalarrangementen te regelen.<\/span><\/p>\n<h4><b><i>Bevestiging aanvullende informatie <\/i><\/b><\/h4>\n<ol>\n<li>Tickets zijn het ontvangstbewijs na betaling van deze Tour. U kunt de betaling op uw telefoon laten zien.<\/li>\n<li style=\"font-weight: 400;\"><span style=\"font-weight: 400;\">Trefpunt Wordt ontvangen na het reserveringsproces.<\/span><\/li>\n<li style=\"font-weight: 400;\"><span style=\"font-weight: 400;\">Kinderen moeten worden begeleid door een volwassene.<\/span><\/li>\n<li style=\"font-weight: 400;\"><span style=\"font-weight: 400;\"> Niet rolstoeltoegankelijk <\/span><\/li>\n<li style=\"font-weight: 400;\"><span style=\"font-weight: 400;\">Baby&#039;s moeten op schoot zitten <\/span><\/li>\n<li style=\"font-weight: 400;\"><span style=\"font-weight: 400;\">Niet aanbevolen voor reizigers met rugklachten<\/span><\/li>\n<li style=\"font-weight: 400;\"><span style=\"font-weight: 400;\">Niet aanbevolen voor zwangere reizigers <\/span><\/li>\n<li style=\"font-weight: 400;\"><span style=\"font-weight: 400;\"> Geen hartproblemen of andere ernstige medische aandoeningen <\/span><\/li>\n<li style=\"font-weight: 400;\"><span style=\"font-weight: 400;\">De meeste reizigers kunnen deelnemen<\/span><\/li>\n<\/ol>\n<h4><b><i>Annuleringsvoorwaarden<\/i><\/b><\/h4>\n<p>Lees ons annuleringsbeleid voor een volledige terugbetaling\u00a0<a href=\"https:\/\/www.boattoursamana.com\/nl\/online-boeken\/\" target=\"_blank\" rel=\"noopener\" data-saferedirecturl=\"https:\/\/www.google.com\/url?q=https:\/\/www.boattoursamana.com\/online-booking\/&amp;source=gmail&amp;ust=1672449202351000&amp;usg=AOvVaw1yAeVAPktmaVCqDujgUn90\">Klik hier<\/a>. Het geld gaat verloren als de reservering op dezelfde dag van de reis wordt geannuleerd.<\/p>\n\n\t\t<\/div>\n\t<\/div>\n<\/div><\/div><\/div><\/div><div class=\"vc_row wpb_row vc_row-fluid\" ><div class=\"wpb_column vc_column_container vc_col-sm-12\"><div class=\"vc_column-inner\"><div class=\"wpb_wrapper\"><\/div><\/div><\/div><\/div><div class=\"vc_row wpb_row vc_row-fluid\" ><div class=\"wpb_column vc_column_container vc_col-sm-12\"><div class=\"vc_column-inner\"><div class=\"wpb_wrapper\"><\/div><\/div><\/div><\/div><div class=\"wpb_column vc_column_container vc_col-sm-12\"><div class=\"vc_column-inner\"><div class=\"wpb_wrapper\"><\/div><\/div><\/div><div class=\"vc_row wpb_row vc_row-fluid\" ><div class=\"wpb_column vc_column_container vc_col-sm-12\"><div class=\"vc_column-inner\"><div class=\"wpb_wrapper\">\n\t<div class=\"wpb_video_widget wpb_content_element vc_clearfix   vc_video-aspect-ratio-169 vc_video-el-width-100 vc_video-align-left\" >\n\t\t<div class=\"wpb_wrapper\">\n\t\t\t<h2 class=\"wpb_heading wpb_video_heading\">Kajaks Los Haitises<\/h2>\n\t\t\t<div class=\"wpb_video_wrapper\"><iframe loading=\"lazy\" title=\"Kajak- en speleologietocht in het Los Haitises National Park, Dominicaanse Republiek\" width=\"1100\" height=\"619\" src=\"https:\/\/www.youtube.com\/embed\/ucU1uwB57wQ?feature=oembed\" frameborder=\"0\" allow=\"accelerometer; autoplay; clipboard-write; encrypted-media; gyroscope; picture-in-picture; web-share\" allowfullscreen><\/iframe><\/div>\n\t\t<\/div>\n\t<\/div>\n<div class=\"vc_btn3-container vc_btn3-inline\" ><button class=\"vc_general vc_btn3 vc_btn3-size-md vc_btn3-shape-rounded vc_btn3-style-modern vc_btn3-color-green\">BOEK NU<\/button><\/div><\/div><\/div><\/div><\/div>","protected":false},"excerpt":{"rendered":"<div>Kajak + boottocht + grotten en strand om te zwemmen (alles in \u00e9\u00e9n). Los Haitises National Park met een lokale gids uit Sabana de la Mar. Bezoek aan het regenwoud, het kleine priv\u00e9strand, de kokosnoot-, koffie- en cacaogebieden. Leer meer over de oorspronkelijke geschiedenis van Los Haitises National Park.<\/div>\n<div><\/div>\n<div>Selecteer de datum voor de alles-in-\u00e9\u00e9n avontuurlijke reis:<\/div>","protected":false},"featured_media":13254,"template":"","meta":[],"product_cat":[456,946,928,934,862,254,255],"product_tag":[422,268,174,173,577,576,571,570,569,317,316,206,209,575,441,574,572,499,175,498,200,187,573],"class_list":["post-12607","product","type-product","status-publish","has-post-thumbnail","hentry","product_cat-day-trips","product_cat-1-sabana-de-la-mar","product_cat-boat-trip-los-haitises","product_cat-kayaking-los-haitises","product_cat-los-haitises-national-park","product_cat-tours-excursions-los-haitises-national-park","product_cat-tours-excursions-samana-bay-dominican-republic","product_tag-cano-hondo-sabana-de-la-mar","product_tag-caves-los-haitises","product_tag-eco-tours","product_tag-excursion","product_tag-hike-kayak","product_tag-hike-kayak-los-haitises-national-park","product_tag-hiking-los-haitises","product_tag-hiking-sabana-de-la-mar","product_tag-hiking-samana","product_tag-kayak-tour","product_tag-kayaking","product_tag-kayaking-los-haitises","product_tag-los-haitises-national-park","product_tag-los-haitises-national-park-entrance-fee","product_tag-los-haitises-national-park-tour-from-las-terrenas","product_tag-los-haitises-national-park-tour-from-santo-domingo","product_tag-los-haitises-national-park-weather","product_tag-los-haitises-sabana-de-la-mar","product_tag-sabana-de-la-mar","product_tag-sabana-de-la-mar-tour","product_tag-samana-excursions","product_tag-samana-tours","product_tag-secrets-of-los-haitises"],"_links":{"self":[{"href":"https:\/\/www.boattoursamana.com\/nl\/wp-json\/wp\/v2\/product\/12607","targetHints":{"allow":["GET"]}}],"collection":[{"href":"https:\/\/www.boattoursamana.com\/nl\/wp-json\/wp\/v2\/product"}],"about":[{"href":"https:\/\/www.boattoursamana.com\/nl\/wp-json\/wp\/v2\/types\/product"}],"wp:featuredmedia":[{"embeddable":true,"href":"https:\/\/www.boattoursamana.com\/nl\/wp-json\/wp\/v2\/media\/13254"}],"wp:attachment":[{"href":"https:\/\/www.boattoursamana.com\/nl\/wp-json\/wp\/v2\/media?parent=12607"}],"wp:term":[{"taxonomy":"product_cat","embeddable":true,"href":"https:\/\/www.boattoursamana.com\/nl\/wp-json\/wp\/v2\/product_cat?post=12607"},{"taxonomy":"product_tag","embeddable":true,"href":"https:\/\/www.boattoursamana.com\/nl\/wp-json\/wp\/v2\/product_tag?post=12607"}],"curies":[{"name":"wp","href":"https:\/\/api.w.org\/{rel}","templated":true}]}}