{"id":8852,"date":"2019-06-11T10:52:22","date_gmt":"2019-06-11T10:52:22","guid":{"rendered":"https:\/\/www.ticketswhales.com\/?post_type=product&#038;p=8852"},"modified":"2023-03-20T10:24:27","modified_gmt":"2023-03-20T10:24:27","slug":"los-haitises-national-park-tour-from-samana-port","status":"publish","type":"product","link":"https:\/\/www.boattoursamana.com\/nl\/tour\/los-haitises-national-park-tour-vanuit-samana-port-2","title":{"rendered":"Los Haitises National Park Tour vanuit de haven van Saman\u00e1"},"content":{"rendered":"<div class=\"vc_row wpb_row vc_row-fluid\" ><div class=\"wpb_column vc_column_container vc_col-sm-12\"><div class=\"vc_column-inner\"><div class=\"wpb_wrapper\"><div class=\"mkdf-section-title-holder\" style=\"text-align: left\">\n\t<div class=\"mkdf-st-inner\">\n\t\t\t\t\t<h5 class=\"mkdf-st-subtitle\" >\n\t\t\t\tNet Los Haitises Nationaal Park\t\t\t<\/h5>\n\t\t\t\t\t\t\t<h3 class=\"mkdf-st-title\" >\n\t\t\t\tLos Haitises National Park-boottocht\t\t\t<\/h3>\n\t\t\t\t\t<\/div>\n<\/div><\/div><\/div><\/div><\/div><div class=\"vc_row wpb_row vc_row-fluid\" ><div class=\"wpb_column vc_column_container vc_col-sm-12\"><div class=\"vc_column-inner\"><div class=\"wpb_wrapper\"><div class=\"vc_btn3-container vc_btn3-inline\" ><button class=\"vc_general vc_btn3 vc_btn3-size-md vc_btn3-shape-rounded vc_btn3-style-modern vc_btn3-color-green\">BOEK NU<\/button><\/div>\n\t<div class=\"wpb_text_column wpb_content_element\" >\n\t\t<div class=\"wpb_wrapper\">\n\t\t\t<h4><b><i>Overzicht <\/i><\/b><\/h4>\n<p>Bezoek het nationale park Los Haitises vanaf de haven van Saman\u00e1. Ga met ons mee en bezoek het mooiste nationale park van de Dominicaanse Republiek, bezoek mangroven, grotten en de baai van San Lorenzo en steek de prachtige Saman\u00e1-baai over. Dan terug naar de haven van Saman\u00e1.<\/p>\n<p>Na deze ervaring keert u terug naar de haven van Saman\u00e1.<\/p>\n<ul>\n<li style=\"font-weight: 400;\">Kosten inbegrepen<\/li>\n<li style=\"font-weight: 400;\"><span style=\"font-weight: 400;\">De gids geeft instructie en supervisie<\/span><\/li>\n<\/ul>\n<p>&nbsp;<\/p>\n<h4><b>In- en uitsluitingen<\/b><\/h4>\n<p>&nbsp;<\/p>\n<p><b>Insluitsels<\/b><\/p>\n<p>&nbsp;<\/p>\n<ol>\n<li style=\"font-weight: 400;\">Los Haitises Tour + grotten en pictogrammen<\/li>\n<li style=\"font-weight: 400;\"><span style=\"font-weight: 400;\">Alle belastingen, toeslagen en administratiekosten<\/span><\/li>\n<li style=\"font-weight: 400;\"><span style=\"font-weight: 400;\">Lokale belastingen<\/span><\/li>\n<li style=\"font-weight: 400;\"><span style=\"font-weight: 400;\">Dranken<\/span><\/li>\n<li style=\"font-weight: 400;\"><span style=\"font-weight: 400;\">Alle activiteiten<\/span><\/li>\n<li style=\"font-weight: 400;\"><span style=\"font-weight: 400;\">Lokale gids<\/span><\/li>\n<\/ol>\n<p><b> Uitsluitingen<\/b><\/p>\n<ol>\n<li style=\"font-weight: 400;\"><span style=\"font-weight: 400;\">Fooien<\/span><\/li>\n<li style=\"font-weight: 400;\"><span style=\"font-weight: 400;\">Overdracht<\/span><\/li>\n<li style=\"font-weight: 400;\"><span style=\"font-weight: 400;\">Alcoholische drankjes<\/span><\/li>\n<li>Lunch niet inbegrepen, voor de lunch is het kiezen van een van deze reizen inbegrepen:\u00a0 <a href=\"https:\/\/www.boattoursamana.com\/nl\/tour\/los-haitises-national-park-tour-vanuit-samana-port-2\/\">Los Haitises + Cayo Levantado<\/a> van de haven van Saman\u00e1 of<a href=\"https:\/\/www.boattoursamana.com\/nl\/tour\/los-haitises-national-park-lunch-bij-cano-hondo-from-samana-port-2\/\"><em><strong> Los Haitises + Cano Hondo vanuit de haven van Samana.<\/strong><\/em><\/a><\/li>\n<\/ol>\n<p>&nbsp;<\/p>\n<h4><em><strong>Vertrek &amp; Terugkeer<\/strong><\/em><\/h4>\n<p><span style=\"font-weight: 400;\">De reiziger krijgt een ontmoetingsplaats na het Reserveringsproces. Tours beginnen en eindigen in onze ontmoetingspunten.<\/span><\/p>\n<p>&nbsp;<\/p>\n<h4><b><i>Wat te verwachten?<\/i><\/b><\/h4>\n<p>&nbsp;<\/p>\n<p><em><strong>Haal je kaartjes<\/strong><\/em> voor een bezoek aan Los Haitises National Park met een heerlijke lunch bij Ca\u00f1o Hondo en Swimming at the Natural Springs.<\/p>\n<p>Beginnend vanuit de haven van Saman\u00e1 aan boord van een boot of catamaran met een lokale gids, passeren we de baai van Saman\u00e1 naar de kant van Sabana de la Mar om een van de mooiste nationale parken van de Dominicaanse Republiek te bezoeken. <em><strong>Het nationale park van Haitises<\/strong><\/em>.<\/p>\n<p>Eiland bezoeken met vogels in de buurt. In het broedseizoen kunnen we zelfs de kuikens van de pelikanen op de nesten zien. Krijg meer binnenkant van het rotsachtige eiland en bezoek de grotten met pictogrammen en petrografie\u00ebn van de inheemse bevolking.<\/p>\n<p>De tour, georganiseerd door &quot;Booking Adventures&quot;, begint op het ontmoetingspunt dat is ingesteld met de Tour Guide. Kom met Booking Adventures en begin met het bekijken van enkele met vogels gevulde mangroven, glooiende heuvels met weelderige vegetatie en grotten van <em><strong>Los Haitises Nationaal Park<\/strong><\/em>.<\/p>\n<p>Door de mangroven en land aan de open baai van San Lorenzo, van waaruit je het ruige boslandschap kunt fotograferen. Kijk naar het water om te spotten <em><strong>Zeekoeien<\/strong><\/em>, schaaldieren en <em><strong>dolfijnen.<\/strong><\/em><\/p>\n<div class=\"body-description secondary\">\n<p>De naam van het nationale park komt van de oorspronkelijke bewoners, de Taino-indianen. In hun taal vertaalt &quot;Haitises&quot; zich naar hooglanden of heuvels, een verwijzing naar de steile geologische formaties van de kustlijn met kalksteen. Ga dieper het park in om grotten te verkennen, zoals de <em><strong>Cueva de la Arena<\/strong><\/em> en <strong><em>Cueva de la Linea.<\/em><\/strong> Grotten in het reservaat werden gebruikt als schuilplaats door de Taino-indianen en later door piraten te verbergen. Zoek naar tekeningen van indianen die sommige muren sieren. Na een bezoek aan Los Haitises National Park gaan we terug naar de haven van Saman\u00e1, langs de baai van Saman\u00e1, 30 minuten.<\/p>\n<\/div>\n<p>Als je deze reis langer leuk vindt, hebben we deze opties:<\/p>\n<ol>\n<li><a href=\"https:\/\/www.boattoursamana.com\/nl\/tour\/los-haitises-national-park-tour-vanuit-samana-port-2\/\">Los Haitises + Cayo Levantado vanuit de haven van Samana.<\/a><\/li>\n<li><a href=\"https:\/\/www.boattoursamana.com\/nl\/tour\/los-haitises-national-park-lunch-bij-cano-hondo-from-samana-port-2\/\">Los Haitises + Cano Hondo vanuit de haven van Samana.<\/a><\/li>\n<\/ol>\n<p>&nbsp;<\/p>\n<h4><em><strong>Wat moet je meenemen?<\/strong><\/em><\/h4>\n<ul>\n<li style=\"font-weight: 400;\"><span style=\"font-weight: 400;\">Camera<\/span><\/li>\n<li style=\"font-weight: 400;\"><span style=\"font-weight: 400;\">Afstotende toppen<\/span><\/li>\n<li style=\"font-weight: 400;\"><span style=\"font-weight: 400;\">zonnecreme<\/span><\/li>\n<li style=\"font-weight: 400;\"><span style=\"font-weight: 400;\">Hoed<\/span><\/li>\n<li style=\"font-weight: 400;\"><span style=\"font-weight: 400;\">Comfortabele broek<\/span><\/li>\n<li style=\"font-weight: 400;\"><span style=\"font-weight: 400;\">Wandelschoenen voor in het bos<\/span><\/li>\n<li style=\"font-weight: 400;\"><span style=\"font-weight: 400;\">Sandalen naar de lentegebieden.<\/span><\/li>\n<li style=\"font-weight: 400;\"><span style=\"font-weight: 400;\">Zwemkleding<\/span><\/li>\n<\/ul>\n<p>&nbsp;<\/p>\n<h4><b><i>Hotel ophalen <\/i><\/b><\/h4>\n<p><span style=\"font-weight: 400;\">Hotel pick-up wordt niet aangeboden voor deze tour. <\/span><\/p>\n<p>&nbsp;<\/p>\n<p><b>Opmerking:<\/b><span style=\"font-weight: 400;\"> Als u binnen 24 uur na de vertrektijd van de tour\/excursie boekt, kunnen we tegen extra kosten het ophalen van het hotel regelen. Zodra uw aankoop is voltooid, sturen we u de volledige contactgegevens (telefoonnummer, e-mailadres, enz.) voor onze lokale gids om ophaalarrangementen te regelen.<\/span><\/p>\n<h4><b><i>Bevestiging aanvullende informatie <\/i><\/b><\/h4>\n<ol>\n<li>Tickets zijn het ontvangstbewijs na betaling van deze Tour. U kunt de betaling op uw telefoon laten zien.<\/li>\n<li style=\"font-weight: 400;\"><span style=\"font-weight: 400;\">Trefpunt Wordt ontvangen na het reserveringsproces.<\/span><\/li>\n<li style=\"font-weight: 400;\"><span style=\"font-weight: 400;\">Kinderen moeten worden begeleid door een volwassene.<\/span><\/li>\n<li style=\"font-weight: 400;\"><span style=\"font-weight: 400;\"> Niet rolstoeltoegankelijk <\/span><\/li>\n<li style=\"font-weight: 400;\"><span style=\"font-weight: 400;\">Baby&#039;s moeten op schoot zitten <\/span><\/li>\n<li style=\"font-weight: 400;\"><span style=\"font-weight: 400;\">Niet aanbevolen voor reizigers met rugklachten<\/span><\/li>\n<li style=\"font-weight: 400;\"><span style=\"font-weight: 400;\">Niet aanbevolen voor zwangere reizigers <\/span><\/li>\n<li style=\"font-weight: 400;\"><span style=\"font-weight: 400;\"> Geen hartproblemen of andere ernstige medische aandoeningen <\/span><\/li>\n<li style=\"font-weight: 400;\"><span style=\"font-weight: 400;\">De meeste reizigers kunnen deelnemen<\/span><\/li>\n<\/ol>\n<h4><b><i>Annuleringsvoorwaarden<\/i><\/b><\/h4>\n<p>Lees ons annuleringsbeleid voor een volledige terugbetaling\u00a0<a href=\"https:\/\/www.boattoursamana.com\/nl\/online-boeken\/\" target=\"_blank\" rel=\"noopener\" data-saferedirecturl=\"https:\/\/www.google.com\/url?q=https:\/\/www.boattoursamana.com\/online-booking\/&amp;source=gmail&amp;ust=1672529771100000&amp;usg=AOvVaw2NIGJBZ0qjB5RhPUl5Obc7\">Klik hier<\/a>. Het geld gaat verloren als de reservering op dezelfde dag van de reis wordt geannuleerd.<\/p>\n\n\t\t<\/div>\n\t<\/div>\n<\/div><\/div><\/div><\/div><div class=\"vc_row wpb_row vc_row-fluid\" ><\/div><div class=\"wpb_column vc_column_container vc_col-sm-12\"><div class=\"vc_column-inner\"><div class=\"wpb_wrapper\"><\/div><\/div><\/div><div class=\"vc_empty_space\"   style=\"height: 32px\"><span class=\"vc_empty_space_inner\"><\/span><\/div><div class=\"vc_empty_space\"   style=\"height: 32px\"><span class=\"vc_empty_space_inner\"><\/span><\/div><div class=\"vc_row wpb_row vc_row-fluid\" ><div class=\"wpb_column vc_column_container vc_col-sm-12\"><div class=\"vc_column-inner\"><div class=\"wpb_wrapper\"><div class=\"vc_btn3-container vc_btn3-inline\" ><button class=\"vc_general vc_btn3 vc_btn3-size-md vc_btn3-shape-rounded vc_btn3-style-modern vc_btn3-color-green\">BOEK NU<\/button><\/div><\/div><\/div><\/div><\/div>","protected":false},"excerpt":{"rendered":"<p><span style=\"vertical-align: inherit;\"><span style=\"vertical-align: inherit;\">Viaje ecol\u00f3gico al Parque Nacional Los Haitises con un gu\u00eda tur\u00edstico local. <\/span><span style=\"vertical-align: inherit;\">Bezoek de Cayos in het Nationaal Park Los Haitises, Manglares, Vegetaci\u00f3n, Observaci\u00f3n de Aves, Cuevas, Pictogrammen en historische gebieden van Sabana de la Mar in het Nationaal Park Los Haitises.<\/span><\/span><\/p>\n<p>&nbsp;<\/p>\n<p><em><strong><span style=\"vertical-align: inherit;\"><span style=\"vertical-align: inherit;\">Selecteer de prijs voor de tour\u00a0<\/span><\/span><\/strong><\/em><\/p>","protected":false},"featured_media":12744,"template":"","meta":[],"product_cat":[170,655,928,168,159,169],"product_tag":[171,209,186,199,200,187],"class_list":["post-8852","product","type-product","status-publish","has-post-thumbnail","hentry","product_cat-local-tour-guides","product_cat-1-samana","product_cat-boat-trip-los-haitises","product_cat-caves","product_cat-fees-entrace","product_cat-mangroves","product_tag-los-haitises","product_tag-los-haitises-national-park","product_tag-samana","product_tag-samana-bay","product_tag-samana-excursions","product_tag-samana-tours"],"_links":{"self":[{"href":"https:\/\/www.boattoursamana.com\/nl\/wp-json\/wp\/v2\/product\/8852","targetHints":{"allow":["GET"]}}],"collection":[{"href":"https:\/\/www.boattoursamana.com\/nl\/wp-json\/wp\/v2\/product"}],"about":[{"href":"https:\/\/www.boattoursamana.com\/nl\/wp-json\/wp\/v2\/types\/product"}],"wp:featuredmedia":[{"embeddable":true,"href":"https:\/\/www.boattoursamana.com\/nl\/wp-json\/wp\/v2\/media\/12744"}],"wp:attachment":[{"href":"https:\/\/www.boattoursamana.com\/nl\/wp-json\/wp\/v2\/media?parent=8852"}],"wp:term":[{"taxonomy":"product_cat","embeddable":true,"href":"https:\/\/www.boattoursamana.com\/nl\/wp-json\/wp\/v2\/product_cat?post=8852"},{"taxonomy":"product_tag","embeddable":true,"href":"https:\/\/www.boattoursamana.com\/nl\/wp-json\/wp\/v2\/product_tag?post=8852"}],"curies":[{"name":"wp","href":"https:\/\/api.w.org\/{rel}","templated":true}]}}