{"id":9919,"date":"2020-03-29T08:08:03","date_gmt":"2020-03-29T08:08:03","guid":{"rendered":"https:\/\/www.ticketswhales.com\/Tours-Excursions\/uncategorized\/import-placeholder-for-9972\/"},"modified":"2023-11-10T16:19:38","modified_gmt":"2023-11-10T16:19:38","slug":"los-haitises-national-park-tour-from-las-terrenas-samana-half-day-trip-lunch-at-cano-hondo","status":"publish","type":"product","link":"https:\/\/www.boattoursamana.com\/nl\/tour\/los-haitises-national-park-tour-van-las-terrenas-samana-halve-dagtrip-lunch-bij-cano-hondo-2","title":{"rendered":"Los Haitises National Park-tour vanuit Las Terrenas, Saman\u00e1. Halve dagtocht. Lunch bij Ca\u00f1o Hondo."},"content":{"rendered":"<div class=\"vc_row wpb_row vc_row-fluid\" ><div class=\"wpb_column vc_column_container vc_col-sm-12\"><div class=\"vc_column-inner\"><div class=\"wpb_wrapper\"><div class=\"vc_btn3-container vc_btn3-inline\" ><button class=\"vc_general vc_btn3 vc_btn3-size-md vc_btn3-shape-rounded vc_btn3-style-modern vc_btn3-color-green\">BOEK NU<\/button><\/div><div class=\"mkdf-section-title-holder\" style=\"text-align: left\">\n\t<div class=\"mkdf-st-inner\">\n\t\t\t\t\t<h5 class=\"mkdf-st-subtitle\" >\n\t\t\t\tVervoer en lunch inbegrepen\t\t\t<\/h5>\n\t\t\t\t\t\t\t<h3 class=\"mkdf-st-title\" >\n\t\t\t\tLos Haitises National Park-tour vanuit Las Terrenas de Samana. Halve dagtocht.\t\t\t<\/h3>\n\t\t\t\t\t<\/div>\n<\/div>\n\t<div class=\"wpb_text_column wpb_content_element\" >\n\t\t<div class=\"wpb_wrapper\">\n\t\t\t<h3>Los Haitises National Park-tour vanuit Las Terrenas de Samana. Halve dagtocht.<\/h3>\n<h4><b><i>Overzicht<\/i><\/b><\/h4>\n<p>Los Haitises National Park-tour vanuit Las Terrenas de Samana. Halve dagtocht. Vertrekkend vanuit je hotel in Las Terrenas in Samana. We rijden naar Sanchez Comunity waar de boot over de Samana-baai zal worden gebracht. Een bezoek aan Rio Naranjo, langs Fishing Community in Los Haitises National Park, 3 Caves, Boca Tiburon cave, Birding Key Island plus Mangroves in Saman\u00e1 Bay.<\/p>\n<p>Na deze ervaring ga je terug naar Las Terrenas Community waar we je ophalen.<\/p>\n<ul>\n<li>Kosten inbegrepen<\/li>\n<li>Lunch<\/li>\n<li>Snacks<\/li>\n<li>Lokale gids in het Engels of Frans<\/li>\n<li>Vervoer<\/li>\n<li>Boottocht<\/li>\n<\/ul>\n<p>&nbsp;<\/p>\n<h4><b>In- en uitsluitingen<\/b><\/h4>\n<p>&nbsp;<\/p>\n<p><b>Insluitsels<\/b><\/p>\n<ol>\n<li>Los Haitises Tour + grotten en pictogrammen<\/li>\n<li>Lunch<\/li>\n<li>Alle belastingen, toeslagen en administratiekosten<\/li>\n<li>Lokale belastingen<\/li>\n<li>Dranken<\/li>\n<li>Snacks<\/li>\n<li>Alle activiteiten<\/li>\n<li>Lokale gids<\/li>\n<\/ol>\n<p><b>Uitsluitingen<\/b><\/p>\n<ol>\n<li>Fooien<\/li>\n<li>Alcoholische drankjes<\/li>\n<\/ol>\n<p>&nbsp;<\/p>\n<h4><em><strong>Vertrek &amp; Terugkeer<\/strong><\/em><\/h4>\n<p>De reiziger krijgt een ontmoetingsplaats na het Reserveringsproces. Tours beginnen en eindigen in uw ontmoetingspunten.<\/p>\n<p>&nbsp;<\/p>\n<h4><\/h4>\n<h4><\/h4>\n<h4><\/h4>\n<h4><\/h4>\n<h3>Nationaal park Los Haitises vanuit Las Terrenas<\/h3>\n<h4><b><i>Wat te verwachten?<\/i><\/b><\/h4>\n<p><em><strong>Haal je kaartjes<\/strong><\/em>\u00a0voor een bezoek aan Los Haitises National Park Tour vanuit Las Terrenas de Samana. Halve dagtocht. Beginnend vanuit Las Terrenas, Saman\u00e1 met vervoer naar de haven voor aan boord van een boot met een lokale gids, passeren we de baai van Saman\u00e1 naar Los Haitises, aan de kant van Sabana de la Mar om een van de mooiste nationale parken van de Dominicaanse Republiek te bezoeken.\u00a0<strong>Los<em>\u00a0Nationaal park Haitises<\/em>.<\/strong><\/p>\n<p>De tour, georganiseerd door &quot;Booking Adventures&quot;, begint op het ontmoetingspunt dat is afgesproken met de gids. Kom met Booking Adventures en begin met het bekijken van enkele met vogels gevulde mangroven, glooiende heuvels met weelderige vegetatie en grotten\u00a0<em><strong>Los Haitises Nationaal Park<\/strong><\/em>. Eiland bezoeken met vogels in de buurt. In het broedseizoen kunnen we zelfs de Pelecanos-kuikens op de nesten zien. De Rocky Islands beter leren kennen en de grotten bezoeken met pictogrammen en petrografie\u00ebn van de inheemse bevolking.<\/p>\n<p>Door de mangroven en land aan de open baai van San Lorenzo, Sabana de la Mar van waaruit je het ruige boslandschap kunt fotograferen. Kijk naar het water om te spotten\u00a0<em><strong>Zeekoeien<\/strong><\/em>, schaaldieren en\u00a0<em><strong>dolfijnen.<\/strong><\/em><\/p>\n<div class=\"body-description secondary\">\n<p>De naam van het nationale park komt van de oorspronkelijke bewoners, de Taino-indianen. In hun taal vertaalt &quot;Haitises&quot; zich naar hooglanden of heuvels, een verwijzing naar de steile geologische formaties van de kustlijn met kalksteen. Ga dieper het park in om grotten te verkennen, zoals de Cueva San Gabriel,\u00a0<em><strong>Cueva de la Arena,\u00a0<\/strong><\/em>en\u00a0<strong><em>Cueva de la Linea.<\/em><\/strong><\/p>\n<p>Deze grotten in het reservaat werden gebruikt als schuilplaats door de Taino-indianen en later door piraten te verbergen. Zoek naar tekeningen van indianen die sommige muren sieren. Na een bezoek aan Los Haitises National Park gaan we terug naar Sanchez, Saman\u00e1.<\/p>\n<p>De baai van Saman\u00e1 passeren 30 min. We zullen een typische lunch hebben. Als je veganist bent, geen zorgen, we hebben ook eten voor je!<\/p>\n<p>Na de lunch gaan we terug naar Las Terrenas!!<\/p>\n<\/div>\n<p>Als u deze reis langer of korter wilt, hebben we deze opties:<\/p>\n<ol>\n<li><a href=\"https:\/\/www.boattoursamana.com\/nl\/tour\/the-haitises-national-park-tour-from-samana-port\/\" target=\"_blank\" rel=\"noopener\">Gewoon Los Haitises vanuit de haven van Saman\u00e1.<\/a><\/li>\n<li><a href=\"https:\/\/www.boattoursamana.com\/nl\/tour\/los-haitises-national-park-lunch-bij-cano-hondo-from-samana-port-2\/\" target=\"_blank\" rel=\"noopener\">Los Haitises + Ca\u00f1o Hondo vanuit de haven van Saman\u00e1.<\/a><\/li>\n<\/ol>\n<p>&nbsp;<\/p>\n<h4><em><strong>Wat moet je meenemen?<\/strong><\/em><\/h4>\n<ul>\n<li>Camera<\/li>\n<li>Afstotende toppen<\/li>\n<li>Zonnecreme<\/li>\n<li>Hoed<\/li>\n<li>Comfortabele broek<\/li>\n<li>Wandelschoenen voor in het bos<\/li>\n<li>Sandalen naar de lentegebieden.<\/li>\n<li>Zwemkleding<\/li>\n<\/ul>\n<p>&nbsp;<\/p>\n<h4><b><i>Hotel ophalen<\/i><\/b><\/h4>\n<p>Hotel pick-up wordt niet aangeboden voor deze tour.<\/p>\n<p>&nbsp;<\/p>\n<p><b>Opmerking:<\/b>\u00a0Als u binnen 24 uur na de vertrektijd van de tour\/excursie boekt, kunnen we tegen extra kosten het ophalen van het hotel regelen. Zodra uw aankoop is voltooid, sturen we u de volledige contactgegevens (telefoonnummer, e-mailadres, enz.) voor onze lokale gids om ophaalarrangementen te regelen.<\/p>\n<h4><b><i>Bevestiging aanvullende informatie<\/i><\/b><\/h4>\n<ol>\n<li>Tickets zijn het ontvangstbewijs na betaling van deze Tour. U kunt de betaling op uw telefoon laten zien.<\/li>\n<li>Trefpunt Wordt ontvangen na het reserveringsproces.<\/li>\n<li>Kinderen moeten worden begeleid door een volwassene.<\/li>\n<li>Niet rolstoeltoegankelijk<\/li>\n<li>Baby&#039;s moeten op schoot zitten<\/li>\n<li>Niet aanbevolen voor reizigers met rugklachten<\/li>\n<li>Niet aanbevolen voor zwangere reizigers<\/li>\n<li>Geen hartproblemen of andere ernstige medische aandoeningen<\/li>\n<li>De meeste reizigers kunnen deelnemen<\/li>\n<\/ol>\n<h4><b><i>Annuleringsvoorwaarden<\/i><\/b><\/h4>\n<p>Voor een volledige terugbetaling dien je minimaal 24 uur v\u00f3\u00f3r de startdatum van de ervaring te annuleren. Het geld gaat verloren als de reservering dezelfde dag van de reis wordt geannuleerd.<\/p>\n\n\t\t<\/div>\n\t<\/div>\n<div class=\"vc_empty_space\"   style=\"height: 32px\"><span class=\"vc_empty_space_inner\"><\/span><\/div>\n\t<div class=\"wpb_video_widget wpb_content_element vc_clearfix   vc_video-aspect-ratio-169 vc_video-el-width-100 vc_video-align-left\" >\n\t\t<div class=\"wpb_wrapper\">\n\t\t\t<h2 class=\"wpb_heading wpb_video_heading\">Los Haitises uit Las Terrenas<\/h2>\n\t\t\t<div class=\"wpb_video_wrapper\"><iframe loading=\"lazy\" title=\"Nationaal park Los Haitises, rondleidingen en excursies vanuit Samana of Sabana de la Mar. Boek hier:\" src=\"https:\/\/player.vimeo.com\/video\/346508015?dnt=1&amp;app_id=122963\" width=\"1100\" height=\"619\" frameborder=\"0\" allow=\"autoplay; fullscreen\" allowfullscreen><\/iframe><\/div>\n\t\t<\/div>\n\t<\/div>\n<div class=\"vc_empty_space\"   style=\"height: 32px\"><span class=\"vc_empty_space_inner\"><\/span><\/div><\/div><\/div><\/div><\/div><div class=\"wpb_column vc_column_container vc_col-sm-12\"><div class=\"vc_column-inner\"><div class=\"wpb_wrapper\"><\/div><\/div><\/div><div class=\"wpb_column vc_column_container vc_col-sm-12\"><div class=\"vc_column-inner\"><div class=\"wpb_wrapper\"><\/div><\/div><\/div><div class=\"wpb_column vc_column_container vc_col-sm-12\"><div class=\"vc_column-inner\"><div class=\"wpb_wrapper\"><\/div><\/div><\/div>","protected":false},"excerpt":{"rendered":"<p>Deze excursie van Las Terrenas naar Los Haitises National Park is inclusief lunch en vervoer voor een bezoek aan de 3 belangrijkste grotten, een verkenning van 2 verschillende mangroven en natuurlijk vissen en vogels spotten.<\/p>\n<p><span style=\"vertical-align: inherit;\"><span style=\"vertical-align: inherit;\">Viaje ecol\u00f3gico al Parque Nacional Los Haitises con un gu\u00eda tur\u00edstico local. <\/span><span style=\"vertical-align: inherit;\">Bezoek de Cayos in het Nationaal Park Los Haitises, Manglares, Vegetaci\u00f3n, Observaci\u00f3n de Aves, Cuevas, Pictogrammen en historische gebieden van Sabana de la Mar in het Nationaal Park Los Haitises.<\/span><\/span><\/p>\n<p>&nbsp;<\/p>\n<p><strong><span style=\"vertical-align: inherit;\"><span style=\"vertical-align: inherit;\">Selecteer de prijs voor de Tour:\u00a0<\/span><\/span><\/strong><\/p>","protected":false},"featured_media":8201,"template":"","meta":[],"product_cat":[255,655,928,933,253],"product_tag":[684,268,267,685,521,171,209,212,269],"class_list":["post-9919","product","type-product","status-publish","has-post-thumbnail","hentry","product_cat-tours-excursions-samana-bay-dominican-republic","product_cat-1-samana","product_cat-boat-trip-los-haitises","product_cat-natural-pools-los-haitises","product_cat-tours-and-excursions","product_tag-cano-hondo-lunch","product_tag-caves-los-haitises","product_tag-las-terrenas","product_tag-las-terrenas-los-haitises","product_tag-las-terrenas-tours","product_tag-los-haitises","product_tag-los-haitises-national-park","product_tag-mangroves-los-haitises","product_tag-transportation-los-haitises"],"_links":{"self":[{"href":"https:\/\/www.boattoursamana.com\/nl\/wp-json\/wp\/v2\/product\/9919","targetHints":{"allow":["GET"]}}],"collection":[{"href":"https:\/\/www.boattoursamana.com\/nl\/wp-json\/wp\/v2\/product"}],"about":[{"href":"https:\/\/www.boattoursamana.com\/nl\/wp-json\/wp\/v2\/types\/product"}],"wp:featuredmedia":[{"embeddable":true,"href":"https:\/\/www.boattoursamana.com\/nl\/wp-json\/wp\/v2\/media\/8201"}],"wp:attachment":[{"href":"https:\/\/www.boattoursamana.com\/nl\/wp-json\/wp\/v2\/media?parent=9919"}],"wp:term":[{"taxonomy":"product_cat","embeddable":true,"href":"https:\/\/www.boattoursamana.com\/nl\/wp-json\/wp\/v2\/product_cat?post=9919"},{"taxonomy":"product_tag","embeddable":true,"href":"https:\/\/www.boattoursamana.com\/nl\/wp-json\/wp\/v2\/product_tag?post=9919"}],"curies":[{"name":"wp","href":"https:\/\/api.w.org\/{rel}","templated":true}]}}