{"id":15749,"date":"2023-07-15T07:42:45","date_gmt":"2023-07-15T07:42:45","guid":{"rendered":"https:\/\/www.ticketswhales.com\/los-haitises-national-park-tour-from-las-terrenas-samana-half-day-trip\/"},"modified":"2023-07-15T07:42:45","modified_gmt":"2023-07-15T07:42:45","slug":"los-haitises-national-park-tour-from-las-terrenas-samana-half-day-trip","status":"publish","type":"page","link":"https:\/\/www.boattoursamana.com\/pa\/los-haitises-national-park-tour-from-las-terrenas-samana-half-day-trip","title":{"rendered":"\u0a32\u0a3e\u0a38 \u0a1f\u0a47\u0a30\u0a47\u0a28\u0a38, \u0a38\u0a2e\u0a3e\u0a28\u0a3e \u0a24\u0a4b\u0a02 \u0a32\u0a3e\u0a38 \u0a39\u0a48\u0a1f\u0a3f\u0a38 \u0a28\u0a48\u0a38\u0a3c\u0a28\u0a32 \u0a2a\u0a3e\u0a30\u0a15 \u0a1f\u0a42\u0a30\u0964 \u0a05\u0a71\u0a27\u0a47 \u0a26\u0a3f\u0a28 \u0a26\u0a40 \u0a2f\u0a3e\u0a24\u0a30\u0a3e."},"content":{"rendered":"<p><span style=\"vertical-align: inherit;\"><span style=\"vertical-align: inherit;\">Esta excursi\u00f3n desde Las Terrenas al Parque Nacional Los Haitises incluye Almuerzo y Transporte para una visita a las 3 cuevas principales, una exploraci\u00f3n de 2 manglares diferentes y por supuesto la observaci\u00f3n de aves para pescar.<\/span><\/span><br \/>\nn<br \/>\nn<span style=\"vertical-align: inherit;\"><span style=\"vertical-align: inherit;\">Viaje ecol\u00f3gico al Parque Nacional Los Haitises con un gu\u00eda tur\u00edstico local. <\/span><span style=\"vertical-align: inherit;\">Visitando los Cayos en el Parque Nacional Los Haitises, Manglares, Vegetaci\u00f3n, Observaci\u00f3n de aves, Cuevas, Pictogramas y las \u00e1reas hist\u00f3ricas de Sabana de la Mar en el Parque Nacional Los Haitises.<\/span><\/span><br \/>\nn<br \/>\nn&nbsp;<br \/>\nn<br \/>\nn<strong><span style=\"vertical-align: inherit;\"><span style=\"vertical-align: inherit;\">\u0a1a\u0a4b\u0a23 \u0a15\u0a30\u0a4b \u0a32\u0a3e \u0a2b\u0a47\u0a1a\u0a3e \u0a2a\u0a48\u0a30\u0a3e \u0a0f\u0a32 \u0a1f\u0a42\u0a30:\u00a0<\/span><\/span><\/strong><\/p>\n<p>&nbsp;<\/p>\n<div class=\"vc_row wpb_row vc_row-fluid\" ><div class=\"wpb_column vc_column_container vc_col-sm-12\"><div class=\"vc_column-inner\"><div class=\"wpb_wrapper\"><div class=\"mkdf-section-title-holder\" style=\"text-align: left\">\n\t<div class=\"mkdf-st-inner\">\n\t\t\t\t\t<h5 class=\"mkdf-st-subtitle\" >\n\t\t\t\t\u0a06\u0a35\u0a3e\u0a1c\u0a3e\u0a08 \u0a05\u0a24\u0a47 \u0a26\u0a41\u0a2a\u0a39\u0a3f\u0a30 \u0a26\u0a3e \u0a16\u0a3e\u0a23\u0a3e \u0a38\u0a3c\u0a3e\u0a2e\u0a32 \u0a39\u0a48\t\t\t<\/h5>\n\t\t\t\t\t\t\t<h3 class=\"mkdf-st-title\" >\n\t\t\t\tLos Haitises National Park Tour from Las Terrenas de Samana. Half Day Trip.\t\t\t<\/h3>\n\t\t\t\t\t<\/div>\n<\/div><\/div><\/div><\/div><\/div><div class=\"vc_row wpb_row vc_row-fluid\" ><div class=\"wpb_column vc_column_container vc_col-sm-12\"><div class=\"vc_column-inner\"><div class=\"wpb_wrapper\"><div class=\"vc_btn3-container vc_btn3-inline\" ><button class=\"vc_general vc_btn3 vc_btn3-size-md vc_btn3-shape-rounded vc_btn3-style-modern vc_btn3-color-green\">\u0a39\u0a41\u0a23\u0a47 \u0a2c\u0a41\u0a71\u0a15 \u0a15\u0a30\u0a4b<\/button><\/div>\n\t<div class=\"wpb_text_column wpb_content_element\" >\n\t\t<div class=\"wpb_wrapper\">\n\t\t\t<p>\nn<\/p>\n<h3><\/h3>\n<p>n<\/p>\n<h4><b><i>\u0a38\u0a70\u0a16\u0a47\u0a2a \u0a1c\u0a3e\u0a23\u0a15\u0a3e\u0a30\u0a40 <\/i><\/b><\/h4>\n<p>nLos Haitises National Park Tour from Las Terrenas de Samana. Half Day Trip. Starting from your hotel at Las Terrenas in Samana. We will drive to Sanchez Comunity where the Boat will be taken across Samana Bay. Visiting Rio Naranjo, passing by Fishing Community into Los Haitises National Park, 3 Caves, Boca Tiburon cave, Birding Key Island plus Mangroves in Saman\u00e1 Bay.<br \/>\nn<br \/>\nnAfter this experience, you will get Back to Las Terrenas Community from where we pick you up.<br \/>\nn<\/p>\n<ul>\nn \t<\/p>\n<li style=\"font-weight: 400;\">\u0a2b\u0a40\u0a38\u0a3e\u0a02 \u0a38\u0a3c\u0a3e\u0a2e\u0a32 \u0a39\u0a28<\/li>\n<p>n \t<\/p>\n<li>\u0a26\u0a41\u0a2a\u0a39\u0a3f\u0a30 \u0a26\u0a3e \u0a16\u0a3e\u0a23\u0a3e<\/li>\n<p>n \t<\/p>\n<li>\u0a38\u0a28\u0a48\u0a15\u0a38<\/li>\n<p>n \t<\/p>\n<li style=\"font-weight: 400;\">\u0a05\u0a70\u0a17\u0a30\u0a47\u0a1c\u0a3c\u0a40 \u0a1c\u0a3e\u0a02 \u0a2b\u0a4d\u0a30\u0a48\u0a02\u0a1a \u0a35\u0a3f\u0a71\u0a1a \u0a38\u0a25\u0a3e\u0a28\u0a15 \u0a1f\u0a42\u0a30 \u0a17\u0a3e\u0a08\u0a21<\/li>\n<p>n \t<\/p>\n<li>\u0a06\u0a35\u0a3e\u0a1c\u0a3e\u0a08<\/li>\n<p>n \t<\/p>\n<li>\u0a15\u0a3f\u0a38\u0a3c\u0a24\u0a40 \u0a26\u0a40 \u0a2f\u0a3e\u0a24\u0a30\u0a3e<\/li>\n<p>n<\/ul>\n<p>n&nbsp;<br \/>\nn<\/p>\n<h4><b>\u0a38\u0a2e\u0a3e\u0a35\u0a47\u0a38\u0a3c \u0a05\u0a24\u0a47 \u0a05\u0a32\u0a39\u0a3f\u0a26\u0a17\u0a40<\/b><\/h4>\n<p>n&nbsp;<br \/>\nn<br \/>\nn<b>\u0a38\u0a2e\u0a3e\u0a35\u0a47\u0a38\u0a3c<\/b><br \/>\nn<\/p>\n<ol>\nn \t<\/p>\n<li style=\"font-weight: 400;\">\u0a32\u0a3e\u0a38 \u0a39\u0a48\u0a1f\u0a3f\u0a38 \u0a1f\u0a42\u0a30 + \u0a17\u0a41\u0a2b\u0a3e\u0a35\u0a3e\u0a02 \u0a05\u0a24\u0a47 \u0a24\u0a38\u0a35\u0a40\u0a30\u0a3e\u0a02<\/li>\n<p>n \t<\/p>\n<li>\u0a26\u0a41\u0a2a\u0a39\u0a3f\u0a30 \u0a26\u0a3e \u0a16\u0a3e\u0a23\u0a3e<\/li>\n<p>n \t<\/p>\n<li style=\"font-weight: 400;\"><span style=\"font-weight: 400;\">\u0a38\u0a3e\u0a30\u0a47 \u0a1f\u0a48\u0a15\u0a38, \u0a2b\u0a40\u0a38\u0a3e\u0a02 \u0a05\u0a24\u0a47 \u0a39\u0a48\u0a02\u0a21\u0a32\u0a3f\u0a70\u0a17 \u0a16\u0a30\u0a1a\u0a47<\/span><\/li>\n<p>n \t<\/p>\n<li style=\"font-weight: 400;\"><span style=\"font-weight: 400;\">\u0a38\u0a25\u0a3e\u0a28\u0a15 \u0a1f\u0a48\u0a15\u0a38<\/span><\/li>\n<p>n \t<\/p>\n<li style=\"font-weight: 400;\"><span style=\"font-weight: 400;\">\u0a2a\u0a40\u0a23 \u0a35\u0a3e\u0a32\u0a47 \u0a2a\u0a26\u0a3e\u0a30\u0a25<\/span><\/li>\n<p>n \t<\/p>\n<li>\u0a38\u0a28\u0a48\u0a15\u0a38<\/li>\n<p>n \t<\/p>\n<li style=\"font-weight: 400;\"><span style=\"font-weight: 400;\">\u0a38\u0a3e\u0a30\u0a40\u0a06\u0a02 \u0a17\u0a24\u0a40\u0a35\u0a3f\u0a27\u0a40\u0a06\u0a02<\/span><\/li>\n<p>n \t<\/p>\n<li style=\"font-weight: 400;\"><span style=\"font-weight: 400;\">\u0a38\u0a25\u0a3e\u0a28\u0a15 \u0a17\u0a3e\u0a08\u0a21<\/span><\/li>\n<p>n<\/ol>\n<p>n<b> \u0a2c\u0a47\u0a26\u0a16\u0a32\u0a40<\/b><br \/>\nn<\/p>\n<ol>\nn \t<\/p>\n<li style=\"font-weight: 400;\"><span style=\"font-weight: 400;\">\u0a17\u0a4d\u0a30\u0a48\u0a1a\u0a41\u0a1f\u0a40\u0a1c\u0a3c<\/span><\/li>\n<p>n \t<\/p>\n<li style=\"font-weight: 400;\"><span style=\"font-weight: 400;\">\u0a05\u0a32\u0a15\u0a4b\u0a39\u0a32 \u0a35\u0a3e\u0a32\u0a47 \u0a21\u0a30\u0a3f\u0a70\u0a15\u0a38<\/span><\/li>\n<p>n<\/ol>\n<p>n&nbsp;<br \/>\nn<\/p>\n<h4><em><strong>\u0a30\u0a35\u0a3e\u0a28\u0a17\u0a40 \u0a05\u0a24\u0a47 \u0a35\u0a3e\u0a2a\u0a38\u0a40<\/strong><\/em><\/h4>\n<p>n<span style=\"font-weight: 400;\">\u0a30\u0a3f\u0a1c\u0a3c\u0a30\u0a35\u0a47\u0a38\u0a3c\u0a28 \u0a2a\u0a4d\u0a30\u0a15\u0a3f\u0a30\u0a3f\u0a06 \u0a24\u0a4b\u0a02 \u0a2c\u0a3e\u0a05\u0a26 \u0a2f\u0a3e\u0a24\u0a30\u0a40 \u0a28\u0a42\u0a70 \u0a07\u0a71\u0a15 \u0a2e\u0a40\u0a1f\u0a3f\u0a70\u0a17 \u0a2a\u0a41\u0a06\u0a07\u0a70\u0a1f \u0a2e\u0a3f\u0a32\u0a47\u0a17\u0a3e\u0964 \u0a1f\u0a42\u0a30 \u0a38\u0a3e\u0a21\u0a47 \u0a2e\u0a40\u0a1f\u0a3f\u0a70\u0a17 \u0a2a\u0a41\u0a06\u0a07\u0a70\u0a1f\u0a3e\u0a02 \u0a35\u0a3f\u0a71\u0a1a \u0a38\u0a3c\u0a41\u0a30\u0a42 \u0a05\u0a24\u0a47 \u0a38\u0a2e\u0a3e\u0a2a\u0a24 \u0a39\u0a41\u0a70\u0a26\u0a47 \u0a39\u0a28\u0964<\/span><br \/>\nn<br \/>\nn&nbsp;<br \/>\nn<\/p>\n<h4><\/h4>\n<p>n<\/p>\n<h4><\/h4>\n<p>n<\/p>\n<h3>\u0a32\u0a3e\u0a38 \u0a1f\u0a47\u0a30\u0a47\u0a28\u0a38 \u0a24\u0a4b\u0a02 \u0a32\u0a3e\u0a38 \u0a39\u0a48\u0a1f\u0a3f\u0a38 \u0a28\u0a48\u0a38\u0a3c\u0a28\u0a32 \u0a2a\u0a3e\u0a30\u0a15<\/h3>\n<p>n<\/p>\n<h4><b><i>\u0a15\u0a40 \u0a09\u0a2e\u0a40\u0a26 \u0a15\u0a30\u0a28\u0a40 \u0a39\u0a48?<\/i><\/b><\/h4>\n<p>n<em><strong>\u0a06\u0a2a\u0a23\u0a40\u0a06\u0a02 \u0a1f\u0a3f\u0a15\u0a1f\u0a3e\u0a02 \u0a2a\u0a4d\u0a30\u0a3e\u0a2a\u0a24 \u0a15\u0a30\u0a4b<\/strong><\/em> for visiting Los Haitises National Park Tour from Las Terrenas de Samana. Half Day Trip. Starting from Las Terrenas, Saman\u00e1 with transportation to port for onboard of a Boat with a Local tour guide we pass Saman\u00e1 bay to Los Haitises, Sabana de la Mar side to Visit one of the most beautiful national parks of the Dominican Republic. <strong>Los<em>\u00a0Haitises National Park<\/em>.<\/strong><br \/>\nn<br \/>\nn &quot;\u0a2c\u0a41\u0a15\u0a3f\u0a70\u0a17 \u0a10\u0a21\u0a35\u0a48\u0a02\u0a1a\u0a30\u0a1c\u0a3c&quot; \u0a26\u0a41\u0a06\u0a30\u0a3e \u0a06\u0a2f\u0a4b\u0a1c\u0a3f\u0a24 \u0a1f\u0a42\u0a30, \u0a1f\u0a42\u0a30 \u0a17\u0a3e\u0a08\u0a21 \u0a26\u0a47 \u0a28\u0a3e\u0a32 \u0a28\u0a3f\u0a30\u0a27\u0a3e\u0a30\u0a24 \u0a2e\u0a40\u0a1f\u0a3f\u0a70\u0a17 \u0a2a\u0a41\u0a06\u0a07\u0a70\u0a1f \u0a24\u0a4b\u0a02 \u0a38\u0a3c\u0a41\u0a30\u0a42 \u0a39\u0a41\u0a70\u0a26\u0a3e \u0a39\u0a48\u0964 \u0a2c\u0a41\u0a15\u0a3f\u0a70\u0a17 \u0a10\u0a21\u0a35\u0a48\u0a02\u0a1a\u0a30\u0a38 \u0a26\u0a47 \u0a28\u0a3e\u0a32 \u0a06\u0a13 \u0a05\u0a24\u0a47 \u0a2a\u0a70\u0a1b\u0a40\u0a06\u0a02 \u0a28\u0a3e\u0a32 \u0a2d\u0a30\u0a47 \u0a2e\u0a48\u0a02\u0a17\u0a30\u0a4b\u0a35\u0a1c\u0a3c, \u0a39\u0a30\u0a47 \u0a2d\u0a30\u0a47 \u0a2c\u0a28\u0a38\u0a2a\u0a24\u0a40 \u0a26\u0a40\u0a06\u0a02 \u0a2a\u0a39\u0a3e\u0a5c\u0a40\u0a06\u0a02 \u0a05\u0a24\u0a47 \u0a17\u0a41\u0a2b\u0a3e\u0a35\u0a3e\u0a02 \u0a26\u0a40 \u0a1c\u0a3e\u0a02\u0a1a \u0a38\u0a3c\u0a41\u0a30\u0a42 \u0a15\u0a30\u0a4b <em><strong>\u0a32\u0a3e\u0a38 \u0a39\u0a48\u0a1f\u0a3f\u0a38 \u0a28\u0a48\u0a38\u0a3c\u0a28\u0a32 \u0a2a\u0a3e\u0a30\u0a15<\/strong><\/em>. \u0a06\u0a32\u0a47-\u0a26\u0a41\u0a06\u0a32\u0a47 \u0a26\u0a47 \u0a2a\u0a70\u0a1b\u0a40\u0a06\u0a02 \u0a26\u0a47 \u0a28\u0a3e\u0a32 \u0a1f\u0a3e\u0a2a\u0a42 \u0a26\u0a3e \u0a26\u0a4c\u0a30\u0a3e \u0a15\u0a30\u0a28\u0a3e\u0964 \u0a06\u0a32\u0a4d\u0a39\u0a23\u0a47 \u0a26\u0a47 \u0a2e\u0a4c\u0a38\u0a2e \u0a35\u0a3f\u0a71\u0a1a, \u0a05\u0a38\u0a40\u0a02 \u0a06\u0a32\u0a4d\u0a39\u0a23\u0a47 &#039;\u0a24\u0a47 \u0a2a\u0a47\u0a32\u0a47\u0a15\u0a28\u0a4b\u0a38 \u0a1a\u0a42\u0a1a\u0a47 \u0a35\u0a40 \u0a26\u0a47\u0a16 \u0a38\u0a15\u0a26\u0a47 \u0a39\u0a3e\u0a02\u0964 \u0a30\u0a4c\u0a15\u0a40 \u0a1f\u0a3e\u0a2a\u0a42\u0a06\u0a02 \u0a26\u0a47 \u0a05\u0a70\u0a26\u0a30 \u0a39\u0a4b\u0a30 \u0a35\u0a71\u0a27\u0a23\u0a3e \u0a05\u0a24\u0a47 \u0a38\u0a35\u0a26\u0a47\u0a38\u0a3c\u0a40 \u0a32\u0a4b\u0a15\u0a3e\u0a02 \u0a26\u0a40\u0a06\u0a02 \u0a24\u0a38\u0a35\u0a40\u0a30\u0a3e\u0a02 \u0a05\u0a24\u0a47 \u0a2a\u0a48\u0a1f\u0a30\u0a4b\u0a17\u0a4d\u0a30\u0a3e\u0a2b\u0a3e\u0a02 \u0a28\u0a3e\u0a32 \u0a17\u0a41\u0a2b\u0a3e\u0a35\u0a3e\u0a02 \u0a26\u0a3e \u0a26\u0a4c\u0a30\u0a3e \u0a15\u0a30\u0a28\u0a3e\u0964<br \/>\nn<br \/>\nnThrough the mangroves and Land at the open San Lorenzo Bay, Sabana de la Mar from where you can photograph the rugged forest landscape. Look to the water to spot <em><strong>\u0a2e\u0a3e\u0a28\u0a24\u0a47\u0a38<\/strong><\/em>, crustaceans, \u0a05\u0a24\u0a47 <em><strong>\u0a21\u0a3e\u0a32\u0a2b\u0a3f\u0a28<\/strong><\/em><br \/>\nn<\/p>\n<div class=\"body-description secondary\">\nn<br \/>\n\u0a30\u0a3e\u0a38\u0a3c\u0a1f\u0a30\u0a40 \u0a2a\u0a3e\u0a30\u0a15 \u0a26\u0a3e \u0a28\u0a3e\u0a2e \u0a07\u0a38\u0a26\u0a47 \u0a2e\u0a42\u0a32 \u0a28\u0a3f\u0a35\u0a3e\u0a38\u0a40, \u0a1f\u0a48\u0a28\u0a4b \u0a07\u0a70\u0a21\u0a40\u0a05\u0a28\u0a1c\u0a3c \u0a24\u0a4b\u0a02 \u0a06\u0a07\u0a06 \u0a39\u0a48\u0964 \u0a09\u0a39\u0a28\u0a3e\u0a02 \u0a26\u0a40 \u0a2d\u0a3e\u0a38\u0a3c\u0a3e \u0a35\u0a3f\u0a71\u0a1a &quot;\u0a39\u0a3e\u0a07\u0a1f\u0a3f\u0a38&quot; \u0a26\u0a3e \u0a05\u0a28\u0a41\u0a35\u0a3e\u0a26 \u0a09\u0a71\u0a1a\u0a40 \u0a2d\u0a42\u0a2e\u0a40 \u0a1c\u0a3e\u0a02 \u0a2a\u0a39\u0a3e\u0a5c\u0a40\u0a06\u0a02 \u0a35\u0a3f\u0a71\u0a1a \u0a39\u0a41\u0a70\u0a26\u0a3e \u0a39\u0a48, \u0a1c\u0a4b \u0a15\u0a3f \u0a1a\u0a42\u0a28\u0a47 \u0a26\u0a47 \u0a2a\u0a71\u0a25\u0a30\u0a3e\u0a02 \u0a26\u0a47 \u0a28\u0a3e\u0a32 \u0a24\u0a71\u0a1f\u0a35\u0a30\u0a24\u0a40 \u0a2d\u0a42-\u0a35\u0a3f\u0a17\u0a3f\u0a06\u0a28\u0a15 \u0a2c\u0a23\u0a24\u0a30 \u0a26\u0a3e \u0a39\u0a35\u0a3e\u0a32\u0a3e \u0a26\u0a3f\u0a70\u0a26\u0a3e \u0a39\u0a48\u0964 \u0a17\u0a41\u0a2b\u0a3e\u0a35\u0a3e\u0a02 \u0a26\u0a40 \u0a2a\u0a5c\u0a1a\u0a4b\u0a32 \u0a15\u0a30\u0a28 \u0a32\u0a08 \u0a2a\u0a3e\u0a30\u0a15 \u0a35\u0a3f\u0a71\u0a1a \u0a21\u0a42\u0a70\u0a18\u0a47 \u0a38\u0a3e\u0a39\u0a38 \u0a1c\u0a3f\u0a35\u0a47\u0a02 \u0a15\u0a3f <em><strong>\u0a15\u0a41\u0a0f\u0a35\u0a3e \u0a21\u0a47 \u0a32\u0a3e \u0a05\u0a30\u0a47\u0a28\u0a3e, <\/strong><\/em>\u0a05\u0a24\u0a47 <strong><em>Cueva de la Linea.<\/em><\/strong><br \/>\nn<br \/>\nnThese Caves in the reserve were used as shelter by the Taino Indians and, later, by hiding pirates. Look for drawings by Indians that decorate some of the walls. After visiting Los Haitises National Park we will go back to Sanchez, Saman\u00e1.<br \/>\nn<br \/>\nnPassing Saman\u00e1 bay 30 min. We will have a typical lunch,\u00a0 If you are vegan no worries we also have food for you!<br \/>\nn<br \/>\nnAfter Lunch, we get back to Las Terrenas!!<br \/>\nn<br \/>\nn<\/div>\n<p>nIn Case you will like this trip longer or Shorter we have these options:<br \/>\nn<\/p>\n<ol>\nn \t<\/p>\n<li><a href=\"https:\/\/www.boattoursamana.com\/pa\/%e0%a8%9f%e0%a9%82%e0%a8%b0\/the-haitises-national-park-tour-from-samana-port\/\">\u0a38\u0a2e\u0a3e\u0a28\u0a3e \u0a2a\u0a4b\u0a30\u0a1f \u0a24\u0a4b\u0a02 \u0a2c\u0a38 \u0a32\u0a4b\u0a38 \u0a39\u0a48\u0a1f\u0a3f\u0a38.<\/a><\/li>\n<p>n \t<\/p>\n<li><a href=\"https:\/\/www.boattoursamana.com\/pa\/%e0%a8%9f%e0%a9%82%e0%a8%b0\/%e0%a8%b8%e0%a8%ae%e0%a8%be%e0%a8%a3%e0%a8%be-%e0%a8%aa%e0%a9%8b%e0%a8%b0%e0%a8%9f-%e0%a8%a4%e0%a9%8b%e0%a8%82-%e0%a8%95%e0%a9%88%e0%a8%a8%e0%a9%8b-%e0%a8%b9%e0%a9%8c%e0%a8%82%e0%a8%a1%e0%a9%8b\/\">\u0a38\u0a2e\u0a3e\u0a28\u0a3e \u0a2a\u0a4b\u0a30\u0a1f \u0a24\u0a4b\u0a02 \u0a32\u0a4b\u0a38 \u0a39\u0a48\u0a1f\u0a3f\u0a38 + \u0a15\u0a48\u0a28\u0a4b \u0a39\u0a4b\u0a02\u0a21\u0a4b\u0964<\/a><\/li>\n<p>n<\/ol>\n<p>n&nbsp;<br \/>\nn<\/p>\n<h4><em><strong>\u0a24\u0a41\u0a39\u0a3e\u0a28\u0a42\u0a70 \u0a15\u0a40 \u0a32\u0a3f\u0a06\u0a09\u0a23\u0a3e \u0a1a\u0a3e\u0a39\u0a40\u0a26\u0a3e \u0a39\u0a48?<\/strong><\/em><\/h4>\n<p>n<\/p>\n<ul>\nn \t<\/p>\n<li style=\"font-weight: 400;\"><span style=\"font-weight: 400;\">\u0a15\u0a48\u0a2e\u0a30\u0a3e<\/span><\/li>\n<p>n \t<\/p>\n<li style=\"font-weight: 400;\"><span style=\"font-weight: 400;\">\u0a2a\u0a4d\u0a30\u0a24\u0a40\u0a30\u0a4b\u0a27\u0a15 \u0a2e\u0a41\u0a15\u0a41\u0a32<\/span><\/li>\n<p>n \t<\/p>\n<li style=\"font-weight: 400;\"><span style=\"font-weight: 400;\">\u0a38\u0a28\u0a15\u0a4d\u0a30\u0a40\u0a2e<\/span><\/li>\n<p>n \t<\/p>\n<li style=\"font-weight: 400;\"><span style=\"font-weight: 400;\">\u0a1f\u0a4b\u0a2a\u0a40<\/span><\/li>\n<p>n \t<\/p>\n<li style=\"font-weight: 400;\"><span style=\"font-weight: 400;\">\u0a06\u0a30\u0a3e\u0a2e\u0a26\u0a3e\u0a07\u0a15 \u0a2a\u0a48\u0a02\u0a1f<\/span><\/li>\n<p>n \t<\/p>\n<li style=\"font-weight: 400;\"><span style=\"font-weight: 400;\">\u0a1c\u0a70\u0a17\u0a32 \u0a32\u0a08 \u0a39\u0a3e\u0a08\u0a15\u0a3f\u0a70\u0a17 \u0a1c\u0a41\u0a71\u0a24\u0a47<\/span><\/li>\n<p>n \t<\/p>\n<li style=\"font-weight: 400;\"><span style=\"font-weight: 400;\">\u0a38\u0a2a\u0a30\u0a3f\u0a70\u0a17 \u0a16\u0a47\u0a24\u0a30\u0a3e\u0a02 \u0a32\u0a08 \u0a38\u0a48\u0a02\u0a21\u0a32\u0964<\/span><\/li>\n<p>n \t<\/p>\n<li style=\"font-weight: 400;\"><span style=\"font-weight: 400;\">\u0a24\u0a48\u0a30\u0a3e\u0a15\u0a40 \u0a2a\u0a39\u0a3f\u0a28\u0a23<\/span><\/li>\n<p>n<\/ul>\n<p>n&nbsp;<br \/>\nn<\/p>\n<h4><b><i>\u0a39\u0a4b\u0a1f\u0a32 \u0a2a\u0a3f\u0a15\u0a05\u0a71\u0a2a <\/i><\/b><\/h4>\n<p>n<span style=\"font-weight: 400;\">\u0a07\u0a38 \u0a26\u0a4c\u0a30\u0a47 \u0a32\u0a08 \u0a39\u0a4b\u0a1f\u0a32 \u0a2a\u0a3f\u0a15-\u0a05\u0a71\u0a2a \u0a26\u0a40 \u0a2a\u0a47\u0a38\u0a3c\u0a15\u0a38\u0a3c \u0a28\u0a39\u0a40\u0a02 \u0a15\u0a40\u0a24\u0a40 \u0a1c\u0a3e\u0a02\u0a26\u0a40 \u0a39\u0a48\u0964 <\/span><br \/>\nn<br \/>\nn&nbsp;<br \/>\nn<br \/>\nn<b>\u0a28\u0a4b\u0a1f:<\/b><span style=\"font-weight: 400;\"> \u0a1c\u0a47\u0a15\u0a30 \u0a24\u0a41\u0a38\u0a40\u0a02 \u0a1f\u0a42\u0a30\/\u0a38\u0a48\u0a30-\u0a38\u0a2a\u0a3e\u0a1f\u0a3e \u0a30\u0a35\u0a3e\u0a28\u0a17\u0a40 \u0a26\u0a47 \u0a38\u0a2e\u0a47\u0a02 \u0a26\u0a47 24 \u0a18\u0a70\u0a1f\u0a3f\u0a06\u0a02 \u0a26\u0a47 \u0a05\u0a70\u0a26\u0a30 \u0a2c\u0a41\u0a15\u0a3f\u0a70\u0a17 \u0a15\u0a30 \u0a30\u0a39\u0a47 \u0a39\u0a4b, \u0a24\u0a3e\u0a02 \u0a05\u0a38\u0a40\u0a02 \u0a35\u0a3e\u0a27\u0a42 \u0a16\u0a30\u0a1a\u0a3f\u0a06\u0a02 \u0a28\u0a3e\u0a32 \u0a39\u0a4b\u0a1f\u0a32 \u0a2a\u0a3f\u0a15-\u0a05\u0a71\u0a2a \u0a26\u0a3e \u0a2a\u0a4d\u0a30\u0a2c\u0a70\u0a27 \u0a15\u0a30 \u0a38\u0a15\u0a26\u0a47 \u0a39\u0a3e\u0a02\u0964 \u0a07\u0a71\u0a15 \u0a35\u0a3e\u0a30 \u0a1c\u0a26\u0a4b\u0a02 \u0a24\u0a41\u0a39\u0a3e\u0a21\u0a40 \u0a16\u0a30\u0a40\u0a26 \u0a2a\u0a42\u0a30\u0a40 \u0a39\u0a4b \u0a1c\u0a3e\u0a02\u0a26\u0a40 \u0a39\u0a48, \u0a05\u0a38\u0a40\u0a02 \u0a24\u0a41\u0a39\u0a3e\u0a28\u0a42\u0a70 \u0a2a\u0a3f\u0a15-\u0a05\u0a71\u0a2a \u0a2a\u0a4d\u0a30\u0a2c\u0a70\u0a27\u0a3e\u0a02 \u0a28\u0a42\u0a70 \u0a38\u0a70\u0a17\u0a20\u0a3f\u0a24 \u0a15\u0a30\u0a28 \u0a32\u0a08 \u0a38\u0a3e\u0a21\u0a40 \u0a38\u0a25\u0a3e\u0a28\u0a15 \u0a1f\u0a42\u0a30 \u0a17\u0a3e\u0a08\u0a21 \u0a32\u0a08 \u0a2a\u0a42\u0a30\u0a40 \u0a38\u0a70\u0a2a\u0a30\u0a15 \u0a1c\u0a3e\u0a23\u0a15\u0a3e\u0a30\u0a40 (\u0a2b\u0a3c\u0a4b\u0a28 \u0a28\u0a70\u0a2c\u0a30, \u0a08\u0a2e\u0a47\u0a32 \u0a2a\u0a24\u0a3e, \u0a06\u0a26\u0a3f) \u0a2d\u0a47\u0a1c\u0a3e\u0a02\u0a17\u0a47\u0964<\/span><br \/>\nn<\/p>\n<h4><b><i>\u0a35\u0a27\u0a40\u0a15 \u0a1c\u0a3e\u0a23\u0a15\u0a3e\u0a30\u0a40 \u0a26\u0a40 \u0a2a\u0a41\u0a38\u0a3c\u0a1f\u0a40 <\/i><\/b><\/h4>\n<p>n<\/p>\n<ol>\nn \t<\/p>\n<li>\u0a1f\u0a3f\u0a15\u0a1f\u0a3e\u0a02 \u0a07\u0a38 \u0a1f\u0a42\u0a30 \u0a26\u0a3e \u0a2d\u0a41\u0a17\u0a24\u0a3e\u0a28 \u0a15\u0a30\u0a28 \u0a24\u0a4b\u0a02 \u0a2c\u0a3e\u0a05\u0a26 \u0a30\u0a38\u0a40\u0a26 \u0a39\u0a28\u0964 \u0a24\u0a41\u0a38\u0a40\u0a02 \u0a06\u0a2a\u0a23\u0a47 \u0a2b\u0a3c\u0a4b\u0a28 &#039;\u0a24\u0a47 \u0a2d\u0a41\u0a17\u0a24\u0a3e\u0a28 \u0a26\u0a3f\u0a16\u0a3e \u0a38\u0a15\u0a26\u0a47 \u0a39\u0a4b\u0964<\/li>\n<p>n \t<\/p>\n<li style=\"font-weight: 400;\"><span style=\"font-weight: 400;\">\u0a2e\u0a40\u0a1f\u0a3f\u0a70\u0a17 \u0a2a\u0a41\u0a06\u0a07\u0a70\u0a1f \u0a30\u0a3f\u0a1c\u0a3c\u0a30\u0a35\u0a47\u0a38\u0a3c\u0a28 \u0a2a\u0a4d\u0a30\u0a15\u0a3f\u0a30\u0a3f\u0a06 \u0a26\u0a47 \u0a2c\u0a3e\u0a05\u0a26 \u0a2a\u0a4d\u0a30\u0a3e\u0a2a\u0a24 \u0a15\u0a40\u0a24\u0a3e \u0a1c\u0a3e\u0a35\u0a47\u0a17\u0a3e.<\/span><\/li>\n<p>n \t<\/p>\n<li style=\"font-weight: 400;\"><span style=\"font-weight: 400;\">\u0a2c\u0a71\u0a1a\u0a3f\u0a06\u0a02 \u0a28\u0a42\u0a70 \u0a07\u0a71\u0a15 \u0a2c\u0a3e\u0a32\u0a17 \u0a26\u0a47 \u0a28\u0a3e\u0a32 \u0a39\u0a4b\u0a23\u0a3e \u0a1a\u0a3e\u0a39\u0a40\u0a26\u0a3e \u0a39\u0a48\u0964<\/span><\/li>\n<p>n \t<\/p>\n<li style=\"font-weight: 400;\"><span style=\"font-weight: 400;\"> \u0a35\u0a4d\u0a39\u0a40\u0a32\u0a1a\u0a47\u0a05\u0a30 \u0a2a\u0a39\u0a41\u0a70\u0a1a\u0a2f\u0a4b\u0a17 \u0a28\u0a39\u0a40\u0a02 \u0a39\u0a48 <\/span><\/li>\n<p>n \t<\/p>\n<li style=\"font-weight: 400;\"><span style=\"font-weight: 400;\">\u0a2c\u0a71\u0a1a\u0a3f\u0a06\u0a02 \u0a28\u0a42\u0a70 \u0a17\u0a4b\u0a26\u0a40 &#039;\u0a24\u0a47 \u0a2c\u0a48\u0a20\u0a23\u0a3e \u0a1a\u0a3e\u0a39\u0a40\u0a26\u0a3e \u0a39\u0a48 <\/span><\/li>\n<p>n \t<\/p>\n<li style=\"font-weight: 400;\"><span style=\"font-weight: 400;\">\u0a2a\u0a3f\u0a71\u0a20 \u0a26\u0a40\u0a06\u0a02 \u0a38\u0a2e\u0a71\u0a38\u0a3f\u0a06\u0a35\u0a3e\u0a02 \u0a35\u0a3e\u0a32\u0a47 \u0a2f\u0a3e\u0a24\u0a30\u0a40\u0a06\u0a02 \u0a32\u0a08 \u0a38\u0a3f\u0a2b\u0a3e\u0a30\u0a38\u0a3c \u0a28\u0a39\u0a40\u0a02 \u0a15\u0a40\u0a24\u0a40 \u0a1c\u0a3e\u0a02\u0a26\u0a40<\/span><\/li>\n<p>n \t<\/p>\n<li style=\"font-weight: 400;\"><span style=\"font-weight: 400;\">\u0a17\u0a30\u0a2d\u0a35\u0a24\u0a40 \u0a2f\u0a3e\u0a24\u0a30\u0a40\u0a06\u0a02 \u0a32\u0a08 \u0a38\u0a3f\u0a2b\u0a3e\u0a30\u0a38\u0a3c \u0a28\u0a39\u0a40\u0a02 \u0a15\u0a40\u0a24\u0a40 \u0a1c\u0a3e\u0a02\u0a26\u0a40 <\/span><\/li>\n<p>n \t<\/p>\n<li style=\"font-weight: 400;\"><span style=\"font-weight: 400;\"> \u0a15\u0a4b\u0a08 \u0a26\u0a3f\u0a32 \u0a26\u0a40\u0a06\u0a02 \u0a38\u0a2e\u0a71\u0a38\u0a3f\u0a06\u0a35\u0a3e\u0a02 \u0a1c\u0a3e\u0a02 \u0a39\u0a4b\u0a30 \u0a17\u0a70\u0a2d\u0a40\u0a30 \u0a21\u0a3e\u0a15\u0a1f\u0a30\u0a40 \u0a38\u0a25\u0a3f\u0a24\u0a40\u0a06\u0a02 \u0a28\u0a39\u0a40\u0a02 \u0a39\u0a28 <\/span><\/li>\n<p>n \t<\/p>\n<li style=\"font-weight: 400;\"><span style=\"font-weight: 400;\">\u0a1c\u0a3c\u0a3f\u0a06\u0a26\u0a3e\u0a24\u0a30 \u0a2f\u0a3e\u0a24\u0a30\u0a40 \u0a39\u0a3f\u0a71\u0a38\u0a3e \u0a32\u0a48 \u0a38\u0a15\u0a26\u0a47 \u0a39\u0a28<\/span><\/li>\n<p>n<\/ol>\n<p>n<\/p>\n<h4><b><i>\u0a30\u0a71\u0a26 \u0a15\u0a30\u0a28 \u0a26\u0a40 \u0a28\u0a40\u0a24\u0a40<\/i><\/b><\/h4>\n<p>\u0a2a\u0a42\u0a30\u0a40 \u0a30\u0a3f\u0a2b\u0a70\u0a21 \u0a32\u0a08, \u0a15\u0a3f\u0a30\u0a2a\u0a3e \u0a15\u0a30\u0a15\u0a47 \u0a38\u0a3e\u0a21\u0a40\u0a06\u0a02 \u0a30\u0a71\u0a26 \u0a15\u0a30\u0a28 \u0a26\u0a40\u0a06\u0a02 \u0a28\u0a40\u0a24\u0a40\u0a06\u0a02 \u0a2a\u0a5c\u0a4d\u0a39\u0a4b\u00a0<a href=\"https:\/\/www.boattoursamana.com\/pa\/%e0%a8%86%e0%a8%a8%e0%a8%b2%e0%a8%be%e0%a8%88%e0%a8%a8-%e0%a8%ac%e0%a9%81%e0%a8%95%e0%a8%bf%e0%a9%b0%e0%a8%97\/\" target=\"_blank\" rel=\"noopener\" data-saferedirecturl=\"https:\/\/www.google.com\/url?q=https:\/\/www.boattoursamana.com\/online-booking\/&amp;source=gmail&amp;ust=1672529771100000&amp;usg=AOvVaw2NIGJBZ0qjB5RhPUl5Obc7\">\u0a07\u0a71\u0a25\u0a47 \u0a15\u0a32\u0a3f\u0a71\u0a15 \u0a15\u0a30\u0a4b<\/a>. \u0a1c\u0a47\u0a15\u0a30 \u0a30\u0a3f\u0a1c\u0a3c\u0a30\u0a35\u0a47\u0a38\u0a3c\u0a28 \u0a2f\u0a3e\u0a24\u0a30\u0a3e \u0a26\u0a47 \u0a09\u0a38\u0a47 \u0a26\u0a3f\u0a28 \u0a30\u0a71\u0a26 \u0a39\u0a4b \u0a1c\u0a3e\u0a02\u0a26\u0a40 \u0a39\u0a48 \u0a24\u0a3e\u0a02 \u0a2b\u0a70\u0a21 \u0a16\u0a24\u0a2e \u0a39\u0a4b \u0a1c\u0a3e\u0a23\u0a17\u0a47\u0964<\/p>\n\n\t\t<\/div>\n\t<\/div>\n<div class=\"vc_btn3-container vc_btn3-inline\" ><button class=\"vc_general vc_btn3 vc_btn3-size-md vc_btn3-shape-rounded vc_btn3-style-modern vc_btn3-color-green\">\u0a39\u0a41\u0a23\u0a47 \u0a2c\u0a41\u0a71\u0a15 \u0a15\u0a30\u0a4b<\/button><\/div><\/div><\/div><\/div><\/div><div class=\"vc_row wpb_row vc_row-fluid\" ><div class=\"wpb_column vc_column_container vc_col-sm-12\"><div class=\"vc_column-inner\"><div class=\"wpb_wrapper\">\n\t<div class=\"wpb_video_widget wpb_content_element vc_clearfix   vc_video-aspect-ratio-169 vc_video-el-width-100 vc_video-align-left\" >\n\t\t<div class=\"wpb_wrapper\">\n\t\t\t\n\t\t\t<div class=\"wpb_video_wrapper\"><iframe loading=\"lazy\" title=\"Los Haitises National Park, Tour &amp; Excursion from Samana \u0a1c\u0a3e\u0a02 Sabana de la Mar. \u0a07\u0a71\u0a25\u0a47 \u0a2c\u0a41\u0a71\u0a15 \u0a15\u0a30\u0a4b:\" src=\"https:\/\/player.vimeo.com\/video\/346508015?dnt=1&amp;app_id=122963\" width=\"1100\" height=\"619\" frameborder=\"0\" allow=\"autoplay; fullscreen; picture-in-picture\" allowfullscreen><\/iframe><\/div>\n\t\t<\/div>\n\t<\/div>\n<\/div><\/div><\/div><\/div><div class=\"vc_row wpb_row vc_row-fluid\" ><\/div><div class=\"wpb_column vc_column_container vc_col-sm-12\"><div class=\"vc_column-inner\"><div class=\"wpb_wrapper\"><\/div><\/div><\/div><div class=\"vc_empty_space\"   style=\"height: 32px\"><span class=\"vc_empty_space_inner\"><\/span><\/div><div class=\"vc_empty_space\"   style=\"height: 32px\"><span class=\"vc_empty_space_inner\"><\/span><\/div><div class=\"vc_row wpb_row vc_row-fluid\" ><div class=\"wpb_column vc_column_container vc_col-sm-12\"><div class=\"vc_column-inner\"><div class=\"wpb_wrapper\"><div class=\"vc_btn3-container vc_btn3-inline\" ><button class=\"vc_general vc_btn3 vc_btn3-size-md vc_btn3-shape-rounded vc_btn3-style-modern vc_btn3-color-green\">\u0a39\u0a41\u0a23\u0a47 \u0a2c\u0a41\u0a71\u0a15 \u0a15\u0a30\u0a4b<\/button><\/div><\/div><\/div><\/div><\/div>","protected":false},"excerpt":{"rendered":"<p>Esta excursi\u00f3n desde Las Terrenas al Parque Nacional Los Haitises incluye Almuerzo y Transporte para una visita a las 3 cuevas principales, una exploraci\u00f3n de 2 manglares diferentes y por supuesto la observaci\u00f3n de aves para pescar. n nViaje ecol\u00f3gico al Parque Nacional Los Haitises con un gu\u00eda tur\u00edstico local. Visitando los Cayos en el Parque Nacional Los Haitises, Manglares, Vegetaci\u00f3n, Observaci\u00f3n de aves, Cuevas, Pictogramas y las \u00e1reas hist\u00f3ricas de Sabana de la Mar en el Parque Nacional Los [&hellip;]<\/p>\n","protected":false},"author":2,"featured_media":0,"parent":0,"menu_order":0,"comment_status":"open","ping_status":"closed","template":"","meta":{"footnotes":""},"class_list":["post-15749","page","type-page","status-publish","hentry"],"_links":{"self":[{"href":"https:\/\/www.boattoursamana.com\/pa\/wp-json\/wp\/v2\/pages\/15749","targetHints":{"allow":["GET"]}}],"collection":[{"href":"https:\/\/www.boattoursamana.com\/pa\/wp-json\/wp\/v2\/pages"}],"about":[{"href":"https:\/\/www.boattoursamana.com\/pa\/wp-json\/wp\/v2\/types\/page"}],"author":[{"embeddable":true,"href":"https:\/\/www.boattoursamana.com\/pa\/wp-json\/wp\/v2\/users\/2"}],"replies":[{"embeddable":true,"href":"https:\/\/www.boattoursamana.com\/pa\/wp-json\/wp\/v2\/comments?post=15749"}],"version-history":[{"count":0,"href":"https:\/\/www.boattoursamana.com\/pa\/wp-json\/wp\/v2\/pages\/15749\/revisions"}],"wp:attachment":[{"href":"https:\/\/www.boattoursamana.com\/pa\/wp-json\/wp\/v2\/media?parent=15749"}],"curies":[{"name":"wp","href":"https:\/\/api.w.org\/{rel}","templated":true}]}}