{"id":15755,"date":"2023-07-15T07:43:13","date_gmt":"2023-07-15T07:43:13","guid":{"rendered":"https:\/\/www.ticketswhales.com\/samana-cayo-levantado-bacardi-island-and-whale-watching-from-miches-in-catamaran\/"},"modified":"2023-07-15T07:43:13","modified_gmt":"2023-07-15T07:43:13","slug":"samana-cayo-levantado-bacardi-island-and-whale-watching-from-miches-in-catamaran","status":"publish","type":"page","link":"https:\/\/www.boattoursamana.com\/pa\/samana-cayo-levantado-bacardi-island-and-whele-watching-miches-from-catamaran","title":{"rendered":"\u0a38\u0a2e\u0a3e\u0a28\u0a3e \u0a15\u0a3e\u0a2f\u0a4b \u0a32\u0a47\u0a35\u0a48\u0a02\u0a1f\u0a3e\u0a21\u0a4b (\u0a2c\u0a15\u0a3e\u0a30\u0a21\u0a40 \u0a06\u0a08\u0a32\u0a48\u0a02\u0a21) \u0a05\u0a24\u0a47 \u0a15\u0a48\u0a1f\u0a3e\u0a2e\u0a3e\u0a30\u0a28 \u0a35\u0a3f\u0a71\u0a1a \u0a2e\u0a3e\u0a08\u0a15\u0a47\u0a38 \u0a24\u0a4b\u0a02 \u0a35\u0a4d\u0a39\u0a47\u0a32 \u0a26\u0a47\u0a16\u0a26\u0a47 \u0a39\u0a4b\u0a0f"},"content":{"rendered":"<p><span style=\"vertical-align: inherit;\"><span style=\"vertical-align: inherit;\">\u0a35\u0a4d\u0a39\u0a47\u0a32 \u0a2e\u0a3e\u0a08\u0a1a\u0a38 \u0a1f\u0a42\u0a30 \u0a05\u0a24\u0a47 \u0a38\u0a48\u0a30-\u0a38\u0a2a\u0a3e\u0a1f\u0a3e <\/span><span style=\"vertical-align: inherit;\">\u0a30\u0a3f\u0a1c\u0a3c\u0a30\u0a35 sus boletos para el avistamiento de ballenas en la Bah\u00eda de Saman\u00e1, comenzando desde Miches y visitando Cayo Levantado, tambi\u00e9n conocida como Isla Bacard\u00ed para una aventura con pase de un d\u00eda.<\/span><\/span><br \/>\nn<br \/>\nn&nbsp;<br \/>\nn<br \/>\nn<em><strong><span style=\"vertical-align: inherit;\"><span style=\"vertical-align: inherit;\">\u0a38\u0a48\u0a30-\u0a38\u0a2a\u0a3e\u0a1f\u0a47 \u0a26\u0a40 \u0a1a\u0a4b\u0a23 \u0a15\u0a30\u0a4b:<\/span><\/span><\/strong><\/em><\/p>\n<p>&nbsp;<\/p>\n<div class=\"vc_row wpb_row vc_row-fluid\" ><div class=\"wpb_column vc_column_container vc_col-sm-12\"><div class=\"vc_column-inner\"><div class=\"wpb_wrapper\">\n\t<div class=\"wpb_text_column wpb_content_element\" >\n\t\t<div class=\"wpb_wrapper\">\n\t\t\t<p><span style=\"vertical-align: inherit;\"><span style=\"vertical-align: inherit;\"><\/p>\n\n\t\t<\/div>\n\t<\/div>\n<\/div><\/div><\/div><\/div><div class=\"vc_row wpb_row vc_row-fluid\" ><\/div><div class=\"wpb_column vc_column_container vc_col-sm-12\"><div class=\"vc_column-inner\"><div class=\"wpb_wrapper\"><\/div><\/div><\/div><div class=\"vc_row wpb_row vc_row-fluid\" ><\/div><div class=\"wpb_column vc_column_container vc_col-sm-12\"><div class=\"vc_column-inner\"><div class=\"wpb_wrapper\"><div class=\"vc_btn3-container vc_btn3-inline\" ><button class=\"vc_general vc_btn3 vc_btn3-size-md vc_btn3-shape-rounded vc_btn3-style-modern vc_btn3-color-green\">\u0a39\u0a41\u0a23\u0a47 \u0a2c\u0a41\u0a71\u0a15 \u0a15\u0a30\u0a4b<\/button><\/div><\/div><\/div><\/div><div class=\"mkdf-section-title-holder\" style=\"text-align: left\">\n\t<div class=\"mkdf-st-inner\">\n\t\t\t\t\t\t\t<h3 class=\"mkdf-st-title\" >\n\t\t\t\tCayo Levantado + Avistamiento de ballenas de Miches en catamaran\t\t\t<\/h3>\n\t\t\t\t\t<\/div>\n<\/div><div class=\"vc_empty_space\"   style=\"height: 32px\"><span class=\"vc_empty_space_inner\"><\/span><\/div>\n\t<div class=\"wpb_text_column wpb_content_element\" >\n\t\t<div class=\"wpb_wrapper\">\n\t\t\t<p>\u00a0<\/span><\/span><br \/>\nn<\/p>\n<div class=\"vc_empty_space\"><\/div>\n<p>n<\/p>\n<div class=\"wpb_text_column wpb_content_element\">\nn<\/p>\n<div class=\"wpb_wrapper\">\nn<\/p>\n<div class=\"vc_row wpb_row vc_row-fluid\">\nn<\/p>\n<div class=\"wpb_column vc_column_container vc_col-sm-12\">\nn<\/p>\n<div class=\"vc_column-inner\">\nn<\/p>\n<div class=\"wpb_wrapper\">\nn<\/p>\n<div class=\"wpb_text_column wpb_content_element\">\nn<\/p>\n<div class=\"wpb_wrapper\">\nn<\/p>\n<div class=\"vc_row wpb_row vc_row-fluid\">\nn<\/p>\n<div class=\"wpb_column vc_column_container vc_col-sm-12\">\nn<\/p>\n<div class=\"vc_column-inner\">\nn<\/p>\n<div class=\"wpb_wrapper\">\nn<\/p>\n<div class=\"wpb_text_column wpb_content_element\">\nn<\/p>\n<div class=\"wpb_wrapper\">\nn<\/p>\n<h4><a id=\"overview\" class=\"aal_anchor\" href=\"https:\/\/www.boattoursamana.com\/pa\/%e0%a8%9f%e0%a9%82%e0%a8%b0\/samana-cayo-levantado-bacardi-island-and-whele-watching-miches-from-catamaran\/#overview\" aria-hidden=\"true\"><\/a><b><i>\u0a38\u0a70\u0a16\u0a47\u0a2a \u0a1c\u0a3e\u0a23\u0a15\u0a3e\u0a30\u0a40<\/i><\/b><\/h4>\n<p>n Catamaran \u0a35\u0a3f\u0a71\u0a1a Miches \u0a2a\u0a4b\u0a30\u0a1f \u0a24\u0a4b\u0a02 \u0a38\u0a3c\u0a41\u0a30\u0a42 \u0a39\u0a41\u0a70\u0a26\u0a47 \u0a39\u0a4b\u0a0f \u0a38\u0a2e\u0a3e\u0a28\u0a3e \u0a16\u0a3e\u0a5c\u0a40 \u0a35\u0a3f\u0a71\u0a1a \u0a35\u0a4d\u0a39\u0a47\u0a32 \u0a26\u0a47\u0a16\u0a23\u0a3e\u0964 \u0a07\u0a39 \u0a2f\u0a3e\u0a24\u0a30\u0a3e \u0a38\u0a35\u0a47\u0a30\u0a47 9:00 \u0a35\u0a1c\u0a47 \u0a38\u0a3c\u0a41\u0a30\u0a42 \u0a39\u0a41\u0a70\u0a26\u0a40 \u0a39\u0a48 \u0a05\u0a24\u0a47 \u0a38\u0a3c\u0a3e\u0a2e 5:00 \u0a35\u0a1c\u0a47 \u0a38\u0a2e\u0a3e\u0a2a\u0a24 \u0a39\u0a41\u0a70\u0a26\u0a40 \u0a39\u0a48\u0964 \u0a2e\u0a3f\u0a38\u0a3c\u0a47\u0a38 \u0a35\u0a3f\u0a16\u0a47 \u0a38\u0a3e\u0a21\u0a40 \u0a2c\u0a70\u0a26\u0a30\u0a17\u0a3e\u0a39 \u0a35\u0a3f\u0a71\u0a1a \u0a2a\u0a39\u0a3f\u0a32\u0a3e\u0a02 \u0a2e\u0a40\u0a1f\u0a3f\u0a70\u0a17. \u0a38\u0a3e\u0a21\u0a47 \u0a15\u0a48\u0a1f\u0a3e\u0a2e\u0a30\u0a3e\u0a28 \u0a1c\u0a3e\u0a02 \u0a15\u0a3f\u0a38\u0a3c\u0a24\u0a40 \u0a28\u0a42\u0a70 \u0a09\u0a28\u0a4d\u0a39\u0a3e\u0a02 \u0a26\u0a47 \u0a06\u0a2a\u0a23\u0a47 \u0a28\u0a3f\u0a35\u0a3e\u0a38 \u0a38\u0a25\u0a3e\u0a28\u0a3e\u0a02 \u0a35\u0a3f\u0a71\u0a1a \u0a35\u0a4d\u0a39\u0a47\u0a32 \u0a26\u0a3e \u0a26\u0a4c\u0a30\u0a3e \u0a15\u0a30\u0a28 \u0a32\u0a08 \u0a1b\u0a71\u0a21\u0a23 \u0a24\u0a4b\u0a02 \u0a2c\u0a3e\u0a05\u0a26.<br \/>\nn<br \/>\nn \u0a38\u0a35\u0a47\u0a30\u0a47 9:00 \u0a35\u0a1c\u0a47 \u0a24\u0a4b\u0a02 \u0a26\u0a41\u0a2a\u0a39\u0a3f\u0a30 12:00 \u0a35\u0a1c\u0a47 \u0a24\u0a71\u0a15 \u0a35\u0a4d\u0a39\u0a47\u0a32 \u0a26\u0a47\u0a16\u0a23 \u0a35\u0a3e\u0a32\u0a40 \u0a06\u0a2c\u0a1c\u0a3c\u0a30\u0a35\u0a47\u0a1f\u0a30\u0a40 \u0a05\u0a24\u0a47 \u0a07\u0a38 \u0a35\u0a4d\u0a39\u0a47\u0a32 \u0a2f\u0a3e\u0a24\u0a30\u0a3e \u0a24\u0a4b\u0a02 \u0a2c\u0a3e\u0a05\u0a26 \u0a05\u0a38\u0a40\u0a02 \u0a2c\u0a15\u0a3e\u0a30\u0a21\u0a40 \u0a06\u0a08\u0a32\u0a48\u0a02\u0a21 \/ \u0a15\u0a3e\u0a2f\u0a4b \u0a32\u0a47\u0a35\u0a3e\u0a02\u0a1f\u0a3e\u0a21\u0a4b \u0a26\u0a3e \u0a26\u0a4c\u0a30\u0a3e \u0a15\u0a30\u0a3e\u0a02\u0a17\u0a47\u0964 \u0a2c\u0a15\u0a3e\u0a30\u0a21\u0a40 \u0a06\u0a08\u0a32\u0a48\u0a02\u0a21 \u0a35\u0a3f\u0a71\u0a1a, \u0a06\u0a2e \u0a21\u0a4b\u0a2e\u0a3f\u0a28\u0a3f\u0a15\u0a28 \u0a38\u0a1f\u0a3e\u0a08\u0a32 \u0a24\u0a4b\u0a02 \u0a32\u0a70\u0a1a \u0a2c\u0a41\u0a2b\u0a47 \u0a2a\u0a4d\u0a30\u0a26\u0a3e\u0a28 \u0a15\u0a40\u0a24\u0a3e \u0a1c\u0a3e\u0a35\u0a47\u0a17\u0a3e\u0964 \u0a1c\u0a26\u0a4b\u0a02 \u0a26\u0a41\u0a2a\u0a39\u0a3f\u0a30 \u0a26\u0a3e \u0a16\u0a3e\u0a23\u0a3e \u0a2a\u0a42\u0a30\u0a3e \u0a39\u0a4b \u0a1c\u0a3e\u0a02\u0a26\u0a3e \u0a39\u0a48 \u0a24\u0a3e\u0a02 \u0a24\u0a41\u0a39\u0a3e\u0a28\u0a42\u0a70 \u0a38\u0a3c\u0a3e\u0a2e 4:30 \u0a35\u0a1c\u0a47 \u0a24\u0a71\u0a15 \u0a24\u0a48\u0a30\u0a3e\u0a15\u0a40 \u0a15\u0a30\u0a28 \u0a26\u0a40 \u0a07\u0a1c\u0a3e\u0a1c\u0a3c\u0a24 \u0a39\u0a41\u0a70\u0a26\u0a40 \u0a39\u0a48\u0964 \u0a1f\u0a42\u0a30 \u0a38\u0a3c\u0a3e\u0a2e 5:00 \u0a35\u0a1c\u0a47 \u0a09\u0a38\u0a47 \u0a2c\u0a70\u0a26\u0a30\u0a17\u0a3e\u0a39 &#039;\u0a24\u0a47 \u0a38\u0a2e\u0a3e\u0a2a\u0a24 \u0a39\u0a4b\u0a35\u0a47\u0a17\u0a3e \u0a1c\u0a3f\u0a71\u0a25\u0a4b\u0a02 \u0a07\u0a39 \u0a38\u0a3c\u0a41\u0a30\u0a42 \u0a39\u0a4b\u0a35\u0a47\u0a17\u0a3e\u0964<br \/>\nn<br \/>\n\u0a28\u0a4b\u0a1f: \u0a07\u0a39 \u0a1f\u0a42\u0a30 \u0a28\u0a3f\u0a71\u0a1c\u0a40 \u0a28\u0a39\u0a40\u0a02 \u0a39\u0a48\u0964<strong>\u00a0\u0a07\u0a71\u0a15 \u0a28\u0a3f\u0a71\u0a1c\u0a40 \u0a26\u0a4c\u0a30\u0a47 \u0a32\u0a08 \u0a15\u0a3f\u0a30\u0a2a\u0a3e \u0a15\u0a30\u0a15\u0a47 \u0a38\u0a3e\u0a21\u0a47 \u0a28\u0a3e\u0a32 \u0a38\u0a70\u0a2a\u0a30\u0a15 \u0a15\u0a30\u0a4b.<\/strong><br \/>\nn<\/p>\n<ul>\nn \t<\/p>\n<li>\u0a35\u0a4d\u0a39\u0a47\u0a32 \u0a26\u0a47\u0a16\u0a23 \u0a26\u0a40 \u0a2f\u0a3e\u0a24\u0a30\u0a3e<\/li>\n<p>n \t<\/p>\n<li>\u0a06\u0a2c\u0a1c\u0a3c\u0a30\u0a35\u0a47\u0a1f\u0a30\u0a40 \u0a32\u0a08 \u0a26\u0a3e\u0a16\u0a32\u0a3e \u0a2b\u0a40\u0a38<\/li>\n<p>n \t<\/p>\n<li>\u0a2c\u0a40\u0a1a &#039;\u0a24\u0a47 \u0a2c\u0a41\u0a2b\u0a47 \u0a32\u0a70\u0a1a \u0a38\u0a3c\u0a3e\u0a2e\u0a32 \u0a39\u0a48<\/li>\n<p>n \t<\/p>\n<li>\u0a15\u0a3f\u0a38\u0a3c\u0a24\u0a40 \u0a1f\u0a4d\u0a30\u0a3e\u0a02\u0a38\u0a2b\u0a30<\/li>\n<p>n \t<\/p>\n<li>\u0a15\u0a48\u0a2a\u0a1f\u0a28 \u0a28\u0a3f\u0a30\u0a26\u0a47\u0a38\u0a3c \u0a05\u0a24\u0a47 \u0a28\u0a3f\u0a17\u0a30\u0a3e\u0a28\u0a40 \u0a2a\u0a4d\u0a30\u0a26\u0a3e\u0a28 \u0a15\u0a30\u0a26\u0a3e \u0a39\u0a48<\/li>\n<p>n \t<\/p>\n<li>\u0a1f\u0a42\u0a30 \u0a17\u0a3e\u0a08\u0a21<\/li>\n<p>n<\/ul>\n<p>n&nbsp;<br \/>\nn<\/p>\n<h4><a id=\"inclusions-exclusions\" class=\"aal_anchor\" href=\"https:\/\/www.boattoursamana.com\/pa\/%e0%a8%9f%e0%a9%82%e0%a8%b0\/samana-cayo-levantado-bacardi-island-and-whele-watching-miches-from-catamaran\/#inclusions-exclusions\" aria-hidden=\"true\"><\/a><b>\u0a38\u0a2e\u0a3e\u0a35\u0a47\u0a38\u0a3c \u0a05\u0a24\u0a47 \u0a05\u0a32\u0a39\u0a3f\u0a26\u0a17\u0a40<\/b><\/h4>\n<p>n&nbsp;<br \/>\nn<br \/>\nn<b>\u0a38\u0a2e\u0a3e\u0a35\u0a47\u0a38\u0a3c<\/b><br \/>\nn<br \/>\nn&nbsp;<br \/>\nn<\/p>\n<ol>\nn \t<\/p>\n<li>\u0a2c\u0a40\u0a1a &#039;\u0a24\u0a47 \u0a2c\u0a41\u0a2b\u0a47 \u0a26\u0a41\u0a2a\u0a39\u0a3f\u0a30 \u0a26\u0a3e \u0a16\u0a3e\u0a23\u0a3e<\/li>\n<p>n \t<\/p>\n<li>\u0a35\u0a4d\u0a39\u0a47\u0a32 \u0a26\u0a47\u0a16\u0a23\u0a3e<\/li>\n<p>n \t<\/p>\n<li>\u0a1f\u0a42\u0a30 \u0a17\u0a3e\u0a08\u0a21<\/li>\n<p>n \t<\/p>\n<li>\u0a15\u0a48\u0a1f\u0a3e\u0a2e\u0a30\u0a3e\u0a28 \u0a1c\u0a3e\u0a02 \u0a15\u0a3f\u0a38\u0a3c\u0a24\u0a40 \u0a26\u0a40 \u0a2f\u0a3e\u0a24\u0a30\u0a3e<\/li>\n<p>n \t<\/p>\n<li>\u0a38\u0a3e\u0a30\u0a47 \u0a1f\u0a48\u0a15\u0a38, \u0a2b\u0a40\u0a38\u0a3e\u0a02 \u0a05\u0a24\u0a47 \u0a39\u0a48\u0a02\u0a21\u0a32\u0a3f\u0a70\u0a17 \u0a16\u0a30\u0a1a\u0a47<\/li>\n<p>n \t<\/p>\n<li>\u0a38\u0a25\u0a3e\u0a28\u0a15 \u0a1f\u0a48\u0a15\u0a38<\/li>\n<p>n \t<\/p>\n<li>\u0a2a\u0a40\u0a23 \u0a35\u0a3e\u0a32\u0a47 \u0a2a\u0a26\u0a3e\u0a30\u0a25<\/li>\n<p>n \t<\/p>\n<li>\u0a05\u0a32\u0a15\u0a4b\u0a39\u0a32 \u0a35\u0a3e\u0a32\u0a47 \u0a21\u0a30\u0a3f\u0a70\u0a15\u0a38<\/li>\n<p>n<\/ol>\n<p>n<b>\u0a2c\u0a47\u0a26\u0a16\u0a32\u0a40<\/b><br \/>\nn<\/p>\n<ol>\nn \t<\/p>\n<li>\u0a17\u0a4d\u0a30\u0a48\u0a1a\u0a41\u0a1f\u0a40\u0a1c\u0a3c<\/li>\n<p>n \t<\/p>\n<li>\u0a15\u0a3e\u0a30 \u0a1f\u0a4d\u0a30\u0a3e\u0a02\u0a38\u0a2b\u0a30 \u0a15\u0a30\u0a4b<\/li>\n<p>n<\/ol>\n<p>n&nbsp;<br \/>\nn<\/p>\n<h4><a id=\"departure-return\" class=\"aal_anchor\" href=\"https:\/\/www.boattoursamana.com\/pa\/%e0%a8%9f%e0%a9%82%e0%a8%b0\/samana-cayo-levantado-bacardi-island-and-whele-watching-miches-from-catamaran\/#departure-return\" aria-hidden=\"true\"><\/a><em><strong>\u0a30\u0a35\u0a3e\u0a28\u0a17\u0a40 \u0a05\u0a24\u0a47 \u0a35\u0a3e\u0a2a\u0a38\u0a40<\/strong><\/em><\/h4>\n<p>n \u0a30\u0a3f\u0a1c\u0a3c\u0a30\u0a35\u0a47\u0a38\u0a3c\u0a28 \u0a2a\u0a4d\u0a30\u0a15\u0a3f\u0a30\u0a3f\u0a06 \u0a24\u0a4b\u0a02 \u0a2c\u0a3e\u0a05\u0a26 \u0a2f\u0a3e\u0a24\u0a30\u0a40 \u0a28\u0a42\u0a70 \u0a07\u0a71\u0a15 \u0a2e\u0a40\u0a1f\u0a3f\u0a70\u0a17 \u0a2a\u0a41\u0a06\u0a07\u0a70\u0a1f \u0a2e\u0a3f\u0a32\u0a47\u0a17\u0a3e\u0964 \u0a38\u0a3e\u0a21\u0a47 \u0a2e\u0a40\u0a1f\u0a3f\u0a70\u0a17 \u0a2a\u0a41\u0a06\u0a07\u0a70\u0a1f\u0a3e\u0a02 \u0a35\u0a3f\u0a71\u0a1a \u0a1f\u0a42\u0a30 \u0a38\u0a3c\u0a41\u0a30\u0a42 \u0a05\u0a24\u0a47 \u0a38\u0a2e\u0a3e\u0a2a\u0a24 \u0a39\u0a41\u0a70\u0a26\u0a47 \u0a39\u0a28\u0964<br \/>\nn<br \/>\nn&nbsp;<br \/>\nn<\/p>\n<h4><a id=\"what-to-expect\" class=\"aal_anchor\" href=\"https:\/\/www.boattoursamana.com\/pa\/%e0%a8%9f%e0%a9%82%e0%a8%b0\/samana-cayo-levantado-bacardi-island-and-whele-watching-miches-from-catamaran\/#what-to-expect\" aria-hidden=\"true\"><\/a><b><i>\u0a15\u0a40 \u0a09\u0a2e\u0a40\u0a26 \u0a15\u0a30\u0a28\u0a40 \u0a39\u0a48?<\/i><\/b><\/h4>\n<p>n&nbsp;<br \/>\nn<br \/>\nn<em><strong>\u0a06\u0a2a\u0a23\u0a40\u0a06\u0a02 \u0a1f\u0a3f\u0a15\u0a1f\u0a3e\u0a02 \u0a2a\u0a4d\u0a30\u0a3e\u0a2a\u0a24 \u0a15\u0a30\u0a4b<\/strong><\/em>\u00a0\u0a07\u0a71\u0a15 \u0a26\u0a3f\u0a28 \u0a32\u0a08 \u0a38\u0a2e\u0a3e\u0a28\u0a3e \u0a16\u0a3e\u0a5c\u0a40 \u0a35\u0a3f\u0a71\u0a1a \u0a35\u0a4d\u0a39\u0a47\u0a32 \u0a26\u0a47\u0a16\u0a23 \u0a26\u0a3e \u0a1f\u0a42\u0a30, \u0a15\u0a48\u0a1f\u0a3e\u0a2e\u0a30\u0a3e\u0a28 \u0a35\u0a3f\u0a71\u0a1a \u0a2e\u0a3f\u0a38\u0a3c\u0a47\u0a38 \u0a24\u0a4b\u0a02 \u0a38\u0a25\u0a3e\u0a28\u0a15 \u0a21\u0a30\u0a3f\u0a70\u0a15\u0a38 \u0a05\u0a24\u0a47 \u0a07\u0a71\u0a15 \u0a38\u0a3c\u0a3e\u0a28\u0a26\u0a3e\u0a30 \u0a26\u0a41\u0a2a\u0a39\u0a3f\u0a30 \u0a26\u0a47 \u0a16\u0a3e\u0a23\u0a47 \u0a05\u0a24\u0a47 \u0a2c\u0a40\u0a1a \u0a26\u0a47 \u0a38\u0a2e\u0a47\u0a02 \u0a26\u0a47 \u0a28\u0a3e\u0a32 \u0a38\u0a3c\u0a41\u0a30\u0a42 \u0a39\u0a41\u0a70\u0a26\u0a3e \u0a39\u0a48\u0964<br \/>\nn<br \/>\n\u0a35\u0a4d\u0a39\u0a47\u0a32 \u0a26\u0a47\u0a16\u0a23 \u0a26\u0a40\u0a06\u0a02 \u0a2f\u0a3e\u0a24\u0a30\u0a3e\u0a35\u0a3e\u0a02 &quot;\u0a2c\u0a41\u0a15\u0a3f\u0a70\u0a17 \u0a10\u0a21\u0a35\u0a48\u0a02\u0a1a\u0a30\u0a1c\u0a3c&quot; \u0a26\u0a41\u0a06\u0a30\u0a3e \u0a06\u0a2f\u0a4b\u0a1c\u0a3f\u0a24 \u0a15\u0a40\u0a24\u0a40\u0a06\u0a02 \u0a1c\u0a3e\u0a02\u0a26\u0a40\u0a06\u0a02 \u0a39\u0a28, \u0a1f\u0a42\u0a30 \u0a17\u0a3e\u0a08\u0a21 \u0a26\u0a47 \u0a28\u0a3e\u0a32 \u0a38\u0a48\u0a71\u0a1f \u0a15\u0a40\u0a24\u0a47 \u0a2e\u0a40\u0a1f\u0a3f\u0a70\u0a17 \u0a2a\u0a41\u0a06\u0a07\u0a70\u0a1f \u0a24\u0a4b\u0a02 \u0a38\u0a3c\u0a41\u0a30\u0a42 \u0a39\u0a41\u0a70\u0a26\u0a40 \u0a39\u0a48\u0964 \u0a2c\u0a40\u0a1a &#039;\u0a24\u0a47 \u0a32\u0a70\u0a1a \u0a15\u0a30\u0a4b \u0a05\u0a24\u0a47 \u0a24\u0a41\u0a38\u0a40\u0a02 \u0a1c\u0a3f\u0a70\u0a28\u0a3e \u0a1a\u0a3f\u0a30 \u0a24\u0a48\u0a30\u0a3e\u0a15\u0a40 \u0a15\u0a30\u0a28\u0a3e \u0a1a\u0a3e\u0a39\u0a41\u0a70\u0a26\u0a47 \u0a39\u0a4b \u0a09\u0a71\u0a25\u0a47 \u0a30\u0a39\u0a3f \u0a38\u0a15\u0a26\u0a47 \u0a39\u0a4b\u0964 \u0a1c\u0a47\u0a15\u0a30 \u0a24\u0a41\u0a38\u0a40\u0a02 \u0a38\u0a3c\u0a3e\u0a15\u0a3e\u0a39\u0a3e\u0a30\u0a40 \u0a39\u0a4b \u0a24\u0a3e\u0a02 \u0a05\u0a38\u0a40\u0a02 \u0a24\u0a41\u0a39\u0a3e\u0a21\u0a47 \u0a32\u0a08 \u0a15\u0a41\u0a1d \u0a2d\u0a4b\u0a1c\u0a28 \u0a35\u0a40 \u0a38\u0a48\u0a71\u0a1f \u0a15\u0a30 \u0a38\u0a15\u0a26\u0a47 \u0a39\u0a3e\u0a02\u0964<br \/>\nn<br \/>\nn<strong>\u0a38\u0a2e\u0a3e\u0a02 \u0a38\u0a3e\u0a30\u0a23\u0a40:<\/strong><br \/>\nn<br \/>\nn 8:45 AM - 5:00 PM<br \/>\nn<br \/>\nn&nbsp;<br \/>\nn<\/p>\n<h4><a id=\"what-you-should-bring\" class=\"aal_anchor\" href=\"https:\/\/www.boattoursamana.com\/pa\/%e0%a8%9f%e0%a9%82%e0%a8%b0\/samana-cayo-levantado-bacardi-island-and-whele-watching-miches-from-catamaran\/#what-you-should-bring\" aria-hidden=\"true\"><\/a><em><strong>\u0a24\u0a41\u0a39\u0a3e\u0a28\u0a42\u0a70 \u0a15\u0a40 \u0a32\u0a3f\u0a06\u0a09\u0a23\u0a3e \u0a1a\u0a3e\u0a39\u0a40\u0a26\u0a3e \u0a39\u0a48?<\/strong><\/em><\/h4>\n<p>n<\/p>\n<ul>\nn \t<\/p>\n<li>\u0a15\u0a48\u0a2e\u0a30\u0a3e<\/li>\n<p>n \t<\/p>\n<li>\u0a2a\u0a4d\u0a30\u0a24\u0a40\u0a30\u0a4b\u0a27\u0a15 \u0a2e\u0a41\u0a15\u0a41\u0a32<\/li>\n<p>n \t<\/p>\n<li>\u0a38\u0a28\u0a15\u0a4d\u0a30\u0a40\u0a2e<\/li>\n<p>n \t<\/p>\n<li>\u0a1f\u0a4b\u0a2a\u0a40<\/li>\n<p>n \t<\/p>\n<li>\u0a06\u0a30\u0a3e\u0a2e\u0a26\u0a3e\u0a07\u0a15 \u0a2a\u0a48\u0a02\u0a1f<\/li>\n<p>n \t<\/p>\n<li>\u0a2c\u0a40\u0a1a \u0a28\u0a42\u0a70 \u0a38\u0a48\u0a02\u0a21\u0a32<\/li>\n<p>n \t<\/p>\n<li>\u0a24\u0a48\u0a30\u0a3e\u0a15\u0a40 \u0a2a\u0a39\u0a3f\u0a28\u0a23<\/li>\n<p>n \t<\/p>\n<li>\u0a38\u0a2e\u0a3e\u0a30\u0a15 \u0a32\u0a08 \u0a28\u0a15\u0a26<\/li>\n<p>n<\/ul>\n<p>n&nbsp;<br \/>\nn<\/p>\n<h4><a id=\"hotel-pickup\" class=\"aal_anchor\" href=\"https:\/\/www.boattoursamana.com\/pa\/%e0%a8%9f%e0%a9%82%e0%a8%b0\/samana-cayo-levantado-bacardi-island-and-whele-watching-miches-from-catamaran\/#hotel-pickup\" aria-hidden=\"true\"><\/a><b><i>\u0a39\u0a4b\u0a1f\u0a32 \u0a2a\u0a3f\u0a15\u0a05\u0a71\u0a2a<\/i><\/b><\/h4>\n<p>n \u0a07\u0a38 \u0a1f\u0a42\u0a30 \u0a32\u0a08 \u0a39\u0a4b\u0a1f\u0a32 \u0a2a\u0a3f\u0a15-\u0a05\u0a71\u0a2a \u0a26\u0a40 \u0a2a\u0a47\u0a38\u0a3c\u0a15\u0a38\u0a3c \u0a28\u0a39\u0a40\u0a02 \u0a15\u0a40\u0a24\u0a40 \u0a1c\u0a3e\u0a02\u0a26\u0a40 \u0a39\u0a48\u0964<br \/>\nn<br \/>\nn&nbsp;<br \/>\nn<br \/>\nn<b>\u0a28\u0a4b\u0a1f:<\/b>\u00a0\u0a1c\u0a47\u0a15\u0a30 \u0a24\u0a41\u0a38\u0a40\u0a02 \u0a1f\u0a42\u0a30\/\u0a38\u0a48\u0a30-\u0a38\u0a2a\u0a3e\u0a1f\u0a3e \u0a30\u0a35\u0a3e\u0a28\u0a17\u0a40 \u0a26\u0a47 \u0a38\u0a2e\u0a47\u0a02 \u0a26\u0a47 24 \u0a18\u0a70\u0a1f\u0a3f\u0a06\u0a02 \u0a26\u0a47 \u0a05\u0a70\u0a26\u0a30 \u0a2c\u0a41\u0a15\u0a3f\u0a70\u0a17 \u0a15\u0a30 \u0a30\u0a39\u0a47 \u0a39\u0a4b, \u0a24\u0a3e\u0a02 \u0a05\u0a38\u0a40\u0a02 \u0a35\u0a3e\u0a27\u0a42 \u0a16\u0a30\u0a1a\u0a3f\u0a06\u0a02 \u0a28\u0a3e\u0a32 \u0a39\u0a4b\u0a1f\u0a32 \u0a2a\u0a3f\u0a15-\u0a05\u0a71\u0a2a \u0a26\u0a3e \u0a2a\u0a4d\u0a30\u0a2c\u0a70\u0a27 \u0a15\u0a30 \u0a38\u0a15\u0a26\u0a47 \u0a39\u0a3e\u0a02\u0964 \u0a07\u0a71\u0a15 \u0a35\u0a3e\u0a30 \u0a1c\u0a26\u0a4b\u0a02 \u0a24\u0a41\u0a39\u0a3e\u0a21\u0a40 \u0a16\u0a30\u0a40\u0a26 \u0a2a\u0a42\u0a30\u0a40 \u0a39\u0a4b \u0a1c\u0a3e\u0a02\u0a26\u0a40 \u0a39\u0a48, \u0a05\u0a38\u0a40\u0a02 \u0a24\u0a41\u0a39\u0a3e\u0a28\u0a42\u0a70 \u0a2a\u0a3f\u0a15-\u0a05\u0a71\u0a2a \u0a2a\u0a4d\u0a30\u0a2c\u0a70\u0a27\u0a3e\u0a02 \u0a28\u0a42\u0a70 \u0a38\u0a70\u0a17\u0a20\u0a3f\u0a24 \u0a15\u0a30\u0a28 \u0a32\u0a08 \u0a38\u0a3e\u0a21\u0a40 \u0a38\u0a25\u0a3e\u0a28\u0a15 \u0a1f\u0a42\u0a30 \u0a17\u0a3e\u0a08\u0a21 \u0a32\u0a08 \u0a2a\u0a42\u0a30\u0a40 \u0a38\u0a70\u0a2a\u0a30\u0a15 \u0a1c\u0a3e\u0a23\u0a15\u0a3e\u0a30\u0a40 (\u0a2b\u0a3c\u0a4b\u0a28 \u0a28\u0a70\u0a2c\u0a30, \u0a08\u0a2e\u0a47\u0a32 \u0a2a\u0a24\u0a3e, \u0a06\u0a26\u0a3f) \u0a2d\u0a47\u0a1c\u0a3e\u0a02\u0a17\u0a47\u0964<br \/>\nn<\/p>\n<h4><a id=\"additional-info-confirmation\" class=\"aal_anchor\" href=\"https:\/\/www.boattoursamana.com\/pa\/%e0%a8%9f%e0%a9%82%e0%a8%b0\/samana-cayo-levantado-bacardi-island-and-whele-watching-miches-from-catamaran\/#additional-info-confirmation\" aria-hidden=\"true\"><\/a><b><i>\u0a35\u0a27\u0a40\u0a15 \u0a1c\u0a3e\u0a23\u0a15\u0a3e\u0a30\u0a40 \u0a26\u0a40 \u0a2a\u0a41\u0a38\u0a3c\u0a1f\u0a40<\/i><\/b><\/h4>\n<p>n<\/p>\n<ol>\nn \t<\/p>\n<li>\u0a1f\u0a3f\u0a15\u0a1f\u0a3e\u0a02 \u0a07\u0a38 \u0a1f\u0a42\u0a30 \u0a26\u0a3e \u0a2d\u0a41\u0a17\u0a24\u0a3e\u0a28 \u0a15\u0a30\u0a28 \u0a24\u0a4b\u0a02 \u0a2c\u0a3e\u0a05\u0a26 \u0a30\u0a38\u0a40\u0a26 \u0a39\u0a28\u0964 \u0a24\u0a41\u0a38\u0a40\u0a02 \u0a06\u0a2a\u0a23\u0a47 \u0a2b\u0a3c\u0a4b\u0a28 &#039;\u0a24\u0a47 \u0a2d\u0a41\u0a17\u0a24\u0a3e\u0a28 \u0a26\u0a3f\u0a16\u0a3e \u0a38\u0a15\u0a26\u0a47 \u0a39\u0a4b\u0964<\/li>\n<p>n \t<\/p>\n<li>\u0a2e\u0a40\u0a1f\u0a3f\u0a70\u0a17 \u0a2a\u0a41\u0a06\u0a07\u0a70\u0a1f \u0a30\u0a3f\u0a1c\u0a3c\u0a30\u0a35\u0a47\u0a38\u0a3c\u0a28 \u0a2a\u0a4d\u0a30\u0a15\u0a3f\u0a30\u0a3f\u0a06 \u0a26\u0a47 \u0a2c\u0a3e\u0a05\u0a26 \u0a2a\u0a4d\u0a30\u0a3e\u0a2a\u0a24 \u0a15\u0a40\u0a24\u0a3e \u0a1c\u0a3e\u0a35\u0a47\u0a17\u0a3e.<\/li>\n<p>n \t<\/p>\n<li>\u0a2c\u0a71\u0a1a\u0a3f\u0a06\u0a02 \u0a28\u0a42\u0a70 \u0a07\u0a71\u0a15 \u0a2c\u0a3e\u0a32\u0a17 \u0a26\u0a47 \u0a28\u0a3e\u0a32 \u0a39\u0a4b\u0a23\u0a3e \u0a1a\u0a3e\u0a39\u0a40\u0a26\u0a3e \u0a39\u0a48\u0964<\/li>\n<p>n \t<\/p>\n<li>\u0a35\u0a4d\u0a39\u0a40\u0a32\u0a1a\u0a47\u0a05\u0a30 \u0a2a\u0a39\u0a41\u0a70\u0a1a\u0a2f\u0a4b\u0a17<\/li>\n<p>n \t<\/p>\n<li>\u0a2c\u0a71\u0a1a\u0a3f\u0a06\u0a02 \u0a28\u0a42\u0a70 \u0a17\u0a4b\u0a26\u0a40 &#039;\u0a24\u0a47 \u0a2c\u0a48\u0a20\u0a23\u0a3e \u0a1a\u0a3e\u0a39\u0a40\u0a26\u0a3e \u0a39\u0a48<\/li>\n<p>n \t<\/p>\n<li>\u0a1c\u0a3c\u0a3f\u0a06\u0a26\u0a3e\u0a24\u0a30 \u0a2f\u0a3e\u0a24\u0a30\u0a40 \u0a39\u0a3f\u0a71\u0a38\u0a3e \u0a32\u0a48 \u0a38\u0a15\u0a26\u0a47 \u0a39\u0a28<\/li>\n<p>n<\/ol>\n<p>n<\/p>\n<h4><a id=\"cancellation-policy\" class=\"aal_anchor\" href=\"https:\/\/www.boattoursamana.com\/pa\/%e0%a8%9f%e0%a9%82%e0%a8%b0\/samana-cayo-levantado-bacardi-island-and-whele-watching-miches-from-catamaran\/#cancellation-policy\" aria-hidden=\"true\"><\/a><b><i>\u0a30\u0a71\u0a26 \u0a15\u0a30\u0a28 \u0a26\u0a40 \u0a28\u0a40\u0a24\u0a40<\/i><\/b><\/h4>\n<p>\u0a2a\u0a42\u0a30\u0a40 \u0a30\u0a3f\u0a2b\u0a70\u0a21 \u0a32\u0a08, \u0a05\u0a28\u0a41\u0a2d\u0a35 \u0a26\u0a40 \u0a38\u0a3c\u0a41\u0a30\u0a42\u0a06\u0a24\u0a40 \u0a2e\u0a3f\u0a24\u0a40 \u0a24\u0a4b\u0a02 \u0a18\u0a71\u0a1f\u0a4b-\u0a18\u0a71\u0a1f 24 \u0a18\u0a70\u0a1f\u0a47 \u0a2a\u0a39\u0a3f\u0a32\u0a3e\u0a02 \u0a30\u0a71\u0a26 \u0a15\u0a30\u0a4b\u0964<br \/>\nn<br \/>\nn\n<\/div>\n<p>n\n<\/p><\/div>\n<p>n\n<\/p><\/div>\n<p>n\n<\/p><\/div>\n<p>n\n<\/p><\/div>\n<p>n\n<\/p><\/div>\n<p>n\n<\/p><\/div>\n<p>n\n<\/p><\/div>\n<p>n\n<\/p><\/div>\n<p>n\n<\/p><\/div>\n<p>n\n<\/p><\/div>\n<p>n\n<\/p><\/div>\n<p>n<\/p>\n<div class=\"vc_row wpb_row vc_row-fluid\">\nn<\/p>\n<div class=\"wpb_column vc_column_container vc_col-sm-12\">\nn<\/p>\n<div class=\"vc_column-inner\">\nn<\/p>\n<div class=\"wpb_wrapper\">\nn<\/p>\n<div class=\"vc_empty_space\"><\/div>\n<p>n<\/p>\n<div class=\"wpb_text_column wpb_content_element\">\nn<\/p>\n<div class=\"wpb_wrapper\">\nn<\/p>\n<h4><a id=\"contact-us\" class=\"aal_anchor\" href=\"https:\/\/www.boattoursamana.com\/pa\/%e0%a8%9f%e0%a9%82%e0%a8%b0\/samana-cayo-levantado-bacardi-island-and-whele-watching-miches-from-catamaran\/#contact-us\" aria-hidden=\"true\"><\/a>\u0a38\u0a3e\u0a21\u0a47 \u0a28\u0a3e\u0a32 \u0a38\u0a70\u0a2a\u0a30\u0a15 \u0a15\u0a30\u0a4b?<\/h4>\n<p>n<\/p>\n<h5><\/h5>\n<p>n<em><strong>\u0a38\u0a25\u0a3e\u0a28\u0a15<\/strong>\u00a0\u0a05\u0a24\u0a47\u00a0<strong>\u0a28\u0a3e\u0a17\u0a30\u0a3f\u0a15<\/strong>\u00a0\u0a1f\u0a42\u0a30 \u0a17\u0a3e\u0a08\u0a21 \u0a05\u0a24\u0a47 \u0a2e\u0a39\u0a3f\u0a2e\u0a3e\u0a28 \u0a38\u0a47\u0a35\u0a3e\u0a35\u0a3e\u0a02<\/em><br \/>\nn<br \/>\nn<span class=\"text-turquoise\">\u0a30\u0a3f\u0a1c\u0a3c\u0a30\u0a35\u0a47\u0a38\u0a3c\u0a28:<\/span>\u00a0\u0a21\u0a4b\u0a2e \u0a35\u0a3f\u0a71\u0a1a \u0a1f\u0a42\u0a30 \u0a05\u0a24\u0a47 \u0a38\u0a48\u0a30-\u0a38\u0a2a\u0a3e\u0a1f\u0a3e\u0964 \u0a2a\u0a4d\u0a30\u0a24\u0a40\u0a28\u0a3f\u0a27\u0a40<br \/>\nn<br \/>\nn<img decoding=\"async\" class=\"emoji\" title=\"\u0a38\u0a2e\u0a3e\u0a28\u0a3e \u0a15\u0a3e\u0a2f\u0a4b \u0a32\u0a47\u0a35\u0a48\u0a02\u0a1f\u0a3e\u0a21\u0a4b (\u0a2c\u0a15\u0a3e\u0a30\u0a21\u0a40 \u0a06\u0a08\u0a32\u0a48\u0a02\u0a21) \u0a05\u0a24\u0a47 \u0a15\u0a48\u0a1f\u0a3e\u0a2e\u0a3e\u0a30\u0a28 \u0a35\u0a3f\u0a71\u0a1a \u0a2e\u0a3e\u0a08\u0a15\u0a47\u0a38 \u0a24\u0a4b\u0a02 \u0a35\u0a4d\u0a39\u0a47\u0a32 \u0a26\u0a47\u0a16\u0a26\u0a47 \u0a39\u0a4b\u0a0f\" draggable=\"false\" src=\"https:\/\/s.w.org\/images\/core\/emoji\/11.2.0\/svg\/1f4de.svg\" alt=\" \" \/> \u0a1f\u0a48\u0a32\u0a40\u0a2b\u0a4b\u0a28 \/ Whatsapp <strong><a href=\"tel:+1 (829) 318-9463\">+1 (829) 318-9463.<\/a><\/strong><br \/>\nn<br \/>\nn<img decoding=\"async\" class=\"emoji\" title=\"\u0a38\u0a2e\u0a3e\u0a28\u0a3e \u0a15\u0a3e\u0a2f\u0a4b \u0a32\u0a47\u0a35\u0a48\u0a02\u0a1f\u0a3e\u0a21\u0a4b (\u0a2c\u0a15\u0a3e\u0a30\u0a21\u0a40 \u0a06\u0a08\u0a32\u0a48\u0a02\u0a21) \u0a05\u0a24\u0a47 \u0a15\u0a48\u0a1f\u0a3e\u0a2e\u0a3e\u0a30\u0a28 \u0a35\u0a3f\u0a71\u0a1a \u0a2e\u0a3e\u0a08\u0a15\u0a47\u0a38 \u0a24\u0a4b\u0a02 \u0a35\u0a4d\u0a39\u0a47\u0a32 \u0a26\u0a47\u0a16\u0a26\u0a47 \u0a39\u0a4b\u0a0f\" draggable=\"false\" src=\"https:\/\/s.w.org\/images\/core\/emoji\/11.2.0\/svg\/1f4e9.svg\" alt=\" \" \/>\u00a0<a href=\"mailto:reservabatour@gmail.com\">reservabatour@gmail.com<\/a><br \/>\nn<br \/>\nn<strong>\u0a05\u0a38\u0a40\u0a02 Whatsapp \u0a26\u0a41\u0a06\u0a30\u0a3e \u0a32\u0a1a\u0a15\u0a26\u0a3e\u0a30 \u0a28\u0a3f\u0a1c\u0a40 \u0a1f\u0a42\u0a30 \u0a38\u0a48\u0a71\u0a1f \u0a15\u0a30 \u0a30\u0a39\u0a47 \u0a39\u0a3e\u0a02:\u00a0<a href=\"tel:+1 (829) 318-9463\">+1 (829) 318-9463.<\/a><\/strong><br \/>\nn<br \/>\nn<\/div>\n<p>n\n<\/p><\/div>\n<p>n\n<\/p><\/div>\n<p>n\n<\/p><\/div>\n<p>n\n<\/p><\/div>\n<p>n\n<\/p><\/div>\n<p>n\n<\/p><\/div>\n<p>n\n<\/p><\/div>\n<p>n<\/p>\n\n\t\t<\/div>\n\t<\/div>\n<div class=\"vc_row wpb_row vc_row-fluid\" ><div class=\"wpb_column vc_column_container vc_col-sm-12\"><div class=\"vc_column-inner\"><div class=\"wpb_wrapper\"><div class=\"vc_btn3-container vc_btn3-inline\" ><button class=\"vc_general vc_btn3 vc_btn3-size-md vc_btn3-shape-rounded vc_btn3-style-modern vc_btn3-color-green\">\u0a39\u0a41\u0a23\u0a47 \u0a2c\u0a41\u0a71\u0a15 \u0a15\u0a30\u0a4b<\/button><\/div><\/div><\/div><\/div><\/div>","protected":false},"excerpt":{"rendered":"<p>Whale Miches Tours &amp; Excursiones. Reserve sus boletos para el avistamiento de ballenas en la Bah\u00eda de Saman\u00e1, comenzando desde Miches y visitando Cayo Levantado, tambi\u00e9n conocida como Isla Bacard\u00ed para una aventura con pase de un d\u00eda. n n&nbsp; n nSeleccione la fecha de la excursi\u00f3n: &nbsp;<\/p>","protected":false},"author":2,"featured_media":0,"parent":0,"menu_order":0,"comment_status":"open","ping_status":"closed","template":"","meta":{"footnotes":""},"class_list":["post-15755","page","type-page","status-publish","hentry"],"_links":{"self":[{"href":"https:\/\/www.boattoursamana.com\/pa\/wp-json\/wp\/v2\/pages\/15755","targetHints":{"allow":["GET"]}}],"collection":[{"href":"https:\/\/www.boattoursamana.com\/pa\/wp-json\/wp\/v2\/pages"}],"about":[{"href":"https:\/\/www.boattoursamana.com\/pa\/wp-json\/wp\/v2\/types\/page"}],"author":[{"embeddable":true,"href":"https:\/\/www.boattoursamana.com\/pa\/wp-json\/wp\/v2\/users\/2"}],"replies":[{"embeddable":true,"href":"https:\/\/www.boattoursamana.com\/pa\/wp-json\/wp\/v2\/comments?post=15755"}],"version-history":[{"count":0,"href":"https:\/\/www.boattoursamana.com\/pa\/wp-json\/wp\/v2\/pages\/15755\/revisions"}],"wp:attachment":[{"href":"https:\/\/www.boattoursamana.com\/pa\/wp-json\/wp\/v2\/media?parent=15755"}],"curies":[{"name":"wp","href":"https:\/\/api.w.org\/{rel}","templated":true}]}}