{"id":15769,"date":"2023-07-15T07:43:13","date_gmt":"2023-07-15T07:43:13","guid":{"rendered":"https:\/\/www.ticketswhales.com\/punta-cana-samana-day-trip-el-limon-waterfall-and-bacardi-island\/"},"modified":"2023-07-15T07:43:13","modified_gmt":"2023-07-15T07:43:13","slug":"punta-cana-samana-day-trip-el-limon-waterfall-and-bacardi-island","status":"publish","type":"page","link":"https:\/\/www.boattoursamana.com\/pa\/punta-cana-samana-day-trip-el-limon-waterfall-and-bacardi-island","title":{"rendered":"\u0a2a\u0a41\u0a70\u0a24\u0a3e \u0a15\u0a3e\u0a28\u0a3e: \u0a38\u0a2e\u0a3e\u0a28\u0a3e \u0a21\u0a47 \u0a1f\u0a4d\u0a30\u0a3f\u0a2a - \u0a0f\u0a32 \u0a32\u0a3f\u0a2e\u0a4b\u0a28 \u0a35\u0a3e\u0a1f\u0a30\u0a2b\u0a3e\u0a32 \u0a05\u0a24\u0a47 \u0a2c\u0a15\u0a3e\u0a30\u0a21\u0a40 \u0a06\u0a08\u0a32\u0a48\u0a02\u0a21"},"content":{"rendered":"<p><span style=\"vertical-align: inherit;\"><span style=\"vertical-align: inherit;\">Si est\u00e1s en Punta Cana o B\u00e1varo y quieres hacer una excursi\u00f3n de un d\u00eda pagando menos de lo habitual, reserva este viaje. <\/span><span style=\"vertical-align: inherit;\">Dentro de este viaje, lo llevaremos a Samana, donde en un catamar\u00e1n, lo llevar\u00e1n a Sabana de la Mar, un municipio de Hato Mayor, la casa del Parque Nacional Los Haitises. <\/span><span style=\"vertical-align: inherit;\">Este viaje incluye Safari Tour, Catamar\u00e1n, Cascada y nataci\u00f3n en la playa, y m\u00e1s. <\/span><span style=\"vertical-align: inherit;\">El viaje comienza a las 6:00 am y termina a las 6:30 pm. <\/span><span style=\"vertical-align: inherit;\">\u00a1No te lo pierdas!<\/span><\/span><br \/>\nn<br \/>\nn&nbsp;<br \/>\nn<br \/>\nn&nbsp;<br \/>\nn<br \/>\nn<strong><span style=\"vertical-align: inherit;\"><span style=\"vertical-align: inherit;\">Seleccione la fecha para el tour\u00a0<\/span><\/span><\/strong><\/p>\n<p>&nbsp;<\/p>\n<div class=\"vc_row wpb_row vc_row-fluid\" ><div class=\"wpb_column vc_column_container vc_col-sm-12\"><div class=\"vc_column-inner\"><div class=\"wpb_wrapper\"><div class=\"mkdf-section-title-holder\" style=\"text-align: left\">\n\t<div class=\"mkdf-st-inner\">\n\t\t\t\t\t<h5 class=\"mkdf-st-subtitle\" >\n\t\t\t\t(\u0a2a\u0a3f\u0a70\u0a1f\u0a3e \u0a15\u0a3e\u0a28\u0a3e \u0a35\u0a3f\u0a71\u0a1a \u0a2a\u0a3f\u0a15-\u0a05\u0a71\u0a2a)\t\t\t<\/h5>\n\t\t\t\t\t\t\t<h3 class=\"mkdf-st-title\" >\n\t\t\t\t\u0a2a\u0a41\u0a70\u0a24\u0a3e \u0a15\u0a3e\u0a28\u0a3e \u0a24\u0a4b\u0a02 \u0a38\u0a2e\u0a3e\u0a28\u0a3e \u0a21\u0a47 \u0a1f\u0a4d\u0a30\u0a3f\u0a2a - \u0a10\u0a32 \u0a32\u0a3f\u0a2e\u0a4b\u0a28 \u0a35\u0a3e\u0a1f\u0a30\u0a2b\u0a3e\u0a32 \u0a05\u0a24\u0a47 \u0a2c\u0a15\u0a3e\u0a30\u0a21\u0a40 \u0a06\u0a08\u0a32\u0a48\u0a02\u0a21\t\t\t<\/h3>\n\t\t\t\t\t<\/div>\n<\/div><\/div><\/div><\/div><\/div><div class=\"vc_row wpb_row vc_row-fluid\" ><\/div><div class=\"vc_row wpb_row vc_row-fluid\" ><\/div><div class=\"wpb_column vc_column_container vc_col-sm-12\"><div class=\"vc_column-inner\"><div class=\"wpb_wrapper\"><\/div><\/div><\/div>\n\t<div class=\"wpb_text_column wpb_content_element\" >\n\t\t<div class=\"wpb_wrapper\">\n\t\t\t\n\t\t<\/div>\n\t<\/div>\n<div class=\"vc_row wpb_row vc_row-fluid\" ><\/div><div class=\"vc_row wpb_row vc_row-fluid\" ><\/div><div class=\"wpb_column vc_column_container vc_col-sm-12\"><div class=\"vc_column-inner\"><div class=\"wpb_wrapper\"><div class=\"vc_btn3-container vc_btn3-inline\" ><a class=\"vc_general vc_btn3 vc_btn3-size-md vc_btn3-shape-rounded vc_btn3-style-modern vc_btn3-color-green\" href=\"https:\/\/bookingadventures.tours\/booking.php?tour_id=2d52ebf3635f3c30a26b2bdd1f47c0d8\" title=\"\" rel=\"noopener\">\u0a39\u0a41\u0a23\u0a47 \u0a2c\u0a41\u0a71\u0a15 \u0a15\u0a30\u0a4b<\/a><\/div><\/div><\/div><\/div><div class=\"vc_empty_space\"   style=\"height: 32px\"><span class=\"vc_empty_space_inner\"><\/span><\/div><div class=\"vc_empty_space\"   style=\"height: 32px\"><span class=\"vc_empty_space_inner\"><\/span><\/div><div class=\"vc_row wpb_row vc_row-fluid\" ><div class=\"wpb_column vc_column_container vc_col-sm-12\"><div class=\"vc_column-inner\"><div class=\"wpb_wrapper\"><\/div><\/div><\/div><\/div>","protected":false},"excerpt":{"rendered":"<p>Si est\u00e1s en Punta Cana o B\u00e1varo y quieres hacer una excursi\u00f3n de un d\u00eda pagando menos de lo habitual, reserva este viaje. Dentro de este viaje, lo llevaremos a Samana, donde en un catamar\u00e1n, lo llevar\u00e1n a Sabana de la Mar, un municipio de Hato Mayor, la casa del Parque Nacional Los Haitises. Este viaje incluye Safari Tour, Catamar\u00e1n, Cascada y nataci\u00f3n en la playa, y m\u00e1s. El viaje comienza a las 6:00 am y termina a las 6:30 [&hellip;]<\/p>\n","protected":false},"author":2,"featured_media":0,"parent":0,"menu_order":0,"comment_status":"open","ping_status":"closed","template":"","meta":{"footnotes":""},"class_list":["post-15769","page","type-page","status-publish","hentry"],"_links":{"self":[{"href":"https:\/\/www.boattoursamana.com\/pa\/wp-json\/wp\/v2\/pages\/15769","targetHints":{"allow":["GET"]}}],"collection":[{"href":"https:\/\/www.boattoursamana.com\/pa\/wp-json\/wp\/v2\/pages"}],"about":[{"href":"https:\/\/www.boattoursamana.com\/pa\/wp-json\/wp\/v2\/types\/page"}],"author":[{"embeddable":true,"href":"https:\/\/www.boattoursamana.com\/pa\/wp-json\/wp\/v2\/users\/2"}],"replies":[{"embeddable":true,"href":"https:\/\/www.boattoursamana.com\/pa\/wp-json\/wp\/v2\/comments?post=15769"}],"version-history":[{"count":0,"href":"https:\/\/www.boattoursamana.com\/pa\/wp-json\/wp\/v2\/pages\/15769\/revisions"}],"wp:attachment":[{"href":"https:\/\/www.boattoursamana.com\/pa\/wp-json\/wp\/v2\/media?parent=15769"}],"curies":[{"name":"wp","href":"https:\/\/api.w.org\/{rel}","templated":true}]}}