{"id":15817,"date":"2023-07-15T07:44:18","date_gmt":"2023-07-15T07:44:18","guid":{"rendered":"https:\/\/www.ticketswhales.com\/los-haitises-national-park-and-cayo-levantado-from-sabana-de-la-mar\/"},"modified":"2023-07-15T07:44:18","modified_gmt":"2023-07-15T07:44:18","slug":"los-haitises-national-park-and-cayo-levantado-from-sabana-de-la-mar","status":"publish","type":"page","link":"https:\/\/www.boattoursamana.com\/pa\/los-haitises-national-park-and-cayo-levantado-from-sabana-de-la-mar","title":{"rendered":"\u0a32\u0a3e\u0a38 \u0a39\u0a48\u0a1f\u0a3f\u0a38 \u0a28\u0a48\u0a38\u0a3c\u0a28\u0a32 \u0a2a\u0a3e\u0a30\u0a15 \u0a05\u0a24\u0a47 \u0a15\u0a3e\u0a2f\u0a4b \u0a32\u0a47\u0a35\u0a3e\u0a02\u0a1f\u0a3e\u0a21\u0a4b \u0a38\u0a2c\u0a3e\u0a28\u0a3e \u0a21\u0a47 \u0a32\u0a3e \u0a2e\u0a3e\u0a30 \u0a24\u0a4b\u0a02"},"content":{"rendered":"<p><span style=\"vertical-align: inherit;\"><span style=\"vertical-align: inherit;\">Parque Nacional Los Haitises Desde Sabana de la mar m\u00e1s Almuerzo en Isla Bacard\u00ed. <\/span><span style=\"vertical-align: inherit;\">Ven con nosotros y visita el parque nacional m\u00e1s hermoso de la Rep\u00fablica Dominicana, visitando manglares, cuevas y la bah\u00eda de San Lorenzo, adem\u00e1s de cruzar la hermosa bah\u00eda de Saman\u00e1. <\/span><span style=\"vertical-align: inherit;\">Para visitar la isla Bacard\u00ed, almuerce en la playa y nade en una de las playas m\u00e1s bonitas de la bah\u00eda de Saman\u00e1. <\/span><span style=\"vertical-align: inherit;\">Despu\u00e9s de este<\/span><\/span><br \/>\nn<br \/>\nn<span style=\"vertical-align: inherit;\"><span style=\"vertical-align: inherit;\">Despu\u00e9s de esta experiencia, regresar\u00e1 al puerto de Sabana de la mar.<\/span><\/span><br \/>\nn<br \/>\nn&nbsp;<br \/>\nn<br \/>\nn<strong><span style=\"vertical-align: inherit;\"><span style=\"vertical-align: inherit;\">\u0a1a\u0a4b\u0a23 \u0a15\u0a30\u0a4b \u0a32\u0a3e \u0a2b\u0a47\u0a1a\u0a3e \u0a2a\u0a48\u0a30\u0a3e \u0a0f\u0a32 \u0a1f\u0a42\u0a30:<\/span><\/span><\/strong><\/p>\n<p>&nbsp;<\/p>\n<div class=\"vc_row wpb_row vc_row-fluid\" ><div class=\"wpb_column vc_column_container vc_col-sm-12\"><div class=\"vc_column-inner\"><div class=\"wpb_wrapper\"><div class=\"vc_btn3-container vc_btn3-inline\" ><button class=\"vc_general vc_btn3 vc_btn3-size-md vc_btn3-shape-rounded vc_btn3-style-modern vc_btn3-color-green\">\u0a39\u0a41\u0a23\u0a47 \u0a2c\u0a41\u0a71\u0a15 \u0a15\u0a30\u0a4b<\/button><\/div>\n\t<div class=\"wpb_text_column wpb_content_element\" >\n\t\t<div class=\"wpb_wrapper\">\n\t\t\t<p>Los Haitises National Park and Cayo Levantado From Sabana de la Mar<\/p>\n\n\t\t<\/div>\n\t<\/div>\n<\/div><\/div><\/div><\/div><div class=\"vc_row wpb_row vc_row-fluid\" ><div class=\"wpb_column vc_column_container vc_col-sm-12\"><div class=\"vc_column-inner\"><div class=\"wpb_wrapper\">\n\t<div class=\"wpb_text_column wpb_content_element\" >\n\t\t<div class=\"wpb_wrapper\">\n\t\t\t<p>\nn<\/p>\n<h4><\/h4>\n<p>n<\/p>\n<h2>Los Haitises National Park and Cayo Levantado From Sabana de la Mar<\/h2>\n<p>n<\/p>\n<h4><b><i>\u0a38\u0a70\u0a16\u0a47\u0a2a \u0a1c\u0a3e\u0a23\u0a15\u0a3e\u0a30\u0a40 <\/i><\/b><\/h4>\n<p>nPick up in Your Hotel at Sabana de La Mar on comfortable transfer to Los Haitises National Park\u00a0 From Punta Cana plus Lunch at Bacardi Island.\u00a0 Come with us and visit the most beautiful national park of the Dominican Republic, Visiting Mangroves, Caves and San Lorenzo Bay plus crossing the gorgeous Saman\u00e1 bay. To Visit Bacardi island, have lunch at the beach and Swimming in one of the most pretty beaches in Saman\u00e1 Bay. After this<br \/>\nn<br \/>\nnAfter this experience, you will get Back to Sabana de la mar.<br \/>\nn<\/p>\n<ul>\nn \t<\/p>\n<li style=\"font-weight: 400;\">\u0a2b\u0a40\u0a38\u0a3e\u0a02 \u0a38\u0a3c\u0a3e\u0a2e\u0a32 \u0a39\u0a28<\/li>\n<p>n \t<\/p>\n<li>\u0a2c\u0a15\u0a3e\u0a30\u0a21\u0a40 \u0a1f\u0a3e\u0a2a\u0a42 &#039;\u0a24\u0a47 \u0a26\u0a41\u0a2a\u0a39\u0a3f\u0a30 \u0a26\u0a3e \u0a16\u0a3e\u0a23\u0a3e \u0a38\u0a3c\u0a3e\u0a2e\u0a32 \u0a39\u0a48<\/li>\n<p>n \t<\/p>\n<li style=\"font-weight: 400;\"><span style=\"font-weight: 400;\">\u0a17\u0a3e\u0a08\u0a21 \u0a39\u0a3f\u0a26\u0a3e\u0a07\u0a24 \u0a05\u0a24\u0a47 \u0a28\u0a3f\u0a17\u0a30\u0a3e\u0a28\u0a40 \u0a2a\u0a4d\u0a30\u0a26\u0a3e\u0a28 \u0a15\u0a30\u0a26\u0a40 \u0a39\u0a48<\/span><\/li>\n<p>n<\/ul>\n<p>n&nbsp;<br \/>\nn<\/p>\n<h4><b>\u0a38\u0a2e\u0a3e\u0a35\u0a47\u0a38\u0a3c \u0a05\u0a24\u0a47 \u0a05\u0a32\u0a39\u0a3f\u0a26\u0a17\u0a40<\/b><\/h4>\n<p>n<b>\u0a38\u0a2e\u0a3e\u0a35\u0a47\u0a38\u0a3c<\/b><br \/>\nn<\/p>\n<ol>\nn \t<\/p>\n<li style=\"font-weight: 400;\">\u0a32\u0a3e\u0a38 \u0a39\u0a48\u0a1f\u0a3f\u0a38 \u0a1f\u0a42\u0a30 + \u0a17\u0a41\u0a2b\u0a3e\u0a35\u0a3e\u0a02 \u0a05\u0a24\u0a47 \u0a24\u0a38\u0a35\u0a40\u0a30\u0a3e\u0a02<\/li>\n<p>n \t<\/p>\n<li>\u0a15\u0a3f\u0a38\u0a3c\u0a24\u0a40 \u0a26\u0a40 \u0a2f\u0a3e\u0a24\u0a30\u0a3e<\/li>\n<p>n \t<\/p>\n<li>Cayo Levantado (Bacardi Island) \u0a35\u0a3f\u0a16\u0a47 \u0a26\u0a41\u0a2a\u0a39\u0a3f\u0a30 \u0a26\u0a3e \u0a16\u0a3e\u0a23\u0a3e \u0a1c\u0a47 \u0a24\u0a41\u0a38\u0a40\u0a02 \u0a07\u0a38\u0a47 \u0a24\u0a30\u0a4d\u0a39\u0a3e\u0a02 \u0a26\u0a3e \u0a26\u0a4c\u0a30\u0a3e \u0a2a\u0a38\u0a70\u0a26 \u0a15\u0a30\u0a4b\u0a17\u0a47: Los Haitises + Ca\u00f1o Hondo<\/li>\n<p>n \t<\/p>\n<li style=\"font-weight: 400;\"><span style=\"font-weight: 400;\">\u0a38\u0a3e\u0a30\u0a47 \u0a1f\u0a48\u0a15\u0a38, \u0a2b\u0a40\u0a38\u0a3e\u0a02 \u0a05\u0a24\u0a47 \u0a39\u0a48\u0a02\u0a21\u0a32\u0a3f\u0a70\u0a17 \u0a16\u0a30\u0a1a\u0a47<\/span><\/li>\n<p>n \t<\/p>\n<li style=\"font-weight: 400;\"><span style=\"font-weight: 400;\">\u0a38\u0a25\u0a3e\u0a28\u0a15 \u0a1f\u0a48\u0a15\u0a38<\/span><\/li>\n<p>n \t<\/p>\n<li style=\"font-weight: 400;\"><span style=\"font-weight: 400;\">\u0a2a\u0a40\u0a23 \u0a35\u0a3e\u0a32\u0a47 \u0a2a\u0a26\u0a3e\u0a30\u0a25<\/span><\/li>\n<p>n \t<\/p>\n<li style=\"font-weight: 400;\"><span style=\"font-weight: 400;\">\u0a38\u0a3e\u0a30\u0a40\u0a06\u0a02 \u0a17\u0a24\u0a40\u0a35\u0a3f\u0a27\u0a40\u0a06\u0a02<\/span><\/li>\n<p>n \t<\/p>\n<li style=\"font-weight: 400;\"><span style=\"font-weight: 400;\">\u0a38\u0a25\u0a3e\u0a28\u0a15 \u0a17\u0a3e\u0a08\u0a21<\/span><\/li>\n<p>n<\/ol>\n<p>n<b> \u0a2c\u0a47\u0a26\u0a16\u0a32\u0a40<\/b><br \/>\nn<\/p>\n<ol>\nn \t<\/p>\n<li style=\"font-weight: 400;\"><span style=\"font-weight: 400;\">\u0a17\u0a4d\u0a30\u0a48\u0a1a\u0a41\u0a1f\u0a40\u0a1c\u0a3c<\/span><\/li>\n<p>n \t<\/p>\n<li style=\"font-weight: 400;\"><span style=\"font-weight: 400;\">\u0a05\u0a32\u0a15\u0a4b\u0a39\u0a32 \u0a35\u0a3e\u0a32\u0a47 \u0a21\u0a30\u0a3f\u0a70\u0a15\u0a38<\/span><\/li>\n<p>n<\/ol>\n<p>n&nbsp;<br \/>\nn<\/p>\n<h4><em><strong>\u0a30\u0a35\u0a3e\u0a28\u0a17\u0a40 \u0a05\u0a24\u0a47 \u0a35\u0a3e\u0a2a\u0a38\u0a40<\/strong><\/em><\/h4>\n<p>n<span style=\"font-weight: 400;\">\u0a30\u0a3f\u0a1c\u0a3c\u0a30\u0a35\u0a47\u0a38\u0a3c\u0a28 \u0a2a\u0a4d\u0a30\u0a15\u0a3f\u0a30\u0a3f\u0a06 \u0a24\u0a4b\u0a02 \u0a2c\u0a3e\u0a05\u0a26 \u0a2f\u0a3e\u0a24\u0a30\u0a40 \u0a28\u0a42\u0a70 \u0a07\u0a71\u0a15 \u0a2e\u0a40\u0a1f\u0a3f\u0a70\u0a17 \u0a2a\u0a41\u0a06\u0a07\u0a70\u0a1f \u0a2e\u0a3f\u0a32\u0a47\u0a17\u0a3e\u0964 \u0a38\u0a3e\u0a21\u0a47 \u0a2e\u0a40\u0a1f\u0a3f\u0a70\u0a17 \u0a2a\u0a41\u0a06\u0a07\u0a70\u0a1f\u0a3e\u0a02 \u0a35\u0a3f\u0a71\u0a1a \u0a1f\u0a42\u0a30 \u0a38\u0a3c\u0a41\u0a30\u0a42 \u0a05\u0a24\u0a47 \u0a38\u0a2e\u0a3e\u0a2a\u0a24 \u0a39\u0a41\u0a70\u0a26\u0a47 \u0a39\u0a28\u0964<\/span><br \/>\nn<br \/>\nn&nbsp;<br \/>\nn<\/p>\n<h2>Los Haitises National Park and Cayo Levantado From Sabana de la Mar<\/h2>\n<p>n<\/p>\n<h4><b><i>\u0a15\u0a40 \u0a09\u0a2e\u0a40\u0a26 \u0a15\u0a30\u0a28\u0a40 \u0a39\u0a48?<\/i><\/b><\/h4>\n<p>n<b><i>\u0a35\u0a40<\/i><\/b>isiting<strong> \u0a32\u0a3e\u0a38 \u0a39\u0a48\u0a1f\u0a3f\u0a38 \u0a28\u0a48\u0a38\u0a3c\u0a28\u0a32 \u0a2a\u0a3e\u0a30\u0a15<\/strong> &#039;\u0a24\u0a47 \u0a07\u0a71\u0a15 \u0a38\u0a3c\u0a3e\u0a28\u0a26\u0a3e\u0a30 \u0a26\u0a41\u0a2a\u0a39\u0a3f\u0a30 \u0a26\u0a47 \u0a16\u0a3e\u0a23\u0a47 \u0a26\u0a47 \u0a28\u0a3e\u0a32<strong> \u0a15\u0a3e\u0a2f\u0a4b \u0a32\u0a47\u0a35\u0a3e\u0a02\u0a1f\u0a3e\u0a21\u0a4b \u0a1f\u0a3e\u0a2a\u0a42<\/strong> \u0a05\u0a24\u0a47 \u0a2c\u0a40\u0a1a &#039;\u0a24\u0a47 \u0a24\u0a48\u0a30\u0a3e\u0a15\u0a40. \u0a38\u0a3c\u0a41\u0a30\u0a42 \u0a15\u0a30\u0a28 <strong>from Sabana de la mar areas<\/strong> to take a Boat with a Local tour guide visiting Samana bayside and one of the most beautiful national parks of the Dominican Republic. <em><strong>\u0a39\u0a48\u0a1f\u0a3f\u0a38 \u0a28\u0a48\u0a38\u0a3c\u0a28\u0a32 \u0a2a\u0a3e\u0a30\u0a15<\/strong><\/em>.<br \/>\nn<br \/>\nnThe tour, organized by &#8220;Booking Adventures&#8221; starts at hotels in Punta Cana with transportation. Come with Booking Adventures and start checking some bird-filled mangroves, rolling hills of lush vegetation and caves of <em><strong>\u0a32\u0a3e\u0a38 \u0a39\u0a48\u0a1f\u0a3f\u0a38 \u0a28\u0a48\u0a38\u0a3c\u0a28\u0a32 \u0a2a\u0a3e\u0a30\u0a15<\/strong><\/em>. \u0a06\u0a32\u0a47-\u0a26\u0a41\u0a06\u0a32\u0a47 \u0a26\u0a47 \u0a2a\u0a70\u0a1b\u0a40\u0a06\u0a02 \u0a26\u0a47 \u0a28\u0a3e\u0a32 \u0a1f\u0a3e\u0a2a\u0a42 \u0a26\u0a3e \u0a26\u0a4c\u0a30\u0a3e \u0a15\u0a30\u0a28\u0a3e\u0964 \u0a06\u0a32\u0a4d\u0a39\u0a23\u0a47 \u0a26\u0a47 \u0a2e\u0a4c\u0a38\u0a2e \u0a35\u0a3f\u0a71\u0a1a, \u0a05\u0a38\u0a40\u0a02 \u0a06\u0a32\u0a4d\u0a39\u0a23\u0a47 &#039;\u0a24\u0a47 \u0a2a\u0a47\u0a32\u0a47\u0a15\u0a28\u0a4b\u0a38 \u0a1a\u0a42\u0a1a\u0a47 \u0a35\u0a40 \u0a26\u0a47\u0a16 \u0a38\u0a15\u0a26\u0a47 \u0a39\u0a3e\u0a02\u0964 \u0a30\u0a4c\u0a15\u0a40 \u0a1f\u0a3e\u0a2a\u0a42\u0a06\u0a02 \u0a26\u0a47 \u0a05\u0a70\u0a26\u0a30 \u0a39\u0a4b\u0a30 \u0a35\u0a71\u0a27\u0a23\u0a3e \u0a05\u0a24\u0a47 \u0a38\u0a35\u0a26\u0a47\u0a38\u0a3c\u0a40 \u0a32\u0a4b\u0a15\u0a3e\u0a02 \u0a26\u0a40\u0a06\u0a02 \u0a24\u0a38\u0a35\u0a40\u0a30\u0a3e\u0a02 \u0a05\u0a24\u0a47 \u0a2a\u0a48\u0a1f\u0a30\u0a4b\u0a17\u0a4d\u0a30\u0a3e\u0a2b\u0a3e\u0a02 \u0a28\u0a3e\u0a32 \u0a17\u0a41\u0a2b\u0a3e\u0a35\u0a3e\u0a02 \u0a26\u0a3e \u0a26\u0a4c\u0a30\u0a3e \u0a15\u0a30\u0a28\u0a3e\u0964<br \/>\nn<br \/>\n\u0a16\u0a41\u0a71\u0a32\u0a4d\u0a39\u0a40 \u0a38\u0a48\u0a28 \u0a32\u0a4b\u0a30\u0a47\u0a02\u0a1c\u0a3c\u0a4b \u0a2c\u0a47 &#039;\u0a24\u0a47 \u0a2e\u0a48\u0a02\u0a17\u0a30\u0a4b\u0a35\u0a1c\u0a3c \u0a05\u0a24\u0a47 \u0a32\u0a48\u0a02\u0a21 \u0a26\u0a41\u0a06\u0a30\u0a3e, \u0a1c\u0a3f\u0a71\u0a25\u0a4b\u0a02 \u0a24\u0a41\u0a38\u0a40\u0a02 \u0a30\u0a41\u0a71\u0a16\u0a47 \u0a1c\u0a70\u0a17\u0a32 \u0a26\u0a47 \u0a32\u0a48\u0a02\u0a21\u0a38\u0a15\u0a47\u0a2a \u0a26\u0a40 \u0a2b\u0a4b\u0a1f\u0a4b \u0a32\u0a48 \u0a38\u0a15\u0a26\u0a47 \u0a39\u0a4b\u0964 \u0a25\u0a3e\u0a02 \u0a2c\u0a23\u0a3e\u0a09\u0a23 \u0a32\u0a08 \u0a2a\u0a3e\u0a23\u0a40 \u0a35\u0a71\u0a32 \u0a26\u0a47\u0a16\u0a4b <em><strong>\u0a2e\u0a3e\u0a28\u0a24\u0a47\u0a38<\/strong><\/em>, crustaceans, \u0a05\u0a24\u0a47 <em><strong>\u0a21\u0a3e\u0a32\u0a2b\u0a3f\u0a28<\/strong><\/em><br \/>\nn<\/p>\n<h2><strong>\u0a32\u0a3e\u0a38 \u0a39\u0a48\u0a1f\u0a3f\u0a38 \u0a28\u0a48\u0a38\u0a3c\u0a28\u0a32 \u0a2a\u0a3e\u0a30\u0a15 \u0a35\u0a3f\u0a71\u0a1a \u0a17\u0a41\u0a2b\u0a3e\u0a35\u0a3e\u0a02<\/strong><\/h2>\n<p>n<\/p>\n<div class=\"body-description secondary\">\nn<br \/>\n\u0a30\u0a3e\u0a38\u0a3c\u0a1f\u0a30\u0a40 \u0a2a\u0a3e\u0a30\u0a15 \u0a26\u0a3e \u0a28\u0a3e\u0a2e \u0a07\u0a38\u0a26\u0a47 \u0a2e\u0a42\u0a32 \u0a28\u0a3f\u0a35\u0a3e\u0a38\u0a40, \u0a1f\u0a48\u0a28\u0a4b \u0a07\u0a70\u0a21\u0a40\u0a05\u0a28\u0a1c\u0a3c \u0a24\u0a4b\u0a02 \u0a06\u0a07\u0a06 \u0a39\u0a48\u0964 \u0a09\u0a39\u0a28\u0a3e\u0a02 \u0a26\u0a40 \u0a2d\u0a3e\u0a38\u0a3c\u0a3e \u0a35\u0a3f\u0a71\u0a1a &quot;\u0a39\u0a3e\u0a07\u0a1f\u0a3f\u0a38&quot; \u0a26\u0a3e \u0a05\u0a28\u0a41\u0a35\u0a3e\u0a26 \u0a09\u0a71\u0a1a\u0a40 \u0a2d\u0a42\u0a2e\u0a40 \u0a1c\u0a3e\u0a02 \u0a2a\u0a39\u0a3e\u0a5c\u0a40\u0a06\u0a02 \u0a35\u0a3f\u0a71\u0a1a \u0a39\u0a41\u0a70\u0a26\u0a3e \u0a39\u0a48, \u0a1c\u0a4b \u0a15\u0a3f \u0a1a\u0a42\u0a28\u0a47 \u0a26\u0a47 \u0a2a\u0a71\u0a25\u0a30\u0a3e\u0a02 \u0a26\u0a47 \u0a28\u0a3e\u0a32 \u0a24\u0a71\u0a1f\u0a35\u0a30\u0a24\u0a40 \u0a2d\u0a42-\u0a35\u0a3f\u0a17\u0a3f\u0a06\u0a28\u0a15 \u0a2c\u0a23\u0a24\u0a30 \u0a26\u0a3e \u0a39\u0a35\u0a3e\u0a32\u0a3e \u0a26\u0a3f\u0a70\u0a26\u0a3e \u0a39\u0a48\u0964 \u0a17\u0a41\u0a2b\u0a3e\u0a35\u0a3e\u0a02 \u0a26\u0a40 \u0a2a\u0a5c\u0a1a\u0a4b\u0a32 \u0a15\u0a30\u0a28 \u0a32\u0a08 \u0a2a\u0a3e\u0a30\u0a15 \u0a35\u0a3f\u0a71\u0a1a \u0a21\u0a42\u0a70\u0a18\u0a47 \u0a38\u0a3e\u0a39\u0a38 \u0a1c\u0a3f\u0a35\u0a47\u0a02 \u0a15\u0a3f <em><strong>Cueva de la Arena<\/strong><\/em> \u0a05\u0a24\u0a47 <strong><em>Cueva de la Linea.<\/em><\/strong><br \/>\nn<br \/>\nnCaves in the reserve were used as shelter by the Taino Indians and, later, by hiding pirates. Look for drawings by Indians that decorate some of the walls. After visiting Los Haitises National Park we will go back to Saman\u00e1 port passing Saman\u00e1 bay 30 min and visiting Bacardi island. We will have a typical lunch on the island. If you are vegan no worries we also have food for you!<br \/>\nn<br \/>\nnAfter swimming full afternoon and chilling on the beach our tour guide will set time to go back to Sabana de la mar port.<br \/>\nn<br \/>\nn<\/div>\n<p>nIn Case you will like this trip longer or Shorter we have these options:<br \/>\nn<\/p>\n<ol>\nn \t<\/p>\n<li>\u0a38\u0a2e\u0a3e\u0a28\u0a3e \u0a2a\u0a4b\u0a30\u0a1f \u0a24\u0a4b\u0a02 \u0a2c\u0a38 \u0a32\u0a4b\u0a38 \u0a39\u0a48\u0a1f\u0a3f\u0a38.<\/li>\n<p>n \t<\/p>\n<li>\u0a38\u0a2e\u0a3e\u0a28\u0a3e \u0a2a\u0a4b\u0a30\u0a1f \u0a24\u0a4b\u0a02 \u0a32\u0a4b\u0a38 \u0a39\u0a48\u0a1f\u0a3f\u0a38 + \u0a15\u0a48\u0a28\u0a4b \u0a39\u0a4b\u0a02\u0a21\u0a4b\u0964<\/li>\n<p>n<\/ol>\n<p>n&nbsp;<br \/>\nn<\/p>\n<h4><em><strong>\u0a24\u0a41\u0a39\u0a3e\u0a28\u0a42\u0a70 \u0a15\u0a40 \u0a32\u0a3f\u0a06\u0a09\u0a23\u0a3e \u0a1a\u0a3e\u0a39\u0a40\u0a26\u0a3e \u0a39\u0a48?<\/strong><\/em><\/h4>\n<p>n<\/p>\n<ul>\nn \t<\/p>\n<li style=\"font-weight: 400;\"><span style=\"font-weight: 400;\">\u0a15\u0a48\u0a2e\u0a30\u0a3e<\/span><\/li>\n<p>n \t<\/p>\n<li style=\"font-weight: 400;\"><span style=\"font-weight: 400;\">\u0a2a\u0a4d\u0a30\u0a24\u0a40\u0a30\u0a4b\u0a27\u0a15 \u0a2e\u0a41\u0a15\u0a41\u0a32<\/span><\/li>\n<p>n \t<\/p>\n<li style=\"font-weight: 400;\"><span style=\"font-weight: 400;\">\u0a38\u0a28\u0a15\u0a4d\u0a30\u0a40\u0a2e<\/span><\/li>\n<p>n \t<\/p>\n<li style=\"font-weight: 400;\"><span style=\"font-weight: 400;\">\u0a1f\u0a4b\u0a2a\u0a40<\/span><\/li>\n<p>n \t<\/p>\n<li style=\"font-weight: 400;\"><span style=\"font-weight: 400;\">\u0a06\u0a30\u0a3e\u0a2e\u0a26\u0a3e\u0a07\u0a15 \u0a2a\u0a48\u0a02\u0a1f<\/span><\/li>\n<p>n \t<\/p>\n<li style=\"font-weight: 400;\"><span style=\"font-weight: 400;\">\u0a1c\u0a70\u0a17\u0a32 \u0a32\u0a08 \u0a39\u0a3e\u0a08\u0a15\u0a3f\u0a70\u0a17 \u0a1c\u0a41\u0a71\u0a24\u0a47<\/span><\/li>\n<p>n \t<\/p>\n<li style=\"font-weight: 400;\"><span style=\"font-weight: 400;\">\u0a38\u0a2a\u0a30\u0a3f\u0a70\u0a17 \u0a16\u0a47\u0a24\u0a30\u0a3e\u0a02 \u0a32\u0a08 \u0a38\u0a48\u0a02\u0a21\u0a32\u0964<\/span><\/li>\n<p>n \t<\/p>\n<li style=\"font-weight: 400;\"><span style=\"font-weight: 400;\">\u0a24\u0a48\u0a30\u0a3e\u0a15\u0a40 \u0a2a\u0a39\u0a3f\u0a28\u0a23<\/span><\/li>\n<p>n<\/ul>\n<p>n&nbsp;<br \/>\nn<\/p>\n<h4><b><i>\u0a39\u0a4b\u0a1f\u0a32 \u0a2a\u0a3f\u0a15\u0a05\u0a71\u0a2a <\/i><\/b><\/h4>\n<p>n<span style=\"font-weight: 400;\">Hotel pick-up is no offered for this tour. <\/span><br \/>\nn<br \/>\nn&nbsp;<br \/>\nn<br \/>\nn<b>\u0a28\u0a4b\u0a1f:<\/b><span style=\"font-weight: 400;\"> \u0a1c\u0a47\u0a15\u0a30 \u0a24\u0a41\u0a38\u0a40\u0a02 \u0a1f\u0a42\u0a30\/\u0a38\u0a48\u0a30-\u0a38\u0a2a\u0a3e\u0a1f\u0a3e \u0a30\u0a35\u0a3e\u0a28\u0a17\u0a40 \u0a26\u0a47 \u0a38\u0a2e\u0a47\u0a02 \u0a26\u0a47 24 \u0a18\u0a70\u0a1f\u0a3f\u0a06\u0a02 \u0a26\u0a47 \u0a05\u0a70\u0a26\u0a30 \u0a2c\u0a41\u0a15\u0a3f\u0a70\u0a17 \u0a15\u0a30 \u0a30\u0a39\u0a47 \u0a39\u0a4b, \u0a24\u0a3e\u0a02 \u0a05\u0a38\u0a40\u0a02 \u0a35\u0a3e\u0a27\u0a42 \u0a16\u0a30\u0a1a\u0a3f\u0a06\u0a02 \u0a28\u0a3e\u0a32 \u0a39\u0a4b\u0a1f\u0a32 \u0a2a\u0a3f\u0a15-\u0a05\u0a71\u0a2a \u0a26\u0a3e \u0a2a\u0a4d\u0a30\u0a2c\u0a70\u0a27 \u0a15\u0a30 \u0a38\u0a15\u0a26\u0a47 \u0a39\u0a3e\u0a02\u0964 \u0a07\u0a71\u0a15 \u0a35\u0a3e\u0a30 \u0a1c\u0a26\u0a4b\u0a02 \u0a24\u0a41\u0a39\u0a3e\u0a21\u0a40 \u0a16\u0a30\u0a40\u0a26 \u0a2a\u0a42\u0a30\u0a40 \u0a39\u0a4b \u0a1c\u0a3e\u0a02\u0a26\u0a40 \u0a39\u0a48, \u0a05\u0a38\u0a40\u0a02 \u0a24\u0a41\u0a39\u0a3e\u0a28\u0a42\u0a70 \u0a2a\u0a3f\u0a15-\u0a05\u0a71\u0a2a \u0a2a\u0a4d\u0a30\u0a2c\u0a70\u0a27\u0a3e\u0a02 \u0a28\u0a42\u0a70 \u0a38\u0a70\u0a17\u0a20\u0a3f\u0a24 \u0a15\u0a30\u0a28 \u0a32\u0a08 \u0a38\u0a3e\u0a21\u0a40 \u0a38\u0a25\u0a3e\u0a28\u0a15 \u0a1f\u0a42\u0a30 \u0a17\u0a3e\u0a08\u0a21 \u0a32\u0a08 \u0a2a\u0a42\u0a30\u0a40 \u0a38\u0a70\u0a2a\u0a30\u0a15 \u0a1c\u0a3e\u0a23\u0a15\u0a3e\u0a30\u0a40 (\u0a2b\u0a3c\u0a4b\u0a28 \u0a28\u0a70\u0a2c\u0a30, \u0a08\u0a2e\u0a47\u0a32 \u0a2a\u0a24\u0a3e, \u0a06\u0a26\u0a3f) \u0a2d\u0a47\u0a1c\u0a3e\u0a02\u0a17\u0a47\u0964<\/span><br \/>\nn<\/p>\n<h4><b><i>\u0a35\u0a27\u0a40\u0a15 \u0a1c\u0a3e\u0a23\u0a15\u0a3e\u0a30\u0a40 \u0a26\u0a40 \u0a2a\u0a41\u0a38\u0a3c\u0a1f\u0a40 <\/i><\/b><\/h4>\n<p>n<\/p>\n<ol>\nn \t<\/p>\n<li>\u0a1f\u0a3f\u0a15\u0a1f\u0a3e\u0a02 \u0a07\u0a38 \u0a1f\u0a42\u0a30 \u0a26\u0a3e \u0a2d\u0a41\u0a17\u0a24\u0a3e\u0a28 \u0a15\u0a30\u0a28 \u0a24\u0a4b\u0a02 \u0a2c\u0a3e\u0a05\u0a26 \u0a30\u0a38\u0a40\u0a26 \u0a39\u0a28\u0964 \u0a24\u0a41\u0a38\u0a40\u0a02 \u0a06\u0a2a\u0a23\u0a47 \u0a2b\u0a3c\u0a4b\u0a28 &#039;\u0a24\u0a47 \u0a2d\u0a41\u0a17\u0a24\u0a3e\u0a28 \u0a26\u0a3f\u0a16\u0a3e \u0a38\u0a15\u0a26\u0a47 \u0a39\u0a4b\u0964<\/li>\n<p>n \t<\/p>\n<li style=\"font-weight: 400;\"><span style=\"font-weight: 400;\">\u0a2e\u0a40\u0a1f\u0a3f\u0a70\u0a17 \u0a2a\u0a41\u0a06\u0a07\u0a70\u0a1f \u0a30\u0a3f\u0a1c\u0a3c\u0a30\u0a35\u0a47\u0a38\u0a3c\u0a28 \u0a2a\u0a4d\u0a30\u0a15\u0a3f\u0a30\u0a3f\u0a06 \u0a26\u0a47 \u0a2c\u0a3e\u0a05\u0a26 \u0a2a\u0a4d\u0a30\u0a3e\u0a2a\u0a24 \u0a15\u0a40\u0a24\u0a3e \u0a1c\u0a3e\u0a35\u0a47\u0a17\u0a3e.<\/span><\/li>\n<p>n \t<\/p>\n<li style=\"font-weight: 400;\"><span style=\"font-weight: 400;\">\u0a2c\u0a71\u0a1a\u0a3f\u0a06\u0a02 \u0a28\u0a42\u0a70 \u0a07\u0a71\u0a15 \u0a2c\u0a3e\u0a32\u0a17 \u0a26\u0a47 \u0a28\u0a3e\u0a32 \u0a39\u0a4b\u0a23\u0a3e \u0a1a\u0a3e\u0a39\u0a40\u0a26\u0a3e \u0a39\u0a48\u0964<\/span><\/li>\n<p>n \t<\/p>\n<li style=\"font-weight: 400;\"><span style=\"font-weight: 400;\"> \u0a35\u0a4d\u0a39\u0a40\u0a32\u0a1a\u0a47\u0a05\u0a30 \u0a2a\u0a39\u0a41\u0a70\u0a1a\u0a2f\u0a4b\u0a17 \u0a28\u0a39\u0a40\u0a02 \u0a39\u0a48 <\/span><\/li>\n<p>n \t<\/p>\n<li style=\"font-weight: 400;\"><span style=\"font-weight: 400;\">\u0a2c\u0a71\u0a1a\u0a3f\u0a06\u0a02 \u0a28\u0a42\u0a70 \u0a17\u0a4b\u0a26\u0a40 &#039;\u0a24\u0a47 \u0a2c\u0a48\u0a20\u0a23\u0a3e \u0a1a\u0a3e\u0a39\u0a40\u0a26\u0a3e \u0a39\u0a48 <\/span><\/li>\n<p>n \t<\/p>\n<li style=\"font-weight: 400;\"><span style=\"font-weight: 400;\">\u0a2a\u0a3f\u0a71\u0a20 \u0a26\u0a40\u0a06\u0a02 \u0a38\u0a2e\u0a71\u0a38\u0a3f\u0a06\u0a35\u0a3e\u0a02 \u0a35\u0a3e\u0a32\u0a47 \u0a2f\u0a3e\u0a24\u0a30\u0a40\u0a06\u0a02 \u0a32\u0a08 \u0a38\u0a3f\u0a2b\u0a3e\u0a30\u0a38\u0a3c \u0a28\u0a39\u0a40\u0a02 \u0a15\u0a40\u0a24\u0a40 \u0a1c\u0a3e\u0a02\u0a26\u0a40<\/span><\/li>\n<p>n \t<\/p>\n<li style=\"font-weight: 400;\"><span style=\"font-weight: 400;\">\u0a17\u0a30\u0a2d\u0a35\u0a24\u0a40 \u0a2f\u0a3e\u0a24\u0a30\u0a40\u0a06\u0a02 \u0a32\u0a08 \u0a38\u0a3f\u0a2b\u0a3e\u0a30\u0a38\u0a3c \u0a28\u0a39\u0a40\u0a02 \u0a15\u0a40\u0a24\u0a40 \u0a1c\u0a3e\u0a02\u0a26\u0a40 <\/span><\/li>\n<p>n \t<\/p>\n<li style=\"font-weight: 400;\"><span style=\"font-weight: 400;\"> \u0a15\u0a4b\u0a08 \u0a26\u0a3f\u0a32 \u0a26\u0a40\u0a06\u0a02 \u0a38\u0a2e\u0a71\u0a38\u0a3f\u0a06\u0a35\u0a3e\u0a02 \u0a1c\u0a3e\u0a02 \u0a39\u0a4b\u0a30 \u0a17\u0a70\u0a2d\u0a40\u0a30 \u0a21\u0a3e\u0a15\u0a1f\u0a30\u0a40 \u0a38\u0a25\u0a3f\u0a24\u0a40\u0a06\u0a02 \u0a28\u0a39\u0a40\u0a02 \u0a39\u0a28 <\/span><\/li>\n<p>n \t<\/p>\n<li style=\"font-weight: 400;\"><span style=\"font-weight: 400;\">\u0a1c\u0a3c\u0a3f\u0a06\u0a26\u0a3e\u0a24\u0a30 \u0a2f\u0a3e\u0a24\u0a30\u0a40 \u0a39\u0a3f\u0a71\u0a38\u0a3e \u0a32\u0a48 \u0a38\u0a15\u0a26\u0a47 \u0a39\u0a28<\/span><\/li>\n<p>n<\/ol>\n<p>n<\/p>\n<h4><b><i>\u0a30\u0a71\u0a26 \u0a15\u0a30\u0a28 \u0a26\u0a40 \u0a28\u0a40\u0a24\u0a40<\/i><\/b><\/h4>\n<p>\u0a2a\u0a42\u0a30\u0a40 \u0a30\u0a3f\u0a2b\u0a70\u0a21 \u0a32\u0a08, \u0a15\u0a3f\u0a30\u0a2a\u0a3e \u0a15\u0a30\u0a15\u0a47 \u0a38\u0a3e\u0a21\u0a40\u0a06\u0a02 \u0a30\u0a71\u0a26 \u0a15\u0a30\u0a28 \u0a26\u0a40\u0a06\u0a02 \u0a28\u0a40\u0a24\u0a40\u0a06\u0a02 \u0a2a\u0a5c\u0a4d\u0a39\u0a4b\u00a0<a href=\"https:\/\/www.boattoursamana.com\/pa\/%e0%a8%86%e0%a8%a8%e0%a8%b2%e0%a8%be%e0%a8%88%e0%a8%a8-%e0%a8%ac%e0%a9%81%e0%a8%95%e0%a8%bf%e0%a9%b0%e0%a8%97\/\" target=\"_blank\" rel=\"noopener\" data-saferedirecturl=\"https:\/\/www.google.com\/url?q=https:\/\/www.boattoursamana.com\/online-booking\/&amp;source=gmail&amp;ust=1672449202351000&amp;usg=AOvVaw1yAeVAPktmaVCqDujgUn90\">\u0a07\u0a71\u0a25\u0a47 \u0a15\u0a32\u0a3f\u0a71\u0a15 \u0a15\u0a30\u0a4b<\/a>. \u0a1c\u0a47\u0a15\u0a30 \u0a30\u0a3f\u0a1c\u0a3c\u0a30\u0a35\u0a47\u0a38\u0a3c\u0a28 \u0a2f\u0a3e\u0a24\u0a30\u0a3e \u0a26\u0a47 \u0a09\u0a38\u0a47 \u0a26\u0a3f\u0a28 \u0a30\u0a71\u0a26 \u0a39\u0a4b \u0a1c\u0a3e\u0a02\u0a26\u0a40 \u0a39\u0a48 \u0a24\u0a3e\u0a02 \u0a2b\u0a70\u0a21 \u0a16\u0a24\u0a2e \u0a39\u0a4b \u0a1c\u0a3e\u0a23\u0a17\u0a47\u0964<\/p>\n\n\t\t<\/div>\n\t<\/div>\n<div class=\"vc_btn3-container vc_btn3-inline\" ><button class=\"vc_general vc_btn3 vc_btn3-size-md vc_btn3-shape-rounded vc_btn3-style-modern vc_btn3-color-green\">\u0a39\u0a41\u0a23\u0a47 \u0a2c\u0a41\u0a71\u0a15 \u0a15\u0a30\u0a4b<\/button><\/div>\n\t<div class=\"wpb_video_widget wpb_content_element vc_clearfix   vc_video-aspect-ratio-169 vc_video-el-width-100 vc_video-align-left\" >\n\t\t<div class=\"wpb_wrapper\">\n\t\t\t<h2 class=\"wpb_heading wpb_video_heading\">\u0a32\u0a3e\u0a38 \u0a39\u0a48\u0a1f\u0a3f\u0a38 \u0a28\u0a48\u0a38\u0a3c\u0a28\u0a32 \u0a2a\u0a3e\u0a30\u0a15<\/h2>\n\t\t\t<div class=\"wpb_video_wrapper\"><iframe loading=\"lazy\" title=\"\u0a32\u0a3e\u0a38 \u0a39\u0a48\u0a1f\u0a3f\u0a38 \u0a28\u0a48\u0a38\u0a3c\u0a28\u0a32 \u0a2a\u0a3e\u0a30\u0a15 \u0a1f\u0a42\u0a30 \u0a05\u0a24\u0a47 \u0a38\u0a48\u0a30-\u0a38\u0a2a\u0a3e\u0a1f\u0a3e\" width=\"1100\" height=\"619\" src=\"https:\/\/www.youtube.com\/embed\/vMI4Ou81cd4?feature=oembed\" frameborder=\"0\" allow=\"accelerometer; autoplay; clipboard-write; encrypted-media; gyroscope; picture-in-picture; web-share\" allowfullscreen><\/iframe><\/div>\n\t\t<\/div>\n\t<\/div>\n<\/div><\/div><\/div><\/div><div class=\"vc_row wpb_row vc_row-fluid\" ><\/div><div class=\"wpb_column vc_column_container vc_col-sm-12\"><div class=\"vc_column-inner\"><div class=\"wpb_wrapper\"><\/div><\/div><\/div><div class=\"vc_empty_space\"   style=\"height: 32px\"><span class=\"vc_empty_space_inner\"><\/span><\/div><div class=\"vc_empty_space\"   style=\"height: 32px\"><span class=\"vc_empty_space_inner\"><\/span><\/div><div class=\"vc_row wpb_row vc_row-fluid\" ><\/div><div class=\"wpb_column vc_column_container vc_col-sm-12\"><div class=\"vc_column-inner\"><div class=\"wpb_wrapper\"><\/div><\/div><\/div><div class=\"vc_empty_space\"   style=\"height: 32px\"><span class=\"vc_empty_space_inner\"><\/span><\/div><div class=\"vc_row wpb_row vc_row-fluid\" ><\/div><div class=\"wpb_column vc_column_container vc_col-sm-12\"><div class=\"vc_column-inner\"><div class=\"wpb_wrapper\"><\/div><\/div><\/div><div class=\"vc_row wpb_row vc_row-fluid\" ><div class=\"wpb_column vc_column_container vc_col-sm-12\"><div class=\"vc_column-inner\"><div class=\"wpb_wrapper\"><div class=\"vc_btn3-container vc_btn3-inline\" ><button class=\"vc_general vc_btn3 vc_btn3-size-md vc_btn3-shape-rounded vc_btn3-style-modern vc_btn3-color-green\">\u0a39\u0a41\u0a23\u0a47 \u0a2c\u0a41\u0a71\u0a15 \u0a15\u0a30\u0a4b<\/button><\/div><\/div><\/div><\/div><\/div>","protected":false},"excerpt":{"rendered":"<p>Parque Nacional Los Haitises Desde Sabana de la mar m\u00e1s Almuerzo en Isla Bacard\u00ed. Ven con nosotros y visita el parque nacional m\u00e1s hermoso de la Rep\u00fablica Dominicana, visitando manglares, cuevas y la bah\u00eda de San Lorenzo, adem\u00e1s de cruzar la hermosa bah\u00eda de Saman\u00e1. Para visitar la isla Bacard\u00ed, almuerce en la playa y nade en una de las playas m\u00e1s bonitas de la bah\u00eda de Saman\u00e1. Despu\u00e9s de este n nDespu\u00e9s de esta experiencia, regresar\u00e1 al puerto de [&hellip;]<\/p>\n","protected":false},"author":2,"featured_media":0,"parent":0,"menu_order":0,"comment_status":"open","ping_status":"closed","template":"","meta":{"footnotes":""},"class_list":["post-15817","page","type-page","status-publish","hentry"],"_links":{"self":[{"href":"https:\/\/www.boattoursamana.com\/pa\/wp-json\/wp\/v2\/pages\/15817","targetHints":{"allow":["GET"]}}],"collection":[{"href":"https:\/\/www.boattoursamana.com\/pa\/wp-json\/wp\/v2\/pages"}],"about":[{"href":"https:\/\/www.boattoursamana.com\/pa\/wp-json\/wp\/v2\/types\/page"}],"author":[{"embeddable":true,"href":"https:\/\/www.boattoursamana.com\/pa\/wp-json\/wp\/v2\/users\/2"}],"replies":[{"embeddable":true,"href":"https:\/\/www.boattoursamana.com\/pa\/wp-json\/wp\/v2\/comments?post=15817"}],"version-history":[{"count":0,"href":"https:\/\/www.boattoursamana.com\/pa\/wp-json\/wp\/v2\/pages\/15817\/revisions"}],"wp:attachment":[{"href":"https:\/\/www.boattoursamana.com\/pa\/wp-json\/wp\/v2\/media?parent=15817"}],"curies":[{"name":"wp","href":"https:\/\/api.w.org\/{rel}","templated":true}]}}