{"id":15831,"date":"2023-07-15T07:44:42","date_gmt":"2023-07-15T07:44:42","guid":{"rendered":"https:\/\/www.ticketswhales.com\/montana-redonda-miches-round-mountain-day-pass-lunch-included\/"},"modified":"2023-07-15T07:44:42","modified_gmt":"2023-07-15T07:44:42","slug":"montana-redonda-miches-round-mountain-day-pass-lunch-included","status":"publish","type":"page","link":"https:\/\/www.boattoursamana.com\/pa\/montana-redonda-miches-round-mountain-day-pass-lunch-included","title":{"rendered":"Montana Redonda Miches (\u0a17\u0a4b\u0a32 \u0a2a\u0a39\u0a3e\u0a5c) \u0a26\u0a3f\u0a35\u0a38 \u0a2a\u0a3e\u0a38. \u0a26\u0a41\u0a2a\u0a39\u0a3f\u0a30 \u0a26\u0a3e \u0a16\u0a3e\u0a23\u0a3e \u0a38\u0a3c\u0a3e\u0a2e\u0a32 \u0a39\u0a48\u0964"},"content":{"rendered":"<p><span style=\"vertical-align: inherit;\"><span style=\"vertical-align: inherit;\">Obtenga sus boletos de pase de un d\u00eda para Montana Redonda. <\/span><span style=\"vertical-align: inherit;\">Reserve ahora su viaje a la monta\u00f1a y almuerce con nosotros mientras puede disfrutar de las incre\u00edbles vistas y tener el mejor viaje seguro de su vida.<\/span><\/span><br \/>\nn<br \/>\nn&nbsp;<br \/>\nn<br \/>\nn<strong><span style=\"vertical-align: inherit;\"><span style=\"vertical-align: inherit;\">\u0a1a\u0a4b\u0a23 \u0a15\u0a30\u0a4b \u0a32\u0a3e \u0a2b\u0a47\u0a1a\u0a3e \u0a2a\u0a48\u0a30\u0a3e \u0a0f\u0a32 \u0a1f\u0a42\u0a30:\u00a0<\/span><\/span><\/strong><\/p>\n<p>&nbsp;<\/p>\n<div class=\"vc_row wpb_row vc_row-fluid\" ><div class=\"wpb_column vc_column_container vc_col-sm-12\"><div class=\"vc_column-inner\"><div class=\"wpb_wrapper\">\n\t<div class=\"wpb_text_column wpb_content_element\" >\n\t\t<div class=\"wpb_wrapper\">\n\t\t\t<p>\nn<\/p>\n<h2><strong>Montana Redonda Miches (\u0a17\u0a4b\u0a32 \u0a2a\u0a39\u0a3e\u0a5c) \u0a26\u0a3f\u0a35\u0a38 \u0a2a\u0a3e\u0a38.<\/strong><\/h2>\n<p>n<\/p>\n\n\t\t<\/div>\n\t<\/div>\n<\/div><\/div><\/div><\/div><div class=\"vc_row wpb_row vc_row-fluid\" ><div class=\"wpb_column vc_column_container vc_col-sm-12\"><div class=\"vc_column-inner\"><div class=\"wpb_wrapper\">\n\t<div class=\"wpb_text_column wpb_content_element\" >\n\t\t<div class=\"wpb_wrapper\">\n\t\t\t<p>\nn<\/p>\n<h3>Montana Redonda Miches (\u0a17\u0a4b\u0a32 \u0a2a\u0a39\u0a3e\u0a5c) \u0a26\u0a3f\u0a35\u0a38 \u0a2a\u0a3e\u0a38. \u0a26\u0a41\u0a2a\u0a39\u0a3f\u0a30 \u0a26\u0a3e \u0a16\u0a3e\u0a23\u0a3e \u0a38\u0a3c\u0a3e\u0a2e\u0a32 \u0a39\u0a48\u0964<\/h3>\n<p>n<\/p>\n<h4><b><i>\u0a38\u0a70\u0a16\u0a47\u0a2a \u0a1c\u0a3e\u0a23\u0a15\u0a3e\u0a30\u0a40 <\/i><\/b><\/h4>\n<p>\u0a1c\u0a3c\u0a2b\u0a3c\u0a30\u0a40 \u0a1f\u0a30\u0a71\u0a15 &#039;\u0a24\u0a47 \u0a1a\u0a5c\u0a4d\u0a39\u0a4b \u0a05\u0a24\u0a47 \u0a15\u0a41\u0a26\u0a30\u0a24 \u0a05\u0a24\u0a47 \u0a38\u0a2e\u0a41\u0a70\u0a26\u0a30 \u0a26\u0a47 \u0a38\u0a3c\u0a3e\u0a28\u0a26\u0a3e\u0a30 \u0a26\u0a4d\u0a30\u0a3f\u0a38\u0a3c\u0a3e\u0a02 \u0a26\u0a3e \u0a05\u0a28\u0a70\u0a26 \u0a32\u0a48\u0a02\u0a26\u0a47 \u0a39\u0a4b\u0a0f \u0a38\u0a3e\u0a28\u0a42\u0a70 \u0a38\u0a3f\u0a16\u0a30 &#039;\u0a24\u0a47 \u0a32\u0a48 \u0a1c\u0a3e\u0a13\u0964 \u0a1c\u0a26\u0a4b\u0a02 \u0a24\u0a41\u0a38\u0a40\u0a02 \u0a38\u0a3f\u0a16\u0a30 &#039;\u0a24\u0a47 \u0a2a\u0a39\u0a41\u0a70\u0a1a \u0a1c\u0a3e\u0a02\u0a26\u0a47 \u0a39\u0a4b \u0a24\u0a3e\u0a02 \u0a24\u0a41\u0a39\u0a3e\u0a21\u0a47 \u0a15\u0a4b\u0a32 \u0a06\u0a2a\u0a23\u0a47 \u0a06\u0a2a \u0a28\u0a42\u0a70 \u0a39\u0a48\u0a30\u0a3e\u0a28 \u0a15\u0a30\u0a28 \u0a05\u0a24\u0a47 \u0a28\u0a30\u0a42\u0a24\u0a3e\u0a32\u0a47\u0a1c\u0a3c\u0a3e \u0a26\u0a40 \u0a38\u0a41\u0a70\u0a26\u0a30\u0a24\u0a3e \u0a28\u0a3e\u0a32 \u0a2a\u0a3f\u0a06\u0a30 \u0a15\u0a30\u0a28 \u0a26\u0a3e \u0a2e\u0a4c\u0a15\u0a3e \u0a39\u0a4b\u0a35\u0a47\u0a17\u0a3e \u0a1c\u0a26\u0a4b\u0a02 \u0a24\u0a41\u0a38\u0a40\u0a02 \u0a15\u0a41\u0a1d \u0a38\u0a3c\u0a3e\u0a28\u0a26\u0a3e\u0a30 \u0a2b\u0a4b\u0a1f\u0a4b\u0a06\u0a02 \u0a32\u0a48\u0a02\u0a26\u0a47 \u0a39\u0a4b\u0964 \u0a07\u0a38 \u0a2b\u0a3f\u0a30\u0a26\u0a4c\u0a38 \u0a35\u0a3f\u0a71\u0a1a \u0a06\u0a30\u0a3e\u0a2e \u0a15\u0a30\u0a28 \u0a32\u0a08 \u0a24\u0a41\u0a39\u0a3e\u0a21\u0a47 \u0a15\u0a4b\u0a32 \u0a26\u0a41\u0a2a\u0a39\u0a3f\u0a30 \u0a26\u0a3e \u0a16\u0a3e\u0a23\u0a3e \u0a05\u0a24\u0a47 \u0a38\u0a2e\u0a3e\u0a02 \u0a39\u0a4b\u0a35\u0a47\u0a17\u0a3e\u0964 \u0a2e\u0a4b\u0a02\u0a1f\u0a3e\u0a28\u0a3e \u0a30\u0a47\u0a21\u0a4b\u0a02\u0a21\u0a3e 1000 \u0a2b\u0a41\u0a71\u0a1f \u0a09\u0a71\u0a1a\u0a47 \u0a2e\u0a38\u0a3c\u0a39\u0a42\u0a30 \u0a2a\u0a39\u0a3e\u0a5c &#039;\u0a24\u0a47 360-\u0a21\u0a3f\u0a17\u0a30\u0a40 \u0a2a\u0a48\u0a28\u0a4b\u0a30\u0a3e\u0a2e\u0a3f\u0a15 \u0a26\u0a4d\u0a30\u0a3f\u0a38\u0a3c \u0a26\u0a40 \u0a2a\u0a3e\u0a32\u0a23\u0a3e \u0a15\u0a30\u0a4b \u0a1c\u0a3f\u0a71\u0a25\u0a47 \u0a24\u0a41\u0a38\u0a40\u0a02 \u0a09\u0a71\u0a21\u0a26\u0a47 \u0a2a\u0a70\u0a1b\u0a40\u0a06\u0a02 \u0a28\u0a42\u0a70 \u0a26\u0a47\u0a16\u0a26\u0a47 \u0a39\u0a4b\u0a0f \u0a2d\u0a4b\u0a1c\u0a28 \u0a26\u0a3e \u0a06\u0a28\u0a70\u0a26 \u0a2e\u0a3e\u0a23\u0a4b\u0a17\u0a47, \u0a05\u0a24\u0a47 \u0a15\u0a41\u0a26\u0a30\u0a24 \u0a26\u0a47 \u0a39\u0a30\u0a47 \u0a2d\u0a30\u0a47 \u0a38\u0a3c\u0a3e\u0a28\u0a26\u0a3e\u0a30 \u0a26\u0a4d\u0a30\u0a3f\u0a38\u0a3c \u0a28\u0a42\u0a70 \u0a38\u0a2d \u0a24\u0a4b\u0a02 \u0a35\u0a27\u0a40\u0a06 \u0a39\u0a48.<br \/>\nn<br \/>\nnAfter this experience, you will get Back to The Safari to take you to Our Meeting Point.<br \/>\nn<\/p>\n<ul>\nn \t<\/p>\n<li style=\"font-weight: 400;\">\u0a2b\u0a40\u0a38\u0a3e\u0a02 \u0a38\u0a3c\u0a3e\u0a2e\u0a32 \u0a39\u0a28<\/li>\n<p>n \t<\/p>\n<li>\u0a26\u0a41\u0a2a\u0a39\u0a3f\u0a30 \u0a26\u0a3e \u0a16\u0a3e\u0a23\u0a3e<\/li>\n<p>n \t<\/p>\n<li>\u0a2e\u0a40\u0a1f\u0a3f\u0a70\u0a17 \u0a2a\u0a41\u0a06\u0a07\u0a70\u0a1f \u0a24\u0a4b\u0a02 \u0a06\u0a35\u0a3e\u0a1c\u0a3e\u0a08\u0964<\/li>\n<p>n \t<\/p>\n<li>\u0a2e\u0a4b\u0a02\u0a1f\u0a3e\u0a28\u0a3e \u0a30\u0a47\u0a21\u0a4b\u0a02\u0a21\u0a3e<\/li>\n<p>n<\/ul>\n<p>n<\/p>\n<h4><b>\u0a38\u0a2e\u0a3e\u0a35\u0a47\u0a38\u0a3c \u0a05\u0a24\u0a47 \u0a05\u0a32\u0a39\u0a3f\u0a26\u0a17\u0a40<\/b><\/h4>\n<p>n<b>\u0a38\u0a2e\u0a3e\u0a35\u0a47\u0a38\u0a3c<\/b><br \/>\nn<\/p>\n<ol>\nn \t<\/p>\n<li>\u0a2e\u0a4b\u0a02\u0a1f\u0a3e\u0a28\u0a3e \u0a30\u0a47\u0a21\u0a4b\u0a02\u0a21\u0a3e<\/li>\n<p>n \t<\/p>\n<li>\u0a26\u0a41\u0a2a\u0a39\u0a3f\u0a30 \u0a26\u0a3e \u0a16\u0a3e\u0a23\u0a3e<\/li>\n<p>n \t<\/p>\n<li style=\"font-weight: 400;\"><span style=\"font-weight: 400;\">\u0a38\u0a3e\u0a30\u0a47 \u0a1f\u0a48\u0a15\u0a38, \u0a2b\u0a40\u0a38\u0a3e\u0a02 \u0a05\u0a24\u0a47 \u0a39\u0a48\u0a02\u0a21\u0a32\u0a3f\u0a70\u0a17 \u0a16\u0a30\u0a1a\u0a47<\/span><\/li>\n<p>n \t<\/p>\n<li style=\"font-weight: 400;\"><span style=\"font-weight: 400;\">\u0a38\u0a25\u0a3e\u0a28\u0a15 \u0a1f\u0a48\u0a15\u0a38<\/span><\/li>\n<p>n \t<\/p>\n<li style=\"font-weight: 400;\"><span style=\"font-weight: 400;\">\u0a2a\u0a40\u0a23 \u0a35\u0a3e\u0a32\u0a47 \u0a2a\u0a26\u0a3e\u0a30\u0a25<\/span><\/li>\n<p>n \t<\/p>\n<li style=\"font-weight: 400;\"><span style=\"font-weight: 400;\">\u0a38\u0a3e\u0a30\u0a40\u0a06\u0a02 \u0a17\u0a24\u0a40\u0a35\u0a3f\u0a27\u0a40\u0a06\u0a02<\/span><\/li>\n<p>n \t<\/p>\n<li style=\"font-weight: 400;\"><span style=\"font-weight: 400;\">\u0a38\u0a25\u0a3e\u0a28\u0a15 \u0a17\u0a3e\u0a08\u0a21<\/span><\/li>\n<p>n<\/ol>\n<p>n<b> \u0a2c\u0a47\u0a26\u0a16\u0a32\u0a40<\/b><br \/>\nn<\/p>\n<ol>\nn \t<\/p>\n<li style=\"font-weight: 400;\"><span style=\"font-weight: 400;\">\u0a17\u0a4d\u0a30\u0a48\u0a1a\u0a41\u0a1f\u0a40\u0a1c\u0a3c<\/span><\/li>\n<p>n \t<\/p>\n<li style=\"font-weight: 400;\"><span style=\"font-weight: 400;\">\u0a05\u0a32\u0a15\u0a4b\u0a39\u0a32 \u0a35\u0a3e\u0a32\u0a47 \u0a21\u0a30\u0a3f\u0a70\u0a15\u0a38<\/span><\/li>\n<p>n<\/ol>\n<p>n&nbsp;<br \/>\nn<\/p>\n<h4><em><strong>\u0a30\u0a35\u0a3e\u0a28\u0a17\u0a40 \u0a05\u0a24\u0a47 \u0a35\u0a3e\u0a2a\u0a38\u0a40<\/strong><\/em><\/h4>\n<p>n<span style=\"font-weight: 400;\">\u0a30\u0a3f\u0a1c\u0a3c\u0a30\u0a35\u0a47\u0a38\u0a3c\u0a28 \u0a2a\u0a4d\u0a30\u0a15\u0a3f\u0a30\u0a3f\u0a06 \u0a24\u0a4b\u0a02 \u0a2c\u0a3e\u0a05\u0a26 \u0a2f\u0a3e\u0a24\u0a30\u0a40 \u0a28\u0a42\u0a70 \u0a07\u0a71\u0a15 \u0a2e\u0a40\u0a1f\u0a3f\u0a70\u0a17 \u0a2a\u0a41\u0a06\u0a07\u0a70\u0a1f \u0a2e\u0a3f\u0a32\u0a47\u0a17\u0a3e\u0964 \u0a1f\u0a42\u0a30 \u0a38\u0a3e\u0a21\u0a47 \u0a2e\u0a40\u0a1f\u0a3f\u0a70\u0a17 \u0a2a\u0a41\u0a06\u0a07\u0a70\u0a1f\u0a3e\u0a02 \u0a35\u0a3f\u0a71\u0a1a \u0a38\u0a3c\u0a41\u0a30\u0a42 \u0a05\u0a24\u0a47 \u0a38\u0a2e\u0a3e\u0a2a\u0a24 \u0a39\u0a41\u0a70\u0a26\u0a47 \u0a39\u0a28\u0964<\/span><br \/>\nn<\/p>\n<h4><\/h4>\n<p>n<\/p>\n<h3>Montana Redonda Miches (\u0a17\u0a4b\u0a32 \u0a2a\u0a39\u0a3e\u0a5c) \u0a26\u0a3f\u0a35\u0a38 \u0a2a\u0a3e\u0a38. \u0a26\u0a41\u0a2a\u0a39\u0a3f\u0a30 \u0a26\u0a3e \u0a16\u0a3e\u0a23\u0a3e \u0a38\u0a3c\u0a3e\u0a2e\u0a32 \u0a39\u0a48\u0964<\/h3>\n<p>n<\/p>\n<h4><b><i>\u0a15\u0a40 \u0a09\u0a2e\u0a40\u0a26 \u0a15\u0a30\u0a28\u0a40 \u0a39\u0a48?<\/i><\/b><\/h4>\n<p>n<em><strong>\u0a06\u0a2a\u0a23\u0a40\u0a06\u0a02 \u0a1f\u0a3f\u0a15\u0a1f\u0a3e\u0a02 \u0a2a\u0a4d\u0a30\u0a3e\u0a2a\u0a24 \u0a15\u0a30\u0a4b<\/strong><\/em> \u0a2e\u0a4b\u0a02\u0a1f\u0a3e\u0a28\u0a3e \u0a30\u0a47\u0a21\u0a4b\u0a02\u0a21\u0a3e (\u0a17\u0a4b\u0a32 \u0a2a\u0a39\u0a3e\u0a5c), \u0a2e\u0a3e\u0a08\u0a1a\u0a47\u0a38 \u0a35\u0a3f\u0a71\u0a1a, \u0a07\u0a71\u0a15 \u0a05\u0a2d\u0a41\u0a71\u0a32 \u0a38\u0a25\u0a3e\u0a28 \u0a39\u0a48, \u0a1c\u0a4b \u0a15\u0a3f \u0a26\u0a47\u0a38\u0a3c \u0a26\u0a40 \u0a15\u0a41\u0a26\u0a30\u0a24 \u0a28\u0a3e\u0a32 \u0a18\u0a3f\u0a30\u0a3f\u0a06 \u0a39\u0a4b\u0a07\u0a06 \u0a39\u0a48, \u0a07\u0a71\u0a15 \u0a38\u0a3c\u0a3e\u0a28\u0a26\u0a3e\u0a30 \u0a26\u0a4d\u0a30\u0a3f\u0a38\u0a3c \u0a26\u0a3e \u0a06\u0a28\u0a70\u0a26 \u0a2e\u0a3e\u0a23\u0a4b, \u0a1c\u0a3f\u0a71\u0a25\u0a47 \u0a1d\u0a40\u0a32\u0a3e\u0a02 \u0a26\u0a3e \u0a2a\u0a4d\u0a30\u0a24\u0a40\u0a2c\u0a3f\u0a70\u0a2c \u0a2c\u0a40\u0a1a &#039;\u0a24\u0a47 \u0a38\u0a42\u0a30\u0a1c \u0a1a\u0a5c\u0a4d\u0a39\u0a28 \u0a05\u0a24\u0a47 \u0a2a\u0a39\u0a3e\u0a5c\u0a3e\u0a02 \u0a26\u0a47 \u0a39\u0a30\u0a47 \u0a28\u0a3e\u0a32 \u0a38\u0a42\u0a30\u0a1c \u0a21\u0a41\u0a71\u0a2c\u0a23 \u0a26\u0a47 \u0a28\u0a3e\u0a32 \u0a2e\u0a3f\u0a32\u0a26\u0a3e \u0a39\u0a48\u0964 , \u0a38\u0a3e\u0a2b\u0a3c \u0a39\u0a35\u0a3e, \u0a05\u0a24\u0a47 \u0a17\u0a3e\u0a09\u0a23 \u0a35\u0a3e\u0a32\u0a47 \u0a2a\u0a70\u0a1b\u0a40, \u0a38\u0a3c\u0a3e\u0a02\u0a24\u0a40 \u0a05\u0a24\u0a47 \u0a38\u0a3c\u0a3e\u0a02\u0a24\u0a40 \u0a1c\u0a4b \u0a38\u0a3e\u0a28\u0a42\u0a70 \u0a2d\u0a30\u0a28 \u0a26\u0a40 \u0a07\u0a71\u0a1b\u0a3e \u0a30\u0a71\u0a16\u0a26\u0a47 \u0a39\u0a28\u0964<br \/>\nn<\/p>\n<div class=\"body-description secondary\">\nn<br \/>\nnThis Place ito have a\u00a0 typical lunch,\u00a0 If you are vegan no worries we also have food for you!<br \/>\nn<br \/>\nnAfter Lunch, you can deside when to finish the trip.<br \/>\nn<br \/>\nn<\/div>\n<p>n \u0a1c\u0a47\u0a15\u0a30 \u0a24\u0a41\u0a38\u0a40\u0a02 \u0a07\u0a38 \u0a2f\u0a3e\u0a24\u0a30\u0a3e \u0a28\u0a42\u0a70 \u0a32\u0a70\u0a2c\u0a3e \u0a1c\u0a3e\u0a02 \u0a1b\u0a4b\u0a1f\u0a3e \u0a2a\u0a38\u0a70\u0a26 \u0a15\u0a30\u0a4b\u0a17\u0a47 \u0a24\u0a3e\u0a02 \u0a38\u0a3e\u0a21\u0a47 \u0a28\u0a3e\u0a32 \u0a38\u0a70\u0a2a\u0a30\u0a15 \u0a15\u0a30\u0a4b\u0964<br \/>\nn<br \/>\nn&nbsp;<br \/>\nn<\/p>\n<h4><em><strong>\u0a24\u0a41\u0a39\u0a3e\u0a28\u0a42\u0a70 \u0a15\u0a40 \u0a32\u0a3f\u0a06\u0a09\u0a23\u0a3e \u0a1a\u0a3e\u0a39\u0a40\u0a26\u0a3e \u0a39\u0a48?<\/strong><\/em><\/h4>\n<p>n<\/p>\n<ul>\nn \t<\/p>\n<li style=\"font-weight: 400;\"><span style=\"font-weight: 400;\">\u0a15\u0a48\u0a2e\u0a30\u0a3e<\/span><\/li>\n<p>n \t<\/p>\n<li style=\"font-weight: 400;\"><span style=\"font-weight: 400;\">\u0a2a\u0a4d\u0a30\u0a24\u0a40\u0a30\u0a4b\u0a27\u0a15 \u0a2e\u0a41\u0a15\u0a41\u0a32<\/span><\/li>\n<p>n \t<\/p>\n<li style=\"font-weight: 400;\"><span style=\"font-weight: 400;\">\u0a38\u0a28\u0a15\u0a4d\u0a30\u0a40\u0a2e<\/span><\/li>\n<p>n \t<\/p>\n<li style=\"font-weight: 400;\"><span style=\"font-weight: 400;\">\u0a1f\u0a4b\u0a2a\u0a40<\/span><\/li>\n<p>n \t<\/p>\n<li style=\"font-weight: 400;\"><span style=\"font-weight: 400;\">\u0a06\u0a30\u0a3e\u0a2e\u0a26\u0a3e\u0a07\u0a15 \u0a2a\u0a48\u0a02\u0a1f<\/span><\/li>\n<p>n \t<\/p>\n<li style=\"font-weight: 400;\"><span style=\"font-weight: 400;\">\u0a1c\u0a70\u0a17\u0a32 \u0a32\u0a08 \u0a39\u0a3e\u0a08\u0a15\u0a3f\u0a70\u0a17 \u0a1c\u0a41\u0a71\u0a24\u0a47<\/span><\/li>\n<p>n<\/ul>\n<p>n&nbsp;<br \/>\nn<\/p>\n<h4><b><i>\u0a39\u0a4b\u0a1f\u0a32 \u0a2a\u0a3f\u0a15\u0a05\u0a71\u0a2a <\/i><\/b><\/h4>\n<p>n<span style=\"font-weight: 400;\">\u0a07\u0a38 \u0a26\u0a4c\u0a30\u0a47 \u0a32\u0a08 \u0a39\u0a4b\u0a1f\u0a32 \u0a2a\u0a3f\u0a15-\u0a05\u0a71\u0a2a \u0a26\u0a40 \u0a2a\u0a47\u0a38\u0a3c\u0a15\u0a38\u0a3c \u0a28\u0a39\u0a40\u0a02 \u0a15\u0a40\u0a24\u0a40 \u0a1c\u0a3e\u0a02\u0a26\u0a40 \u0a39\u0a48\u0964<br \/>\nn<\/span><br \/>\nn<br \/>\nn&nbsp;<br \/>\nn<br \/>\nn<b>\u0a28\u0a4b\u0a1f:<\/b><span style=\"font-weight: 400;\"> \u0a1c\u0a47\u0a15\u0a30 \u0a24\u0a41\u0a38\u0a40\u0a02 \u0a1f\u0a42\u0a30\/\u0a38\u0a48\u0a30-\u0a38\u0a2a\u0a3e\u0a1f\u0a3e \u0a30\u0a35\u0a3e\u0a28\u0a17\u0a40 \u0a26\u0a47 \u0a38\u0a2e\u0a47\u0a02 \u0a26\u0a47 24 \u0a18\u0a70\u0a1f\u0a3f\u0a06\u0a02 \u0a26\u0a47 \u0a05\u0a70\u0a26\u0a30 \u0a2c\u0a41\u0a15\u0a3f\u0a70\u0a17 \u0a15\u0a30 \u0a30\u0a39\u0a47 \u0a39\u0a4b, \u0a24\u0a3e\u0a02 \u0a05\u0a38\u0a40\u0a02 \u0a35\u0a3e\u0a27\u0a42 \u0a16\u0a30\u0a1a\u0a3f\u0a06\u0a02 \u0a28\u0a3e\u0a32 \u0a39\u0a4b\u0a1f\u0a32 \u0a2a\u0a3f\u0a15-\u0a05\u0a71\u0a2a \u0a26\u0a3e \u0a2a\u0a4d\u0a30\u0a2c\u0a70\u0a27 \u0a15\u0a30 \u0a38\u0a15\u0a26\u0a47 \u0a39\u0a3e\u0a02\u0964 \u0a07\u0a71\u0a15 \u0a35\u0a3e\u0a30 \u0a1c\u0a26\u0a4b\u0a02 \u0a24\u0a41\u0a39\u0a3e\u0a21\u0a40 \u0a16\u0a30\u0a40\u0a26 \u0a2a\u0a42\u0a30\u0a40 \u0a39\u0a4b \u0a1c\u0a3e\u0a02\u0a26\u0a40 \u0a39\u0a48, \u0a05\u0a38\u0a40\u0a02 \u0a24\u0a41\u0a39\u0a3e\u0a28\u0a42\u0a70 \u0a2a\u0a3f\u0a15-\u0a05\u0a71\u0a2a \u0a2a\u0a4d\u0a30\u0a2c\u0a70\u0a27\u0a3e\u0a02 \u0a28\u0a42\u0a70 \u0a38\u0a70\u0a17\u0a20\u0a3f\u0a24 \u0a15\u0a30\u0a28 \u0a32\u0a08 \u0a38\u0a3e\u0a21\u0a40 \u0a38\u0a25\u0a3e\u0a28\u0a15 \u0a1f\u0a42\u0a30 \u0a17\u0a3e\u0a08\u0a21 \u0a32\u0a08 \u0a2a\u0a42\u0a30\u0a40 \u0a38\u0a70\u0a2a\u0a30\u0a15 \u0a1c\u0a3e\u0a23\u0a15\u0a3e\u0a30\u0a40 (\u0a2b\u0a3c\u0a4b\u0a28 \u0a28\u0a70\u0a2c\u0a30, \u0a08\u0a2e\u0a47\u0a32 \u0a2a\u0a24\u0a3e, \u0a06\u0a26\u0a3f) \u0a2d\u0a47\u0a1c\u0a3e\u0a02\u0a17\u0a47\u0964<\/span><br \/>\nn<\/p>\n<h4><b><i>\u0a35\u0a27\u0a40\u0a15 \u0a1c\u0a3e\u0a23\u0a15\u0a3e\u0a30\u0a40 \u0a26\u0a40 \u0a2a\u0a41\u0a38\u0a3c\u0a1f\u0a40 <\/i><\/b><\/h4>\n<p>n<\/p>\n<ol>\nn \t<\/p>\n<li>\u0a1f\u0a3f\u0a15\u0a1f\u0a3e\u0a02 \u0a07\u0a38 \u0a1f\u0a42\u0a30 \u0a26\u0a3e \u0a2d\u0a41\u0a17\u0a24\u0a3e\u0a28 \u0a15\u0a30\u0a28 \u0a24\u0a4b\u0a02 \u0a2c\u0a3e\u0a05\u0a26 \u0a30\u0a38\u0a40\u0a26 \u0a39\u0a28\u0964 \u0a24\u0a41\u0a38\u0a40\u0a02 \u0a06\u0a2a\u0a23\u0a47 \u0a2b\u0a3c\u0a4b\u0a28 &#039;\u0a24\u0a47 \u0a2d\u0a41\u0a17\u0a24\u0a3e\u0a28 \u0a26\u0a3f\u0a16\u0a3e \u0a38\u0a15\u0a26\u0a47 \u0a39\u0a4b\u0964<\/li>\n<p>n \t<\/p>\n<li style=\"font-weight: 400;\"><span style=\"font-weight: 400;\">\u0a2e\u0a40\u0a1f\u0a3f\u0a70\u0a17 \u0a2a\u0a41\u0a06\u0a07\u0a70\u0a1f \u0a30\u0a3f\u0a1c\u0a3c\u0a30\u0a35\u0a47\u0a38\u0a3c\u0a28 \u0a2a\u0a4d\u0a30\u0a15\u0a3f\u0a30\u0a3f\u0a06 \u0a26\u0a47 \u0a2c\u0a3e\u0a05\u0a26 \u0a2a\u0a4d\u0a30\u0a3e\u0a2a\u0a24 \u0a15\u0a40\u0a24\u0a3e \u0a1c\u0a3e\u0a35\u0a47\u0a17\u0a3e.<\/span><\/li>\n<p>n \t<\/p>\n<li style=\"font-weight: 400;\"><span style=\"font-weight: 400;\">\u0a2c\u0a71\u0a1a\u0a3f\u0a06\u0a02 \u0a28\u0a42\u0a70 \u0a07\u0a71\u0a15 \u0a2c\u0a3e\u0a32\u0a17 \u0a26\u0a47 \u0a28\u0a3e\u0a32 \u0a39\u0a4b\u0a23\u0a3e \u0a1a\u0a3e\u0a39\u0a40\u0a26\u0a3e \u0a39\u0a48\u0964<\/span><\/li>\n<p>n \t<\/p>\n<li style=\"font-weight: 400;\"><span style=\"font-weight: 400;\"> \u0a35\u0a4d\u0a39\u0a40\u0a32\u0a1a\u0a47\u0a05\u0a30 \u0a2a\u0a39\u0a41\u0a70\u0a1a\u0a2f\u0a4b\u0a17 \u0a28\u0a39\u0a40\u0a02 \u0a39\u0a48 <\/span><\/li>\n<p>n \t<\/p>\n<li style=\"font-weight: 400;\"><span style=\"font-weight: 400;\">\u0a2c\u0a71\u0a1a\u0a3f\u0a06\u0a02 \u0a28\u0a42\u0a70 \u0a17\u0a4b\u0a26\u0a40 &#039;\u0a24\u0a47 \u0a2c\u0a48\u0a20\u0a23\u0a3e \u0a1a\u0a3e\u0a39\u0a40\u0a26\u0a3e \u0a39\u0a48 <\/span><\/li>\n<p>n \t<\/p>\n<li style=\"font-weight: 400;\"><span style=\"font-weight: 400;\">\u0a2a\u0a3f\u0a71\u0a20 \u0a26\u0a40\u0a06\u0a02 \u0a38\u0a2e\u0a71\u0a38\u0a3f\u0a06\u0a35\u0a3e\u0a02 \u0a35\u0a3e\u0a32\u0a47 \u0a2f\u0a3e\u0a24\u0a30\u0a40\u0a06\u0a02 \u0a32\u0a08 \u0a38\u0a3f\u0a2b\u0a3e\u0a30\u0a38\u0a3c \u0a28\u0a39\u0a40\u0a02 \u0a15\u0a40\u0a24\u0a40 \u0a1c\u0a3e\u0a02\u0a26\u0a40<\/span><\/li>\n<p>n \t<\/p>\n<li style=\"font-weight: 400;\"><span style=\"font-weight: 400;\">\u0a17\u0a30\u0a2d\u0a35\u0a24\u0a40 \u0a2f\u0a3e\u0a24\u0a30\u0a40\u0a06\u0a02 \u0a32\u0a08 \u0a38\u0a3f\u0a2b\u0a3e\u0a30\u0a38\u0a3c \u0a28\u0a39\u0a40\u0a02 \u0a15\u0a40\u0a24\u0a40 \u0a1c\u0a3e\u0a02\u0a26\u0a40 <\/span><\/li>\n<p>n \t<\/p>\n<li style=\"font-weight: 400;\"><span style=\"font-weight: 400;\"> \u0a15\u0a4b\u0a08 \u0a26\u0a3f\u0a32 \u0a26\u0a40\u0a06\u0a02 \u0a38\u0a2e\u0a71\u0a38\u0a3f\u0a06\u0a35\u0a3e\u0a02 \u0a1c\u0a3e\u0a02 \u0a39\u0a4b\u0a30 \u0a17\u0a70\u0a2d\u0a40\u0a30 \u0a21\u0a3e\u0a15\u0a1f\u0a30\u0a40 \u0a38\u0a25\u0a3f\u0a24\u0a40\u0a06\u0a02 \u0a28\u0a39\u0a40\u0a02 \u0a39\u0a28 <\/span><\/li>\n<p>n \t<\/p>\n<li style=\"font-weight: 400;\"><span style=\"font-weight: 400;\">\u0a1c\u0a3c\u0a3f\u0a06\u0a26\u0a3e\u0a24\u0a30 \u0a2f\u0a3e\u0a24\u0a30\u0a40 \u0a39\u0a3f\u0a71\u0a38\u0a3e \u0a32\u0a48 \u0a38\u0a15\u0a26\u0a47 \u0a39\u0a28<\/span><\/li>\n<p>n<\/ol>\n<p>n<\/p>\n<h4><b><i>\u0a30\u0a71\u0a26 \u0a15\u0a30\u0a28 \u0a26\u0a40 \u0a28\u0a40\u0a24\u0a40<\/i><\/b><\/h4>\n<p>\u0a2a\u0a42\u0a30\u0a40 \u0a30\u0a3f\u0a2b\u0a70\u0a21 \u0a32\u0a08, \u0a15\u0a3f\u0a30\u0a2a\u0a3e \u0a15\u0a30\u0a15\u0a47 \u0a38\u0a3e\u0a21\u0a40\u0a06\u0a02 \u0a30\u0a71\u0a26 \u0a15\u0a30\u0a28 \u0a26\u0a40\u0a06\u0a02 \u0a28\u0a40\u0a24\u0a40\u0a06\u0a02 \u0a2a\u0a5c\u0a4d\u0a39\u0a4b\u00a0<a href=\"https:\/\/www.boattoursamana.com\/pa\/%e0%a8%86%e0%a8%a8%e0%a8%b2%e0%a8%be%e0%a8%88%e0%a8%a8-%e0%a8%ac%e0%a9%81%e0%a8%95%e0%a8%bf%e0%a9%b0%e0%a8%97\/\" target=\"_blank\" rel=\"noopener\" data-saferedirecturl=\"https:\/\/www.google.com\/url?q=https:\/\/www.boattoursamana.com\/online-booking\/&amp;source=gmail&amp;ust=1672449202351000&amp;usg=AOvVaw1yAeVAPktmaVCqDujgUn90\">\u0a07\u0a71\u0a25\u0a47 \u0a15\u0a32\u0a3f\u0a71\u0a15 \u0a15\u0a30\u0a4b<\/a>. \u0a1c\u0a47\u0a15\u0a30 \u0a30\u0a3f\u0a1c\u0a3c\u0a30\u0a35\u0a47\u0a38\u0a3c\u0a28 \u0a2f\u0a3e\u0a24\u0a30\u0a3e \u0a26\u0a47 \u0a09\u0a38\u0a47 \u0a26\u0a3f\u0a28 \u0a30\u0a71\u0a26 \u0a39\u0a4b \u0a1c\u0a3e\u0a02\u0a26\u0a40 \u0a39\u0a48 \u0a24\u0a3e\u0a02 \u0a2b\u0a70\u0a21 \u0a16\u0a24\u0a2e \u0a39\u0a4b \u0a1c\u0a3e\u0a23\u0a17\u0a47\u0964<\/p>\n\n\t\t<\/div>\n\t<\/div>\n<\/div><\/div><\/div><\/div><div class=\"vc_row wpb_row vc_row-fluid\" ><div class=\"wpb_column vc_column_container vc_col-sm-12\"><div class=\"vc_column-inner\"><div class=\"wpb_wrapper\"><div class=\"vc_empty_space\"   style=\"height: 32px\"><span class=\"vc_empty_space_inner\"><\/span><\/div>\n\t<div class=\"wpb_video_widget wpb_content_element vc_clearfix   vc_video-aspect-ratio-169 vc_video-el-width-100 vc_video-align-left\" >\n\t\t<div class=\"wpb_wrapper\">\n\t\t\t<h2 class=\"wpb_heading wpb_video_heading\">\u0a2e\u0a4b\u0a02\u0a1f\u0a3e\u0a28\u0a3e \u0a30\u0a47\u0a21\u0a4b\u0a02\u0a21\u0a3e \u0a35\u0a40\u0a21\u0a40\u0a13:<\/h2>\n\t\t\t<div class=\"wpb_video_wrapper\"><iframe loading=\"lazy\" title=\"\u0a2e\u0a4b\u0a02\u0a1f\u0a3e\u0a28\u0a3e \u0a30\u0a47\u0a21\u0a4b\u0a02\u0a21\u0a3e | \u0a2a\u0a41\u0a70\u0a24\u0a3e \u0a15\u0a3e\u0a28\u0a3e | \u0a30\u0a3f\u0a2a\u0a2c\u0a32\u0a40\u0a15\u0a3e \u0a21\u0a4b\u0a2e\u0a3f\u0a28\u0a3f\u0a15\u0a3e\u0a28\u0a3e | \u0a2e\u0a40\u0a1a\u0a38\" width=\"1100\" height=\"619\" src=\"https:\/\/www.youtube.com\/embed\/VMXCABYGIYs?feature=oembed\" frameborder=\"0\" allow=\"accelerometer; autoplay; clipboard-write; encrypted-media; gyroscope; picture-in-picture; web-share\" allowfullscreen><\/iframe><\/div>\n\t\t<\/div>\n\t<\/div>\n<div class=\"vc_empty_space\"   style=\"height: 32px\"><span class=\"vc_empty_space_inner\"><\/span><\/div><\/div><\/div><\/div><\/div><div class=\"vc_row wpb_row vc_row-fluid\" ><\/div><div class=\"wpb_column vc_column_container vc_col-sm-12\"><div class=\"vc_column-inner\"><div class=\"wpb_wrapper\"><\/div><\/div><\/div><div class=\"vc_empty_space\"   style=\"height: 32px\"><span class=\"vc_empty_space_inner\"><\/span><\/div>\n\t<div class=\"wpb_text_column wpb_content_element\" >\n\t\t<div class=\"wpb_wrapper\">\n\t\t\t<p>\nn<br \/>\n\u0a2e\u0a48\u0a02 \u0a1f\u0a48\u0a15\u0a38\u0a1f \u0a2c\u0a32\u0a3e\u0a15 \u0a39\u0a3e\u0a02\u0964 \u0a07\u0a38 \u0a1f\u0a48\u0a15\u0a38\u0a1f \u0a28\u0a42\u0a70 \u0a2c\u0a26\u0a32\u0a23 \u0a32\u0a08 \u0a38\u0a70\u0a2a\u0a3e\u0a26\u0a28 \u0a2c\u0a1f\u0a28 &#039;\u0a24\u0a47 \u0a15\u0a32\u0a3f\u0a71\u0a15 \u0a15\u0a30\u0a4b\u0964 Lorem ipsum dolor sit amet, consectetur adipiscing elit. \u0a2f\u0a42\u0a1f \u0a10\u0a32\u0a3f\u0a1f \u0a1f\u0a47\u0a32\u0a38, \u0a32\u0a42\u0a15\u0a1f\u0a38 \u0a28\u0a47\u0a15 \u0a09\u0a32\u0a2e\u0a15\u0a4b\u0a30\u0a2a\u0a30 \u0a2e\u0a48\u0a1f\u0a3f\u0a38, \u0a2a\u0a32\u0a35\u0a3f\u0a28\u0a30 \u0a21\u0a48\u0a2a\u0a40\u0a2c\u0a38 \u0a32\u0a3f\u0a13\u0964<br \/>\nn<br \/>\nn<\/p>\n\n\t\t<\/div>\n\t<\/div>\n<div class=\"vc_empty_space\"   style=\"height: 32px\"><span class=\"vc_empty_space_inner\"><\/span><\/div>","protected":false},"excerpt":{"rendered":"<p>Obtenga sus boletos de pase de un d\u00eda para Montana Redonda. Reserve ahora su viaje a la monta\u00f1a y almuerce con nosotros mientras puede disfrutar de las incre\u00edbles vistas y tener el mejor viaje seguro de su vida. n n&nbsp; n nSeleccione la fecha para el Tour:\u00a0 &nbsp;<\/p>","protected":false},"author":2,"featured_media":0,"parent":0,"menu_order":0,"comment_status":"open","ping_status":"closed","template":"","meta":{"footnotes":""},"class_list":["post-15831","page","type-page","status-publish","hentry"],"_links":{"self":[{"href":"https:\/\/www.boattoursamana.com\/pa\/wp-json\/wp\/v2\/pages\/15831","targetHints":{"allow":["GET"]}}],"collection":[{"href":"https:\/\/www.boattoursamana.com\/pa\/wp-json\/wp\/v2\/pages"}],"about":[{"href":"https:\/\/www.boattoursamana.com\/pa\/wp-json\/wp\/v2\/types\/page"}],"author":[{"embeddable":true,"href":"https:\/\/www.boattoursamana.com\/pa\/wp-json\/wp\/v2\/users\/2"}],"replies":[{"embeddable":true,"href":"https:\/\/www.boattoursamana.com\/pa\/wp-json\/wp\/v2\/comments?post=15831"}],"version-history":[{"count":0,"href":"https:\/\/www.boattoursamana.com\/pa\/wp-json\/wp\/v2\/pages\/15831\/revisions"}],"wp:attachment":[{"href":"https:\/\/www.boattoursamana.com\/pa\/wp-json\/wp\/v2\/media?parent=15831"}],"curies":[{"name":"wp","href":"https:\/\/api.w.org\/{rel}","templated":true}]}}