{"id":8850,"date":"2019-06-11T10:34:00","date_gmt":"2019-06-11T10:34:00","guid":{"rendered":"https:\/\/www.ticketswhales.com\/?post_type=product&#038;p=8850"},"modified":"2023-03-20T10:20:15","modified_gmt":"2023-03-20T10:20:15","slug":"ridgways-hawk-tour-bird-watching-los-haitises-national-park-tour","status":"publish","type":"product","link":"https:\/\/www.boattoursamana.com\/pa\/%e0%a8%9f%e0%a9%82%e0%a8%b0\/ridgways-hawk-tour-bird-watching-los-haitises-national-park-tour","title":{"rendered":"\u0a30\u0a3f\u0a21\u0a17\u0a35\u0a47\u0a05 \u0a26\u0a3e \u0a39\u0a3e\u0a15 \u0a1f\u0a42\u0a30 - \u0a32\u0a4b\u0a38 \u0a39\u0a48\u0a1f\u0a3f\u0a38 \u0a28\u0a48\u0a38\u0a3c\u0a28\u0a32 \u0a2a\u0a3e\u0a30\u0a15 \u0a38\u0a48\u0a30-\u0a38\u0a2a\u0a3e\u0a1f\u0a47 \u0a28\u0a42\u0a70 \u0a26\u0a47\u0a16\u0a26\u0a47 \u0a39\u0a4b\u0a0f \u0a2a\u0a70\u0a1b\u0a40"},"content":{"rendered":"<div class=\"vc_row wpb_row vc_row-fluid\" ><div class=\"wpb_column vc_column_container vc_col-sm-12\"><div class=\"vc_column-inner\"><div class=\"wpb_wrapper\"><div class=\"mkdf-section-title-holder\" style=\"text-align: left\">\n\t<div class=\"mkdf-st-inner\">\n\t\t\t\t\t<h5 class=\"mkdf-st-subtitle\" >\n\t\t\t\t\u0a32\u0a3e\u0a38 \u0a39\u0a48\u0a1f\u0a3f\u0a38 \u0a28\u0a48\u0a38\u0a3c\u0a28\u0a32 \u0a2a\u0a3e\u0a30\u0a15 \u0a35\u0a3f\u0a71\u0a1a \u0a2a\u0a70\u0a1b\u0a40\t\t\t<\/h5>\n\t\t\t\t\t\t\t<h3 class=\"mkdf-st-title\" >\n\t\t\t\t\u0a30\u0a3f\u0a21\u0a17\u0a35\u0a47\u0a05 \u0a26\u0a3e \u0a39\u0a3e\u0a15 \u0a1f\u0a42\u0a30\t\t\t<\/h3>\n\t\t\t\t\t<\/div>\n<\/div><\/div><\/div><\/div><\/div><div class=\"vc_row wpb_row vc_row-fluid\" ><div class=\"wpb_column vc_column_container vc_col-sm-12\"><div class=\"vc_column-inner\"><div class=\"wpb_wrapper\"><div class=\"vc_btn3-container vc_btn3-inline\" ><button class=\"vc_general vc_btn3 vc_btn3-size-md vc_btn3-shape-rounded vc_btn3-style-modern vc_btn3-color-green\">\u0a39\u0a41\u0a23\u0a47 \u0a2c\u0a41\u0a71\u0a15 \u0a15\u0a30\u0a4b<\/button><\/div>\n\t<div class=\"wpb_text_column wpb_content_element\" >\n\t\t<div class=\"wpb_wrapper\">\n\t\t\t<h4><b><i>\u0a38\u0a70\u0a16\u0a47\u0a2a \u0a1c\u0a3e\u0a23\u0a15\u0a3e\u0a30\u0a40 <\/i><\/b><\/h4>\n<section><\/section>\n<p>\u0a30\u0a3f\u0a21\u0a17\u0a35\u0a47\u0a05\u0a1c\u0a3c \u0a39\u0a3e\u0a15 \u0a39\u0a3f\u0a38\u0a2a\u0a48\u0a28\u0a40\u0a13\u0a32\u0a3e \u0a1f\u0a3e\u0a2a\u0a42 \u0a32\u0a08 \u0a30\u0a4b\u0a1c\u0a3c\u0a3e\u0a28\u0a3e \u0a30\u0a48\u0a2a\u0a1f\u0a30 \u0a26\u0a40 \u0a07\u0a71\u0a15 \u0a17\u0a70\u0a2d\u0a40\u0a30 \u0a24\u0a4c\u0a30 &#039;\u0a24\u0a47 \u0a16\u0a3c\u0a24\u0a30\u0a47 \u0a35\u0a3e\u0a32\u0a40 \u0a38\u0a2a\u0a40\u0a38\u0a40\u0a1c\u0a3c \u0a39\u0a48\u0964 \u0a38\u0a4c \u0a38\u0a3e\u0a32 \u0a2a\u0a39\u0a3f\u0a32\u0a3e\u0a02 \u0a2c\u0a3e\u0a1c\u0a3c \u0a38\u0a3e\u0a30\u0a47 \u0a39\u0a3f\u0a38\u0a2a\u0a48\u0a28\u0a40\u0a13\u0a32\u0a3e \u0a35\u0a3f\u0a71\u0a1a \u0a2a\u0a3e\u0a07\u0a06 \u0a1c\u0a3e\u0a02\u0a26\u0a3e \u0a38\u0a40, \u0a2a\u0a30 \u0a05\u0a71\u0a1c \u0a32\u0a17\u0a2d\u0a17 300 \u0a35\u0a3f\u0a05\u0a15\u0a24\u0a40\u0a06\u0a02 \u0a26\u0a40 \u0a2c\u0a3e\u0a15\u0a40 \u0a2c\u0a1a\u0a40 \u0a2a\u0a4d\u0a30\u0a1c\u0a28\u0a28 \u0a06\u0a2c\u0a3e\u0a26\u0a40 \u0a21\u0a4b\u0a2e\u0a3f\u0a28\u0a3f\u0a15\u0a28 \u0a30\u0a40\u0a2a\u0a2c\u0a32\u0a3f\u0a15 \u0a26\u0a47 \u0a32\u0a3e\u0a38 \u0a39\u0a48\u0a1f\u0a3f\u0a38 \u0a28\u0a48\u0a38\u0a3c\u0a28\u0a32 \u0a2a\u0a3e\u0a30\u0a15 \u0a35\u0a3f\u0a71\u0a1a \u0a2e\u0a3f\u0a32\u0a26\u0a40 \u0a39\u0a48\u0964<\/p>\n<p>Los Haitises National Park is a popular destination for nature lovers and bird watchers cause of the highest importance for biodiversity and richness of fauna, both in terms of endemism and species numbers. Our main focus is to spot all the hawks around the Cano Hondo areas.<\/p>\n<p>n \u0a05\u0a38\u0a40\u0a02 \u0a32\u0a3e\u0a38 \u0a39\u0a48\u0a1f\u0a3f\u0a38 \u0a28\u0a48\u0a38\u0a3c\u0a28\u0a32 \u0a2a\u0a3e\u0a30\u0a15 \u0a35\u0a3f\u0a71\u0a1a \u0a30\u0a3f\u0a21\u0a17\u0a35\u0a47 \u0a26\u0a47 \u0a2c\u0a3e\u0a1c\u0a3c \u0a26\u0a40 \u0a38\u0a70\u0a2d\u0a3e\u0a32 \u0a15\u0a30 \u0a30\u0a39\u0a47 \u0a39\u0a3e\u0a02, \u0a1c\u0a3f\u0a71\u0a25\u0a47 \u0a24\u0a41\u0a38\u0a40\u0a02 \u0a30\u0a47\u0a28 \u0a2b\u0a3e\u0a30\u0a48\u0a38\u0a1f \u0a1f\u0a4d\u0a30\u0a47\u0a32\u0a1c\u0a3c \u0a35\u0a3f\u0a71\u0a1a \u0a30\u0a3f\u0a21\u0a17\u0a35\u0a47 \u0a26\u0a47 \u0a2c\u0a3e\u0a1c\u0a3c\u0a3e\u0a02 \u0a26\u0a3e \u0a30\u0a3f\u0a39\u0a3e\u0a07\u0a38\u0a3c \u0a05\u0a24\u0a47 \u0a26\u0a3f\u0a32\u0a1a\u0a38\u0a2a \u0a07\u0a24\u0a3f\u0a39\u0a3e\u0a38 \u0a26\u0a47\u0a16 \u0a38\u0a15\u0a26\u0a47 \u0a39\u0a4b\u0964 \u0a05\u0a38\u0a40\u0a02 \u0a30\u0a3f\u0a21\u0a17\u0a35\u0a47\u0a05\u0a38 \u0a05\u0a24\u0a47 \u0a10\u0a38\u0a3c\u0a40 \u0a2b\u0a47\u0a38\u0a21 \u0a06\u0a0a\u0a32\u0a1c\u0a3c \u0a32\u0a08 \u0a38\u0a25\u0a3e\u0a28\u0a3e\u0a02 \u0a2c\u0a3e\u0a30\u0a47 \u0a1c\u0a3e\u0a23\u0a26\u0a47 \u0a39\u0a3e\u0a02\u0964 \u0a15\u0a3f\u0a09\u0a02\u0a15\u0a3f 15 \u0a38\u0a3e\u0a32\u0a3e\u0a02 \u0a24\u0a4b\u0a02 \u0a35\u0a71\u0a27 \u0a38\u0a2e\u0a47\u0a02 \u0a24\u0a4b\u0a02 \u0a35\u0a32\u0a70\u0a1f\u0a40\u0a05\u0a30\u0a3e\u0a02 \u0a35\u0a1c\u0a4b\u0a02 \u0a05\u0a38\u0a40\u0a02 \u0a07\u0a39\u0a28\u0a3e\u0a02 \u0a1c\u0a4b\u0a5c\u0a3f\u0a06\u0a02 \u0a05\u0a24\u0a47 \u0a07\u0a38 \u0a2d\u0a3e\u0a08\u0a1a\u0a3e\u0a30\u0a47 \u0a26\u0a47 \u0a06\u0a32\u0a47-\u0a26\u0a41\u0a06\u0a32\u0a47 \u0a26\u0a47 \u0a35\u0a3f\u0a05\u0a15\u0a24\u0a40\u0a06\u0a02 \u0a26\u0a40 \u0a38\u0a41\u0a30\u0a71\u0a16\u0a3f\u0a06 \u0a32\u0a08 \u0a15\u0a70\u0a2e \u0a15\u0a30 \u0a30\u0a39\u0a47 \u0a39\u0a3e\u0a02\u0964<\/p>\n<p>Also, you may see other endemics species around the Park. This Tour is focusing on nature and is more concentrated on the information about wildlife. Usually is private.<\/p>\n<h4><\/h4>\n<h4><b>\u0a38\u0a2e\u0a3e\u0a35\u0a47\u0a38\u0a3c \u0a05\u0a24\u0a47 \u0a05\u0a32\u0a39\u0a3f\u0a26\u0a17\u0a40<\/b><\/h4>\n<p><b>\u0a38\u0a2e\u0a3e\u0a35\u0a47\u0a38\u0a3c<\/b><\/p>\n<ol>\n<li style=\"font-weight: 400;\">\u0a2c\u0a30\u0a21\u0a35\u0a3e\u0a1a\u0a3f\u0a70\u0a17 \u0a1f\u0a42\u0a30 + \u0a17\u0a41\u0a2b\u0a3e\u0a35\u0a3e\u0a02 \u0a05\u0a24\u0a47 \u0a24\u0a38\u0a35\u0a40\u0a30\u0a3e\u0a02<\/li>\n<li style=\"font-weight: 400;\"><span style=\"font-weight: 400;\">\u0a38\u0a3e\u0a30\u0a47 \u0a1f\u0a48\u0a15\u0a38, \u0a2b\u0a40\u0a38\u0a3e\u0a02 \u0a05\u0a24\u0a47 \u0a39\u0a48\u0a02\u0a21\u0a32\u0a3f\u0a70\u0a17 \u0a16\u0a30\u0a1a\u0a47<\/span><\/li>\n<li style=\"font-weight: 400;\"><span style=\"font-weight: 400;\">\u0a38\u0a25\u0a3e\u0a28\u0a15 \u0a1f\u0a48\u0a15\u0a38<\/span><\/li>\n<li style=\"font-weight: 400;\">\u0a05\u0a27\u0a3f\u0a15\u0a3e\u0a30\u0a40 \u0a08\u0a15\u0a4b\u0a32\u0a4b\u0a1c\u0a3f\u0a38\u0a1f \u0a1f\u0a42\u0a30 \u0a17\u0a3e\u0a08\u0a21<\/li>\n<\/ol>\n<p><b> \u0a2c\u0a47\u0a26\u0a16\u0a32\u0a40<\/b><\/p>\n<ol>\n<li style=\"font-weight: 400;\"><span style=\"font-weight: 400;\">\u0a17\u0a4d\u0a30\u0a48\u0a1a\u0a41\u0a1f\u0a40\u0a1c\u0a3c<\/span><\/li>\n<li style=\"font-weight: 400;\"><span style=\"font-weight: 400;\">\u0a1f\u0a4d\u0a30\u0a3e\u0a02\u0a38\u0a2b\u0a30 \u0a15\u0a30\u0a4b<\/span><\/li>\n<li style=\"font-weight: 400;\"><span style=\"font-weight: 400;\">\u0a2a\u0a40\u0a23 \u0a35\u0a3e\u0a32\u0a47 \u0a2a\u0a26\u0a3e\u0a30\u0a25<\/span><\/li>\n<\/ol>\n<p>&nbsp;<\/p>\n<h4><em><strong>\u0a30\u0a35\u0a3e\u0a28\u0a17\u0a40 \u0a05\u0a24\u0a47 \u0a35\u0a3e\u0a2a\u0a38\u0a40<\/strong><\/em><\/h4>\n<p><span style=\"font-weight: 400;\">&quot;\u0a2c\u0a41\u0a15\u0a3f\u0a70\u0a17 \u0a10\u0a21\u0a35\u0a48\u0a02\u0a1a\u0a30\u0a1c\u0a3c&quot; \u0a26\u0a41\u0a06\u0a30\u0a3e \u0a06\u0a2f\u0a4b\u0a1c\u0a3f\u0a24 \u0a1f\u0a42\u0a30, \u0a1f\u0a42\u0a30 \u0a17\u0a3e\u0a08\u0a21 \u0a26\u0a47 \u0a28\u0a3e\u0a32 \u0a28\u0a3f\u0a30\u0a27\u0a3e\u0a30\u0a24 \u0a2e\u0a40\u0a1f\u0a3f\u0a70\u0a17 \u0a2a\u0a41\u0a06\u0a07\u0a70\u0a1f \u0a24\u0a4b\u0a02 \u0a38\u0a3c\u0a41\u0a30\u0a42 \u0a39\u0a41\u0a70\u0a26\u0a3e \u0a39\u0a48\u0964 \u0a30\u0a3f\u0a1c\u0a3c\u0a30\u0a35\u0a47\u0a38\u0a3c\u0a28 \u0a2a\u0a4d\u0a30\u0a15\u0a3f\u0a30\u0a3f\u0a06 \u0a24\u0a4b\u0a02 \u0a2c\u0a3e\u0a05\u0a26 \u0a2f\u0a3e\u0a24\u0a30\u0a40 \u0a28\u0a42\u0a70 \u0a07\u0a71\u0a15 \u0a2e\u0a40\u0a1f\u0a3f\u0a70\u0a17 \u0a2a\u0a41\u0a06\u0a07\u0a70\u0a1f \u0a2e\u0a3f\u0a32\u0a47\u0a17\u0a3e\u0964 \u0a1f\u0a42\u0a30 \u0a38\u0a3e\u0a21\u0a47 \u0a2e\u0a40\u0a1f\u0a3f\u0a70\u0a17 \u0a2a\u0a41\u0a06\u0a07\u0a70\u0a1f\u0a3e\u0a02 &#039;\u0a24\u0a47 \u0a38\u0a3c\u0a41\u0a30\u0a42 \u0a05\u0a24\u0a47 \u0a38\u0a2e\u0a3e\u0a2a\u0a24 \u0a39\u0a41\u0a70\u0a26\u0a47 \u0a39\u0a28\u0964<\/span><\/p>\n<p>&nbsp;<\/p>\n<h4><b><i>\u0a15\u0a40 \u0a09\u0a2e\u0a40\u0a26 \u0a15\u0a30\u0a28\u0a40 \u0a39\u0a48?<\/i><\/b><\/h4>\n<p><em><strong>\u0a06\u0a2a\u0a23\u0a40 \u0a1f\u0a3f\u0a15\u0a1f \u0a2a\u0a4d\u0a30\u0a3e\u0a2a\u0a24 \u0a15\u0a30\u0a4b<\/strong><\/em> \u0a32\u0a3e\u0a38 \u0a39\u0a48\u0a1f\u0a3f\u0a38 \u0a28\u0a48\u0a38\u0a3c\u0a28\u0a32 \u0a2a\u0a3e\u0a30\u0a15 \u0a35\u0a3f\u0a71\u0a1a \u0a30\u0a3f\u0a21\u0a17\u0a35\u0a47\u0a05 \u0a26\u0a47 \u0a2c\u0a3e\u0a1c\u0a3c \u0a26\u0a40 \u0a38\u0a70\u0a2d\u0a3e\u0a32 \u0a32\u0a08\u0964<\/p>\n<p>This Excursion starts from the meeting point by hiking the Ridgway trails to the Nesting areas. After 30 min hiking and watching the Hawks, we have the option to continue hiking around and check for Parrots, piculets, and other Endemics species in Los Haitises National Park.<\/p>\n<p>Los Haitises National Park has just two Trails for Birding in Sabana de la Mar. On the way to Los Hiatises National Park, we stop in some spots to see more birds.<\/p>\n<p>\u0a38\u0a48\u0a28 \u0a32\u0a4b\u0a30\u0a47\u0a02\u0a1c\u0a3c\u0a4b \u0a16\u0a3e\u0a5c\u0a40 \u0a35\u0a3f\u0a71\u0a1a \u0a38\u0a40. \u0a05\u0a38\u0a40\u0a02 \u0a26\u0a4b \u0a17\u0a41\u0a2b\u0a3e\u0a35\u0a3e\u0a02 \u0a26\u0a3e \u0a26\u0a4c\u0a30\u0a3e \u0a15\u0a30\u0a3e\u0a02\u0a17\u0a47, \u0a38\u0a2a\u0a48\u0a28\u0a3f\u0a38\u0a3c \u0a15\u0a41\u0a0f\u0a35\u0a3e \u0a21\u0a47 \u0a32\u0a3e \u0a05\u0a30\u0a47\u0a28\u0a3e \u0a35\u0a3f\u0a71\u0a1a \u0a26\u0a41\u0a16\u0a26\u0a3e\u0a08 \u0a17\u0a41\u0a2b\u0a3e \u0a15\u0a3e\u0a32; \u0a07\u0a38 \u0a17\u0a41\u0a2b\u0a3e \u0a35\u0a3f\u0a71\u0a1a, \u0a05\u0a38\u0a40\u0a02 \u0a1f\u0a48\u0a28\u0a4b\u0a38 \u0a15\u0a2e\u0a3f\u0a0a\u0a28\u0a3f\u0a1f\u0a40\u0a06\u0a02 \u0a26\u0a47 \u0a2a\u0a48\u0a1f\u0a30\u0a4b\u0a17\u0a4d\u0a30\u0a3e\u0a2b\u0a3e\u0a02 \u0a28\u0a42\u0a70 \u0a26\u0a47\u0a16 \u0a38\u0a15\u0a26\u0a47 \u0a39\u0a3e\u0a02 \u0a1c\u0a4b \u0a07\u0a38 \u0a16\u0a47\u0a24\u0a30 \u0a26\u0a47 \u0a06\u0a32\u0a47-\u0a26\u0a41\u0a06\u0a32\u0a47 \u0a30\u0a39\u0a3f \u0a30\u0a39\u0a47 \u0a38\u0a28\u0964 \u0a05\u0a24\u0a47 \u0a17\u0a41\u0a2b\u0a3e\u0a35\u0a3e\u0a02 \u0a28\u0a42\u0a70 \u0a2e\u0a70\u0a26\u0a30 \u0a26\u0a47 \u0a24\u0a4c\u0a30 &#039;\u0a24\u0a47 \u0a35\u0a30\u0a24\u0a26\u0a47 \u0a39\u0a4b\u0a0f\u0964<\/p>\n<p>After that, we go-ahead to the Linea Cave, this one with 2,243 originals pictographs and our tour guide explain you the information from archeologist about those pictographs.<\/p>\n<p>\u0a15\u0a3f\u0a38\u0a3c\u0a24\u0a40 \u0a28\u0a42\u0a70 \u0a26\u0a41\u0a2c\u0a3e\u0a30\u0a3e \u0a2a\u0a1c\u0a3e\u0a30\u0a4b\u0a1c\u0a3c \u0a1f\u0a3e\u0a2a\u0a42 (\u0a2c\u0a30\u0a21\u0a1c\u0a3c \u0a06\u0a08\u0a32\u0a48\u0a02\u0a21) &#039;\u0a24\u0a47 \u0a32\u0a48 \u0a15\u0a47 \u0a1c\u0a3e\u0a23\u0a3e \u0a1c\u0a3f\u0a71\u0a25\u0a47 \u0a05\u0a38\u0a40\u0a02 \u0a32\u0a3e\u0a38 \u0a39\u0a48\u0a1f\u0a3f\u0a38 \u0a28\u0a48\u0a38\u0a3c\u0a28\u0a32 \u0a2a\u0a3e\u0a30\u0a15 \u0a26\u0a47 \u0a06\u0a32\u0a47-\u0a26\u0a41\u0a06\u0a32\u0a47 \u0a1c\u0a3c\u0a3f\u0a06\u0a26\u0a3e\u0a24\u0a30 \u0a35\u0a48\u0a1f\u0a32\u0a48\u0a02\u0a21 \u0a26\u0a47 \u0a2a\u0a70\u0a1b\u0a40\u0a06\u0a02 \u0a28\u0a42\u0a70 \u0a26\u0a47\u0a16 \u0a38\u0a15\u0a26\u0a47 \u0a39\u0a3e\u0a02\u0964 \u0a2c\u0a38 \u0a15\u0a3f\u0a09\u0a02\u0a15\u0a3f \u0a38\u0a3e\u0a30\u0a47 \u0a2a\u0a70\u0a1b\u0a40 \u0a2a\u0a3e\u0a23\u0a40 \u0a35\u0a3f\u0a71\u0a1a \u0a28\u0a39\u0a40\u0a02 \u0a39\u0a28.<\/p>\n<p>After 4.5 hours of learning about birds in Los Haitises National Park, this excursion ends in the same place as started.<\/p>\n<p><strong>\u0a28\u0a4b\u0a1f: \u0a07\u0a39 \u0a1f\u0a42\u0a30 \u0a32\u0a3e\u0a38 \u0a39\u0a48\u0a1f\u0a3f\u0a38 \u0a28\u0a48\u0a38\u0a3c\u0a28\u0a32 \u0a2a\u0a3e\u0a30\u0a15 \u0a26\u0a47 \u0a05\u0a27\u0a3f\u0a15\u0a3e\u0a30\u0a24 \u0a35\u0a3e\u0a24\u0a3e\u0a35\u0a30\u0a23 \u0a35\u0a3f\u0a17\u0a3f\u0a06\u0a28\u0a40 \u0a17\u0a3e\u0a08\u0a21\u0a3e\u0a02 \u0a26\u0a47 \u0a28\u0a3e\u0a32 \u0a39\u0a28\u0964 \u0a15\u0a3f\u0a30\u0a2a\u0a3e \u0a15\u0a30\u0a15\u0a47 \u0a38\u0a3e\u0a28\u0a42\u0a70 \u0a26\u0a71\u0a38\u0a4b \u0a1c\u0a26\u0a4b\u0a02 \u0a24\u0a41\u0a38\u0a40\u0a02 \u0a38\u0a3e\u0a28\u0a42\u0a70 \u0a2e\u0a3f\u0a32\u0a23 \u0a26\u0a40 \u0a2f\u0a4b\u0a1c\u0a28\u0a3e \u0a2c\u0a23\u0a3e \u0a30\u0a39\u0a47 \u0a39\u0a4b!<\/strong><\/p>\n<p>&nbsp;<\/p>\n<h4><em><strong>\u0a24\u0a41\u0a39\u0a3e\u0a28\u0a42\u0a70 \u0a15\u0a40 \u0a32\u0a3f\u0a06\u0a09\u0a23\u0a3e \u0a1a\u0a3e\u0a39\u0a40\u0a26\u0a3e \u0a39\u0a48?<\/strong><\/em><\/h4>\n<ul>\n<li style=\"font-weight: 400;\"><span style=\"font-weight: 400;\">\u0a15\u0a48\u0a2e\u0a30\u0a3e<\/span><\/li>\n<li>\u0a26\u0a42\u0a30\u0a2c\u0a40\u0a28<\/li>\n<li style=\"font-weight: 400;\"><span style=\"font-weight: 400;\">\u0a2a\u0a4d\u0a30\u0a24\u0a40\u0a30\u0a4b\u0a27\u0a15 \u0a2e\u0a41\u0a15\u0a41\u0a32<\/span><\/li>\n<li style=\"font-weight: 400;\"><span style=\"font-weight: 400;\">\u0a38\u0a28\u0a15\u0a4d\u0a30\u0a40\u0a2e<\/span><\/li>\n<li style=\"font-weight: 400;\"><span style=\"font-weight: 400;\">\u0a1f\u0a4b\u0a2a\u0a40<\/span><\/li>\n<li style=\"font-weight: 400;\"><span style=\"font-weight: 400;\">\u0a06\u0a30\u0a3e\u0a2e\u0a26\u0a3e\u0a07\u0a15 \u0a2a\u0a48\u0a02\u0a1f<\/span><\/li>\n<li style=\"font-weight: 400;\"><span style=\"font-weight: 400;\">\u0a1c\u0a70\u0a17\u0a32 \u0a32\u0a08 \u0a39\u0a3e\u0a08\u0a15\u0a3f\u0a70\u0a17 \u0a1c\u0a41\u0a71\u0a24\u0a47<\/span><\/li>\n<li style=\"font-weight: 400;\"><span style=\"font-weight: 400;\">\u0a38\u0a2a\u0a30\u0a3f\u0a70\u0a17 \u0a16\u0a47\u0a24\u0a30\u0a3e\u0a02 \u0a32\u0a08 \u0a38\u0a48\u0a02\u0a21\u0a32\u0964<\/span><\/li>\n<li style=\"font-weight: 400;\"><span style=\"font-weight: 400;\">\u0a24\u0a48\u0a30\u0a3e\u0a15\u0a40 \u0a2a\u0a39\u0a3f\u0a28\u0a23<\/span><\/li>\n<\/ul>\n<p>&nbsp;<\/p>\n<h4><b><i>\u0a39\u0a4b\u0a1f\u0a32 \u0a2a\u0a3f\u0a15\u0a05\u0a71\u0a2a <\/i><\/b><\/h4>\n<p><span style=\"font-weight: 400;\">\u0a07\u0a38 \u0a26\u0a4c\u0a30\u0a47 \u0a32\u0a08 \u0a39\u0a4b\u0a1f\u0a32 \u0a2a\u0a3f\u0a15-\u0a05\u0a71\u0a2a \u0a26\u0a40 \u0a2a\u0a47\u0a38\u0a3c\u0a15\u0a38\u0a3c \u0a28\u0a39\u0a40\u0a02 \u0a15\u0a40\u0a24\u0a40 \u0a1c\u0a3e\u0a02\u0a26\u0a40 \u0a39\u0a48\u0964 <\/span><\/p>\n<p>&nbsp;<\/p>\n<p><b>\u0a28\u0a4b\u0a1f:<\/b><span style=\"font-weight: 400;\"> \u0a1c\u0a47\u0a15\u0a30 \u0a24\u0a41\u0a38\u0a40\u0a02 \u0a1f\u0a42\u0a30\/\u0a38\u0a48\u0a30-\u0a38\u0a2a\u0a3e\u0a1f\u0a3e \u0a30\u0a35\u0a3e\u0a28\u0a17\u0a40 \u0a26\u0a47 \u0a38\u0a2e\u0a47\u0a02 \u0a26\u0a47 24 \u0a18\u0a70\u0a1f\u0a3f\u0a06\u0a02 \u0a26\u0a47 \u0a05\u0a70\u0a26\u0a30 \u0a2c\u0a41\u0a15\u0a3f\u0a70\u0a17 \u0a15\u0a30 \u0a30\u0a39\u0a47 \u0a39\u0a4b, \u0a24\u0a3e\u0a02 \u0a05\u0a38\u0a40\u0a02 \u0a35\u0a3e\u0a27\u0a42 \u0a16\u0a30\u0a1a\u0a3f\u0a06\u0a02 \u0a28\u0a3e\u0a32 \u0a39\u0a4b\u0a1f\u0a32 \u0a2a\u0a3f\u0a15-\u0a05\u0a71\u0a2a \u0a26\u0a3e \u0a2a\u0a4d\u0a30\u0a2c\u0a70\u0a27 \u0a15\u0a30 \u0a38\u0a15\u0a26\u0a47 \u0a39\u0a3e\u0a02\u0964 \u0a07\u0a71\u0a15 \u0a35\u0a3e\u0a30 \u0a1c\u0a26\u0a4b\u0a02 \u0a24\u0a41\u0a39\u0a3e\u0a21\u0a40 \u0a16\u0a30\u0a40\u0a26 \u0a2a\u0a42\u0a30\u0a40 \u0a39\u0a4b \u0a1c\u0a3e\u0a02\u0a26\u0a40 \u0a39\u0a48, \u0a05\u0a38\u0a40\u0a02 \u0a24\u0a41\u0a39\u0a3e\u0a28\u0a42\u0a70 \u0a2a\u0a3f\u0a15-\u0a05\u0a71\u0a2a \u0a2a\u0a4d\u0a30\u0a2c\u0a70\u0a27\u0a3e\u0a02 \u0a28\u0a42\u0a70 \u0a38\u0a70\u0a17\u0a20\u0a3f\u0a24 \u0a15\u0a30\u0a28 \u0a32\u0a08 \u0a38\u0a3e\u0a21\u0a40 \u0a38\u0a25\u0a3e\u0a28\u0a15 \u0a1f\u0a42\u0a30 \u0a17\u0a3e\u0a08\u0a21 \u0a32\u0a08 \u0a2a\u0a42\u0a30\u0a40 \u0a38\u0a70\u0a2a\u0a30\u0a15 \u0a1c\u0a3e\u0a23\u0a15\u0a3e\u0a30\u0a40 (\u0a2b\u0a3c\u0a4b\u0a28 \u0a28\u0a70\u0a2c\u0a30, \u0a08\u0a2e\u0a47\u0a32 \u0a2a\u0a24\u0a3e, \u0a06\u0a26\u0a3f) \u0a2d\u0a47\u0a1c\u0a3e\u0a02\u0a17\u0a47\u0964<\/span><\/p>\n<h4><b><i>\u0a35\u0a27\u0a40\u0a15 \u0a1c\u0a3e\u0a23\u0a15\u0a3e\u0a30\u0a40 \u0a26\u0a40 \u0a2a\u0a41\u0a38\u0a3c\u0a1f\u0a40 <\/i><\/b><\/h4>\n<ol>\n<li>\u0a1f\u0a3f\u0a15\u0a1f\u0a3e\u0a02 \u0a07\u0a38 \u0a1f\u0a42\u0a30 \u0a26\u0a3e \u0a2d\u0a41\u0a17\u0a24\u0a3e\u0a28 \u0a15\u0a30\u0a28 \u0a24\u0a4b\u0a02 \u0a2c\u0a3e\u0a05\u0a26 \u0a30\u0a38\u0a40\u0a26 \u0a39\u0a28\u0964 \u0a24\u0a41\u0a38\u0a40\u0a02 \u0a06\u0a2a\u0a23\u0a47 \u0a2b\u0a3c\u0a4b\u0a28 &#039;\u0a24\u0a47 \u0a2d\u0a41\u0a17\u0a24\u0a3e\u0a28 \u0a26\u0a3f\u0a16\u0a3e \u0a38\u0a15\u0a26\u0a47 \u0a39\u0a4b\u0964<\/li>\n<li style=\"font-weight: 400;\"><span style=\"font-weight: 400;\">\u0a2e\u0a40\u0a1f\u0a3f\u0a70\u0a17 \u0a2a\u0a41\u0a06\u0a07\u0a70\u0a1f \u0a30\u0a3f\u0a1c\u0a3c\u0a30\u0a35\u0a47\u0a38\u0a3c\u0a28 \u0a2a\u0a4d\u0a30\u0a15\u0a3f\u0a30\u0a3f\u0a06 \u0a26\u0a47 \u0a2c\u0a3e\u0a05\u0a26 \u0a2a\u0a4d\u0a30\u0a3e\u0a2a\u0a24 \u0a15\u0a40\u0a24\u0a3e \u0a1c\u0a3e\u0a35\u0a47\u0a17\u0a3e.<\/span><\/li>\n<li style=\"font-weight: 400;\"><span style=\"font-weight: 400;\">\u0a2c\u0a71\u0a1a\u0a3f\u0a06\u0a02 \u0a28\u0a42\u0a70 \u0a07\u0a71\u0a15 \u0a2c\u0a3e\u0a32\u0a17 \u0a26\u0a47 \u0a28\u0a3e\u0a32 \u0a39\u0a4b\u0a23\u0a3e \u0a1a\u0a3e\u0a39\u0a40\u0a26\u0a3e \u0a39\u0a48\u0964<\/span><\/li>\n<li style=\"font-weight: 400;\"><span style=\"font-weight: 400;\"> \u0a35\u0a4d\u0a39\u0a40\u0a32\u0a1a\u0a47\u0a05\u0a30 \u0a2a\u0a39\u0a41\u0a70\u0a1a\u0a2f\u0a4b\u0a17 \u0a28\u0a39\u0a40\u0a02 \u0a39\u0a48 <\/span><\/li>\n<li style=\"font-weight: 400;\"><span style=\"font-weight: 400;\">\u0a2c\u0a71\u0a1a\u0a3f\u0a06\u0a02 \u0a28\u0a42\u0a70 \u0a17\u0a4b\u0a26\u0a40 &#039;\u0a24\u0a47 \u0a2c\u0a48\u0a20\u0a23\u0a3e \u0a1a\u0a3e\u0a39\u0a40\u0a26\u0a3e \u0a39\u0a48 <\/span><\/li>\n<li style=\"font-weight: 400;\"><span style=\"font-weight: 400;\">\u0a2a\u0a3f\u0a71\u0a20 \u0a26\u0a40\u0a06\u0a02 \u0a38\u0a2e\u0a71\u0a38\u0a3f\u0a06\u0a35\u0a3e\u0a02 \u0a35\u0a3e\u0a32\u0a47 \u0a2f\u0a3e\u0a24\u0a30\u0a40\u0a06\u0a02 \u0a32\u0a08 \u0a38\u0a3f\u0a2b\u0a3e\u0a30\u0a38\u0a3c \u0a28\u0a39\u0a40\u0a02 \u0a15\u0a40\u0a24\u0a40 \u0a1c\u0a3e\u0a02\u0a26\u0a40<\/span><\/li>\n<li style=\"font-weight: 400;\"><span style=\"font-weight: 400;\">\u0a17\u0a30\u0a2d\u0a35\u0a24\u0a40 \u0a2f\u0a3e\u0a24\u0a30\u0a40\u0a06\u0a02 \u0a32\u0a08 \u0a38\u0a3f\u0a2b\u0a3e\u0a30\u0a38\u0a3c \u0a28\u0a39\u0a40\u0a02 \u0a15\u0a40\u0a24\u0a40 \u0a1c\u0a3e\u0a02\u0a26\u0a40 <\/span><\/li>\n<li style=\"font-weight: 400;\"><span style=\"font-weight: 400;\"> \u0a15\u0a4b\u0a08 \u0a26\u0a3f\u0a32 \u0a26\u0a40\u0a06\u0a02 \u0a38\u0a2e\u0a71\u0a38\u0a3f\u0a06\u0a35\u0a3e\u0a02 \u0a1c\u0a3e\u0a02 \u0a39\u0a4b\u0a30 \u0a17\u0a70\u0a2d\u0a40\u0a30 \u0a21\u0a3e\u0a15\u0a1f\u0a30\u0a40 \u0a38\u0a25\u0a3f\u0a24\u0a40\u0a06\u0a02 \u0a28\u0a39\u0a40\u0a02 \u0a39\u0a28 <\/span><\/li>\n<li style=\"font-weight: 400;\"><span style=\"font-weight: 400;\">\u0a1c\u0a3c\u0a3f\u0a06\u0a26\u0a3e\u0a24\u0a30 \u0a2f\u0a3e\u0a24\u0a30\u0a40 \u0a39\u0a3f\u0a71\u0a38\u0a3e \u0a32\u0a48 \u0a38\u0a15\u0a26\u0a47 \u0a39\u0a28<\/span><\/li>\n<\/ol>\n<p>This tour is offered to a minimum of 2 people and a Maximum of 15 people. In case of fewer people, please contact us.<\/p>\n<h4><b><i>\u0a30\u0a71\u0a26 \u0a15\u0a30\u0a28 \u0a26\u0a40 \u0a28\u0a40\u0a24\u0a40<\/i><\/b><\/h4>\n<p>\u0a2a\u0a42\u0a30\u0a40 \u0a30\u0a3f\u0a2b\u0a70\u0a21 \u0a32\u0a08, \u0a15\u0a3f\u0a30\u0a2a\u0a3e \u0a15\u0a30\u0a15\u0a47 \u0a38\u0a3e\u0a21\u0a40\u0a06\u0a02 \u0a30\u0a71\u0a26 \u0a15\u0a30\u0a28 \u0a26\u0a40\u0a06\u0a02 \u0a28\u0a40\u0a24\u0a40\u0a06\u0a02 \u0a2a\u0a5c\u0a4d\u0a39\u0a4b\u00a0<a href=\"https:\/\/www.boattoursamana.com\/pa\/%e0%a8%86%e0%a8%a8%e0%a8%b2%e0%a8%be%e0%a8%88%e0%a8%a8-%e0%a8%ac%e0%a9%81%e0%a8%95%e0%a8%bf%e0%a9%b0%e0%a8%97\/\" target=\"_blank\" rel=\"noopener\" data-saferedirecturl=\"https:\/\/www.google.com\/url?q=https:\/\/www.boattoursamana.com\/online-booking\/&amp;source=gmail&amp;ust=1672529771100000&amp;usg=AOvVaw2NIGJBZ0qjB5RhPUl5Obc7\">\u0a07\u0a71\u0a25\u0a47 \u0a15\u0a32\u0a3f\u0a71\u0a15 \u0a15\u0a30\u0a4b<\/a>. \u0a1c\u0a47\u0a15\u0a30 \u0a30\u0a3f\u0a1c\u0a3c\u0a30\u0a35\u0a47\u0a38\u0a3c\u0a28 \u0a2f\u0a3e\u0a24\u0a30\u0a3e \u0a26\u0a47 \u0a09\u0a38\u0a47 \u0a26\u0a3f\u0a28 \u0a30\u0a71\u0a26 \u0a39\u0a4b \u0a1c\u0a3e\u0a02\u0a26\u0a40 \u0a39\u0a48 \u0a24\u0a3e\u0a02 \u0a2b\u0a70\u0a21 \u0a16\u0a24\u0a2e \u0a39\u0a4b \u0a1c\u0a3e\u0a23\u0a17\u0a47\u0964<\/p>\n\n\t\t<\/div>\n\t<\/div>\n<\/div><\/div><\/div><\/div><div class=\"vc_row wpb_row vc_row-fluid\" ><\/div><div class=\"wpb_column vc_column_container vc_col-sm-12\"><div class=\"vc_column-inner\"><div class=\"wpb_wrapper\"><\/div><\/div><\/div><div class=\"vc_empty_space\"   style=\"height: 32px\"><span class=\"vc_empty_space_inner\"><\/span><\/div><div class=\"vc_empty_space\"   style=\"height: 32px\"><span class=\"vc_empty_space_inner\"><\/span><\/div><div class=\"vc_row wpb_row vc_row-fluid\" ><div class=\"wpb_column vc_column_container vc_col-sm-12\"><div class=\"vc_column-inner\"><div class=\"wpb_wrapper\"><div class=\"vc_btn3-container vc_btn3-inline\" ><button class=\"vc_general vc_btn3 vc_btn3-size-md vc_btn3-shape-rounded vc_btn3-style-modern vc_btn3-color-green\">\u0a39\u0a41\u0a23\u0a47 \u0a2c\u0a41\u0a71\u0a15 \u0a15\u0a30\u0a4b<\/button><\/div><\/div><\/div><\/div><\/div>","protected":false},"excerpt":{"rendered":"<p><span style=\"vertical-align: inherit;\"><span style=\"vertical-align: inherit;\">Viaje ecol\u00f3gico al Parque Nacional Los Haitises con un gu\u00eda tur\u00edstico local. <\/span><span style=\"vertical-align: inherit;\">Visitar los halcones de Ridgway en el Parque Nacional Los Haitises y las \u00e1reas hist\u00f3ricas de Sabana de la Mar en el Parque Nacional Los Haitises.<\/span><\/span><\/p>\n<p>&nbsp;<\/p>\n<p><em><strong><span style=\"vertical-align: inherit;\"><span style=\"vertical-align: inherit;\">Seleccione la fecha para el tour\u00a0<\/span><\/span><\/strong><\/em><\/p>","protected":false},"featured_media":12258,"template":"","meta":[],"product_cat":[255,946,932,927,253,254],"product_tag":[237,236,171,209,239,238,175,186,199,240],"class_list":["post-8850","product","type-product","status-publish","has-post-thumbnail","hentry","product_cat-tours-excursions-samana-bay-dominican-republic","product_cat-1-sabana-de-la-mar","product_cat-birdwatching-los-haitises","product_cat-hiking-los-haitises","product_cat-tours-and-excursions","product_cat-tours-excursions-los-haitises-national-park","product_tag-birding","product_tag-birdwatching","product_tag-los-haitises","product_tag-los-haitises-national-park","product_tag-nature","product_tag-ridgways-hawk","product_tag-sabana-de-la-mar","product_tag-samana","product_tag-samana-bay","product_tag-wildlife"],"_links":{"self":[{"href":"https:\/\/www.boattoursamana.com\/pa\/wp-json\/wp\/v2\/product\/8850","targetHints":{"allow":["GET"]}}],"collection":[{"href":"https:\/\/www.boattoursamana.com\/pa\/wp-json\/wp\/v2\/product"}],"about":[{"href":"https:\/\/www.boattoursamana.com\/pa\/wp-json\/wp\/v2\/types\/product"}],"wp:featuredmedia":[{"embeddable":true,"href":"https:\/\/www.boattoursamana.com\/pa\/wp-json\/wp\/v2\/media\/12258"}],"wp:attachment":[{"href":"https:\/\/www.boattoursamana.com\/pa\/wp-json\/wp\/v2\/media?parent=8850"}],"wp:term":[{"taxonomy":"product_cat","embeddable":true,"href":"https:\/\/www.boattoursamana.com\/pa\/wp-json\/wp\/v2\/product_cat?post=8850"},{"taxonomy":"product_tag","embeddable":true,"href":"https:\/\/www.boattoursamana.com\/pa\/wp-json\/wp\/v2\/product_tag?post=8850"}],"curies":[{"name":"wp","href":"https:\/\/api.w.org\/{rel}","templated":true}]}}