{"id":9913,"date":"2020-03-29T08:08:03","date_gmt":"2020-03-29T08:08:03","guid":{"rendered":"https:\/\/www.ticketswhales.com\/Tours-Excursions\/uncategorized\/import-placeholder-for-9853\/"},"modified":"2023-03-25T08:06:44","modified_gmt":"2023-03-25T08:06:44","slug":"samana-whale-watching-from-las-terrenas-hotels-half-day-trip-for-whale-watching","status":"publish","type":"product","link":"https:\/\/www.boattoursamana.com\/pa\/%e0%a8%9f%e0%a9%82%e0%a8%b0\/%e0%a8%b2%e0%a8%be%e0%a8%b8-%e0%a8%9f%e0%a9%87%e0%a8%b0%e0%a9%87%e0%a8%a8%e0%a8%b8-%e0%a8%b9%e0%a9%8b%e0%a8%9f%e0%a8%b2%e0%a8%be%e0%a8%82-%e0%a8%a4%e0%a9%8b%e0%a8%82-%e0%a8%b8%e0%a8%ae%e0%a8%be","title":{"rendered":"\u0a32\u0a3e\u0a38 \u0a1f\u0a47\u0a30\u0a47\u0a28\u0a3e\u0a38 \u0a39\u0a4b\u0a1f\u0a32\u0a3e\u0a02 \u0a24\u0a4b\u0a02 \u0a38\u0a2e\u0a3e\u0a28\u0a3e \u0a35\u0a4d\u0a39\u0a47\u0a32 \u0a26\u0a47\u0a16\u0a23\u0a3e\u0964 \u0a35\u0a4d\u0a39\u0a47\u0a32 \u0a26\u0a47\u0a16\u0a23 \u0a32\u0a08 \u0a05\u0a71\u0a27\u0a47 \u0a26\u0a3f\u0a28 \u0a26\u0a40 \u0a2f\u0a3e\u0a24\u0a30\u0a3e\u0964"},"content":{"rendered":"<div class=\"vc_row wpb_row vc_row-fluid\" ><div class=\"wpb_column vc_column_container vc_col-sm-12\"><div class=\"vc_column-inner\"><div class=\"wpb_wrapper\"><div class=\"mkdf-section-title-holder\" style=\"text-align: left\">\n\t<div class=\"mkdf-st-inner\">\n\t\t\t\t\t<h5 class=\"mkdf-st-subtitle\" >\n\t\t\t\t\u0a32\u0a3e\u0a38 \u0a1f\u0a47\u0a30\u0a47\u0a28\u0a38 \u0a39\u0a4b\u0a1f\u0a32\u0a3e\u0a02 \u0a24\u0a4b\u0a02 \u0a38\u0a2e\u0a3e\u0a28\u0a3e \u0a35\u0a4d\u0a39\u0a47\u0a32 \u0a26\u0a47\u0a16\u0a23\u0a3e\u0964 \u0a35\u0a4d\u0a39\u0a47\u0a32 \u0a26\u0a47\u0a16\u0a23 \u0a32\u0a08 \u0a05\u0a71\u0a27\u0a47 \u0a26\u0a3f\u0a28 \u0a26\u0a40 \u0a2f\u0a3e\u0a24\u0a30\u0a3e\u0964\t\t\t<\/h5>\n\t\t\t\t\t\t\t<h3 class=\"mkdf-st-title\" >\n\t\t\t\t\u0a32\u0a3e\u0a38 \u0a1f\u0a47\u0a30\u0a47\u0a28\u0a38 \u0a24\u0a4b\u0a02 \u0a38\u0a2e\u0a3e\u0a23\u0a3e \u0a16\u0a3e\u0a5c\u0a40 \u0a35\u0a3f\u0a71\u0a1a \u0a35\u0a4d\u0a39\u0a47\u0a32 \u0a26\u0a47\u0a16\u0a23\u0a3e\t\t\t<\/h3>\n\t\t\t\t\t<\/div>\n<\/div><div class=\"vc_btn3-container vc_btn3-inline\" ><a class=\"vc_general vc_btn3 vc_btn3-size-md vc_btn3-shape-rounded vc_btn3-style-modern vc_btn3-color-green\" href=\"https:\/\/bookingadventures.tours\/booking.php?tour_id=1fac9dad475945457a173ae31c2897d2\" title=\"\" rel=\"noopener\">\u0a39\u0a41\u0a23\u0a47 \u0a2c\u0a41\u0a71\u0a15 \u0a15\u0a30\u0a4b<\/a><\/div><\/div><\/div><\/div><\/div><div class=\"wpb_column vc_column_container vc_col-sm-12\"><div class=\"vc_column-inner\"><div class=\"wpb_wrapper\"><\/div><\/div><\/div><div class=\"vc_row wpb_row vc_row-fluid\" ><div class=\"wpb_column vc_column_container vc_col-sm-12\"><div class=\"vc_column-inner\"><div class=\"wpb_wrapper\">\n\t<div class=\"wpb_text_column wpb_content_element\" >\n\t\t<div class=\"wpb_wrapper\">\n\t\t\t<div class=\"vc_row wpb_row vc_row-fluid\">\n<div class=\"wpb_column vc_column_container vc_col-sm-12\">\n<div class=\"vc_column-inner\">\n<div class=\"wpb_wrapper\">\n<div class=\"wpb_text_column wpb_content_element\">\n<div class=\"wpb_wrapper\">\n<div class=\"vc_row wpb_row vc_row-fluid\">\n<div class=\"wpb_column vc_column_container vc_col-sm-12\">\n<div class=\"vc_column-inner\">\n<div class=\"wpb_wrapper\">\n<div class=\"wpb_text_column wpb_content_element\">\n<div class=\"wpb_wrapper\">\n<h4><b><i>\u0a38\u0a70\u0a16\u0a47\u0a2a \u0a1c\u0a3e\u0a23\u0a15\u0a3e\u0a30\u0a40\ud83d\udc33<\/i><\/b><\/h4>\n<p>\u0a35\u0a4d\u0a39\u0a47\u0a32 \u0a32\u0a3e\u0a38 \u0a1f\u0a47\u0a30\u0a47\u0a28\u0a38, \u0a32\u0a3e\u0a38 \u0a1f\u0a47\u0a30\u0a47\u0a28\u0a3e\u0a38 \u0a39\u0a4b\u0a1f\u0a32\u0a3e\u0a02 \u0a24\u0a4b\u0a02 \u0a05\u0a71\u0a27\u0a47 \u0a26\u0a3f\u0a28 \u0a26\u0a40 \u0a2f\u0a3e\u0a24\u0a30\u0a3e \u0a24\u0a4b\u0a02 \u0a38\u0a2e\u0a3e\u0a28\u0a3e \u0a2c\u0a47 \u0a35\u0a3f\u0a71\u0a1a \u0a35\u0a4d\u0a39\u0a47\u0a32 \u0a26\u0a47\u0a16\u0a23\u0a3e\u0964 \u0a07\u0a71\u0a15 \u0a06\u0a30\u0a3e\u0a2e\u0a26\u0a3e\u0a07\u0a15, \u0a0f\u0a05\u0a30-\u0a15\u0a70\u0a21\u0a40\u0a38\u0a3c\u0a28\u0a21 \u0a15\u0a4b\u0a1a &#039;\u0a24\u0a47 \u0a38\u0a35\u0a3e\u0a30 \u0a38\u0a2e\u0a3e\u0a28\u0a3e \u0a2c\u0a47 \u0a26\u0a40 \u0a2f\u0a3e\u0a24\u0a30\u0a3e \u0a15\u0a30\u0a4b, \u0a2b\u0a3f\u0a30 \u0a07\u0a71\u0a15 \u0a15\u0a3f\u0a38\u0a3c\u0a24\u0a40 \u0a35\u0a3f\u0a71\u0a1a \u0a1f\u0a4d\u0a30\u0a3e\u0a02\u0a38\u0a2b\u0a30 \u0a15\u0a30\u0a4b\u0964 \u0a39\u0a70\u0a2a\u0a2c\u0a48\u0a15 \u0a35\u0a4d\u0a39\u0a47\u0a32 \u0a2e\u0a71\u0a1b\u0a40\u0a06\u0a02 \u0a26\u0a40\u0a06\u0a02 \u0a2b\u0a32\u0a40\u0a06\u0a02 \u0a28\u0a42\u0a70 \u0a32\u0a71\u0a2d\u0a23 \u0a32\u0a08 \u0a16\u0a41\u0a71\u0a32\u0a4d\u0a39\u0a47 \u0a2a\u0a3e\u0a23\u0a40\u0a06\u0a02 \u0a35\u0a3f\u0a71\u0a1a \u0a15\u0a30\u0a42\u0a1c\u0a3c \u0a15\u0a30\u0a4b \u0a1c\u0a4b \u0a2a\u0a4d\u0a30\u0a1c\u0a28\u0a28 \u0a32\u0a08 \u0a1c\u0a3e\u0a02\u0a26\u0a47 \u0a39\u0a28 \u0a05\u0a24\u0a47 \u0a16\u0a47\u0a24\u0a30 \u0a35\u0a3f\u0a71\u0a1a \u0a06\u0a2a\u0a23\u0a47 \u0a35\u0a71\u0a1b\u0a47 \u0a30\u0a71\u0a16\u0a26\u0a47 \u0a39\u0a28\u0964 \u0a06\u0a2a\u0a23\u0a47 \u0a2e\u0a3e\u0a39\u0a30 \u0a15\u0a41\u0a26\u0a30\u0a24\u0a35\u0a3e\u0a26\u0a40 \u0a17\u0a3e\u0a08\u0a21 \u0a24\u0a4b\u0a02 \u0a07\u0a39\u0a28\u0a3e\u0a02 \u0a38\u0a2e\u0a41\u0a70\u0a26\u0a30\u0a40 \u0a25\u0a23\u0a27\u0a3e\u0a30\u0a40 \u0a1c\u0a40\u0a35\u0a3e\u0a02 \u0a26\u0a47 \u0a35\u0a3f\u0a39\u0a3e\u0a30 \u0a05\u0a24\u0a47 \u0a1c\u0a40\u0a35 \u0a35\u0a3f\u0a17\u0a3f\u0a06\u0a28 \u0a2c\u0a3e\u0a30\u0a47 \u0a1c\u0a3e\u0a23\u0a4b\u0964 \u0a07\u0a38 \u0a05\u0a71\u0a27\u0a47 \u0a26\u0a3f\u0a28 \u0a26\u0a40 \u0a2f\u0a3e\u0a24\u0a30\u0a3e \u0a24\u0a4b\u0a02 \u0a2c\u0a3e\u0a05\u0a26 \u0a05\u0a38\u0a40\u0a02 \u0a32\u0a3e\u0a38 \u0a1f\u0a47\u0a30\u0a47\u0a28\u0a38 \u0a35\u0a3f\u0a71\u0a1a \u0a2e\u0a40\u0a1f\u0a3f\u0a70\u0a17 \u0a2a\u0a41\u0a06\u0a07\u0a70\u0a1f \u0a24\u0a47 \u0a35\u0a3e\u0a2a\u0a38 \u0a06\u0a09\u0a02\u0a26\u0a47 \u0a39\u0a3e\u0a02.<\/p>\n<p>&nbsp;<\/p>\n<p><strong>\u0a28\u0a4b\u0a1f:<\/strong>\u00a0\u0a07\u0a39 \u0a26\u0a4c\u0a30\u0a3e \u0a28\u0a3f\u0a71\u0a1c\u0a40 \u0a28\u0a39\u0a40\u0a02 \u0a39\u0a48\u0964<\/p>\n<ul>\n<li>\u0a35\u0a4d\u0a39\u0a47\u0a32 \u0a26\u0a47\u0a16\u0a23 \u0a26\u0a40 \u0a2f\u0a3e\u0a24\u0a30\u0a3e<\/li>\n<li>\u0a06\u0a2c\u0a1c\u0a3c\u0a30\u0a35\u0a47\u0a1f\u0a30\u0a40 \u0a32\u0a08 \u0a26\u0a3e\u0a16\u0a32\u0a3e \u0a2b\u0a40\u0a38<\/li>\n<li>\u0a38\u0a2e\u0a3e\u0a23\u0a3e \u0a38\u0a2b\u0a3e\u0a30\u0a40<\/li>\n<li>\u0a15\u0a3f\u0a38\u0a3c\u0a24\u0a40 \u0a1f\u0a4d\u0a30\u0a3e\u0a02\u0a38\u0a2b\u0a30<\/li>\n<li>\u0a15\u0a48\u0a2a\u0a1f\u0a28 \u0a28\u0a3f\u0a30\u0a26\u0a47\u0a38\u0a3c \u0a05\u0a24\u0a47 \u0a28\u0a3f\u0a17\u0a30\u0a3e\u0a28\u0a40 \u0a2a\u0a4d\u0a30\u0a26\u0a3e\u0a28 \u0a15\u0a30\u0a26\u0a3e \u0a39\u0a48<\/li>\n<li>\u0a1f\u0a42\u0a30 \u0a17\u0a3e\u0a08\u0a21<\/li>\n<\/ul>\n<p>&nbsp;<\/p>\n<h4><b>\u0a38\u0a2e\u0a3e\u0a35\u0a47\u0a38\u0a3c \u0a05\u0a24\u0a47 \u0a05\u0a32\u0a39\u0a3f\u0a26\u0a17\u0a40<\/b><\/h4>\n<p>&nbsp;<\/p>\n<p><b>\u0a38\u0a2e\u0a3e\u0a35\u0a47\u0a38\u0a3c<\/b><\/p>\n<p>&nbsp;<\/p>\n<ol>\n<li>\u0a2c\u0a41\u0a2b\u0a47 \u0a26\u0a41\u0a2a\u0a39\u0a3f\u0a30 \u0a26\u0a3e \u0a16\u0a3e\u0a23\u0a3e<\/li>\n<li>\u0a39\u0a4b\u0a1f\u0a32\u0a3e\u0a02 \u0a24\u0a4b\u0a02 \u0a1f\u0a4d\u0a30\u0a3e\u0a02\u0a38\u0a2b\u0a30 \u0a15\u0a30\u0a4b<\/li>\n<li>\u0a1f\u0a42\u0a30 \u0a17\u0a3e\u0a08\u0a21<\/li>\n<li>\u0a15\u0a3f\u0a38\u0a3c\u0a24\u0a40 \u0a26\u0a40 \u0a2f\u0a3e\u0a24\u0a30\u0a3e<\/li>\n<li>\u0a38\u0a3e\u0a30\u0a47 \u0a1f\u0a48\u0a15\u0a38, \u0a2b\u0a40\u0a38\u0a3e\u0a02 \u0a05\u0a24\u0a47 \u0a39\u0a48\u0a02\u0a21\u0a32\u0a3f\u0a70\u0a17 \u0a16\u0a30\u0a1a\u0a47<\/li>\n<li>\u0a38\u0a25\u0a3e\u0a28\u0a15 \u0a1f\u0a48\u0a15\u0a38<\/li>\n<li>\u0a2a\u0a40\u0a23 \u0a35\u0a3e\u0a32\u0a47 \u0a2a\u0a26\u0a3e\u0a30\u0a25<\/li>\n<\/ol>\n<p><b>\u0a2c\u0a47\u0a26\u0a16\u0a32\u0a40<\/b><\/p>\n<ol>\n<li>\u0a17\u0a4d\u0a30\u0a48\u0a1a\u0a41\u0a1f\u0a40\u0a1c\u0a3c<\/li>\n<\/ol>\n<p>&nbsp;<\/p>\n<h4><em><strong>\u0a30\u0a35\u0a3e\u0a28\u0a17\u0a40 \u0a05\u0a24\u0a47 \u0a35\u0a3e\u0a2a\u0a38\u0a40<\/strong><\/em><\/h4>\n<p>\u0a30\u0a3f\u0a1c\u0a3c\u0a30\u0a35\u0a47\u0a38\u0a3c\u0a28 \u0a2a\u0a4d\u0a30\u0a15\u0a3f\u0a30\u0a3f\u0a06 \u0a24\u0a4b\u0a02 \u0a2c\u0a3e\u0a05\u0a26 \u0a2f\u0a3e\u0a24\u0a30\u0a40 \u0a28\u0a42\u0a70 \u0a07\u0a71\u0a15 \u0a2e\u0a40\u0a1f\u0a3f\u0a70\u0a17 \u0a2a\u0a41\u0a06\u0a07\u0a70\u0a1f \u0a2e\u0a3f\u0a32\u0a47\u0a17\u0a3e\u0964 \u0a38\u0a3e\u0a21\u0a47 \u0a2e\u0a40\u0a1f\u0a3f\u0a70\u0a17 \u0a2a\u0a41\u0a06\u0a07\u0a70\u0a1f\u0a3e\u0a02 \u0a35\u0a3f\u0a71\u0a1a \u0a1f\u0a42\u0a30 \u0a38\u0a3c\u0a41\u0a30\u0a42 \u0a05\u0a24\u0a47 \u0a38\u0a2e\u0a3e\u0a2a\u0a24 \u0a39\u0a41\u0a70\u0a26\u0a47 \u0a39\u0a28\u0964<\/p>\n<p>&nbsp;<\/p>\n<h3>\u0a32\u0a3e\u0a38 \u0a1f\u0a47\u0a30\u0a47\u0a28\u0a38 \u0a39\u0a4b\u0a1f\u0a32\u0a3e\u0a02 \u0a24\u0a4b\u0a02 \u0a38\u0a2e\u0a3e\u0a28\u0a3e \u0a35\u0a4d\u0a39\u0a47\u0a32 \u0a26\u0a47\u0a16\u0a23\u0a3e\u0964 \u0a35\u0a4d\u0a39\u0a47\u0a32 \u0a26\u0a47\u0a16\u0a23 \u0a32\u0a08 \u0a05\u0a71\u0a27\u0a47 \u0a26\u0a3f\u0a28 \u0a26\u0a40 \u0a2f\u0a3e\u0a24\u0a30\u0a3e\u0964<\/h3>\n<h4><b><i>\u0a15\u0a40 \u0a09\u0a2e\u0a40\u0a26 \u0a15\u0a30\u0a28\u0a40 \u0a39\u0a48?<\/i><\/b><\/h4>\n<p>\u0a39\u0a70\u0a2a\u0a2c\u0a48\u0a15 \u0a35\u0a4d\u0a39\u0a47\u0a32 \u0a38\u0a2e\u0a3e\u0a23\u0a3e \u0a26\u0a40 \u0a16\u0a3e\u0a5c\u0a40 &#039;\u0a24\u0a47 \u0a1c\u0a28\u0a2e \u0a26\u0a47\u0a23 \u0a05\u0a24\u0a47 \u0a1c\u0a40\u0a35\u0a28 \u0a38\u0a3e\u0a25\u0a40 \u0a32\u0a08 \u0a06\u0a09\u0a02\u0a26\u0a40\u0a06\u0a02 \u0a39\u0a28\u0964 \u0a38\u0a3f\u0a30\u0a2b 15 \u0a1c\u0a28\u0a35\u0a30\u0a40 \u0a24\u0a4b\u0a02 15 \u0a2e\u0a3e\u0a30\u0a1a \u0a24\u0a71\u0a15 \u0a35\u0a4d\u0a39\u0a47\u0a32 \u0a26\u0a47\u0a16\u0a23 \u0a26\u0a40 \u0a07\u0a1c\u0a3e\u0a1c\u0a3c\u0a24 \u0a39\u0a48\u0964 \u0a32\u0a17\u0a2d\u0a17 12 \u0a2e\u0a40\u0a1f\u0a30 \u0a05\u0a24\u0a47 40 \u0a1f\u0a28 \u0a35\u0a1c\u0a3c\u0a28 \u0a35\u0a3e\u0a32\u0a40\u0a06\u0a02 \u0a35\u0a4d\u0a39\u0a47\u0a32 \u0a2e\u0a71\u0a1b\u0a40\u0a06\u0a02 \u0a24\u0a41\u0a39\u0a3e\u0a21\u0a40\u0a06\u0a02 \u0a39\u0a48\u0a30\u0a3e\u0a28\u0a15\u0a41\u0a70\u0a28 \u0a05\u0a71\u0a16\u0a3e\u0a02 \u0a32\u0a08 \u0a07\u0a71\u0a15 \u0a05\u0a2d\u0a41\u0a71\u0a32 \u0a26\u0a4d\u0a30\u0a3f\u0a38\u0a3c \u0a2a\u0a47\u0a38\u0a3c \u0a15\u0a30\u0a26\u0a40\u0a06\u0a02 \u0a39\u0a28\u0964 \u0a07\u0a38 \u0a38\u0a3c\u0a3e\u0a28\u0a26\u0a3e\u0a30 \u0a25\u0a23\u0a27\u0a3e\u0a30\u0a40 \u0a1c\u0a40\u0a35 \u0a35\u0a3e\u0a02\u0a17 \u0a38\u0a3c\u0a15\u0a24\u0a40\u0a38\u0a3c\u0a3e\u0a32\u0a40 \u0a06\u0a35\u0a3e\u0a1c\u0a3c \u0a38\u0a41\u0a23\u0a28 \u0a26\u0a3e \u0a2e\u0a4c\u0a15\u0a3e \u0a28\u0a3e \u0a17\u0a41\u0a06\u0a13 \u0a15\u0a3f\u0a09\u0a02\u0a15\u0a3f \u0a07\u0a39 \u0a39\u0a35\u0a3e \u0a28\u0a42\u0a70 \u0a2c\u0a3e\u0a39\u0a30 \u0a15\u0a71\u0a22\u0a26\u0a3e \u0a39\u0a48\u0964 \u0a26\u0a47\u0a16\u0a4b \u0a1c\u0a26\u0a4b\u0a02 \u0a2e\u0a30\u0a26 &quot;\u0a14\u0a30\u0a24\u0a3e\u0a02&quot; \u0a28\u0a42\u0a70 \u0a38\u0a70\u0a2d\u0a4b\u0a17 \u0a26\u0a40 \u0a30\u0a38\u0a2e \u0a35\u0a1c\u0a4b\u0a02 \u0a2a\u0a4d\u0a30\u0a2d\u0a3e\u0a35\u0a3f\u0a24 \u0a15\u0a30\u0a28 \u0a26\u0a40 \u0a15\u0a4b\u0a38\u0a3c\u0a3f\u0a38\u0a3c \u0a35\u0a3f\u0a71\u0a1a \u0a06\u0a2a\u0a23\u0a47 \u0a06\u0a2a \u0a28\u0a42\u0a70 \u0a2a\u0a3e\u0a23\u0a40 \u0a35\u0a3f\u0a71\u0a1a\u0a4b\u0a02 \u0a2c\u0a3e\u0a39\u0a30 \u0a15\u0a71\u0a22\u0a26\u0a47 \u0a39\u0a28\u0964<\/p>\n<p>\u0a28\u0a35\u0a47\u0a02 \u0a1c\u0a28\u0a2e\u0a47 \u0a35\u0a71\u0a1b\u0a3f\u0a06\u0a02 \u0a28\u0a42\u0a70 \u0a06\u0a2a\u0a23\u0a40\u0a06\u0a02 \u0a2e\u0a3e\u0a35\u0a3e\u0a02 \u0a28\u0a3e\u0a32 \u0a1a\u0a3f\u0a70\u0a2c\u0a5c\u0a3f\u0a06 \u0a39\u0a4b\u0a07\u0a06 \u0a26\u0a47\u0a16\u0a23\u0a3e \u0a2c\u0a39\u0a41\u0a24 \u0a30\u0a4b\u0a2e\u0a3e\u0a02\u0a1a\u0a15 \u0a39\u0a41\u0a70\u0a26\u0a3e \u0a39\u0a48 \u0a1c\u0a4b \u0a2c\u0a26\u0a32\u0a47 \u0a35\u0a3f\u0a71\u0a1a \u0a06\u0a2a\u0a23\u0a3e \u0a38\u0a3e\u0a30\u0a3e \u0a38\u0a2e\u0a3e\u0a02 \u0a09\u0a28\u0a4d\u0a39\u0a3e\u0a02 \u0a28\u0a42\u0a70 \u0a38\u0a70\u0a2d\u0a3e\u0a32\u0a23 \u0a05\u0a24\u0a47 \u0a16\u0a47\u0a21\u0a23 \u0a35\u0a3f\u0a71\u0a1a \u0a2c\u0a3f\u0a24\u0a3e\u0a09\u0a02\u0a26\u0a47 \u0a39\u0a28\u0964 \u0a38\u0a3e\u0a21\u0a40 \u0a1f\u0a42\u0a30 \u0a17\u0a3e\u0a08\u0a21 \u0a38\u0a2e\u0a41\u0a70\u0a26\u0a30\u0a40 \u0a25\u0a23\u0a27\u0a3e\u0a30\u0a40 \u0a1c\u0a3e\u0a28\u0a35\u0a30\u0a3e\u0a02 \u0a35\u0a3f\u0a71\u0a1a \u0a35\u0a3f\u0a38\u0a3c\u0a47\u0a38\u0a3c \u0a39\u0a48 \u0a05\u0a24\u0a47 \u0a24\u0a41\u0a39\u0a3e\u0a28\u0a42\u0a70 \u0a09\u0a38\u0a26\u0a47 \u0a17\u0a3f\u0a06\u0a28 \u0a28\u0a3e\u0a32 \u0a39\u0a48\u0a30\u0a3e\u0a28 \u0a15\u0a30\u0a47\u0a17\u0a40 \u0a05\u0a24\u0a47 \u0a24\u0a41\u0a39\u0a3e\u0a28\u0a42\u0a70 \u0a35\u0a4d\u0a39\u0a47\u0a32 \u0a26\u0a40\u0a06\u0a02 \u0a39\u0a30 \u0a17\u0a24\u0a40 \u0a26\u0a40 \u0a35\u0a3f\u0a06\u0a16\u0a3f\u0a06 \u0a15\u0a30\u0a28 \u0a35\u0a3f\u0a71\u0a1a \u0a2e\u0a26\u0a26 \u0a15\u0a30\u0a47\u0a17\u0a40\u0964<\/p>\n<p>\u0a38\u0a35\u0a47\u0a30\u0a47 9:00 \u0a35\u0a1c\u0a47 \u0a24\u0a4b\u0a02 \u0a26\u0a41\u0a2a\u0a39\u0a3f\u0a30 12:00 \u0a35\u0a1c\u0a47 \u0a24\u0a71\u0a15 \u0a35\u0a4d\u0a39\u0a47\u0a32 \u0a26\u0a47\u0a16\u0a23 \u0a35\u0a3e\u0a32\u0a40 \u0a06\u0a2c\u0a1c\u0a3c\u0a30\u0a35\u0a47\u0a1f\u0a30\u0a40 \u0a05\u0a24\u0a47 \u0a07\u0a38 \u0a35\u0a4d\u0a39\u0a47\u0a32 \u0a2f\u0a3e\u0a24\u0a30\u0a3e \u0a24\u0a4b\u0a02 \u0a2c\u0a3e\u0a05\u0a26 \u0a05\u0a38\u0a40\u0a02 \u0a26\u0a41\u0a2a\u0a39\u0a3f\u0a30 \u0a26\u0a3e \u0a16\u0a3e\u0a23\u0a3e \u0a16\u0a3e\u0a35\u0a3e\u0a02\u0a17\u0a47\u0964 \u0a1f\u0a42\u0a30 \u0a26\u0a41\u0a2a\u0a39\u0a3f\u0a30 1:30 \u0a35\u0a1c\u0a47 \u0a09\u0a38\u0a47 \u0a2c\u0a70\u0a26\u0a30\u0a17\u0a3e\u0a39 &#039;\u0a24\u0a47 \u0a38\u0a2e\u0a3e\u0a2a\u0a24 \u0a39\u0a4b\u0a35\u0a47\u0a17\u0a3e \u0a1c\u0a3f\u0a71\u0a25\u0a4b\u0a02 \u0a07\u0a39 \u0a38\u0a3c\u0a41\u0a30\u0a42 \u0a39\u0a4b\u0a35\u0a47\u0a17\u0a3e\u0964 \u0a07\u0a38 \u0a24\u0a4b\u0a02 \u0a2c\u0a3e\u0a05\u0a26 \u0a05\u0a38\u0a40\u0a02 \u0a32\u0a3e\u0a38 \u0a1f\u0a47\u0a30\u0a47\u0a28\u0a38 \u0a35\u0a3e\u0a2a\u0a38 \u0a06\u0a35\u0a3e\u0a02\u0a17\u0a47\u0964<\/p>\n<p><strong>\u0a38\u0a2e\u0a3e\u0a02 \u0a38\u0a3e\u0a30\u0a23\u0a40:<\/strong><\/p>\n<p>8:00 AM - 1:30 PM<\/p>\n<p>&nbsp;<\/p>\n<h4><em><strong>\u0a24\u0a41\u0a39\u0a3e\u0a28\u0a42\u0a70 \u0a15\u0a40 \u0a32\u0a3f\u0a06\u0a09\u0a23\u0a3e \u0a1a\u0a3e\u0a39\u0a40\u0a26\u0a3e \u0a39\u0a48?<\/strong><\/em><\/h4>\n<ul>\n<li>\u0a15\u0a48\u0a2e\u0a30\u0a3e<\/li>\n<li>\u0a2a\u0a4d\u0a30\u0a24\u0a40\u0a30\u0a4b\u0a27\u0a15 \u0a2e\u0a41\u0a15\u0a41\u0a32<\/li>\n<li>\u0a38\u0a28\u0a15\u0a4d\u0a30\u0a40\u0a2e<\/li>\n<li>\u0a1f\u0a4b\u0a2a\u0a40<\/li>\n<li>\u0a06\u0a30\u0a3e\u0a2e\u0a26\u0a3e\u0a07\u0a15 \u0a2a\u0a48\u0a02\u0a1f<\/li>\n<li>\u0a2c\u0a40\u0a1a \u0a28\u0a42\u0a70 \u0a38\u0a48\u0a02\u0a21\u0a32<\/li>\n<li>\u0a24\u0a48\u0a30\u0a3e\u0a15\u0a40 \u0a2a\u0a39\u0a3f\u0a28\u0a23<\/li>\n<li>\u0a38\u0a2e\u0a3e\u0a30\u0a15 \u0a05\u0a24\u0a47 \u0a38\u0a41\u0a1d\u0a3e\u0a35\u0a3e\u0a02 \u0a32\u0a08 \u0a28\u0a15\u0a26<\/li>\n<\/ul>\n<p>&nbsp;<\/p>\n<h4><b><i>\u0a39\u0a4b\u0a1f\u0a32 \u0a2a\u0a3f\u0a15\u0a05\u0a71\u0a2a<\/i><\/b><\/h4>\n<p>\u0a07\u0a38 \u0a1f\u0a42\u0a30 \u0a32\u0a08 \u0a39\u0a4b\u0a1f\u0a32 \u0a2a\u0a3f\u0a15-\u0a05\u0a71\u0a2a \u0a26\u0a40 \u0a2a\u0a47\u0a38\u0a3c\u0a15\u0a38\u0a3c \u0a15\u0a40\u0a24\u0a40 \u0a1c\u0a3e\u0a02\u0a26\u0a40 \u0a39\u0a48\u0964 \u0a2c\u0a38 \u0a32\u0a3e\u0a38 \u0a1f\u0a47\u0a30\u0a47\u0a28\u0a38 \u0a35\u0a3f\u0a71\u0a1a.<\/p>\n<p><b>\u0a28\u0a4b\u0a1f:<\/b>\u00a0\u0a1c\u0a47\u0a15\u0a30 \u0a24\u0a41\u0a38\u0a40\u0a02 \u0a1f\u0a42\u0a30\/\u0a38\u0a48\u0a30-\u0a38\u0a2a\u0a3e\u0a1f\u0a3e \u0a30\u0a35\u0a3e\u0a28\u0a17\u0a40 \u0a26\u0a47 \u0a38\u0a2e\u0a47\u0a02 \u0a26\u0a47 24 \u0a18\u0a70\u0a1f\u0a3f\u0a06\u0a02 \u0a26\u0a47 \u0a05\u0a70\u0a26\u0a30 \u0a2c\u0a41\u0a15\u0a3f\u0a70\u0a17 \u0a15\u0a30 \u0a30\u0a39\u0a47 \u0a39\u0a4b, \u0a24\u0a3e\u0a02 \u0a05\u0a38\u0a40\u0a02 \u0a35\u0a3e\u0a27\u0a42 \u0a16\u0a30\u0a1a\u0a3f\u0a06\u0a02 \u0a28\u0a3e\u0a32 \u0a39\u0a4b\u0a1f\u0a32 \u0a2a\u0a3f\u0a15-\u0a05\u0a71\u0a2a \u0a26\u0a3e \u0a2a\u0a4d\u0a30\u0a2c\u0a70\u0a27 \u0a15\u0a30 \u0a38\u0a15\u0a26\u0a47 \u0a39\u0a3e\u0a02\u0964 \u0a07\u0a71\u0a15 \u0a35\u0a3e\u0a30 \u0a1c\u0a26\u0a4b\u0a02 \u0a24\u0a41\u0a39\u0a3e\u0a21\u0a40 \u0a16\u0a30\u0a40\u0a26 \u0a2a\u0a42\u0a30\u0a40 \u0a39\u0a4b \u0a1c\u0a3e\u0a02\u0a26\u0a40 \u0a39\u0a48, \u0a05\u0a38\u0a40\u0a02 \u0a24\u0a41\u0a39\u0a3e\u0a28\u0a42\u0a70 \u0a2a\u0a3f\u0a15-\u0a05\u0a71\u0a2a \u0a2a\u0a4d\u0a30\u0a2c\u0a70\u0a27\u0a3e\u0a02 \u0a28\u0a42\u0a70 \u0a38\u0a70\u0a17\u0a20\u0a3f\u0a24 \u0a15\u0a30\u0a28 \u0a32\u0a08 \u0a38\u0a3e\u0a21\u0a40 \u0a38\u0a25\u0a3e\u0a28\u0a15 \u0a1f\u0a42\u0a30 \u0a17\u0a3e\u0a08\u0a21 \u0a32\u0a08 \u0a2a\u0a42\u0a30\u0a40 \u0a38\u0a70\u0a2a\u0a30\u0a15 \u0a1c\u0a3e\u0a23\u0a15\u0a3e\u0a30\u0a40 (\u0a2b\u0a3c\u0a4b\u0a28 \u0a28\u0a70\u0a2c\u0a30, \u0a08\u0a2e\u0a47\u0a32 \u0a2a\u0a24\u0a3e, \u0a06\u0a26\u0a3f) \u0a2d\u0a47\u0a1c\u0a3e\u0a02\u0a17\u0a47\u0964<\/p>\n<h4><b><i>\u0a35\u0a27\u0a40\u0a15 \u0a1c\u0a3e\u0a23\u0a15\u0a3e\u0a30\u0a40 \u0a26\u0a40 \u0a2a\u0a41\u0a38\u0a3c\u0a1f\u0a40<\/i><\/b><\/h4>\n<ol>\n<li>\u0a1f\u0a3f\u0a15\u0a1f\u0a3e\u0a02 \u0a07\u0a38 \u0a1f\u0a42\u0a30 \u0a26\u0a3e \u0a2d\u0a41\u0a17\u0a24\u0a3e\u0a28 \u0a15\u0a30\u0a28 \u0a24\u0a4b\u0a02 \u0a2c\u0a3e\u0a05\u0a26 \u0a30\u0a38\u0a40\u0a26 \u0a39\u0a28\u0964 \u0a24\u0a41\u0a38\u0a40\u0a02 \u0a06\u0a2a\u0a23\u0a47 \u0a2b\u0a3c\u0a4b\u0a28 &#039;\u0a24\u0a47 \u0a2d\u0a41\u0a17\u0a24\u0a3e\u0a28 \u0a26\u0a3f\u0a16\u0a3e \u0a38\u0a15\u0a26\u0a47 \u0a39\u0a4b\u0964<\/li>\n<li>\u0a2e\u0a40\u0a1f\u0a3f\u0a70\u0a17 \u0a2a\u0a41\u0a06\u0a07\u0a70\u0a1f \u0a30\u0a3f\u0a1c\u0a3c\u0a30\u0a35\u0a47\u0a38\u0a3c\u0a28 \u0a2a\u0a4d\u0a30\u0a15\u0a3f\u0a30\u0a3f\u0a06 \u0a26\u0a47 \u0a2c\u0a3e\u0a05\u0a26 \u0a2a\u0a4d\u0a30\u0a3e\u0a2a\u0a24 \u0a15\u0a40\u0a24\u0a3e \u0a1c\u0a3e\u0a35\u0a47\u0a17\u0a3e.<\/li>\n<li>\u0a2c\u0a71\u0a1a\u0a3f\u0a06\u0a02 \u0a28\u0a42\u0a70 \u0a07\u0a71\u0a15 \u0a2c\u0a3e\u0a32\u0a17 \u0a26\u0a47 \u0a28\u0a3e\u0a32 \u0a39\u0a4b\u0a23\u0a3e \u0a1a\u0a3e\u0a39\u0a40\u0a26\u0a3e \u0a39\u0a48\u0964<\/li>\n<li>\u0a35\u0a4d\u0a39\u0a40\u0a32\u0a1a\u0a47\u0a05\u0a30 \u0a2a\u0a39\u0a41\u0a70\u0a1a\u0a2f\u0a4b\u0a17<\/li>\n<li>\u0a2c\u0a71\u0a1a\u0a3f\u0a06\u0a02 \u0a28\u0a42\u0a70 \u0a17\u0a4b\u0a26\u0a40 &#039;\u0a24\u0a47 \u0a2c\u0a48\u0a20\u0a23\u0a3e \u0a1a\u0a3e\u0a39\u0a40\u0a26\u0a3e \u0a39\u0a48<\/li>\n<li>\u0a1c\u0a3c\u0a3f\u0a06\u0a26\u0a3e\u0a24\u0a30 \u0a2f\u0a3e\u0a24\u0a30\u0a40 \u0a39\u0a3f\u0a71\u0a38\u0a3e \u0a32\u0a48 \u0a38\u0a15\u0a26\u0a47 \u0a39\u0a28<\/li>\n<\/ol>\n<h4><b><i>\u0a30\u0a71\u0a26 \u0a15\u0a30\u0a28 \u0a26\u0a40 \u0a28\u0a40\u0a24\u0a40<\/i><\/b><\/h4>\n<p>\u0a2a\u0a42\u0a30\u0a40 \u0a30\u0a3f\u0a2b\u0a70\u0a21 \u0a32\u0a08, \u0a05\u0a28\u0a41\u0a2d\u0a35 \u0a26\u0a40 \u0a38\u0a3c\u0a41\u0a30\u0a42\u0a06\u0a24\u0a40 \u0a2e\u0a3f\u0a24\u0a40 \u0a24\u0a4b\u0a02 \u0a18\u0a71\u0a1f\u0a4b-\u0a18\u0a71\u0a1f 24 \u0a18\u0a70\u0a1f\u0a47 \u0a2a\u0a39\u0a3f\u0a32\u0a3e\u0a02 \u0a30\u0a71\u0a26 \u0a15\u0a30\u0a4b\u0964<\/p>\n<\/div>\n<\/div>\n<\/div>\n<\/div>\n<\/div>\n<\/div>\n<\/div>\n<\/div>\n<\/div>\n<\/div>\n<\/div>\n<\/div>\n<div class=\"vc_row wpb_row vc_row-fluid\">\n<div class=\"wpb_column vc_column_container vc_col-sm-12\">\n<div class=\"vc_column-inner\">\n<div class=\"wpb_wrapper\">\n<div class=\"vc_empty_space\"><\/div>\n<div class=\"wpb_text_column wpb_content_element\">\n<div class=\"wpb_wrapper\">\n<h4>\u0a38\u0a3e\u0a21\u0a47 \u0a28\u0a3e\u0a32 \u0a38\u0a70\u0a2a\u0a30\u0a15 \u0a15\u0a30\u0a4b?<\/h4>\n<h5><b><i>\u0a1f\u0a42\u0a30 \u0a35\u0a4d\u0a39\u0a47\u0a32 \u0a38\u0a2e\u0a3e\u0a28\u0a3e<\/i><\/b><\/h5>\n<p><em><strong>\u0a38\u0a25\u0a3e\u0a28\u0a15<\/strong>\u00a0\u0a05\u0a24\u0a47\u00a0<strong>\u0a28\u0a3e\u0a17\u0a30\u0a3f\u0a15<\/strong>\u00a0\u0a1f\u0a42\u0a30 \u0a17\u0a3e\u0a08\u0a21 \u0a05\u0a24\u0a47 \u0a2e\u0a39\u0a3f\u0a2e\u0a3e\u0a28 \u0a38\u0a47\u0a35\u0a3e\u0a35\u0a3e\u0a02<\/em><\/p>\n<p><span class=\"text-turquoise\">\u0a30\u0a3f\u0a1c\u0a3c\u0a30\u0a35\u0a47\u0a38\u0a3c\u0a28:<\/span>\u00a0\u0a21\u0a4b\u0a2e \u0a35\u0a3f\u0a71\u0a1a \u0a1f\u0a42\u0a30 \u0a05\u0a24\u0a47 \u0a38\u0a48\u0a30-\u0a38\u0a2a\u0a3e\u0a1f\u0a3e\u0964 \u0a2a\u0a4d\u0a30\u0a24\u0a40\u0a28\u0a3f\u0a27\u0a40<\/p>\n<p>\ud83d\udcde \u0a1f\u0a48\u0a32\u0a40\u0a2b\u0a4b\u0a28 \/ Whatsapp\u00a0\u00a0<a href=\"tel:+1-809-720-6035\">+1-809-720-6035<\/a>.<\/p>\n<p>\ud83d\udce9\u00a0<a href=\"mailto:reservabatour@gmail.com\">reservabatour@gmail.com<\/a><\/p>\n<p><strong>\u0a05\u0a38\u0a40\u0a02 Whatsapp \u0a26\u0a41\u0a06\u0a30\u0a3e \u0a32\u0a1a\u0a15\u0a26\u0a3e\u0a30 \u0a28\u0a3f\u0a1c\u0a40 \u0a1f\u0a42\u0a30 \u0a38\u0a48\u0a71\u0a1f \u0a15\u0a30 \u0a30\u0a39\u0a47 \u0a39\u0a3e\u0a02:\u00a0<a href=\"tel:+1 (829) 318-9463\">+1 (829) 318-9463.<\/a><\/strong><\/p>\n<\/div>\n<\/div>\n<\/div>\n<\/div>\n<\/div>\n<\/div>\n\n\t\t<\/div>\n\t<\/div>\n<\/div><\/div><\/div><\/div>","protected":false},"excerpt":{"rendered":"<p><span style=\"vertical-align: inherit;\"><span style=\"vertical-align: inherit;\">Desde los hoteles de Las Terrenas ven con nosotros a visitar las ballenas jorobadas en el santuario de la Bah\u00eda de Saman\u00e1, Rep\u00fablica Dominicana. <\/span><span style=\"vertical-align: inherit;\">Viajes diarios de avistamento de ballenas desde las Terrenas en Saman\u00e1. <\/span><span style=\"vertical-align: inherit;\">Cont\u00e1ctenos si tiene alguna pregunta sobre los viajes de avistamento de ballenas en la bah\u00eda de Saman\u00e1 desde Las Terrenas.<\/span><\/span><\/p>\n<p>&nbsp;<\/p>\n<p><em><strong><span style=\"vertical-align: inherit;\"><span style=\"vertical-align: inherit;\">\u0a38\u0a48\u0a30-\u0a38\u0a2a\u0a3e\u0a1f\u0a47 \u0a26\u0a40 \u0a1a\u0a4b\u0a23 \u0a15\u0a30\u0a4b:<\/span><\/span><\/strong><\/em><\/p>","protected":false},"featured_media":12070,"template":"","meta":[],"product_cat":[159,655,273],"product_tag":[631,184,328,480,380,651,267,522,652,649,327,199,526,342,653,276,529,274,654],"class_list":["post-9913","product","type-product","status-publish","has-post-thumbnail","hentry","product_cat-fees-entrace","product_cat-1-samana","product_cat-whale-watching-samana","product_tag-631","product_tag-bacardi-island","product_tag-cayo-levantado-day-pass","product_tag-cheap-punta-cana-excursions","product_tag-el-limon-waterfall-and-bacardi-island-tour-from-punta-cana","product_tag-half-day-whale-watching-las-terrenas","product_tag-las-terrenas","product_tag-las-terrenas-excursions","product_tag-las-terrenas-whale-watching","product_tag-limon-from-punta-cana","product_tag-private-tours-samana","product_tag-samana-bay","product_tag-samana-day-trip","product_tag-samana-whale-watching","product_tag-whale-las-terrenas","product_tag-whale-samana","product_tag-whale-watching-2020","product_tag-whale-watching-dominican-republic","product_tag-whale-watching-trips-las-terrenas"],"_links":{"self":[{"href":"https:\/\/www.boattoursamana.com\/pa\/wp-json\/wp\/v2\/product\/9913","targetHints":{"allow":["GET"]}}],"collection":[{"href":"https:\/\/www.boattoursamana.com\/pa\/wp-json\/wp\/v2\/product"}],"about":[{"href":"https:\/\/www.boattoursamana.com\/pa\/wp-json\/wp\/v2\/types\/product"}],"wp:featuredmedia":[{"embeddable":true,"href":"https:\/\/www.boattoursamana.com\/pa\/wp-json\/wp\/v2\/media\/12070"}],"wp:attachment":[{"href":"https:\/\/www.boattoursamana.com\/pa\/wp-json\/wp\/v2\/media?parent=9913"}],"wp:term":[{"taxonomy":"product_cat","embeddable":true,"href":"https:\/\/www.boattoursamana.com\/pa\/wp-json\/wp\/v2\/product_cat?post=9913"},{"taxonomy":"product_tag","embeddable":true,"href":"https:\/\/www.boattoursamana.com\/pa\/wp-json\/wp\/v2\/product_tag?post=9913"}],"curies":[{"name":"wp","href":"https:\/\/api.w.org\/{rel}","templated":true}]}}