{"id":15745,"date":"2023-07-15T07:42:45","date_gmt":"2023-07-15T07:42:45","guid":{"rendered":"https:\/\/www.ticketswhales.com\/4-hours-kayak-los-haitises\/"},"modified":"2023-07-15T07:42:45","modified_gmt":"2023-07-15T07:42:45","slug":"4-hours-kayak-los-haitises","status":"publish","type":"page","link":"https:\/\/www.boattoursamana.com\/pl\/4-godzinne-kajaki-los-haitises","title":{"rendered":"4-godzinny sp\u0142yw kajakowy Los Haitises"},"content":{"rendered":"<p><span style=\"vertical-align: inherit;\"><span style=\"vertical-align: inherit;\">Excursi\u00f3n al Parque Nacional Los Haitises partiendo de Sabana de la Mar en la zona de Cano Hondo, Visita de manglares, Cuevas, Pictogramas y Formaciones Rocosas.<\/span><\/span><br \/>\nn<br \/>\nn<span style=\"vertical-align: inherit;\"><span style=\"vertical-align: inherit;\">Este recorrido se puede configurar con el <\/span><\/span><a href=\"https:\/\/www.boattoursamana.com\/pl\/tours-excursions\/wedrowki\/wycieczka-kajak-los-haitises-park-narodowy\/\"><span style=\"vertical-align: inherit;\"><span style=\"vertical-align: inherit;\">spinacz<\/span><\/span><\/a><span style=\"vertical-align: inherit;\"><span style=\"vertical-align: inherit;\"> Sendersmo <\/span><a href=\"https:\/\/www.boattoursamana.com\/pl\/tours-excursions\/wedrowki\/wycieczka-kajak-los-haitises-park-narodowy\/\"><span style=\"vertical-align: inherit;\">wodny <\/span><\/a><span style=\"vertical-align: inherit;\">Conozca la historia real de la historia del Parque Nacional Los Haitises con los lugare\u00f1os.<\/span><\/span><br \/>\nn<br \/>\nn&nbsp;<br \/>\nn<br \/>\nn<strong><span style=\"vertical-align: inherit;\"><span style=\"vertical-align: inherit;\">Seleccione la fecha para el Tour:<\/span><\/span><\/strong><\/p>\n<p>&nbsp;<\/p>\n<div class=\"vc_row wpb_row vc_row-fluid\" ><div class=\"wpb_column vc_column_container vc_col-sm-12\"><div class=\"vc_column-inner\"><div class=\"wpb_wrapper\"><div class=\"vc_empty_space\"   style=\"height: 32px\"><span class=\"vc_empty_space_inner\"><\/span><\/div><\/div><\/div><\/div><\/div><div class=\"vc_row wpb_row vc_row-fluid\" ><div class=\"wpb_column vc_column_container vc_col-sm-12\"><div class=\"vc_column-inner\"><div class=\"wpb_wrapper\"><div class=\"mkdf-section-title-holder\" style=\"text-align: left\">\n\t<div class=\"mkdf-st-inner\">\n\t\t\t\t\t<h5 class=\"mkdf-st-subtitle\" >\n\t\t\t\tNamorzyny, jaskinie i nie tylko.\t\t\t<\/h5>\n\t\t\t\t\t\t\t<h3 class=\"mkdf-st-title\" >\n\t\t\t\tKajakarstwo w Los Haitises z przewodnikiem z Ca\u00f1o Hondo 4 godziny\t\t\t<\/h3>\n\t\t\t\t\t<\/div>\n<\/div><\/div><\/div><\/div><\/div><div class=\"vc_row wpb_row vc_row-fluid\" ><div class=\"wpb_column vc_column_container vc_col-sm-12\"><div class=\"vc_column-inner\"><div class=\"wpb_wrapper\"><div class=\"vc_empty_space\"   style=\"height: 32px\"><span class=\"vc_empty_space_inner\"><\/span><\/div><\/div><\/div><\/div><\/div><div class=\"vc_row wpb_row vc_row-fluid\" ><div class=\"wpb_column vc_column_container vc_col-sm-12\"><div class=\"vc_column-inner\"><div class=\"wpb_wrapper\"><div class=\"vc_btn3-container vc_btn3-inline\" ><button class=\"vc_general vc_btn3 vc_btn3-size-md vc_btn3-shape-rounded vc_btn3-style-modern vc_btn3-color-green\">REZERWUJ TERAZ<\/button><\/div>\n\t<div class=\"wpb_text_column wpb_content_element\" >\n\t\t<div class=\"wpb_wrapper\">\n\t\t\t<p>\nn<\/p>\n<h4><b><i>Przegl\u0105d <\/i><\/b><\/h4>\n<p>nKajakarstwo po namorzynach w Parku Narodowym Los Haitises z lokalnym przewodnikiem 4 godziny. Zwiedzanie namorzyn\u00f3w, jaski\u0144, piktogram\u00f3w w rzece Ca\u00f1o Hondo oraz przegl\u0105d zatoki San Lorenzo w Parku Narodowym Los Haitises, obszar Sabana de la Mar Ca\u00f1o Hondo. W przypadku kr\u00f3tkiej podr\u00f3\u017cy: <a href=\"https:\/\/www.boattoursamana.com\/pl\/tours-excursions\/jaskinie\/splywy-kajakowe-w-los-haitises-z-przewodnikiem-z-cano-hondo-2\/\"><em><strong>Kajakarstwo Los Haitises 2 godziny<\/strong><\/em><\/a><br \/>\nn<\/p>\n<ul>\nn \t<\/p>\n<li style=\"font-weight: 400;\"><span style=\"font-weight: 400;\">Przewodnik zapewnia instrukcje i nadz\u00f3r<\/span><\/li>\n<p>n \t<\/p>\n<li>Dost\u0119pne kajaki i wios\u0142a Doble dla dw\u00f3ch os\u00f3b i Simple dla jednej osoby.<\/li>\n<p>n<\/ul>\n<p>n&nbsp;<br \/>\nn<\/p>\n<h4><b>W\u0142\u0105czenia i wykluczenia<\/b><\/h4>\n<p>n&nbsp;<br \/>\nn<br \/>\nn<b>Inkluzje<\/b><br \/>\nn<br \/>\nn&nbsp;<br \/>\nn<\/p>\n<ol>\nn \t<\/p>\n<li style=\"font-weight: 400;\">Sp\u0142yw kajakowy<\/li>\n<p>n \t<\/p>\n<li>Wycieczki do jaski\u0144<\/li>\n<p>n \t<\/p>\n<li style=\"font-weight: 400;\"><span style=\"font-weight: 400;\">Wszystkie podatki, op\u0142aty i op\u0142aty manipulacyjne<\/span><\/li>\n<p>n \t<\/p>\n<li style=\"font-weight: 400;\"><span style=\"font-weight: 400;\">Lokalne podatki<\/span><\/li>\n<p>n \t<\/p>\n<li style=\"font-weight: 400;\"><span style=\"font-weight: 400;\">Lokalny przewodnik<\/span><\/li>\n<p>n<\/ol>\n<p>n<b> Wykluczenia<\/b><br \/>\nn<\/p>\n<ol>\nn \t<\/p>\n<li style=\"font-weight: 400;\"><span style=\"font-weight: 400;\">Napiwki<\/span><\/li>\n<p>n \t<\/p>\n<li style=\"font-weight: 400;\"><span style=\"font-weight: 400;\">Przenosi\u0107<\/span><\/li>\n<p>n \t<\/p>\n<li>Lunch nie jest wliczony w cen\u0119<\/li>\n<p>n \t<\/p>\n<li style=\"font-weight: 400;\"><span style=\"font-weight: 400;\">Napoje alkoholowe<\/span><\/li>\n<p>n<\/ol>\n<p>n&nbsp;<br \/>\nn<\/p>\n<h4><em><strong>Wyjazd i powr\u00f3t<\/strong><\/em><\/h4>\n<p>n<span style=\"font-weight: 400;\">Po dokonaniu rezerwacji podr\u00f3\u017cny otrzyma miejsce zbi\u00f3rki. Wycieczki rozpoczynaj\u0105 si\u0119 i ko\u0144cz\u0105 w naszych punktach spotka\u0144.<\/span><br \/>\nn<br \/>\nn&nbsp;<br \/>\nn<\/p>\n<h4><b><i>Czego oczekiwa\u0107?<\/i><\/b><\/h4>\n<p>n&nbsp;<br \/>\nn<br \/>\nn<em><strong>Zdob\u0105d\u017a swoje bilety<\/strong><\/em> na zwiedzanie 4 godzin kajakiem Cano Hondo River Forest (namorzyny), Rockly Islands, Birding i Caves z lokalnym przewodnikiem.<br \/>\nn<br \/>\nnKiedy zdob\u0119dziemy ca\u0142y niezb\u0119dny dla Pa\u0144stwa bezpiecze\u0144stwa sprz\u0119t (kamizelki ratunkowe itp.) rozpoczynamy akcj\u0119 Sp\u0142yw kajakowy z rzeki Ca\u00f1o Hondo port.<br \/>\nn<br \/>\nn<span style=\"font-weight: 400;\">Wycieczka organizowana przez \u201eBooking Adventures\u201d rozpoczyna si\u0119 w miejscu spotkania z Przewodnikiem. <\/span>We\u017a kajaki i przep\u0142y\u0144 przez bagna namorzynowe, obok staro\u017cytnych jaski\u0144 pirat\u00f3w i do chronionych las\u00f3w w tym malowniczym rezerwacie, zaczynaj\u0105c od obszaru Ca\u00f1o Hondo Hotels lub od Sabana de la Mar,<br \/>\nn<\/p>\n<div class=\"body-description secondary\">\nn<br \/>\nnPrzyjd\u017a z Booking Adventures i zacznij odwiedza\u0107 pe\u0142ne ptak\u00f3w namorzyny, pag\u00f3rki poro\u015bni\u0119te bujn\u0105 ro\u015blinno\u015bci\u0105 i jaskinie <em><strong>Park Narodowy Los Haitises<\/strong><\/em>. Wycieczka kajakiem z rzeki Ca\u00f1o Hondo, Sabana de la Mar. Przez lasy namorzynowe i l\u0105d w otwartej zatoce San Lorenzo, sk\u0105d mo\u017cna sfotografowa\u0107 surowy krajobraz le\u015bny. Sp\u00f3jrz na wod\u0119, aby znale\u017a\u0107 <em><strong>Manaty<\/strong><\/em>, skorupiaki i <em><strong>delfiny.<\/strong><\/em><br \/>\nn<br \/>\nnNazwa parku narodowego pochodzi od jego pierwotnych mieszka\u0144c\u00f3w, Indian Taino. W ich j\u0119zyku \u201eHaitises\u201d oznacza wy\u017cyny lub wzg\u00f3rza, co jest nawi\u0105zaniem do stromych formacji geologicznych wybrze\u017ca z wapieniami. Wybierz si\u0119 w g\u0142\u0105b parku i odkryj jaskinie, takie jak <em><strong>Cueva de la Arena<\/strong><\/em> oraz <strong><em>Cueva de la Linea.<\/em><\/strong> Jaskinie w rezerwacie by\u0142y wykorzystywane jako schronienie przez Indian Taino, a p\u00f3\u017aniej przez ukrywaj\u0105cych si\u0119 pirat\u00f3w. Poszukaj rysunk\u00f3w Indian, kt\u00f3re zdobi\u0105 niekt\u00f3re \u015bciany.<br \/>\nn<br \/>\nnJe\u015bli spodoba Ci si\u0119 ta podr\u00f3\u017c, mamy drug\u0105 opcj\u0119: <a href=\"https:\/\/www.boattoursamana.com\/pl\/tours-excursions\/jaskinie\/splywy-kajakowe-w-los-haitises-z-przewodnikiem-z-cano-hondo-2\/\">Kajakarstwo w Los Haitises 2 godziny\u00a0<\/a><br \/>\nn<br \/>\nnWycieczka ko\u0144czy si\u0119 w punkcie pocz\u0105tkowym w Parku Narodowym Los Haitises. Polecamy t\u0119 wycieczk\u0119 o 6:00 na wypadek, gdyby\u015b chcia\u0142 zobaczy\u0107 <em><strong>Manaty<\/strong><\/em>, skorupiaki i <em><strong>delfiny.<\/strong><\/em><br \/>\nn<br \/>\nn<\/div>\n<p>n<em><strong>6:00<\/strong><\/em> jest wcze\u015bnie, wi\u0119c w Parku Narodowym Los Haitises nie ma jeszcze \u0142odzi.<br \/>\nn<\/p>\n<h4><em><strong>Co powiniene\u015b ze sob\u0105 zabra\u0107?<\/strong><\/em><\/h4>\n<p>n<\/p>\n<ul>\nn \t<\/p>\n<li style=\"font-weight: 400;\"><span style=\"font-weight: 400;\">Kamera<\/span><\/li>\n<p>n \t<\/p>\n<li style=\"font-weight: 400;\"><span style=\"font-weight: 400;\">Odstraszaj\u0105ce p\u0105ki<\/span><\/li>\n<p>n \t<\/p>\n<li style=\"font-weight: 400;\"><span style=\"font-weight: 400;\">krem do opalania<\/span><\/li>\n<p>n \t<\/p>\n<li style=\"font-weight: 400;\"><span style=\"font-weight: 400;\">Kapelusz<\/span><\/li>\n<p>n \t<\/p>\n<li style=\"font-weight: 400;\"><span style=\"font-weight: 400;\">Wygodne spodnie<\/span><\/li>\n<p>n \t<\/p>\n<li style=\"font-weight: 400;\"><span style=\"font-weight: 400;\">Sanda\u0142y\u00a0<\/span><\/li>\n<p>n \t<\/p>\n<li style=\"font-weight: 400;\"><span style=\"font-weight: 400;\">Kostium k\u0105pielowy<\/span><\/li>\n<p>n<\/ul>\n<p>n&nbsp;<br \/>\nn<\/p>\n<h4><b><i>Odbi\u00f3r z hotelu <\/i><\/b><\/h4>\n<p>n<span style=\"font-weight: 400;\">Odbi\u00f3r z hotelu nie jest oferowany podczas tej wycieczki. <\/span><br \/>\nn<br \/>\nn&nbsp;<br \/>\nn<br \/>\nn<b>Uwaga:<\/b><span style=\"font-weight: 400;\"> je\u015bli rezerwujesz w ci\u0105gu 24 godzin przed czasem wyjazdu\/wycieczki, mo\u017cemy zorganizowa\u0107 odbi\u00f3r z hotelu za dodatkow\u0105 op\u0142at\u0105. Po sfinalizowaniu zakupu wy\u015blemy Ci pe\u0142ne dane kontaktowe (numer telefonu, adres e-mail itp.) do naszego lokalnego przewodnika w celu zorganizowania odbioru.<\/span><br \/>\nn<\/p>\n<h4><b><i>Dodatkowe potwierdzenie informacji <\/i><\/b><\/h4>\n<p>n<\/p>\n<ol>\nn \t<\/p>\n<li>Bilety s\u0105 paragonem po op\u0142aceniu tej wycieczki. Mo\u017cesz pokaza\u0107 p\u0142atno\u015b\u0107 na swoim telefonie.<\/li>\n<p>n \t<\/p>\n<li style=\"font-weight: 400;\"><span style=\"font-weight: 400;\">Miejsce spotkania zostanie odebrane po zako\u0144czeniu procesu rezerwacji.<\/span><\/li>\n<p>n \t<\/p>\n<li style=\"font-weight: 400;\"><span style=\"font-weight: 400;\">Dzieciom musi towarzyszy\u0107 osoba doros\u0142a.<\/span><\/li>\n<p>n \t<\/p>\n<li style=\"font-weight: 400;\"><span style=\"font-weight: 400;\"> Niedost\u0119pny dla w\u00f3zk\u00f3w inwalidzkich <\/span><\/li>\n<p>n \t<\/p>\n<li style=\"font-weight: 400;\"><span style=\"font-weight: 400;\">Niemowl\u0119ta musz\u0105 siedzie\u0107 na kolanach <\/span><\/li>\n<p>n \t<\/p>\n<li style=\"font-weight: 400;\"><span style=\"font-weight: 400;\">Niezalecane dla podr\u00f3\u017cnych z problemami z plecami<\/span><\/li>\n<p>n \t<\/p>\n<li style=\"font-weight: 400;\"><span style=\"font-weight: 400;\">Nie zalecane dla podr\u00f3\u017cuj\u0105cych w ci\u0105\u017cy <\/span><\/li>\n<p>n \t<\/p>\n<li style=\"font-weight: 400;\"><span style=\"font-weight: 400;\"> \u017badnych problem\u00f3w z sercem ani innych powa\u017cnych schorze\u0144 <\/span><\/li>\n<p>n \t<\/p>\n<li style=\"font-weight: 400;\"><span style=\"font-weight: 400;\">Wi\u0119kszo\u015b\u0107 podr\u00f3\u017cnych mo\u017ce wzi\u0105\u0107 udzia\u0142<\/span><\/li>\n<p>n<\/ol>\n<p>n<\/p>\n<h4><b><i>Zasady anulowania<\/i><\/b><\/h4>\n<p>nAby uzyska\u0107 pe\u0142ny zwrot koszt\u00f3w, zapoznaj si\u0119 z naszymi zasadami anulowania rezerwacji\u00a0<a href=\"https:\/\/www.boattoursamana.com\/pl\/rezerwacja-online\/\" target=\"_blank\" rel=\"noopener\" data-saferedirecturl=\"https:\/\/www.google.com\/url?q=https:\/\/www.boattoursamana.com\/online-booking\/&amp;source=gmail&amp;ust=1672532492004000&amp;usg=AOvVaw3ylqI1cdbIPTimEqEWneyd\">Kliknij tutaj<\/a>. \u015arodki zostan\u0105 utracone, je\u015bli rezerwacja zostanie anulowana tego samego dnia wycieczki.<\/p>\n\n\t\t<\/div>\n\t<\/div>\n<\/div><\/div><\/div><\/div><div class=\"vc_row wpb_row vc_row-fluid\" ><div class=\"wpb_column vc_column_container vc_col-sm-12\"><div class=\"vc_column-inner\"><div class=\"wpb_wrapper\"><div class=\"vc_empty_space\"   style=\"height: 32px\"><span class=\"vc_empty_space_inner\"><\/span><\/div>\n\t<div class=\"wpb_text_column wpb_content_element\" >\n\t\t<div class=\"wpb_wrapper\">\n\t\t\t<p>\nn<\/p>\n<h4>Skontaktuj si\u0119 z nami?<\/h4>\n<p>n<\/p>\n<h5>rezerwacja przyg\u00f3d<\/h5>\n<p>n<em><strong>Miejscowi<\/strong>\u00a0oraz\u00a0<strong>Rodacy<\/strong>\u00a0Przewodnicy turystyczni i us\u0142ugi dla go\u015bci<\/em><br \/>\nn<br \/>\nn<span class=\"text-turquoise\">Rezerwacje:<\/span>\u00a0Wycieczki i wycieczki w Dom. Reprezentant.<br \/>\nn<br \/>\nn<img decoding=\"async\" class=\"emoji\" draggable=\"false\" src=\"https:\/\/s.w.org\/images\/core\/emoji\/11.2.0\/svg\/1f4de.svg\" alt=\" \" title=\"\">\u00a0Tel \/ Whatsapp\u00a0\u00a0<a href=\"tel:+1-809-720-6035\">+1-809-720-6035<\/a>.<br \/>\nn<br \/>\nn<img decoding=\"async\" class=\"emoji\" draggable=\"false\" src=\"https:\/\/s.w.org\/images\/core\/emoji\/11.2.0\/svg\/1f4e9.svg\" alt=\" \" title=\"\">\u00a0<a href=\"mailto:info@bookingadventures.com.do\">info@bookingadventures.com.do<\/a><br \/>\nn<br \/>\nn<strong><span style=\"vertical-align: inherit;\"><span style=\"vertical-align: inherit;\">Somos wycieczki prywatne konfiguracje elastyczne przez Whatsapp:\u00a0<\/span><\/span><a href=\"tel:+18097206035\">+18097206035.<\/a><\/strong><\/p>\n\n\t\t<\/div>\n\t<\/div>\n<div class=\"vc_empty_space\"   style=\"height: 32px\"><span class=\"vc_empty_space_inner\"><\/span><\/div><\/div><\/div><\/div><\/div><div class=\"vc_row wpb_row vc_row-fluid\" ><div class=\"wpb_column vc_column_container vc_col-sm-12\"><div class=\"vc_column-inner\"><div class=\"wpb_wrapper\"><div class=\"vc_btn3-container vc_btn3-inline\" ><button class=\"vc_general vc_btn3 vc_btn3-size-md vc_btn3-shape-rounded vc_btn3-style-modern vc_btn3-color-green\">REZERWUJ TERAZ<\/button><\/div><\/div><\/div><\/div><\/div>","protected":false},"excerpt":{"rendered":"<p>Excursi\u00f3n al Parque Nacional Los Haitises partiendo de Sabana de la Mar en la zona de Cano Hondo, Visita de manglares, Cuevas, Pictogramas i Formaciones Rocosas. n Este recorrido se puede configurar con el klip Senderismo aqu\u00ed. Conozca la historia real de la historia del Parque Nacional Los Haitises con los lugare\u00f1os. n n n nSeleccione la fecha para el Tour: &nbsp;<\/p>","protected":false},"author":2,"featured_media":0,"parent":0,"menu_order":0,"comment_status":"open","ping_status":"closed","template":"","meta":{"footnotes":""},"class_list":["post-15745","page","type-page","status-publish","hentry"],"_links":{"self":[{"href":"https:\/\/www.boattoursamana.com\/pl\/wp-json\/wp\/v2\/pages\/15745","targetHints":{"allow":["GET"]}}],"collection":[{"href":"https:\/\/www.boattoursamana.com\/pl\/wp-json\/wp\/v2\/pages"}],"about":[{"href":"https:\/\/www.boattoursamana.com\/pl\/wp-json\/wp\/v2\/types\/page"}],"author":[{"embeddable":true,"href":"https:\/\/www.boattoursamana.com\/pl\/wp-json\/wp\/v2\/users\/2"}],"replies":[{"embeddable":true,"href":"https:\/\/www.boattoursamana.com\/pl\/wp-json\/wp\/v2\/comments?post=15745"}],"version-history":[{"count":0,"href":"https:\/\/www.boattoursamana.com\/pl\/wp-json\/wp\/v2\/pages\/15745\/revisions"}],"wp:attachment":[{"href":"https:\/\/www.boattoursamana.com\/pl\/wp-json\/wp\/v2\/media?parent=15745"}],"curies":[{"name":"wp","href":"https:\/\/api.w.org\/{rel}","templated":true}]}}