{"id":15755,"date":"2023-07-15T07:43:13","date_gmt":"2023-07-15T07:43:13","guid":{"rendered":"https:\/\/www.ticketswhales.com\/samana-cayo-levantado-bacardi-island-and-whale-watching-from-miches-in-catamaran\/"},"modified":"2023-07-15T07:43:13","modified_gmt":"2023-07-15T07:43:13","slug":"samana-cayo-levantado-bacardi-island-and-whale-watching-from-miches-in-catamaran","status":"publish","type":"page","link":"https:\/\/www.boattoursamana.com\/pl\/samana-cayo-levantado-bacardi-wyspa-i-obserwacja-wielorybow-z-miches-w-katamaranie-2","title":{"rendered":"Saman\u00e1 Cayo Levantado (wyspa Bacardi) i obserwacja wieloryb\u00f3w z Miches na katamaranie"},"content":{"rendered":"<p><span style=\"vertical-align: inherit;\"><span style=\"vertical-align: inherit;\">Wycieczki i wycieczki Whale Miches. <\/span><span style=\"vertical-align: inherit;\">Reserve sus boletos para el avistamiento de ballenas en la Bah\u00eda de Saman\u00e1, comenzando desde Miches y visitando Cayo Levantado, tambi\u00e9n conocida como Isla Bacard\u00ed para una aventura con pase de un d\u00eda.<\/span><\/span><br \/>\nn<br \/>\nn&nbsp;<br \/>\nn<br \/>\nn<em><strong><span style=\"vertical-align: inherit;\"><span style=\"vertical-align: inherit;\">Seleccione la fecha de la excursi\u00f3n:<\/span><\/span><\/strong><\/em><\/p>\n<p>&nbsp;<\/p>\n<div class=\"vc_row wpb_row vc_row-fluid\" ><div class=\"wpb_column vc_column_container vc_col-sm-12\"><div class=\"vc_column-inner\"><div class=\"wpb_wrapper\">\n\t<div class=\"wpb_text_column wpb_content_element\" >\n\t\t<div class=\"wpb_wrapper\">\n\t\t\t<p><span style=\"vertical-align: inherit;\"><span style=\"vertical-align: inherit;\"><\/p>\n\n\t\t<\/div>\n\t<\/div>\n<\/div><\/div><\/div><\/div><div class=\"vc_row wpb_row vc_row-fluid\" ><\/div><div class=\"wpb_column vc_column_container vc_col-sm-12\"><div class=\"vc_column-inner\"><div class=\"wpb_wrapper\"><\/div><\/div><\/div><div class=\"vc_row wpb_row vc_row-fluid\" ><\/div><div class=\"wpb_column vc_column_container vc_col-sm-12\"><div class=\"vc_column-inner\"><div class=\"wpb_wrapper\"><div class=\"vc_btn3-container vc_btn3-inline\" ><button class=\"vc_general vc_btn3 vc_btn3-size-md vc_btn3-shape-rounded vc_btn3-style-modern vc_btn3-color-green\">REZERWUJ TERAZ<\/button><\/div><\/div><\/div><\/div><div class=\"mkdf-section-title-holder\" style=\"text-align: left\">\n\t<div class=\"mkdf-st-inner\">\n\t\t\t\t\t\t\t<h3 class=\"mkdf-st-title\" >\n\t\t\t\tCayo Levantado + Avistamiento de ballenas de Miches en catamaran\t\t\t<\/h3>\n\t\t\t\t\t<\/div>\n<\/div><div class=\"vc_empty_space\"   style=\"height: 32px\"><span class=\"vc_empty_space_inner\"><\/span><\/div>\n\t<div class=\"wpb_text_column wpb_content_element\" >\n\t\t<div class=\"wpb_wrapper\">\n\t\t\t<p>\u00a0<\/span><\/span><br \/>\nn<\/p>\n<div class=\"vc_empty_space\"><\/div>\n<p>n<\/p>\n<div class=\"wpb_text_column wpb_content_element\">\nn<\/p>\n<div class=\"wpb_wrapper\">\nn<\/p>\n<div class=\"vc_row wpb_row vc_row-fluid\">\nn<\/p>\n<div class=\"wpb_column vc_column_container vc_col-sm-12\">\nn<\/p>\n<div class=\"vc_column-inner\">\nn<\/p>\n<div class=\"wpb_wrapper\">\nn<\/p>\n<div class=\"wpb_text_column wpb_content_element\">\nn<\/p>\n<div class=\"wpb_wrapper\">\nn<\/p>\n<div class=\"vc_row wpb_row vc_row-fluid\">\nn<\/p>\n<div class=\"wpb_column vc_column_container vc_col-sm-12\">\nn<\/p>\n<div class=\"vc_column-inner\">\nn<\/p>\n<div class=\"wpb_wrapper\">\nn<\/p>\n<div class=\"wpb_text_column wpb_content_element\">\nn<\/p>\n<div class=\"wpb_wrapper\">\nn<\/p>\n<h4><a id=\"overview\" class=\"aal_anchor\" href=\"https:\/\/www.boattoursamana.com\/pl\/wycieczka-2\/samana-cayo-levantado-bacardi-wyspa-i-obserwacja-wielorybow-z-miches-w-katamaranie-2\/#overview\" aria-hidden=\"true\"><\/a><b><i>Przegl\u0105d<\/i><\/b><\/h4>\n<p>nObserwowanie wieloryb\u00f3w w zatoce Saman\u00e1, zaczynaj\u0105c od portu Miches na katamaranie. Ta wycieczka rozpoczyna si\u0119 o 9:00 i ko\u0144czy o 17:00. Spotkanie wcze\u015bniej w naszym porcie w Miches. Po przerwaniu naszego katamaranu lub \u0142odzi, aby odwiedzi\u0107 wieloryby w ich w\u0142asnym \u015brodowisku.<br \/>\nn<br \/>\nnOd 9:00 do 12:00-po\u0142udnie Obserwatorium obserwuj\u0105ce wieloryby. Po tej wycieczce na wieloryby odwiedzimy wysp\u0119 Bacardi \/ Cayo Levantado. Na wyspie Bacardi serwowany b\u0119dzie lunch w formie bufetu w typowym stylu dominika\u0144skim. Po zako\u0144czeniu lunchu mo\u017cesz p\u0142ywa\u0107 do 16:30. Wycieczka zako\u0144czy si\u0119 o godzinie 17:00 w tym samym porcie, w kt\u00f3rym si\u0119 rozpocznie.<br \/>\nn<br \/>\nnUwaga: ta wycieczka nie jest prywatna.<strong>\u00a0W przypadku prywatnej wycieczki prosimy o kontakt.<\/strong><br \/>\nn<\/p>\n<ul>\nn \t<\/p>\n<li>Wycieczka z obserwacj\u0105 wieloryb\u00f3w<\/li>\n<p>n \t<\/p>\n<li>Op\u0142aty za wst\u0119p do Obserwatorium<\/li>\n<p>n \t<\/p>\n<li>Obejmuje lunch w formie bufetu na pla\u017cy<\/li>\n<p>n \t<\/p>\n<li>Transfer \u0142odzi\u0105<\/li>\n<p>n \t<\/p>\n<li>Kapitan zapewnia instrukcje i nadz\u00f3r<\/li>\n<p>n \t<\/p>\n<li>Przewodnik wycieczki<\/li>\n<p>n<\/ul>\n<p>n&nbsp;<br \/>\nn<\/p>\n<h4><a id=\"inclusions-exclusions\" class=\"aal_anchor\" href=\"https:\/\/www.boattoursamana.com\/pl\/wycieczka-2\/samana-cayo-levantado-bacardi-wyspa-i-obserwacja-wielorybow-z-miches-w-katamaranie-2\/#inclusions-exclusions\" aria-hidden=\"true\"><\/a><b>W\u0142\u0105czenia i wykluczenia<\/b><\/h4>\n<p>n&nbsp;<br \/>\nn<br \/>\nn<b>Inkluzje<\/b><br \/>\nn<br \/>\nn&nbsp;<br \/>\nn<\/p>\n<ol>\nn \t<\/p>\n<li>Lunch w formie bufetu na pla\u017cy<\/li>\n<p>n \t<\/p>\n<li>Obserwowanie wieloryb\u00f3w<\/li>\n<p>n \t<\/p>\n<li>Przewodnik wycieczki<\/li>\n<p>n \t<\/p>\n<li>Wycieczka katamaranem lub \u0142odzi\u0105<\/li>\n<p>n \t<\/p>\n<li>Wszystkie podatki, op\u0142aty i op\u0142aty manipulacyjne<\/li>\n<p>n \t<\/p>\n<li>Lokalne podatki<\/li>\n<p>n \t<\/p>\n<li>Napoje<\/li>\n<p>n \t<\/p>\n<li>Napoje alkoholowe<\/li>\n<p>n<\/ol>\n<p>n<b>Wykluczenia<\/b><br \/>\nn<\/p>\n<ol>\nn \t<\/p>\n<li>Napiwki<\/li>\n<p>n \t<\/p>\n<li>Samoch\u00f3d transferowy<\/li>\n<p>n<\/ol>\n<p>n&nbsp;<br \/>\nn<\/p>\n<h4><a id=\"departure-return\" class=\"aal_anchor\" href=\"https:\/\/www.boattoursamana.com\/pl\/wycieczka-2\/samana-cayo-levantado-bacardi-wyspa-i-obserwacja-wielorybow-z-miches-w-katamaranie-2\/#departure-return\" aria-hidden=\"true\"><\/a><em><strong>Wyjazd i powr\u00f3t<\/strong><\/em><\/h4>\n<p>nPodr\u00f3\u017cny otrzyma miejsce spotkania po Procesie Rezerwacji. Wycieczki rozpoczynaj\u0105 si\u0119 i ko\u0144cz\u0105 w naszych miejscach spotka\u0144.<br \/>\nn<br \/>\nn&nbsp;<br \/>\nn<\/p>\n<h4><a id=\"what-to-expect\" class=\"aal_anchor\" href=\"https:\/\/www.boattoursamana.com\/pl\/wycieczka-2\/samana-cayo-levantado-bacardi-wyspa-i-obserwacja-wielorybow-z-miches-w-katamaranie-2\/#what-to-expect\" aria-hidden=\"true\"><\/a><b><i>Czego oczekiwa\u0107?<\/i><\/b><\/h4>\n<p>n&nbsp;<br \/>\nn<br \/>\nn<em><strong>Zdob\u0105d\u017a swoje bilety<\/strong><\/em>\u00a0na jednodniow\u0105 wycieczk\u0119 z obserwacj\u0105 wieloryb\u00f3w w zatoce Saman\u00e1, zaczynaj\u0105c od Miches w katamaranie z lokalnymi napojami oraz wspania\u0142ym lunchem i czasem na pla\u017cy.<br \/>\nn<br \/>\nnKarnet dzienny na obserwacj\u0119 wieloryb\u00f3w organizowany przez \u201eBooking Adventures\u201d rozpoczyna si\u0119 w miejscu spotkania ustalonym z Przewodnikiem. Lunch na pla\u017cy i mo\u017cesz zosta\u0107 tak d\u0142ugo, jak chcesz, p\u0142ywaj\u0105c. Je\u015bli jeste\u015b weganinem, mo\u017cemy r\u00f3wnie\u017c przygotowa\u0107 dla Ciebie jedzenie.<br \/>\nn<br \/>\nn<strong>Plan lekcji:<\/strong><br \/>\nn<br \/>\nn8:45 \u2013 17:00<br \/>\nn<br \/>\nn&nbsp;<br \/>\nn<\/p>\n<h4><a id=\"what-you-should-bring\" class=\"aal_anchor\" href=\"https:\/\/www.boattoursamana.com\/pl\/wycieczka-2\/samana-cayo-levantado-bacardi-wyspa-i-obserwacja-wielorybow-z-miches-w-katamaranie-2\/#what-you-should-bring\" aria-hidden=\"true\"><\/a><em><strong>Co powiniene\u015b ze sob\u0105 zabra\u0107?<\/strong><\/em><\/h4>\n<p>n<\/p>\n<ul>\nn \t<\/p>\n<li>Kamera<\/li>\n<p>n \t<\/p>\n<li>Odstraszaj\u0105ce p\u0105ki<\/li>\n<p>n \t<\/p>\n<li>Krem do opalania<\/li>\n<p>n \t<\/p>\n<li>Kapelusz<\/li>\n<p>n \t<\/p>\n<li>Wygodne spodnie<\/li>\n<p>n \t<\/p>\n<li>Sanda\u0142y na pla\u017c\u0119<\/li>\n<p>n \t<\/p>\n<li>Kostium k\u0105pielowy<\/li>\n<p>n \t<\/p>\n<li>Got\u00f3wka na pami\u0105tki<\/li>\n<p>n<\/ul>\n<p>n&nbsp;<br \/>\nn<\/p>\n<h4><a id=\"hotel-pickup\" class=\"aal_anchor\" href=\"https:\/\/www.boattoursamana.com\/pl\/wycieczka-2\/samana-cayo-levantado-bacardi-wyspa-i-obserwacja-wielorybow-z-miches-w-katamaranie-2\/#hotel-pickup\" aria-hidden=\"true\"><\/a><b><i>Odbi\u00f3r z hotelu<\/i><\/b><\/h4>\n<p>W przypadku tej wycieczki nie jest dost\u0119pny odbi\u00f3r z hotelu nHotel.<br \/>\nn<br \/>\nn&nbsp;<br \/>\nn<br \/>\nn<b>Uwaga:<\/b>\u00a0je\u015bli rezerwujesz w ci\u0105gu 24 godzin przed czasem wyjazdu\/wycieczki, mo\u017cemy zorganizowa\u0107 odbi\u00f3r z hotelu za dodatkow\u0105 op\u0142at\u0105. Po sfinalizowaniu zakupu wy\u015blemy Ci pe\u0142ne dane kontaktowe (numer telefonu, adres e-mail itp.) do naszego lokalnego przewodnika w celu zorganizowania odbioru.<br \/>\nn<\/p>\n<h4><a id=\"additional-info-confirmation\" class=\"aal_anchor\" href=\"https:\/\/www.boattoursamana.com\/pl\/wycieczka-2\/samana-cayo-levantado-bacardi-wyspa-i-obserwacja-wielorybow-z-miches-w-katamaranie-2\/#additional-info-confirmation\" aria-hidden=\"true\"><\/a><b><i>Dodatkowe potwierdzenie informacji<\/i><\/b><\/h4>\n<p>n<\/p>\n<ol>\nn \t<\/p>\n<li>Bilety s\u0105 paragonem po op\u0142aceniu tej wycieczki. Mo\u017cesz pokaza\u0107 p\u0142atno\u015b\u0107 na swoim telefonie.<\/li>\n<p>n \t<\/p>\n<li>Miejsce spotkania zostanie odebrane po zako\u0144czeniu procesu rezerwacji.<\/li>\n<p>n \t<\/p>\n<li>Dzieciom musi towarzyszy\u0107 osoba doros\u0142a.<\/li>\n<p>n \t<\/p>\n<li>Dost\u0119p dla w\u00f3zk\u00f3w inwalidzkich<\/li>\n<p>n \t<\/p>\n<li>Niemowl\u0119ta musz\u0105 siedzie\u0107 na kolanach<\/li>\n<p>n \t<\/p>\n<li>Wi\u0119kszo\u015b\u0107 podr\u00f3\u017cnych mo\u017ce wzi\u0105\u0107 udzia\u0142<\/li>\n<p>n<\/ol>\n<p>n<\/p>\n<h4><a id=\"cancellation-policy\" class=\"aal_anchor\" href=\"https:\/\/www.boattoursamana.com\/pl\/wycieczka-2\/samana-cayo-levantado-bacardi-wyspa-i-obserwacja-wielorybow-z-miches-w-katamaranie-2\/#cancellation-policy\" aria-hidden=\"true\"><\/a><b><i>Zasady anulowania<\/i><\/b><\/h4>\n<p>nAby uzyska\u0107 pe\u0142ny zwrot pieni\u0119dzy, anuluj co najmniej 24 godziny przed dat\u0105 rozpocz\u0119cia atrakcji.<br \/>\nn<br \/>\nn\n<\/div>\n<p>n\n<\/p><\/div>\n<p>n\n<\/p><\/div>\n<p>n\n<\/p><\/div>\n<p>n\n<\/p><\/div>\n<p>n\n<\/p><\/div>\n<p>n\n<\/p><\/div>\n<p>n\n<\/p><\/div>\n<p>n\n<\/p><\/div>\n<p>n\n<\/p><\/div>\n<p>n\n<\/p><\/div>\n<p>n\n<\/p><\/div>\n<p>n<\/p>\n<div class=\"vc_row wpb_row vc_row-fluid\">\nn<\/p>\n<div class=\"wpb_column vc_column_container vc_col-sm-12\">\nn<\/p>\n<div class=\"vc_column-inner\">\nn<\/p>\n<div class=\"wpb_wrapper\">\nn<\/p>\n<div class=\"vc_empty_space\"><\/div>\n<p>n<\/p>\n<div class=\"wpb_text_column wpb_content_element\">\nn<\/p>\n<div class=\"wpb_wrapper\">\nn<\/p>\n<h4><a id=\"contact-us\" class=\"aal_anchor\" href=\"https:\/\/www.boattoursamana.com\/pl\/wycieczka-2\/samana-cayo-levantado-bacardi-wyspa-i-obserwacja-wielorybow-z-miches-w-katamaranie-2\/#contact-us\" aria-hidden=\"true\"><\/a>Skontaktuj si\u0119 z nami?<\/h4>\n<p>n<\/p>\n<h5><\/h5>\n<p>n<em><strong>Miejscowi<\/strong>\u00a0oraz\u00a0<strong>Rodacy<\/strong>\u00a0Przewodnicy turystyczni i us\u0142ugi dla go\u015bci<\/em><br \/>\nn<br \/>\nn<span class=\"text-turquoise\">Rezerwacje:<\/span>\u00a0Wycieczki i wycieczki w Dom. Reprezentant.<br \/>\nn<br \/>\nn<img decoding=\"async\" class=\"emoji\" title=\"Samana Cayo Levantado (wyspa Bacardi) i obserwacja wieloryb\u00f3w z Miches na katamaranie 1\" draggable=\"false\" src=\"https:\/\/s.w.org\/images\/core\/emoji\/11.2.0\/svg\/1f4de.svg\" alt=\" \" \/> Tel \/ Whatsapp <strong><a href=\"tel:+1 (829) 318-9463\">+1 (829) 318-9463.<\/a><\/strong><br \/>\nn<br \/>\nn<img decoding=\"async\" class=\"emoji\" title=\"Samana Cayo Levantado (wyspa Bacardi) i obserwacja wieloryb\u00f3w z Miches w katamaranie 2\" draggable=\"false\" src=\"https:\/\/s.w.org\/images\/core\/emoji\/11.2.0\/svg\/1f4e9.svg\" alt=\" \" \/>\u00a0<a href=\"mailto:reservabatour@gmail.com\">reservabatour@gmail.com<\/a><br \/>\nn<br \/>\nn<strong>Jeste\u015bmy elastyczni w ustalaniu prywatnych wycieczek przez Whatsapp:\u00a0<a href=\"tel:+1 (829) 318-9463\">+1 (829) 318-9463.<\/a><\/strong><br \/>\nn<br \/>\nn<\/div>\n<p>n\n<\/p><\/div>\n<p>n\n<\/p><\/div>\n<p>n\n<\/p><\/div>\n<p>n\n<\/p><\/div>\n<p>n\n<\/p><\/div>\n<p>n\n<\/p><\/div>\n<p>n\n<\/p><\/div>\n<p>n<\/p>\n\n\t\t<\/div>\n\t<\/div>\n<div class=\"vc_row wpb_row vc_row-fluid\" ><div class=\"wpb_column vc_column_container vc_col-sm-12\"><div class=\"vc_column-inner\"><div class=\"wpb_wrapper\"><div class=\"vc_btn3-container vc_btn3-inline\" ><button class=\"vc_general vc_btn3 vc_btn3-size-md vc_btn3-shape-rounded vc_btn3-style-modern vc_btn3-color-green\">REZERWUJ TERAZ<\/button><\/div><\/div><\/div><\/div><\/div>","protected":false},"excerpt":{"rendered":"<p>Whale Miches Tours &amp; Excursiones. Reserve sus boletos para el avistamiento de ballenas en la Bah\u00eda de Saman\u00e1, comenzando desde Miches y visitando Cayo Levantado, tambi\u00e9n conocida como Isla Bacard\u00ed para una aventura con pase de un d\u00eda. n n&nbsp; n nSeleccione la fecha de la excursi\u00f3n: &nbsp;<\/p>","protected":false},"author":2,"featured_media":0,"parent":0,"menu_order":0,"comment_status":"open","ping_status":"closed","template":"","meta":{"footnotes":""},"class_list":["post-15755","page","type-page","status-publish","hentry"],"_links":{"self":[{"href":"https:\/\/www.boattoursamana.com\/pl\/wp-json\/wp\/v2\/pages\/15755","targetHints":{"allow":["GET"]}}],"collection":[{"href":"https:\/\/www.boattoursamana.com\/pl\/wp-json\/wp\/v2\/pages"}],"about":[{"href":"https:\/\/www.boattoursamana.com\/pl\/wp-json\/wp\/v2\/types\/page"}],"author":[{"embeddable":true,"href":"https:\/\/www.boattoursamana.com\/pl\/wp-json\/wp\/v2\/users\/2"}],"replies":[{"embeddable":true,"href":"https:\/\/www.boattoursamana.com\/pl\/wp-json\/wp\/v2\/comments?post=15755"}],"version-history":[{"count":0,"href":"https:\/\/www.boattoursamana.com\/pl\/wp-json\/wp\/v2\/pages\/15755\/revisions"}],"wp:attachment":[{"href":"https:\/\/www.boattoursamana.com\/pl\/wp-json\/wp\/v2\/media?parent=15755"}],"curies":[{"name":"wp","href":"https:\/\/api.w.org\/{rel}","templated":true}]}}