{"id":15763,"date":"2023-07-15T07:43:13","date_gmt":"2023-07-15T07:43:13","guid":{"rendered":"https:\/\/www.ticketswhales.com\/playa-rincon-rincon-beach-playa-fronton-playa-madame-beach-samana-dominican-republic\/"},"modified":"2023-07-15T07:43:13","modified_gmt":"2023-07-15T07:43:13","slug":"playa-rincon-rincon-beach-playa-fronton-playa-madame-beach-samana-dominican-republic","status":"publish","type":"page","link":"https:\/\/www.boattoursamana.com\/pl\/playa-rincon-rincon-plaza-playa-fronton-playa-madame-plaza-samana-dominikana","title":{"rendered":"Playa Rinc\u00f3n (Rincon Beach), Playa Fronton + Playa Madame Beach, Saman\u00e1 \u2013 Dominikana."},"content":{"rendered":"<p>Wycieczka rozpoczyna si\u0119 o Odbi\u00f3r z Twojego hotelu lub Airbnb w rejonie Samana. Odkryj z nami 3 tajemnicze i dzikie pla\u017ce regionu El Rincon, Playa Madame i Playa Fronton. Jedna z najpi\u0119kniejszych wycieczek na p\u00f3\u0142wyspie Saman\u00e1. Wejd\u017a w wyj\u0105tkow\u0105 atmosfer\u0119 Playa Front\u00f3n, pla\u017cy, na kt\u00f3r\u0105 mo\u017cna dotrze\u0107 tylko \u0142odzi\u0105, otoczonej raf\u0105 koralow\u0105, wok\u00f3\u0142 kt\u00f3rej mo\u017cesz nurkowa\u0107, p\u0142ywa\u0107 z rybami i odkrywa\u0107 koralowce oraz zrelaksowa\u0107 si\u0119 i podziwia\u0107 niesamowit\u0105 sceneri\u0119. Relaks, p\u0142ywanie, a nast\u0119pnie wyjazd do Playa Madame, innej odosobnionej pla\u017cy idealnej do nurkowania z rurk\u0105, gdzie mo\u017cna r\u00f3wnie\u017c odwiedzi\u0107 jaskini\u0119 i zrobi\u0107 wspania\u0142e filmy lub zdj\u0119cia, aby uzyska\u0107 niesamowite wspomnienia.<br \/>\nn<br \/>\nn&nbsp;<br \/>\nn<br \/>\nn<strong>Wybierz dat\u0119 zwiedzania:\u00a0<\/strong><\/p>\n<p>&nbsp;<\/p>\n<div class=\"vc_row wpb_row vc_row-fluid\" ><div class=\"wpb_column vc_column_container vc_col-sm-12\"><div class=\"vc_column-inner\"><div class=\"wpb_wrapper\"><div class=\"vc_btn3-container vc_btn3-inline\" ><button class=\"vc_general vc_btn3 vc_btn3-size-md vc_btn3-shape-rounded vc_btn3-style-modern vc_btn3-color-green\">REZERWUJ TERAZ<\/button><\/div><div class=\"mkdf-section-title-holder\" style=\"text-align: left\">\n\t<div class=\"mkdf-st-inner\">\n\t\t\t\t\t<h5 class=\"mkdf-st-subtitle\" >\n\t\t\t\tLunch, przeja\u017cd\u017cka \u0142odzi\u0105 i prywatny transport z hoteli.\t\t\t<\/h5>\n\t\t\t\t\t\t\t<h3 class=\"mkdf-st-title\" >\n\t\t\t\tPlaya Rinc\u00f3n, Playa Fronton + Playa Madame Beach, Saman\u00e1 - Dominikana.\t\t\t<\/h3>\n\t\t\t\t\t<\/div>\n<\/div>\n\t<div class=\"wpb_text_column wpb_content_element\" >\n\t\t<div class=\"wpb_wrapper\">\n\t\t\t<p>\nn<\/p>\n<h3><\/h3>\n<p>n<\/p>\n<h4><b><i>Przegl\u0105d <\/i><\/b><\/h4>\n<p>Wycieczka zaczyna si\u0119 od odbioru z Twojego hotelu lub airbnb w rejonie Samana. Odkryj z nami 3 tajemnicze i dzikie pla\u017ce regionu El Rincon, Playa Madame i Playa Fronton. Jedna z najpi\u0119kniejszych wycieczek na p\u00f3\u0142wyspie Saman\u00e1. Wejd\u017a w wyj\u0105tkow\u0105 atmosfer\u0119 Playa Front\u00f3n, pla\u017cy, na kt\u00f3r\u0105 mo\u017cna dotrze\u0107 tylko \u0142odzi\u0105, otoczonej raf\u0105 koralow\u0105, wok\u00f3\u0142 kt\u00f3rej mo\u017cesz nurkowa\u0107, p\u0142ywa\u0107 z rybami i odkrywa\u0107 koralowce oraz zrelaksowa\u0107 si\u0119 i podziwia\u0107 niesamowit\u0105 sceneri\u0119. Relaks, p\u0142ywanie, a nast\u0119pnie wyjazd do Playa Madame, innej odosobnionej pla\u017cy idealnej do nurkowania z rurk\u0105, gdzie mo\u017cna r\u00f3wnie\u017c odwiedzi\u0107 jaskini\u0119 i zrobi\u0107 wspania\u0142e filmy lub zdj\u0119cia, aby uzyska\u0107 wspania\u0142e wspomnienia.<br \/>\nn<br \/>\nZjesz lunch z palcami st\u00f3p na piasku przy d\u017awi\u0119kach Merengue i Bachaty w \u201eEl Paraiso\u201d \u2013 ostatniej restauracji przed d\u017cungl\u0105 \u2013 gdzie otrzymasz kompletny posi\u0142ek, w tym danie rybne, wraz z lokalnymi drinkami i koktajlami. W drodze powrotnej zatrzymamy si\u0119 na El Rincon Beach, tutaj znajdziesz naturaln\u0105 per\u0142\u0119, kt\u00f3ra uwa\u017cana jest za jedn\u0105 z najpi\u0119kniejszych pla\u017c w kraju. Bia\u0142y, drobny piasek, turkusowe morze i metrowe palmy m\u00f3wi\u0105 same za siebie.<br \/>\nn<br \/>\nn&nbsp;<br \/>\nn<\/p>\n<ul>\nn \t<\/p>\n<li><span style=\"font-weight: 400;\">Lokalny przewodnik z do\u015bwiadczeniem w zakresie bezpiecze\u0144stwa w okolicy.<\/span><\/li>\n<p>n \t<\/p>\n<li>Rurka do nurkowania<\/li>\n<p>n \t<\/p>\n<li>Transport prywatny<\/li>\n<p>n \t<\/p>\n<li style=\"font-weight: 400;\">Op\u0142aty wliczone<\/li>\n<p>n \t<\/p>\n<li>Obiad na pla\u017cy<\/li>\n<p>n \t<\/p>\n<li>Przeja\u017cd\u017cka \u0142odzi\u0105<\/li>\n<p>n \t<\/p>\n<li style=\"font-weight: 400;\">Lokalny przewodnik w j\u0119zyku hiszpa\u0144skim, angielskim lub francuskim.<\/li>\n<p>n \t<\/p>\n<li>W\u0119dr\u00f3wki<\/li>\n<p>n<\/ul>\n<p>n&nbsp;<br \/>\nn<\/p>\n<h4><b>W\u0142\u0105czenia i wykluczenia<\/b><\/h4>\n<p>n&nbsp;<br \/>\nn<br \/>\nn<b>Inkluzje<\/b><br \/>\nn<\/p>\n<ol>\nn \t<\/p>\n<li><span style=\"font-weight: 400;\">Lokalny przewodnik z do\u015bwiadczeniem w zakresie bezpiecze\u0144stwa w okolicy.<\/span><\/li>\n<p>n \t<\/p>\n<li>Prywatny transport dla ma\u0142ych grup<\/li>\n<p>n \t<\/p>\n<li>Rurka do nurkowania<\/li>\n<p>n \t<\/p>\n<li style=\"font-weight: 400;\">Pla\u017ca El Rincon<\/li>\n<p>n \t<\/p>\n<li>Pani Pla\u017ca<\/li>\n<p>n \t<\/p>\n<li>Pla\u017ca Frontona<\/li>\n<p>n \t<\/p>\n<li style=\"font-weight: 400;\"><span style=\"font-weight: 400;\">Wszystkie podatki, op\u0142aty i op\u0142aty manipulacyjne<\/span><\/li>\n<p>n \t<\/p>\n<li style=\"font-weight: 400;\"><span style=\"font-weight: 400;\">Lokalne podatki<\/span><\/li>\n<p>n \t<\/p>\n<li>Obiad na pla\u017cy<\/li>\n<p>n \t<\/p>\n<li>W\u0119dr\u00f3wki<\/li>\n<p>n \t<\/p>\n<li style=\"font-weight: 400;\"><span style=\"font-weight: 400;\">Wszystkie aktywno\u015bci<\/span><\/li>\n<p>n<\/ol>\n<p>n<b> Wykluczenia<\/b><br \/>\nn<\/p>\n<ol>\nn \t<\/p>\n<li style=\"font-weight: 400;\"><span style=\"font-weight: 400;\">Napiwki<\/span><\/li>\n<p>n<\/ol>\n<p>n<\/p>\n<h4><em><strong>Wyjazd i powr\u00f3t<\/strong><\/em><\/h4>\n<p>n<span style=\"font-weight: 400;\">Po dokonaniu rezerwacji podr\u00f3\u017cny otrzyma miejsce zbi\u00f3rki. Wycieczki rozpoczynaj\u0105 si\u0119 i ko\u0144cz\u0105 w miejscach spotka\u0144.<\/span><br \/>\nn<\/p>\n<h3>Playa Rinc\u00f3n, Playa Fronton + Playa Madame Beach, Saman\u00e1 \u2013 Dominikana. Jednodniowa wycieczka do Samany.<\/h3>\n<p>n<\/p>\n<h4><b><i>Czego oczekiwa\u0107?<\/i><\/b><\/h4>\n<p>n<em><strong>Zdob\u0105d\u017a swoje bilety<\/strong><\/em> za odwiedzenie Boca del diablo i pla\u017cy Fronton w Samanie. Wycieczka. Zaczynaj\u0105c od okolic hoteli Samana, odwiedzaj\u0105c 3 najbardziej wyj\u0105tkowe pla\u017ce na Dominikanie. Playa Rinc\u00f3n to dziewiczy pas bia\u0142ego piasku, kt\u00f3ry rozci\u0105ga si\u0119 na oko\u0142o 2,5 mili (4 kilometry) wzd\u0142u\u017c niezagospodarowanej cz\u0119\u015bci wybrze\u017ca. Otoczona palmami kokosowymi i otoczona szczytami g\u00f3r i klif\u00f3w na obu ko\u0144cach, ta odosobniona pla\u017ca wydaje si\u0119 prawdziw\u0105 utopi\u0105, odci\u0119t\u0105 od cywilizacji.<br \/>\nn<br \/>\nPo pla\u017cy El Rincon odwiedzimy Madame. Ta pla\u017ca jest cz\u0119stym pierwszym przystankiem na wycieczce nurkowej (w tym Playa Fronton, patrz poni\u017cej) i jest dost\u0119pna tylko \u0142odzi\u0105 lub konno. Podczas gdy sceneria by\u0142a dramatyczna, uwielbiali\u015bmy sprawdza\u0107 pobliskie jaskinie i w\u0119drowa\u0107 po klifach.<br \/>\nn<br \/>\nOstatni\u0105 opcj\u0105 naszej wycieczki jest Fronton Beach. Tutaj woda jest bardzo czysta, ma pi\u0119kny odcie\u0144 b\u0142\u0119kitu, a otaczaj\u0105ca j\u0105 rafa koralowa sprawia, \u017ce pla\u017ca jest bardzo bezpieczna do p\u0142ywania<br \/>\nn<br \/>\nn&nbsp;<br \/>\nn<br \/>\nnWycieczka organizowana przez \u201eBooking Adventures\u201d rozpoczyna si\u0119 w miejscu spotkania okre\u015blonym przez naszego Przewodnika. Przyjd\u017a z Booking Adventures, zjedz lunch na pla\u017cy i ciesz si\u0119 3 najbardziej niesamowitymi pla\u017cami w Samanie na Dominikanie.<br \/>\nn<\/p>\n<div class=\"body-description secondary\">\nn<br \/>\nn&nbsp;<br \/>\nn<br \/>\nn<\/div>\n<p>n<\/p>\n<h4><em><strong>Co powiniene\u015b ze sob\u0105 zabra\u0107?<\/strong><\/em><\/h4>\n<p>n<\/p>\n<ul>\nn \t<\/p>\n<li style=\"font-weight: 400;\"><span style=\"font-weight: 400;\">Kamera<\/span><\/li>\n<p>n \t<\/p>\n<li style=\"font-weight: 400;\"><span style=\"font-weight: 400;\">Odstraszaj\u0105ce p\u0105ki<\/span><\/li>\n<p>n \t<\/p>\n<li style=\"font-weight: 400;\"><span style=\"font-weight: 400;\">Krem do opalania<\/span><\/li>\n<p>n \t<\/p>\n<li>Woda<\/li>\n<p>n \t<\/p>\n<li style=\"font-weight: 400;\"><span style=\"font-weight: 400;\">Kapelusz<\/span><\/li>\n<p>n \t<\/p>\n<li style=\"font-weight: 400;\"><span style=\"font-weight: 400;\">Wygodne spodnie<\/span><\/li>\n<p>n \t<\/p>\n<li style=\"font-weight: 400;\"><span style=\"font-weight: 400;\">Buty turystyczne do lasu<\/span><\/li>\n<p>n \t<\/p>\n<li style=\"font-weight: 400;\"><span style=\"font-weight: 400;\">Sanda\u0142y na wiosenne tereny.<\/span><\/li>\n<p>n \t<\/p>\n<li style=\"font-weight: 400;\"><span style=\"font-weight: 400;\">Kostium k\u0105pielowy<\/span><\/li>\n<p>n<\/ul>\n<p>n&nbsp;<br \/>\nn<\/p>\n<h4><b><i>Odbi\u00f3r z hotelu <\/i><\/b><\/h4>\n<p>n<span style=\"font-weight: 400;\">W przypadku tej wycieczki oferowany jest odbi\u00f3r z hotelu. <\/span><br \/>\nn<br \/>\nn&nbsp;<br \/>\nn<br \/>\nn<b>Uwaga:<\/b><span style=\"font-weight: 400;\"> Je\u015bli dokonujesz rezerwacji w ci\u0105gu 24 godzin od godziny rozpocz\u0119cia wycieczki\/wycieczki, mo\u017cemy zorganizowa\u0107 odbi\u00f3r z hotelu. W\u0142a\u015bnie odbieramy w rejonie Samana. Po sfinalizowaniu zakupu wy\u015blemy Ci pe\u0142ne dane kontaktowe (numer telefonu, adres e-mail itp.) do naszego lokalnego przewodnika w celu zorganizowania odbioru.<\/span><br \/>\nn<\/p>\n<h4><b><i>Dodatkowe potwierdzenie informacji <\/i><\/b><\/h4>\n<p>n<\/p>\n<ol>\nn \t<\/p>\n<li>Bilety s\u0105 paragonem po op\u0142aceniu tej wycieczki. Mo\u017cesz pokaza\u0107 p\u0142atno\u015b\u0107 na swoim telefonie.<\/li>\n<p>n \t<\/p>\n<li style=\"font-weight: 400;\"><span style=\"font-weight: 400;\">Miejsce spotkania zostanie odebrane po zako\u0144czeniu procesu rezerwacji.<\/span><\/li>\n<p>n \t<\/p>\n<li style=\"font-weight: 400;\"><span style=\"font-weight: 400;\">Dzieciom musi towarzyszy\u0107 osoba doros\u0142a.<\/span><\/li>\n<p>n \t<\/p>\n<li style=\"font-weight: 400;\"><span style=\"font-weight: 400;\"> Niedost\u0119pny dla w\u00f3zk\u00f3w inwalidzkich <\/span><\/li>\n<p>n \t<\/p>\n<li style=\"font-weight: 400;\"><span style=\"font-weight: 400;\">Niemowl\u0119ta musz\u0105 siedzie\u0107 na kolanach <\/span><\/li>\n<p>n \t<\/p>\n<li style=\"font-weight: 400;\"><span style=\"font-weight: 400;\">Niezalecane dla podr\u00f3\u017cnych z problemami z plecami<\/span><\/li>\n<p>n \t<\/p>\n<li style=\"font-weight: 400;\"><span style=\"font-weight: 400;\">Nie zalecane dla podr\u00f3\u017cuj\u0105cych w ci\u0105\u017cy <\/span><\/li>\n<p>n \t<\/p>\n<li style=\"font-weight: 400;\"><span style=\"font-weight: 400;\"> \u017badnych problem\u00f3w z sercem ani innych powa\u017cnych schorze\u0144 <\/span><\/li>\n<p>n \t<\/p>\n<li style=\"font-weight: 400;\"><span style=\"font-weight: 400;\">Wi\u0119kszo\u015b\u0107 podr\u00f3\u017cnych mo\u017ce wzi\u0105\u0107 udzia\u0142<\/span><\/li>\n<p>n<\/ol>\n<p>n<\/p>\n<h4><b><i>Zasady anulowania<\/i><\/b><\/h4>\n<p>nAby uzyska\u0107 pe\u0142ny zwrot koszt\u00f3w, zapoznaj si\u0119 z naszymi zasadami anulowania rezerwacji\u00a0<a href=\"https:\/\/www.boattoursamana.com\/pl\/rezerwacja-online\/\" target=\"_blank\" rel=\"noopener\" data-saferedirecturl=\"https:\/\/www.google.com\/url?q=https:\/\/www.boattoursamana.com\/online-booking\/&amp;source=gmail&amp;ust=1672449202351000&amp;usg=AOvVaw1yAeVAPktmaVCqDujgUn90\">Kliknij tutaj<\/a>. \u015arodki zostan\u0105 utracone, je\u015bli rezerwacja zostanie anulowana tego samego dnia wycieczki.<\/p>\n\n\t\t<\/div>\n\t<\/div>\n<\/div><\/div><\/div><\/div><div class=\"vc_row wpb_row vc_row-fluid\" ><div class=\"wpb_column vc_column_container vc_col-sm-12\"><div class=\"vc_column-inner\"><div class=\"wpb_wrapper\">\n\t<div class=\"wpb_video_widget wpb_content_element vc_clearfix   vc_video-aspect-ratio-169 vc_video-el-width-100 vc_video-align-left\" >\n\t\t<div class=\"wpb_wrapper\">\n\t\t\t<h2 class=\"wpb_heading wpb_video_heading\">Pla\u017ca Boca del Diablo i Fronton<\/h2>\n\t\t\t<div class=\"wpb_video_wrapper\"><iframe loading=\"lazy\" title=\"P\u00f3\u0142wysep Saman\u00e1, Dominikana (DJI Phantom 4 4K)\" width=\"1100\" height=\"619\" src=\"https:\/\/www.youtube.com\/embed\/DYDXVm8Q_iM?feature=oembed\" frameborder=\"0\" allow=\"accelerometer; autoplay; clipboard-write; encrypted-media; gyroscope; picture-in-picture; web-share\" allowfullscreen><\/iframe><\/div>\n\t\t<\/div>\n\t<\/div>\n<\/div><\/div><\/div><\/div><div class=\"vc_row wpb_row vc_row-fluid\" ><div class=\"wpb_column vc_column_container vc_col-sm-12\"><div class=\"vc_column-inner\"><div class=\"wpb_wrapper\"><div class=\"vc_empty_space\"   style=\"height: 32px\"><span class=\"vc_empty_space_inner\"><\/span><\/div>\n\t<div class=\"wpb_text_column wpb_content_element\" >\n\t\t<div class=\"wpb_wrapper\">\n\t\t\t<p>\nn<\/p>\n<h4>Skontaktuj si\u0119 z nami?<\/h4>\n<p>n<\/p>\n<h5>rezerwacja przyg\u00f3d<\/h5>\n<p>n<em><strong>Miejscowi<\/strong>\u00a0oraz\u00a0<strong>Rodacy<\/strong>\u00a0Przewodnicy turystyczni i us\u0142ugi dla go\u015bci<\/em><br \/>\nn<br \/>\nn<span class=\"text-turquoise\">Rezerwacje:<\/span>\u00a0Wycieczki i wycieczki w Dom. Reprezentant.<br \/>\nn<br \/>\nn<img decoding=\"async\" class=\"emoji\" draggable=\"false\" src=\"https:\/\/s.w.org\/images\/core\/emoji\/11.2.0\/svg\/1f4de.svg\" alt=\" \" title=\"\">\u00a0Tel \/ Whatsapp\u00a0\u00a0<a href=\"tel:+1-809-720-6035\">+1-809-720-6035<\/a>.<br \/>\nn<br \/>\nn<img decoding=\"async\" class=\"emoji\" draggable=\"false\" src=\"https:\/\/s.w.org\/images\/core\/emoji\/11.2.0\/svg\/1f4e9.svg\" alt=\" \" title=\"\">\u00a0<a href=\"mailto:info@bookingadventures.com.do\">info@bookingadventures.com.do<\/a><br \/>\nn<br \/>\nn<strong>Jeste\u015bmy elastyczni w ustalaniu prywatnych wycieczek przez Whatsapp:\u00a0<a href=\"tel:+18097206035\">+18097206035.<\/a><\/strong><\/p>\n\n\t\t<\/div>\n\t<\/div>\n<div class=\"vc_empty_space\"   style=\"height: 32px\"><span class=\"vc_empty_space_inner\"><\/span><\/div><\/div><\/div><\/div><\/div><div class=\"vc_row wpb_row vc_row-fluid\" ><div class=\"wpb_column vc_column_container vc_col-sm-12\"><div class=\"vc_column-inner\"><div class=\"wpb_wrapper\"><div class=\"vc_btn3-container vc_btn3-inline\" ><button class=\"vc_general vc_btn3 vc_btn3-size-md vc_btn3-shape-rounded vc_btn3-style-modern vc_btn3-color-green\">REZERWUJ TERAZ<\/button><\/div><\/div><\/div><\/div><\/div>","protected":false},"excerpt":{"rendered":"<p>The trip starts at Picking you up in Your hotel or Airbnb in the Samana area. Discover with us the 3 secret and wild beaches of the region El Rincon beach, Playa madame and Playa Fronton. One of the most beautiful excursions on Saman\u00e1&#8217;s peninsula. Enter the unique atmosphere of Playa Front\u00f3n, a beach only reachable by boat surrounded by a coral reef around which you can snorkel, swim with fishes and discover its corals and relax and enjoy the [&hellip;]<\/p>\n","protected":false},"author":2,"featured_media":0,"parent":0,"menu_order":0,"comment_status":"open","ping_status":"closed","template":"","meta":{"footnotes":""},"class_list":["post-15763","page","type-page","status-publish","hentry"],"_links":{"self":[{"href":"https:\/\/www.boattoursamana.com\/pl\/wp-json\/wp\/v2\/pages\/15763","targetHints":{"allow":["GET"]}}],"collection":[{"href":"https:\/\/www.boattoursamana.com\/pl\/wp-json\/wp\/v2\/pages"}],"about":[{"href":"https:\/\/www.boattoursamana.com\/pl\/wp-json\/wp\/v2\/types\/page"}],"author":[{"embeddable":true,"href":"https:\/\/www.boattoursamana.com\/pl\/wp-json\/wp\/v2\/users\/2"}],"replies":[{"embeddable":true,"href":"https:\/\/www.boattoursamana.com\/pl\/wp-json\/wp\/v2\/comments?post=15763"}],"version-history":[{"count":0,"href":"https:\/\/www.boattoursamana.com\/pl\/wp-json\/wp\/v2\/pages\/15763\/revisions"}],"wp:attachment":[{"href":"https:\/\/www.boattoursamana.com\/pl\/wp-json\/wp\/v2\/media?parent=15763"}],"curies":[{"name":"wp","href":"https:\/\/api.w.org\/{rel}","templated":true}]}}