{"id":15773,"date":"2023-07-15T07:43:40","date_gmt":"2023-07-15T07:43:40","guid":{"rendered":"https:\/\/www.ticketswhales.com\/ermitano-beach-playa-ermitano-boat-tour-and-playa-onda-half-day-trip-samana-dominican-republic\/"},"modified":"2023-08-10T18:28:51","modified_gmt":"2023-08-10T18:28:51","slug":"ermitano-beach-playa-ermitano-boat-tour-and-playa-onda-half-day-trip-samana-dominican-republic","status":"publish","type":"page","link":"https:\/\/www.boattoursamana.com\/pl\/ermitano-beach-playa-ermitano-boat-tour-and-playa-onda-poldniowa-wycieczka-samana-dominikana-republika-2","title":{"rendered":"(Pla\u017ca Ermitano) Playa Ermita\u00f1o Wycieczka \u0142odzi\u0105 i Playa Onda, wycieczka p\u00f3\u0142dniowa, Saman\u00e1 \u2013 Dominikana."},"content":{"rendered":"<p><span style=\"vertical-align: inherit;\"><span style=\"vertical-align: inherit;\">El viaje comienza recogi\u00e9ndolo en su hotel o en el aeropuerto en el \u00e1rea de Saman\u00e1 de Las Galeras. <\/span><span style=\"vertical-align: inherit;\">Comience su experiencia en Playa El Valle, una hermosa y \u00fanica playa cerca de Saman\u00e1. <\/span><span style=\"vertical-align: inherit;\">Disfrute de un viaje en bote de 25 minut Playa Ermita\u00f1o, que es una playa a\u00fan inexplorada y aislada con agua azul turquesa. <\/span><span style=\"vertical-align: inherit;\">Disfruta del agua de coco fresca. <\/span><span style=\"vertical-align: inherit;\">Descubra la belleza real e intacta de la Rep\u00fablica Dominicana y sum\u00e9rjase en la naturaleza mientras explora la cueva secreta cercana. <\/span><span style=\"vertical-align: inherit;\">Qu\u00e9dese en Playa Ermita\u00f1o todo el tiempo que desee y visite Playa Onda, otra hermosa playa salvaje, solo 15 minut en bote. <\/span><span style=\"vertical-align: inherit;\">Regrese Playa El Valle y luego proceda a Saman\u00e1, ver\u00e1 casas locales y aprender\u00e1 sobre la vida real dominicana. <\/span><span style=\"vertical-align: inherit;\">Esta es una experiencia de medio d\u00eda de la verdadera Saman\u00e1 en la Rep\u00fablica Dominicana.<\/span><\/span><br \/>\nn<br \/>\nn<br \/>\nn<br \/>\nn<strong><span style=\"vertical-align: inherit;\"><span style=\"vertical-align: inherit;\">Seleccione la fecha para el Tour:\u00a0<\/span><\/span><\/strong><\/p>\n<p>&nbsp;<\/p>\n<div class=\"vc_row wpb_row vc_row-fluid\" ><div class=\"wpb_column vc_column_container vc_col-sm-12\"><div class=\"vc_column-inner\"><div class=\"wpb_wrapper\"><div class=\"vc_btn3-container vc_btn3-inline\" ><button class=\"vc_general vc_btn3 vc_btn3-size-md vc_btn3-shape-rounded vc_btn3-style-modern vc_btn3-color-green\">REZERWUJ TERAZ<\/button><\/div><div class=\"mkdf-section-title-holder\" style=\"text-align: left\">\n\t<div class=\"mkdf-st-inner\">\n\t\t\t\t\t<h5 class=\"mkdf-st-subtitle\" >\n\t\t\t\tLunch, przeja\u017cd\u017cka \u0142odzi\u0105 i prywatny transport z hoteli.\t\t\t<\/h5>\n\t\t\t\t\t\t\t<h3 class=\"mkdf-st-title\" >\n\t\t\t\tPlaya Rinc\u00f3n, Playa Fronton + Playa Madame Beach, Saman\u00e1 - Dominikana.\t\t\t<\/h3>\n\t\t\t\t\t<\/div>\n<\/div>\n\t<div class=\"wpb_text_column wpb_content_element\" >\n\t\t<div class=\"wpb_wrapper\">\n\t\t\t<p>\nn<\/p>\n<h2 class=\"styles__heading___mD4_3\" data-radium=\"true\">(Pla\u017ca Ermitano) Wycieczka \u0142odzi\u0105 po Playa Ermita\u00f1o i prywatna wycieczka po Playa Onda.<\/h2>\n<p>n<\/p>\n<h4><b><i>Przegl\u0105d <\/i><\/b><\/h4>\n<p>nPodr\u00f3\u017c rozpoczyna si\u0119 odbiorem z Twojego hotelu lub z lotniska w rejonie Samana lub Las Galeras. Rozpocznij swoj\u0105 przygod\u0119 na Playa El Valle, pi\u0119knej i wyj\u0105tkowej pla\u017cy w pobli\u017cu Saman\u00e1. Wybierz si\u0119 na 25-minutowy rejs \u0142odzi\u0105 do Playa Ermita\u00f1o, kt\u00f3ra jest wci\u0105\u017c niezbadan\u0105 i odizolowan\u0105 pla\u017c\u0105 z turkusow\u0105 wod\u0105. Rozkoszuj si\u0119 \u015bwie\u017c\u0105 wod\u0105 kokosow\u0105. Odkryj prawdziwe i nietkni\u0119te pi\u0119kno Republiki Dominikany i zanurz si\u0119 w naturze, zwiedzaj\u0105c poblisk\u0105 tajemnicz\u0105 jaskini\u0119. Zatrzymaj si\u0119 w Playa Ermita\u00f1o tak d\u0142ugo, jak chcesz i odwied\u017a Playa Onda, kolejn\u0105 pi\u0119kn\u0105 dzik\u0105 pla\u017c\u0119, oddalon\u0105 tylko o 15 minut \u0142odzi\u0105. Wr\u00f3\u0107 do Playa El Valle, a nast\u0119pnie udaj si\u0119 do Saman\u00e1, zobacz lokalne domy i poznaj prawdziwe \u017cycie Dominikany.<br \/>\nn<br \/>\nn<br \/>\nn<\/p>\n<ul>\n<li style=\"list-style-type: none;\">\n<ul>n<\/p>\n<li>Lokalny przewodnik z do\u015bwiadczeniem w zakresie bezpiecze\u0144stwa w okolicy.<\/li>\n<\/ul>\n<\/li>\n<\/ul>\n<p>n<\/p>\n<ul>\n<li style=\"list-style-type: none;\">\n<ul>\n<li>Prywatny transport<\/li>\n<\/ul>\n<\/li>\n<\/ul>\n<p>n<\/p>\n<ul>\n<li style=\"list-style-type: none;\">\n<ul>\n<li>Op\u0142aty wliczone<\/li>\n<\/ul>\n<\/li>\n<\/ul>\n<p>n<\/p>\n<ul>\n<li style=\"list-style-type: none;\">\n<ul>\n<li>Obiad na pla\u017cy<\/li>\n<\/ul>\n<\/li>\n<\/ul>\n<p>n<\/p>\n<ul>\n<li style=\"list-style-type: none;\">\n<ul>\n<li>Lokalny przewodnik w j\u0119zyku hiszpa\u0144skim, angielskim lub francuskim.<\/li>\n<\/ul>\n<\/li>\n<\/ul>\n<p>n<\/p>\n<ul>\n<li style=\"list-style-type: none;\">\n<ul>\n<li>W\u0119dr\u00f3wki<\/li>\n<\/ul>\n<\/li>\n<\/ul>\n<p>n<\/p>\n<p>n<\/p>\n<h4><b>W\u0142\u0105czenia i wykluczenia<\/b><\/h4>\n<p>n<br \/>\nn<br \/>\nn<b>Inkluzje<\/b><br \/>\nn<\/p>\n<ol>\n<li style=\"list-style-type: none;\">\n<ol>n<\/p>\n<li><span style=\"font-weight: 400;\">Lokalny przewodnik z do\u015bwiadczeniem w zakresie bezpiecze\u0144stwa w okolicy.<\/span><\/li>\n<\/ol>\n<\/li>\n<\/ol>\n<p>n<\/p>\n<ol>\n<li style=\"list-style-type: none;\">\n<ol>\n<li>Prywatny transport dla ma\u0142ych grup<\/li>\n<\/ol>\n<\/li>\n<\/ol>\n<p>n<\/p>\n<ol>\n<li style=\"list-style-type: none;\">\n<ol>\n<li style=\"font-weight: 400;\">Pla\u017ca El Rincon<\/li>\n<\/ol>\n<\/li>\n<\/ol>\n<p>n<\/p>\n<ol>\n<li style=\"list-style-type: none;\">\n<ol>\n<li>Ranczo Dominikan\u00f3w<\/li>\n<\/ol>\n<\/li>\n<\/ol>\n<p>n<\/p>\n<ol>\n<li style=\"list-style-type: none;\">\n<ol>\n<li>Rzeka Cano Frio<\/li>\n<\/ol>\n<\/li>\n<\/ol>\n<p>n<\/p>\n<ol>\n<li style=\"list-style-type: none;\">\n<ol>\n<li style=\"font-weight: 400;\"><span style=\"font-weight: 400;\">Wszystkie podatki, op\u0142aty i op\u0142aty manipulacyjne<\/span><\/li>\n<\/ol>\n<\/li>\n<\/ol>\n<p>n<\/p>\n<ol>\n<li style=\"list-style-type: none;\">\n<ol>\n<li style=\"font-weight: 400;\"><span style=\"font-weight: 400;\">Lokalne podatki<\/span><\/li>\n<\/ol>\n<\/li>\n<\/ol>\n<p>n<\/p>\n<ol>\n<li style=\"list-style-type: none;\">\n<ol>\n<li>Obiad na pla\u017cy<\/li>\n<\/ol>\n<\/li>\n<\/ol>\n<p>n<\/p>\n<ol>\n<li style=\"list-style-type: none;\">\n<ol>\n<li>W\u0119dr\u00f3wki<\/li>\n<\/ol>\n<\/li>\n<\/ol>\n<p>n<\/p>\n<ol>\n<li style=\"list-style-type: none;\">\n<ol>\n<li style=\"font-weight: 400;\"><span style=\"font-weight: 400;\">Wszystkie aktywno\u015bci<\/span><\/li>\n<\/ol>\n<\/li>\n<\/ol>\n<p>n<\/p>\n<p>n<b> Wykluczenia<\/b><br \/>\nn<\/p>\n<ol>\n<li style=\"list-style-type: none;\">\n<ol>n<\/p>\n<li style=\"font-weight: 400;\"><span style=\"font-weight: 400;\">Napiwki<\/span><\/li>\n<\/ol>\n<\/li>\n<\/ol>\n<p>n<\/p>\n<ol>\n<li style=\"list-style-type: none;\">\n<ol>\n<li>Wszystkie napoje<\/li>\n<\/ol>\n<\/li>\n<\/ol>\n<p>n<\/p>\n<p>n<\/p>\n<h4><em><strong>Wyjazd i powr\u00f3t<\/strong><\/em><\/h4>\n<p>n<span style=\"font-weight: 400;\">Po dokonaniu rezerwacji podr\u00f3\u017cny otrzyma miejsce zbi\u00f3rki. Wycieczki rozpoczynaj\u0105 si\u0119 i ko\u0144cz\u0105 w miejscach spotka\u0144.<\/span><br \/>\nn<\/p>\n<h2 class=\"styles__heading___mD4_3\" data-radium=\"true\">(Pla\u017ca Ermitano) Wycieczka \u0142odzi\u0105 po Playa Ermita\u00f1o i prywatna wycieczka po Playa Onda.<\/h2>\n<p>n<\/p>\n<h4><em>Czego oczekiwa\u0107?<\/em><\/h4>\n<p>nPo opuszczeniu obszaru hoteli Samana i przejechaniu ulic Dominikany zobaczysz i poznasz styl \u017cycia lokalnych mieszka\u0144c\u00f3w. Pla\u017ca ta znajduje si\u0119 pomi\u0119dzy Playa Honda i Playa El Valle na p\u00f3\u0142wyspie Samana. Ma d\u0142ugo\u015b\u0107 400 metr\u00f3w i jest otoczona rafami. Jedynym sposobem, aby dosta\u0107 si\u0119 na t\u0119 pla\u017c\u0119, jest w\u0119dr\u00f3wka, g\u0119st\u0105 \u015bcie\u017ck\u0105 przypominaj\u0105c\u0105 d\u017cungl\u0119 lub \u0142odzi\u0105.<br \/>\nn<br \/>\nn<span style=\"vertical-align: inherit;\"><span style=\"vertical-align: inherit;\">La historia de su nombre es tan fascinante e interesante\u2026 Juan El Ermita\u00f1o aparentemente era un pirata franc\u00e9s que, arrepentido, desembarc\u00f3 un d\u00eda en esta playa de Saman\u00e1. <\/span><span style=\"vertical-align: inherit;\">Cuenta la historia que hab\u00eda estado solo y aislado del mundo durante el a\u00f1o 1780. La leyenda dice que despu\u00e9s de 22 a\u00f1os de exilio, fue descubierto por sorpresa por sus antiguos compa\u00f1eros corsarios que lo creyeron muerto. <\/span><span style=\"vertical-align: inherit;\">Pero los espa\u00f1oles, asombrados por su austeridad y constancia, le concedieron el perd\u00f3n, rozwa\u017cenie casi un santo. <\/span><span style=\"vertical-align: inherit;\">Pero como toda historia de piratas que se precie, Juan El Ermita\u00f1o guardaba un gran secreto: guardaba un precioso bot\u00edn de su \u00e9poca de pirata que se escond\u00eda en esta playa.<\/span><\/span><br \/>\nn<br \/>\nnGdy tam dotrzesz, zobaczysz przed sob\u0105 poczt\u00f3wkowy krajobraz idealny. B\u0119dziesz mia\u0142 wra\u017cenie, \u017ce jeste\u015b wyj\u0105tkowy na \u015bwiecie w tym magicznym miejscu z bujn\u0105 i tropikaln\u0105 ro\u015blinno\u015bci\u0105 oraz pi\u0119knem krystalicznie czystej wody. Ta pla\u017ca sprawia, \u017ce do\u015bwiadczenie staje si\u0119 wow.<br \/>\nn<br \/>\nnNa tej pla\u017cy kr\u0119cono tureck\u0105 i szwedzk\u0105 wersj\u0119 serialu Survivor<br \/>\nn<br \/>\nnTa wycieczka organizowana przez \u201eBooking Adventures\u201d rozpoczyna si\u0119 w miejscu spotkania okre\u015blonym przez naszego Przewodnika. Przyjd\u017a z Booking Adventures, zjedz lunch na pla\u017cy i ciesz si\u0119 jedn\u0105 z najbardziej niesamowitych pla\u017c w Samanie na Dominikanie.<br \/>\nn<\/p>\n<h4><em><strong>Co powiniene\u015b ze sob\u0105 zabra\u0107?<\/strong><\/em><\/h4>\n<p>n<\/p>\n<ul>\n<li style=\"list-style-type: none;\">\n<ul>n<\/p>\n<li style=\"font-weight: 400;\"><span style=\"font-weight: 400;\">Kamera<\/span><\/li>\n<\/ul>\n<\/li>\n<\/ul>\n<p>n<\/p>\n<ul>\n<li style=\"list-style-type: none;\">\n<ul>\n<li style=\"font-weight: 400;\"><span style=\"font-weight: 400;\">Odstraszaj\u0105ce p\u0105ki<\/span><\/li>\n<\/ul>\n<\/li>\n<\/ul>\n<p>n<\/p>\n<ul>\n<li style=\"list-style-type: none;\">\n<ul>\n<li style=\"font-weight: 400;\"><span style=\"font-weight: 400;\">Krem do opalania<\/span><\/li>\n<\/ul>\n<\/li>\n<\/ul>\n<p>n<\/p>\n<ul>\n<li style=\"list-style-type: none;\">\n<ul>\n<li>Woda<\/li>\n<\/ul>\n<\/li>\n<\/ul>\n<p>n<\/p>\n<ul>\n<li style=\"list-style-type: none;\">\n<ul>\n<li style=\"font-weight: 400;\"><span style=\"font-weight: 400;\">Kapelusz<\/span><\/li>\n<\/ul>\n<\/li>\n<\/ul>\n<p>n<\/p>\n<ul>\n<li style=\"list-style-type: none;\">\n<ul>\n<li style=\"font-weight: 400;\"><span style=\"font-weight: 400;\">Wygodne spodnie<\/span><\/li>\n<\/ul>\n<\/li>\n<\/ul>\n<p>n<\/p>\n<ul>\n<li style=\"list-style-type: none;\">\n<ul>\n<li style=\"font-weight: 400;\"><span style=\"font-weight: 400;\">Buty turystyczne do lasu<\/span><\/li>\n<\/ul>\n<\/li>\n<\/ul>\n<p>n<\/p>\n<ul>\n<li style=\"list-style-type: none;\">\n<ul>\n<li style=\"font-weight: 400;\"><span style=\"font-weight: 400;\">Sanda\u0142y na wiosenne tereny.<\/span><\/li>\n<\/ul>\n<\/li>\n<\/ul>\n<p>n<\/p>\n<ul>\n<li style=\"list-style-type: none;\">\n<ul>\n<li style=\"font-weight: 400;\"><span style=\"font-weight: 400;\">Kostium k\u0105pielowy<\/span><\/li>\n<\/ul>\n<\/li>\n<\/ul>\n<p>n<\/p>\n<p>n<br \/>\nn<\/p>\n<h4><b><i>Odbi\u00f3r z hotelu <\/i><\/b><\/h4>\n<p>n<span style=\"font-weight: 400;\">W przypadku tej wycieczki oferowany jest odbi\u00f3r z hotelu. <\/span><br \/>\nn<br \/>\nn<br \/>\nn<br \/>\nn<b>Uwaga:<\/b><span style=\"font-weight: 400;\"> Je\u015bli dokonujesz rezerwacji w ci\u0105gu 24 godzin od godziny rozpocz\u0119cia wycieczki\/wycieczki, mo\u017cemy zorganizowa\u0107 odbi\u00f3r z hotelu. W\u0142a\u015bnie odbieramy w rejonie Samana. Po sfinalizowaniu zakupu wy\u015blemy Ci pe\u0142ne dane kontaktowe (numer telefonu, adres e-mail itp.) do naszego lokalnego przewodnika w celu zorganizowania odbioru.<\/span><br \/>\nn<\/p>\n<h4><b><i>Dodatkowe potwierdzenie informacji <\/i><\/b><\/h4>\n<p>n<\/p>\n<ol>\n<li style=\"list-style-type: none;\">\n<ol>n<\/p>\n<li>Bilety s\u0105 paragonem po op\u0142aceniu tej wycieczki. Mo\u017cesz pokaza\u0107 p\u0142atno\u015b\u0107 na swoim telefonie.<\/li>\n<\/ol>\n<\/li>\n<\/ol>\n<p>n<\/p>\n<ol>\n<li style=\"list-style-type: none;\">\n<ol>\n<li style=\"font-weight: 400;\"><span style=\"font-weight: 400;\">Miejsce spotkania zostanie odebrane po zako\u0144czeniu procesu rezerwacji.<\/span><\/li>\n<\/ol>\n<\/li>\n<\/ol>\n<p>n<\/p>\n<ol>\n<li style=\"list-style-type: none;\">\n<ol>\n<li style=\"font-weight: 400;\"><span style=\"font-weight: 400;\">Dzieciom musi towarzyszy\u0107 osoba doros\u0142a.<\/span><\/li>\n<\/ol>\n<\/li>\n<\/ol>\n<p>n<\/p>\n<ol>\n<li style=\"list-style-type: none;\">\n<ol>\n<li style=\"font-weight: 400;\"><span style=\"font-weight: 400;\"> Niedost\u0119pny dla w\u00f3zk\u00f3w inwalidzkich <\/span><\/li>\n<\/ol>\n<\/li>\n<\/ol>\n<p>n<\/p>\n<ol>\n<li style=\"list-style-type: none;\">\n<ol>\n<li style=\"font-weight: 400;\"><span style=\"font-weight: 400;\">Niemowl\u0119ta musz\u0105 siedzie\u0107 na kolanach <\/span><\/li>\n<\/ol>\n<\/li>\n<\/ol>\n<p>n<\/p>\n<ol>\n<li style=\"list-style-type: none;\">\n<ol>\n<li style=\"font-weight: 400;\"><span style=\"font-weight: 400;\">Niezalecane dla podr\u00f3\u017cnych z problemami z plecami<\/span><\/li>\n<\/ol>\n<\/li>\n<\/ol>\n<p>n<\/p>\n<ol>\n<li style=\"list-style-type: none;\">\n<ol>\n<li style=\"font-weight: 400;\"><span style=\"font-weight: 400;\">Nie zalecane dla podr\u00f3\u017cuj\u0105cych w ci\u0105\u017cy <\/span><\/li>\n<\/ol>\n<\/li>\n<\/ol>\n<p>n<\/p>\n<ol>\n<li style=\"list-style-type: none;\">\n<ol>\n<li style=\"font-weight: 400;\"><span style=\"font-weight: 400;\"> \u017badnych problem\u00f3w z sercem ani innych powa\u017cnych schorze\u0144 <\/span><\/li>\n<\/ol>\n<\/li>\n<\/ol>\n<p>n<\/p>\n<ol>\n<li style=\"list-style-type: none;\">\n<ol>\n<li style=\"font-weight: 400;\"><span style=\"font-weight: 400;\">Wi\u0119kszo\u015b\u0107 podr\u00f3\u017cnych mo\u017ce wzi\u0105\u0107 udzia\u0142<\/span><\/li>\n<\/ol>\n<\/li>\n<\/ol>\n<p>n<\/p>\n<p>n<\/p>\n<h4><b><i>Zasady anulowania<\/i><\/b><\/h4>\n<p>nAby uzyska\u0107 pe\u0142ny zwrot koszt\u00f3w, zapoznaj si\u0119 z naszymi zasadami anulowania rezerwacji\u00a0<a href=\"https:\/\/www.boattoursamana.com\/pl\/rezerwacja-online\/\" target=\"_blank\" rel=\"noopener\" data-saferedirecturl=\"https:\/\/www.google.com\/url?q=https:\/\/www.boattoursamana.com\/online-booking\/&amp;source=gmail&amp;ust=1672532492004000&amp;usg=AOvVaw3ylqI1cdbIPTimEqEWneyd\">Kliknij tutaj<\/a>. \u015arodki zostan\u0105 utracone, je\u015bli rezerwacja zostanie anulowana tego samego dnia wycieczki.<\/p>\n\n\t\t<\/div>\n\t<\/div>\n<\/div><\/div><\/div><\/div><div class=\"vc_row wpb_row vc_row-fluid\" ><div class=\"wpb_column vc_column_container vc_col-sm-12\"><div class=\"vc_column-inner\"><div class=\"wpb_wrapper\">\n\t<div class=\"wpb_video_widget wpb_content_element vc_clearfix   vc_video-aspect-ratio-169 vc_video-el-width-100 vc_video-align-left\" >\n\t\t<div class=\"wpb_wrapper\">\n\t\t\t<h2 class=\"wpb_heading wpb_video_heading\">Obejrzyj wideo:<\/h2>\n\t\t\t<div class=\"wpb_video_wrapper\"><a href=\"https:\/\/vimeo.com\/263076708\" rel=\"noopener\">https:\/\/vimeo.com\/263076708<\/a><\/div>\n\t\t<\/div>\n\t<\/div>\n<\/div><\/div><\/div><\/div><div class=\"vc_row wpb_row vc_row-fluid\" ><div class=\"wpb_column vc_column_container vc_col-sm-12\"><div class=\"vc_column-inner\"><div class=\"wpb_wrapper\"><div class=\"vc_empty_space\"   style=\"height: 32px\"><span class=\"vc_empty_space_inner\"><\/span><\/div>\n\t<div class=\"wpb_text_column wpb_content_element\" >\n\t\t<div class=\"wpb_wrapper\">\n\t\t\t<p>\nn<\/p>\n<h4>Skontaktuj si\u0119 z nami?<\/h4>\n<p>n<\/p>\n<h5>rezerwacja przyg\u00f3d<\/h5>\n<p>n<em><strong>Miejscowi<\/strong>\u00a0oraz\u00a0<strong>Rodacy<\/strong>\u00a0Przewodnicy turystyczni i us\u0142ugi dla go\u015bci<\/em><br \/>\nn<br \/>\nn<span class=\"text-turquoise\">Rezerwacje:<\/span>\u00a0Wycieczki i wycieczki w Dom. Reprezentant.<br \/>\nn<br \/>\nn<img decoding=\"async\" class=\"emoji\" draggable=\"false\" src=\"https:\/\/s.w.org\/images\/core\/emoji\/11.2.0\/svg\/1f4de.svg\" alt=\" \" title=\"\">\u00a0Tel \/ Whatsapp\u00a0\u00a0<a href=\"tel:+1-809-720-6035\">+1-809-720-6035<\/a>.<br \/>\nn<br \/>\nn<img decoding=\"async\" class=\"emoji\" draggable=\"false\" src=\"https:\/\/s.w.org\/images\/core\/emoji\/11.2.0\/svg\/1f4e9.svg\" alt=\" \" title=\"\">\u00a0<a href=\"mailto:info@bookingadventures.com.do\">info@bookingadventures.com.do<\/a><br \/>\nn<br \/>\nn<strong>Jeste\u015bmy elastyczni w ustalaniu prywatnych wycieczek przez Whatsapp:\u00a0<a href=\"tel:+18097206035\">+18097206035.<\/a><\/strong><\/p>\n\n\t\t<\/div>\n\t<\/div>\n<div class=\"vc_empty_space\"   style=\"height: 32px\"><span class=\"vc_empty_space_inner\"><\/span><\/div><\/div><\/div><\/div><\/div><div class=\"vc_row wpb_row vc_row-fluid\" ><div class=\"wpb_column vc_column_container vc_col-sm-12\"><div class=\"vc_column-inner\"><div class=\"wpb_wrapper\"><div class=\"vc_btn3-container vc_btn3-inline\" ><button class=\"vc_general vc_btn3 vc_btn3-size-md vc_btn3-shape-rounded vc_btn3-style-modern vc_btn3-color-green\">REZERWUJ TERAZ<\/button><\/div><\/div><\/div><\/div><\/div>","protected":false},"excerpt":{"rendered":"<p>El viaje comienza recogi\u00e9ndolo en su hotel o en el aeropuerto en el \u00e1rea de Saman\u00e1 de Las Galeras. Comience su experiencia en Playa El Valle, una hermosa y \u00fanica playa cerca de Saman\u00e1. Disfrute de un viaje en bote de 25 minutos a Playa Ermita\u00f1o, que es una playa a\u00fan inexplorada y aislada con agua azul turquesa. Disfruta del agua de coco fresca. Descubra la belleza real e intacta de la Rep\u00fablica Dominicana y sum\u00e9rjase en la naturaleza mientras [&hellip;]<\/p>\n","protected":false},"author":2,"featured_media":0,"parent":0,"menu_order":0,"comment_status":"closed","ping_status":"closed","template":"","meta":{"footnotes":""},"class_list":["post-15773","page","type-page","status-publish","hentry"],"_links":{"self":[{"href":"https:\/\/www.boattoursamana.com\/pl\/wp-json\/wp\/v2\/pages\/15773","targetHints":{"allow":["GET"]}}],"collection":[{"href":"https:\/\/www.boattoursamana.com\/pl\/wp-json\/wp\/v2\/pages"}],"about":[{"href":"https:\/\/www.boattoursamana.com\/pl\/wp-json\/wp\/v2\/types\/page"}],"author":[{"embeddable":true,"href":"https:\/\/www.boattoursamana.com\/pl\/wp-json\/wp\/v2\/users\/2"}],"replies":[{"embeddable":true,"href":"https:\/\/www.boattoursamana.com\/pl\/wp-json\/wp\/v2\/comments?post=15773"}],"version-history":[{"count":0,"href":"https:\/\/www.boattoursamana.com\/pl\/wp-json\/wp\/v2\/pages\/15773\/revisions"}],"wp:attachment":[{"href":"https:\/\/www.boattoursamana.com\/pl\/wp-json\/wp\/v2\/media?parent=15773"}],"curies":[{"name":"wp","href":"https:\/\/api.w.org\/{rel}","templated":true}]}}