{"id":15774,"date":"2023-07-15T07:43:40","date_gmt":"2023-07-15T07:43:40","guid":{"rendered":"https:\/\/www.ticketswhales.com\/whale-watching-2023-in-punta-cana-cap-cana-to-samana-bay-cayo-levantado-bacardi-island-from-hotels\/"},"modified":"2023-07-15T07:43:40","modified_gmt":"2023-07-15T07:43:40","slug":"whale-watching-2023-in-punta-cana-cap-cana-to-samana-bay-cayo-levantado-bacardi-island-from-hotels","status":"publish","type":"page","link":"https:\/\/www.boattoursamana.com\/pl\/whale-watching-2023-in-punta-cana-cap-cana-to-samana-bay-cayo-levantado-bacardi-island-from-hotels","title":{"rendered":"Obserwacja wieloryb\u00f3w 2023 w Punta Cana \/ Cap Cana do zatoki Saman\u00e1 + Cayo Levantado (wyspa Bacardi) z hoteli."},"content":{"rendered":"<p>Z hoteli w Punta Cana b\u0119dziemy podziwia\u0107 pi\u0119kne krajobrazy Oriental Mountain Range, jad\u0105c na p\u00f3\u0142noc od Punta Cana, zanim dotrzemy do ma\u0142ej wioski rybackiej Miches na po\u0142udniowym brzegu zatoki Samana. Tam zjesz szybkie \u015bniadanie przed wej\u015bciem na pok\u0142ad \u0142odzi do Samany. Pop\u0142yniemy w g\u0142\u0105b zatoki na obserwacj\u0119 wieloryb\u00f3w. Najpierw dotrzemy do Cayo Levantado, znanej r\u00f3wnie\u017c jako Bacardi Island ze wzgl\u0119du na bliskie podobie\u0144stwo do pla\u017c, na kt\u00f3rych Bacardi Rum kr\u0119ci\u0142 swoje s\u0142ynne reklamy. Cayo Levantado to nic innego jak tropikalna oaza \u2013 ma\u0142a wyspa po\u015brodku oceanu z turkusowymi wodami i bia\u0142ym piaskiem.<br \/>\nn<br \/>\nnThis tour can or not include the stop at\u00a0<strong>Wodospad Limonki<\/strong>. Aby zarezerwowa\u0107 t\u0119 sam\u0105 wycieczk\u0119 z wodospadami, prosz\u0119 <a href=\"https:\/\/www.boattoursamana.com\/pl\/tours-excursions\/fees-entrace\/samana-obserwacja-wielorybow-cayo-levantado-bacardi-wyspa-limon-wodospady-z-punta-cana-hotele\/\">KLIKNIJ TUTAJ.<\/a><br \/>\nn<br \/>\nn&nbsp;<br \/>\nn<br \/>\nn&nbsp;<br \/>\nn<br \/>\nn<em><strong>Wybierz dat\u0119 wycieczki:<\/strong><\/em><\/p>\n<p>&nbsp;<\/p>\n<div class=\"vc_row wpb_row vc_row-fluid\" ><div class=\"wpb_column vc_column_container vc_col-sm-12\"><div class=\"vc_column-inner\"><div class=\"wpb_wrapper\"><div class=\"mkdf-section-title-holder\" style=\"text-align: left\">\n\t<div class=\"mkdf-st-inner\">\n\t\t\t\t\t<h5 class=\"mkdf-st-subtitle\" >\n\t\t\t\tOdbi\u00f3r z hoteli i Cayo Levantado (wyspa Bacardi).\t\t\t<\/h5>\n\t\t\t\t\t\t\t<h3 class=\"mkdf-st-title\" >\n\t\t\t\tObserwacja wieloryb\u00f3w 2023 z Punta Cana\/Cap Cana do zatoki Samana\t\t\t<\/h3>\n\t\t\t\t\t<\/div>\n<\/div><\/div><\/div><\/div><\/div><div class=\"vc_row wpb_row vc_row-fluid\" ><div class=\"wpb_column vc_column_container vc_col-sm-12\"><div class=\"vc_column-inner\"><div class=\"wpb_wrapper\"><div class=\"vc_btn3-container vc_btn3-inline\" ><button class=\"vc_general vc_btn3 vc_btn3-size-md vc_btn3-shape-rounded vc_btn3-style-modern vc_btn3-color-green\">REZERWUJ TERAZ<\/button><\/div>\n\t<div class=\"wpb_text_column wpb_content_element\" >\n\t\t<div class=\"wpb_wrapper\">\n\t\t\t<p>\nn<\/p>\n<div class=\"vc_row wpb_row vc_row-fluid\">\nn<\/p>\n<div class=\"wpb_column vc_column_container vc_col-sm-12\">\nn<\/p>\n<div class=\"vc_column-inner\">\nn<\/p>\n<div class=\"wpb_wrapper\">\nn<\/p>\n<div class=\"wpb_text_column wpb_content_element\">\nn<\/p>\n<div class=\"wpb_wrapper\">\nn<\/p>\n<div class=\"vc_row wpb_row vc_row-fluid\">\nn<\/p>\n<div class=\"wpb_column vc_column_container vc_col-sm-12\">\nn<\/p>\n<div class=\"vc_column-inner\">\nn<\/p>\n<div class=\"wpb_wrapper\">\nn<\/p>\n<div class=\"wpb_text_column wpb_content_element\">\nn<\/p>\n<div class=\"wpb_wrapper\">\nn<\/p>\n<h4><b><i>Przegl\u0105d<img decoding=\"async\" class=\"emoji\" draggable=\"false\" src=\"https:\/\/s.w.org\/images\/core\/emoji\/12.0.0-1\/svg\/1f433.svg\" alt=\" \" title=\"\"><\/i><\/b><\/h4>\n<p>nWhale Punta Cana, whale watching in Saman\u00e1 Bay and visit Cayo Levantado during this full-day excursion from Punta Cana hotels. Travel to Saman\u00e1 bay aboard a comfortable, air-conditioned coach, then transfer to a boat Catamaran\u00a0 at Miches. Cruise out into the open waters to look for the pods of humpback whales who visit to breed and have their calves in the area. Learn about the behavior and biology of these marine mammals from your expert naturalist guide. Continue to Cayo Levantado, or Bacardi Island, for lunch on the beach and a dip in the azure waters before returning to Punta Cana.<br \/>\nn<br \/>\nn&nbsp;<br \/>\nn<br \/>\nn<strong>Uwaga: <\/strong>Ta trasa mo\u017ce obejmowa\u0107 przystanek o godz\u00a0<strong>Wodospad Limonki<\/strong>. Aby zarezerwowa\u0107 t\u0119 sam\u0105 wycieczk\u0119 z wodospadami, prosz\u0119 <a href=\"https:\/\/www.boattoursamana.com\/pl\/tours-excursions\/fees-entrace\/samana-obserwacja-wielorybow-cayo-levantado-bacardi-wyspa-limon-wodospady-z-punta-cana-hotele\/\">KLIKNIJ TUTAJ.<\/a><br \/>\nn<br \/>\nn&nbsp;<br \/>\nn<\/p>\n<ul>\nn \t<\/p>\n<li>Wycieczka z obserwacj\u0105 wieloryb\u00f3w<\/li>\n<p>n \t<\/p>\n<li>Op\u0142aty za wst\u0119p do Obserwatorium<\/li>\n<p>n \t<\/p>\n<li>Obejmuje lunch w formie bufetu na pla\u017cy<\/li>\n<p>n \t<\/p>\n<li>Transfer \u0142odzi\u0105<\/li>\n<p>n \t<\/p>\n<li>Transfer z hoteli Punta Cana<\/li>\n<p>n \t<\/p>\n<li>Kapitan zapewnia instrukcje i nadz\u00f3r<\/li>\n<p>n \t<\/p>\n<li>Przewodnik wycieczki<\/li>\n<p>n<\/ul>\n<p>n&nbsp;<br \/>\nn<\/p>\n<h4><b>W\u0142\u0105czenia i wykluczenia<\/b><\/h4>\n<p>n&nbsp;<br \/>\nn<br \/>\nn<b>Inkluzje<\/b><br \/>\nn<br \/>\nn&nbsp;<br \/>\nn<\/p>\n<ol>\nn \t<\/p>\n<li>Lunch w formie bufetu na pla\u017cy<\/li>\n<p>n \t<\/p>\n<li>Przewodnik wycieczki<\/li>\n<p>n \t<\/p>\n<li>Wycieczka katamaranem lub \u0142odzi\u0105<\/li>\n<p>n \t<\/p>\n<li>Wszystkie podatki, op\u0142aty i op\u0142aty manipulacyjne<\/li>\n<p>n \t<\/p>\n<li>Lokalne podatki<\/li>\n<p>n \t<\/p>\n<li>Napoje<\/li>\n<p>n<\/ol>\n<p>n<b>Wykluczenia<\/b><br \/>\nn<\/p>\n<ol>\nn \t<\/p>\n<li>Napiwki<\/li>\n<p>n<\/ol>\n<p>n&nbsp;<br \/>\nn<\/p>\n<h4><em><strong>Wyjazd i powr\u00f3t<\/strong><\/em><\/h4>\n<p>W przypadku tej wycieczki oferowany jest odbi\u00f3r z nHotelu. W notatkach po prostu wpisz nazw\u0119 hotelu, w kt\u00f3rym chcesz Ci\u0119 odebra\u0107. Odbieramy we wszystkich hotelach Punta Cana.<br \/>\nn<br \/>\nn&nbsp;<br \/>\nn<\/p>\n<h3>Obserwacja wieloryb\u00f3w 2023 w Punta Cana \/ Cap Cana do Samana Bay + Cayo Levantado (wyspa Bacardi) z hoteli.<\/h3>\n<p>n<\/p>\n<h4><b><i>Czego oczekiwa\u0107?<\/i><\/b><\/h4>\n<p>nZbli\u017c si\u0119 do \u0142agodnych morskich gigant\u00f3w Dominikany podczas 12-godzinnej wycieczki z obserwacj\u0105 humbak\u00f3w po zatoce S\u00e1mana. Sp\u0119d\u017a niezapomniany dzie\u0144, obserwuj\u0105c tysi\u0105ce wieloryb\u00f3w, kt\u00f3re co roku przybywaj\u0105 na wysp\u0119, aby \u0142\u0105czy\u0107 si\u0119 w pary, \u017cerowa\u0107 i bawi\u0107 si\u0119 w ciep\u0142ych tropikalnych wodach. Obserwuj\u0105c te pi\u0119kne stworzenia, b\u0119dziesz cieszy\u0107 si\u0119 wyj\u0105tkowymi spostrze\u017ceniami ze swojego do\u015bwiadczonego przewodnika obserwuj\u0105cego wieloryby. Zako\u0144cz dzie\u0144 wliczonym w cen\u0119 lunchem i czasem na pla\u017cy na pi\u0119knej wyspie Cayo Levantado. W cen\u0119 wliczony jest r\u00f3wnie\u017c transport hotelowy w obie strony.<br \/>\nn<br \/>\nnFrom 9:00 Am until 12:00-noon Whale watching observatory and After this Whale trip we will visit Bacardi Island \/ Cayo Levantado. In Bacardi Island, Lunch Buffet from typical Dominican Style will be provided (Rice, Beans, Fish, Salads\u2026). When lunch is finished you are allowed to swim until 4:30 pm. Tour will be finished at 5:00 pm at the same port from where it will start onboad our Catamaran and them bus back to Punta Cana Hotels.<br \/>\nn<br \/>\nnThis tour can or not include the stop at\u00a0<strong>Wodospad Limonki<\/strong>. Aby zarezerwowa\u0107 t\u0119 sam\u0105 wycieczk\u0119 z wodospadami, prosz\u0119 <a href=\"https:\/\/www.boattoursamana.com\/pl\/tours-excursions\/fees-entrace\/samana-obserwacja-wielorybow-cayo-levantado-bacardi-wyspa-limon-wodospady-z-punta-cana-hotele\/\">KLIKNIJ TUTAJ.<\/a><br \/>\nn<br \/>\nn<strong>Plan lekcji:<\/strong><br \/>\nn<br \/>\nn6:00 \u2013 7:00 Odbi\u00f3r klient\u00f3w z r\u00f3\u017cnych hoteli<br \/>\nn07:00 Wyjazd do Las Canitas w Sabana de la Mar<br \/>\nn08:15 Przybycie do prywatnej przystani<br \/>\nn08:15 \u2013 8:40 Pora \u015bniadaniowa (kanapki, muffinki, herbata, kawa, soki)<br \/>\nn8:45 Wej\u015bcie na pok\u0142ad i rozpocz\u0119cie podr\u00f3\u017cy do sanktuarium humbak\u00f3w w Samanie<br \/>\nn11:00 Poszukiwanie wieloryb\u00f3w przez 45 minut \u2013 taki jest harmonogram, zgodnie z przepisami rz\u0105dowymi.<br \/>\nn11:45 Udaj si\u0119 do Cayo Levantado w zatoce Samana<br \/>\nn12:30 Przylot do Cayo Levantado<br \/>\nn13:00 Czas na lunch (lunch w formie bufetu, typowo dominika\u0144ski)*<br \/>\nn13:45 \u2013 15:30 Czas wolny w Cayo Levantado<br \/>\nn15:00 \u2013 15:45 Na pok\u0142ad ponownie w kierunku powrotnym do Miches<br \/>\nn17:00 Przylot do Miches i wyjazd do hoteli w Punta Cana<br \/>\nn19:30 \u2013 20:00 Przyjazd do hoteli w Punta Cana<br \/>\nn<br \/>\nn<strong>*Menu lunchowe (typowe dominika\u0144skie)<br \/>\nn<\/strong>Ry\u017c, grillowany kurczak lub grillowana ryba, sa\u0142atka, warzywa, \u015bwie\u017ce owoce.<br \/>\nn<br \/>\nn<strong>*Klienci, kt\u00f3rzy zdecyduj\u0105 si\u0119 doda\u0107 przystanek przy wodospadzie El Limon po obserwowaniu wieloryb\u00f3w, przenios\u0105 si\u0119 do reklamy wodospadu, b\u0119d\u0105 mieli mniej czasu do sp\u0119dzenia w Cayo Levantado.<\/strong><br \/>\nn<br \/>\nnThis tour can or not include the stop at\u00a0<strong>Wodospad Limonki<\/strong>. Aby zarezerwowa\u0107 t\u0119 sam\u0105 wycieczk\u0119 z wodospadami, prosz\u0119 <a href=\"https:\/\/www.boattoursamana.com\/pl\/tours-excursions\/fees-entrace\/samana-obserwacja-wielorybow-cayo-levantado-bacardi-wyspa-limon-wodospady-z-punta-cana-hotele\/\">KLIKNIJ TUTAJ.<\/a><br \/>\nn<br \/>\nn&nbsp;<br \/>\nn<\/p>\n<h4><em><strong>Co powiniene\u015b ze sob\u0105 zabra\u0107?<\/strong><\/em><\/h4>\n<p>n<\/p>\n<ul>\nn \t<\/p>\n<li>Kamera<\/li>\n<p>n \t<\/p>\n<li>Odstraszaj\u0105ce p\u0105ki<\/li>\n<p>n \t<\/p>\n<li>krem do opalania<\/li>\n<p>n \t<\/p>\n<li>Kapelusz<\/li>\n<p>n \t<\/p>\n<li>Wygodne spodnie<\/li>\n<p>n \t<\/p>\n<li>Sanda\u0142y na pla\u017c\u0119<\/li>\n<p>n \t<\/p>\n<li>Kostium k\u0105pielowy<\/li>\n<p>n \t<\/p>\n<li>Got\u00f3wka na pami\u0105tki<\/li>\n<p>n<\/ul>\n<p>n&nbsp;<br \/>\nn<\/p>\n<h4><b><i>Odbi\u00f3r z hotelu<\/i><\/b><\/h4>\n<p>W przypadku tej wycieczki oferowany jest odbi\u00f3r z nHotelu. W notatkach po prostu wpisz nazw\u0119 hotelu, w kt\u00f3rym chcesz Ci\u0119 odebra\u0107. Odbieramy we wszystkich hotelach Punta Cana.<br \/>\nn<br \/>\nn&nbsp;<br \/>\nn<br \/>\nn<b>Uwaga:<\/b> je\u015bli rezerwujesz w ci\u0105gu 24 godzin od godziny wyjazdu\/wycieczki, mo\u017cemy zorganizowa\u0107 odbi\u00f3r z hotelu. Po sfinalizowaniu zakupu wy\u015blemy Ci pe\u0142ne dane kontaktowe (numer telefonu, adres e-mail itp.) do naszego lokalnego przewodnika w celu zorganizowania odbioru.<br \/>\nn<\/p>\n<h4><b><i>Dodatkowe potwierdzenie informacji<\/i><\/b><\/h4>\n<p>n<\/p>\n<ol>\nn \t<\/p>\n<li>Bilety s\u0105 paragonem po op\u0142aceniu tej wycieczki. Mo\u017cesz pokaza\u0107 p\u0142atno\u015b\u0107 na swoim telefonie.<\/li>\n<p>n \t<\/p>\n<li>Miejsce spotkania zostanie odebrane po zako\u0144czeniu procesu rezerwacji.<\/li>\n<p>n \t<\/p>\n<li>Dzieciom musi towarzyszy\u0107 osoba doros\u0142a.<\/li>\n<p>n \t<\/p>\n<li>Dost\u0119p dla w\u00f3zk\u00f3w inwalidzkich<\/li>\n<p>n \t<\/p>\n<li>Niemowl\u0119ta musz\u0105 siedzie\u0107 na kolanach<\/li>\n<p>n \t<\/p>\n<li>Wi\u0119kszo\u015b\u0107 podr\u00f3\u017cnych mo\u017ce wzi\u0105\u0107 udzia\u0142<\/li>\n<p>n<\/ol>\n<p>n<\/p>\n<h5><b><i>Zasady anulowania<\/i><\/b><\/h5>\n<p>nAby uzyska\u0107 pe\u0142ny zwrot koszt\u00f3w, zapoznaj si\u0119 z naszymi zasadami anulowania rezerwacji\u00a0<a href=\"https:\/\/www.boattoursamana.com\/pl\/rezerwacja-online\/\" target=\"_blank\" rel=\"noopener\" data-saferedirecturl=\"https:\/\/www.google.com\/url?q=https:\/\/www.boattoursamana.com\/online-booking\/&amp;source=gmail&amp;ust=1672532492004000&amp;usg=AOvVaw3ylqI1cdbIPTimEqEWneyd\">Kliknij tutaj<\/a>. \u015arodki zostan\u0105 utracone, je\u015bli rezerwacja zostanie anulowana tego samego dnia wycieczki.<br \/>\nn<br \/>\nn<\/div>\n<p>n\n<\/p><\/div>\n<p>n\n<\/p><\/div>\n<p>n\n<\/p><\/div>\n<p>n\n<\/p><\/div>\n<p>n\n<\/p><\/div>\n<p>n\n<\/p><\/div>\n<p>n\n<\/p><\/div>\n<p>n\n<\/p><\/div>\n<p>n\n<\/p><\/div>\n<p>n\n<\/p><\/div>\n<p>n\n<\/p><\/div>\n<p>n<\/p>\n<div class=\"vc_row wpb_row vc_row-fluid\">\nn<\/p>\n<div class=\"wpb_column vc_column_container vc_col-sm-12\">\nn<\/p>\n<div class=\"vc_column-inner\">\nn<\/p>\n<div class=\"wpb_wrapper\">\nn<\/p>\n<div class=\"vc_empty_space\"><\/div>\n<p>n<\/p>\n<div class=\"wpb_text_column wpb_content_element\">\nn<\/p>\n<div class=\"wpb_wrapper\">\nn<\/p>\n<h4>Skontaktuj si\u0119 z nami?<\/h4>\n<p>n<\/p>\n<h5><b><i>WYCIECZKA WIELORYB\u00d3W SAMANA<\/i><\/b><\/h5>\n<p>n<em><strong>Miejscowi<\/strong>\u00a0oraz\u00a0<strong>Rodacy<\/strong>\u00a0Przewodnicy turystyczni i us\u0142ugi dla go\u015bci<\/em><br \/>\nn<br \/>\nn<span class=\"text-turquoise\">Rezerwacje:<\/span>\u00a0Wycieczki i wycieczki w Dom. Reprezentant.<br \/>\nn<br \/>\nn<img decoding=\"async\" class=\"emoji\" draggable=\"false\" src=\"https:\/\/s.w.org\/images\/core\/emoji\/11.2.0\/svg\/1f4de.svg\" alt=\" \" title=\"\">\u00a0Tel \/ Whatsapp\u00a0\u00a0<a href=\"tel:+1-809-720-6035\">+1-809-720-6035<\/a>.<br \/>\nn<br \/>\nn<img decoding=\"async\" class=\"emoji\" draggable=\"false\" src=\"https:\/\/s.w.org\/images\/core\/emoji\/11.2.0\/svg\/1f4e9.svg\" alt=\" \" title=\"\">\u00a0<a href=\"mailto:info@bookingadventures.com.do\">info@bookingadventures.com.do<\/a><br \/>\nn<br \/>\nn<strong>Jeste\u015bmy elastyczni w ustalaniu prywatnych wycieczek przez Whatsapp:\u00a0<a href=\"tel:+18097206035\">+18097206035.<\/a><\/strong><br \/>\nn<br \/>\nn<\/div>\n<p>n\n<\/p><\/div>\n<p>n\n<\/p><\/div>\n<p>n\n<\/p><\/div>\n<p>n\n<\/p><\/div>\n<p>n\n<\/p><\/div>\n<p>n<\/p>\n\n\t\t<\/div>\n\t<\/div>\n<\/div><\/div><\/div><\/div><div class=\"vc_row wpb_row vc_row-fluid\" ><div class=\"wpb_column vc_column_container vc_col-sm-12\"><div class=\"vc_column-inner\"><div class=\"wpb_wrapper\"><div class=\"vc_btn3-container vc_btn3-inline\" ><button class=\"vc_general vc_btn3 vc_btn3-size-md vc_btn3-shape-rounded vc_btn3-style-modern vc_btn3-color-green\">REZERWUJ TERAZ<\/button><\/div><\/div><\/div><\/div><\/div>","protected":false},"excerpt":{"rendered":"<p>From the Punta Cana hotels, we&#8217;ll enjoy the beautiful landscapes of the Oriental Mountain Range as we drive north of Punta Cana before arriving in the small fishing village of Miches at the southern shores of Samana Bay. There you will enjoy a quick breakfast prior to boarding the boat to Samana. We&#8217;ll cruise deep into the bay to whale watch. We will first reach Cayo Levantado, also known as Bacardi Island because of its close resemblance to the beaches [&hellip;]<\/p>\n","protected":false},"author":2,"featured_media":0,"parent":0,"menu_order":0,"comment_status":"open","ping_status":"closed","template":"","meta":{"footnotes":""},"class_list":["post-15774","page","type-page","status-publish","hentry"],"_links":{"self":[{"href":"https:\/\/www.boattoursamana.com\/pl\/wp-json\/wp\/v2\/pages\/15774","targetHints":{"allow":["GET"]}}],"collection":[{"href":"https:\/\/www.boattoursamana.com\/pl\/wp-json\/wp\/v2\/pages"}],"about":[{"href":"https:\/\/www.boattoursamana.com\/pl\/wp-json\/wp\/v2\/types\/page"}],"author":[{"embeddable":true,"href":"https:\/\/www.boattoursamana.com\/pl\/wp-json\/wp\/v2\/users\/2"}],"replies":[{"embeddable":true,"href":"https:\/\/www.boattoursamana.com\/pl\/wp-json\/wp\/v2\/comments?post=15774"}],"version-history":[{"count":0,"href":"https:\/\/www.boattoursamana.com\/pl\/wp-json\/wp\/v2\/pages\/15774\/revisions"}],"wp:attachment":[{"href":"https:\/\/www.boattoursamana.com\/pl\/wp-json\/wp\/v2\/media?parent=15774"}],"curies":[{"name":"wp","href":"https:\/\/api.w.org\/{rel}","templated":true}]}}