{"id":15785,"date":"2023-07-15T07:43:40","date_gmt":"2023-07-15T07:43:40","guid":{"rendered":"https:\/\/www.ticketswhales.com\/saona-island-private-tour-from-punta-cana-hotels-punta-cana-lobby\/"},"modified":"2023-07-15T07:43:40","modified_gmt":"2023-07-15T07:43:40","slug":"saona-island-private-tour-from-punta-cana-hotels-punta-cana-lobby","status":"publish","type":"page","link":"https:\/\/www.boattoursamana.com\/pl\/saona-wyspa-prywatna-wycieczka-z-punta-cana-hotele-punta-cana-lobby-2","title":{"rendered":"Wyspa Saona Private Tour z Punta Cana Hotels - Punta Cana Lobby"},"content":{"rendered":"<p><span style=\"vertical-align: inherit;\"><span style=\"vertical-align: inherit;\">Pase de un d\u00eda a la isla Saona desde el puerto de Bayahibe. <\/span><span style=\"vertical-align: inherit;\">Almuerzo y piscinas naturales incluidas. <\/span><span style=\"vertical-align: inherit;\">En caso de necesidad traslado desde cualquier parte de Rep\u00fablica Dominicana. <\/span><span style=\"vertical-align: inherit;\">Simplemente cont\u00e1ctenos y tengamos la mejor experiencia en Isla Saona.<\/span><\/span><br \/>\nn<br \/>\nn&nbsp;<br \/>\nn<br \/>\nn<em><strong><span style=\"vertical-align: inherit;\"><span style=\"vertical-align: inherit;\">Selectione la fecha para el tour\u00a0<\/span><\/span><\/strong><\/em><\/p>\n<p>&nbsp;<\/p>\n<div class=\"vc_row wpb_row vc_row-fluid\" ><div class=\"wpb_column vc_column_container vc_col-sm-12\"><div class=\"vc_column-inner\"><div class=\"wpb_wrapper\">\n\t<div class=\"wpb_text_column wpb_content_element\" >\n\t\t<div class=\"wpb_wrapper\">\n\t\t\t<p>\nn<\/p>\n<h2><b><i>Prywatna wycieczka na wysp\u0119 Saona\u00a0<\/i><\/b><\/h2>\n<p>n<\/p>\n<h4><b><i>Przegl\u0105d<\/i><\/b><\/h4>\n<p>n<\/p>\n<div>Odjazd jest z g\u0142\u00f3wnego molo <strong>Bayahibe<\/strong> 9:00 i powr\u00f3t o 17:00. Je\u015bli\u00a0<b>(dodajesz prywatny transfer z innych odlot\u00f3w do tej podr\u00f3\u017cy czas mo\u017ce ulec zmianie)<\/b> <span style=\"font-size: 16px;\">Ta wycieczka zabierze Ci\u0119 na najlepsze pla\u017ce <strong>Wyspa Saona<\/strong> (Isla Saona) zaczynaj\u0105c od miasta Bayahibe, Tw\u00f3j lunch jest na wyspie i zatrzymasz si\u0119 przy naturalnych basenach<strong> Park Narodowy Cotubanama<\/strong>. Ciesz si\u0119 pi\u0119knym po\u0142udniowo-wschodnim wybrze\u017cem Dominikany, gdzie po zabraniu \u0142odzi pop\u0142yniesz wzd\u0142u\u017c wybrze\u017ca, obserwuj\u0105c r\u00f3\u017cne pla\u017ce, krajobrazy, namorzyny i formacje wapienne tego wyj\u0105tkowego miejsca.\u00a0<\/span><\/div>\n<p>n<\/p>\n<div>\nn<br \/>\nn<span style=\"font-weight: 400;\">Dotarcie na wysp\u0119 zajmuje oko\u0142o 45 minut, a podczas wycieczki b\u0119dziesz mia\u0142 mo\u017cliwo\u015b\u0107 zobaczenia <strong>Mano Juan<\/strong>, kt\u00f3ra jest jedyn\u0105 spo\u0142eczno\u015bci\u0105 za\u0142o\u017con\u0105 na wyspie, w tym samym miejscu masz mo\u017cliwo\u015b\u0107 zjedzenia lunchu, je\u015bli nie dotrzesz do Mano Juan, b\u0119dziesz odwiedza\u0107 r\u00f3\u017cne pla\u017ce w okolicy, a obiad b\u0119dzie na pla\u017cy, b\u0119dziesz mia\u0142 r\u00f3wnie\u017c okazj\u0119 nurkowa\u0107 na wyspie.<\/span><br \/>\nn<br \/>\nn<span style=\"font-weight: 400;\">Po zako\u0144czeniu podr\u00f3\u017cy w r\u00f3\u017cnych miejscach na wyspie wr\u00f3cisz do miejsca, w kt\u00f3rym spotkasz si\u0119 z przewodnikiem.<\/span><br \/>\nn<\/p>\n<ul>\nn \t<\/p>\n<li style=\"font-weight: 400;\"><span style=\"font-weight: 400;\">Obejmuje lunch w formie bufetu na pla\u017cy.<\/span><\/li>\n<p>n \t<\/p>\n<li style=\"font-weight: 400;\"><span style=\"font-weight: 400;\">Naturalny basen<\/span><\/li>\n<p>n \t<\/p>\n<li style=\"font-weight: 400;\"><span style=\"font-weight: 400;\">Transfer \u0142odzi\u0105 lub katamaranem<\/span><\/li>\n<p>n \t<\/p>\n<li style=\"font-weight: 400;\"><span style=\"font-weight: 400;\">Kapitan zapewnia instrukcje i nadz\u00f3r<\/span><\/li>\n<p>n<\/ul>\n<p>n\n<\/p><\/div>\n<p>n&nbsp;<br \/>\nn<\/p>\n<h2><b>W\u0142\u0105czenia i wykluczenia<\/b><\/h2>\n<p>n<b>Inkluzje<\/b><br \/>\nn<\/p>\n<ol>\nn \t<\/p>\n<li>Rejs \u0142odzi\u0105 motorow\u0105 lub katamaranem (wszystko zale\u017cy od wielko\u015bci grupy)<\/li>\n<p>n \t<\/p>\n<li style=\"font-weight: 400;\"><span style=\"font-weight: 400;\">Lunch w formie bufetu na pla\u017cy<\/span><\/li>\n<p>n \t<\/p>\n<li>Naturalny basen<\/li>\n<p>n \t<\/p>\n<li style=\"font-weight: 400;\"><span style=\"font-weight: 400;\">Wszystkie podatki, op\u0142aty i op\u0142aty manipulacyjne<\/span><\/li>\n<p>n \t<\/p>\n<li style=\"font-weight: 400;\"><span style=\"font-weight: 400;\">Lokalne podatki<\/span><\/li>\n<p>n \t<\/p>\n<li style=\"font-weight: 400;\"><span style=\"font-weight: 400;\">Napoje<\/span><\/li>\n<p>n<\/ol>\n<p>n<b> Wykluczenia<\/b><br \/>\nn<\/p>\n<ol>\nn \t<\/p>\n<li style=\"font-weight: 400;\"><span style=\"font-weight: 400;\">Napiwki<\/span><\/li>\n<p>n \t<\/p>\n<li>Lokalny przewodnik<\/li>\n<p>n<\/ol>\n<p>n&nbsp;<br \/>\nn<\/p>\n<h4><em><strong>Wyjazd i powr\u00f3t<\/strong><\/em><\/h4>\n<p>n<span style=\"font-weight: 400;\">Mamy harmonogram zaprojektowany tak, aby Ci\u0119 odebra\u0107 i dowie\u017a\u0107 na podstawie obszaru, w kt\u00f3rym si\u0119 znajdujesz. <\/span><span style=\"font-weight: 400;\">Po dokonaniu rezerwacji podr\u00f3\u017cny otrzyma miejsce zbi\u00f3rki. Wycieczki rozpoczynaj\u0105 si\u0119 i ko\u0144cz\u0105 w naszych punktach spotka\u0144.<\/span><br \/>\nn<br \/>\nn&nbsp;<br \/>\nn<\/p>\n<h4><b><i>Czego oczekiwa\u0107?<\/i><\/b><\/h4>\n<p>n&nbsp;<br \/>\nn<br \/>\nn<em><strong>Zdob\u0105d\u017a swoje bilety<\/strong><\/em> fora day pass na wyspie Saona (Isla Saona) w Bayahibe plus wspania\u0142y lunch i czas na pla\u017c\u0119.<br \/>\nn<br \/>\nn<span style=\"font-weight: 400;\">Wycieczka jednodniowa organizowana przez \u201eBooking Adventures\u201d rozpoczyna si\u0119 w miejscu spotkania ustalonym z Przewodnikiem. <\/span>Lunch na pla\u017cy i mo\u017cesz zosta\u0107 tak d\u0142ugo, jak chcesz p\u0142ywa\u0107. Je\u015bli jeste\u015b weganinem, mo\u017cemy r\u00f3wnie\u017c przygotowa\u0107 dla ciebie co\u015b do jedzenia.<br \/>\nn<br \/>\nnTa wycieczka \u0142odzi\u0105 rozpoczyna si\u0119 w Bayahibe, ale oferujemy prywatny transfer za dodatkow\u0105 op\u0142at\u0105, w zale\u017cno\u015bci od tego, gdzie jest grupa.<br \/>\nn<br \/>\nn<strong>Plan lekcji:<\/strong><br \/>\nn<br \/>\nn7:45 - 18:00<br \/>\nn<br \/>\nn&nbsp;<br \/>\nn<\/p>\n<h4><em><strong>Co powiniene\u015b ze sob\u0105 zabra\u0107?<\/strong><\/em><\/h4>\n<p>n<\/p>\n<ul>\nn \t<\/p>\n<li style=\"font-weight: 400;\"><span style=\"font-weight: 400;\">Kamera<\/span><\/li>\n<p>n \t<\/p>\n<li style=\"font-weight: 400;\"><span style=\"font-weight: 400;\">Odstraszaj\u0105ce p\u0105ki<\/span><\/li>\n<p>n \t<\/p>\n<li style=\"font-weight: 400;\"><span style=\"font-weight: 400;\">krem do opalania<\/span><\/li>\n<p>n \t<\/p>\n<li style=\"font-weight: 400;\"><span style=\"font-weight: 400;\">Kapelusz<\/span><\/li>\n<p>n \t<\/p>\n<li style=\"font-weight: 400;\"><span style=\"font-weight: 400;\">Wygodne spodnie<\/span><\/li>\n<p>n \t<\/p>\n<li style=\"font-weight: 400;\"><span style=\"font-weight: 400;\">Buty turystyczne do lasu<\/span><\/li>\n<p>n \t<\/p>\n<li style=\"font-weight: 400;\"><span style=\"font-weight: 400;\">Sanda\u0142y na pla\u017c\u0119<\/span><\/li>\n<p>n \t<\/p>\n<li style=\"font-weight: 400;\"><span style=\"font-weight: 400;\">Kostium k\u0105pielowy<\/span><\/li>\n<p>n \t<\/p>\n<li>Got\u00f3wka na pami\u0105tki<\/li>\n<p>n<\/ul>\n<p>n&nbsp;<br \/>\nn<\/p>\n<h2><b><i>Odbi\u00f3r z hotelu na jednodniow\u0105 wycieczk\u0119 na wysp\u0119 Saona<\/i><\/b><\/h2>\n<p>n<span style=\"font-weight: 400;\">To jest program, kt\u00f3ry ustawili\u015bmy na podstawie Twoich lokalizacji. Podaj nam sw\u00f3j konkretny hotel, a my skontaktujemy si\u0119 z Tob\u0105, aby powiedzie\u0107, gdzie si\u0119 z Tob\u0105 spotkamy. Ta opcja transferu wi\u0105\u017ce si\u0119 z dodatkow\u0105 op\u0142at\u0105. Ta podr\u00f3\u017c zaczyna si\u0119 w Bayahibe.<\/span><br \/>\nn<\/p>\n<table style=\"height: 487px;\" width=\"420\">\nn<\/p>\n<tbody>\nn<\/p>\n<tr>\nn<\/p>\n<td><b>Miejsce<\/b><\/td>\n<p>n<\/p>\n<td><b>Czas<\/b><\/td>\n<p>n<\/tr>\n<p>n<\/p>\n<tr>\nn<\/p>\n<td><b>Punta Cana<\/b><\/td>\n<p>n<\/p>\n<td><b>7:45 rano<\/b><\/td>\n<p>n<\/tr>\n<p>n<\/p>\n<tr>\nn<\/p>\n<td><b>B\u00e1varo<\/b><\/td>\n<p>n<\/p>\n<td><b>7:30 rano<\/b><\/td>\n<p>n<\/tr>\n<p>n<\/p>\n<tr>\nn<\/p>\n<td><b>Uvero Altos<\/b><\/td>\n<p>n<\/p>\n<td><b>07:00<\/b><\/td>\n<p>n<\/tr>\n<p>n<\/p>\n<tr>\nn<\/p>\n<td><b>Klub Med<\/b><\/td>\n<p>n<\/p>\n<td><b>07:00<\/b><\/td>\n<p>n<\/tr>\n<p>n<\/p>\n<tr>\nn<\/p>\n<td><b>Boca Chica<\/b><\/td>\n<p>n<\/p>\n<td><b>07:00<\/b><\/td>\n<p>n<\/tr>\n<p>n<\/p>\n<tr>\nn<\/p>\n<td><b>Santo Domingo<\/b><\/td>\n<p>n<\/p>\n<td><b>6:40 rano<\/b><\/td>\n<p>n<\/tr>\n<p>n<\/p>\n<tr>\nn<\/p>\n<td><b>Juan Dolio<\/b><\/td>\n<p>n<\/p>\n<td><b>07:00<\/b><\/td>\n<p>n<\/tr>\n<p>n<\/tbody>\n<p>n<\/table>\n<p>n&nbsp;<br \/>\nn<br \/>\nn<b>Uwaga:<\/b><span style=\"font-weight: 400;\"> je\u015bli rezerwujesz w ci\u0105gu 24 godzin przed czasem wyjazdu\/wycieczki, mo\u017cemy zorganizowa\u0107 odbi\u00f3r z hotelu za dodatkow\u0105 op\u0142at\u0105. Po sfinalizowaniu zakupu wy\u015blemy Ci pe\u0142ne dane kontaktowe (numer telefonu, adres e-mail itp.) do naszego lokalnego przewodnika w celu zorganizowania odbioru.<\/span><br \/>\nn<\/p>\n<h4><b><i>Dodatkowe potwierdzenie informacji <\/i><\/b><\/h4>\n<p>n<\/p>\n<ol>\nn \t<\/p>\n<li>Bilety s\u0105 paragonem po op\u0142aceniu tej wycieczki. Mo\u017cesz pokaza\u0107 p\u0142atno\u015b\u0107 na swoim telefonie.<\/li>\n<p>n \t<\/p>\n<li style=\"font-weight: 400;\"><span style=\"font-weight: 400;\">Miejsce spotkania zostanie odebrane po zako\u0144czeniu procesu rezerwacji.<\/span><\/li>\n<p>n \t<\/p>\n<li style=\"font-weight: 400;\"><span style=\"font-weight: 400;\">Dzieciom musi towarzyszy\u0107 osoba doros\u0142a.<\/span><\/li>\n<p>n \t<\/p>\n<li style=\"font-weight: 400;\"><span style=\"font-weight: 400;\">Dost\u0119p dla w\u00f3zk\u00f3w inwalidzkich <\/span><\/li>\n<p>n \t<\/p>\n<li style=\"font-weight: 400;\"><span style=\"font-weight: 400;\">Niemowl\u0119ta musz\u0105 siedzie\u0107 na kolanach <\/span><\/li>\n<p>n \t<\/p>\n<li style=\"font-weight: 400;\"><span style=\"font-weight: 400;\">Wi\u0119kszo\u015b\u0107 podr\u00f3\u017cnych mo\u017ce wzi\u0105\u0107 udzia\u0142<\/span><\/li>\n<p>n<\/ol>\n<p>n<\/p>\n<h4><b><i>Zasady anulowania<\/i><\/b><\/h4>\n<p>nAby uzyska\u0107 pe\u0142ny zwrot koszt\u00f3w, zapoznaj si\u0119 z naszymi zasadami anulowania rezerwacji\u00a0<a href=\"https:\/\/www.boattoursamana.com\/pl\/rezerwacja-online\/\" target=\"_blank\" rel=\"noopener\" data-saferedirecturl=\"https:\/\/www.google.com\/url?q=https:\/\/www.boattoursamana.com\/online-booking\/&amp;source=gmail&amp;ust=1672449202351000&amp;usg=AOvVaw1yAeVAPktmaVCqDujgUn90\">Kliknij tutaj<\/a>. \u015arodki zostan\u0105 utracone, je\u015bli rezerwacja zostanie anulowana tego samego dnia wycieczki.<br \/>\nn<br \/>\nnUWAGA: Je\u015bli chcesz wzi\u0105\u0107 udzia\u0142 w tej wycieczce i pozna\u0107 wi\u0119cej szczeg\u00f3\u0142\u00f3w, mo\u017cesz to zrobi\u0107<a href=\"mailto:info@bookingadventures.com.do\">\u00a0skontaktuj si\u0119 z nami przez e-mail<\/a>l<strong>\u00a0<\/strong>lub za po\u015brednictwem naszego bezpo\u015bredniego czatu serwisowego Whatsapp pod tym numerem:\u00a0<strong>+1 809-720-6035<\/strong>. Przyjedziemy natychmiast i przygotujemy ofert\u0119 dostosowuj\u0105c\u0105 cen\u0119 do ilo\u015bci os\u00f3b.<br \/>\nn<br \/>\nn(Wymagamy minimum 4 os\u00f3b, aby zorganizowa\u0107 wycieczk\u0119 prywatnie. W przypadku mniejszej liczby os\u00f3b mo\u017cemy zorganizowa\u0107 wycieczk\u0119 p\u00f3\u0142prywatn\u0105 dla maksymalnie 15 os\u00f3b).<br \/>\nn<\/p>\n<div id=\"gtx-trans\" style=\"position: absolute; left: -1px; top: 1055.03px;\">\nn<\/p>\n<div class=\"gtx-trans-icon\"><\/div>\n<p>n\n<\/p><\/div>\n<p>n<\/p>\n\n\t\t<\/div>\n\t<\/div>\n<\/div><\/div><\/div><\/div><div class=\"vc_row wpb_row vc_row-fluid\" ><div class=\"wpb_column vc_column_container vc_col-sm-12\"><div class=\"vc_column-inner\"><div class=\"wpb_wrapper\"><\/div><\/div><\/div><\/div><div class=\"vc_row wpb_row vc_row-fluid\" ><div class=\"wpb_column vc_column_container vc_col-sm-12\"><div class=\"vc_column-inner\"><div class=\"wpb_wrapper\"><div class=\"vc_empty_space\"   style=\"height: 32px\"><span class=\"vc_empty_space_inner\"><\/span><\/div>\n\t<div class=\"wpb_video_widget wpb_content_element vc_clearfix   vc_video-aspect-ratio-169 vc_video-el-width-100 vc_video-align-left\" >\n\t\t<div class=\"wpb_wrapper\">\n\t\t\t<h2 class=\"wpb_heading wpb_video_heading\">Film o wycieczkach i wycieczkach po wyspie Saona:<\/h2>\n\t\t\t<div class=\"wpb_video_wrapper\"><iframe loading=\"lazy\" title=\"Wyspa Saola Ca\u0142y dzie\u0144 przez Booking Adventures, Travel Dominikana\" width=\"1100\" height=\"619\" src=\"https:\/\/www.youtube.com\/embed\/sas91N4zMHo?feature=oembed\" frameborder=\"0\" allow=\"accelerometer; autoplay; clipboard-write; encrypted-media; gyroscope; picture-in-picture; web-share\" allowfullscreen><\/iframe><\/div>\n\t\t<\/div>\n\t<\/div>\n<div class=\"vc_empty_space\"   style=\"height: 32px\"><span class=\"vc_empty_space_inner\"><\/span><\/div><\/div><\/div><\/div><\/div><div class=\"vc_row wpb_row vc_row-fluid\" ><\/div><div class=\"wpb_column vc_column_container vc_col-sm-12\"><div class=\"vc_column-inner\"><div class=\"wpb_wrapper\"><\/div><\/div><\/div><div class=\"vc_empty_space\"   style=\"height: 32px\"><span class=\"vc_empty_space_inner\"><\/span><\/div><div class=\"vc_empty_space\"   style=\"height: 32px\"><span class=\"vc_empty_space_inner\"><\/span><\/div>","protected":false},"excerpt":{"rendered":"<p>Pase de un d\u00eda a la isla Saona desde el puerto de Bayahibe. Almuerzo y piscinas naturales incluidas. En caso de necesidad traslado desde cualquier parte de Rep\u00fablica Dominicana. Simplemente cont\u00e1ctenos y tengamos la mejor experiencia en Isla Saona. nn n nWybierz la fecha para el tour\u00a0 &nbsp;<\/p>","protected":false},"author":2,"featured_media":0,"parent":0,"menu_order":0,"comment_status":"open","ping_status":"closed","template":"","meta":{"footnotes":""},"class_list":["post-15785","page","type-page","status-publish","hentry"],"_links":{"self":[{"href":"https:\/\/www.boattoursamana.com\/pl\/wp-json\/wp\/v2\/pages\/15785","targetHints":{"allow":["GET"]}}],"collection":[{"href":"https:\/\/www.boattoursamana.com\/pl\/wp-json\/wp\/v2\/pages"}],"about":[{"href":"https:\/\/www.boattoursamana.com\/pl\/wp-json\/wp\/v2\/types\/page"}],"author":[{"embeddable":true,"href":"https:\/\/www.boattoursamana.com\/pl\/wp-json\/wp\/v2\/users\/2"}],"replies":[{"embeddable":true,"href":"https:\/\/www.boattoursamana.com\/pl\/wp-json\/wp\/v2\/comments?post=15785"}],"version-history":[{"count":0,"href":"https:\/\/www.boattoursamana.com\/pl\/wp-json\/wp\/v2\/pages\/15785\/revisions"}],"wp:attachment":[{"href":"https:\/\/www.boattoursamana.com\/pl\/wp-json\/wp\/v2\/media?parent=15785"}],"curies":[{"name":"wp","href":"https:\/\/api.w.org\/{rel}","templated":true}]}}