{"id":15815,"date":"2023-07-15T07:44:18","date_gmt":"2023-07-15T07:44:18","guid":{"rendered":"https:\/\/www.ticketswhales.com\/27-waterfalls-zip-line-hiking-and-swimming\/"},"modified":"2023-07-15T07:44:18","modified_gmt":"2023-07-15T07:44:18","slug":"27-waterfalls-zip-line-hiking-and-swimming","status":"publish","type":"page","link":"https:\/\/www.boattoursamana.com\/pl\/27-wodospadow-wedrowka-po-linie-i-plywanie","title":{"rendered":"Tyrolka 27 wodospad\u00f3w (w\u0119dr\u00f3wki i p\u0142ywanie)"},"content":{"rendered":"<p><span style=\"vertical-align: inherit;\"><span style=\"vertical-align: inherit;\">Esta excursi\u00f3n desde 27 cascadas de Damajagua en Puerto Plata, Almuerzo y Excursi\u00f3n por las 27 cascadas, Tirolesa, caminata y salto al r\u00edo.<\/span><\/span><br \/>\nn<br \/>\nn<span style=\"vertical-align: inherit;\"><span style=\"vertical-align: inherit;\">Viaje Ecol\u00f3gico a las 27 cascadas de Puerto Plata. <\/span><span style=\"vertical-align: inherit;\">Obtenga sus boletos para una excursi\u00f3n de medio d\u00eda aqu\u00ed en la Cascada 27 de Damajagua. <\/span><span style=\"vertical-align: inherit;\">Boletos de ingreso con almuerzo y excursi\u00f3n Incluyen saltos, tirolesa y nado en las cascadas m\u00e1s hermosas de Rep\u00fablica Dominicana. <\/span><span style=\"vertical-align: inherit;\">Caminata y nataci\u00f3n con equipo de seguridad para tener la mejor experiencia!<\/span><\/span><br \/>\nn<br \/>\nn&nbsp;<br \/>\nn<br \/>\nn<strong><span style=\"vertical-align: inherit;\"><span style=\"vertical-align: inherit;\">Seleccione la fecha para el Tour:\u00a0<\/span><\/span><\/strong><\/p>\n<p>&nbsp;<\/p>\n<div class=\"vc_row wpb_row vc_row-fluid\" ><div class=\"wpb_column vc_column_container vc_col-sm-12\"><div class=\"vc_column-inner\"><div class=\"wpb_wrapper\"><div class=\"vc_btn3-container vc_btn3-inline\" ><button class=\"vc_general vc_btn3 vc_btn3-size-md vc_btn3-shape-rounded vc_btn3-style-modern vc_btn3-color-green\">REZERWUJ TERAZ<\/button><\/div>\n\t<div class=\"wpb_text_column wpb_content_element\" >\n\t\t<div class=\"wpb_wrapper\">\n\t\t\t<p>27 Wodospad\u00f3w (27 Charcos) Damajagua Zipline +Lunch Included, Trekking lub Hike Puerto Plata<\/p>\n\n\t\t<\/div>\n\t<\/div>\n<\/div><\/div><\/div><\/div><div class=\"vc_row wpb_row vc_row-fluid\" ><div class=\"wpb_column vc_column_container vc_col-sm-12\"><div class=\"vc_column-inner\"><div class=\"wpb_wrapper\">\n\t<div class=\"wpb_text_column wpb_content_element\" >\n\t\t<div class=\"wpb_wrapper\">\n\t\t\t<p>\nn<\/p>\n<h3 class=\"ui_header h1 attractions-product-info-ProductTitle__title--1qM0o\">27 wodospad\u00f3w (27 Charcos) Damajagua Zipline, trekking lub wycieczka do Puerto Plata<\/h3>\n<p>n<\/p>\n<h4><b><i>Przegl\u0105d <\/i><\/b><\/h4>\n<p>n Zdob\u0105d\u017a bilety na p\u00f3\u0142dniow\u0105 wycieczk\u0119 do wodospadu 27 z Damajagua. Cieszmy si\u0119 5 stacjami tyrolki, w tym dwoma mostami wisz\u0105cymi. Wszystko zaczyna si\u0119 pieszo oko\u0142o 45 minut, a\u017c dojdziesz do basenu 12, gdzie zaczniesz zje\u017cd\u017ca\u0107 tyrolk\u0105 do basenu 7.<br \/>\nn<br \/>\nW ka\u0142u\u017cy 12 czeka na Ciebie obs\u0142uga tyrolki, kt\u00f3ra udzieli Ci pomocy podczas zwiedzania toru. Wycieczka trwa oko\u0142o 2 godzin i 45 minut.<br \/>\nnOdpocznij na \u0142onie natury i ciesz si\u0119 jedn\u0105 z najbardziej ekscytuj\u0105cych atrakcji w Puerto Plata, wodospadach Damajagua i tyrolce.<br \/>\nn<br \/>\nnPo tym do\u015bwiadczeniu powr\u00f3cisz do miejsca spotkania z Przewodnikiem.<br \/>\nn<\/p>\n<ul>\nn \t<\/p>\n<li style=\"font-weight: 400;\">Op\u0142aty wliczone<\/li>\n<p>n \t<\/p>\n<li>Lunch<\/li>\n<p>n \t<\/p>\n<li>przek\u0105ski<\/li>\n<p>n \t<\/p>\n<li style=\"font-weight: 400;\">Lokalny przewodnik turystyczny w j\u0119zyku angielskim<\/li>\n<p>n<\/ul>\n<p>n&nbsp;<br \/>\nn<\/p>\n<h4><b>W\u0142\u0105czenia i wykluczenia<\/b><\/h4>\n<p>n&nbsp;<br \/>\nn<br \/>\nn<b>Inkluzje<\/b><br \/>\nn<\/p>\n<ol>\nn \t<\/p>\n<li style=\"font-weight: 400;\">27 Wodospady Damajagua<\/li>\n<p>n \t<\/p>\n<li>Lunch<\/li>\n<p>n \t<\/p>\n<li style=\"font-weight: 400;\"><span style=\"font-weight: 400;\">Wszystkie podatki, op\u0142aty i op\u0142aty manipulacyjne<\/span><\/li>\n<p>n \t<\/p>\n<li style=\"font-weight: 400;\"><span style=\"font-weight: 400;\">Lokalne podatki<\/span><\/li>\n<p>n \t<\/p>\n<li style=\"font-weight: 400;\"><span style=\"font-weight: 400;\">Napoje<\/span><\/li>\n<p>n \t<\/p>\n<li>przek\u0105ski<\/li>\n<p>n \t<\/p>\n<li style=\"font-weight: 400;\"><span style=\"font-weight: 400;\">Wszystkie aktywno\u015bci<\/span><\/li>\n<p>n \t<\/p>\n<li style=\"font-weight: 400;\"><span style=\"font-weight: 400;\">Lokalny przewodnik<\/span><\/li>\n<p>n<\/ol>\n<p>n<b> Wykluczenia<\/b><br \/>\nn<\/p>\n<ol>\nn \t<\/p>\n<li style=\"font-weight: 400;\"><span style=\"font-weight: 400;\">Napiwki<\/span><\/li>\n<p>n \t<\/p>\n<li>transport (ustalony przez kontakt z nami)<\/li>\n<p>n \t<\/p>\n<li style=\"font-weight: 400;\"><span style=\"font-weight: 400;\">Napoje alkoholowe<\/span><\/li>\n<p>n<\/ol>\n<p>n&nbsp;<br \/>\nn<\/p>\n<h4><em><strong>Wyjazd i powr\u00f3t<\/strong><\/em><\/h4>\n<p>n<span style=\"font-weight: 400;\">Po dokonaniu rezerwacji podr\u00f3\u017cny otrzyma miejsce zbi\u00f3rki. Wycieczki rozpoczynaj\u0105 si\u0119 i ko\u0144cz\u0105 w miejscach spotka\u0144.<\/span><br \/>\nn<\/p>\n<h4><\/h4>\n<p>n<\/p>\n<h3 class=\"ui_header h1 attractions-product-info-ProductTitle__title--1qM0o\">27 wodospad\u00f3w (27 Charcos) Damajagua Zipline, trekking lub wycieczka do Puerto Plata<\/h3>\n<p>n<\/p>\n<h4><b><i>Czego oczekiwa\u0107?<\/i><\/b><\/h4>\n<p>n<\/p>\n<div class=\"apd_content_block\" data-tab=\"TABS_OVERVIEW\"><\/div>\n<p>n<\/p>\n<div data-tab=\"TABS_WHAT_TO_EXPECT\">\nn<\/p>\n<div class=\"ui_card attractions-card-CollapsibleProductDetailsCard__cardContainer--3r2wk attractions-card-CollapsibleProductDetailsCard__cleanslateOverrideDT--2AJh0\">\nn<\/p>\n<div class=\"attractions-card-CollapsibleCard__content--2Ws8q\">\nn<\/p>\n<div class=\"attractions-card-CollapsibleCard__contentWrap--374jk attractions-card-CollapsibleCard__titleUnderline--1uHze\">\nn<\/p>\n<div class=\"attractions-card-CollapsibleProductDetailsCard__cardContent--23ext\">\nn<\/p>\n<div class=\"common-text-ReadMore__readMore--3Iu8c common-text-ReadMore__variantFadeOut--1tInd\">\nn<\/p>\n<div class=\"common-text-ReadMore__content--2X4LR\">\nn<\/p>\n<div class=\"ui_columns is-desktop\">\nn<\/p>\n<div>Przede wszystkim gwarantujemy bezpiecze\u0144stwo. Najwa\u017cniejsze w zipliningu jest Twoje bezpiecze\u0144stwo, dlatego oferujemy najbardziej profesjonalnych przewodnik\u00f3w tyrolskich, kt\u00f3rzy b\u0119d\u0105 towarzyszy\u0107 Ci od przyj\u0119cia, umilaj\u0105c Twoj\u0105 przygod\u0119.<\/div>\n<p>n<\/p>\n<div><\/div>\n<p>n<\/p>\n<div>Szybowanie na kablu sprawi, \u017ce poczujesz adrenalin\u0119, a tak\u017ce b\u0119dziesz kluczem do \u015bwie\u017cego powietrza na w\u0142osach w tropikalnym lesie z jedn\u0105 z najpi\u0119kniejszych rzek na Dominikanie, Wodospadami Damajagua.<\/div>\n<p>n<\/p>\n<div><\/div>\n<p>n<\/p>\n<div class=\"ui_column\">Po posi\u0142ku po\u017cegnaj si\u0119 z lokalnymi przewodnikami, a Twoje najlepsze wra\u017cenia zostan\u0105 zapami\u0119tane, a zdj\u0119cia lub filmy do ko\u0144ca \u017cycia.<\/div>\n<p>n\n<\/p><\/div>\n<p>n\n<\/p><\/div>\n<p>n\n<\/p><\/div>\n<p>n\n<\/p><\/div>\n<p>n\n<\/p><\/div>\n<p>n\n<\/p><\/div>\n<p>n\n<\/p><\/div>\n<p>n\n<\/p><\/div>\n<p>n<\/p>\n<h4><em><strong>Co powiniene\u015b ze sob\u0105 zabra\u0107?<\/strong><\/em><\/h4>\n<p>n<\/p>\n<ul>\nn \t<\/p>\n<li style=\"font-weight: 400;\"><span style=\"font-weight: 400;\">Kamera<\/span><\/li>\n<p>n \t<\/p>\n<li style=\"font-weight: 400;\"><span style=\"font-weight: 400;\">Odstraszaj\u0105ce p\u0105ki<\/span><\/li>\n<p>n \t<\/p>\n<li style=\"font-weight: 400;\"><span style=\"font-weight: 400;\">Krem do opalania<\/span><\/li>\n<p>n \t<\/p>\n<li style=\"font-weight: 400;\"><span style=\"font-weight: 400;\">Kapelusz<\/span><\/li>\n<p>n \t<\/p>\n<li style=\"font-weight: 400;\"><span style=\"font-weight: 400;\">Wygodne spodnie<\/span><\/li>\n<p>n \t<\/p>\n<li style=\"font-weight: 400;\"><span style=\"font-weight: 400;\">Buty turystyczne do lasu<\/span><\/li>\n<p>n \t<\/p>\n<li style=\"font-weight: 400;\"><span style=\"font-weight: 400;\">Sanda\u0142y na wiosenne tereny.<\/span><\/li>\n<p>n \t<\/p>\n<li style=\"font-weight: 400;\"><span style=\"font-weight: 400;\">Kostium k\u0105pielowy<\/span><\/li>\n<p>n<\/ul>\n<p>n&nbsp;<br \/>\nn<\/p>\n<h4><b><i>Odbi\u00f3r z hotelu <\/i><\/b><\/h4>\n<p>n<span style=\"font-weight: 400;\">Odbi\u00f3r z hotelu nie jest oferowany podczas tej wycieczki. Odbi\u00f3r ustalamy kontaktuj\u0105c si\u0119 z nami przez Whatsapp.<\/span><br \/>\nn<br \/>\nn&nbsp;<br \/>\nn<br \/>\nn<b>Uwaga:<\/b><span style=\"font-weight: 400;\"> Je\u015bli rezerwujesz w ci\u0105gu 24 godzin od godziny rozpocz\u0119cia wycieczki\/wycieczki, mo\u017cemy zorganizowa\u0107 odbi\u00f3r z hotelu za dodatkow\u0105 op\u0142at\u0105. Po sfinalizowaniu zakupu wy\u015blemy Ci pe\u0142ne dane kontaktowe (numer telefonu, adres e-mail itp.) do naszego lokalnego przewodnika w celu zorganizowania odbioru.<\/span><br \/>\nn<\/p>\n<h4><b><i>Dodatkowe potwierdzenie informacji <\/i><\/b><\/h4>\n<p>n<\/p>\n<ol>\nn \t<\/p>\n<li>Bilety s\u0105 Paragonem po op\u0142aceniu tej wycieczki. Mo\u017cesz pokaza\u0107 p\u0142atno\u015b\u0107 na swoim telefonie.<\/li>\n<p>n \t<\/p>\n<li style=\"font-weight: 400;\"><span style=\"font-weight: 400;\">Miejsce spotkania zostanie odebrane po zako\u0144czeniu procesu rezerwacji.<\/span><\/li>\n<p>n \t<\/p>\n<li style=\"font-weight: 400;\"><span style=\"font-weight: 400;\">Dzieciom musi towarzyszy\u0107 osoba doros\u0142a.<\/span><\/li>\n<p>n \t<\/p>\n<li style=\"font-weight: 400;\"><span style=\"font-weight: 400;\"> Niedost\u0119pny dla w\u00f3zk\u00f3w inwalidzkich <\/span><\/li>\n<p>n \t<\/p>\n<li style=\"font-weight: 400;\"><span style=\"font-weight: 400;\">Niemowl\u0119ta musz\u0105 siedzie\u0107 na kolanach <\/span><\/li>\n<p>n \t<\/p>\n<li style=\"font-weight: 400;\"><span style=\"font-weight: 400;\">Niezalecane dla podr\u00f3\u017cnych z problemami z plecami<\/span><\/li>\n<p>n \t<\/p>\n<li style=\"font-weight: 400;\"><span style=\"font-weight: 400;\">Nie zalecane dla podr\u00f3\u017cuj\u0105cych w ci\u0105\u017cy <\/span><\/li>\n<p>n \t<\/p>\n<li style=\"font-weight: 400;\"><span style=\"font-weight: 400;\"> \u017badnych problem\u00f3w z sercem ani innych powa\u017cnych schorze\u0144 <\/span><\/li>\n<p>n \t<\/p>\n<li style=\"font-weight: 400;\"><span style=\"font-weight: 400;\">Wi\u0119kszo\u015b\u0107 podr\u00f3\u017cnych mo\u017ce wzi\u0105\u0107 udzia\u0142<\/span><\/li>\n<p>n<\/ol>\n<p>n<\/p>\n<h4><b><i>Zasady anulowania<\/i><\/b><\/h4>\n<p>nAby uzyska\u0107 pe\u0142ny zwrot koszt\u00f3w, zapoznaj si\u0119 z naszymi zasadami anulowania rezerwacji\u00a0<a href=\"https:\/\/www.boattoursamana.com\/pl\/rezerwacja-online\/\" target=\"_blank\" rel=\"noopener\" data-saferedirecturl=\"https:\/\/www.google.com\/url?q=https:\/\/www.boattoursamana.com\/online-booking\/&amp;source=gmail&amp;ust=1672449202351000&amp;usg=AOvVaw1yAeVAPktmaVCqDujgUn90\">Kliknij tutaj<\/a>. \u015arodki zostan\u0105 utracone, je\u015bli rezerwacja zostanie anulowana tego samego dnia wycieczki.<\/p>\n\n\t\t<\/div>\n\t<\/div>\n<div class=\"vc_btn3-container vc_btn3-inline\" ><button class=\"vc_general vc_btn3 vc_btn3-size-md vc_btn3-shape-rounded vc_btn3-style-modern vc_btn3-color-green\">REZERWUJ TERAZ<\/button><\/div><\/div><\/div><\/div><\/div><div class=\"vc_row wpb_row vc_row-fluid\" ><div class=\"wpb_column vc_column_container vc_col-sm-12\"><div class=\"vc_column-inner\"><div class=\"wpb_wrapper\">\n\t<div class=\"wpb_video_widget wpb_content_element vc_clearfix   vc_video-aspect-ratio-169 vc_video-el-width-100 vc_video-align-left\" >\n\t\t<div class=\"wpb_wrapper\">\n\t\t\t<h2 class=\"wpb_heading wpb_video_heading\">27 Wodospady Damajagua Wycieczka z Puerto Plata:<\/h2>\n\t\t\t<div class=\"wpb_video_wrapper\"><iframe loading=\"lazy\" title=\"27 Wodospady Damajagua przez Booking Adventures &amp; Travel Dominikana\" width=\"1100\" height=\"619\" src=\"https:\/\/www.youtube.com\/embed\/AVNh_we_RQE?start=17&feature=oembed\" frameborder=\"0\" allow=\"accelerometer; autoplay; clipboard-write; encrypted-media; gyroscope; picture-in-picture; web-share\" allowfullscreen><\/iframe><\/div>\n\t\t<\/div>\n\t<\/div>\n<\/div><\/div><\/div><\/div><div class=\"vc_row wpb_row vc_row-fluid\" ><\/div><div class=\"wpb_column vc_column_container vc_col-sm-12\"><div class=\"vc_column-inner\"><div class=\"wpb_wrapper\"><\/div><\/div><\/div><div class=\"vc_empty_space\"   style=\"height: 32px\"><span class=\"vc_empty_space_inner\"><\/span><\/div><div class=\"vc_empty_space\"   style=\"height: 32px\"><span class=\"vc_empty_space_inner\"><\/span><\/div><div class=\"vc_row wpb_row vc_row-fluid\" ><div class=\"wpb_column vc_column_container vc_col-sm-12\"><div class=\"vc_column-inner\"><div class=\"wpb_wrapper\"><div class=\"vc_btn3-container vc_btn3-inline\" ><button class=\"vc_general vc_btn3 vc_btn3-size-md vc_btn3-shape-rounded vc_btn3-style-modern vc_btn3-color-green\">REZERWUJ TERAZ<\/button><\/div><\/div><\/div><\/div><\/div>","protected":false},"excerpt":{"rendered":"<p>Esta excursi\u00f3n desde 27 cascadas de Damajagua en Puerto Plata, Almuerzo y Excursi\u00f3n por las 27 cascadas, Tirolesa, caminata y salto al r\u00edo. n nViaje Ecol\u00f3gico a las 27 cascadas de Puerto Plata. Obtenga sus boletos para una excursi\u00f3n de medio d\u00eda aqu\u00ed en la Cascada 27 de Damajagua. Boletos de ingreso con almuerzo y excursi\u00f3n Incluyen saltos, tirolesa y nado en las cascadas m\u00e1s hermosas de Rep\u00fablica Dominicana. Caminata y nataci\u00f3n con equipo de seguridad para tener la mejor [&hellip;]<\/p>\n","protected":false},"author":2,"featured_media":0,"parent":0,"menu_order":0,"comment_status":"open","ping_status":"closed","template":"","meta":{"footnotes":""},"class_list":["post-15815","page","type-page","status-publish","hentry"],"_links":{"self":[{"href":"https:\/\/www.boattoursamana.com\/pl\/wp-json\/wp\/v2\/pages\/15815","targetHints":{"allow":["GET"]}}],"collection":[{"href":"https:\/\/www.boattoursamana.com\/pl\/wp-json\/wp\/v2\/pages"}],"about":[{"href":"https:\/\/www.boattoursamana.com\/pl\/wp-json\/wp\/v2\/types\/page"}],"author":[{"embeddable":true,"href":"https:\/\/www.boattoursamana.com\/pl\/wp-json\/wp\/v2\/users\/2"}],"replies":[{"embeddable":true,"href":"https:\/\/www.boattoursamana.com\/pl\/wp-json\/wp\/v2\/comments?post=15815"}],"version-history":[{"count":0,"href":"https:\/\/www.boattoursamana.com\/pl\/wp-json\/wp\/v2\/pages\/15815\/revisions"}],"wp:attachment":[{"href":"https:\/\/www.boattoursamana.com\/pl\/wp-json\/wp\/v2\/media?parent=15815"}],"curies":[{"name":"wp","href":"https:\/\/api.w.org\/{rel}","templated":true}]}}