{"id":15846,"date":"2023-07-15T07:44:42","date_gmt":"2023-07-15T07:44:42","guid":{"rendered":"https:\/\/www.ticketswhales.com\/el-limon-waterfall-cayo-levantado-from-puerto-plata-private-tour\/"},"modified":"2023-07-15T07:44:42","modified_gmt":"2023-07-15T07:44:42","slug":"el-limon-waterfall-cayo-levantado-from-puerto-plata-private-tour","status":"publish","type":"page","link":"https:\/\/www.boattoursamana.com\/pl\/el-limon-wodospad-cayo-levantado-z-puerto-plata-prywatna-wycieczka-2","title":{"rendered":"Wodospad El Lim\u00f3n i Cayo Levantado z prywatnej wycieczki do Puerto Plata"},"content":{"rendered":"<p><span class=\"Y2IQFc\" lang=\"en\">Prywatna wycieczka do wodospad\u00f3w El Lim\u00f3n i Cayo Levantado (wyspa Bacardi) z Puerto Plata. Dwie atrakcje jednego dnia, zwiedzanie pi\u0119kna lasu i wodospad\u00f3w spo\u0142eczno\u015bci El Lim\u00f3n z lokalnym przewodnikiem. Mo\u017cesz wybra\u0107 si\u0119 na t\u0119 wycieczk\u0119 pieszo lub konno wzd\u0142u\u017c szlak\u00f3w kawowych i kokosowych. Po zwiedzeniu wodospad\u00f3w El Lim\u00f3n udamy si\u0119 na molo w centrum miasta Saman\u00e1 i pop\u0142yniemy \u0142\u00f3dk\u0105 na Cayo Levantado, zwan\u0105 te\u017c wysp\u0105 Bacardi. Tam zjemy lunch w formie bufetu i popo\u0142udniow\u0105 k\u0105piel na pla\u017cy Cayo Levantado z opcj\u0105 snorkelingu po\u015br\u00f3d raf koralowych.<\/span><br \/>\nn<br \/>\nn&nbsp;<br \/>\nn<br \/>\nn<b>Wybierz termin wycieczki:\u00a0<\/b><\/p>\n<p>&nbsp;<\/p>\n<div class=\"vc_row wpb_row vc_row-fluid\" ><div class=\"wpb_column vc_column_container vc_col-sm-12\"><div class=\"vc_column-inner\"><div class=\"wpb_wrapper\"><div class=\"mkdf-section-title-holder\" style=\"text-align: left\">\n\t<div class=\"mkdf-st-inner\">\n\t\t\t\t\t<h5 class=\"mkdf-st-subtitle\" >\n\t\t\t\tTransport i lunch w cenie\t\t\t<\/h5>\n\t\t\t\t\t\t\t<h3 class=\"mkdf-st-title\" >\n\t\t\t\tWodospady El Limon i Cayo Levantado z Puerto Plata.\t\t\t<\/h3>\n\t\t\t\t\t<\/div>\n<\/div><\/div><\/div><\/div><\/div><div class=\"vc_row wpb_row vc_row-fluid\" ><div class=\"wpb_column vc_column_container vc_col-sm-12\"><div class=\"vc_column-inner\"><div class=\"wpb_wrapper\">\n\t<div class=\"wpb_text_column wpb_content_element\" >\n\t\t<div class=\"wpb_wrapper\">\n\t\t\t<p>\nn<\/p>\n<h3 class=\"LC20lb\">Wodospad El Lim\u00f3n + Cayo Levantado \u2013 Wycieczka Saman\u00e1 Ca\u0142odniowa wycieczka z Puerto Plata.<\/h3>\n<p>n<\/p>\n<h4><b><i>Przegl\u0105d <\/i><\/b><\/h4>\n<p>nPrywatna wycieczka do wodospad\u00f3w El Limon i Cayo Levantado (wyspa Bacardi) z Puerto Plata. Dwie atrakcje w ci\u0105gu jednego dnia, zwiedzanie z lokaln\u0105 wycieczk\u0105. Przewodnik po pi\u0119knie lasu i wodospadach ze spo\u0142eczno\u015bci El Limon. Mo\u017cesz wybra\u0107 si\u0119 na t\u0119 wycieczk\u0119 piesz\u0105 lub konn\u0105 po \u015bcie\u017ckach kawy i kokos\u00f3w. Po zwiedzeniu wodospad\u00f3w El Limon pojedziemy na molo w centrum Samana City i pop\u0142yniemy \u0142odzi\u0105 na Cayo Levantado, zwan\u0105 tak\u017ce wysp\u0105 Bacardi. Tam zjemy lunch w formie bufetu i popo\u0142udniow\u0105 k\u0105piel na pla\u017cy Cayo Levantado z mo\u017cliwo\u015bci\u0105 snorkelingu na rafach koralowych.<br \/>\nn<br \/>\nnPo tym do\u015bwiadczeniu wr\u00f3cisz do naszego miejsca spotkania, sk\u0105d odbierzemy Ci\u0119 w Puerto Plata<br \/>\nn<\/p>\n<ul>\nn \t<\/p>\n<li style=\"font-weight: 400;\">Op\u0142aty wliczone<\/li>\n<p>n \t<\/p>\n<li>Lunch<\/li>\n<p>n \t<\/p>\n<li>przek\u0105ski<\/li>\n<p>n \t<\/p>\n<li style=\"font-weight: 400;\">Lokalny przewodnik w j\u0119zyku angielskim lub francuskim<\/li>\n<p>n \t<\/p>\n<li>Transport<\/li>\n<p>n \t<\/p>\n<li>Rejs<\/li>\n<p>n<\/ul>\n<p>n&nbsp;<br \/>\nn<\/p>\n<h4><b>W\u0142\u0105czenia i wykluczenia<\/b><\/h4>\n<p>n&nbsp;<br \/>\nn<br \/>\nn<b>Inkluzje<\/b><br \/>\nn<\/p>\n<ol>\nn \t<\/p>\n<li style=\"font-weight: 400;\">Wodospady El Limon Piesze wycieczki lub jazda konna<\/li>\n<p>n \t<\/p>\n<li>Lunch<\/li>\n<p>n \t<\/p>\n<li style=\"font-weight: 400;\"><span style=\"font-weight: 400;\">Wszystkie podatki, op\u0142aty i op\u0142aty manipulacyjne<\/span><\/li>\n<p>n \t<\/p>\n<li style=\"font-weight: 400;\"><span style=\"font-weight: 400;\">Lokalne podatki<\/span><\/li>\n<p>n \t<\/p>\n<li style=\"font-weight: 400;\"><span style=\"font-weight: 400;\">Napoje<\/span><\/li>\n<p>n \t<\/p>\n<li>przek\u0105ski<\/li>\n<p>n \t<\/p>\n<li style=\"font-weight: 400;\"><span style=\"font-weight: 400;\">Wszystkie aktywno\u015bci<\/span><\/li>\n<p>n \t<\/p>\n<li style=\"font-weight: 400;\"><span style=\"font-weight: 400;\">Lokalny przewodnik<\/span><\/li>\n<p>n<\/ol>\n<p>n<b> Wykluczenia<\/b><br \/>\nn<\/p>\n<ol>\nn \t<\/p>\n<li style=\"font-weight: 400;\"><span style=\"font-weight: 400;\">Napiwki<\/span><\/li>\n<p>n \t<\/p>\n<li style=\"font-weight: 400;\"><span style=\"font-weight: 400;\">Napoje alkoholowe<\/span><\/li>\n<p>n<\/ol>\n<p>n&nbsp;<br \/>\nn<\/p>\n<h4><em><strong>Wyjazd i powr\u00f3t<\/strong><\/em><\/h4>\n<p>n<span style=\"font-weight: 400;\">Po dokonaniu rezerwacji podr\u00f3\u017cny otrzyma miejsce zbi\u00f3rki. Wycieczki rozpoczynaj\u0105 si\u0119 i ko\u0144cz\u0105 w miejscach spotka\u0144.<\/span><br \/>\nn<\/p>\n<h4><\/h4>\n<p>n<\/p>\n<h3 class=\"LC20lb\">Wodospad El Lim\u00f3n + Cayo Levantado \u2013 Wycieczka w Saman\u00e1<\/h3>\n<p>n<\/p>\n<h4><b><i>Czego oczekiwa\u0107?<\/i><\/b><\/h4>\n<p>n<em><strong>Zdob\u0105d\u017a swoje bilety<\/strong><\/em> do zwiedzania wodospad\u00f3w El limon i wyspy Cayo Levantado z transferem z Puerto Plata. Wycieczka ca\u0142odniowa. Pocz\u0105wszy od Saman\u00e1 z transportem do wodospad\u00f3w El limon.<br \/>\nn<br \/>\nnWycieczka organizowana przez \u201eBooking Adventures\u201d rozpoczyna si\u0119 w miejscu spotkania ustalonym z Przewodnikiem. Przyjed\u017a z Booking Adventures in Private na wycieczki do wodospad\u00f3w El Limon z lokalnym przewodnikiem. Wycieczka konna lub piesza po lesie wok\u00f3\u0142 brzegu rzeki Lemon, zwiedzanie plantacji kakao i kawy pod palmami w cieniu Kokos\u00f3w. Najpierw zatrzymaj si\u0119 przy Ma\u0142ym Wodospadie, gdzie zazwyczaj nie ma zbyt wielu ludzi i mo\u017cesz pop\u0142ywa\u0107. Nast\u0119pnie udamy si\u0119 do wielkiego wodospadu, gdzie zatrzymamy si\u0119 na godzin\u0119 lub d\u0142u\u017cej, je\u015bli chcesz.<br \/>\nn<br \/>\nnOdbi\u00f3r koni lub powr\u00f3t do samochodu i powr\u00f3t do portu Samana. Wej\u015bcie na pok\u0142ad, aby odwiedzi\u0107 wysp\u0119 Bacardi, poniewa\u017c ryby z grilla z tostonami i sa\u0142atk\u0105 czekaj\u0105 na nas, aby\u015bmy zjedli lunch smakowy lub mo\u017cesz dosta\u0107 inne opcje, takie jak homary w menu za dodatkow\u0105 op\u0142at\u0105.<br \/>\nn<br \/>\nnZapraszamy do k\u0105pieli na jednej z najpi\u0119kniejszych pla\u017c Dominikany. I ustal czas na zako\u0144czenie z naszym Przewodnikiem.<br \/>\nn<br \/>\nn&nbsp;<br \/>\nn<\/p>\n<h4><em><strong>Co powiniene\u015b ze sob\u0105 zabra\u0107?<\/strong><\/em><\/h4>\n<p>n<\/p>\n<ul>\nn \t<\/p>\n<li style=\"font-weight: 400;\"><span style=\"font-weight: 400;\">Kamera<\/span><\/li>\n<p>n \t<\/p>\n<li style=\"font-weight: 400;\"><span style=\"font-weight: 400;\">Odstraszaj\u0105ce p\u0105ki<\/span><\/li>\n<p>n \t<\/p>\n<li style=\"font-weight: 400;\"><span style=\"font-weight: 400;\">Krem do opalania<\/span><\/li>\n<p>n \t<\/p>\n<li style=\"font-weight: 400;\"><span style=\"font-weight: 400;\">Kapelusz<\/span><\/li>\n<p>n \t<\/p>\n<li style=\"font-weight: 400;\"><span style=\"font-weight: 400;\">Wygodne spodnie<\/span><\/li>\n<p>n \t<\/p>\n<li style=\"font-weight: 400;\"><span style=\"font-weight: 400;\">Buty turystyczne do lasu<\/span><\/li>\n<p>n \t<\/p>\n<li style=\"font-weight: 400;\"><span style=\"font-weight: 400;\">Sanda\u0142y na wiosenne tereny.<\/span><\/li>\n<p>n \t<\/p>\n<li style=\"font-weight: 400;\"><span style=\"font-weight: 400;\">Kostium k\u0105pielowy<\/span><\/li>\n<p>n<\/ul>\n<p>n&nbsp;<br \/>\nn<\/p>\n<h4><b><i>Odbi\u00f3r z hotelu <\/i><\/b><\/h4>\n<p>n<span style=\"font-weight: 400;\">Odbi\u00f3r z hotelu nie jest oferowany podczas tej wycieczki. <\/span><br \/>\nn<br \/>\nn&nbsp;<br \/>\nn<br \/>\nn<b>Uwaga:<\/b><span style=\"font-weight: 400;\"> Je\u015bli rezerwujesz w ci\u0105gu 24 godzin od godziny rozpocz\u0119cia wycieczki\/wycieczki, mo\u017cemy zorganizowa\u0107 odbi\u00f3r z hotelu za dodatkow\u0105 op\u0142at\u0105. Po sfinalizowaniu zakupu wy\u015blemy Ci pe\u0142ne dane kontaktowe (numer telefonu, adres e-mail itp.) do naszego lokalnego przewodnika w celu zorganizowania odbioru.<\/span><br \/>\nn<\/p>\n<h4><b><i>Dodatkowe potwierdzenie informacji <\/i><\/b><\/h4>\n<p>n<\/p>\n<ol>\nn \t<\/p>\n<li>Bilety s\u0105 paragonem po op\u0142aceniu tej wycieczki. Mo\u017cesz pokaza\u0107 p\u0142atno\u015b\u0107 na swoim telefonie.<\/li>\n<p>n \t<\/p>\n<li style=\"font-weight: 400;\"><span style=\"font-weight: 400;\">Miejsce spotkania zostanie odebrane po zako\u0144czeniu procesu rezerwacji.<\/span><\/li>\n<p>n \t<\/p>\n<li style=\"font-weight: 400;\"><span style=\"font-weight: 400;\">Dzieciom musi towarzyszy\u0107 osoba doros\u0142a.<\/span><\/li>\n<p>n \t<\/p>\n<li style=\"font-weight: 400;\"><span style=\"font-weight: 400;\"> Niedost\u0119pny dla w\u00f3zk\u00f3w inwalidzkich <\/span><\/li>\n<p>n \t<\/p>\n<li style=\"font-weight: 400;\"><span style=\"font-weight: 400;\">Niemowl\u0119ta musz\u0105 siedzie\u0107 na kolanach <\/span><\/li>\n<p>n \t<\/p>\n<li style=\"font-weight: 400;\"><span style=\"font-weight: 400;\">Niezalecane dla podr\u00f3\u017cnych z problemami z plecami<\/span><\/li>\n<p>n \t<\/p>\n<li style=\"font-weight: 400;\"><span style=\"font-weight: 400;\">Nie zalecane dla podr\u00f3\u017cuj\u0105cych w ci\u0105\u017cy <\/span><\/li>\n<p>n \t<\/p>\n<li style=\"font-weight: 400;\"><span style=\"font-weight: 400;\"> \u017badnych problem\u00f3w z sercem ani innych powa\u017cnych schorze\u0144 <\/span><\/li>\n<p>n \t<\/p>\n<li style=\"font-weight: 400;\"><span style=\"font-weight: 400;\">Wi\u0119kszo\u015b\u0107 podr\u00f3\u017cnych mo\u017ce wzi\u0105\u0107 udzia\u0142<\/span><\/li>\n<p>n<\/ol>\n<p>n<\/p>\n<h4><b><i>Zasady anulowania<\/i><\/b><\/h4>\n<p>nAby uzyska\u0107 pe\u0142ny zwrot koszt\u00f3w, zapoznaj si\u0119 z naszymi zasadami anulowania rezerwacji\u00a0<a href=\"https:\/\/www.boattoursamana.com\/pl\/rezerwacja-online\/\" target=\"_blank\" rel=\"noopener\" data-saferedirecturl=\"https:\/\/www.google.com\/url?q=https:\/\/www.boattoursamana.com\/online-booking\/&amp;source=gmail&amp;ust=1672449202351000&amp;usg=AOvVaw1yAeVAPktmaVCqDujgUn90\">Kliknij tutaj<\/a>. \u015arodki zostan\u0105 utracone, je\u015bli rezerwacja zostanie anulowana tego samego dnia wycieczki.<\/p>\n\n\t\t<\/div>\n\t<\/div>\n<\/div><\/div><\/div><\/div><div class=\"vc_row wpb_row vc_row-fluid\" ><div class=\"wpb_column vc_column_container vc_col-sm-12\"><div class=\"vc_column-inner\"><div class=\"wpb_wrapper\">\n\t<div class=\"wpb_video_widget wpb_content_element vc_clearfix   vc_video-aspect-ratio-169 vc_video-el-width-100 vc_video-align-left\" >\n\t\t<div class=\"wpb_wrapper\">\n\t\t\t\n\t\t\t<div class=\"wpb_video_wrapper\"><a href=\"https:\/\/www.youtube.com\/watch?v=oWlwxZLQnVU\" rel=\"noopener\">https:\/\/www.youtube.com\/watch?v=oWlwxZLQnVU<\/a><\/div>\n\t\t<\/div>\n\t<\/div>\n<\/div><\/div><\/div><\/div><div class=\"vc_row wpb_row vc_row-fluid\" ><div class=\"wpb_column vc_column_container vc_col-sm-12\"><div class=\"vc_column-inner\"><div class=\"wpb_wrapper\"><div class=\"vc_empty_space\"   style=\"height: 32px\"><span class=\"vc_empty_space_inner\"><\/span><\/div>\n\t<div class=\"wpb_text_column wpb_content_element\" >\n\t\t<div class=\"wpb_wrapper\">\n\t\t\t<p>\nn<\/p>\n<h4>Skontaktuj si\u0119 z nami?<\/h4>\n<p>n<\/p>\n<h5>rezerwacja przyg\u00f3d<\/h5>\n<p>n<em><strong>Miejscowi<\/strong>\u00a0oraz\u00a0<strong>Rodacy<\/strong>\u00a0Przewodnicy turystyczni i us\u0142ugi dla go\u015bci<\/em><br \/>\nn<br \/>\nn<span class=\"text-turquoise\">Rezerwacje:<\/span>\u00a0Wycieczki i wycieczki w Dom. Reprezentant.<br \/>\nn<br \/>\nn<img decoding=\"async\" class=\"emoji\" draggable=\"false\" src=\"https:\/\/s.w.org\/images\/core\/emoji\/11.2.0\/svg\/1f4de.svg\" alt=\" \" title=\"\">\u00a0Tel \/ Whatsapp\u00a0\u00a0<a href=\"tel:+1-809-720-6035\">+1-809-720-6035<\/a>.<br \/>\nn<br \/>\nn<img decoding=\"async\" class=\"emoji\" draggable=\"false\" src=\"https:\/\/s.w.org\/images\/core\/emoji\/11.2.0\/svg\/1f4e9.svg\" alt=\" \" title=\"\">\u00a0<a href=\"mailto:info@bookingadventures.com.do\">info@bookingadventures.com.do<\/a><br \/>\nn<br \/>\nn<strong>Jeste\u015bmy elastyczni w ustalaniu prywatnych wycieczek przez Whatsapp:\u00a0<a href=\"tel:+18097206035\">+18097206035.<\/a><\/strong><\/p>\n\n\t\t<\/div>\n\t<\/div>\n<div class=\"vc_empty_space\"   style=\"height: 32px\"><span class=\"vc_empty_space_inner\"><\/span><\/div><\/div><\/div><\/div><\/div>","protected":false},"excerpt":{"rendered":"<p>Private excursion to visit El Lim\u00f3n and Cayo Levantado Waterfalls (Bacardi Island) From Puerto Plata. Two activities in one day, visiting the beauty of the forest and the waterfalls of the community of El Lim\u00f3n with a local tour guide. You can take this trip on foot or on horseback along the coffee and coconut trails. After visiting the El Lim\u00f3n Waterfalls, we will go to the pier in the center of the city of Saman\u00e1 and take a boat [&hellip;]<\/p>\n","protected":false},"author":2,"featured_media":0,"parent":0,"menu_order":0,"comment_status":"open","ping_status":"closed","template":"","meta":{"footnotes":""},"class_list":["post-15846","page","type-page","status-publish","hentry"],"_links":{"self":[{"href":"https:\/\/www.boattoursamana.com\/pl\/wp-json\/wp\/v2\/pages\/15846","targetHints":{"allow":["GET"]}}],"collection":[{"href":"https:\/\/www.boattoursamana.com\/pl\/wp-json\/wp\/v2\/pages"}],"about":[{"href":"https:\/\/www.boattoursamana.com\/pl\/wp-json\/wp\/v2\/types\/page"}],"author":[{"embeddable":true,"href":"https:\/\/www.boattoursamana.com\/pl\/wp-json\/wp\/v2\/users\/2"}],"replies":[{"embeddable":true,"href":"https:\/\/www.boattoursamana.com\/pl\/wp-json\/wp\/v2\/comments?post=15846"}],"version-history":[{"count":0,"href":"https:\/\/www.boattoursamana.com\/pl\/wp-json\/wp\/v2\/pages\/15846\/revisions"}],"wp:attachment":[{"href":"https:\/\/www.boattoursamana.com\/pl\/wp-json\/wp\/v2\/media?parent=15846"}],"curies":[{"name":"wp","href":"https:\/\/api.w.org\/{rel}","templated":true}]}}