{"id":15853,"date":"2023-07-15T07:45:08","date_gmt":"2023-07-15T07:45:08","guid":{"rendered":"https:\/\/www.ticketswhales.com\/private-speed-boat-lancha-samana-bay\/"},"modified":"2023-07-15T07:45:08","modified_gmt":"2023-07-15T07:45:08","slug":"private-speed-boat-lancha-samana-bay","status":"publish","type":"page","link":"https:\/\/www.boattoursamana.com\/pl\/prywatna-szybka-lancha-samana-bay-2","title":{"rendered":"Prywatna szybka \u0142\u00f3d\u017a (Lancha) Zatoka Samana"},"content":{"rendered":"<p>Prywatna \u0142\u00f3d\u017a motorowa (Lancha) Samana Bay Wynajmij t\u0119 wspania\u0142\u0105 \u0142\u00f3d\u017a motorow\u0105 na ca\u0142y dzie\u0144 dla maksymalnie 5 os\u00f3b, aby odwiedzi\u0107 <a href=\"https:\/\/www.boattoursamana.com\/pl\/miejsca-docelowe\/los-haitises-bilety-do-parku-narodowego-wycieczki\/\" target=\"_blank\" rel=\"noopener\" data-saferedirecturl=\"https:\/\/www.google.com\/url?q=https:\/\/www.boattoursamana.com\/destinations\/los-haitises-national-park-tickets-tours\/&amp;source=gmail&amp;ust=1637749313206000&amp;usg=AOvVaw2iM1LFDbYv-Gthna0qZt2n\">Haitczycy<\/a> i Cayo Levantado. R\u00f3wnie\u017c w sezonie ogl\u0105dania wieloryb\u00f3w mo\u017cna skorzysta\u0107 z \u0142odzi, aby zobaczy\u0107 wieloryby w zatoce Samana.<\/p>\n<p>&nbsp;<\/p>\n<div class=\"vc_row wpb_row vc_row-fluid\" ><div class=\"wpb_column vc_column_container vc_col-sm-12\"><div class=\"vc_column-inner\"><div class=\"wpb_wrapper\"><div class=\"vc_btn3-container vc_btn3-inline\" ><button class=\"vc_general vc_btn3 vc_btn3-size-md vc_btn3-shape-rounded vc_btn3-style-modern vc_btn3-color-green\">REZERWUJ TERAZ<\/button><\/div>\n\t<div class=\"wpb_text_column wpb_content_element\" >\n\t\t<div class=\"wpb_wrapper\">\n\t\t\t<p>\nn<\/p>\n<div class=\"custom-left\">\nn<\/p>\n<div class=\"row\">\nn<\/p>\n<div class=\"col-md-12 cust-clas\">\nn<\/p>\n<div class=\"product-header alignleft\">\nn<br \/>\nnSAMANA\u00a0 BOAT &#8211; RENTAL<br \/>\nn<br \/>\nnPRIVATE FULL DAY CHARTER SAMANA BAY<br \/>\nn<br \/>\nn8 HOUR TRIP- MONDAY TO SUNDAY<br \/>\nn<br \/>\nn<\/div>\n<p>n\n<\/p><\/div>\n<p>n\n<\/p><\/div>\n<p>n\n<\/p><\/div>\n<p>n<\/p>\n<div class=\"custom-left para-p\">\nn<\/p>\n<div class=\"info_content_label\">\nn<br \/>\nn<label>Informacje:<\/label><br \/>\nn<br \/>\nnRent this fabulous speed boat\u00a0 for the full day for up to 5 people to visit the <a href=\"https:\/\/www.boattoursamana.com\/pl\/miejsca-docelowe\/los-haitises-bilety-do-parku-narodowego-wycieczki\/\" target=\"_blank\" rel=\"noopener\" data-saferedirecturl=\"https:\/\/www.google.com\/url?q=https:\/\/www.boattoursamana.com\/destinations\/los-haitises-national-park-tickets-tours\/&amp;source=gmail&amp;ust=1637749313206000&amp;usg=AOvVaw2iM1LFDbYv-Gthna0qZt2n\">Haitczycy<\/a> i Cayo Levantado. R\u00f3wnie\u017c w sezonie ogl\u0105dania wieloryb\u00f3w mo\u017cna skorzysta\u0107 z \u0142odzi, aby zobaczy\u0107 wieloryby w zatoce Samana.<br \/>\nn<br \/>\nnIncludes crew, fuel and ice cooler.<br \/>\nn<br \/>\nnFood Options available for an extra price:<br \/>\nn<br \/>\nn<strong>Szczeg\u00f3\u0142y tradycyjnego lunchu w formie bufetu, $15 USD za osob\u0119:<\/strong><br \/>\nn<br \/>\nn-Zielona sa\u0142atka<br \/>\nn-Chleb<br \/>\nn-Moro de Guandule (ry\u017c po dominika\u0144sku) z kokosem<br \/>\nn- Makaron w sosie pomidorowym<br \/>\nZapiekanki z juki<br \/>\nn-Ryba i grillowany kurczak (dorado) + opcjonalnie sos z mleka kokosowego<br \/>\nn-\u015awie\u017ce owoce<br \/>\nn-1 nap\u00f3j bezalkoholowy (woda sodowa lub woda)<br \/>\nn-Coffee<br \/>\nn<br \/>\nn<strong>Dodatkowa us\u0142uga Lobster + cukierki kokosowe $19 USD (dodatkowo).<\/strong><br \/>\nn<br \/>\nn<\/div>\n<p>n<label>Obejmuje:<\/label>\u00a0Inne us\u0142ugi w cenie (w cenie za\u0142oga, paliwo i ch\u0142odnica z lodem)<br \/>\nn<br \/>\nn<label>Nie zawarty:<\/label>\u00a0Napoje lub jedzenie NIE s\u0105 wliczone w cen\u0119<br \/>\nn<br \/>\nn<label>Do\u0142\u0105cz paliwo:<\/label>\u00a0Tak<br \/>\nn<br \/>\nn<\/div>\n<p>nContact us by Whatsapp: +1-809-720-6035. Best price online&#8230;<br \/>\nn<br \/>\nn&nbsp;<br \/>\nn<\/p>\n<h4><b><i>Zasady anulowania<\/i><\/b><\/h4>\n<p>nAby uzyska\u0107 pe\u0142ny zwrot koszt\u00f3w, zapoznaj si\u0119 z naszymi zasadami anulowania rezerwacji\u00a0<a href=\"https:\/\/www.boattoursamana.com\/pl\/rezerwacja-online\/\" target=\"_blank\" rel=\"noopener\" data-saferedirecturl=\"https:\/\/www.google.com\/url?q=https:\/\/www.boattoursamana.com\/online-booking\/&amp;source=gmail&amp;ust=1672449202351000&amp;usg=AOvVaw1yAeVAPktmaVCqDujgUn90\">Kliknij tutaj<\/a>. \u015arodki zostan\u0105 utracone, je\u015bli rezerwacja zostanie anulowana tego samego dnia wycieczki.<\/p>\n\n\t\t<\/div>\n\t<\/div>\n<\/div><\/div><\/div><\/div><div class=\"vc_row wpb_row vc_row-fluid\" ><div class=\"wpb_column vc_column_container vc_col-sm-12\"><div class=\"vc_column-inner\"><div class=\"wpb_wrapper\"><div class=\"vc_btn3-container vc_btn3-inline\" ><button class=\"vc_general vc_btn3 vc_btn3-size-md vc_btn3-shape-rounded vc_btn3-style-modern vc_btn3-color-green\">REZERWUJ TERAZ<\/button><\/div><\/div><\/div><\/div><\/div>","protected":false},"excerpt":{"rendered":"<p>Prywatna \u0142\u00f3d\u017a motorowa (Lancha) Zatoka Samana Wynajmij t\u0119 wspania\u0142\u0105 \u0142\u00f3d\u017a motorow\u0105 na ca\u0142y dzie\u0144 dla maksymalnie 5 os\u00f3b, aby odwiedzi\u0107 Haitises i Cayo Levantado. R\u00f3wnie\u017c w sezonie obserwacji wieloryb\u00f3w mo\u017cna skorzysta\u0107 z \u0142odzi, aby zobaczy\u0107 wieloryby w zatoce Samana. &nbsp;<\/p>","protected":false},"author":2,"featured_media":0,"parent":0,"menu_order":0,"comment_status":"open","ping_status":"closed","template":"","meta":{"footnotes":""},"class_list":["post-15853","page","type-page","status-publish","hentry"],"_links":{"self":[{"href":"https:\/\/www.boattoursamana.com\/pl\/wp-json\/wp\/v2\/pages\/15853","targetHints":{"allow":["GET"]}}],"collection":[{"href":"https:\/\/www.boattoursamana.com\/pl\/wp-json\/wp\/v2\/pages"}],"about":[{"href":"https:\/\/www.boattoursamana.com\/pl\/wp-json\/wp\/v2\/types\/page"}],"author":[{"embeddable":true,"href":"https:\/\/www.boattoursamana.com\/pl\/wp-json\/wp\/v2\/users\/2"}],"replies":[{"embeddable":true,"href":"https:\/\/www.boattoursamana.com\/pl\/wp-json\/wp\/v2\/comments?post=15853"}],"version-history":[{"count":0,"href":"https:\/\/www.boattoursamana.com\/pl\/wp-json\/wp\/v2\/pages\/15853\/revisions"}],"wp:attachment":[{"href":"https:\/\/www.boattoursamana.com\/pl\/wp-json\/wp\/v2\/media?parent=15853"}],"curies":[{"name":"wp","href":"https:\/\/api.w.org\/{rel}","templated":true}]}}