{"id":15862,"date":"2023-07-15T07:45:08","date_gmt":"2023-07-15T07:45:08","guid":{"rendered":"https:\/\/www.ticketswhales.com\/zipline-punta-cana-ziplining-in-the-jungle\/"},"modified":"2023-07-15T07:45:08","modified_gmt":"2023-07-15T07:45:08","slug":"zipline-punta-cana-ziplining-in-the-jungle","status":"publish","type":"page","link":"https:\/\/www.boattoursamana.com\/pl\/zipline-punta-cana-zjazd-na-linie-w-dzungli","title":{"rendered":"Tyrolka Punta Cana \u2013 tyrolka w d\u017cungli"},"content":{"rendered":"<p>Aby prze\u017cy\u0107 niezapomnian\u0105 przygod\u0119 w Punta Cana, wypr\u00f3buj nasz 12-liniowy tor zip! Nasz tor g\u00f3rski ma r\u00f3wnie\u017c 18 platform i jest domem dla dw\u00f3ch najd\u0142u\u017cszych linii na Dominikanie i na Karaibach. Jeste\u015b bezpiecznie przymocowany ze sprz\u0119tem wspinaczkowym do podw\u00f3jnych linek, z kt\u00f3rych najd\u0142u\u017csza ma 800 metr\u00f3w!<br \/>\nn<br \/>\nn<em><strong>Wybierz dat\u0119 wycieczki\u00a0<\/strong><\/em><\/p>\n<p>&nbsp;<\/p>\n<div class=\"vc_row wpb_row vc_row-fluid\" ><div class=\"wpb_column vc_column_container vc_col-sm-12\"><div class=\"vc_column-inner\"><div class=\"wpb_wrapper\"><div class=\"mkdf-section-title-holder\" style=\"text-align: left\">\n\t<div class=\"mkdf-st-inner\">\n\t\t\t\t\t<h5 class=\"mkdf-st-subtitle\" >\n\t\t\t\tZ hoteli w Punta Cana\t\t\t<\/h5>\n\t\t\t\t\t\t\t<h3 class=\"mkdf-st-title\" >\n\t\t\t\tTyrolka Punta Cana \u2014 tyrolka w d\u017cungli\t\t\t<\/h3>\n\t\t\t\t\t\t\t<p class=\"mkdf-st-text\" >\n\t\t\t\tUwaga: ta wycieczka rozpoczyna si\u0119 o 7:00. W zale\u017cno\u015bci od tego, gdzie znajduje si\u0119 hotel odbioru, czas mo\u017ce ulec zmianie. Dodatkowe op\u0142aty za odbi\u00f3r w obszarach niewymienionych w naszym opisie.\t\t\t<\/p>\n\t\t\t<\/div>\n<\/div><\/div><\/div><\/div><\/div><div class=\"vc_row wpb_row vc_row-fluid\" ><div class=\"wpb_column vc_column_container vc_col-sm-12\"><div class=\"vc_column-inner\"><div class=\"wpb_wrapper\"><div class=\"vc_empty_space\"   style=\"height: 32px\"><span class=\"vc_empty_space_inner\"><\/span><\/div><\/div><\/div><\/div><\/div><div class=\"vc_row wpb_row vc_row-fluid\" ><div class=\"wpb_column vc_column_container vc_col-sm-12\"><div class=\"vc_column-inner\"><div class=\"wpb_wrapper\"><div class=\"vc_btn3-container vc_btn3-inline\" ><button class=\"vc_general vc_btn3 vc_btn3-size-md vc_btn3-shape-rounded vc_btn3-style-modern vc_btn3-color-green\">REZERWUJ TERAZ<\/button><\/div>\n\t<div class=\"wpb_text_column wpb_content_element\" >\n\t\t<div class=\"wpb_wrapper\">\n\t\t\t<p>\nn<\/p>\n<h4><b><i>Przegl\u0105d <\/i><\/b><\/h4>\n<p>n<\/p>\n<div>\nn<br \/>\nnPrzele\u0107 przez korony las\u00f3w deszczowych na najd\u0142u\u017cszych tyrolkach na Karaibach. Przechod\u017a z platformy na platform\u0119 w lesie po 12 kablach ustawionych obok siebie, aby\u015b m\u00f3g\u0142 skaka\u0107 z partnerem.<br \/>\nn<br \/>\nPrzewodnicy nExpert Adventure udzielaj\u0105 informacji na temat bezpiecze\u0144stwa i przeprowadzaj\u0105 pe\u0142n\u0105 kontrol\u0119 bezpiecze\u0144stwa przed lotem. Po drodze zwr\u00f3\u0107 uwag\u0119 na rodzim\u0105 flor\u0119 i faun\u0119 lasu tropikalnego.<br \/>\nn<\/p>\n<ul>\nn \t<\/p>\n<li>Widoki z lotu ptaka z najd\u0142u\u017cszych tyrolek na Karaibach<\/li>\n<p>n \t<\/p>\n<li>Zobacz rodzim\u0105 flor\u0119 i faun\u0119 w lesie deszczowym<\/li>\n<p>n \t<\/p>\n<li>Profesjonalni przewodnicy zapewniaj\u0105 informacje dotycz\u0105ce bezpiecze\u0144stwa i sprz\u0119t<\/li>\n<p>n \t<\/p>\n<li>Odbi\u00f3r i dow\u00f3z do hotelu wliczony w cen\u0119<\/li>\n<p>n<\/ul>\n<p>n\n<\/p><\/div>\n<p>n&nbsp;<br \/>\nn<\/p>\n<h4><b>W\u0142\u0105czenia i wykluczenia<\/b><\/h4>\n<p>n&nbsp;<br \/>\nn<br \/>\nn<b>Inkluzje<\/b><br \/>\nn<br \/>\nn&nbsp;<br \/>\nn<\/p>\n<ol>\nn \t<\/p>\n<li>Wycieczka ZIPLINE<\/li>\n<p>n \t<\/p>\n<li>Odbi\u00f3r autobusu z Twojego hotelu<\/li>\n<p>n \t<\/p>\n<li style=\"font-weight: 400;\"><span style=\"font-weight: 400;\">Wszystkie podatki, op\u0142aty i op\u0142aty manipulacyjne<\/span><\/li>\n<p>n \t<\/p>\n<li style=\"font-weight: 400;\"><span style=\"font-weight: 400;\">Lokalne podatki<\/span><\/li>\n<p>n \t<\/p>\n<li style=\"font-weight: 400;\"><span style=\"font-weight: 400;\">Napoje<\/span><\/li>\n<p>n<\/ol>\n<p>n<b> Wykluczenia<\/b><br \/>\nn<\/p>\n<ol>\nn \t<\/p>\n<li style=\"font-weight: 400;\"><span style=\"font-weight: 400;\">Napiwki<\/span><\/li>\n<p>n \t<\/p>\n<li>\nn<\/p>\n<div class=\"py-1 inclusions-exclusions-item d-flex\">\nn<\/p>\n<div class=\"d-inline-block inclusions-exclusions-text\">Napoje alkoholowe (mo\u017cliwo\u015b\u0107 zakupu)<\/div>\n<p>n\n<\/p><\/div>\n<\/li>\n<p>n \t<\/p>\n<li>Lunch<\/li>\n<p>n<\/ol>\n<p>n&nbsp;<br \/>\nn<\/p>\n<h4><em><strong>Wyjazd i powr\u00f3t<\/strong><\/em><\/h4>\n<p>n<span style=\"font-weight: 400;\">Po dokonaniu rezerwacji podr\u00f3\u017cny otrzyma miejsce zbi\u00f3rki. Wycieczki rozpoczynaj\u0105 si\u0119 i ko\u0144cz\u0105 w naszych punktach spotka\u0144.<\/span><br \/>\nn<br \/>\nn&nbsp;<br \/>\nn<\/p>\n<h4><b><i>Czego oczekiwa\u0107?<\/i><\/b><\/h4>\n<p>nOdwied\u017a pierwsz\u0105 wycieczk\u0119 Zip Line na Dominikanie, zbudowan\u0105 przez jednego z najbardziej do\u015bwiadczonych konstruktor\u00f3w tor\u00f3w Zip Lines w Kostaryce i certyfikowan\u0105 przez ACCT (Association for Challenge Courses technology). Podziwiaj pi\u0119kne krajobrazy i ciekaw\u0105 kultur\u0119 podczas 45-minutowej przeja\u017cd\u017cki do naszych obiekt\u00f3w.<br \/>\nn<br \/>\nnNasi do\u015bwiadczeni przewodnicy po baldachimach powiedz\u0105 Ci wszystko, co musisz wiedzie\u0107 o aktywno\u015bci i sprz\u0119cie. Po odprawie bezpiecze\u0144stwa i naszej linii szkolnej jeste\u015b gotowy na pierwsz\u0105 platform\u0119. Bezpiecznie przymocowany za pomoc\u0105 sprz\u0119tu wspinaczkowego do podw\u00f3jnych linek, wystarczy skaka\u0107 i cieszy\u0107 si\u0119 jazd\u0105.<br \/>\nn<br \/>\nnTrasa sk\u0142ada si\u0119 z 12 linii rozmieszczonych na 18 platformach. Na uko\u0144czenie kursu b\u0119dziesz potrzebowa\u0107 od godziny do godziny i 30 minut, ale nie martw si\u0119, pierwsze kable nie s\u0105 zbyt d\u0142ugie ani szybkie, aby zbudowa\u0107 Twoj\u0105 pewno\u015b\u0107 siebie.<br \/>\nn<br \/>\nnPo dojechaniu do kabla nr 6 mo\u017cna osi\u0105gn\u0105\u0107 pr\u0119dko\u015b\u0107 55 km na godzin\u0119. Kabel nr 9 to nasz najwy\u017cszy kabel, a kabel 11 to jedyny w kraju kabel side-by-side o d\u0142ugo\u015bci 800 metr\u00f3w. Na koniec podajemy \u015bwie\u017ce owoce.<br \/>\nn<br \/>\nn<strong>Plan lekcji:<\/strong><br \/>\nn<br \/>\nn7:00 \u2013 14:00\u2026 Zmiana czasu w zale\u017cno\u015bci od tego, gdzie w Punta Cana si\u0119 znajdujesz.<br \/>\nn<br \/>\nn&nbsp;<br \/>\nn<\/p>\n<h4><em><strong>Co powiniene\u015b ze sob\u0105 zabra\u0107?<\/strong><\/em><\/h4>\n<p>n<\/p>\n<ul>\nn \t<\/p>\n<li style=\"font-weight: 400;\"><span style=\"font-weight: 400;\">Kamera<\/span><\/li>\n<p>n \t<\/p>\n<li style=\"font-weight: 400;\"><span style=\"font-weight: 400;\">Odstraszaj\u0105ce p\u0105ki<\/span><\/li>\n<p>n \t<\/p>\n<li style=\"font-weight: 400;\"><span style=\"font-weight: 400;\">krem do opalania<\/span><\/li>\n<p>n \t<\/p>\n<li style=\"font-weight: 400;\"><span style=\"font-weight: 400;\">Kapelusz<\/span><\/li>\n<p>n \t<\/p>\n<li style=\"font-weight: 400;\"><span style=\"font-weight: 400;\">Wygodne spodnie<\/span><\/li>\n<p>n \t<\/p>\n<li style=\"font-weight: 400;\"><span style=\"font-weight: 400;\">Buty turystyczne do lasu<\/span><\/li>\n<p>n \t<\/p>\n<li style=\"font-weight: 400;\"><span style=\"font-weight: 400;\">Sanda\u0142y na pla\u017c\u0119<\/span><\/li>\n<p>n \t<\/p>\n<li style=\"font-weight: 400;\"><span style=\"font-weight: 400;\">Kostium k\u0105pielowy<\/span><\/li>\n<p>n \t<\/p>\n<li>Got\u00f3wka na pami\u0105tki<\/li>\n<p>n<\/ul>\n<p>n&nbsp;<br \/>\nn<\/p>\n<h4><b><i>Odbi\u00f3r z hotelu <\/i><\/b><\/h4>\n<p>n<span style=\"font-weight: 400;\">Oferowany jest odbi\u00f3r podr\u00f3\u017cnych!<\/span><br \/>\nn<br \/>\nn<span style=\"font-weight: 400;\">Odbieramy ze wszystkich hoteli w Punta Cana. Miejsce odbioru to lobby hotelowe<br \/>\nnJe\u015bli zatrzymujesz si\u0119 w mieszkaniu w okolicy, odbierzemy Ci\u0119 z apartamentu lub przy wej\u015bciu do najbli\u017cszego o\u015brodka. Ustalili\u015bmy, \u017ce odbi\u00f3r b\u0119dzie si\u0119 z nami kontaktowa\u0142 przez WhatsApp.<\/span><br \/>\nn<br \/>\nn<b>Uwaga:<\/b><span style=\"font-weight: 400;\"> Je\u015bli dokonujesz rezerwacji w ci\u0105gu 24 godzin od godziny rozpocz\u0119cia wycieczki\/wycieczki, mo\u017cemy zorganizowa\u0107 odbi\u00f3r z hotelu. Po sfinalizowaniu zakupu wy\u015blemy Ci pe\u0142ne dane kontaktowe (numer telefonu, adres e-mail itp.) do naszego lokalnego przewodnika w celu zorganizowania odbioru.<\/span><br \/>\nn<\/p>\n<h4><b><i>Dodatkowe potwierdzenie informacji <\/i><\/b><\/h4>\n<p>n<\/p>\n<ol>\nn \t<\/p>\n<li>Bilety s\u0105 paragonem po op\u0142aceniu tej wycieczki. Mo\u017cesz pokaza\u0107 p\u0142atno\u015b\u0107 na swoim telefonie.<\/li>\n<p>n \t<\/p>\n<li style=\"font-weight: 400;\"><span style=\"font-weight: 400;\">Miejsce spotkania zostanie odebrane po zako\u0144czeniu procesu rezerwacji.<\/span><\/li>\n<p>n \t<\/p>\n<li style=\"font-weight: 400;\"><span style=\"font-weight: 400;\">Dost\u0119p dla w\u00f3zk\u00f3w inwalidzkich <\/span><\/li>\n<p>n \t<\/p>\n<li style=\"font-weight: 400;\"><span style=\"font-weight: 400;\">Niemowl\u0119ta musz\u0105 siedzie\u0107 na kolanach <\/span><\/li>\n<p>n \t<\/p>\n<li style=\"font-weight: 400;\"><span style=\"font-weight: 400;\">Wi\u0119kszo\u015b\u0107 podr\u00f3\u017cnych mo\u017ce wzi\u0105\u0107 udzia\u0142<\/span><\/li>\n<p>n \t<\/p>\n<li><strong>Kobiety w ci\u0105\u017cy<\/strong>\u00a0nie mo\u017ce bra\u0107 udzia\u0142u w tej czynno\u015bci.<\/li>\n<p>n<\/ol>\n<p>n<\/p>\n<h4><b><i>Zasady anulowania<\/i><\/b><\/h4>\n<p>nAby uzyska\u0107 pe\u0142ny zwrot koszt\u00f3w, zapoznaj si\u0119 z naszymi zasadami anulowania rezerwacji\u00a0<a href=\"https:\/\/www.boattoursamana.com\/pl\/rezerwacja-online\/\" target=\"_blank\" rel=\"noopener\" data-saferedirecturl=\"https:\/\/www.google.com\/url?q=https:\/\/www.boattoursamana.com\/online-booking\/&amp;source=gmail&amp;ust=1672449202351000&amp;usg=AOvVaw1yAeVAPktmaVCqDujgUn90\">Kliknij tutaj<\/a>. \u015arodki zostan\u0105 utracone, je\u015bli rezerwacja zostanie anulowana tego samego dnia wycieczki.<\/p>\n\n\t\t<\/div>\n\t<\/div>\n<div class=\"vc_btn3-container vc_btn3-inline\" ><button class=\"vc_general vc_btn3 vc_btn3-size-md vc_btn3-shape-rounded vc_btn3-style-modern vc_btn3-color-green\">REZERWUJ TERAZ<\/button><\/div><\/div><\/div><\/div><\/div><div class=\"vc_row wpb_row vc_row-fluid\" ><div class=\"wpb_column vc_column_container vc_col-sm-12\"><div class=\"vc_column-inner\"><div class=\"wpb_wrapper\">\n\t<div class=\"wpb_text_column wpb_content_element\" >\n\t\t<div class=\"wpb_wrapper\">\n\t\t\t<p>\nn<\/p>\n<h4>Skontaktuj si\u0119 z nami?<\/h4>\n<p>n<\/p>\n<h5><em><strong>rezerwacja przyg\u00f3d<\/strong><\/em><\/h5>\n<p>n<em><strong>Miejscowi<\/strong> oraz <strong>Rodacy<\/strong> Przewodnicy turystyczni i us\u0142ugi dla go\u015bci<\/em><br \/>\nn<br \/>\nn<span class=\"text-turquoise\">Rezerwacje:<\/span> Wycieczki i wycieczki w Dom. Reprezentant.<\/p>\n\n\t\t<\/div>\n\t<\/div>\n<\/div><\/div><\/div><\/div><div class=\"vc_row wpb_row vc_row-fluid\" ><div class=\"wpb_column vc_column_container vc_col-sm-12\"><div class=\"vc_column-inner\"><div class=\"wpb_wrapper\"><div class=\"vc_empty_space\"   style=\"height: 32px\"><span class=\"vc_empty_space_inner\"><\/span><\/div>\n\t<div class=\"wpb_text_column wpb_content_element\" >\n\t\t<div class=\"wpb_wrapper\">\n\t\t\t<p>\nn<\/p>\n<h4>Skontaktuj si\u0119 z nami?<\/h4>\n<p>n<\/p>\n<h5>rezerwacja przyg\u00f3d<\/h5>\n<p>n<em><strong>Miejscowi<\/strong>\u00a0oraz\u00a0<strong>Rodacy<\/strong>\u00a0Przewodnicy turystyczni i us\u0142ugi dla go\u015bci<\/em><br \/>\nn<br \/>\nn<span class=\"text-turquoise\">Rezerwacje:<\/span>\u00a0Wycieczki i wycieczki w Dom. Reprezentant.<br \/>\nn<br \/>\nn<img decoding=\"async\" class=\"emoji\" draggable=\"false\" src=\"https:\/\/s.w.org\/images\/core\/emoji\/11.2.0\/svg\/1f4de.svg\" alt=\" \" title=\"\">\u00a0Tel \/ Whatsapp\u00a0\u00a0<a href=\"tel:+1-809-720-6035\">+1-809-720-6035<\/a>.<br \/>\nn<br \/>\nn<img decoding=\"async\" class=\"emoji\" draggable=\"false\" src=\"https:\/\/s.w.org\/images\/core\/emoji\/11.2.0\/svg\/1f4e9.svg\" alt=\" \" title=\"\">\u00a0<a href=\"mailto:info@bookingadventures.com.do\">info@bookingadventures.com.do<\/a><br \/>\nn<br \/>\nn<strong>Jeste\u015bmy elastyczni w ustalaniu prywatnych wycieczek przez Whatsapp:\u00a0<a href=\"tel:+18097206035\">+18097206035.<\/a><\/strong><\/p>\n\n\t\t<\/div>\n\t<\/div>\n<div class=\"vc_empty_space\"   style=\"height: 32px\"><span class=\"vc_empty_space_inner\"><\/span><\/div><\/div><\/div><\/div><\/div><div class=\"vc_row wpb_row vc_row-fluid\" ><div class=\"wpb_column vc_column_container vc_col-sm-12\"><div class=\"vc_column-inner\"><div class=\"wpb_wrapper\"><div class=\"vc_btn3-container vc_btn3-inline\" ><button class=\"vc_general vc_btn3 vc_btn3-size-md vc_btn3-shape-rounded vc_btn3-style-modern vc_btn3-color-green\">REZERWUJ TERAZ<\/button><\/div><\/div><\/div><\/div><\/div>","protected":false},"excerpt":{"rendered":"<p>For the ultimate adventure in Punta Cana, try our 12-line zip line course! Our mountain course also has 18 platforms and is home to the two longest lines in the Dominican Republic and in the Caribbean. You\u2019re safely attached with climbing gear to the double line cables with the longest one being 800 meters long! n nPlease Select date for The Tour\u00a0 &nbsp;<\/p>","protected":false},"author":2,"featured_media":0,"parent":0,"menu_order":0,"comment_status":"open","ping_status":"closed","template":"","meta":{"footnotes":""},"class_list":["post-15862","page","type-page","status-publish","hentry"],"_links":{"self":[{"href":"https:\/\/www.boattoursamana.com\/pl\/wp-json\/wp\/v2\/pages\/15862","targetHints":{"allow":["GET"]}}],"collection":[{"href":"https:\/\/www.boattoursamana.com\/pl\/wp-json\/wp\/v2\/pages"}],"about":[{"href":"https:\/\/www.boattoursamana.com\/pl\/wp-json\/wp\/v2\/types\/page"}],"author":[{"embeddable":true,"href":"https:\/\/www.boattoursamana.com\/pl\/wp-json\/wp\/v2\/users\/2"}],"replies":[{"embeddable":true,"href":"https:\/\/www.boattoursamana.com\/pl\/wp-json\/wp\/v2\/comments?post=15862"}],"version-history":[{"count":0,"href":"https:\/\/www.boattoursamana.com\/pl\/wp-json\/wp\/v2\/pages\/15862\/revisions"}],"wp:attachment":[{"href":"https:\/\/www.boattoursamana.com\/pl\/wp-json\/wp\/v2\/media?parent=15862"}],"curies":[{"name":"wp","href":"https:\/\/api.w.org\/{rel}","templated":true}]}}