{"id":11458,"date":"2014-08-03T18:52:12","date_gmt":"2014-08-03T18:52:12","guid":{"rendered":"https:\/\/www.ticketswhales.com\/?post_type=product&#038;p=11458"},"modified":"2023-03-28T22:35:23","modified_gmt":"2023-03-28T22:35:23","slug":"punta-cana-buggy-tour-pick-up-from-punta-cana-hotels","status":"publish","type":"product","link":"https:\/\/www.boattoursamana.com\/pl\/wycieczka-2\/punta-cana-buggy-wycieczka-odbior-z-punta-cana-hotele-2","title":{"rendered":"Punta Cana Buggy Tour \u2013 odbi\u00f3r z hoteli w Punta Cana"},"content":{"rendered":"<div class=\"vc_row wpb_row vc_row-fluid\" ><div class=\"wpb_column vc_column_container vc_col-sm-12\"><div class=\"vc_column-inner\"><div class=\"wpb_wrapper\"><div class=\"mkdf-section-title-holder\" style=\"text-align: left\">\n\t<div class=\"mkdf-st-inner\">\n\t\t\t\t\t<h5 class=\"mkdf-st-subtitle\" >\n\t\t\t\tZ hoteli w Punta Cana\t\t\t<\/h5>\n\t\t\t\t\t\t\t<h3 class=\"mkdf-st-title\" >\n\t\t\t\tW\u00f3zki Punta Cana - Buggy\t\t\t<\/h3>\n\t\t\t\t\t\t\t<p class=\"mkdf-st-text\" >\n\t\t\t\tUwaga: ta wycieczka rozpoczyna si\u0119 o 7:00. W zale\u017cno\u015bci od tego, gdzie znajduje si\u0119 hotel odbioru, czas mo\u017ce ulec zmianie. Dodatkowe op\u0142aty za odbi\u00f3r w obszarach niewymienionych w naszym opisie.\t\t\t<\/p>\n\t\t\t<\/div>\n<\/div><\/div><\/div><\/div><\/div><div class=\"vc_row wpb_row vc_row-fluid\" ><div class=\"wpb_column vc_column_container vc_col-sm-12\"><div class=\"vc_column-inner\"><div class=\"wpb_wrapper\"><div class=\"vc_empty_space\"   style=\"height: 32px\"><span class=\"vc_empty_space_inner\"><\/span><\/div><div class=\"vc_btn3-container vc_btn3-inline\" ><button class=\"vc_general vc_btn3 vc_btn3-size-md vc_btn3-shape-rounded vc_btn3-style-modern vc_btn3-color-green\">REZERWUJ TERAZ<\/button><\/div><\/div><\/div><\/div><\/div><div class=\"vc_row wpb_row vc_row-fluid\" ><div class=\"wpb_column vc_column_container vc_col-sm-12\"><div class=\"vc_column-inner\"><div class=\"wpb_wrapper\">\n\t<div class=\"wpb_text_column wpb_content_element\" >\n\t\t<div class=\"wpb_wrapper\">\n\t\t\t<h4><b><i>Przegl\u0105d <\/i><\/b><\/h4>\n<div>\n<p>Zwiedzaj rajskie krajobrazy Punta Cana na pok\u0142adzie w\u0142asnego buggy! b\u0119dziesz <strong>odkryj wiosk\u0119 Makao i jej idylliczne pla\u017ce<\/strong>, a tak\u017ce pop\u0142ywa\u0107 w miejscowej cenocie.<\/p>\n<\/div>\n<ul class=\"vcs-highlights\">\n<li>Wyb\u00f3r kilku odjazd\u00f3w w ci\u0105gu dnia<\/li>\n<li>Ciesz si\u0119 fantastycznymi widokami<\/li>\n<li>Przyjazny rodzinie<\/li>\n<li>Odbi\u00f3r z centralnie po\u0142o\u017conego miejsca zbi\u00f3rki<\/li>\n<li>Romantyczne prze\u017cycie, idealne dla par<\/li>\n<\/ul>\n<p>&nbsp;<\/p>\n<h4><b>W\u0142\u0105czenia i wykluczenia<\/b><\/h4>\n<p>&nbsp;<\/p>\n<p><b>Inkluzje<\/b><\/p>\n<p>&nbsp;<\/p>\n<ol>\n<li>Wycieczka buggy<\/li>\n<li>Odbi\u00f3r autobusu z Twojego hotelu<\/li>\n<li style=\"font-weight: 400;\"><span style=\"font-weight: 400;\">Wszystkie podatki, op\u0142aty i op\u0142aty manipulacyjne<\/span><\/li>\n<li style=\"font-weight: 400;\"><span style=\"font-weight: 400;\">Lokalne podatki<\/span><\/li>\n<li style=\"font-weight: 400;\"><span style=\"font-weight: 400;\">Napoje<\/span><\/li>\n<\/ol>\n<p><b> Wykluczenia<\/b><\/p>\n<ol>\n<li style=\"font-weight: 400;\"><span style=\"font-weight: 400;\">Napiwki<\/span><\/li>\n<li>Lunch<\/li>\n<\/ol>\n<p>&nbsp;<\/p>\n<h4><em><strong>Wyjazd i powr\u00f3t<\/strong><\/em><\/h4>\n<p><span style=\"font-weight: 400;\">Po dokonaniu rezerwacji podr\u00f3\u017cny otrzyma miejsce zbi\u00f3rki. Wycieczki rozpoczynaj\u0105 si\u0119 i ko\u0144cz\u0105 w naszych punktach spotka\u0144.<\/span><\/p>\n<p>&nbsp;<\/p>\n<h4><b><i>Czego oczekiwa\u0107?<\/i><\/b><\/h4>\n<p>Po odebraniu Ci\u0119 z hotelu udamy si\u0119 do wn\u0119trza Punta Cana. Otoczony przez <strong>plantacje kawy i kakao<\/strong>, Tw\u00f3j\u00a0<strong>lokalni przewodnicy<\/strong>\u00a0wyja\u015bni tras\u0119 i wszystko, co musisz wiedzie\u0107, aby prowadzi\u0107 buggy.<\/p>\n<p>Potem przekr\u0119cimy kluczyk w stacyjce i zaczniemy ekscytacj\u0119, przeskakuj\u0105c\u00a0<strong>wzg\u00f3rza, przez plantacje kawy oraz wzd\u0142u\u017c polnych szlak\u00f3w i koryt rzek<\/strong>.<\/p>\n<p>Naszym pierwszym przystankiem b\u0119dzie pla\u017ca w Makau. Daleko od du\u017cych hoteli i obszar\u00f3w turystycznych, to\u00a0<strong>naturalny raj<\/strong>\u00a0a jego krystalicznie czysta woda jest idealnym miejscem na k\u0105piel, a tutaj b\u0119dziesz mia\u0142 wolny czas\u00a0<strong>pop\u0142ywa\u0107 w przepi\u0119knym Morzu Karaibskim<\/strong>.<\/p>\n<p>Nast\u0119pnie wsi\u0105dziemy z powrotem na nasz buggy w drodze do tak zwanych \u201erdzennych \u017ar\u00f3de\u0142\u201d, odkrywaj\u0105c jedno z najbardziej idyllicznych<strong>\u00a0cenoty<\/strong>\u00a0w Punta Cana. Tutaj b\u0119dziesz mia\u0142 p\u00f3\u0142 godziny wolnego na zwiedzanie tego podziemnego basenu, p\u0142ywanie w jego turkusowych wodach.<\/p>\n<p>W ko\u0144cu zostawimy w\u00f3zki za sob\u0105 i odprowadzimy Ci\u0119 z powrotem do miejsca zakwaterowania, ko\u0144cz\u0105c niezapomniany dzie\u0144.<\/p>\n<p><strong>Plan lekcji:<\/strong><\/p>\n<p>7:00 \u2013 19:00\u2026 Zmiana czasu w zale\u017cno\u015bci od tego, gdzie si\u0119 znajdujesz w Punta Cana.<\/p>\n<h4>Solo czy udost\u0119pnianie?<\/h4>\n<p>Dokonuj\u0105c rezerwacji, mo\u017cesz wybra\u0107, czy wolisz prowadzi\u0107 buggy dla siebie, czy dzieli\u0107 pojazd z jedn\u0105 lub trzema innymi osobami. Podana cena jest za osob\u0119.<\/p>\n<p>&nbsp;<\/p>\n<h4><em><strong>Co powiniene\u015b ze sob\u0105 zabra\u0107?<\/strong><\/em><\/h4>\n<ul>\n<li style=\"font-weight: 400;\"><span style=\"font-weight: 400;\">Kamera<\/span><\/li>\n<li style=\"font-weight: 400;\"><span style=\"font-weight: 400;\">Odstraszaj\u0105ce p\u0105ki<\/span><\/li>\n<li style=\"font-weight: 400;\"><span style=\"font-weight: 400;\">krem do opalania<\/span><\/li>\n<li style=\"font-weight: 400;\"><span style=\"font-weight: 400;\">Kapelusz<\/span><\/li>\n<li style=\"font-weight: 400;\"><span style=\"font-weight: 400;\">Wygodne spodnie<\/span><\/li>\n<li style=\"font-weight: 400;\"><span style=\"font-weight: 400;\">Buty turystyczne do lasu<\/span><\/li>\n<li style=\"font-weight: 400;\"><span style=\"font-weight: 400;\">Sanda\u0142y na pla\u017c\u0119<\/span><\/li>\n<li style=\"font-weight: 400;\"><span style=\"font-weight: 400;\">Kostium k\u0105pielowy<\/span><\/li>\n<li>Got\u00f3wka na pami\u0105tki<\/li>\n<\/ul>\n<p>&nbsp;<\/p>\n<h4><b><i>Odbi\u00f3r z hotelu <\/i><\/b><\/h4>\n<p><span style=\"font-weight: 400;\">Oferowany jest odbi\u00f3r podr\u00f3\u017cnych!<\/span><\/p>\n<p><span style=\"font-weight: 400;\">Odbieramy ze wszystkich hoteli w Punta Cana. Miejsce odbioru to lobby hotelowe<br \/>\nJe\u015bli mieszkasz w mieszkaniu w okolicy, odbierzemy Ci\u0119 z mieszkania lub przy wej\u015bciu do najbli\u017cszego o\u015brodka. Ustalamy Odbi\u00f3r, kontaktuj\u0105c si\u0119 z nami przez Whatsapp.<\/span><\/p>\n<p><b>Uwaga:<\/b><span style=\"font-weight: 400;\"> Je\u015bli dokonujesz rezerwacji w ci\u0105gu 24 godzin od godziny rozpocz\u0119cia wycieczki\/wycieczki, mo\u017cemy zorganizowa\u0107 odbi\u00f3r z hotelu. Po sfinalizowaniu zakupu wy\u015blemy Ci pe\u0142ne dane kontaktowe (numer telefonu, adres e-mail itp.) do naszego lokalnego przewodnika w celu zorganizowania odbioru.<\/span><\/p>\n<h4><b><i>Dodatkowe potwierdzenie informacji <\/i><\/b><\/h4>\n<ol>\n<li>Bilety s\u0105 paragonem po op\u0142aceniu tej wycieczki. Mo\u017cesz pokaza\u0107 p\u0142atno\u015b\u0107 na swoim telefonie.<\/li>\n<li style=\"font-weight: 400;\"><span style=\"font-weight: 400;\">Miejsce spotkania zostanie odebrane po zako\u0144czeniu procesu rezerwacji.<\/span><\/li>\n<li style=\"font-weight: 400;\"><strong>Dzieci w wieku od 5 do 11 lat<\/strong>\u00a0mog\u0105 wzi\u0105\u0107 udzia\u0142 tylko, je\u015bli jad\u0105 2 lub 4-osobowym w\u00f3zkiem w towarzystwie osoby doros\u0142ej, poniewa\u017c nie s\u0105 w stanie prowadzi\u0107 w\u00f3zk\u00f3w.<\/li>\n<li style=\"font-weight: 400;\"><span style=\"font-weight: 400;\">Dost\u0119p dla w\u00f3zk\u00f3w inwalidzkich <\/span><\/li>\n<li style=\"font-weight: 400;\"><span style=\"font-weight: 400;\">Niemowl\u0119ta musz\u0105 siedzie\u0107 na kolanach <\/span><\/li>\n<li style=\"font-weight: 400;\"><span style=\"font-weight: 400;\">Wi\u0119kszo\u015b\u0107 podr\u00f3\u017cnych mo\u017ce wzi\u0105\u0107 udzia\u0142<\/span><\/li>\n<li><strong>Kobiety w ci\u0105\u017cy<\/strong>\u00a0nie mo\u017ce bra\u0107 udzia\u0142u w tej czynno\u015bci.<\/li>\n<\/ol>\n<h4><b><i>Zasady anulowania<\/i><\/b><\/h4>\n<p><span style=\"font-weight: 400;\">Aby uzyska\u0107 pe\u0142ny zwrot pieni\u0119dzy, przeczytaj nasze Zasady anulowania rezerwacji\u00a0<a href=\"https:\/\/www.boattoursamana.com\/pl\/rezerwacja-online\/\" target=\"_blank\" rel=\"noopener\" data-saferedirecturl=\"https:\/\/www.google.com\/url?q=https:\/\/www.boattoursamana.com\/online-booking\/&amp;source=gmail&amp;ust=1672449202351000&amp;usg=AOvVaw1yAeVAPktmaVCqDujgUn90\">Kliknij tutaj<\/a>. \u015arodki zostan\u0105 utracone, je\u015bli rezerwacja zostanie anulowana tego samego dnia wycieczki.<\/span><\/p>\n\n\t\t<\/div>\n\t<\/div>\n<\/div><\/div><\/div><\/div><div class=\"vc_row wpb_row vc_row-fluid\" ><div class=\"wpb_column vc_column_container vc_col-sm-12\"><div class=\"vc_column-inner\"><div class=\"wpb_wrapper\">\n\t<div class=\"wpb_text_column wpb_content_element\" >\n\t\t<div class=\"wpb_wrapper\">\n\t\t\t<h4>Skontaktuj si\u0119 z nami?<\/h4>\n<h5><em><strong>rezerwacja przyg\u00f3d<\/strong><\/em><\/h5>\n<p><em><strong>Miejscowi<\/strong> oraz <strong>Rodacy<\/strong> Przewodnicy turystyczni i us\u0142ugi dla go\u015bci<\/em><\/p>\n<p><span class=\"text-turquoise\">Rezerwacje:<\/span> Wycieczki i wycieczki w Dom. Reprezentant.<\/p>\n\n\t\t<\/div>\n\t<\/div>\n<\/div><\/div><\/div><\/div><div class=\"vc_row wpb_row vc_row-fluid\" ><div class=\"wpb_column vc_column_container vc_col-sm-12\"><div class=\"vc_column-inner\"><div class=\"wpb_wrapper\"><div class=\"vc_empty_space\"   style=\"height: 32px\"><span class=\"vc_empty_space_inner\"><\/span><\/div>\n\t<div class=\"wpb_text_column wpb_content_element\" >\n\t\t<div class=\"wpb_wrapper\">\n\t\t\t<h4>Skontaktuj si\u0119 z nami?<\/h4>\n<h5>rezerwacja przyg\u00f3d<\/h5>\n<p><em><strong>Miejscowi<\/strong>\u00a0oraz\u00a0<strong>Rodacy<\/strong>\u00a0Przewodnicy turystyczni i us\u0142ugi dla go\u015bci<\/em><\/p>\n<p><span class=\"text-turquoise\">Rezerwacje:<\/span>\u00a0Wycieczki i wycieczki w Dom. Reprezentant.<\/p>\n<p><img decoding=\"async\" class=\"emoji\" draggable=\"false\" src=\"https:\/\/s.w.org\/images\/core\/emoji\/11.2.0\/svg\/1f4de.svg\" alt=\"\ud83d\udcde\" title=\"\">\u00a0Tel \/ Whatsapp\u00a0\u00a0<a href=\"tel:+1-809-720-6035\">+1-809-720-6035<\/a>.<\/p>\n<p><img decoding=\"async\" class=\"emoji\" draggable=\"false\" src=\"https:\/\/s.w.org\/images\/core\/emoji\/11.2.0\/svg\/1f4e9.svg\" alt=\"\ud83d\udce9\" title=\"\">\u00a0<a href=\"mailto:info@bookingadventures.com.do\">info@bookingadventures.com.do<\/a><\/p>\n<p><strong>Jeste\u015bmy elastyczni w ustalaniu prywatnych wycieczek przez Whatsapp:\u00a0<a href=\"tel:+18097206035\">+18097206035.<\/a><\/strong><\/p>\n\n\t\t<\/div>\n\t<\/div>\n<div class=\"vc_empty_space\"   style=\"height: 32px\"><span class=\"vc_empty_space_inner\"><\/span><\/div><\/div><\/div><\/div><\/div><div class=\"vc_row wpb_row vc_row-fluid\" ><div class=\"wpb_column vc_column_container vc_col-sm-12\"><div class=\"vc_column-inner\"><div class=\"wpb_wrapper\"><div class=\"vc_btn3-container vc_btn3-inline\" ><button class=\"vc_general vc_btn3 vc_btn3-size-md vc_btn3-shape-rounded vc_btn3-style-modern vc_btn3-color-green\">REZERWUJ TERAZ<\/button><\/div><\/div><\/div><\/div><\/div>","protected":false},"excerpt":{"rendered":"<p>Po odebraniu Ci\u0119 z hotelu udamy si\u0119 do wn\u0119trza Punta Cana. Otoczony przez\u00a0<strong>plantacje kawy i kakao<\/strong>, Tw\u00f3j\u00a0<strong>lokalni przewodnicy<\/strong>\u00a0wyja\u015bni tras\u0119 i wszystko, co musisz wiedzie\u0107, aby prowadzi\u0107 buggy.<\/p>\n<p>Potem przekr\u0119cimy kluczyk w stacyjce i zaczniemy ekscytacj\u0119, przeskakuj\u0105c\u00a0<strong>wzg\u00f3rza, przez plantacje kawy oraz wzd\u0142u\u017c polnych szlak\u00f3w i koryt rzek<\/strong>.<\/p>\n<p>&nbsp;<\/p>\n<p><em><strong>Wybierz dat\u0119 wycieczki\u00a0<\/strong><\/em><\/p>","protected":false},"featured_media":11468,"template":"","meta":[],"product_cat":[253,948,808,972,969,349,294],"product_tag":[810,811,222,809,471,313],"class_list":["post-11458","product","type-product","status-publish","has-post-thumbnail","hentry","product_cat-tours-and-excursions","product_cat-1-punta-cana","product_cat-punta-cana-buggy-tour","product_cat-punta-cana-group-tours","product_cat-punta-cana-buggies","product_cat-tours-and-excursion-punta-cana","product_cat-tours-excursions-punta-cana-dominican-republic","product_tag-buggies","product_tag-buggies-punta-cana","product_tag-punta-cana","product_tag-punta-cana-buggy-tour-pick-up-from-punta-cana-hotels","product_tag-punta-cana-catamaran-party-with-snorkeling-and-parasailing","product_tag-punta-cana-tours"],"_links":{"self":[{"href":"https:\/\/www.boattoursamana.com\/pl\/wp-json\/wp\/v2\/product\/11458","targetHints":{"allow":["GET"]}}],"collection":[{"href":"https:\/\/www.boattoursamana.com\/pl\/wp-json\/wp\/v2\/product"}],"about":[{"href":"https:\/\/www.boattoursamana.com\/pl\/wp-json\/wp\/v2\/types\/product"}],"wp:featuredmedia":[{"embeddable":true,"href":"https:\/\/www.boattoursamana.com\/pl\/wp-json\/wp\/v2\/media\/11468"}],"wp:attachment":[{"href":"https:\/\/www.boattoursamana.com\/pl\/wp-json\/wp\/v2\/media?parent=11458"}],"wp:term":[{"taxonomy":"product_cat","embeddable":true,"href":"https:\/\/www.boattoursamana.com\/pl\/wp-json\/wp\/v2\/product_cat?post=11458"},{"taxonomy":"product_tag","embeddable":true,"href":"https:\/\/www.boattoursamana.com\/pl\/wp-json\/wp\/v2\/product_tag?post=11458"}],"curies":[{"name":"wp","href":"https:\/\/api.w.org\/{rel}","templated":true}]}}