{"id":11528,"date":"2020-09-08T10:03:32","date_gmt":"2020-09-08T10:03:32","guid":{"rendered":"https:\/\/www.ticketswhales.com\/Tours-Excursions\/uncategorized\/import-placeholder-for-302189\/"},"modified":"2023-11-10T13:16:47","modified_gmt":"2023-11-10T13:16:47","slug":"saona-island-private-tour-from-cap-cana-hotels-cap-cana-lobby","status":"publish","type":"product","link":"https:\/\/www.boattoursamana.com\/pl\/wycieczka-2\/prywatna-wycieczka-na-wyspe-saona-z-hoteli-w-cap-cana-w-holu-cap-cana","title":{"rendered":"Prywatna wycieczka na wysp\u0119 Saona z hoteli Cap Cana \u2013 lobby Cap Cana"},"content":{"rendered":"<div class=\"vc_row wpb_row vc_row-fluid\" ><div class=\"wpb_column vc_column_container vc_col-sm-12\"><div class=\"vc_column-inner\"><div class=\"wpb_wrapper\"><div class=\"vc_btn3-container vc_btn3-inline\" ><a class=\"vc_general vc_btn3 vc_btn3-size-md vc_btn3-shape-rounded vc_btn3-style-modern vc_btn3-color-green\" href=\"https:\/\/bookingadventures.tours\/booking.php?tour_id=1c85fe9604e2cc8d0dc000a6eba6a86a\" title=\"\" rel=\"noopener\">REZERWUJ TERAZ<\/a><\/div>\n\t<div class=\"wpb_text_column wpb_content_element\" >\n\t\t<div class=\"wpb_wrapper\">\n\t\t\t<h2><b><i>Prywatna wycieczka na wysp\u0119 Saona\u00a0<\/i><\/b><\/h2>\n<h4><b><i>Przegl\u0105d<\/i><\/b><\/h4>\n<div>Odp\u0142yni\u0119cie \u0142odzi\u0105 odbywa si\u0119 z g\u0142\u00f3wnego molo <strong>Bayahibe<\/strong> 9:00 i powr\u00f3t o 17:00. Je\u015bli\u00a0<b>(dodajesz prywatny transfer z innych odlot\u00f3w do tej podr\u00f3\u017cy czas mo\u017ce ulec zmianie)<\/b> <span style=\"font-size: 16px;\">Ta wycieczka zabierze Ci\u0119 na najlepsze pla\u017ce <strong>Wyspa Saona<\/strong> (Isla Saona) zaczynaj\u0105c od miasta Bayahibe, Tw\u00f3j lunch jest na wyspie i zatrzymasz si\u0119 przy naturalnych basenach<strong> Park Narodowy Cotubanama<\/strong>. Ciesz si\u0119 pi\u0119knym po\u0142udniowo-wschodnim wybrze\u017cem Dominikany, gdzie po zabraniu \u0142odzi pop\u0142yniesz wzd\u0142u\u017c wybrze\u017ca, obserwuj\u0105c r\u00f3\u017cne pla\u017ce, krajobrazy, namorzyny i formacje wapienne tego wyj\u0105tkowego miejsca.\u00a0<\/span><\/div>\n<div>\n<p><span style=\"font-weight: 400;\">Dotarcie na wysp\u0119 zajmuje oko\u0142o 45 minut, a podczas wycieczki b\u0119dziesz mia\u0142 mo\u017cliwo\u015b\u0107 zobaczenia <strong>Mano Juan<\/strong>, kt\u00f3ra jest jedyn\u0105 spo\u0142eczno\u015bci\u0105 za\u0142o\u017con\u0105 na wyspie, w tym samym miejscu masz mo\u017cliwo\u015b\u0107 zjedzenia lunchu, je\u015bli nie dotrzesz do Mano Juan, b\u0119dziesz odwiedza\u0107 r\u00f3\u017cne pla\u017ce w okolicy, a obiad b\u0119dzie na pla\u017cy, b\u0119dziesz mia\u0142 r\u00f3wnie\u017c okazj\u0119 nurkowa\u0107 na wyspie.<\/span><\/p>\n<p><span style=\"font-weight: 400;\">Po zako\u0144czeniu podr\u00f3\u017cy w r\u00f3\u017cnych miejscach na wyspie wr\u00f3cisz do miejsca, w kt\u00f3rym spotkasz si\u0119 z przewodnikiem.<\/span><\/p>\n<ul>\n<li style=\"font-weight: 400;\"><span style=\"font-weight: 400;\">Obejmuje lunch w formie bufetu na pla\u017cy.<\/span><\/li>\n<li style=\"font-weight: 400;\"><span style=\"font-weight: 400;\">Naturalny basen<\/span><\/li>\n<li style=\"font-weight: 400;\"><span style=\"font-weight: 400;\">Transfer \u0142odzi\u0105 lub katamaranem<\/span><\/li>\n<li style=\"font-weight: 400;\"><span style=\"font-weight: 400;\">Kapitan zapewnia instrukcje i nadz\u00f3r<\/span><\/li>\n<\/ul>\n<\/div>\n<p>&nbsp;<\/p>\n<h2><b>W\u0142\u0105czenia i wykluczenia<\/b><\/h2>\n<p><b>Inkluzje<\/b><\/p>\n<ol>\n<li>Rejs \u0142odzi\u0105 motorow\u0105 lub katamaranem (wszystko zale\u017cy od wielko\u015bci grupy)<\/li>\n<li style=\"font-weight: 400;\"><span style=\"font-weight: 400;\">Lunch w formie bufetu na pla\u017cy<\/span><\/li>\n<li>Naturalny basen<\/li>\n<li style=\"font-weight: 400;\"><span style=\"font-weight: 400;\">Wszystkie podatki, op\u0142aty i op\u0142aty manipulacyjne<\/span><\/li>\n<li style=\"font-weight: 400;\"><span style=\"font-weight: 400;\">Lokalne podatki<\/span><\/li>\n<li style=\"font-weight: 400;\"><span style=\"font-weight: 400;\">Napoje<\/span><\/li>\n<\/ol>\n<p><b> Wykluczenia<\/b><\/p>\n<ol>\n<li style=\"font-weight: 400;\"><span style=\"font-weight: 400;\">Napiwki<\/span><\/li>\n<li>Lokalny przewodnik<\/li>\n<\/ol>\n<p>&nbsp;<\/p>\n<h4><em><strong>Wyjazd i powr\u00f3t<\/strong><\/em><\/h4>\n<p><span style=\"font-weight: 400;\">Mamy harmonogram zaprojektowany tak, aby Ci\u0119 odebra\u0107 i dowie\u017a\u0107 na podstawie obszaru, w kt\u00f3rym si\u0119 znajdujesz. <\/span><span style=\"font-weight: 400;\">Po dokonaniu rezerwacji podr\u00f3\u017cny otrzyma miejsce zbi\u00f3rki. Wycieczki rozpoczynaj\u0105 si\u0119 i ko\u0144cz\u0105 w naszych punktach spotka\u0144.<\/span><\/p>\n<p>&nbsp;<\/p>\n<h4><b><i>Czego oczekiwa\u0107?<\/i><\/b><\/h4>\n<p>&nbsp;<\/p>\n<p><em><strong>Zdob\u0105d\u017a swoje bilety<\/strong><\/em> fora day pass na wyspie Saona (Isla Saona) w Bayahibe plus wspania\u0142y lunch i czas na pla\u017c\u0119.<\/p>\n<p><span style=\"font-weight: 400;\">Wycieczka jednodniowa organizowana przez \u201eBooking Adventures\u201d rozpoczyna si\u0119 w miejscu spotkania ustalonym z Przewodnikiem. <\/span>Lunch na pla\u017cy i mo\u017cesz zosta\u0107 tak d\u0142ugo, jak chcesz p\u0142ywa\u0107. Je\u015bli jeste\u015b weganinem, mo\u017cemy r\u00f3wnie\u017c przygotowa\u0107 dla ciebie co\u015b do jedzenia.<\/p>\n<p>Ta wycieczka \u0142odzi\u0105 rozpoczyna si\u0119 w Bayahibe, ale oferujemy prywatny transfer za dodatkow\u0105 op\u0142at\u0105 w zale\u017cno\u015bci od tego, gdzie jest grupa.<\/p>\n<p><strong>Plan lekcji:<\/strong><\/p>\n<p>7:45 \u2013 18:00<\/p>\n<p>&nbsp;<\/p>\n<h4><em><strong>Co powiniene\u015b ze sob\u0105 zabra\u0107?<\/strong><\/em><\/h4>\n<ul>\n<li style=\"font-weight: 400;\"><span style=\"font-weight: 400;\">Kamera<\/span><\/li>\n<li style=\"font-weight: 400;\"><span style=\"font-weight: 400;\">Odstraszaj\u0105ce p\u0105ki<\/span><\/li>\n<li style=\"font-weight: 400;\"><span style=\"font-weight: 400;\">krem do opalania<\/span><\/li>\n<li style=\"font-weight: 400;\"><span style=\"font-weight: 400;\">Kapelusz<\/span><\/li>\n<li style=\"font-weight: 400;\"><span style=\"font-weight: 400;\">Wygodne spodnie<\/span><\/li>\n<li style=\"font-weight: 400;\"><span style=\"font-weight: 400;\">Buty turystyczne do lasu<\/span><\/li>\n<li style=\"font-weight: 400;\"><span style=\"font-weight: 400;\">Sanda\u0142y na pla\u017c\u0119<\/span><\/li>\n<li style=\"font-weight: 400;\"><span style=\"font-weight: 400;\">Kostium k\u0105pielowy<\/span><\/li>\n<li>Got\u00f3wka na pami\u0105tki<\/li>\n<\/ul>\n<p>&nbsp;<\/p>\n<h2><b><i>Odbi\u00f3r z hotelu na jednodniow\u0105 wycieczk\u0119 na wysp\u0119 Saona<\/i><\/b><\/h2>\n<p><span style=\"font-weight: 400;\">To jest program, kt\u00f3ry ustawili\u015bmy na podstawie Twoich lokalizacji. Podaj nam sw\u00f3j konkretny hotel, a my skontaktujemy si\u0119 z Tob\u0105, aby powiedzie\u0107, gdzie si\u0119 z Tob\u0105 spotkamy. Ta opcja transferu wi\u0105\u017ce si\u0119 z dodatkow\u0105 op\u0142at\u0105. Ta podr\u00f3\u017c zaczyna si\u0119 w Bayahibe.<\/span><\/p>\n<table style=\"height: 487px;\" width=\"420\">\n<tbody>\n<tr>\n<td><b>Miejsce<\/b><\/td>\n<td><b>Czas<\/b><\/td>\n<\/tr>\n<tr>\n<td><b>Punta Cana<\/b><\/td>\n<td><b>7:45 rano<\/b><\/td>\n<\/tr>\n<tr>\n<td><b>B\u00e1varo<\/b><\/td>\n<td><b>7:30 rano<\/b><\/td>\n<\/tr>\n<tr>\n<td><b>Uvero Altos<\/b><\/td>\n<td><b>07:00<\/b><\/td>\n<\/tr>\n<tr>\n<td><b>Klub Med<\/b><\/td>\n<td><b>07:00<\/b><\/td>\n<\/tr>\n<tr>\n<td><b>Boca Chica<\/b><\/td>\n<td><b>07:00<\/b><\/td>\n<\/tr>\n<tr>\n<td><b>Santo Domingo<\/b><\/td>\n<td><b>6:40 rano<\/b><\/td>\n<\/tr>\n<tr>\n<td><b>Juan Dolio<\/b><\/td>\n<td><b>07:00<\/b><\/td>\n<\/tr>\n<\/tbody>\n<\/table>\n<p>&nbsp;<\/p>\n<p><b>Uwaga:<\/b><span style=\"font-weight: 400;\"> je\u015bli rezerwujesz w ci\u0105gu 24 godzin przed czasem wyjazdu\/wycieczki, mo\u017cemy zorganizowa\u0107 odbi\u00f3r z hotelu za dodatkow\u0105 op\u0142at\u0105. Po sfinalizowaniu zakupu wy\u015blemy Ci pe\u0142ne dane kontaktowe (numer telefonu, adres e-mail itp.) do naszego lokalnego przewodnika w celu zorganizowania odbioru.<\/span><\/p>\n<h4><b><i>Dodatkowe potwierdzenie informacji <\/i><\/b><\/h4>\n<ol>\n<li>Bilety s\u0105 paragonem po op\u0142aceniu tej wycieczki. Mo\u017cesz pokaza\u0107 p\u0142atno\u015b\u0107 na swoim telefonie.<\/li>\n<li style=\"font-weight: 400;\"><span style=\"font-weight: 400;\">Miejsce spotkania zostanie odebrane po zako\u0144czeniu procesu rezerwacji.<\/span><\/li>\n<li style=\"font-weight: 400;\"><span style=\"font-weight: 400;\">Dzieciom musi towarzyszy\u0107 osoba doros\u0142a.<\/span><\/li>\n<li style=\"font-weight: 400;\"><span style=\"font-weight: 400;\">Dost\u0119p dla w\u00f3zk\u00f3w inwalidzkich <\/span><\/li>\n<li style=\"font-weight: 400;\"><span style=\"font-weight: 400;\">Niemowl\u0119ta musz\u0105 siedzie\u0107 na kolanach <\/span><\/li>\n<li style=\"font-weight: 400;\"><span style=\"font-weight: 400;\">Wi\u0119kszo\u015b\u0107 podr\u00f3\u017cnych mo\u017ce wzi\u0105\u0107 udzia\u0142<\/span><\/li>\n<\/ol>\n<h4><b><i>Zasady anulowania<\/i><\/b><\/h4>\n<p>Aby uzyska\u0107 pe\u0142ny zwrot pieni\u0119dzy, przeczytaj nasze Zasady anulowania rezerwacji\u00a0<a href=\"https:\/\/www.boattoursamana.com\/pl\/rezerwacja-online\/\" target=\"_blank\" rel=\"noopener\" data-saferedirecturl=\"https:\/\/www.google.com\/url?q=https:\/\/www.boattoursamana.com\/online-booking\/&amp;source=gmail&amp;ust=1672449202351000&amp;usg=AOvVaw1yAeVAPktmaVCqDujgUn90\">Kliknij tutaj<\/a>. \u015arodki zostan\u0105 utracone, je\u015bli rezerwacja zostanie anulowana tego samego dnia wycieczki.<\/p>\n<p>UWAGA: Je\u015bli chcesz odby\u0107 t\u0119 wycieczk\u0119 i chcesz pozna\u0107 wi\u0119cej szczeg\u00f3\u0142\u00f3w, mo\u017cesz to zrobi\u0107<a href=\"mailto:info@bookingadventures.com.do\">\u00a0skontaktuj si\u0119 z nami przez e-mail<\/a>l<strong>\u00a0<\/strong>lub za po\u015brednictwem naszego bezpo\u015bredniego czatu serwisowego Whatsapp pod tym numerem:\u00a0<strong>+1 809-720-6035<\/strong>. Przyjedziemy natychmiast i przygotujemy ofert\u0119 dostosowuj\u0105c\u0105 cen\u0119 do ilo\u015bci os\u00f3b.<\/p>\n<p>(Aby zorganizowa\u0107 prywatn\u0105 wycieczk\u0119, potrzebujemy co najmniej 4 os\u00f3b. Dla mniejszej liczby os\u00f3b mo\u017cemy zorganizowa\u0107 p\u00f3\u0142prywatn\u0105 wycieczk\u0119 z maksymalnie 15 osobami).<\/p>\n<div id=\"gtx-trans\" style=\"position: absolute; left: -1px; top: 1055.03px;\">\n<div class=\"gtx-trans-icon\"><\/div>\n<\/div>\n\n\t\t<\/div>\n\t<\/div>\n<\/div><\/div><\/div><\/div><div class=\"vc_row wpb_row vc_row-fluid\" ><div class=\"wpb_column vc_column_container vc_col-sm-12\"><div class=\"vc_column-inner\"><div class=\"wpb_wrapper\"><div class=\"vc_btn3-container vc_btn3-inline\" ><a class=\"vc_general vc_btn3 vc_btn3-size-md vc_btn3-shape-rounded vc_btn3-style-modern vc_btn3-color-green\" href=\"https:\/\/bookingadventures.tours\/booking.php?tour_id=1c85fe9604e2cc8d0dc000a6eba6a86a\" title=\"\" rel=\"noopener\">REZERWUJ TERAZ<\/a><\/div><\/div><\/div><\/div><\/div><div class=\"vc_row wpb_row vc_row-fluid\" ><div class=\"wpb_column vc_column_container vc_col-sm-12\"><div class=\"vc_column-inner\"><div class=\"wpb_wrapper\"><div class=\"vc_empty_space\"   style=\"height: 32px\"><span class=\"vc_empty_space_inner\"><\/span><\/div>\n\t<div class=\"wpb_video_widget wpb_content_element vc_clearfix   vc_video-aspect-ratio-169 vc_video-el-width-100 vc_video-align-left\" >\n\t\t<div class=\"wpb_wrapper\">\n\t\t\t<h2 class=\"wpb_heading wpb_video_heading\">Film o wycieczkach i wycieczkach po wyspie Saona:<\/h2>\n\t\t\t<div class=\"wpb_video_wrapper\"><iframe loading=\"lazy\" title=\"Wyspa Saola Ca\u0142y dzie\u0144 przez Booking Adventures, Travel Dominikana\" width=\"1100\" height=\"619\" src=\"https:\/\/www.youtube.com\/embed\/sas91N4zMHo?feature=oembed\" frameborder=\"0\" allow=\"accelerometer; autoplay; encrypted-media; gyroscope; picture-in-picture\" allowfullscreen><\/iframe><\/div>\n\t\t<\/div>\n\t<\/div>\n<div class=\"vc_empty_space\"   style=\"height: 32px\"><span class=\"vc_empty_space_inner\"><\/span><\/div><div class=\"vc_btn3-container vc_btn3-inline\" ><a class=\"vc_general vc_btn3 vc_btn3-size-md vc_btn3-shape-rounded vc_btn3-style-modern vc_btn3-color-green\" href=\"https:\/\/bookingadventures.tours\/booking.php?tour_id=1c85fe9604e2cc8d0dc000a6eba6a86a\" title=\"\" rel=\"noopener\">REZERWUJ TERAZ<\/a><\/div><\/div><\/div><\/div><\/div><div class=\"vc_row wpb_row vc_row-fluid\" ><\/div><div class=\"wpb_column vc_column_container vc_col-sm-12\"><div class=\"vc_column-inner\"><div class=\"wpb_wrapper\"><\/div><\/div><\/div><div class=\"vc_empty_space\"   style=\"height: 32px\"><span class=\"vc_empty_space_inner\"><\/span><\/div><div class=\"vc_empty_space\"   style=\"height: 32px\"><span class=\"vc_empty_space_inner\"><\/span><\/div>","protected":false},"excerpt":{"rendered":"<p>Bilet jednodniowy na wysp\u0119 Saona z portu Bayahibe. W cen\u0119 wliczony jest lunch i naturalne baseny. W razie potrzeby transfer z dowolnej cz\u0119\u015bci Republiki Dominikany. Po prostu skontaktuj si\u0119 z nami i cieszmy si\u0119 najlepszymi wra\u017ceniami z Isla Saona.<\/p>\n<p>&nbsp;<\/p>\n<p><strong>Wybierz termin wycieczki:<\/strong><\/p>","protected":false},"featured_media":13414,"template":"","meta":[],"product_cat":[948,971,965,821,829,828],"product_tag":[400,244,830,242,395,272,823,690,241,243,315,398,824,825,314],"class_list":["post-11528","product","type-product","status-publish","has-post-thumbnail","hentry","product_cat-1-punta-cana","product_cat-punta-cana-private-tours","product_cat-punta-cana-saona-island","product_cat-saona-island-offers","product_cat-saona-island-private-tour-from-cap-cana-hotels-cap-cana-lobby","product_cat-saona-island-private-tour-from-la-romana-hotels-la-romana-lobby","product_tag-all-inclusive-trip-to-saona-island-by-speedboat-catamaran","product_tag-bayahibe","product_tag-cap-cana","product_tag-catamaran","product_tag-how-to-get-to-saona-island","product_tag-isla-saona","product_tag-private-day-trip-saona","product_tag-private-tours","product_tag-saona","product_tag-saona-island","product_tag-saona-island-excursion","product_tag-saona-island-hotels","product_tag-saona-island-private","product_tag-saona-island-private-tour-from-punta-cana-hotels-punta-cana-lobby","product_tag-saona-island-tour"],"_links":{"self":[{"href":"https:\/\/www.boattoursamana.com\/pl\/wp-json\/wp\/v2\/product\/11528","targetHints":{"allow":["GET"]}}],"collection":[{"href":"https:\/\/www.boattoursamana.com\/pl\/wp-json\/wp\/v2\/product"}],"about":[{"href":"https:\/\/www.boattoursamana.com\/pl\/wp-json\/wp\/v2\/types\/product"}],"wp:featuredmedia":[{"embeddable":true,"href":"https:\/\/www.boattoursamana.com\/pl\/wp-json\/wp\/v2\/media\/13414"}],"wp:attachment":[{"href":"https:\/\/www.boattoursamana.com\/pl\/wp-json\/wp\/v2\/media?parent=11528"}],"wp:term":[{"taxonomy":"product_cat","embeddable":true,"href":"https:\/\/www.boattoursamana.com\/pl\/wp-json\/wp\/v2\/product_cat?post=11528"},{"taxonomy":"product_tag","embeddable":true,"href":"https:\/\/www.boattoursamana.com\/pl\/wp-json\/wp\/v2\/product_tag?post=11528"}],"curies":[{"name":"wp","href":"https:\/\/api.w.org\/{rel}","templated":true}]}}