{"id":12454,"date":"2021-03-28T05:56:11","date_gmt":"2021-03-28T05:56:11","guid":{"rendered":"https:\/\/www.ticketswhales.com\/?post_type=product&#038;p=12454"},"modified":"2023-11-07T20:22:58","modified_gmt":"2023-11-07T20:22:58","slug":"altos-de-cano-hondo-mountain-bike-tour","status":"publish","type":"product","link":"https:\/\/www.boattoursamana.com\/pl\/wycieczka-2\/wycieczka-rowerem-gorskim-altos-de-cano-hondo","title":{"rendered":"Altos de Ca\u00f1o Hondo + wycieczka rowerem g\u00f3rskim"},"content":{"rendered":"<div class=\"vc_row wpb_row vc_row-fluid\" ><div class=\"wpb_column vc_column_container vc_col-sm-12\"><div class=\"vc_column-inner\"><div class=\"wpb_wrapper\"><div class=\"vc_empty_space\"   style=\"height: 32px\"><span class=\"vc_empty_space_inner\"><\/span><\/div><\/div><\/div><\/div><\/div><div class=\"vc_row wpb_row vc_row-fluid\" ><div class=\"wpb_column vc_column_container vc_col-sm-12\"><div class=\"vc_column-inner\"><div class=\"wpb_wrapper\"><div class=\"vc_btn3-container vc_btn3-inline\" ><button class=\"vc_general vc_btn3 vc_btn3-size-md vc_btn3-shape-rounded vc_btn3-style-modern vc_btn3-color-green\">REZERWUJ TERAZ<\/button><\/div>\n\t<div class=\"wpb_text_column wpb_content_element\" >\n\t\t<div class=\"wpb_wrapper\">\n\t\t\t<h2 class=\"serp-title capitalize\">Altos de Cano Hondo i wycieczka rowerem g\u00f3rskim<\/h2>\n<h4><b><i>Przegl\u0105d<\/i><\/b><\/h4>\n<p><span style=\"font-weight: 400;\">Podr\u00f3\u017cuj z lokalnym ekspertem i zdob\u0105d\u017a wyj\u0105tkowe wra\u017cenia z jazdy na rowerze, zaczynaj\u0105c od Sabana de la Mar, ta wycieczka zabierze Ci\u0119 w okolice, aby zobaczy\u0107 pi\u0119kny krajobraz Dominikany. Podczas jazdy na rowerze b\u0119dziesz m\u00f3g\u0142 si\u0119 przywita\u0107! do rolnik\u00f3w jad\u0105cych konno lub motocyklem do ich posiad\u0142o\u015bci, a podczas wycieczki b\u0119dziesz m\u00f3g\u0142 pozna\u0107 przygod\u0119 i lokaln\u0105 kultur\u0119 z Sabana de la Mar. To miasto zosta\u0142o oficjalnie za\u0142o\u017cone w 1756 roku przez oko\u0142o jedena\u015bcie (11) rodzin, kt\u00f3re przyby\u0142y z Wysp Kanaryjskich w Hiszpanii. G\u0142\u00f3wne rodzaje dzia\u0142alno\u015bci gospodarczej Sabana de la Mar to rolnictwo, ekoturystyka i rybo\u0142\u00f3wstwo.\u00a0<\/span><\/p>\n<p>&nbsp;<\/p>\n<p><span style=\"font-weight: 400;\">W\u0142\u0105czenia i wykluczenia<\/span><\/p>\n<p>&nbsp;<\/p>\n<p><span style=\"font-weight: 400;\">Inkluzje<\/span><\/p>\n<p>&nbsp;<\/p>\n<p><span style=\"font-weight: 400;\">Jazda na rowerze<\/span><\/p>\n<p>Obiad z mieszka\u0144cami<\/p>\n<p><span style=\"font-weight: 400;\">Altos de Ca\u00f1o Hondo i naturalne baseny<\/span><\/p>\n<p><span style=\"font-weight: 400;\">Wszystkie podatki, op\u0142aty i op\u0142aty manipulacyjne<\/span><\/p>\n<p><span style=\"font-weight: 400;\">Lokalne podatki<\/span><\/p>\n<p><span style=\"font-weight: 400;\">Urz\u0119dnicy Ekolog przewodnicy wycieczki w j\u0119zyku angielskim\/hiszpa\u0144skim<\/span><\/p>\n<p>&nbsp;<\/p>\n<p><span style=\"font-weight: 400;\">Wykluczenia<\/span><\/p>\n<p>&nbsp;<\/p>\n<p><span style=\"font-weight: 400;\">Napiwki<\/span><\/p>\n<p><span style=\"font-weight: 400;\">Przenosi\u0107<\/span><\/p>\n<p><span style=\"font-weight: 400;\">Nap\u00f3j<\/span><\/p>\n<p>&nbsp;<\/p>\n<p><span style=\"font-weight: 400;\">Wyjazd i powr\u00f3t<\/span><\/p>\n<p>&nbsp;<\/p>\n<p><span style=\"font-weight: 400;\">Wycieczka organizowana przez \u201eBooking Adventures\u201d rozpoczyna si\u0119 w miejscu spotkania z Przewodnikiem. Po dokonaniu rezerwacji podr\u00f3\u017cny otrzyma miejsce zbi\u00f3rki. Wycieczki rozpoczynaj\u0105 si\u0119 i ko\u0144cz\u0105 w naszych punktach spotka\u0144.<\/span><\/p>\n<p>&nbsp;<\/p>\n<p><span style=\"font-weight: 400;\">Czego oczekiwa\u0107?<\/span><\/p>\n<p><span style=\"font-weight: 400;\">Zdob\u0105d\u017a bilet na jazd\u0119 na rowerze i Altos de Cano Hondo i naturalne baseny z Sabana de la Mar<\/span><\/p>\n<p>&nbsp;<\/p>\n<p><span style=\"font-weight: 400;\">Ta wycieczka rozpoczyna si\u0119 w miejscu spotkania, kt\u00f3re musisz potwierdzi\u0107 u naszych agent\u00f3w podr\u00f3\u017cy lub swojego przewodnika przed wyruszeniem w dowolne miejsce. Po spotkaniu ze swoim przewodnikiem zapoznasz si\u0119 z tras\u0105 i wszystkim, co dotyczy Twojego dnia.<\/span><\/p>\n<p><span style=\"font-weight: 400;\">Kiedy wszyscy b\u0119d\u0105 gotowi, udamy si\u0119 do Altos de Cano Hondo i Natural Pools, gdzie rozpoczniesz piesz\u0105 wycieczk\u0119, aby nadzorowa\u0107 jedno z 10 najlepszych miejsc ekoturystycznych na \u015bwiecie wed\u0142ug magazynu Forbes podczas tej przygody poznasz wyj\u0105tkow\u0105 architektur\u0119 tego ekodomu.\u00a0<\/span><\/p>\n<p><span style=\"font-weight: 400;\">Cano Hondo to nazwa nadana przez lokalnych rolnik\u00f3w z tego obszaru, a nazwa ta pochodzi od rodzaju po\u0142o\u017cenia geograficznego tego miejsca, to miejsce znajduje si\u0119 poni\u017cej poziomu morza i s\u0105 tam ma\u0142e \u017ar\u00f3d\u0142a, takie jak Jivales i Cano Hondo, kt\u00f3re pochodz\u0105 z podziemnej rzeki prosto z G\u00f3ra Los Haitises.\u00a0<\/span><\/p>\n<p><span style=\"font-weight: 400;\">Podczas tej cz\u0119\u015bci podr\u00f3\u017cy odwiedzisz Altos de Cano Hondo, kt\u00f3ry obok Parku Narodowego Los Haitises jest jednym z najwi\u0119kszych park\u00f3w narodowych w kraju o powierzchni ponad 1600 km2 i jedn\u0105 z najwi\u0119kszych formacji wapiennych na \u015bwiecie.\u00a0<\/span><\/p>\n<p>&nbsp;<\/p>\n<p><span style=\"font-weight: 400;\">Po pieszej wycieczce po Altos de Cano Hondo przygotuj si\u0119 na skoki do naturalnych basen\u00f3w przed lunchem, a po obiedzie wr\u00f3cisz do Sabana de la Mar. Po 4 i p\u00f3\u0142 godzinach zaj\u0119\u0107 w Cano Hondo zaczynamy jazd\u0119 na naszej g\u00f3rze rowerem z powrotem do Sabana de la Mar, ta wycieczka ko\u0144czy si\u0119 w tym samym miejscu, w kt\u00f3rym si\u0119 rozpocz\u0119\u0142a.<\/span><\/p>\n<p>&nbsp;<\/p>\n<p><span style=\"font-weight: 400;\">Uwaga: te wycieczki odbywaj\u0105 si\u0119 z przewodnikami Officials Ecologist. Prosz\u0119 zarezerwowa\u0107 z czasem, poniewa\u017c w parku nie ma zbyt wielu specjalist\u00f3w.<\/span><\/p>\n<p>&nbsp;<\/p>\n<p>&nbsp;<\/p>\n<p><span style=\"font-weight: 400;\">Co powiniene\u015b ze sob\u0105 zabra\u0107?<\/span><\/p>\n<ul>\n<li style=\"font-weight: 400;\" aria-level=\"1\"><span style=\"font-weight: 400;\">Kamera<\/span><\/li>\n<li style=\"font-weight: 400;\" aria-level=\"1\"><span style=\"font-weight: 400;\">Odstraszaj\u0105ce p\u0105ki<\/span><\/li>\n<li style=\"font-weight: 400;\" aria-level=\"1\"><span style=\"font-weight: 400;\">krem do opalania<\/span><\/li>\n<li style=\"font-weight: 400;\" aria-level=\"1\"><span style=\"font-weight: 400;\">Wygodne spodnie<\/span><\/li>\n<li style=\"font-weight: 400;\" aria-level=\"1\"><span style=\"font-weight: 400;\">Buty do biegania\u00a0<\/span><\/li>\n<\/ul>\n<p>&nbsp;<\/p>\n<h4><b><i>Odbi\u00f3r z hotelu <\/i><\/b><\/h4>\n<p><span style=\"font-weight: 400;\">Odbi\u00f3r z hotelu nie jest oferowany podczas tej wycieczki. <\/span><\/p>\n<p><b>Uwaga:<\/b><span style=\"font-weight: 400;\"> je\u015bli rezerwujesz w ci\u0105gu 24 godzin przed czasem wyjazdu\/wycieczki, mo\u017cemy zorganizowa\u0107 odbi\u00f3r z hotelu za dodatkow\u0105 op\u0142at\u0105. Po sfinalizowaniu zakupu wy\u015blemy Ci pe\u0142ne dane kontaktowe (numer telefonu, adres e-mail itp.) do naszego lokalnego przewodnika w celu zorganizowania odbioru.<\/span><\/p>\n<h4><b><i>Dodatkowe potwierdzenie informacji <\/i><\/b><\/h4>\n<ol>\n<li>Bilety s\u0105 Paragonem po op\u0142aceniu tej wycieczki. Mo\u017cesz pokaza\u0107 p\u0142atno\u015b\u0107 na swoim telefonie.<\/li>\n<li style=\"font-weight: 400;\"><span style=\"font-weight: 400;\">Miejsce spotkania zostanie odebrane po zako\u0144czeniu procesu rezerwacji.<\/span><\/li>\n<li style=\"font-weight: 400;\"><span style=\"font-weight: 400;\">Dzieciom musi towarzyszy\u0107 osoba doros\u0142a.<\/span><\/li>\n<li style=\"font-weight: 400;\"><span style=\"font-weight: 400;\"> Niedost\u0119pny dla w\u00f3zk\u00f3w inwalidzkich <\/span><\/li>\n<li style=\"font-weight: 400;\"><span style=\"font-weight: 400;\">Niemowl\u0119ta musz\u0105 siedzie\u0107 na kolanach <\/span><\/li>\n<li style=\"font-weight: 400;\"><span style=\"font-weight: 400;\">Niezalecane dla podr\u00f3\u017cnych z problemami z plecami<\/span><\/li>\n<li style=\"font-weight: 400;\"><span style=\"font-weight: 400;\">Nie zalecane dla podr\u00f3\u017cuj\u0105cych w ci\u0105\u017cy <\/span><\/li>\n<li style=\"font-weight: 400;\"><span style=\"font-weight: 400;\"> \u017badnych problem\u00f3w z sercem ani innych powa\u017cnych schorze\u0144 <\/span><\/li>\n<li style=\"font-weight: 400;\"><span style=\"font-weight: 400;\">Wi\u0119kszo\u015b\u0107 podr\u00f3\u017cnych mo\u017ce wzi\u0105\u0107 udzia\u0142<\/span><\/li>\n<\/ol>\n<h4><b><i>Zasady anulowania<\/i><\/b><\/h4>\n<p>Aby uzyska\u0107 pe\u0142ny zwrot pieni\u0119dzy, przeczytaj nasze Zasady anulowania rezerwacji\u00a0<a href=\"https:\/\/www.boattoursamana.com\/pl\/rezerwacja-online\/\" target=\"_blank\" rel=\"noopener\" data-saferedirecturl=\"https:\/\/www.google.com\/url?q=https:\/\/www.boattoursamana.com\/online-booking\/&amp;source=gmail&amp;ust=1672449202351000&amp;usg=AOvVaw1yAeVAPktmaVCqDujgUn90\">Kliknij tutaj<\/a>. \u015arodki zostan\u0105 utracone, je\u015bli rezerwacja zostanie anulowana tego samego dnia wycieczki.<\/p>\n\n\t\t<\/div>\n\t<\/div>\n<\/div><\/div><\/div><\/div><div class=\"vc_row wpb_row vc_row-fluid\" ><div class=\"wpb_column vc_column_container vc_col-sm-12\"><div class=\"vc_column-inner\"><div class=\"wpb_wrapper\"><div class=\"vc_empty_space\"   style=\"height: 32px\"><span class=\"vc_empty_space_inner\"><\/span><\/div>\n\t<div class=\"wpb_text_column wpb_content_element\" >\n\t\t<div class=\"wpb_wrapper\">\n\t\t\t<h4>Skontaktuj si\u0119 z nami?<\/h4>\n<h5>rezerwacja przyg\u00f3d<\/h5>\n<p><em><strong>Miejscowi<\/strong>\u00a0oraz\u00a0<strong>Rodacy<\/strong>\u00a0Przewodnicy turystyczni i us\u0142ugi dla go\u015bci<\/em><\/p>\n<p><span class=\"text-turquoise\">Rezerwacje:<\/span>\u00a0Wycieczki i wycieczki w Dom. Reprezentant.<\/p>\n<p><img decoding=\"async\" class=\"emoji\" draggable=\"false\" src=\"https:\/\/s.w.org\/images\/core\/emoji\/11.2.0\/svg\/1f4de.svg\" alt=\"\ud83d\udcde\" title=\"\">\u00a0Tel \/ Whatsapp\u00a0\u00a0<a href=\"tel:+1-809-720-6035\">+1-809-720-6035<\/a>.<\/p>\n<p><img decoding=\"async\" class=\"emoji\" draggable=\"false\" src=\"https:\/\/s.w.org\/images\/core\/emoji\/11.2.0\/svg\/1f4e9.svg\" alt=\"\ud83d\udce9\" title=\"\">\u00a0<a href=\"mailto:info@bookingadventures.com.do\">info@bookingadventures.com.do<\/a><\/p>\n<p><strong>Jeste\u015bmy elastyczni w ustalaniu prywatnych wycieczek przez Whatsapp:\u00a0<a href=\"tel:+18097206035\">+18097206035.<\/a><\/strong><\/p>\n\n\t\t<\/div>\n\t<\/div>\n<div class=\"vc_empty_space\"   style=\"height: 32px\"><span class=\"vc_empty_space_inner\"><\/span><\/div><\/div><\/div><\/div><\/div><div class=\"vc_row wpb_row vc_row-fluid\" ><div class=\"wpb_column vc_column_container vc_col-sm-12\"><div class=\"vc_column-inner\"><div class=\"wpb_wrapper\"><div class=\"vc_btn3-container vc_btn3-inline\" ><button class=\"vc_general vc_btn3 vc_btn3-size-md vc_btn3-shape-rounded vc_btn3-style-modern vc_btn3-color-green\">REZERWUJ TERAZ<\/button><\/div><\/div><\/div><\/div><\/div>","protected":false},"excerpt":{"rendered":"<p><span style=\"font-weight: 400;\">Cano Hondo to nazwa nadana przez lokalnych rolnik\u00f3w z tego obszaru, a nazwa ta pochodzi od rodzaju po\u0142o\u017cenia geograficznego tego miejsca, to miejsce znajduje si\u0119 poni\u017cej poziomu morza i s\u0105 tam ma\u0142e \u017ar\u00f3d\u0142a, takie jak Jivales i Cano Hondo, kt\u00f3re pochodz\u0105 z podziemnej rzeki prosto z G\u00f3ra Los Haitises.\u00a0<\/span><\/p>\n<p>Podczas tej cz\u0119\u015bci wycieczki odwiedzicie Altos de Cano Hondo, kt\u00f3ry znajduje si\u0119 obok Parku Narodowego Los Haitises, jednego z najwi\u0119kszych park\u00f3w narodowych w kraju o powierzchni ponad 1600 km2 i jednej z najwi\u0119kszych formacji wapiennych na \u015bwiecie.<\/p>\n<p>Po pieszej wycieczce po Altos de Cano Hondo przygotuj si\u0119 na wskoczenie do naturalnych basen\u00f3w przed lunchem, a po obiedzie wr\u00f3cisz do Sabana de la Mar. Po 4 i p\u00f3\u0142 godzinach zaj\u0119\u0107 w Cano Hondo wr\u00f3cimy do <span style=\"font-weight: 400;\"><span style=\"vertical-align: inherit;\"><span style=\"vertical-align: inherit;\">Sabana. de la Mar.<\/span><\/span><\/span><\/p>\n<p>&nbsp;<\/p>\n<p><em><strong>Wybierz termin wycieczki:<\/strong><\/em><\/p>","protected":false},"featured_media":13214,"template":"","meta":[],"product_cat":[878,946,930,933],"product_tag":[879,176,211,868,869,192,319,208,206,207,171,877,209,426,837,327,175,199,200],"class_list":["post-12454","product","type-product","status-publish","has-post-thumbnail","hentry","product_cat-altos-de-cano-hondo","product_cat-1-sabana-de-la-mar","product_cat-mountain-bike-los-haitises","product_cat-natural-pools-los-haitises","product_tag-altos-de-cano-hondo","product_tag-cano-hondo","product_tag-cano-hondo-hotel","product_tag-canoes","product_tag-canoes-dominican-republic","product_tag-day-tour-cano-hondo","product_tag-kayak-dominican-republic","product_tag-kayaking-dominican-republic","product_tag-kayaking-los-haitises","product_tag-kayaks","product_tag-los-haitises","product_tag-los-haitises-mountain-bike","product_tag-los-haitises-national-park","product_tag-los-haitises-tours","product_tag-mangroves-reforestation-in-los-haitises-with-locals","product_tag-private-tours-samana","product_tag-sabana-de-la-mar","product_tag-samana-bay","product_tag-samana-excursions"],"_links":{"self":[{"href":"https:\/\/www.boattoursamana.com\/pl\/wp-json\/wp\/v2\/product\/12454","targetHints":{"allow":["GET"]}}],"collection":[{"href":"https:\/\/www.boattoursamana.com\/pl\/wp-json\/wp\/v2\/product"}],"about":[{"href":"https:\/\/www.boattoursamana.com\/pl\/wp-json\/wp\/v2\/types\/product"}],"wp:featuredmedia":[{"embeddable":true,"href":"https:\/\/www.boattoursamana.com\/pl\/wp-json\/wp\/v2\/media\/13214"}],"wp:attachment":[{"href":"https:\/\/www.boattoursamana.com\/pl\/wp-json\/wp\/v2\/media?parent=12454"}],"wp:term":[{"taxonomy":"product_cat","embeddable":true,"href":"https:\/\/www.boattoursamana.com\/pl\/wp-json\/wp\/v2\/product_cat?post=12454"},{"taxonomy":"product_tag","embeddable":true,"href":"https:\/\/www.boattoursamana.com\/pl\/wp-json\/wp\/v2\/product_tag?post=12454"}],"curies":[{"name":"wp","href":"https:\/\/api.w.org\/{rel}","templated":true}]}}