{"id":12526,"date":"2021-05-25T10:10:26","date_gmt":"2021-05-25T10:10:26","guid":{"rendered":"https:\/\/www.ticketswhales.com\/?post_type=product&#038;p=12526"},"modified":"2023-11-07T19:30:26","modified_gmt":"2023-11-07T19:30:26","slug":"jarabacoa-buggy-baiguate-waterfall","status":"publish","type":"product","link":"https:\/\/www.boattoursamana.com\/pl\/wycieczka-2\/jarabacoa-buggy-baiguate-wodospad","title":{"rendered":"W\u00f3zek Jarabacoa z wodospadem Baiguate"},"content":{"rendered":"<div class=\"vc_row wpb_row vc_row-fluid\" ><div class=\"wpb_column vc_column_container vc_col-sm-12\"><div class=\"vc_column-inner\"><div class=\"wpb_wrapper\">\n\t<div class=\"wpb_text_column wpb_content_element\" >\n\t\t<div class=\"wpb_wrapper\">\n\t\t\t<p>Jarabacoa z wodospadami Jimenoa i BaiguateBuggy<\/p>\n\n\t\t<\/div>\n\t<\/div>\n<div class=\"vc_btn3-container vc_btn3-inline\" ><button class=\"vc_general vc_btn3 vc_btn3-size-md vc_btn3-shape-rounded vc_btn3-style-modern vc_btn3-color-green\">REZERWUJ TERAZ<\/button><\/div><\/div><\/div><\/div><\/div><div class=\"vc_row wpb_row vc_row-fluid\" ><div class=\"wpb_column vc_column_container vc_col-sm-12\"><div class=\"vc_column-inner\"><div class=\"wpb_wrapper\">\n\t<div class=\"wpb_text_column wpb_content_element\" >\n\t\t<div class=\"wpb_wrapper\">\n\t\t\t<h3 class=\"ui_header h1 attractions-product-info-ProductTitle__title--1qM0o\">Wodospad Jarabacoa Buggy &amp; Baiguate<\/h3>\n<h4><b><i>Przegl\u0105d <\/i><\/b><\/h4>\n<p><span style=\"font-weight: 400;\">Do\u0142\u0105cz do nas i podr\u00f3\u017cuj z lokalnym ekspertem z Jarabacoa i zdob\u0105d\u017a wyj\u0105tkowe do\u015bwiadczenie odwiedzania najlepszych miejsc w stolicy ekoturystyki, zaczynaj\u0105c od Jarabacoa, ta wycieczka zabierze Ci\u0119 dooko\u0142a, podziwiaj\u0105c pi\u0119kny krajobraz najwi\u0119kszego g\u00f3rskiego rancza Republiki Dominikany. Jad\u0105c do r\u00f3\u017cnych miejsc, poczujesz g\u00f3rskie powietrze i b\u0119dziesz cieszy\u0107 si\u0119 pi\u0119knem krajobrazu.\u00a0<\/span><\/p>\n<p><span style=\"font-weight: 400;\">Mo\u017cemy dosta\u0107 si\u0119 do r\u00f3\u017cnych miejsc na tej trasie. B\u0119dziesz mie\u0107 opcje: jazda na rowerze, jazda konna, safari, cztery ko\u0142a lub buggy. Kup bilet online ju\u017c teraz i baw si\u0119, poznaj\u0105c kultur\u0119 Jarabacoa i Dominikany, podr\u00f3\u017cuj\u0105c do najlepszych miejsc w mie\u015bcie.<\/span><\/p>\n<p><span style=\"font-weight: 400;\">Jarabacoa to miasto wiecznej przerwy wiosennej ze wzgl\u0119du na pogod\u0119 i druga najwa\u017cniejsza gmina z prowincji la Vega. Wed\u0142ug historii Jarabacoa oznacza \u201emiejsce obfituj\u0105ce w wod\u0119\u201d. 27 wrze\u015bnia 1858 r. Jarabacoa rozpocz\u0119\u0142o swoje \u017cycie jako gmina, kategoria uzyskana po karierze, kt\u00f3ra rozpocz\u0119\u0142a si\u0119 na pocz\u0105tku XIX wieku. Podr\u00f3\u017cuj z nami i dowiedz si\u0119 wi\u0119cej o g\u00f3rach, przyrodzie, kulturze i mieszka\u0144cach p\u00f3\u0142nocnego regionu Dominikany.\u00a0<\/span><\/p>\n<ul>\n<li style=\"font-weight: 400;\">Op\u0142aty wliczone<\/li>\n<li>Lunch<\/li>\n<li>przek\u0105ski<\/li>\n<li style=\"font-weight: 400;\">Lokalny przewodnik turystyczny w j\u0119zyku angielskim<\/li>\n<\/ul>\n<h4><b>W\u0142\u0105czenia i wykluczenia<\/b><\/h4>\n<p><b>Inkluzje<\/b><\/p>\n<ol>\n<li>Lunch<\/li>\n<li style=\"font-weight: 400;\"><span style=\"font-weight: 400;\">Wszystkie podatki, op\u0142aty i op\u0142aty manipulacyjne<\/span><\/li>\n<li style=\"font-weight: 400;\"><span style=\"font-weight: 400;\">Lokalne podatki<\/span><\/li>\n<li style=\"font-weight: 400;\"><span style=\"font-weight: 400;\">Napoje<\/span><\/li>\n<li>przek\u0105ski<\/li>\n<li style=\"font-weight: 400;\"><span style=\"font-weight: 400;\">Wszystkie aktywno\u015bci<\/span><\/li>\n<li style=\"font-weight: 400;\"><span style=\"font-weight: 400;\">Lokalny przewodnik<\/span><\/li>\n<\/ol>\n<p><b> Wykluczenia<\/b><\/p>\n<ol>\n<li style=\"font-weight: 400;\"><span style=\"font-weight: 400;\">Napiwki<\/span><\/li>\n<li>transport (ustalony przez kontakt z nami)<\/li>\n<li style=\"font-weight: 400;\"><span style=\"font-weight: 400;\">Napoje alkoholowe<\/span><\/li>\n<\/ol>\n<h4><em><strong>Wyjazd i powr\u00f3t<\/strong><\/em><\/h4>\n<p><span style=\"font-weight: 400;\">Po dokonaniu rezerwacji podr\u00f3\u017cny otrzyma miejsce zbi\u00f3rki. Wycieczki rozpoczynaj\u0105 si\u0119 i ko\u0144cz\u0105 w miejscach spotka\u0144.<\/span><\/p>\n<h3 class=\"ui_header h1 attractions-product-info-ProductTitle__title--1qM0o\">Buggy Jarabacoa i wodospad Baiguate<\/h3>\n<h4><b><i>Czego oczekiwa\u0107?<\/i><\/b><\/h4>\n<p><span style=\"font-weight: 400;\">Zdob\u0105d\u017a bilet na Baiguate Waterfalls From Jarabacoa City przez Buggy.\u00a0<\/span><\/p>\n<p><span style=\"font-weight: 400;\">Kiedy m\u00f3wimy o buggy, m\u00f3wimy o poje\u017adzie terenowym, kt\u00f3ry zapewnia bezpiecze\u0144stwo i \u0142atwo\u015b\u0107 prowadzenia, a jednocze\u015bnie pozwala u\u017cytkownikowi na wi\u0119kszy kontakt z terenem i otaczaj\u0105c\u0105 go przyrod\u0105 podczas jazdy. Poczuj bryz\u0119, s\u0142o\u0144ce, deszcz, zobacz krajobraz u swojego boku w wygodnym i bezpiecznym urz\u0105dzeniu zaprojektowanym do zabawy po le\u015bnych \u015bcie\u017ckach i bezdro\u017cach.<\/span><\/p>\n<p><span style=\"font-weight: 400;\">Ta wycieczka rozpoczyna si\u0119 od miejsca spotkania, kt\u00f3re musisz potwierdzi\u0107 u naszych agent\u00f3w podr\u00f3\u017cy lub swojego przewodnika przed udaniem si\u0119 do dowolnego miejsca. Gdy spotkasz si\u0119 ze swoim przewodnikiem, zapoznasz si\u0119 z tras\u0105 i wszystkim, co dotyczy Twojego dnia.<\/span><\/p>\n<p><span style=\"font-weight: 400;\">Kiedy wszyscy b\u0119d\u0105 gotowi, rozpoczniemy nasz\u0105 jazd\u0119 do niekt\u00f3rych wiejskich obszar\u00f3w miasta Jarabacoa, podczas jazdy buggy po wyboistych drogach i g\u00f3rskim powietrzu wsi z centralnej p\u00f3\u0142nocy kraju, dzi\u0119ki tej przygodzie poka\u017cemy ci pi\u0119kno i przyrod\u0119.<\/span><\/p>\n<p><span style=\"font-weight: 400;\">Niekt\u00f3re z miejsc, kt\u00f3re odwiedzisz podczas tej wycieczki, to La Confluencia, gdzie spotykaj\u0105 si\u0119 rzeki Jimenoa i Yaque Del Norte, Cieneguita i Monte Arriba.\u00a0<\/span><\/p>\n<p><span style=\"font-weight: 400;\">Po przejechaniu oko\u0142o 30 kilometr\u00f3w udamy si\u0119 do wodospadu Baiguate na 10-minutow\u0105 w\u0119dr\u00f3wk\u0119 i k\u0105piel w naturalnych basenach.\u00a0<\/span><\/p>\n<p><span style=\"font-weight: 400;\">Podczas tej cz\u0119\u015bci podr\u00f3\u017cy b\u0119dziesz m\u00f3g\u0142 p\u0142ywa\u0107 przez oko\u0142o 1 godzin\u0119 i zrobi\u0107 sobie przerw\u0119, aby codziennie wypr\u00f3bowa\u0107 \u015bwie\u017ce owoce zebrane z ziemi rolnika Jarabacoa. Baiguate ma 82 stopy wysoko\u015bci i jest idealnym miejscem na relaks przed powrotem do miasta.\u00a0\u00a0<\/span><\/p>\n<p><span style=\"font-weight: 400;\">Podczas tej cz\u0119\u015bci podr\u00f3\u017cy b\u0119dziesz m\u00f3g\u0142 p\u0142ywa\u0107 przez oko\u0142o 1 godzin\u0119 i zrobi\u0107 sobie przerw\u0119, aby codziennie wypr\u00f3bowa\u0107 \u015bwie\u017ce owoce zebrane z ziemi rolnika Jarabacoa. Baiguate ma 82 stopy wysoko\u015bci i jest idealnym miejscem na relaks przed powrotem do miasta.\u00a0\u00a0<\/span><\/p>\n<p><span style=\"font-weight: 400;\">P\u00f3\u017aniej, po wodospadzie Baiguate, udamy si\u0119 do Ivon&#039;s, aby spr\u00f3bowa\u0107 najlepszego lokalnego smaku lod\u00f3w, domowej roboty przez lokalnego eksperta, i przejdziemy do Duarte Central Park na ostatni\u0105 cz\u0119\u015b\u0107 wycieczki. Jest to 6-godzinna wycieczka, kt\u00f3ra daje mo\u017cliwo\u015b\u0107 nadzorowa\u0107 Jarabacoa, ta wycieczka ko\u0144czy si\u0119 w tym samym miejscu, w kt\u00f3rym si\u0119 zacz\u0119\u0142a.<\/span><\/p>\n<p><span style=\"font-weight: 400;\">Uwaga: te wycieczki odbywaj\u0105 si\u0119 z przewodnikami urz\u0119dnik\u00f3w Ekolog\u00f3w. Prosz\u0119 zarezerwowa\u0107 z czasem, poniewa\u017c w parku nie ma zbyt wielu specjalist\u00f3w.<\/span><\/p>\n<h4><em><strong>Co powiniene\u015b ze sob\u0105 zabra\u0107?<\/strong><\/em><\/h4>\n<ul>\n<li style=\"font-weight: 400;\"><span style=\"font-weight: 400;\">Kamera<\/span><\/li>\n<li style=\"font-weight: 400;\"><span style=\"font-weight: 400;\">Odstraszaj\u0105ce p\u0105ki<\/span><\/li>\n<li style=\"font-weight: 400;\"><span style=\"font-weight: 400;\">Krem do opalania<\/span><\/li>\n<li style=\"font-weight: 400;\"><span style=\"font-weight: 400;\">Kapelusz<\/span><\/li>\n<li style=\"font-weight: 400;\"><span style=\"font-weight: 400;\">Wygodne spodnie<\/span><\/li>\n<li style=\"font-weight: 400;\"><span style=\"font-weight: 400;\">Buty turystyczne do lasu<\/span><\/li>\n<li style=\"font-weight: 400;\"><span style=\"font-weight: 400;\">Sanda\u0142y na wiosenne tereny.<\/span><\/li>\n<li style=\"font-weight: 400;\"><span style=\"font-weight: 400;\">Kostium k\u0105pielowy<\/span><\/li>\n<\/ul>\n<h4><b><i>Odbi\u00f3r z hotelu <\/i><\/b><\/h4>\n<p><span style=\"font-weight: 400;\">Odbi\u00f3r z hotelu nie jest oferowany podczas tej wycieczki. Odbi\u00f3r ustalamy kontaktuj\u0105c si\u0119 z nami przez Whatsapp.<\/span><\/p>\n<p><b>Uwaga:<\/b><span style=\"font-weight: 400;\"> Je\u015bli rezerwujesz w ci\u0105gu 24 godzin od godziny rozpocz\u0119cia wycieczki\/wycieczki, mo\u017cemy zorganizowa\u0107 odbi\u00f3r z hotelu za dodatkow\u0105 op\u0142at\u0105. Po sfinalizowaniu zakupu wy\u015blemy Ci pe\u0142ne dane kontaktowe (numer telefonu, adres e-mail itp.) do naszego lokalnego przewodnika w celu zorganizowania odbioru.<\/span><\/p>\n<h4><b><i>Dodatkowe potwierdzenie informacji <\/i><\/b><\/h4>\n<ol>\n<li>Bilety s\u0105 Paragonem po op\u0142aceniu tej wycieczki. Mo\u017cesz pokaza\u0107 p\u0142atno\u015b\u0107 na swoim telefonie.<\/li>\n<li style=\"font-weight: 400;\"><span style=\"font-weight: 400;\">Miejsce spotkania zostanie odebrane po zako\u0144czeniu procesu rezerwacji.<\/span><\/li>\n<li style=\"font-weight: 400;\"><span style=\"font-weight: 400;\">Dzieciom musi towarzyszy\u0107 osoba doros\u0142a.<\/span><\/li>\n<li style=\"font-weight: 400;\"><span style=\"font-weight: 400;\"> Niedost\u0119pny dla w\u00f3zk\u00f3w inwalidzkich <\/span><\/li>\n<li style=\"font-weight: 400;\"><span style=\"font-weight: 400;\">Niemowl\u0119ta musz\u0105 siedzie\u0107 na kolanach <\/span><\/li>\n<li style=\"font-weight: 400;\"><span style=\"font-weight: 400;\">Niezalecane dla podr\u00f3\u017cnych z problemami z plecami<\/span><\/li>\n<li style=\"font-weight: 400;\"><span style=\"font-weight: 400;\">Nie zalecane dla podr\u00f3\u017cuj\u0105cych w ci\u0105\u017cy <\/span><\/li>\n<li style=\"font-weight: 400;\"><span style=\"font-weight: 400;\"> \u017badnych problem\u00f3w z sercem ani innych powa\u017cnych schorze\u0144 <\/span><\/li>\n<li style=\"font-weight: 400;\"><span style=\"font-weight: 400;\">Wi\u0119kszo\u015b\u0107 podr\u00f3\u017cnych mo\u017ce wzi\u0105\u0107 udzia\u0142<\/span><\/li>\n<\/ol>\n<h4><b><i>Zasady anulowania<\/i><\/b><\/h4>\n<p>Aby uzyska\u0107 pe\u0142ny zwrot pieni\u0119dzy, przeczytaj nasze Zasady anulowania rezerwacji\u00a0<a href=\"https:\/\/www.boattoursamana.com\/pl\/rezerwacja-online\/\" target=\"_blank\" rel=\"noopener\" data-saferedirecturl=\"https:\/\/www.google.com\/url?q=https:\/\/www.boattoursamana.com\/online-booking\/&amp;source=gmail&amp;ust=1672449202351000&amp;usg=AOvVaw1yAeVAPktmaVCqDujgUn90\">Kliknij tutaj<\/a>. \u015arodki zostan\u0105 utracone, je\u015bli rezerwacja zostanie anulowana tego samego dnia wycieczki.<\/p>\n\n\t\t<\/div>\n\t<\/div>\n<div class=\"vc_btn3-container vc_btn3-inline\" ><button class=\"vc_general vc_btn3 vc_btn3-size-md vc_btn3-shape-rounded vc_btn3-style-modern vc_btn3-color-green\">REZERWUJ TERAZ<\/button><\/div><\/div><\/div><\/div><\/div><div class=\"vc_row wpb_row vc_row-fluid\" ><div class=\"wpb_column vc_column_container vc_col-sm-12\"><div class=\"vc_column-inner\"><div class=\"wpb_wrapper\">\n\t<div class=\"wpb_video_widget wpb_content_element vc_clearfix   vc_video-aspect-ratio-169 vc_video-el-width-100 vc_video-align-left\" >\n\t\t<div class=\"wpb_wrapper\">\n\t\t\t<h2 class=\"wpb_heading wpb_video_heading\">Film z miasta Jarabacoa:<\/h2>\n\t\t\t<div class=\"wpb_video_wrapper\"><iframe loading=\"lazy\" title=\"Jarabacoa, Turismo entre rios y monta\u00f1a\" width=\"1100\" height=\"619\" src=\"https:\/\/www.youtube.com\/embed\/FRHfK4RS39A?feature=oembed\" frameborder=\"0\" allow=\"accelerometer; autoplay; clipboard-write; encrypted-media; gyroscope; picture-in-picture\" allowfullscreen><\/iframe><\/div>\n\t\t<\/div>\n\t<\/div>\n<\/div><\/div><\/div><\/div><div class=\"vc_row wpb_row vc_row-fluid\" ><\/div><div class=\"wpb_column vc_column_container vc_col-sm-12\"><div class=\"vc_column-inner\"><div class=\"wpb_wrapper\"><\/div><\/div><\/div><div class=\"vc_empty_space\"   style=\"height: 32px\"><span class=\"vc_empty_space_inner\"><\/span><\/div><div class=\"vc_empty_space\"   style=\"height: 32px\"><span class=\"vc_empty_space_inner\"><\/span><\/div><div class=\"vc_row wpb_row vc_row-fluid\" ><div class=\"wpb_column vc_column_container vc_col-sm-12\"><div class=\"vc_column-inner\"><div class=\"wpb_wrapper\"><div class=\"vc_btn3-container vc_btn3-inline\" ><button class=\"vc_general vc_btn3 vc_btn3-size-md vc_btn3-shape-rounded vc_btn3-style-modern vc_btn3-color-green\">REZERWUJ TERAZ<\/button><\/div><\/div><\/div><\/div><\/div>","protected":false},"excerpt":{"rendered":"<p>Join us and travel with a local Jarabacoa expert and get the unique experience of visiting the best places in the ecotourism capital starting from Jarabacoa, this tour will take you to know the beautiful scenery of the largest mountain ranch in the Dominican Republic. As you drive through the different places, you will feel the mountain air and enjoy the beauty of the countryside.<\/p>\n<p><em><strong>Wybierz termin wycieczki:\u00a0<\/strong><\/em><\/p>","protected":false},"featured_media":12529,"template":"","meta":[],"product_cat":[946,159,889,253],"product_tag":[895,892,891,890,896,894,893],"class_list":["post-12526","product","type-product","status-publish","has-post-thumbnail","hentry","product_cat-1-sabana-de-la-mar","product_cat-fees-entrace","product_cat-jarabacoa-buggy","product_cat-tours-and-excursions","product_tag-baiguate-waterfall","product_tag-jarabacoa-buggies","product_tag-jarabacoa-buggy","product_tag-jarabacoa-tour","product_tag-jimenoa-waterfall","product_tag-salto-baiguate","product_tag-salto-jimenoa"],"_links":{"self":[{"href":"https:\/\/www.boattoursamana.com\/pl\/wp-json\/wp\/v2\/product\/12526","targetHints":{"allow":["GET"]}}],"collection":[{"href":"https:\/\/www.boattoursamana.com\/pl\/wp-json\/wp\/v2\/product"}],"about":[{"href":"https:\/\/www.boattoursamana.com\/pl\/wp-json\/wp\/v2\/types\/product"}],"wp:featuredmedia":[{"embeddable":true,"href":"https:\/\/www.boattoursamana.com\/pl\/wp-json\/wp\/v2\/media\/12529"}],"wp:attachment":[{"href":"https:\/\/www.boattoursamana.com\/pl\/wp-json\/wp\/v2\/media?parent=12526"}],"wp:term":[{"taxonomy":"product_cat","embeddable":true,"href":"https:\/\/www.boattoursamana.com\/pl\/wp-json\/wp\/v2\/product_cat?post=12526"},{"taxonomy":"product_tag","embeddable":true,"href":"https:\/\/www.boattoursamana.com\/pl\/wp-json\/wp\/v2\/product_tag?post=12526"}],"curies":[{"name":"wp","href":"https:\/\/api.w.org\/{rel}","templated":true}]}}