{"id":12996,"date":"2021-09-16T15:48:58","date_gmt":"2021-09-16T15:48:58","guid":{"rendered":"https:\/\/www.ticketswhales.com\/?post_type=product&#038;p=12996"},"modified":"2023-10-16T08:39:25","modified_gmt":"2023-10-16T08:39:25","slug":"los-haitises-mountain-bike-private-boat-trip-copy","status":"publish","type":"product","link":"https:\/\/www.boattoursamana.com\/pl\/wycieczka-2\/los-haitises-rower-gorski-prywatna-wycieczka-lodzia-kopia-2","title":{"rendered":"Rower g\u00f3rski Los Haitises + prywatna wycieczka \u0142odzi\u0105"},"content":{"rendered":"<div class=\"vc_row wpb_row vc_row-fluid\" ><div class=\"wpb_column vc_column_container vc_col-sm-12\"><div class=\"vc_column-inner\"><div class=\"wpb_wrapper\"><div class=\"vc_btn3-container vc_btn3-inline\" ><a class=\"vc_general vc_btn3 vc_btn3-size-md vc_btn3-shape-rounded vc_btn3-style-modern vc_btn3-color-green\" href=\"https:\/\/bookingadventures.tours\/booking.php?tour_id=a7eaf8f70968fc40037fc986faa80770\" title=\"\" rel=\"noopener\">REZERWUJ TERAZ<\/a><\/div><div class=\"vc_empty_space\"   style=\"height: 32px\"><span class=\"vc_empty_space_inner\"><\/span><\/div>\n\t<div class=\"wpb_text_column wpb_content_element\" >\n\t\t<div class=\"wpb_wrapper\">\n\t\t\t<div class=\"vc_row wpb_row vc_row-fluid\">\n<div class=\"wpb_column vc_column_container vc_col-sm-12\">\n<div class=\"vc_column-inner\">\n<div class=\"wpb_wrapper\">\n<div class=\"mkdf-section-title-holder\">\n<div class=\"mkdf-st-inner\">\n<h5 class=\"mkdf-st-subtitle\">Rower, lasy namorzynowe, rejs statkiem, jaskinie i nie tylko.<\/h5>\n<h3 class=\"mkdf-st-title\">Rower g\u00f3rski Los Haitises + prywatna wycieczka \u0142odzi\u0105<\/h3>\n<\/div>\n<\/div>\n<\/div>\n<\/div>\n<\/div>\n<\/div>\n<div class=\"vc_row wpb_row vc_row-fluid\">\n<div class=\"wpb_column vc_column_container vc_col-sm-12\">\n<div class=\"vc_column-inner\">\n<div class=\"wpb_wrapper\">\n<div class=\"vc_empty_space\"><\/div>\n<\/div>\n<\/div>\n<\/div>\n<\/div>\n<div class=\"vc_row wpb_row vc_row-fluid\">\n<div class=\"wpb_column vc_column_container vc_col-sm-12\">\n<div class=\"vc_column-inner\">\n<div class=\"wpb_wrapper\">\n<div class=\"wpb_text_column wpb_content_element\">\n<div class=\"wpb_wrapper\">\n<h5><strong>Przegl\u0105d<\/strong><\/h5>\n<p>Podr\u00f3\u017cuj z lokalnym ekspertem i zdob\u0105d\u017a wyj\u0105tkowe wra\u017cenia z jazdy na rowerze, zaczynaj\u0105c od Sabana de la Mar, ta wycieczka zabierze Ci\u0119 dooko\u0142a, aby zobaczy\u0107 pi\u0119kny krajobraz Dominikany. Podczas jazdy na rowerze b\u0119dziesz m\u00f3g\u0142 si\u0119 przywita\u0107! rolnicy je\u017cd\u017c\u0105 konno lub motocyklem do swojej posiad\u0142o\u015bci, a podczas wycieczki b\u0119dziesz m\u00f3g\u0142 pozna\u0107 przygod\u0119 i lokaln\u0105 kultur\u0119 Sabana de la Mar. Kilka fakt\u00f3w o Los Haitises: jest jedn\u0105 z najwi\u0119kszych formacji wapiennych na \u015bwiecie, miejsce ochrony gatunk\u00f3w endemicznych, Lokalizacja z wi\u0119kszo\u015bci\u0105 bior\u00f3\u017cnorodno\u015bci wyspy i jednym z najwi\u0119kszych las\u00f3w namorzynowych Quisqueya.<\/p>\n<p>&nbsp;<\/p>\n<p><strong>W\u0142\u0105czenia i wykluczenia<\/strong><\/p>\n<p>&nbsp;<\/p>\n<p><strong>Inkluzje<\/strong><\/p>\n<p>Jazda na rowerze<\/p>\n<p>Wycieczka \u0142odzi\u0105<\/p>\n<p>przek\u0105ski<\/p>\n<p>1 butelka wody<\/p>\n<p>Zestaw pierwszej pomocy<\/p>\n<p>Wszystkie podatki, op\u0142aty i op\u0142aty manipulacyjne<\/p>\n<p>Lokalne podatki<\/p>\n<p>Urz\u0119dnicy Ekolog przewodnicy wycieczki w j\u0119zyku angielskim\/hiszpa\u0144skim<\/p>\n<p>&nbsp;<\/p>\n<p><strong>Wykluczenia<\/strong><\/p>\n<p>Napiwki<\/p>\n<p>Przenosi\u0107<\/p>\n<p>Nap\u00f3j<\/p>\n<p>&nbsp;<\/p>\n<p>&nbsp;<\/p>\n<p>Wyjazd i powr\u00f3t<\/p>\n<p>&nbsp;<\/p>\n<p>Wycieczka organizowana przez \u201eBooking Adventures\u201d rozpoczyna si\u0119 w miejscu spotkania z Przewodnikiem. Po dokonaniu rezerwacji podr\u00f3\u017cny otrzyma miejsce zbi\u00f3rki. Wycieczki rozpoczynaj\u0105 si\u0119 i ko\u0144cz\u0105 w naszych punktach spotka\u0144.<\/p>\n<p>&nbsp;<\/p>\n<p>Czego oczekiwa\u0107?<\/p>\n<p>Zdob\u0105d\u017a bilet na jazd\u0119 na rowerze i p\u0142ywanie \u0142\u00f3dk\u0105 z Sabana de la Mar<\/p>\n<p>&nbsp;<\/p>\n<p>Ta wycieczka rozpoczyna si\u0119 od miejsca spotkania, kt\u00f3re musisz potwierdzi\u0107 u naszych agent\u00f3w podr\u00f3\u017cy lub swojego przewodnika przed udaniem si\u0119 do dowolnego miejsca. Po spotkaniu z przewodnikiem zapoznasz si\u0119 z tras\u0105 i wszystkim, co dotyczy Twojego dnia.<\/p>\n<p>&nbsp;<\/p>\n<p>Kiedy wszyscy b\u0119d\u0105 gotowi, udamy si\u0119 do portu w Parku Narodowym Los Haitises, gdzie zaczniesz p\u0142ywa\u0107 na rzece Cano Hondo, kt\u00f3ra ko\u0144czy si\u0119 w zatoce San Lorenzo, jest to ma\u0142a zatoka o powierzchni zaledwie 10 km2 i przez dwie godziny wyjdziesz z niej r\u00f3\u017cne ekosystemy Los Haitises.<\/p>\n<p>&nbsp;<\/p>\n<p>Podczas tej cz\u0119\u015bci wycieczki b\u0119dziesz porusza\u0107 si\u0119 po lesie namorzynowym, kt\u00f3ry jest drugim co do wielko\u015bci na wyspie i ma ponad 90 km2, a kiedy dotrzesz do zatoki San Lorenzo, zobaczysz p\u00f3\u0142wysep Samana i zatok\u0119.<\/p>\n<p>&nbsp;<\/p>\n<p>Podczas pobytu istnieje mo\u017cliwo\u015b\u0107 zobaczenia delfin\u00f3w, ptak\u00f3w, takich jak czapla modra, czapla siwa, wrony, pelikan brunatny, rybitwa kr\u00f3lewska, fregata wspania\u0142a i wyj\u0105tkowe widoki na Park Narodowy Los Haitises. Po 4 i p\u00f3\u0142 godzinach zaj\u0119\u0107 w Parku Narodowym Los Haitises i Sabana de la Mar wycieczka ko\u0144czy si\u0119 w tym samym miejscu, w kt\u00f3rym si\u0119 rozpocz\u0119\u0142a.<\/p>\n<p>&nbsp;<\/p>\n<p>Uwaga: te wycieczki odbywaj\u0105 si\u0119 z przewodnikami Officials Ecologist. Prosz\u0119 zarezerwowa\u0107 z czasem, poniewa\u017c w parku nie ma zbyt wielu specjalist\u00f3w.<\/p>\n<p>&nbsp;<\/p>\n<p>&nbsp;<\/p>\n<p>Co powiniene\u015b ze sob\u0105 zabra\u0107?<\/p>\n<ul>\n<li aria-level=\"1\">Kamera<\/li>\n<li aria-level=\"1\">Odstraszaj\u0105ce p\u0105ki<\/li>\n<li aria-level=\"1\">krem do opalania<\/li>\n<li aria-level=\"1\">Kapelusz<\/li>\n<li aria-level=\"1\">Wygodne spodnie<\/li>\n<li aria-level=\"1\">Buty do biegania<\/li>\n<li aria-level=\"1\">Sanda\u0142y na sp\u0142ywy kajakowe<\/li>\n<li aria-level=\"1\">Kostium k\u0105pielowy<\/li>\n<li aria-level=\"1\">R\u0119czniki<\/li>\n<\/ul>\n<p>&nbsp;<\/p>\n<h4><b><i>Odbi\u00f3r z hotelu<\/i><\/b><\/h4>\n<p>Odbi\u00f3r z hotelu nie jest oferowany podczas tej wycieczki.<\/p>\n<p>&nbsp;<\/p>\n<p><b>Uwaga:<\/b>\u00a0je\u015bli rezerwujesz w ci\u0105gu 24 godzin przed czasem wyjazdu\/wycieczki, mo\u017cemy zorganizowa\u0107 odbi\u00f3r z hotelu za dodatkow\u0105 op\u0142at\u0105. Po sfinalizowaniu zakupu wy\u015blemy Ci pe\u0142ne dane kontaktowe (numer telefonu, adres e-mail itp.) do naszego lokalnego przewodnika w celu zorganizowania odbioru.<\/p>\n<h4><b><i>Dodatkowe potwierdzenie informacji<\/i><\/b><\/h4>\n<ol>\n<li>Bilety s\u0105 Paragonem po op\u0142aceniu tej wycieczki. Mo\u017cesz pokaza\u0107 p\u0142atno\u015b\u0107 na swoim telefonie.<\/li>\n<li>Miejsce spotkania zostanie odebrane po zako\u0144czeniu procesu rezerwacji.<\/li>\n<li>Dzieciom musi towarzyszy\u0107 osoba doros\u0142a.<\/li>\n<li>Niedost\u0119pny dla w\u00f3zk\u00f3w inwalidzkich<\/li>\n<li>Niemowl\u0119ta musz\u0105 siedzie\u0107 na kolanach<\/li>\n<li>Niezalecane dla podr\u00f3\u017cnych z problemami z plecami<\/li>\n<li>Nie zalecane dla podr\u00f3\u017cuj\u0105cych w ci\u0105\u017cy<\/li>\n<li>\u017badnych problem\u00f3w z sercem ani innych powa\u017cnych schorze\u0144<\/li>\n<li>Wi\u0119kszo\u015b\u0107 podr\u00f3\u017cnych mo\u017ce wzi\u0105\u0107 udzia\u0142<\/li>\n<\/ol>\n<h4><b><i>Zasady anulowania<\/i><\/b><\/h4>\n<p>Aby uzyska\u0107 pe\u0142ny zwrot pieni\u0119dzy, anuluj co najmniej 24 godziny przed dat\u0105 rozpocz\u0119cia atrakcji.<\/p>\n<\/div>\n<\/div>\n<\/div>\n<\/div>\n<\/div>\n<\/div>\n<div class=\"vc_row wpb_row vc_row-fluid\">\n<div class=\"wpb_column vc_column_container vc_col-sm-12\">\n<div class=\"vc_column-inner\">\n<div class=\"wpb_wrapper\">\n<div class=\"vc_empty_space\"><\/div>\n<div class=\"wpb_text_column wpb_content_element\">\n<div class=\"wpb_wrapper\">\n<h4>Skontaktuj si\u0119 z nami?<\/h4>\n<h5>rezerwacja przyg\u00f3d<\/h5>\n<p><em><strong>Miejscowi<\/strong>\u00a0oraz\u00a0<strong>Rodacy<\/strong>\u00a0Przewodnicy turystyczni i us\u0142ugi dla go\u015bci<\/em><\/p>\n<p><span class=\"text-turquoise\">Rezerwacje:<\/span>\u00a0Wycieczki i wycieczki w Dom. Reprezentant.<\/p>\n<p>\ud83d\udcde Tel \/ Whatsapp\u00a0\u00a0<a href=\"tel:+1-809-720-6035\">+1-809-720-6035<\/a>.<\/p>\n<p>\ud83d\udce9\u00a0<a href=\"mailto:info@bookingadventures.com.do\">info@bookingadventures.com.do<\/a><\/p>\n<p><strong>Jeste\u015bmy elastyczni w ustalaniu prywatnych wycieczek przez Whatsapp:\u00a0<a href=\"tel:+18097206035\">+18097206035.<\/a><\/strong><\/p>\n<\/div>\n<\/div>\n<\/div>\n<\/div>\n<\/div>\n<\/div>\n\n\t\t<\/div>\n\t<\/div>\n<\/div><\/div><\/div><\/div><div class=\"wpb_column vc_column_container vc_col-sm-12\"><div class=\"vc_column-inner\"><div class=\"wpb_wrapper\"><\/div><\/div><\/div><div class=\"wpb_column vc_column_container vc_col-sm-12\"><div class=\"vc_column-inner\"><div class=\"wpb_wrapper\"><\/div><\/div><\/div>","protected":false},"excerpt":{"rendered":"<div class=\"woocommerce-product-details__short-description\">\n<p>Podr\u00f3\u017cuj z lokalnym ekspertem i prze\u017cyj wyj\u0105tkowe wra\u017cenia z jazdy na rowerze, zaczynaj\u0105c od Sabana de la Mar. Ta wycieczka zabierze Ci\u0119 dooko\u0142a, aby zobaczy\u0107 pi\u0119kny krajobraz wsi Republiki Dominikany. Jad\u0105c na rowerze, b\u0119dziesz m\u00f3g\u0142 si\u0119 przywita\u0107! rolnicy jad\u0105 na koniach lub motocyklu do swojej posiad\u0142o\u015bci, a podczas wycieczki b\u0119dziesz m\u00f3g\u0142 zanurzy\u0107 si\u0119 w przygodzie i lokalnej kulturze Sabana de la Mar. Wyj\u0105tkowe prze\u017cycie na rowerze g\u00f3rskim!<\/p>\n<p>&nbsp;<\/p>\n<p><strong>Wybierz dat\u0119 wycieczki:<\/strong><\/p>\n<\/div>","protected":false},"featured_media":12428,"template":"","meta":[],"product_cat":[870,946,928,838,930,254,255],"product_tag":[176,211,192,171,209,426,327,175,199,200],"class_list":["post-12996","product","type-product","status-publish","has-post-thumbnail","hentry","product_cat-private-boat-trip-los-haitises","product_cat-1-sabana-de-la-mar","product_cat-boat-trip-los-haitises","product_cat-mangroves-projects","product_cat-mountain-bike-los-haitises","product_cat-tours-excursions-los-haitises-national-park","product_cat-tours-excursions-samana-bay-dominican-republic","product_tag-cano-hondo","product_tag-cano-hondo-hotel","product_tag-day-tour-cano-hondo","product_tag-los-haitises","product_tag-los-haitises-national-park","product_tag-los-haitises-tours","product_tag-private-tours-samana","product_tag-sabana-de-la-mar","product_tag-samana-bay","product_tag-samana-excursions"],"_links":{"self":[{"href":"https:\/\/www.boattoursamana.com\/pl\/wp-json\/wp\/v2\/product\/12996","targetHints":{"allow":["GET"]}}],"collection":[{"href":"https:\/\/www.boattoursamana.com\/pl\/wp-json\/wp\/v2\/product"}],"about":[{"href":"https:\/\/www.boattoursamana.com\/pl\/wp-json\/wp\/v2\/types\/product"}],"wp:featuredmedia":[{"embeddable":true,"href":"https:\/\/www.boattoursamana.com\/pl\/wp-json\/wp\/v2\/media\/12428"}],"wp:attachment":[{"href":"https:\/\/www.boattoursamana.com\/pl\/wp-json\/wp\/v2\/media?parent=12996"}],"wp:term":[{"taxonomy":"product_cat","embeddable":true,"href":"https:\/\/www.boattoursamana.com\/pl\/wp-json\/wp\/v2\/product_cat?post=12996"},{"taxonomy":"product_tag","embeddable":true,"href":"https:\/\/www.boattoursamana.com\/pl\/wp-json\/wp\/v2\/product_tag?post=12996"}],"curies":[{"name":"wp","href":"https:\/\/api.w.org\/{rel}","templated":true}]}}