{"id":16647,"date":"2023-11-06T09:02:24","date_gmt":"2023-11-06T09:02:24","guid":{"rendered":"https:\/\/www.ticketswhales.com\/?post_type=product&#038;p=16647"},"modified":"2023-11-06T09:11:44","modified_gmt":"2023-11-06T09:11:44","slug":"los-haitises-cueva-el-naranjo-y-laguna-cristal-from-sabana-de-la-mar","status":"publish","type":"product","link":"https:\/\/www.boattoursamana.com\/pl\/wycieczka-2\/los-haitises-cueva-el-naranjo-y-laguna-cristal-z-sabana-de-la-mar","title":{"rendered":"Los Haitises: Cueva el Naranjo y Laguna Cristal z Sabana de la Mar"},"content":{"rendered":"<div class=\"vc_row wpb_row vc_row-fluid\" ><div class=\"wpb_column vc_column_container vc_col-sm-12\"><div class=\"vc_column-inner\"><div class=\"wpb_wrapper\">\n\t<div class=\"wpb_text_column wpb_content_element\" >\n\t\t<div class=\"wpb_wrapper\">\n\t\t\t<h2><span style=\"font-weight: 400;\">Los Haitises: Cueva el Naranjo i Laguna Cristal<\/span><\/h2>\n<p>Sabana de la mar<\/p>\n<p>&nbsp;<\/p>\n<p><b>Przegl\u0105d<\/b><span style=\"font-weight: 400;\">\u00a0<\/span><\/p>\n<p>&nbsp;<\/p>\n<p><span style=\"font-weight: 400;\">Park Narodowy Los Haitises to naturalny skarb Republiki Dominikany, gdzie w Hispanioli znajduje si\u0119 25% s\u0142odkiej wody. Podczas tego do\u015bwiadczenia oprowadzamy po najwa\u017cniejszych miejscach tego niesamowitego parku. Zdob\u0105d\u017a bilet na zwiedzanie jaskini Ojo de Cielo, Laguna Cristal, rzeki Barracote i zatoki Samana.\u00a0<\/span><\/p>\n<p>&nbsp;<\/p>\n<p><span style=\"font-weight: 400;\">Z hydrograficznego punktu widzenia<\/span><span style=\"font-weight: 400;\">, Los Haitises i jego obszary wp\u0142yw\u00f3w obejmuj\u0105 dwa regiony: dolne dorzecze rzeki Yuna oraz obszar Miches i Sabana de la Mar. Yuna wyp\u0142ywa dwoma uj\u015bciami: przez sam\u0105 Yun\u0119 i przez Barracote. Dodatkowo w okolicy znajduj\u0105 si\u0119 rzeki Payabo, Los Cocos i Naranjo oraz kana\u0142y Cabirma, Estero, Prieto i inne.<\/span><\/p>\n<p>&nbsp;<\/p>\n<p><span style=\"font-weight: 400;\">O krajobrazie Los Haitises,<\/span><span style=\"font-weight: 400;\"> opr\u00f3cz jaski\u0144 s\u0105 to Ca\u00f1o Hondo, Punta Arena, Ca\u00f1o Salado, Bah\u00eda de San Lorenzo i Cayo de los P\u00e1jaros, kt\u00f3re s\u0105 bardzo imponuj\u0105cymi elementami krajobrazu. Ten ostatni, po\u0142o\u017cony pomi\u0119dzy Boca del Infierno i El Naranjo Arriba, mo\u017cna \u0142atwo rozpozna\u0107 po niemal sta\u0142ej obecno\u015bci skor\u00f3w i pelikan\u00f3w.<\/span><\/p>\n<p>&nbsp;<\/p>\n<p><span style=\"font-weight: 400;\">O mie\u015bcie Sanchez,<\/span><span style=\"font-weight: 400;\"> Wcze\u015bniej by\u0142o to ma\u0142e miasteczko o nazwie Las Ca\u00f1itas, ale w 1888 roku zosta\u0142o podniesione do rangi gminy nazwanej na cze\u015b\u0107 jednego z za\u0142o\u017cycieli Republiki Dominikany, Francisco del Rosario S\u00e1nchez. Znaczenie i liczba ludno\u015bci wzros\u0142o po uruchomieniu linii kolejowej w 1865 roku. Linia ta rozci\u0105ga\u0142a si\u0119 do centralnego regionu Cibao, zamieniaj\u0105c t\u0119 ma\u0142\u0105 karaibsk\u0105 spo\u0142eczno\u015b\u0107 w najwa\u017cniejszy port w kraju od ko\u0144ca XIX wieku do pocz\u0105tku XIX wieku. nast\u0119pne stulecie. .<\/span><\/p>\n<p>&nbsp;<\/p>\n<p><span style=\"font-weight: 400;\">O Lagunie Cristal,<\/span><span style=\"font-weight: 400;\"> Laguna Cristal to pi\u0119kne \u017ar\u00f3d\u0142o s\u0142odkiej wody u bram Parku Narodowego Los Haitises, na p\u00f3\u0142noc od prowincji Monte Plata, kt\u00f3re ma wyj\u0105tkowe pi\u0119kno ze wzgl\u0119du na swoje naturalne atrakcje i spok\u00f3j, jaki nam daje. Zalew zasilany jest wod\u0105 gruntow\u0105 pochodz\u0105c\u0105 z s\u0105siedniego parku. Z laguny na kilkaset metr\u00f3w wyp\u0142ywa niewielka, \u017ceglowna rzeka, kt\u00f3ra zasila rzek\u0119 Barracote, kt\u00f3ra nast\u0119pnie wpada do Zatoki San Lorenzo. Mia\u0142by oko\u0142o 200 metr\u00f3w g\u0142\u0119boko\u015bci i 70 metr\u00f3w \u015brednicy.\u00a0<\/span><\/p>\n<p>&nbsp;<\/p>\n<p><span style=\"font-weight: 400;\">Jaskinia El Naranjo<\/span><span style=\"font-weight: 400;\">, Rzeka El Naranjo, mimo swojej d\u0142ugo\u015bci 120 metr\u00f3w sp\u0142awna, ma sw\u00f3j pocz\u0105tek w jaskini i mo\u017cna j\u0105 uzna\u0107 za klejnot natury Parku Narodowego Los Haitises, Jest to atrakcja warta poznania, kt\u00f3ra pozwala doceni\u0107 najkr\u00f3tsz\u0105 rzek\u0119 w okolicy wyspie, \u0141\u00f3dk\u0105 mo\u017cna dop\u0142yn\u0105\u0107 do ko\u0144ca jaskini, sk\u0105d bierze si\u0119 woda. Jaskinia jest rezerwuarem nietoperzy i jerzyk\u00f3w, a jej wody s\u0105 domem dla rodzimych gatunk\u00f3w ryb, kt\u00f3re w innych rzekach i strumieniach nale\u017c\u0105 ju\u017c do przesz\u0142o\u015bci, takich jak guabiny, dajao, karpie, krewetki i kraby.<\/span><\/p>\n<p>&nbsp;<\/p>\n<p><b>Inkluzje<\/b><\/p>\n<p><span style=\"font-weight: 400;\">Wszystkie podatki, op\u0142aty i op\u0142aty manipulacyjne<\/span><\/p>\n<p><span style=\"font-weight: 400;\">Lokalne podatki<\/span><\/p>\n<p><span style=\"font-weight: 400;\">Urz\u0119dnicy Ekolog przewodnicy wycieczki w j\u0119zyku angielskim\/hiszpa\u0144skim<\/span><\/p>\n<p><span style=\"font-weight: 400;\">Transport lokalny (odbi\u00f3r z hotelu)<\/span><\/p>\n<p><span style=\"font-weight: 400;\">\u0142\u00f3d\u017a motorowa<\/span><\/p>\n<p><span style=\"font-weight: 400;\">Lokalny obiad<\/span><\/p>\n<p><span style=\"font-weight: 400;\">Laguna Cristal\u00a0\u00a0<\/span><\/p>\n<p><span style=\"font-weight: 400;\">Cueva del Naranjo\u00a0<\/span><\/p>\n<p>&nbsp;<\/p>\n<p><b>Wykluczenia<\/b><\/p>\n<p>&nbsp;<\/p>\n<p><span style=\"font-weight: 400;\">Napiwki<\/span><\/p>\n<p><span style=\"font-weight: 400;\">Nap\u00f3j<\/span><\/p>\n<p><span style=\"font-weight: 400;\">\u00a0<\/span><\/p>\n<p>&nbsp;<\/p>\n<p><b>Wyjazd i powr\u00f3t<\/b><\/p>\n<p><span style=\"font-weight: 400;\">Wycieczka organizowana przez \u201eBooking Adventures\u201d rozpoczyna si\u0119 w miejscu spotkania ustalonym z Przewodnikiem. Podr\u00f3\u017cny otrzyma miejsce spotkania po Procesie Rezerwacji. Wycieczki rozpoczynaj\u0105 si\u0119 i ko\u0144cz\u0105 w naszych miejscach spotka\u0144.<\/span><\/p>\n<p>&nbsp;<\/p>\n<p><b>Czego oczekiwa\u0107?<\/b><\/p>\n<p><span style=\"font-weight: 400;\">Zdob\u0105d\u017a bilet na wycieczk\u0119 w poszukiwaniu Los Haitises: Los Haitises: Cueva el Naranjo y Laguna Cristal. Dzi\u0119ki temu do\u015bwiadczeniu zobaczysz wi\u0119kszo\u015b\u0107 r\u00f3\u017cnorodno\u015bci biologicznej wyspy.\u00a0<\/span><\/p>\n<p>&nbsp;<\/p>\n<p><span style=\"font-weight: 400;\">Ta czynno\u015b\u0107 rozpocznie si\u0119 od odbioru z miejsca zakwaterowania w kt\u00f3rymkolwiek z poni\u017cszych obszar\u00f3w:<\/span><\/p>\n<ul>\n<li style=\"font-weight: 400;\" aria-level=\"1\"><span style=\"font-weight: 400;\">Las Terrenas\u00a0<\/span><\/li>\n<li style=\"font-weight: 400;\" aria-level=\"1\"><span style=\"font-weight: 400;\">Sanchez\u00a0<\/span><\/li>\n<li style=\"font-weight: 400;\" aria-level=\"1\"><span style=\"font-weight: 400;\">Las Galeras<\/span><\/li>\n<li style=\"font-weight: 400;\" aria-level=\"1\"><span style=\"font-weight: 400;\">\u015awi\u0119tej Barbary w Samanie\u00a0<\/span><\/li>\n<\/ul>\n<h3><b>Harmonogram<\/b><b>\u00a0<\/b><\/h3>\n<p><b>Sanchez Samana, p\u0142ywanie w Laguna Cristal oraz nad rzek\u0105 i jaskiniami El Naranjo\u00a0<\/b><\/p>\n<p>&nbsp;<\/p>\n<p><span style=\"font-weight: 400;\">Odbi\u00f3r z hotelu: rozpoczyna si\u0119 o 7:00 (w zale\u017cno\u015bci od tego, gdzie si\u0119 znajdujesz). W formularzu rezerwacji dost\u0119pne s\u0105 r\u00f3\u017cne opcje termin\u00f3w. Wycieczka trwa 8 godzin.\u00a0<\/span><\/p>\n<p>&nbsp;<\/p>\n<p><span style=\"font-weight: 400;\">B\u0119dzie to wczesny poranek, aby odebra\u0107 Ci\u0119 z hotelu i zawie\u017a\u0107 do miejsca spotkania w Sanchez Samana, gdzie spotkasz si\u0119 z lokalnym przewodnikiem przed zapoznaniem si\u0119 z planem podr\u00f3\u017cy na reszt\u0119 dnia.\u00a0<\/span><\/p>\n<p>&nbsp;<\/p>\n<p><span style=\"font-weight: 400;\">Kiedy ju\u017c b\u0119dziemy gotowi, wsiadamy na nasz\u0105 motor\u00f3wk\u0119 i udamy si\u0119 do El Naranjo, kt\u00f3re jest pierwszym przystankiem tego dnia, gdzie wp\u0142yniemy \u0142odzi\u0105 do jaskini i pop\u0142ywamy w s\u0142odkiej wodzie najkr\u00f3tszej rzeki wyspy.\u00a0<\/span><\/p>\n<p>&nbsp;<\/p>\n<p><span style=\"font-weight: 400;\">Tw\u00f3j drugi rejs \u0142odzi\u0105 b\u0119dzie odbywa\u0142 si\u0119 przez rzek\u0119 Barracote, aby dosta\u0107 si\u0119 do Laguna Cristal. B\u0119dziemy musieli przep\u0142yn\u0105\u0107 jedn\u0105 z najwi\u0119kszych rzek w p\u00f3\u0142nocno-wschodniej cz\u0119\u015bci kraju. W Cristal Area zrobimy sobie przerw\u0119 na lunch przed skokiem do wody.<\/span><\/p>\n<p>&nbsp;<\/p>\n<p><span style=\"font-weight: 400;\">Po spr\u00f3bowaniu lokalnego lunchu udamy si\u0119 na sjest\u0119 nad lagun\u0105 Cristal, a nast\u0119pnie pop\u0142ywamy i wr\u00f3cimy do Sanchez Samana.\u00a0<\/span><\/p>\n<p>&nbsp;<\/p>\n<p><span style=\"font-weight: 400;\">Odw\u00f3z do hotelu: 16:00 lub p\u00f3\u017aniej, w zale\u017cno\u015bci od godziny rozpocz\u0119cia podr\u00f3\u017cy. Wycieczka trwa \u0142\u0105cznie 8 godzin.\u00a0<\/span><\/p>\n<p>&nbsp;<\/p>\n<p><span style=\"font-weight: 400;\">Dni i zaj\u0119cia w planie podr\u00f3\u017cy mog\u0105 ulec zmianie bez powiadomienia z powodu nieprzewidzianych okoliczno\u015bci lub wydarze\u0144. Aby uzyska\u0107 wi\u0119cej informacji, zapoznaj si\u0119 z pe\u0142nym regulaminem.<\/span><\/p>\n\n\t\t<\/div>\n\t<\/div>\n<\/div><\/div><\/div><\/div>","protected":false},"excerpt":{"rendered":"<p>Zwiedzanie rzeki el Naranjo z jaskini\u0105 i Cristal Lagun w Parku Narodowym Los Haitises z lokalnym przewodnikiem. Lunch i transport s\u0105 wliczone w cen\u0119 Sabana de la mar.<\/p>","protected":false},"featured_media":16644,"template":"","meta":[],"product_cat":[1096],"product_tag":[1097],"class_list":["post-16647","product","type-product","status-publish","has-post-thumbnail","hentry","product_cat-haitises","product_tag-haitises"],"_links":{"self":[{"href":"https:\/\/www.boattoursamana.com\/pl\/wp-json\/wp\/v2\/product\/16647","targetHints":{"allow":["GET"]}}],"collection":[{"href":"https:\/\/www.boattoursamana.com\/pl\/wp-json\/wp\/v2\/product"}],"about":[{"href":"https:\/\/www.boattoursamana.com\/pl\/wp-json\/wp\/v2\/types\/product"}],"wp:featuredmedia":[{"embeddable":true,"href":"https:\/\/www.boattoursamana.com\/pl\/wp-json\/wp\/v2\/media\/16644"}],"wp:attachment":[{"href":"https:\/\/www.boattoursamana.com\/pl\/wp-json\/wp\/v2\/media?parent=16647"}],"wp:term":[{"taxonomy":"product_cat","embeddable":true,"href":"https:\/\/www.boattoursamana.com\/pl\/wp-json\/wp\/v2\/product_cat?post=16647"},{"taxonomy":"product_tag","embeddable":true,"href":"https:\/\/www.boattoursamana.com\/pl\/wp-json\/wp\/v2\/product_tag?post=16647"}],"curies":[{"name":"wp","href":"https:\/\/api.w.org\/{rel}","templated":true}]}}