{"id":8850,"date":"2019-06-11T10:34:00","date_gmt":"2019-06-11T10:34:00","guid":{"rendered":"https:\/\/www.ticketswhales.com\/?post_type=product&#038;p=8850"},"modified":"2023-03-20T10:20:15","modified_gmt":"2023-03-20T10:20:15","slug":"ridgways-hawk-tour-bird-watching-los-haitises-national-park-tour","status":"publish","type":"product","link":"https:\/\/www.boattoursamana.com\/pl\/wycieczka-2\/ridgways-hawk-wycieczka-obserwacja-ptakow-los-haitises-narodowa-wycieczka","title":{"rendered":"Ridgway&#039;s Hawk Tour \u2013 Wycieczka do Parku Narodowego Los Haitises z obserwacj\u0105 ptak\u00f3w"},"content":{"rendered":"<div class=\"vc_row wpb_row vc_row-fluid\" ><div class=\"wpb_column vc_column_container vc_col-sm-12\"><div class=\"vc_column-inner\"><div class=\"wpb_wrapper\"><div class=\"mkdf-section-title-holder\" style=\"text-align: left\">\n\t<div class=\"mkdf-st-inner\">\n\t\t\t\t\t<h5 class=\"mkdf-st-subtitle\" >\n\t\t\t\t\u0141owiectwo w Parku Narodowym Los Haitises\t\t\t<\/h5>\n\t\t\t\t\t\t\t<h3 class=\"mkdf-st-title\" >\n\t\t\t\tJastrz\u0119bia wycieczka Ridgwaya\t\t\t<\/h3>\n\t\t\t\t\t<\/div>\n<\/div><\/div><\/div><\/div><\/div><div class=\"vc_row wpb_row vc_row-fluid\" ><div class=\"wpb_column vc_column_container vc_col-sm-12\"><div class=\"vc_column-inner\"><div class=\"wpb_wrapper\"><div class=\"vc_btn3-container vc_btn3-inline\" ><button class=\"vc_general vc_btn3 vc_btn3-size-md vc_btn3-shape-rounded vc_btn3-style-modern vc_btn3-color-green\">REZERWUJ TERAZ<\/button><\/div>\n\t<div class=\"wpb_text_column wpb_content_element\" >\n\t\t<div class=\"wpb_wrapper\">\n\t\t\t<h4><b><i>Przegl\u0105d <\/i><\/b><\/h4>\n<section><\/section>\n<p>Jastrz\u0105b Ridgwaya jest krytycznie zagro\u017conym gatunkiem dziennego ptaka drapie\u017cnego endemicznego dla wyspy Hispaniola. Sto lat temu jastrz\u0105b wyst\u0119powa\u0142 na ca\u0142ej Hispanioli, ale dzi\u015b jedyna zachowana populacja l\u0119gowa licz\u0105ca oko\u0142o 300 osobnik\u00f3w znajduje si\u0119 w Parku Narodowym Los Haitises na Dominikanie.<\/p>\n<p>Park Narodowy Los Haitises jest popularnym celem mi\u0142o\u015bnik\u00f3w przyrody i obserwator\u00f3w ptak\u00f3w, poniewa\u017c ma ogromne znaczenie dla r\u00f3\u017cnorodno\u015bci biologicznej i bogactwa fauny, zar\u00f3wno pod wzgl\u0119dem endemizmu, jak i liczebno\u015bci gatunk\u00f3w. Naszym g\u0142\u00f3wnym celem jest wykrycie wszystkich jastrz\u0119bi w okolicach Cano Hondo.<\/p>\n<p>Chronimy jastrz\u0119bia Ridgwaya w Parku Narodowym Los Haitises, gdzie mo\u017cna zobaczy\u0107 siedlisko i interesuj\u0105c\u0105 histori\u0119 jastrz\u0119bia Ridgwaya na szlakach lasu deszczowego. Znamy siedliska s\u00f3w Ridgwaya i sowy popielatej. Poniewa\u017c od ponad 15 lat jako wolontariusze pracujemy na rzecz ochrony tych par i os\u00f3b w tej spo\u0142eczno\u015bci.<\/p>\n<p>W okolicach Parku mo\u017cna spotka\u0107 tak\u017ce inne gatunki endemiczne. Ta wycieczka koncentruje si\u0119 na naturze i jest bardziej skoncentrowana na informacjach o dzikiej przyrodzie. Zwykle jest prywatny.<\/p>\n<h4><\/h4>\n<h4><b>W\u0142\u0105czenia i wykluczenia<\/b><\/h4>\n<p><b>Inkluzje<\/b><\/p>\n<ol>\n<li style=\"font-weight: 400;\">Wycieczka z obserwacj\u0105 ptak\u00f3w + jaskinie i piktogramy<\/li>\n<li style=\"font-weight: 400;\"><span style=\"font-weight: 400;\">Wszystkie podatki, op\u0142aty i op\u0142aty manipulacyjne<\/span><\/li>\n<li style=\"font-weight: 400;\"><span style=\"font-weight: 400;\">Lokalne podatki<\/span><\/li>\n<li style=\"font-weight: 400;\">Urz\u0119dnicy Ekolodzy przewodnicy<\/li>\n<\/ol>\n<p><b> Wykluczenia<\/b><\/p>\n<ol>\n<li style=\"font-weight: 400;\"><span style=\"font-weight: 400;\">Napiwki<\/span><\/li>\n<li style=\"font-weight: 400;\"><span style=\"font-weight: 400;\">Przenosi\u0107<\/span><\/li>\n<li style=\"font-weight: 400;\"><span style=\"font-weight: 400;\">Nap\u00f3j<\/span><\/li>\n<\/ol>\n<p>&nbsp;<\/p>\n<h4><em><strong>Wyjazd i powr\u00f3t<\/strong><\/em><\/h4>\n<p><span style=\"font-weight: 400;\">Wycieczka organizowana przez \u201eBooking Adventures\u201d rozpoczyna si\u0119 w miejscu spotkania z Przewodnikiem. Po dokonaniu rezerwacji podr\u00f3\u017cny otrzyma miejsce zbi\u00f3rki. Wycieczki rozpoczynaj\u0105 si\u0119 i ko\u0144cz\u0105 w naszych punktach spotka\u0144.<\/span><\/p>\n<p>&nbsp;<\/p>\n<h4><b><i>Czego oczekiwa\u0107?<\/i><\/b><\/h4>\n<p><em><strong>Zdob\u0105d\u017a sw\u00f3j bilet<\/strong><\/em> za ochron\u0119 Jastrz\u0119bia Ridgwaya w Parku Narodowym Los Haitises.<\/p>\n<p>Ta wycieczka rozpoczyna si\u0119 od miejsca spotkania, w\u0119druj\u0105c szlakami Ridgway do obszar\u00f3w gniazdowania. Po 30 minutach w\u0119dr\u00f3wki i obserwowaniu jastrz\u0119bi mamy mo\u017cliwo\u015b\u0107 kontynuowania w\u0119dr\u00f3wki po okolicy i sprawdzenia papug, pikulet\u00f3w i innych gatunk\u00f3w endemicznych w Parku Narodowym Los Haitises.<\/p>\n<p>Park Narodowy Los Haitises ma tylko dwa szlaki dla ptak\u00f3w w Sabana de la Mar. W drodze do Parku Narodowego Los Hiatises zatrzymujemy si\u0119 w niekt\u00f3rych miejscach, aby zobaczy\u0107 wi\u0119cej ptak\u00f3w.<\/p>\n<p>By\u0142em w zatoce San Lorenzo. odwiedzimy dwie jaskinie, jaskini\u0119 smutku w hiszpa\u0144skiej Cueva de la Arena; w tej jaskini mo\u017cemy zobaczy\u0107 petrografy ze spo\u0142eczno\u015bci Tainos, kt\u00f3re przebywa\u0142y w tym obszarze. i u\u017cywaj\u0105c jaski\u0144 jako \u015bwi\u0105tyni.<\/p>\n<p>Nast\u0119pnie udamy si\u0119 do jaskini Linea, tej z 2243 oryginalnymi piktogramami, a nasz przewodnik wyja\u015bni ci informacje od archeologa na temat tych piktogram\u00f3w.<\/p>\n<p>Powr\u00f3t \u0142odzi\u0105 na wysp\u0119 Pajaros (Wyspa Ptak\u00f3w), gdzie mo\u017cemy zobaczy\u0107 wi\u0119kszo\u015b\u0107 ptactwa wodno-b\u0142otnego, do Parku Narodowego Los Haitises. Tylko dlatego, \u017ce nie wszystkie ptaki s\u0105 w wodzie.<\/p>\n<p>Po 4,5 godzinach poznawania ptak\u00f3w w Parku Narodowym Los Haitises wycieczka ko\u0144czy si\u0119 w tym samym miejscu, w kt\u00f3rym si\u0119 rozpocz\u0119\u0142a.<\/p>\n<p><strong>Uwaga: te wycieczki odbywaj\u0105 si\u0119 z oficjalnymi przewodnikami ekolog\u00f3w z Parku Narodowego Los Haitises. Daj nam zna\u0107, kiedy planujesz nas odwiedzi\u0107!<\/strong><\/p>\n<p>&nbsp;<\/p>\n<h4><em><strong>Co powiniene\u015b ze sob\u0105 zabra\u0107?<\/strong><\/em><\/h4>\n<ul>\n<li style=\"font-weight: 400;\"><span style=\"font-weight: 400;\">Kamera<\/span><\/li>\n<li>Obuoczny<\/li>\n<li style=\"font-weight: 400;\"><span style=\"font-weight: 400;\">Odstraszaj\u0105ce p\u0105ki<\/span><\/li>\n<li style=\"font-weight: 400;\"><span style=\"font-weight: 400;\">krem do opalania<\/span><\/li>\n<li style=\"font-weight: 400;\"><span style=\"font-weight: 400;\">Kapelusz<\/span><\/li>\n<li style=\"font-weight: 400;\"><span style=\"font-weight: 400;\">Wygodne spodnie<\/span><\/li>\n<li style=\"font-weight: 400;\"><span style=\"font-weight: 400;\">Buty turystyczne do lasu<\/span><\/li>\n<li style=\"font-weight: 400;\"><span style=\"font-weight: 400;\">Sanda\u0142y na wiosenne tereny.<\/span><\/li>\n<li style=\"font-weight: 400;\"><span style=\"font-weight: 400;\">Kostium k\u0105pielowy<\/span><\/li>\n<\/ul>\n<p>&nbsp;<\/p>\n<h4><b><i>Odbi\u00f3r z hotelu <\/i><\/b><\/h4>\n<p><span style=\"font-weight: 400;\">Odbi\u00f3r z hotelu nie jest oferowany podczas tej wycieczki. <\/span><\/p>\n<p>&nbsp;<\/p>\n<p><b>Uwaga:<\/b><span style=\"font-weight: 400;\"> Je\u015bli rezerwujesz w ci\u0105gu 24 godzin od godziny rozpocz\u0119cia wycieczki\/wycieczki, mo\u017cemy zorganizowa\u0107 odbi\u00f3r z hotelu za dodatkow\u0105 op\u0142at\u0105. Po sfinalizowaniu zakupu wy\u015blemy Ci pe\u0142ne dane kontaktowe (numer telefonu, adres e-mail itp.) do naszego lokalnego przewodnika w celu zorganizowania odbioru.<\/span><\/p>\n<h4><b><i>Dodatkowe potwierdzenie informacji <\/i><\/b><\/h4>\n<ol>\n<li>Bilety s\u0105 Paragonem po op\u0142aceniu tej wycieczki. Mo\u017cesz pokaza\u0107 p\u0142atno\u015b\u0107 na swoim telefonie.<\/li>\n<li style=\"font-weight: 400;\"><span style=\"font-weight: 400;\">Miejsce spotkania zostanie odebrane po zako\u0144czeniu procesu rezerwacji.<\/span><\/li>\n<li style=\"font-weight: 400;\"><span style=\"font-weight: 400;\">Dzieciom musi towarzyszy\u0107 osoba doros\u0142a.<\/span><\/li>\n<li style=\"font-weight: 400;\"><span style=\"font-weight: 400;\"> Niedost\u0119pny dla w\u00f3zk\u00f3w inwalidzkich <\/span><\/li>\n<li style=\"font-weight: 400;\"><span style=\"font-weight: 400;\">Niemowl\u0119ta musz\u0105 siedzie\u0107 na kolanach <\/span><\/li>\n<li style=\"font-weight: 400;\"><span style=\"font-weight: 400;\">Niezalecane dla podr\u00f3\u017cnych z problemami z plecami<\/span><\/li>\n<li style=\"font-weight: 400;\"><span style=\"font-weight: 400;\">Nie zalecane dla podr\u00f3\u017cuj\u0105cych w ci\u0105\u017cy <\/span><\/li>\n<li style=\"font-weight: 400;\"><span style=\"font-weight: 400;\"> \u017badnych problem\u00f3w z sercem ani innych powa\u017cnych schorze\u0144 <\/span><\/li>\n<li style=\"font-weight: 400;\"><span style=\"font-weight: 400;\">Wi\u0119kszo\u015b\u0107 podr\u00f3\u017cnych mo\u017ce wzi\u0105\u0107 udzia\u0142<\/span><\/li>\n<\/ol>\n<p>Ta wycieczka jest oferowana minimum 2 osobom i maksymalnie 15 osobom. W przypadku mniejszej ilo\u015bci os\u00f3b prosimy o kontakt.<\/p>\n<h4><b><i>Zasady anulowania<\/i><\/b><\/h4>\n<p>Aby uzyska\u0107 pe\u0142ny zwrot pieni\u0119dzy, przeczytaj nasze Zasady anulowania rezerwacji\u00a0<a href=\"https:\/\/www.boattoursamana.com\/pl\/rezerwacja-online\/\" target=\"_blank\" rel=\"noopener\" data-saferedirecturl=\"https:\/\/www.google.com\/url?q=https:\/\/www.boattoursamana.com\/online-booking\/&amp;source=gmail&amp;ust=1672529771100000&amp;usg=AOvVaw2NIGJBZ0qjB5RhPUl5Obc7\">Kliknij tutaj<\/a>. \u015arodki zostan\u0105 utracone, je\u015bli rezerwacja zostanie anulowana tego samego dnia wycieczki.<\/p>\n\n\t\t<\/div>\n\t<\/div>\n<\/div><\/div><\/div><\/div><div class=\"vc_row wpb_row vc_row-fluid\" ><\/div><div class=\"wpb_column vc_column_container vc_col-sm-12\"><div class=\"vc_column-inner\"><div class=\"wpb_wrapper\"><\/div><\/div><\/div><div class=\"vc_empty_space\"   style=\"height: 32px\"><span class=\"vc_empty_space_inner\"><\/span><\/div><div class=\"vc_empty_space\"   style=\"height: 32px\"><span class=\"vc_empty_space_inner\"><\/span><\/div><div class=\"vc_row wpb_row vc_row-fluid\" ><div class=\"wpb_column vc_column_container vc_col-sm-12\"><div class=\"vc_column-inner\"><div class=\"wpb_wrapper\"><div class=\"vc_btn3-container vc_btn3-inline\" ><button class=\"vc_general vc_btn3 vc_btn3-size-md vc_btn3-shape-rounded vc_btn3-style-modern vc_btn3-color-green\">REZERWUJ TERAZ<\/button><\/div><\/div><\/div><\/div><\/div>","protected":false},"excerpt":{"rendered":"<p><span style=\"vertical-align: inherit;\"><span style=\"vertical-align: inherit;\">Viaje ecol\u00f3gico al Parque Nacional Los Haitises con un gu\u00eda tur\u00edstico local. <\/span><span style=\"vertical-align: inherit;\">Visitar los halcones de Ridgway en el Parque Nacional Los Haitises y las \u00e1reas hist\u00f3ricas de Sabana de la Mar en el Parque Nacional Los Haitises.<\/span><\/span><\/p>\n<p>&nbsp;<\/p>\n<p><em><strong><span style=\"vertical-align: inherit;\"><span style=\"vertical-align: inherit;\">Selectione la fecha para el tour\u00a0<\/span><\/span><\/strong><\/em><\/p>","protected":false},"featured_media":12258,"template":"","meta":[],"product_cat":[255,946,932,927,253,254],"product_tag":[237,236,171,209,239,238,175,186,199,240],"class_list":["post-8850","product","type-product","status-publish","has-post-thumbnail","hentry","product_cat-tours-excursions-samana-bay-dominican-republic","product_cat-1-sabana-de-la-mar","product_cat-birdwatching-los-haitises","product_cat-hiking-los-haitises","product_cat-tours-and-excursions","product_cat-tours-excursions-los-haitises-national-park","product_tag-birding","product_tag-birdwatching","product_tag-los-haitises","product_tag-los-haitises-national-park","product_tag-nature","product_tag-ridgways-hawk","product_tag-sabana-de-la-mar","product_tag-samana","product_tag-samana-bay","product_tag-wildlife"],"_links":{"self":[{"href":"https:\/\/www.boattoursamana.com\/pl\/wp-json\/wp\/v2\/product\/8850","targetHints":{"allow":["GET"]}}],"collection":[{"href":"https:\/\/www.boattoursamana.com\/pl\/wp-json\/wp\/v2\/product"}],"about":[{"href":"https:\/\/www.boattoursamana.com\/pl\/wp-json\/wp\/v2\/types\/product"}],"wp:featuredmedia":[{"embeddable":true,"href":"https:\/\/www.boattoursamana.com\/pl\/wp-json\/wp\/v2\/media\/12258"}],"wp:attachment":[{"href":"https:\/\/www.boattoursamana.com\/pl\/wp-json\/wp\/v2\/media?parent=8850"}],"wp:term":[{"taxonomy":"product_cat","embeddable":true,"href":"https:\/\/www.boattoursamana.com\/pl\/wp-json\/wp\/v2\/product_cat?post=8850"},{"taxonomy":"product_tag","embeddable":true,"href":"https:\/\/www.boattoursamana.com\/pl\/wp-json\/wp\/v2\/product_tag?post=8850"}],"curies":[{"name":"wp","href":"https:\/\/api.w.org\/{rel}","templated":true}]}}