{"id":8854,"date":"2018-06-11T11:23:58","date_gmt":"2018-06-11T11:23:58","guid":{"rendered":"https:\/\/www.ticketswhales.com\/?post_type=product&#038;p=8854"},"modified":"2023-02-19T13:25:42","modified_gmt":"2023-02-19T13:25:42","slug":"los-haitises-national-park-playa-el-rincon-beach","status":"publish","type":"product","link":"https:\/\/www.boattoursamana.com\/pl\/wycieczka-2\/park-narodowy-los-haitises-plaza-el-rincon","title":{"rendered":"Park Narodowy Los Haitises + pla\u017ca Playa el Rinc\u00f3n"},"content":{"rendered":"<div class=\"vc_row wpb_row vc_row-fluid\" ><div class=\"wpb_column vc_column_container vc_col-sm-12\"><div class=\"vc_column-inner\"><div class=\"wpb_wrapper\"><div class=\"mkdf-section-title-holder\" style=\"text-align: left\">\n\t<div class=\"mkdf-st-inner\">\n\t\t\t\t\t<h5 class=\"mkdf-st-subtitle\" >\n\t\t\t\tJaskinie, lasy namorzynowe, lunch i p\u0142ywanie na pla\u017cy\t\t\t<\/h5>\n\t\t\t\t\t\t\t<h3 class=\"mkdf-st-title\" >\n\t\t\t\tPark Narodowy Los Haitises + pla\u017ca Playa el Rinc\u00f3n\t\t\t<\/h3>\n\t\t\t\t\t<\/div>\n<\/div><div class=\"vc_btn3-container vc_btn3-inline\" ><button class=\"vc_general vc_btn3 vc_btn3-size-md vc_btn3-shape-rounded vc_btn3-style-modern vc_btn3-color-green\">REZERWUJ TERAZ<\/button><\/div><\/div><\/div><\/div><\/div><div class=\"vc_row wpb_row vc_row-fluid\" ><div class=\"wpb_column vc_column_container vc_col-sm-12\"><div class=\"vc_column-inner\"><div class=\"wpb_wrapper\">\n\t<div class=\"wpb_text_column wpb_content_element\" >\n\t\t<div class=\"wpb_wrapper\">\n\t\t\t<h4><b><i>Przegl\u0105d <\/i><\/b><\/h4>\n<p>Park Narodowy Los Haitises i Playa El Rincon z lunchem na pla\u017cy. Chod\u017a z nami i odwied\u017a najpi\u0119kniejszy park narodowy Dominikany, odwiedzaj\u0105c lasy namorzynowe, jaskinie i zatok\u0119 San Lorenzo. Po powrocie do portu Samana na prywatn\u0105 wycieczk\u0119 na pla\u017c\u0119 Playa El Rincon z lunchem na pla\u017cy<\/p>\n<p>Po tym do\u015bwiadczeniu sp\u0119dzisz czas na pla\u017cy oraz lokalny lunch na pla\u017cy.<\/p>\n<ul>\n<li style=\"font-weight: 400;\"><span style=\"font-weight: 400;\">Obejmuje lunch w formie bufetu na pla\u017cy <\/span><\/li>\n<li style=\"font-weight: 400;\">Op\u0142aty wliczone<\/li>\n<li style=\"font-weight: 400;\"><span style=\"font-weight: 400;\">Przewodnik zapewnia instrukcje i nadz\u00f3r<\/span><\/li>\n<\/ul>\n<p>&nbsp;<\/p>\n<h4><b>W\u0142\u0105czenia i wykluczenia<\/b><\/h4>\n<p>&nbsp;<\/p>\n<p><b>Inkluzje<\/b><\/p>\n<ol>\n<li style=\"font-weight: 400;\"><span style=\"font-weight: 400;\">\u00a0obiad na pla\u017cy<\/span><\/li>\n<li style=\"font-weight: 400;\">Los Haitises Tour + Playa El Rincon<\/li>\n<li style=\"font-weight: 400;\"><span style=\"font-weight: 400;\">Wszystkie podatki, op\u0142aty i op\u0142aty manipulacyjne<\/span><\/li>\n<li style=\"font-weight: 400;\"><span style=\"font-weight: 400;\">Lokalne podatki<\/span><\/li>\n<li style=\"font-weight: 400;\"><span style=\"font-weight: 400;\">Napoje<\/span><\/li>\n<li style=\"font-weight: 400;\"><span style=\"font-weight: 400;\">Wszystkie aktywno\u015bci<\/span><\/li>\n<li style=\"font-weight: 400;\"><span style=\"font-weight: 400;\">Lokalny przewodnik<\/span><\/li>\n<\/ol>\n<p><b> Wykluczenia<\/b><\/p>\n<ol>\n<li style=\"font-weight: 400;\"><span style=\"font-weight: 400;\">Napiwki<\/span><\/li>\n<li style=\"font-weight: 400;\"><span style=\"font-weight: 400;\">Przenosi\u0107<\/span><\/li>\n<li style=\"font-weight: 400;\"><span style=\"font-weight: 400;\">Napoje alkoholowe<\/span><\/li>\n<\/ol>\n<p>&nbsp;<\/p>\n<h4><em><strong>Wyjazd i powr\u00f3t<\/strong><\/em><\/h4>\n<p><span style=\"font-weight: 400;\">Po dokonaniu rezerwacji podr\u00f3\u017cny otrzyma miejsce zbi\u00f3rki. Wycieczki rozpoczynaj\u0105 si\u0119 i ko\u0144cz\u0105 w naszych punktach spotka\u0144.<\/span><\/p>\n<p>&nbsp;<\/p>\n<h4><b><i>Czego oczekiwa\u0107?<\/i><\/b><\/h4>\n<p>&nbsp;<\/p>\n<p><em><strong>Zdob\u0105d\u017a swoje bilety<\/strong><\/em> na zwiedzanie Parku Narodowego Los Haitises ze wspania\u0142ym lunchem na pla\u017cy Playa El Rincon.<\/p>\n<p><span style=\"font-weight: 400;\">Wycieczka organizowana przez \u201eBooking Adventures\u201d rozpoczyna si\u0119 w miejscu spotkania z Przewodnikiem.<\/span><\/p>\n<div class=\"teaser-description\">Wybierz si\u0119 na wycieczk\u0119 \u0142odzi\u0105 przez zatok\u0119 Samana, aby odwiedzi\u0107 Park Narodowy Los Haitises, przep\u0142ywaj\u0105c przez bagna namorzynowe, obok staro\u017cytnych pirackich jaski\u0144 i do chronionych las\u00f3w w tym malowniczym rezerwacie.<\/div>\n<div class=\"body-description secondary\">\n<p>Przyjd\u017a z Booking Adventures i zacznij sprawdza\u0107 pe\u0142ne ptak\u00f3w lasy namorzynowe, pag\u00f3rki bujnej ro\u015blinno\u015bci i jaskinie <em><strong>Park Narodowy Los Haitises<\/strong><\/em>. Rejs \u0142odzi\u0105 Wycieczka z portu Samana.<\/p>\n<p>Nazwa parku narodowego pochodzi od jego pierwotnych mieszka\u0144c\u00f3w, Indian Taino. W ich j\u0119zyku \u201eHaitises\u201d oznacza wy\u017cyny lub wzg\u00f3rza, co jest odniesieniem do stromych formacji geologicznych wybrze\u017ca z wapieniami. Udaj si\u0119 w g\u0142\u0105b parku, aby odkry\u0107 jaskinie, takie jak <em><strong>Cueva de la Arena<\/strong><\/em> oraz <strong><em>Cueva de la Linea.<\/em><\/strong> Jaskinie w rezerwacie by\u0142y wykorzystywane jako schronienie przez Indian Taino, a p\u00f3\u017aniej przez ukrywaj\u0105cych si\u0119 pirat\u00f3w. Poszukaj rysunk\u00f3w Indian, kt\u00f3re zdobi\u0105 niekt\u00f3re \u015bciany.<\/p>\n<p>Po zwiedzeniu Parku Narodowego Los Haitises pop\u0142yniemy \u0142odzi\u0105 i pop\u0142yniemy przez lasy namorzynowe i wyl\u0105dujemy nad otwart\u0105 zatok\u0105 San Lorenzo bezpo\u015brednio do portu Saman\u00e1. W porcie Saman\u00e1 zabieramy nasz prywatny transport na pla\u017c\u0119 El Rinc\u00f3n na lunch.<\/p>\n<p>Lunch b\u0119dzie pyszny, ale jeszcze nie sko\u0144czyli\u015bmy. Po obiedzie b\u0119dziesz mie\u0107 czas na pla\u017cowanie lub po prostu usi\u0105\u015b\u0107 w cieniu i delektowa\u0107 si\u0119 Pi\u00f1a Colada lub Coco Loco w jednym z typowych dominika\u0144skich bar\u00f3w. Oko\u0142o 16:30 wyjazd z pla\u017cy i powr\u00f3t do Saman\u00e1.<\/p>\n<\/div>\n<p>Na pla\u017cy i mo\u017cesz zosta\u0107 tak d\u0142ugo, jak chcesz p\u0142ywa\u0107. Oferowane s\u0105 frytki i Tostones! Je\u015bli jeste\u015b weganinem, mo\u017cemy r\u00f3wnie\u017c przygotowa\u0107 dla ciebie co\u015b do jedzenia.<\/p>\n<p>&nbsp;<\/p>\n<h4><em><strong>Co powiniene\u015b ze sob\u0105 zabra\u0107?<\/strong><\/em><\/h4>\n<ul>\n<li style=\"font-weight: 400;\"><span style=\"font-weight: 400;\">Kamera<\/span><\/li>\n<li style=\"font-weight: 400;\"><span style=\"font-weight: 400;\">Odstraszaj\u0105ce p\u0105ki<\/span><\/li>\n<li style=\"font-weight: 400;\"><span style=\"font-weight: 400;\">krem do opalania<\/span><\/li>\n<li style=\"font-weight: 400;\"><span style=\"font-weight: 400;\">Kapelusz<\/span><\/li>\n<li style=\"font-weight: 400;\"><span style=\"font-weight: 400;\">Wygodne spodnie<\/span><\/li>\n<li style=\"font-weight: 400;\"><span style=\"font-weight: 400;\">Buty turystyczne do lasu<\/span><\/li>\n<li style=\"font-weight: 400;\"><span style=\"font-weight: 400;\">Sanda\u0142y na pla\u017c\u0119<\/span><\/li>\n<li style=\"font-weight: 400;\"><span style=\"font-weight: 400;\">Kostium k\u0105pielowy<\/span><\/li>\n<\/ul>\n<p>&nbsp;<\/p>\n<h4><b><i>Odbi\u00f3r z hotelu <\/i><\/b><\/h4>\n<p><span style=\"font-weight: 400;\">Odbi\u00f3r z hotelu nie jest oferowany podczas tej wycieczki. <\/span><\/p>\n<p>&nbsp;<\/p>\n<p><b>Uwaga:<\/b><span style=\"font-weight: 400;\"> je\u015bli rezerwujesz w ci\u0105gu 24 godzin przed czasem wyjazdu\/wycieczki, mo\u017cemy zorganizowa\u0107 odbi\u00f3r z hotelu za dodatkow\u0105 op\u0142at\u0105. Po sfinalizowaniu zakupu wy\u015blemy Ci pe\u0142ne dane kontaktowe (numer telefonu, adres e-mail itp.) do naszego lokalnego przewodnika w celu zorganizowania odbioru.<\/span><\/p>\n<h4><b><i>Dodatkowe potwierdzenie informacji <\/i><\/b><\/h4>\n<ol>\n<li>Bilety s\u0105 paragonem po op\u0142aceniu tej wycieczki. Mo\u017cesz pokaza\u0107 p\u0142atno\u015b\u0107 na swoim telefonie.<\/li>\n<li style=\"font-weight: 400;\"><span style=\"font-weight: 400;\">Miejsce spotkania zostanie odebrane po zako\u0144czeniu procesu rezerwacji.<\/span><\/li>\n<li style=\"font-weight: 400;\"><span style=\"font-weight: 400;\">Dzieciom musi towarzyszy\u0107 osoba doros\u0142a.<\/span><\/li>\n<li style=\"font-weight: 400;\"><span style=\"font-weight: 400;\"> Niedost\u0119pny dla w\u00f3zk\u00f3w inwalidzkich <\/span><\/li>\n<li style=\"font-weight: 400;\"><span style=\"font-weight: 400;\">Niemowl\u0119ta musz\u0105 siedzie\u0107 na kolanach <\/span><\/li>\n<li style=\"font-weight: 400;\"><span style=\"font-weight: 400;\">Niezalecane dla podr\u00f3\u017cnych z problemami z plecami<\/span><\/li>\n<li style=\"font-weight: 400;\"><span style=\"font-weight: 400;\">Nie zalecane dla podr\u00f3\u017cuj\u0105cych w ci\u0105\u017cy <\/span><\/li>\n<li style=\"font-weight: 400;\"><span style=\"font-weight: 400;\"> \u017badnych problem\u00f3w z sercem ani innych powa\u017cnych schorze\u0144 <\/span><\/li>\n<li style=\"font-weight: 400;\"><span style=\"font-weight: 400;\">Wi\u0119kszo\u015b\u0107 podr\u00f3\u017cnych mo\u017ce wzi\u0105\u0107 udzia\u0142<\/span><\/li>\n<\/ol>\n<h4><b><i>Zasady anulowania<\/i><\/b><\/h4>\n<p>Aby uzyska\u0107 pe\u0142ny zwrot pieni\u0119dzy, przeczytaj nasze Zasady anulowania rezerwacji\u00a0<a href=\"https:\/\/www.boattoursamana.com\/pl\/rezerwacja-online\/\" target=\"_blank\" rel=\"noopener\" data-saferedirecturl=\"https:\/\/www.google.com\/url?q=https:\/\/www.boattoursamana.com\/online-booking\/&amp;source=gmail&amp;ust=1672449202351000&amp;usg=AOvVaw1yAeVAPktmaVCqDujgUn90\">Kliknij tutaj<\/a>. \u015arodki zostan\u0105 utracone, je\u015bli rezerwacja zostanie anulowana tego samego dnia wycieczki.<\/p>\n\n\t\t<\/div>\n\t<\/div>\n<div class=\"vc_empty_space\"   style=\"height: 32px\"><span class=\"vc_empty_space_inner\"><\/span><\/div><\/div><\/div><\/div><\/div><div class=\"vc_row wpb_row vc_row-fluid\" ><div class=\"wpb_column vc_column_container vc_col-sm-12\"><div class=\"vc_column-inner\"><div class=\"wpb_wrapper\"><\/div><\/div><\/div><\/div><div class=\"vc_row wpb_row vc_row-fluid\" ><div class=\"wpb_column vc_column_container vc_col-sm-12\"><div class=\"vc_column-inner\"><div class=\"wpb_wrapper\"><div class=\"vc_btn3-container vc_btn3-inline\" ><button class=\"vc_general vc_btn3 vc_btn3-size-md vc_btn3-shape-rounded vc_btn3-style-modern vc_btn3-color-green\">REZERWUJ TERAZ<\/button><\/div><\/div><\/div><\/div><\/div>","protected":false},"excerpt":{"rendered":"<p>Park Narodowy Los Haitises i Playa El Rinc\u00f3n z lunchem na pla\u017cy. Chod\u017a z nami i odwied\u017a najpi\u0119kniejszy park narodowy Republiki Dominikany, odwiedzaj\u0105c lasy namorzynowe, jaskinie i zatok\u0119 San Lorenzo. Po powrocie do portu Saman\u00e1 na prywatn\u0105 wycieczk\u0119 na pla\u017c\u0119 Playa El Rinc\u00f3n z lunchem na pla\u017cy.<\/p>\n<p>Zdob\u0105d\u017a bilety z ofertami tutaj\u2026<\/p>\n<p>&nbsp;<\/p>\n<p><strong>Wybierz dat\u0119 wycieczki\u00a0<\/strong><\/p>","protected":false},"featured_media":8241,"template":"","meta":[],"product_cat":[255,655,928,170,160,179],"product_tag":[183,204,205,186,199,200,187],"class_list":["post-8854","product","type-product","status-publish","has-post-thumbnail","hentry","product_cat-tours-excursions-samana-bay-dominican-republic","product_cat-1-samana","product_cat-boat-trip-los-haitises","product_cat-local-tour-guides","product_cat-lunch","product_cat-trails-or-paths","product_tag-beach-time","product_tag-el-rincon-beach","product_tag-playa-el-rincon","product_tag-samana","product_tag-samana-bay","product_tag-samana-excursions","product_tag-samana-tours"],"_links":{"self":[{"href":"https:\/\/www.boattoursamana.com\/pl\/wp-json\/wp\/v2\/product\/8854","targetHints":{"allow":["GET"]}}],"collection":[{"href":"https:\/\/www.boattoursamana.com\/pl\/wp-json\/wp\/v2\/product"}],"about":[{"href":"https:\/\/www.boattoursamana.com\/pl\/wp-json\/wp\/v2\/types\/product"}],"wp:featuredmedia":[{"embeddable":true,"href":"https:\/\/www.boattoursamana.com\/pl\/wp-json\/wp\/v2\/media\/8241"}],"wp:attachment":[{"href":"https:\/\/www.boattoursamana.com\/pl\/wp-json\/wp\/v2\/media?parent=8854"}],"wp:term":[{"taxonomy":"product_cat","embeddable":true,"href":"https:\/\/www.boattoursamana.com\/pl\/wp-json\/wp\/v2\/product_cat?post=8854"},{"taxonomy":"product_tag","embeddable":true,"href":"https:\/\/www.boattoursamana.com\/pl\/wp-json\/wp\/v2\/product_tag?post=8854"}],"curies":[{"name":"wp","href":"https:\/\/api.w.org\/{rel}","templated":true}]}}