{"id":8856,"date":"2019-04-11T11:50:47","date_gmt":"2019-04-11T11:50:47","guid":{"rendered":"https:\/\/www.ticketswhales.com\/?post_type=product&#038;p=8856"},"modified":"2023-10-29T11:40:03","modified_gmt":"2023-10-29T11:40:03","slug":"los-haitises-national-park-lunch-at-cano-hondo-from-sabana-de-la-mar","status":"publish","type":"product","link":"https:\/\/www.boattoursamana.com\/pl\/wycieczka-2\/los-haitises-park-narodowy-lunch-w-cano-hondo-z-sabana-de-la-mar-2","title":{"rendered":"Park Narodowy Los Haitises + Lunch w Ca\u00f1o Hondo z Sabana de la Mar"},"content":{"rendered":"<div class=\"vc_row wpb_row vc_row-fluid\" ><div class=\"wpb_column vc_column_container vc_col-sm-12\"><div class=\"vc_column-inner\"><div class=\"wpb_wrapper\"><div class=\"vc_btn3-container vc_btn3-inline\" ><a class=\"vc_general vc_btn3 vc_btn3-size-md vc_btn3-shape-rounded vc_btn3-style-modern vc_btn3-color-green\" href=\"https:\/\/bookingadventures.tours\/booking.php?tour_id=564682de5ff3fb75370322d9bb29062a\" title=\"\" rel=\"noopener\">REZERWUJ TERAZ<\/a><\/div><div class=\"mkdf-section-title-holder\" style=\"text-align: left\">\n\t<div class=\"mkdf-st-inner\">\n\t\t\t\t\t<h5 class=\"mkdf-st-subtitle\" >\n\t\t\t\tObiad i p\u0142ywanie w Natural Springs\t\t\t<\/h5>\n\t\t\t\t\t\t\t<h3 class=\"mkdf-st-title\" >\n\t\t\t\tPark Narodowy Los Haitises + Lunch w Cano Hondo z Sabana de la Mar\t\t\t<\/h3>\n\t\t\t\t\t<\/div>\n<\/div><div class=\"vc_empty_space\"   style=\"height: 32px\"><span class=\"vc_empty_space_inner\"><\/span><\/div>\n\t<div class=\"wpb_text_column wpb_content_element\" >\n\t\t<div class=\"wpb_wrapper\">\n\t\t\t<div class=\"mkdf-single-product-content\">\n<div class=\"woocommerce-product-gallery woocommerce-product-gallery--with-images woocommerce-product-gallery--columns-4 images\" data-columns=\"4\"><\/div>\n<\/div>\n<div class=\"woocommerce-tabs wc-tabs-wrapper\">\n<div id=\"tab-description\" class=\"woocommerce-Tabs-panel woocommerce-Tabs-panel--description panel entry-content wc-tab\" role=\"tabpanel\" aria-labelledby=\"tab-title-description\">\n<div class=\"vc_row wpb_row vc_row-fluid\"><a id=\"overview\" class=\"aal_anchor\" style=\"font-size: 25px; font-weight: bold; letter-spacing: -0.005em;\" href=\"https:\/\/bookingadventures.com.do\/dominicantour\/los-haitises-national-park-lunch-at-cano-hondo-from-sabana-de-la-mar\/#overview\" aria-hidden=\"true\" rel=\"noopener\"><\/a><b style=\"color: #303030; font-size: 25px; letter-spacing: -0.005em;\"><i>Przegl\u0105d<\/i><\/b><\/div>\n<p>Ca\u0142odniowa wycieczka do Parku Narodowego Los Haitises i lunch w Ca\u00f1o Hondo plus k\u0105piel w naturalnych \u017ar\u00f3d\u0142ach. Chod\u017a z nami i odwied\u017a najpi\u0119kniejszy park narodowy Republiki Dominikany, odwiedzaj\u0105c lasy namorzynowe, jaskinie i zatok\u0119 San Lorenzo. Powr\u00f3t do portu Ca\u00f1o Hondo na w\u0119dr\u00f3wk\u0119 15 minut i zjedzenie typowego lunchu z widokiem na morze do Parku Narodowego Los Haitises. Potem P\u0142ywanie w Naturalnej Wiosnie do 16:30.<\/p>\n<p>Po tym do\u015bwiadczeniu sp\u0119dzisz czas na pla\u017cy oraz lokalny lunch na pla\u017cy.<\/p>\n<ul>\n<li>Obejmuje lunch w formie bufetu<\/li>\n<li>P\u0142ywanie w naturalnych \u017ar\u00f3d\u0142ach<\/li>\n<li>Op\u0142aty wliczone<\/li>\n<li>Przewodnik zapewnia instrukcje i nadz\u00f3r<\/li>\n<\/ul>\n<p>&nbsp;<\/p>\n<h4><a id=\"inclusions-exclusions\" class=\"aal_anchor\" href=\"https:\/\/bookingadventures.com.do\/dominicantour\/los-haitises-national-park-lunch-at-cano-hondo-from-sabana-de-la-mar\/#inclusions-exclusions\" aria-hidden=\"true\" rel=\"noopener\"><\/a><b>W\u0142\u0105czenia i wykluczenia<\/b><\/h4>\n<p>&nbsp;<\/p>\n<p><b>Inkluzje<\/b><\/p>\n<ol>\n<li>\u00a0obiad w Ecolodge<\/li>\n<li>Los Haitises Tour + jaskinie i piktogramy<\/li>\n<li>Wszystkie podatki, op\u0142aty i op\u0142aty manipulacyjne<\/li>\n<li>Lokalne podatki<\/li>\n<li>Napoje<\/li>\n<li>Wszystkie aktywno\u015bci<\/li>\n<li>Lokalny przewodnik<\/li>\n<\/ol>\n<p><b>Wykluczenia<\/b><\/p>\n<ol>\n<li>Napiwki<\/li>\n<li>Przenosi\u0107<\/li>\n<li>Napoje alkoholowe<\/li>\n<\/ol>\n<p>&nbsp;<\/p>\n<h4><a id=\"departure-return\" class=\"aal_anchor\" href=\"https:\/\/bookingadventures.com.do\/dominicantour\/los-haitises-national-park-lunch-at-cano-hondo-from-sabana-de-la-mar\/#departure-return\" aria-hidden=\"true\" rel=\"noopener\"><\/a><em><strong>Wyjazd i powr\u00f3t<\/strong><\/em><\/h4>\n<p>Po dokonaniu rezerwacji podr\u00f3\u017cny otrzyma miejsce zbi\u00f3rki. Wycieczki rozpoczynaj\u0105 si\u0119 i ko\u0144cz\u0105 w naszych punktach spotka\u0144.<\/p>\n<p>&nbsp;<\/p>\n<h4><a id=\"what-to-expect\" class=\"aal_anchor\" href=\"https:\/\/bookingadventures.com.do\/dominicantour\/los-haitises-national-park-lunch-at-cano-hondo-from-sabana-de-la-mar\/#what-to-expect\" aria-hidden=\"true\" rel=\"noopener\"><\/a><b><i>Czego oczekiwa\u0107?<\/i><\/b><\/h4>\n<p>&nbsp;<\/p>\n<p><em><strong>Zdob\u0105d\u017a swoje bilety<\/strong><\/em>\u00a0na zwiedzanie Parku Narodowego Los Haitises ze wspania\u0142ym lunchem w Cano Hondo i p\u0142ywaniem w naturalnych \u017ar\u00f3d\u0142ach. Wybierz si\u0119 na wycieczk\u0119 \u0142odzi\u0105 przez bagna namorzynowe, obok staro\u017cytnych jaski\u0144 pirat\u00f3w i do chronionych las\u00f3w w tym malowniczym rezerwacie, zaczynaj\u0105c od obszaru Ca\u00f1o Hondo Hotels lub Sabana de la Mar.<\/p>\n<p>Wycieczka organizowana przez \u201eBooking Adventures\u201d rozpoczyna si\u0119 w miejscu spotkania ustalonym z Przewodnikiem. Przyjd\u017a z Booking Adventures i zacznij odwiedza\u0107 pe\u0142ne ptak\u00f3w namorzyny, pag\u00f3rki poro\u015bni\u0119te bujn\u0105 ro\u015blinno\u015bci\u0105 i jaskinie\u00a0<em><strong>Park Narodowy Los Haitises<\/strong><\/em>. Rejs \u0142odzi\u0105 Wycieczka z rzeki Ca\u00f1o Hondo, Sabana de la Mar.<\/p>\n<p>Przez lasy namorzynowe i l\u0105d w otwartej zatoce San Lorenzo, sk\u0105d mo\u017cna sfotografowa\u0107 surowy krajobraz le\u015bny. Sp\u00f3jrz na wod\u0119, aby znale\u017a\u0107\u00a0<em><strong>Manaty<\/strong><\/em>, skorupiaki i\u00a0<em><strong>delfiny.<\/strong><\/em><\/p>\n<div class=\"body-description secondary\">\n<p>Nazwa parku narodowego pochodzi od jego pierwotnych mieszka\u0144c\u00f3w, Indian Taino. W ich j\u0119zyku \u201eHaitises\u201d oznacza wy\u017cyny lub wzg\u00f3rza, co jest odniesieniem do stromych formacji geologicznych wybrze\u017ca z wapieniami. Zanurz si\u0119 g\u0142\u0119biej w park, aby odkry\u0107 jaskinie, takie jak\u00a0<em><strong>Cueva de la Arena<\/strong><\/em>\u00a0oraz\u00a0<strong><em>Cueva de la linea.<\/em><\/strong>\u00a0Jaskinie w rezerwacie by\u0142y wykorzystywane jako schronienie przez Indian Taino, a p\u00f3\u017aniej przez ukrywaj\u0105cych si\u0119 pirat\u00f3w. Poszukaj rysunk\u00f3w Indian, kt\u00f3re zdobi\u0105 niekt\u00f3re \u015bciany. Po zwiedzeniu Parku Narodowego Los Haitises udamy si\u0119 do Ca\u00f1o Hondo. W Ca\u00f1o Hondo poznanie historii tego ecolodge i lunch z typowym jedzeniem ze spo\u0142eczno\u015bci Sabana de la Mar.<\/p>\n<p>Lunch b\u0119dzie pyszny, ale jeszcze nie sko\u0144czyli\u015bmy. Po obiedzie pop\u0142yniemy w naturalnym \u017ar\u00f3dle od rzeki Jibales, wieloletniej rzeki do rzeki Ca\u00f1o Hondo. Pobyt w Ca\u00f1o Hondo do 18:00, je\u015bli chcesz lub mniej.<\/p>\n<\/div>\n<p>W Basenach Natural Spring mo\u017cesz przebywa\u0107 tak d\u0142ugo, jak chcesz p\u0142ywa\u0107 i w\u0119drowa\u0107. Je\u015bli jeste\u015b weganinem, mo\u017cemy r\u00f3wnie\u017c przygotowa\u0107 dla ciebie co\u015b do jedzenia.<\/p>\n<p>&nbsp;<\/p>\n<h4><a id=\"what-you-should-bring\" class=\"aal_anchor\" href=\"https:\/\/bookingadventures.com.do\/dominicantour\/los-haitises-national-park-lunch-at-cano-hondo-from-sabana-de-la-mar\/#what-you-should-bring\" aria-hidden=\"true\" rel=\"noopener\"><\/a><em><strong>Co powiniene\u015b ze sob\u0105 zabra\u0107?<\/strong><\/em><\/h4>\n<ul>\n<li>Kamera<\/li>\n<li>Odstraszaj\u0105ce p\u0105ki<\/li>\n<li>krem do opalania<\/li>\n<li>Kapelusz<\/li>\n<li>Wygodne spodnie<\/li>\n<li>Buty turystyczne do lasu<\/li>\n<li>Sanda\u0142y na wiosenne tereny.<\/li>\n<li>Kostium k\u0105pielowy<\/li>\n<\/ul>\n<p>&nbsp;<\/p>\n<h4><a id=\"hotel-pickup\" class=\"aal_anchor\" href=\"https:\/\/bookingadventures.com.do\/dominicantour\/los-haitises-national-park-lunch-at-cano-hondo-from-sabana-de-la-mar\/#hotel-pickup\" aria-hidden=\"true\" rel=\"noopener\"><\/a><b><i>Odbi\u00f3r z hotelu<\/i><\/b><\/h4>\n<p>Odbi\u00f3r z hotelu nie jest oferowany podczas tej wycieczki.<\/p>\n<p>&nbsp;<\/p>\n<p><b>Uwaga:<\/b>\u00a0je\u015bli rezerwujesz w ci\u0105gu 24 godzin przed czasem wyjazdu\/wycieczki, mo\u017cemy zorganizowa\u0107 odbi\u00f3r z hotelu za dodatkow\u0105 op\u0142at\u0105. Po sfinalizowaniu zakupu wy\u015blemy Ci pe\u0142ne dane kontaktowe (numer telefonu, adres e-mail itp.) do naszego lokalnego przewodnika w celu zorganizowania odbioru.<\/p>\n<h4><a id=\"additional-info-confirmation\" class=\"aal_anchor\" href=\"https:\/\/bookingadventures.com.do\/dominicantour\/los-haitises-national-park-lunch-at-cano-hondo-from-sabana-de-la-mar\/#additional-info-confirmation\" aria-hidden=\"true\" rel=\"noopener\"><\/a><b><i>Dodatkowe potwierdzenie informacji<\/i><\/b><\/h4>\n<ol>\n<li>Bilety s\u0105 paragonem po op\u0142aceniu tej wycieczki. Mo\u017cesz pokaza\u0107 p\u0142atno\u015b\u0107 na swoim telefonie.<\/li>\n<li>Miejsce spotkania zostanie odebrane po zako\u0144czeniu procesu rezerwacji.<\/li>\n<li>Dzieciom musi towarzyszy\u0107 osoba doros\u0142a.<\/li>\n<li>Niedost\u0119pny dla w\u00f3zk\u00f3w inwalidzkich<\/li>\n<li>Niemowl\u0119ta musz\u0105 siedzie\u0107 na kolanach<\/li>\n<li>Niezalecane dla podr\u00f3\u017cnych z problemami z plecami<\/li>\n<li>Nie zalecane dla podr\u00f3\u017cuj\u0105cych w ci\u0105\u017cy<\/li>\n<li>\u017badnych problem\u00f3w z sercem ani innych powa\u017cnych schorze\u0144<\/li>\n<li>Wi\u0119kszo\u015b\u0107 podr\u00f3\u017cnych mo\u017ce wzi\u0105\u0107 udzia\u0142<\/li>\n<\/ol>\n<\/div>\n<\/div>\n\n\t\t<\/div>\n\t<\/div>\n<div class=\"vc_empty_space\"   style=\"height: 32px\"><span class=\"vc_empty_space_inner\"><\/span><\/div><\/div><\/div><\/div><\/div><div class=\"wpb_column vc_column_container vc_col-sm-12\"><div class=\"vc_column-inner\"><div class=\"wpb_wrapper\"><\/div><\/div><\/div><div class=\"wpb_column vc_column_container vc_col-sm-12\"><div class=\"vc_column-inner\"><div class=\"wpb_wrapper\"><\/div><\/div><\/div><div class=\"wpb_column vc_column_container vc_col-sm-12\"><div class=\"vc_column-inner\"><div class=\"wpb_wrapper\"><\/div><\/div><\/div>","protected":false},"excerpt":{"rendered":"<p>Wycieczka do Parku Narodowego Los Haitises rozpoczynaj\u0105ca si\u0119 w Sabana de la Mar, wizyta w namorzynach, jaskiniach, piktogramach + lunch w Can\u00f1o Hondo, wycieczki i baseny.<\/p>\n<p>Zorganizuj t\u0119 wycieczk\u0119 szlakiem pieszym i poznaj histori\u0119 Parku Narodowego Los Haitises od mieszka\u0144c\u00f3w.<\/p>\n<p>&nbsp;<\/p>\n<p><strong>Wybierz termin wycieczki:\u00a0<\/strong><\/p>","protected":false},"featured_media":12271,"template":"","meta":[],"product_cat":[254,946,928,933,255],"product_tag":[176,211,210,192,215,214,171,209,212,175,213],"class_list":["post-8856","product","type-product","status-publish","has-post-thumbnail","hentry","product_cat-tours-excursions-los-haitises-national-park","product_cat-1-sabana-de-la-mar","product_cat-boat-trip-los-haitises","product_cat-natural-pools-los-haitises","product_cat-tours-excursions-samana-bay-dominican-republic","product_tag-cano-hondo","product_tag-cano-hondo-hotel","product_tag-cano-hondo-tours","product_tag-day-tour-cano-hondo","product_tag-la-arena-cave","product_tag-line-cave","product_tag-los-haitises","product_tag-los-haitises-national-park","product_tag-mangroves-los-haitises","product_tag-sabana-de-la-mar","product_tag-san-lorenzo-bay"],"_links":{"self":[{"href":"https:\/\/www.boattoursamana.com\/pl\/wp-json\/wp\/v2\/product\/8856","targetHints":{"allow":["GET"]}}],"collection":[{"href":"https:\/\/www.boattoursamana.com\/pl\/wp-json\/wp\/v2\/product"}],"about":[{"href":"https:\/\/www.boattoursamana.com\/pl\/wp-json\/wp\/v2\/types\/product"}],"wp:featuredmedia":[{"embeddable":true,"href":"https:\/\/www.boattoursamana.com\/pl\/wp-json\/wp\/v2\/media\/12271"}],"wp:attachment":[{"href":"https:\/\/www.boattoursamana.com\/pl\/wp-json\/wp\/v2\/media?parent=8856"}],"wp:term":[{"taxonomy":"product_cat","embeddable":true,"href":"https:\/\/www.boattoursamana.com\/pl\/wp-json\/wp\/v2\/product_cat?post=8856"},{"taxonomy":"product_tag","embeddable":true,"href":"https:\/\/www.boattoursamana.com\/pl\/wp-json\/wp\/v2\/product_tag?post=8856"}],"curies":[{"name":"wp","href":"https:\/\/api.w.org\/{rel}","templated":true}]}}